{"id":11913,"date":"2026-01-16T10:00:35","date_gmt":"2026-01-16T10:00:35","guid":{"rendered":"https:\/\/distribution.audio-technica.eu\/ce\/?page_id=11913"},"modified":"2026-01-19T08:37:53","modified_gmt":"2026-01-19T08:37:53","slug":"hallasvedelmi-tajekoztato","status":"publish","type":"page","link":"https:\/\/distribution.audio-technica.eu\/ce\/hallasvedelmi-tajekoztato\/","title":{"rendered":"Hall\u00e1sv\u00e9delmi T\u00e1j\u00e9koztat\u00f3"},"content":{"rendered":"<p><b><span data-contrast=\"none\">Hall\u00e1sv\u00e9delmi t\u00e1j\u00e9koztat\u00f3<\/span><\/b><span data-ccp-props=\"{&quot;335551550&quot;:2,&quot;335551620&quot;:2}\">\u00a0<\/span><\/p>\n<p><span data-contrast=\"none\">\u00d6n egy olyan fej- vagy f\u00fclhallgat\u00f3t v\u00e1s\u00e1rolt, amely sz\u00f3rakoztat\u00f3 c\u00e9lokra k\u00e9sz\u00fclt, de ha nem figyel oda a hanger\u0151re, k\u00e1ros\u00edthatja a hall\u00e1s\u00e1t. K\u00fcl\u00f6n\u00f6sen hosszabb zenehallgat\u00e1s eset\u00e9n aj\u00e1nlott a hanger\u0151 k\u00f6r\u00fcltekint\u0151 megv\u00e1laszt\u00e1sa.<\/span><span data-ccp-props=\"{&quot;335551550&quot;:6,&quot;335551620&quot;:6,&quot;335559731&quot;:180}\">\u00a0<\/span><\/p>\n<p><b><span data-contrast=\"none\">A t\u00fal magas hanger\u0151 visszaford\u00edthatatlan hall\u00e1sk\u00e1rosod\u00e1st okozhat!<\/span><\/b><span data-ccp-props=\"{&quot;335551550&quot;:2,&quot;335551620&quot;:2,&quot;335559731&quot;:180}\">\u00a0<\/span><\/p>\n<p><span data-contrast=\"none\">A term\u00e9k haszn\u00e1latbav\u00e9tele el\u0151tt olvassa el az al\u00e1bbi t\u00e1j\u00e9koztat\u00e1st, amelyb\u0151l megtudhatja, hogyan el\u0151zheti meg a hall\u00e1sk\u00e1rosod\u00e1st, \u00e9s v\u00e9dheti meg hall\u00e1s\u00e1t!<\/span><span data-ccp-props=\"{&quot;335551550&quot;:6,&quot;335551620&quot;:6,&quot;335559731&quot;:180}\">\u00a0<\/span><\/p>\n<ol>\n<li><b><span data-contrast=\"none\"> Mi\u00e9rt fontos a hall\u00e1sv\u00e9delem?<\/span><\/b><\/li>\n<\/ol>\n<p><span data-contrast=\"none\">A f\u00fcl\u00fcnkben tal\u00e1lhat\u00f3 \u00e9rz\u00e9kel\u0151 sejtek seg\u00edts\u00e9g\u00e9vel hallunk. Hosszabb ideig tart\u00f3 er\u0151s hangoknak val\u00f3 kitetts\u00e9g ezeknek az \u00e9rz\u00e9kel\u0151 sejteknek a f\u00e1rad\u00e1s\u00e1t okozza. Ennek eredm\u00e9nye ideiglenes hall\u00e1sk\u00e1rosod\u00e1s vagy f\u00fclz\u00fag\u00e1s. A rendszeres, hangos vagy hosszan tart\u00f3 zaj hat\u00e1s\u00e1ra az \u00e9rz\u00e9kel\u0151 sejtek \u00e9s m\u00e1s strukt\u00far\u00e1k v\u00e9glegesen k\u00e1rosodhatnak, ami visszaford\u00edthatatlan hall\u00e1sk\u00e1rosod\u00e1shoz, f\u00fclz\u00fag\u00e1shoz vagy mindkett\u0151h\u00f6z vezethet. A hangos zaj okozta hall\u00e1sk\u00e1rosod\u00e1st zaj okozta hall\u00e1sk\u00e1rosod\u00e1snak nevezz\u00fck. Ez lehet azonnali (p\u00e9ld\u00e1ul hirtelen hangrobban\u00e1s hat\u00e1s\u00e1ra), azonban gyakoribb, hogy a hall\u00e1sk\u00e1rosod\u00e1s fokozatosan, visszaford\u00edthatatlanul alakul ki, \u00e9s gyakran \u00e9szrev\u00e9tlen marad, vagy figyelmen k\u00edv\u00fcl hagyj\u00e1k, am\u00edg a hat\u00e1sok nyilv\u00e1nval\u00f3bb\u00e1 nem v\u00e1lnak.<\/span><span data-ccp-props=\"{&quot;335551550&quot;:6,&quot;335551620&quot;:6,&quot;335559731&quot;:180}\">\u00a0<\/span><\/p>\n<ol start=\"2\">\n<li><b><span data-contrast=\"none\"> A hall\u00e1sk\u00e1rosod\u00e1s t\u00fcnetei<\/span><\/b><\/li>\n<\/ol>\n<p><span data-contrast=\"none\">A k\u00f6vetkez\u0151 t\u00fcnetek jelentkez\u00e9se eset\u00e9n hall\u00e1sk\u00e1rosod\u00e1s \u00e1llhat fenn, ez\u00e9rt \u00e9rdemes szakemberhez fordulni:<\/span><span data-ccp-props=\"{&quot;335551550&quot;:6,&quot;335551620&quot;:6,&quot;335559731&quot;:180}\">\u00a0<\/span><\/p>\n<p><span data-contrast=\"none\">\u2013 tart\u00f3s f\u00fclz\u00fag\u00e1s, amelyet azonban sz\u00e1mos m\u00e1s eg\u00e9szs\u00e9g\u00fcgyi probl\u00e9ma is okozhat, ez\u00e9rt tart\u00f3s f\u00fclz\u00fag\u00e1s fenn\u00e1ll\u00e1sa eset\u00e9n kiemelten fontos miel\u0151bb orvoshoz fordulni;<\/span><span data-ccp-props=\"{&quot;335551550&quot;:6,&quot;335551620&quot;:6,&quot;335559731&quot;:180}\">\u00a0<\/span><\/p>\n<p><span data-contrast=\"none\">\u2013 neh\u00e9zs\u00e9g a magas hangok (p\u00e9ld\u00e1ul: mad\u00e1rcsicserg\u00e9s, ajt\u00f3cseng\u0151, telefon, \u00e9breszt\u0151\u00f3ra) hall\u00e1s\u00e1ban;<\/span><span data-ccp-props=\"{&quot;335551550&quot;:6,&quot;335551620&quot;:6,&quot;335559731&quot;:180}\">\u00a0<\/span><\/p>\n<p><span data-contrast=\"none\">\u2013 neh\u00e9zs\u00e9g a besz\u00e9d meg\u00e9rt\u00e9s\u00e9ben (p\u00e9ld\u00e1ul: m\u00e1ssalhangz\u00f3k f\u00e9lre\u00e9rt\u00e9se);<\/span><span data-ccp-props=\"{&quot;335551550&quot;:6,&quot;335551620&quot;:6,&quot;335559731&quot;:180}\">\u00a0<\/span><\/p>\n<p><span data-contrast=\"none\">\u2013 neh\u00e9zs\u00e9g a besz\u00e9lget\u00e9sek k\u00f6vet\u00e9s\u00e9ben zajos k\u00f6rnyezetben (p\u00e9ld\u00e1ul \u00e9ttermekben, piacokon vagy t\u00e1rsas \u00f6sszej\u00f6veteleken) vagy telefonon kereszt\u00fcl.<\/span><span data-ccp-props=\"{&quot;335551550&quot;:6,&quot;335551620&quot;:6,&quot;335559731&quot;:180}\">\u00a0<\/span><\/p>\n<ol start=\"3\">\n<li><b><span data-contrast=\"none\"> Hogyan v\u00e9dje hall\u00e1s\u00e1t?<\/span><\/b><\/li>\n<\/ol>\n<p><span data-contrast=\"none\">A zaj okozta hall\u00e1sk\u00e1rosod\u00e1st \u00fagy el\u0151zheti meg, ha korl\u00e1tozza a hangos zajoknak val\u00f3 kitetts\u00e9get.<\/span><span data-ccp-props=\"{&quot;335551550&quot;:6,&quot;335551620&quot;:6,&quot;335559731&quot;:180}\">\u00a0<\/span><\/p>\n<p><span data-contrast=\"none\">A term\u00e9k biztons\u00e1gos haszn\u00e1lata \u00e9rdek\u00e9ben:<\/span><span data-ccp-props=\"{&quot;335551550&quot;:6,&quot;335551620&quot;:6,&quot;335559731&quot;:180}\">\u00a0<\/span><\/p>\n<p><span data-contrast=\"none\">\u2013 tartsa a k\u00e9sz\u00fcl\u00e9k hangerej\u00e9t a maxim\u00e1lis \u00e9rt\u00e9k 60%-a alatt;<\/span><span data-ccp-props=\"{&quot;335551550&quot;:6,&quot;335551620&quot;:6,&quot;335559731&quot;:180}\">\u00a0<\/span><\/p>\n<p><span data-contrast=\"none\">\u2013 zajsz\u0171r\u0151s fejhallgat\u00f3val cs\u00f6kkenthet\u0151 a hanger\u0151 n\u00f6vel\u00e9s\u00e9nek sz\u00fcks\u00e9gess\u00e9ge, k\u00fcl\u00f6n\u00f6sen zajos k\u00f6rnyezetben (p\u00e9ld\u00e1ul t\u00f6megk\u00f6zleked\u00e9si eszk\u00f6z\u00f6k\u00f6n vagy k\u00e1v\u00e9z\u00f3kban);<\/span><span data-ccp-props=\"{&quot;335551550&quot;:6,&quot;335551620&quot;:6,&quot;335559731&quot;:180}\">\u00a0<\/span><\/p>\n<p><span data-contrast=\"none\">\u2013 t\u00f6lts\u00f6n le \u00e9s haszn\u00e1ljon mobiltelefonhoz el\u00e9rhet\u0151 alkalmaz\u00e1sokat, amelyek korl\u00e1tozz\u00e1k a hanger\u0151t \u00e9s figyelik a kock\u00e1zatot;<\/span><span data-ccp-props=\"{&quot;335551550&quot;:6,&quot;335551620&quot;:6,&quot;335559731&quot;:180}\">\u00a0<\/span><\/p>\n<p><span data-contrast=\"none\">\u2013 v\u00e1lasszon olyan eszk\u00f6z\u00f6ket, amelyek el\u0151re be\u00e9p\u00edtett biztons\u00e1gos hallgat\u00e1si funkci\u00f3kkal (p\u00e9ld\u00e1ul hangterhel\u00e9s-figyel\u00e9ssel \u00e9s hanger\u0151-korl\u00e1toz\u00e1ssal) rendelkeznek;<\/span><span data-ccp-props=\"{&quot;335551550&quot;:6,&quot;335551620&quot;:6,&quot;335559731&quot;:180}\">\u00a0<\/span><\/p>\n<p><span data-contrast=\"none\">\u2013 cs\u00f6kkentse a hangos hangok hallgat\u00e1s\u00e1val t\u00f6lt\u00f6tt id\u0151t.<\/span><span data-ccp-props=\"{&quot;335551550&quot;:6,&quot;335551620&quot;:6,&quot;335559731&quot;:180}\">\u00a0<\/span><\/p>\n<ol start=\"4\">\n<li><b><span data-contrast=\"none\"> Biztons\u00e1gos hallgat\u00e1si id\u0151<\/span><\/b><\/li>\n<\/ol>\n<p><span data-contrast=\"none\">A biztons\u00e1gos hallgat\u00e1si id\u0151 hossza a hangintenzit\u00e1s n\u00f6veked\u00e9s\u00e9vel gyorsan cs\u00f6kken.<\/span><span data-ccp-props=\"{&quot;335551550&quot;:6,&quot;335551620&quot;:6,&quot;335559731&quot;:180}\">\u00a0<\/span><\/p>\n<p><span data-contrast=\"none\">\u00cdme egy p\u00e9lda:<\/span><span data-ccp-props=\"{&quot;335551550&quot;:6,&quot;335551620&quot;:6,&quot;335559731&quot;:180}\">\u00a0<\/span><\/p>\n<p><span data-contrast=\"none\">\u00c1tlagosan 80 dB hanger\u0151 eset\u00e9n hetente legfeljebb 40 \u00f3ra hallgat\u00e1si id\u0151 lehet biztons\u00e1gos.<\/span><span data-ccp-props=\"{&quot;335551550&quot;:6,&quot;335551620&quot;:6,&quot;335559731&quot;:180}\">\u00a0<\/span><\/p>\n<p><span data-contrast=\"none\">\u00c1tlagosan 90 dB hanger\u0151 eset\u00e9n hetente m\u00e1r csak legfeljebb 4 \u00f3ra a biztons\u00e1gos hallgat\u00e1si id\u0151.<\/span><span data-ccp-props=\"{&quot;335551550&quot;:6,&quot;335551620&quot;:6,&quot;335559731&quot;:180}\">\u00a0<\/span><\/p>\n<ol start=\"5\">\n<li><b><span data-contrast=\"none\"> Gyermekek \u00e9s fiatalkor\u00faak hall\u00e1sv\u00e9delme<\/span><\/b><\/li>\n<\/ol>\n<p><span data-contrast=\"none\">A gyermekek \u00e9s fiatalok hall\u00e1sa k\u00fcl\u00f6n\u00f6sen \u00e9rz\u00e9keny, \u00e9s sokszor nincsenek tiszt\u00e1ban azzal, hogy a t\u00fal hangos zenehallgat\u00e1s s\u00falyos \u00e9s maradand\u00f3 k\u00f6vetkezm\u00e9nyekkel j\u00e1rhat. A rendszeres, magas hanger\u0151n t\u00f6rt\u00e9n\u0151 fej- vagy f\u00fclhallgat\u00f3-haszn\u00e1lat m\u00e1r fiatal korban is visszaford\u00edthatatlan hall\u00e1sk\u00e1rosod\u00e1shoz vezethet, amely hat\u00e1ssal lehet a tanul\u00e1si k\u00e9pess\u00e9gekre, a besz\u00e9d\u00e9rt\u00e9sre \u00e9s a t\u00e1rsas kapcsolatokra is, ak\u00e1r \u00e9letre sz\u00f3l\u00f3 k\u00f6vetkezm\u00e9nyekkel j\u00e1rhat.<\/span><span data-ccp-props=\"{&quot;335551550&quot;:6,&quot;335551620&quot;:6,&quot;335559731&quot;:180}\">\u00a0<\/span><\/p>\n<ol start=\"6\">\n<li><b><span data-contrast=\"none\"> Hogyan seg\u00edthet\u0151 a gyermekek \u00e9s fiatalkor\u00faak hall\u00e1sv\u00e9delme?<\/span><\/b><\/li>\n<\/ol>\n<p><span data-contrast=\"none\">A megel\u0151z\u00e9s kulcsfontoss\u00e1g\u00fa. Fontos, hogy m\u00e1r gyermekkort\u00f3l kezdve tudatosan alak\u00edtsuk ki a helyes hallgat\u00e1si szok\u00e1sokat.<\/span><span data-ccp-props=\"{&quot;335551550&quot;:6,&quot;335551620&quot;:6,&quot;335559731&quot;:180}\">\u00a0<\/span><\/p>\n<p><span data-contrast=\"none\">A sz\u00fcl\u0151k az al\u00e1bbi m\u00f3dokon t\u00e1mogathatj\u00e1k gyermekeik hall\u00e1sv\u00e9delm\u00e9t:<\/span><span data-ccp-props=\"{&quot;335551550&quot;:6,&quot;335551620&quot;:6,&quot;335559731&quot;:180}\">\u00a0<\/span><\/p>\n<p><span data-contrast=\"none\">\u2013 v\u00e1lasszanak kifejezetten gyermekeknek sz\u00e1nt fej- vagy f\u00fclhallgat\u00f3t, amely be\u00e9p\u00edtett hanger\u0151-korl\u00e1toz\u00e1ssal rendelkezik (p\u00e9ld\u00e1ul legfeljebb 85 dB hanger\u0151);<\/span><span data-ccp-props=\"{&quot;335551550&quot;:6,&quot;335551620&quot;:6,&quot;335559731&quot;:180}\">\u00a0<\/span><\/p>\n<p><span data-contrast=\"none\">\u2013 figyeljenek arra, hogy a gyermekek ne haszn\u00e1lj\u00e1k huzamosabb ideig a fej- vagy f\u00fclhallgat\u00f3t, tartsanak sz\u00fcneteket k\u00f6zben;<\/span><span data-ccp-props=\"{&quot;335551550&quot;:6,&quot;335551620&quot;:6,&quot;335559731&quot;:180}\">\u00a0<\/span><\/p>\n<p><span data-contrast=\"none\">\u2013 besz\u00e9lgessenek a gyermekekkel a hall\u00e1sk\u00e1rosod\u00e1s kock\u00e1zatair\u00f3l, az \u0151 nyelv\u00fck\u00f6n, \u00e9letkoruknak megfelel\u0151en;<\/span><span data-ccp-props=\"{&quot;335551550&quot;:6,&quot;335551620&quot;:6,&quot;335559731&quot;:180}\">\u00a0<\/span><\/p>\n<p><span data-contrast=\"none\">\u2013 figyeljenek a t\u00fcnetekre (p\u00e9ld\u00e1ul, ha a gyermek gyakran k\u00e9ri, hogy ism\u00e9telj\u00e9k meg a neki mondottakat, vagy nehezen k\u00f6veti a besz\u00e9lget\u00e9seket zajos k\u00f6rnyezetben).<\/span><span data-ccp-props=\"{&quot;335551550&quot;:6,&quot;335551620&quot;:6,&quot;335559731&quot;:180}\">\u00a0<\/span><\/p>\n<p><b><span data-contrast=\"none\">Tudatos hallgat\u00e1si szok\u00e1sokkal meg\u00f3vhatja hall\u00e1s\u00e1t eg\u00e9sz \u00e9let\u00e9re!<\/span><\/b><span data-ccp-props=\"{&quot;335551550&quot;:2,&quot;335551620&quot;:2,&quot;335559731&quot;:180}\">\u00a0<\/span><\/p>\n<p><b><span data-contrast=\"none\">A gyermekek \u00e9s fiatalkor\u00faak hall\u00e1sv\u00e9delme k\u00fcl\u00f6n\u00f6s figyelmet ig\u00e9nyel!<\/span><\/b><span data-ccp-props=\"{&quot;335551550&quot;:2,&quot;335551620&quot;:2,&quot;335559731&quot;:180}\">\u00a0<\/span><\/p>\n<p>&nbsp;<\/p>\n<p><a href=\"https:\/\/distribution.audio-technica.eu\/ce\/hearing-protection-information\/\">Find the english version through here<\/a><\/p>\n","protected":false},"excerpt":{"rendered":"<p>Hall\u00e1sv\u00e9delmi t\u00e1j\u00e9koztat\u00f3\u00a0 \u00d6n egy olyan fej- vagy f\u00fclhallgat\u00f3t v\u00e1s\u00e1rolt, amely sz\u00f3rakoztat\u00f3 c\u00e9lokra k\u00e9sz\u00fclt, de ha nem figyel oda a hanger\u0151re, k\u00e1ros\u00edthatja a hall\u00e1s\u00e1t. K\u00fcl\u00f6n\u00f6sen hosszabb zenehallgat\u00e1s eset\u00e9n aj\u00e1nlott a hanger\u0151 k\u00f6r\u00fcltekint\u0151 megv\u00e1laszt\u00e1sa.\u00a0 A t\u00fal magas hanger\u0151 visszaford\u00edthatatlan hall\u00e1sk\u00e1rosod\u00e1st okozhat!\u00a0 A term\u00e9k haszn\u00e1latbav\u00e9tele el\u0151tt olvassa el az al\u00e1bbi t\u00e1j\u00e9koztat\u00e1st, amelyb\u0151l megtudhatja, hogyan el\u0151zheti meg a hall\u00e1sk\u00e1rosod\u00e1st, [&hellip;]<\/p>\n","protected":false},"author":46,"featured_media":0,"parent":0,"menu_order":0,"comment_status":"closed","ping_status":"closed","template":"","meta":{"_acf_changed":false,"footnotes":""},"class_list":["post-11913","page","type-page","status-publish","hentry"],"acf":[],"yoast_head":"<!-- This site is optimized with the Yoast SEO plugin v27.1.1 - https:\/\/yoast.com\/product\/yoast-seo-wordpress\/ -->\n<title>Hall\u00e1sv\u00e9delmi T\u00e1j\u00e9koztat\u00f3 - CE Audio-Technica Distribution<\/title>\n<meta name=\"robots\" content=\"index, follow, max-snippet:-1, max-image-preview:large, max-video-preview:-1\" \/>\n<link rel=\"canonical\" href=\"https:\/\/distribution.audio-technica.eu\/ce\/hallasvedelmi-tajekoztato\/\" \/>\n<meta property=\"og:locale\" content=\"en_GB\" \/>\n<meta property=\"og:type\" content=\"article\" \/>\n<meta property=\"og:title\" content=\"Hall\u00e1sv\u00e9delmi T\u00e1j\u00e9koztat\u00f3 - CE Audio-Technica Distribution\" \/>\n<meta property=\"og:description\" content=\"Hall\u00e1sv\u00e9delmi t\u00e1j\u00e9koztat\u00f3\u00a0 \u00d6n egy olyan fej- vagy f\u00fclhallgat\u00f3t v\u00e1s\u00e1rolt, amely sz\u00f3rakoztat\u00f3 c\u00e9lokra k\u00e9sz\u00fclt, de ha nem figyel oda a hanger\u0151re, k\u00e1ros\u00edthatja a hall\u00e1s\u00e1t. K\u00fcl\u00f6n\u00f6sen hosszabb zenehallgat\u00e1s eset\u00e9n aj\u00e1nlott a hanger\u0151 k\u00f6r\u00fcltekint\u0151 megv\u00e1laszt\u00e1sa.\u00a0 A t\u00fal magas hanger\u0151 visszaford\u00edthatatlan hall\u00e1sk\u00e1rosod\u00e1st okozhat!\u00a0 A term\u00e9k haszn\u00e1latbav\u00e9tele el\u0151tt olvassa el az al\u00e1bbi t\u00e1j\u00e9koztat\u00e1st, amelyb\u0151l megtudhatja, hogyan el\u0151zheti meg a hall\u00e1sk\u00e1rosod\u00e1st, [&hellip;]\" \/>\n<meta property=\"og:url\" content=\"https:\/\/distribution.audio-technica.eu\/ce\/hallasvedelmi-tajekoztato\/\" \/>\n<meta property=\"og:site_name\" content=\"CE Audio-Technica Distribution\" \/>\n<meta property=\"article:publisher\" content=\"https:\/\/www.facebook.com\/AudioTechnicaEU\/\" \/>\n<meta property=\"article:modified_time\" content=\"2026-01-19T08:37:53+00:00\" \/>\n<meta name=\"twitter:card\" content=\"summary_large_image\" \/>\n<meta name=\"twitter:site\" content=\"@AudioTechnicaUK\" \/>\n<meta name=\"twitter:label1\" content=\"Estimated reading time\" \/>\n\t<meta name=\"twitter:data1\" content=\"3 minutes\" \/>\n<script type=\"application\/ld+json\" class=\"yoast-schema-graph\">{\"@context\":\"https:\/\/schema.org\",\"@graph\":[{\"@type\":\"WebPage\",\"@id\":\"https:\/\/distribution.audio-technica.eu\/ce\/hallasvedelmi-tajekoztato\/\",\"url\":\"https:\/\/distribution.audio-technica.eu\/ce\/hallasvedelmi-tajekoztato\/\",\"name\":\"Hall\u00e1sv\u00e9delmi T\u00e1j\u00e9koztat\u00f3 - CE Audio-Technica Distribution\",\"isPartOf\":{\"@id\":\"https:\/\/distribution.audio-technica.eu\/ce\/#website\"},\"datePublished\":\"2026-01-16T10:00:35+00:00\",\"dateModified\":\"2026-01-19T08:37:53+00:00\",\"breadcrumb\":{\"@id\":\"https:\/\/distribution.audio-technica.eu\/ce\/hallasvedelmi-tajekoztato\/#breadcrumb\"},\"inLanguage\":\"en-GB\",\"potentialAction\":[{\"@type\":\"ReadAction\",\"target\":[\"https:\/\/distribution.audio-technica.eu\/ce\/hallasvedelmi-tajekoztato\/\"]}]},{\"@type\":\"BreadcrumbList\",\"@id\":\"https:\/\/distribution.audio-technica.eu\/ce\/hallasvedelmi-tajekoztato\/#breadcrumb\",\"itemListElement\":[{\"@type\":\"ListItem\",\"position\":1,\"name\":\"Home\",\"item\":\"https:\/\/distribution.audio-technica.eu\/ce\/\"},{\"@type\":\"ListItem\",\"position\":2,\"name\":\"Hall\u00e1sv\u00e9delmi T\u00e1j\u00e9koztat\u00f3\"}]},{\"@type\":\"WebSite\",\"@id\":\"https:\/\/distribution.audio-technica.eu\/ce\/#website\",\"url\":\"https:\/\/distribution.audio-technica.eu\/ce\/\",\"name\":\"CE Audio-Technica Distribution\",\"description\":\"\",\"potentialAction\":[{\"@type\":\"SearchAction\",\"target\":{\"@type\":\"EntryPoint\",\"urlTemplate\":\"https:\/\/distribution.audio-technica.eu\/ce\/?s={search_term_string}\"},\"query-input\":{\"@type\":\"PropertyValueSpecification\",\"valueRequired\":true,\"valueName\":\"search_term_string\"}}],\"inLanguage\":\"en-GB\"}]}<\/script>\n<!-- \/ Yoast SEO plugin. -->","yoast_head_json":{"title":"Hall\u00e1sv\u00e9delmi T\u00e1j\u00e9koztat\u00f3 - CE Audio-Technica Distribution","robots":{"index":"index","follow":"follow","max-snippet":"max-snippet:-1","max-image-preview":"max-image-preview:large","max-video-preview":"max-video-preview:-1"},"canonical":"https:\/\/distribution.audio-technica.eu\/ce\/hallasvedelmi-tajekoztato\/","og_locale":"en_GB","og_type":"article","og_title":"Hall\u00e1sv\u00e9delmi T\u00e1j\u00e9koztat\u00f3 - CE Audio-Technica Distribution","og_description":"Hall\u00e1sv\u00e9delmi t\u00e1j\u00e9koztat\u00f3\u00a0 \u00d6n egy olyan fej- vagy f\u00fclhallgat\u00f3t v\u00e1s\u00e1rolt, amely sz\u00f3rakoztat\u00f3 c\u00e9lokra k\u00e9sz\u00fclt, de ha nem figyel oda a hanger\u0151re, k\u00e1ros\u00edthatja a hall\u00e1s\u00e1t. K\u00fcl\u00f6n\u00f6sen hosszabb zenehallgat\u00e1s eset\u00e9n aj\u00e1nlott a hanger\u0151 k\u00f6r\u00fcltekint\u0151 megv\u00e1laszt\u00e1sa.\u00a0 A t\u00fal magas hanger\u0151 visszaford\u00edthatatlan hall\u00e1sk\u00e1rosod\u00e1st okozhat!\u00a0 A term\u00e9k haszn\u00e1latbav\u00e9tele el\u0151tt olvassa el az al\u00e1bbi t\u00e1j\u00e9koztat\u00e1st, amelyb\u0151l megtudhatja, hogyan el\u0151zheti meg a hall\u00e1sk\u00e1rosod\u00e1st, [&hellip;]","og_url":"https:\/\/distribution.audio-technica.eu\/ce\/hallasvedelmi-tajekoztato\/","og_site_name":"CE Audio-Technica Distribution","article_publisher":"https:\/\/www.facebook.com\/AudioTechnicaEU\/","article_modified_time":"2026-01-19T08:37:53+00:00","twitter_card":"summary_large_image","twitter_site":"@AudioTechnicaUK","twitter_misc":{"Estimated reading time":"3 minutes"},"schema":{"@context":"https:\/\/schema.org","@graph":[{"@type":"WebPage","@id":"https:\/\/distribution.audio-technica.eu\/ce\/hallasvedelmi-tajekoztato\/","url":"https:\/\/distribution.audio-technica.eu\/ce\/hallasvedelmi-tajekoztato\/","name":"Hall\u00e1sv\u00e9delmi T\u00e1j\u00e9koztat\u00f3 - CE Audio-Technica Distribution","isPartOf":{"@id":"https:\/\/distribution.audio-technica.eu\/ce\/#website"},"datePublished":"2026-01-16T10:00:35+00:00","dateModified":"2026-01-19T08:37:53+00:00","breadcrumb":{"@id":"https:\/\/distribution.audio-technica.eu\/ce\/hallasvedelmi-tajekoztato\/#breadcrumb"},"inLanguage":"en-GB","potentialAction":[{"@type":"ReadAction","target":["https:\/\/distribution.audio-technica.eu\/ce\/hallasvedelmi-tajekoztato\/"]}]},{"@type":"BreadcrumbList","@id":"https:\/\/distribution.audio-technica.eu\/ce\/hallasvedelmi-tajekoztato\/#breadcrumb","itemListElement":[{"@type":"ListItem","position":1,"name":"Home","item":"https:\/\/distribution.audio-technica.eu\/ce\/"},{"@type":"ListItem","position":2,"name":"Hall\u00e1sv\u00e9delmi T\u00e1j\u00e9koztat\u00f3"}]},{"@type":"WebSite","@id":"https:\/\/distribution.audio-technica.eu\/ce\/#website","url":"https:\/\/distribution.audio-technica.eu\/ce\/","name":"CE Audio-Technica Distribution","description":"","potentialAction":[{"@type":"SearchAction","target":{"@type":"EntryPoint","urlTemplate":"https:\/\/distribution.audio-technica.eu\/ce\/?s={search_term_string}"},"query-input":{"@type":"PropertyValueSpecification","valueRequired":true,"valueName":"search_term_string"}}],"inLanguage":"en-GB"}]}},"_links":{"self":[{"href":"https:\/\/distribution.audio-technica.eu\/ce\/wp-json\/wp\/v2\/pages\/11913","targetHints":{"allow":["GET"]}}],"collection":[{"href":"https:\/\/distribution.audio-technica.eu\/ce\/wp-json\/wp\/v2\/pages"}],"about":[{"href":"https:\/\/distribution.audio-technica.eu\/ce\/wp-json\/wp\/v2\/types\/page"}],"author":[{"embeddable":true,"href":"https:\/\/distribution.audio-technica.eu\/ce\/wp-json\/wp\/v2\/users\/46"}],"replies":[{"embeddable":true,"href":"https:\/\/distribution.audio-technica.eu\/ce\/wp-json\/wp\/v2\/comments?post=11913"}],"version-history":[{"count":4,"href":"https:\/\/distribution.audio-technica.eu\/ce\/wp-json\/wp\/v2\/pages\/11913\/revisions"}],"predecessor-version":[{"id":11923,"href":"https:\/\/distribution.audio-technica.eu\/ce\/wp-json\/wp\/v2\/pages\/11913\/revisions\/11923"}],"wp:attachment":[{"href":"https:\/\/distribution.audio-technica.eu\/ce\/wp-json\/wp\/v2\/media?parent=11913"}],"curies":[{"name":"wp","href":"https:\/\/api.w.org\/{rel}","templated":true}]}}