{"id":11917,"date":"2026-01-16T10:01:59","date_gmt":"2026-01-16T10:01:59","guid":{"rendered":"https:\/\/distribution.audio-technica.eu\/ce\/?page_id=11917"},"modified":"2026-01-16T10:05:28","modified_gmt":"2026-01-16T10:05:28","slug":"hearing-protection-information","status":"publish","type":"page","link":"https:\/\/distribution.audio-technica.eu\/ce\/hearing-protection-information\/","title":{"rendered":"Hearing Protection Information"},"content":{"rendered":"<p><span data-contrast=\"none\">You have purchased headphones or earphones designed for entertainment purposes. However, improper use\u2014especially excessive volume\u2014may damage your hearing. Careful volume selection is strongly recommended, particularly during prolonged listening.<\/span><span data-ccp-props=\"{&quot;201341983&quot;:2,&quot;335559738&quot;:225,&quot;335559739&quot;:225,&quot;335559740&quot;:360}\">\u00a0<\/span><\/p>\n<p><b><span data-contrast=\"none\">Excessive volume can cause irreversible hearing damage!<\/span><\/b><span data-ccp-props=\"{&quot;201341983&quot;:2,&quot;335559738&quot;:225,&quot;335559739&quot;:225,&quot;335559740&quot;:360}\">\u00a0<\/span><\/p>\n<p><span data-contrast=\"none\">Before using the product, please read the information below to learn how to prevent hearing damage and protect your hearing.<\/span><span data-ccp-props=\"{&quot;201341983&quot;:2,&quot;335559738&quot;:225,&quot;335559739&quot;:225,&quot;335559740&quot;:360}\">\u00a0<\/span><\/p>\n<p><span data-ccp-props=\"{}\">\u00a0<\/span><\/p>\n<ol>\n<li><b><span data-contrast=\"none\"> Why Is Hearing Protection Important?<\/span><\/b><\/li>\n<\/ol>\n<p><span data-contrast=\"none\">We hear through sensory cells located in the inner ear. Prolonged exposure to loud sounds can fatigue these sensory cells, which may result in temporary hearing loss or ringing in the ears (tinnitus). Repeated or long-term exposure to loud noise can permanently damage these cells and other structures, leading to irreversible hearing loss, tinnitus, or both.<\/span><span data-ccp-props=\"{&quot;201341983&quot;:2,&quot;335559738&quot;:225,&quot;335559739&quot;:225,&quot;335559740&quot;:360}\">\u00a0<\/span><\/p>\n<p><span data-contrast=\"none\">Hearing damage caused by loud noise is referred to as noise-induced hearing loss. This damage can occur suddenly (for example, due to a sudden loud explosion), but more commonly it develops gradually and irreversibly. It often goes unnoticed or is ignored until the effects become more obvious.<\/span><span data-ccp-props=\"{&quot;201341983&quot;:2,&quot;335559738&quot;:225,&quot;335559739&quot;:225,&quot;335559740&quot;:360}\">\u00a0<\/span><\/p>\n<p><span data-ccp-props=\"{}\">\u00a0<\/span><\/p>\n<ol start=\"2\">\n<li><b><span data-contrast=\"none\"> Symptoms of Hearing Damage<\/span><\/b><\/li>\n<\/ol>\n<p><span data-contrast=\"none\">If you experience any of the following symptoms, hearing damage may be present and you should consider consulting a specialist:<\/span><span data-ccp-props=\"{&quot;201341983&quot;:2,&quot;335559738&quot;:225,&quot;335559739&quot;:225,&quot;335559740&quot;:360}\">\u00a0<\/span><\/p>\n<ul>\n<li data-leveltext=\"\uf0b7\" data-font=\"Symbol\" data-listid=\"1\" data-list-defn-props=\"{&quot;335552541&quot;:1,&quot;335559685&quot;:720,&quot;335559991&quot;:360,&quot;469769226&quot;:&quot;Symbol&quot;,&quot;469769242&quot;:[8226],&quot;469777803&quot;:&quot;left&quot;,&quot;469777804&quot;:&quot;\uf0b7&quot;,&quot;469777815&quot;:&quot;multilevel&quot;}\" data-aria-posinset=\"1\" data-aria-level=\"1\"><span data-contrast=\"none\">persistent ringing in the ears (tinnitus); since tinnitus may have multiple causes, it is especially important to seek medical advice if it persists;<\/span><span data-ccp-props=\"{&quot;201341983&quot;:2,&quot;335559740&quot;:360}\">\u00a0<\/span><\/li>\n<\/ul>\n<ul>\n<li data-leveltext=\"\uf0b7\" data-font=\"Symbol\" data-listid=\"1\" data-list-defn-props=\"{&quot;335552541&quot;:1,&quot;335559685&quot;:720,&quot;335559991&quot;:360,&quot;469769226&quot;:&quot;Symbol&quot;,&quot;469769242&quot;:[8226],&quot;469777803&quot;:&quot;left&quot;,&quot;469777804&quot;:&quot;\uf0b7&quot;,&quot;469777815&quot;:&quot;multilevel&quot;}\" data-aria-posinset=\"2\" data-aria-level=\"1\"><span data-contrast=\"none\">difficulty hearing high-pitched sounds (e.g. birdsong, doorbells, phones, alarm clocks);<\/span><span data-ccp-props=\"{&quot;201341983&quot;:2,&quot;335559740&quot;:360}\">\u00a0<\/span><\/li>\n<\/ul>\n<ul>\n<li data-leveltext=\"\uf0b7\" data-font=\"Symbol\" data-listid=\"1\" data-list-defn-props=\"{&quot;335552541&quot;:1,&quot;335559685&quot;:720,&quot;335559991&quot;:360,&quot;469769226&quot;:&quot;Symbol&quot;,&quot;469769242&quot;:[8226],&quot;469777803&quot;:&quot;left&quot;,&quot;469777804&quot;:&quot;\uf0b7&quot;,&quot;469777815&quot;:&quot;multilevel&quot;}\" data-aria-posinset=\"3\" data-aria-level=\"1\"><span data-contrast=\"none\">difficulty understanding speech (e.g. misunderstanding consonants);<\/span><span data-ccp-props=\"{&quot;201341983&quot;:2,&quot;335559740&quot;:360}\">\u00a0<\/span><\/li>\n<\/ul>\n<ul>\n<li data-leveltext=\"\uf0b7\" data-font=\"Symbol\" data-listid=\"1\" data-list-defn-props=\"{&quot;335552541&quot;:1,&quot;335559685&quot;:720,&quot;335559991&quot;:360,&quot;469769226&quot;:&quot;Symbol&quot;,&quot;469769242&quot;:[8226],&quot;469777803&quot;:&quot;left&quot;,&quot;469777804&quot;:&quot;\uf0b7&quot;,&quot;469777815&quot;:&quot;multilevel&quot;}\" data-aria-posinset=\"4\" data-aria-level=\"1\"><span data-contrast=\"none\">difficulty following conversations in noisy environments (such as restaurants, markets, or social gatherings) or over the phone.<\/span><span data-ccp-props=\"{&quot;201341983&quot;:2,&quot;335559740&quot;:360}\">\u00a0<\/span><\/li>\n<\/ul>\n<p><span data-ccp-props=\"{}\">\u00a0<\/span><\/p>\n<ol start=\"3\">\n<li><b><span data-contrast=\"none\"> How to Protect Your Hearing<\/span><\/b><\/li>\n<\/ol>\n<p><span data-contrast=\"none\">Noise-induced hearing loss can be prevented by limiting exposure to loud sounds.<\/span><span data-ccp-props=\"{&quot;201341983&quot;:2,&quot;335559738&quot;:225,&quot;335559739&quot;:225,&quot;335559740&quot;:360}\">\u00a0<\/span><\/p>\n<p><span data-contrast=\"none\">For safe use of the product:<\/span><span data-ccp-props=\"{&quot;201341983&quot;:2,&quot;335559738&quot;:225,&quot;335559739&quot;:225,&quot;335559740&quot;:360}\">\u00a0<\/span><\/p>\n<ul>\n<li data-leveltext=\"\uf0b7\" data-font=\"Symbol\" data-listid=\"2\" data-list-defn-props=\"{&quot;335552541&quot;:1,&quot;335559685&quot;:720,&quot;335559991&quot;:360,&quot;469769226&quot;:&quot;Symbol&quot;,&quot;469769242&quot;:[8226],&quot;469777803&quot;:&quot;left&quot;,&quot;469777804&quot;:&quot;\uf0b7&quot;,&quot;469777815&quot;:&quot;multilevel&quot;}\" data-aria-posinset=\"1\" data-aria-level=\"1\"><span data-contrast=\"none\">keep the volume below 60% of the maximum level;<\/span><span data-ccp-props=\"{&quot;201341983&quot;:2,&quot;335559740&quot;:360}\">\u00a0<\/span><\/li>\n<\/ul>\n<ul>\n<li data-leveltext=\"\uf0b7\" data-font=\"Symbol\" data-listid=\"2\" data-list-defn-props=\"{&quot;335552541&quot;:1,&quot;335559685&quot;:720,&quot;335559991&quot;:360,&quot;469769226&quot;:&quot;Symbol&quot;,&quot;469769242&quot;:[8226],&quot;469777803&quot;:&quot;left&quot;,&quot;469777804&quot;:&quot;\uf0b7&quot;,&quot;469777815&quot;:&quot;multilevel&quot;}\" data-aria-posinset=\"2\" data-aria-level=\"1\"><span data-contrast=\"none\">using noise-cancelling headphones can reduce the need to increase volume, especially in noisy environments (e.g. public transport or caf\u00e9s);<\/span><span data-ccp-props=\"{&quot;201341983&quot;:2,&quot;335559740&quot;:360}\">\u00a0<\/span><\/li>\n<\/ul>\n<ul>\n<li data-leveltext=\"\uf0b7\" data-font=\"Symbol\" data-listid=\"2\" data-list-defn-props=\"{&quot;335552541&quot;:1,&quot;335559685&quot;:720,&quot;335559991&quot;:360,&quot;469769226&quot;:&quot;Symbol&quot;,&quot;469769242&quot;:[8226],&quot;469777803&quot;:&quot;left&quot;,&quot;469777804&quot;:&quot;\uf0b7&quot;,&quot;469777815&quot;:&quot;multilevel&quot;}\" data-aria-posinset=\"3\" data-aria-level=\"1\"><span data-contrast=\"none\">download and use mobile applications that limit volume levels and monitor listening risks;<\/span><span data-ccp-props=\"{&quot;201341983&quot;:2,&quot;335559740&quot;:360}\">\u00a0<\/span><\/li>\n<\/ul>\n<ul>\n<li data-leveltext=\"\uf0b7\" data-font=\"Symbol\" data-listid=\"2\" data-list-defn-props=\"{&quot;335552541&quot;:1,&quot;335559685&quot;:720,&quot;335559991&quot;:360,&quot;469769226&quot;:&quot;Symbol&quot;,&quot;469769242&quot;:[8226],&quot;469777803&quot;:&quot;left&quot;,&quot;469777804&quot;:&quot;\uf0b7&quot;,&quot;469777815&quot;:&quot;multilevel&quot;}\" data-aria-posinset=\"4\" data-aria-level=\"1\"><span data-contrast=\"none\">choose devices with built-in safe listening features (such as sound exposure monitoring and volume limiting);<\/span><span data-ccp-props=\"{&quot;201341983&quot;:2,&quot;335559740&quot;:360}\">\u00a0<\/span><\/li>\n<\/ul>\n<ul>\n<li data-leveltext=\"\uf0b7\" data-font=\"Symbol\" data-listid=\"2\" data-list-defn-props=\"{&quot;335552541&quot;:1,&quot;335559685&quot;:720,&quot;335559991&quot;:360,&quot;469769226&quot;:&quot;Symbol&quot;,&quot;469769242&quot;:[8226],&quot;469777803&quot;:&quot;left&quot;,&quot;469777804&quot;:&quot;\uf0b7&quot;,&quot;469777815&quot;:&quot;multilevel&quot;}\" data-aria-posinset=\"5\" data-aria-level=\"1\"><span data-contrast=\"none\">reduce the amount of time spent listening to loud sounds.<\/span><span data-ccp-props=\"{&quot;201341983&quot;:2,&quot;335559740&quot;:360}\">\u00a0<\/span><\/li>\n<\/ul>\n<p><span data-ccp-props=\"{}\">\u00a0<\/span><\/p>\n<ol start=\"4\">\n<li><b><span data-contrast=\"none\"> Safe Listening Time<\/span><\/b><\/li>\n<\/ol>\n<p><span data-contrast=\"none\">Safe listening time decreases rapidly as sound intensity increases.<\/span><span data-ccp-props=\"{&quot;201341983&quot;:2,&quot;335559738&quot;:225,&quot;335559739&quot;:225,&quot;335559740&quot;:360}\">\u00a0<\/span><\/p>\n<p><span data-contrast=\"none\">For example:<\/span><span data-ccp-props=\"{&quot;201341983&quot;:2,&quot;335559738&quot;:225,&quot;335559739&quot;:225,&quot;335559740&quot;:360}\">\u00a0<\/span><\/p>\n<ul>\n<li data-leveltext=\"\uf0b7\" data-font=\"Symbol\" data-listid=\"3\" data-list-defn-props=\"{&quot;335552541&quot;:1,&quot;335559685&quot;:720,&quot;335559991&quot;:360,&quot;469769226&quot;:&quot;Symbol&quot;,&quot;469769242&quot;:[8226],&quot;469777803&quot;:&quot;left&quot;,&quot;469777804&quot;:&quot;\uf0b7&quot;,&quot;469777815&quot;:&quot;multilevel&quot;}\" data-aria-posinset=\"1\" data-aria-level=\"1\"><span data-contrast=\"none\">at an average volume of 80 dB, up to 40 hours of listening per week may be considered safe;<\/span><span data-ccp-props=\"{&quot;201341983&quot;:2,&quot;335559740&quot;:360}\">\u00a0<\/span><\/li>\n<\/ul>\n<ul>\n<li data-leveltext=\"\uf0b7\" data-font=\"Symbol\" data-listid=\"3\" data-list-defn-props=\"{&quot;335552541&quot;:1,&quot;335559685&quot;:720,&quot;335559991&quot;:360,&quot;469769226&quot;:&quot;Symbol&quot;,&quot;469769242&quot;:[8226],&quot;469777803&quot;:&quot;left&quot;,&quot;469777804&quot;:&quot;\uf0b7&quot;,&quot;469777815&quot;:&quot;multilevel&quot;}\" data-aria-posinset=\"2\" data-aria-level=\"1\"><span data-contrast=\"none\">at an average volume of 90 dB, the safe listening time is reduced to a maximum of 4 hours per week.<\/span><span data-ccp-props=\"{&quot;201341983&quot;:2,&quot;335559740&quot;:360}\">\u00a0<\/span><\/li>\n<\/ul>\n<p><span data-ccp-props=\"{}\">\u00a0<\/span><\/p>\n<ol start=\"5\">\n<li><b><span data-contrast=\"none\"> Hearing Protection for Children and Young People<\/span><\/b><\/li>\n<\/ol>\n<p><span data-contrast=\"none\">Children\u2019s and young people\u2019s hearing is particularly sensitive, and they are often unaware that listening to music at excessive volume can have serious and permanent consequences. Regular use of headphones or earphones at high volume can cause irreversible hearing damage even at a young age, potentially affecting learning abilities, speech comprehension, and social interactions, with lifelong consequences.<\/span><span data-ccp-props=\"{&quot;201341983&quot;:2,&quot;335559738&quot;:225,&quot;335559739&quot;:225,&quot;335559740&quot;:360}\">\u00a0<\/span><\/p>\n<p><span data-ccp-props=\"{}\">\u00a0<\/span><\/p>\n<ol start=\"6\">\n<li><b><span data-contrast=\"none\"> How Can Hearing Protection for Children and Young People Be Supported?<\/span><\/b><\/li>\n<\/ol>\n<p><span data-contrast=\"none\">Prevention is key. It is important to consciously establish healthy listening habits from an early age.<\/span><span data-ccp-props=\"{&quot;201341983&quot;:2,&quot;335559738&quot;:225,&quot;335559739&quot;:225,&quot;335559740&quot;:360}\">\u00a0<\/span><\/p>\n<p><span data-contrast=\"none\">Parents can support their children\u2019s hearing protection in the following ways:<\/span><span data-ccp-props=\"{&quot;201341983&quot;:2,&quot;335559738&quot;:225,&quot;335559739&quot;:225,&quot;335559740&quot;:360}\">\u00a0<\/span><\/p>\n<ul>\n<li data-leveltext=\"\uf0b7\" data-font=\"Symbol\" data-listid=\"4\" data-list-defn-props=\"{&quot;335552541&quot;:1,&quot;335559685&quot;:720,&quot;335559991&quot;:360,&quot;469769226&quot;:&quot;Symbol&quot;,&quot;469769242&quot;:[8226],&quot;469777803&quot;:&quot;left&quot;,&quot;469777804&quot;:&quot;\uf0b7&quot;,&quot;469777815&quot;:&quot;multilevel&quot;}\" data-aria-posinset=\"1\" data-aria-level=\"1\"><span data-contrast=\"none\">choose headphones or earphones specifically designed for children, with built-in volume limiting (e.g. maximum 85 dB);<\/span><span data-ccp-props=\"{&quot;201341983&quot;:2,&quot;335559740&quot;:360}\">\u00a0<\/span><\/li>\n<\/ul>\n<ul>\n<li data-leveltext=\"\uf0b7\" data-font=\"Symbol\" data-listid=\"4\" data-list-defn-props=\"{&quot;335552541&quot;:1,&quot;335559685&quot;:720,&quot;335559991&quot;:360,&quot;469769226&quot;:&quot;Symbol&quot;,&quot;469769242&quot;:[8226],&quot;469777803&quot;:&quot;left&quot;,&quot;469777804&quot;:&quot;\uf0b7&quot;,&quot;469777815&quot;:&quot;multilevel&quot;}\" data-aria-posinset=\"2\" data-aria-level=\"1\"><span data-contrast=\"none\">ensure that children do not use headphones or earphones for extended periods and encourage regular breaks;<\/span><span data-ccp-props=\"{&quot;201341983&quot;:2,&quot;335559740&quot;:360}\">\u00a0<\/span><\/li>\n<\/ul>\n<ul>\n<li data-leveltext=\"\uf0b7\" data-font=\"Symbol\" data-listid=\"4\" data-list-defn-props=\"{&quot;335552541&quot;:1,&quot;335559685&quot;:720,&quot;335559991&quot;:360,&quot;469769226&quot;:&quot;Symbol&quot;,&quot;469769242&quot;:[8226],&quot;469777803&quot;:&quot;left&quot;,&quot;469777804&quot;:&quot;\uf0b7&quot;,&quot;469777815&quot;:&quot;multilevel&quot;}\" data-aria-posinset=\"3\" data-aria-level=\"1\"><span data-contrast=\"none\">talk to children about the risks of hearing damage in a way that is appropriate for their age and understanding;<\/span><span data-ccp-props=\"{&quot;201341983&quot;:2,&quot;335559740&quot;:360}\">\u00a0<\/span><\/li>\n<\/ul>\n<ul>\n<li data-leveltext=\"\uf0b7\" data-font=\"Symbol\" data-listid=\"4\" data-list-defn-props=\"{&quot;335552541&quot;:1,&quot;335559685&quot;:720,&quot;335559991&quot;:360,&quot;469769226&quot;:&quot;Symbol&quot;,&quot;469769242&quot;:[8226],&quot;469777803&quot;:&quot;left&quot;,&quot;469777804&quot;:&quot;\uf0b7&quot;,&quot;469777815&quot;:&quot;multilevel&quot;}\" data-aria-posinset=\"4\" data-aria-level=\"1\"><span data-contrast=\"none\">watch for symptoms (e.g. if the child frequently asks for things to be repeated or has difficulty following conversations in noisy environments).<\/span><span data-ccp-props=\"{&quot;201341983&quot;:2,&quot;335559740&quot;:360}\">\u00a0<\/span><\/li>\n<\/ul>\n<p><span data-ccp-props=\"{}\">\u00a0<\/span><\/p>\n<p><b><span data-contrast=\"none\">With conscious listening habits, you can protect your hearing for a lifetime!<\/span><\/b><span data-ccp-props=\"{&quot;201341983&quot;:2,&quot;335559738&quot;:225,&quot;335559739&quot;:225,&quot;335559740&quot;:360}\">\u00a0<\/span><\/p>\n<p><b><span data-contrast=\"none\">The hearing protection of children and young people requires special attention.<\/span><\/b><span data-ccp-props=\"{&quot;201341983&quot;:2,&quot;335559738&quot;:225,&quot;335559740&quot;:360}\">\u00a0<\/span><\/p>\n<p>&nbsp;<\/p>\n<p><a href=\"https:\/\/distribution.audio-technica.eu\/ce\/hallasvedelmi-tajekoztato\/\">A magyar ford\u00edt\u00e1st ezen a linken megtal\u00e1lja<\/a><\/p>\n","protected":false},"excerpt":{"rendered":"<p>You have purchased headphones or earphones designed for entertainment purposes. However, improper use\u2014especially excessive volume\u2014may damage your hearing. Careful volume selection is strongly recommended, particularly during prolonged listening.\u00a0 Excessive volume can cause irreversible hearing damage!\u00a0 Before using the product, please read the information below to learn how to prevent hearing damage and protect your hearing.\u00a0 [&hellip;]<\/p>\n","protected":false},"author":46,"featured_media":0,"parent":0,"menu_order":0,"comment_status":"closed","ping_status":"closed","template":"","meta":{"_acf_changed":false,"footnotes":""},"class_list":["post-11917","page","type-page","status-publish","hentry"],"acf":[],"yoast_head":"<!-- This site is optimized with the Yoast SEO plugin v27.1.1 - https:\/\/yoast.com\/product\/yoast-seo-wordpress\/ -->\n<title>Hearing Protection Information - CE Audio-Technica Distribution<\/title>\n<meta name=\"robots\" content=\"index, follow, max-snippet:-1, max-image-preview:large, max-video-preview:-1\" \/>\n<link rel=\"canonical\" href=\"https:\/\/distribution.audio-technica.eu\/ce\/hearing-protection-information\/\" \/>\n<meta property=\"og:locale\" content=\"en_GB\" \/>\n<meta property=\"og:type\" content=\"article\" \/>\n<meta property=\"og:title\" content=\"Hearing Protection Information - CE Audio-Technica Distribution\" \/>\n<meta property=\"og:description\" content=\"You have purchased headphones or earphones designed for entertainment purposes. However, improper use\u2014especially excessive volume\u2014may damage your hearing. Careful volume selection is strongly recommended, particularly during prolonged listening.\u00a0 Excessive volume can cause irreversible hearing damage!\u00a0 Before using the product, please read the information below to learn how to prevent hearing damage and protect your hearing.\u00a0 [&hellip;]\" \/>\n<meta property=\"og:url\" content=\"https:\/\/distribution.audio-technica.eu\/ce\/hearing-protection-information\/\" \/>\n<meta property=\"og:site_name\" content=\"CE Audio-Technica Distribution\" \/>\n<meta property=\"article:publisher\" content=\"https:\/\/www.facebook.com\/AudioTechnicaEU\/\" \/>\n<meta property=\"article:modified_time\" content=\"2026-01-16T10:05:28+00:00\" \/>\n<meta name=\"twitter:card\" content=\"summary_large_image\" \/>\n<meta name=\"twitter:site\" content=\"@AudioTechnicaUK\" \/>\n<meta name=\"twitter:label1\" content=\"Estimated reading time\" \/>\n\t<meta name=\"twitter:data1\" content=\"3 minutes\" \/>\n<script type=\"application\/ld+json\" class=\"yoast-schema-graph\">{\"@context\":\"https:\/\/schema.org\",\"@graph\":[{\"@type\":\"WebPage\",\"@id\":\"https:\/\/distribution.audio-technica.eu\/ce\/hearing-protection-information\/\",\"url\":\"https:\/\/distribution.audio-technica.eu\/ce\/hearing-protection-information\/\",\"name\":\"Hearing Protection Information - CE Audio-Technica Distribution\",\"isPartOf\":{\"@id\":\"https:\/\/distribution.audio-technica.eu\/ce\/#website\"},\"datePublished\":\"2026-01-16T10:01:59+00:00\",\"dateModified\":\"2026-01-16T10:05:28+00:00\",\"breadcrumb\":{\"@id\":\"https:\/\/distribution.audio-technica.eu\/ce\/hearing-protection-information\/#breadcrumb\"},\"inLanguage\":\"en-GB\",\"potentialAction\":[{\"@type\":\"ReadAction\",\"target\":[\"https:\/\/distribution.audio-technica.eu\/ce\/hearing-protection-information\/\"]}]},{\"@type\":\"BreadcrumbList\",\"@id\":\"https:\/\/distribution.audio-technica.eu\/ce\/hearing-protection-information\/#breadcrumb\",\"itemListElement\":[{\"@type\":\"ListItem\",\"position\":1,\"name\":\"Home\",\"item\":\"https:\/\/distribution.audio-technica.eu\/ce\/\"},{\"@type\":\"ListItem\",\"position\":2,\"name\":\"Hearing Protection Information\"}]},{\"@type\":\"WebSite\",\"@id\":\"https:\/\/distribution.audio-technica.eu\/ce\/#website\",\"url\":\"https:\/\/distribution.audio-technica.eu\/ce\/\",\"name\":\"CE Audio-Technica Distribution\",\"description\":\"\",\"potentialAction\":[{\"@type\":\"SearchAction\",\"target\":{\"@type\":\"EntryPoint\",\"urlTemplate\":\"https:\/\/distribution.audio-technica.eu\/ce\/?s={search_term_string}\"},\"query-input\":{\"@type\":\"PropertyValueSpecification\",\"valueRequired\":true,\"valueName\":\"search_term_string\"}}],\"inLanguage\":\"en-GB\"}]}<\/script>\n<!-- \/ Yoast SEO plugin. -->","yoast_head_json":{"title":"Hearing Protection Information - CE Audio-Technica Distribution","robots":{"index":"index","follow":"follow","max-snippet":"max-snippet:-1","max-image-preview":"max-image-preview:large","max-video-preview":"max-video-preview:-1"},"canonical":"https:\/\/distribution.audio-technica.eu\/ce\/hearing-protection-information\/","og_locale":"en_GB","og_type":"article","og_title":"Hearing Protection Information - CE Audio-Technica Distribution","og_description":"You have purchased headphones or earphones designed for entertainment purposes. However, improper use\u2014especially excessive volume\u2014may damage your hearing. Careful volume selection is strongly recommended, particularly during prolonged listening.\u00a0 Excessive volume can cause irreversible hearing damage!\u00a0 Before using the product, please read the information below to learn how to prevent hearing damage and protect your hearing.\u00a0 [&hellip;]","og_url":"https:\/\/distribution.audio-technica.eu\/ce\/hearing-protection-information\/","og_site_name":"CE Audio-Technica Distribution","article_publisher":"https:\/\/www.facebook.com\/AudioTechnicaEU\/","article_modified_time":"2026-01-16T10:05:28+00:00","twitter_card":"summary_large_image","twitter_site":"@AudioTechnicaUK","twitter_misc":{"Estimated reading time":"3 minutes"},"schema":{"@context":"https:\/\/schema.org","@graph":[{"@type":"WebPage","@id":"https:\/\/distribution.audio-technica.eu\/ce\/hearing-protection-information\/","url":"https:\/\/distribution.audio-technica.eu\/ce\/hearing-protection-information\/","name":"Hearing Protection Information - CE Audio-Technica Distribution","isPartOf":{"@id":"https:\/\/distribution.audio-technica.eu\/ce\/#website"},"datePublished":"2026-01-16T10:01:59+00:00","dateModified":"2026-01-16T10:05:28+00:00","breadcrumb":{"@id":"https:\/\/distribution.audio-technica.eu\/ce\/hearing-protection-information\/#breadcrumb"},"inLanguage":"en-GB","potentialAction":[{"@type":"ReadAction","target":["https:\/\/distribution.audio-technica.eu\/ce\/hearing-protection-information\/"]}]},{"@type":"BreadcrumbList","@id":"https:\/\/distribution.audio-technica.eu\/ce\/hearing-protection-information\/#breadcrumb","itemListElement":[{"@type":"ListItem","position":1,"name":"Home","item":"https:\/\/distribution.audio-technica.eu\/ce\/"},{"@type":"ListItem","position":2,"name":"Hearing Protection Information"}]},{"@type":"WebSite","@id":"https:\/\/distribution.audio-technica.eu\/ce\/#website","url":"https:\/\/distribution.audio-technica.eu\/ce\/","name":"CE Audio-Technica Distribution","description":"","potentialAction":[{"@type":"SearchAction","target":{"@type":"EntryPoint","urlTemplate":"https:\/\/distribution.audio-technica.eu\/ce\/?s={search_term_string}"},"query-input":{"@type":"PropertyValueSpecification","valueRequired":true,"valueName":"search_term_string"}}],"inLanguage":"en-GB"}]}},"_links":{"self":[{"href":"https:\/\/distribution.audio-technica.eu\/ce\/wp-json\/wp\/v2\/pages\/11917","targetHints":{"allow":["GET"]}}],"collection":[{"href":"https:\/\/distribution.audio-technica.eu\/ce\/wp-json\/wp\/v2\/pages"}],"about":[{"href":"https:\/\/distribution.audio-technica.eu\/ce\/wp-json\/wp\/v2\/types\/page"}],"author":[{"embeddable":true,"href":"https:\/\/distribution.audio-technica.eu\/ce\/wp-json\/wp\/v2\/users\/46"}],"replies":[{"embeddable":true,"href":"https:\/\/distribution.audio-technica.eu\/ce\/wp-json\/wp\/v2\/comments?post=11917"}],"version-history":[{"count":3,"href":"https:\/\/distribution.audio-technica.eu\/ce\/wp-json\/wp\/v2\/pages\/11917\/revisions"}],"predecessor-version":[{"id":11921,"href":"https:\/\/distribution.audio-technica.eu\/ce\/wp-json\/wp\/v2\/pages\/11917\/revisions\/11921"}],"wp:attachment":[{"href":"https:\/\/distribution.audio-technica.eu\/ce\/wp-json\/wp\/v2\/media?parent=11917"}],"curies":[{"name":"wp","href":"https:\/\/api.w.org\/{rel}","templated":true}]}}