{"id":21584,"date":"2026-02-19T16:27:24","date_gmt":"2026-02-19T16:27:24","guid":{"rendered":"https:\/\/distribution.audio-technica.eu\/de-de\/?post_type=product&#038;p=21584"},"modified":"2026-03-16T12:12:52","modified_gmt":"2026-03-16T12:12:52","slug":"dlive-cti1500","status":"publish","type":"product","link":"https:\/\/distribution.audio-technica.eu\/de-de\/produkt\/dlive-cti1500\/","title":{"rendered":"dLive CTi1500"},"content":{"rendered":"<p><span data-contrast=\"auto\">Seit ihrer Erstvorstellung hat sich die C1500-Konsole zu einer festen Gr\u00f6\u00dfe f\u00fcr kleinere Touring-Eins\u00e4tze entwickelt, insbesondere auf Flugstrecken, in Tourbussen oder f\u00fcr Support-Acts \u2013 und alle anderen Anwendungen, bei denen Gr\u00f6\u00dfe und Gewicht sorgf\u00e4ltig gegen die Audioanforderungen abgewogen werden m\u00fcssen.<\/span><span data-ccp-props=\"{}\">\u00a0<\/span><\/p>\n<p><span data-contrast=\"auto\">Die CTi1500 f\u00fchrt dieses kompromisslos kompakte Konzept noch weiter. Ziel unseres Engineering-Teams war eine Konsole unter 23 kg inklusive Flightcase. So entstand nach einigen Jahren Entwicklungszeit die ultimative superleichte Mischkonsole CTi1500.<\/span><span data-ccp-props=\"{}\">\u00a0<\/span><\/p>\n<p><span data-contrast=\"auto\">Au\u00dfen pr\u00e4sentiert sich die Konsole mit Seitenteilen aus Titan \u2013 einem besonders leichten, sehr robusten Material, das zum ersten Mal bei einem Touring-Mixer zum Einsatz kam. R\u00fcckseite und Bodenplatten wurden ebenfalls neu entwickelt, um bei geringerem Gewicht die erforderliche Stabilit\u00e4t zu gew\u00e4hrleisten.<\/span><span data-ccp-props=\"{}\">\u00a0<\/span><\/p>\n<p><span data-contrast=\"auto\">Auch im Inneren konnte das Gewicht deutlich reduziert werden, da die gesamte Metallkonstruktion nun aus einer neuartigen Legierung besteht.<\/span><span data-ccp-props=\"{}\">\u00a0<\/span><\/p>\n<p><span data-contrast=\"auto\">Die so wichtige Bedienoberfl\u00e4che blieb weitgehend unver\u00e4ndert und bietet das vertraute Gef\u00fchl einer dLive-Konsole. Nur der Bereich der Armauflage wurde neugestaltet und besticht nun durch elegante Stahlkurven.<\/span><span data-ccp-props=\"{}\">\u00a0<\/span><\/p>\n<p><span data-contrast=\"auto\">Dabei wurde jede Ver\u00e4nderung der Konsole sorgf\u00e4ltig durchdacht und rigoros getestet, um den hohen Standards eines Allen &amp; Heath Touring-Produkts gerecht zu werden.<\/span><span data-ccp-props=\"{}\">\u00a0<\/span><\/p>\n","protected":false},"excerpt":{"rendered":"<p><span data-contrast=\"auto\">Mit Seitenteilen aus Titan, neuen Leichtmetallkomponenten und Superleggera-Style.<\/span><span data-ccp-props=\"{}\">\u00a0<\/span><\/p>\n<p><span data-contrast=\"auto\">Nur 11,5\u202fkg leicht (unter 23\u202fkg mit Flightcase*).<\/span><span data-ccp-props=\"{}\">\u00a0<\/span><\/p>\n<p><span data-contrast=\"auto\">Mit der dLive CTi1500 haben wir unserem kompakten Konsolen-Bestseller dLive C1500 den Superleggera-Style italienischer Highend-Sportwagen verliehen \u2013 ein neuer Standard im Bereich ultraleichter Mischkonsolen.<\/span><span data-ccp-props=\"{}\">\u00a0<\/span><\/p>\n<p><span data-contrast=\"auto\">Bei der Konstruktion der CTi1500 wurde so viel Gewicht wie m\u00f6glich eingespart, ohne auf Tour-Tauglichkeit und eine erstklassige Nutzererfahrung zu verzichten.<\/span><span data-ccp-props=\"{}\">\u00a0<\/span><\/p>\n<p><strong>Eine kompakte Touring-Konsole. Neu gedacht.\u00a0<\/strong><\/p>\n<p><span data-ccp-props=\"{}\">\u00a0<\/span><\/p>\n","protected":false},"featured_media":21585,"template":"","meta":{"_acf_changed":false},"product_brand":[],"product_cat":[1980],"product_tag":[],"class_list":{"0":"post-21584","1":"product","2":"type-product","3":"status-publish","4":"has-post-thumbnail","6":"product_cat-dlive-c-class","7":"product_series-c-class","8":"product_series-dlive","10":"first","11":"instock","12":"shipping-taxable","13":"product-type-simple"},"acf":[],"yoast_head":"<!-- This site is optimized with the Yoast SEO plugin v27.1.1 - https:\/\/yoast.com\/product\/yoast-seo-wordpress\/ -->\n<title>dLive CTi1500 - DE Audio-Technica Distribution<\/title>\n<meta name=\"robots\" content=\"index, follow, max-snippet:-1, max-image-preview:large, max-video-preview:-1\" \/>\n<link rel=\"canonical\" href=\"https:\/\/distribution.audio-technica.eu\/de-de\/produkt\/dlive-cti1500\/\" \/>\n<meta property=\"og:locale\" content=\"de_DE\" \/>\n<meta property=\"og:type\" content=\"article\" \/>\n<meta property=\"og:title\" content=\"dLive CTi1500 - DE Audio-Technica Distribution\" \/>\n<meta property=\"og:description\" content=\"Mit Seitenteilen aus Titan, neuen Leichtmetallkomponenten und Superleggera-Style.\u00a0  Nur 11,5\u202fkg leicht (unter 23\u202fkg mit Flightcase*).\u00a0  Mit der dLive CTi1500 haben wir unserem kompakten Konsolen-Bestseller dLive C1500 den Superleggera-Style italienischer Highend-Sportwagen verliehen \u2013 ein neuer Standard im Bereich ultraleichter Mischkonsolen.\u00a0  Bei der Konstruktion der CTi1500 wurde so viel Gewicht wie m\u00f6glich eingespart, ohne auf Tour-Tauglichkeit und eine erstklassige Nutzererfahrung zu verzichten.\u00a0  Eine kompakte Touring-Konsole. Neu gedacht.\u00a0  \u00a0\" \/>\n<meta property=\"og:url\" content=\"https:\/\/distribution.audio-technica.eu\/de-de\/produkt\/dlive-cti1500\/\" \/>\n<meta property=\"og:site_name\" content=\"DE Audio-Technica Distribution\" \/>\n<meta property=\"article:modified_time\" content=\"2026-03-16T12:12:52+00:00\" \/>\n<meta property=\"og:image\" content=\"https:\/\/distribution.audio-technica.eu\/app\/uploads\/sites\/6\/CTi-1500-Front-scaled.jpg\" \/>\n\t<meta property=\"og:image:width\" content=\"2560\" \/>\n\t<meta property=\"og:image:height\" content=\"1707\" \/>\n\t<meta property=\"og:image:type\" content=\"image\/jpeg\" \/>\n<meta name=\"twitter:card\" content=\"summary_large_image\" \/>\n<meta name=\"twitter:label1\" content=\"Gesch\u00e4tzte Lesezeit\" \/>\n\t<meta name=\"twitter:data1\" content=\"2\u00a0Minuten\" \/>\n<script type=\"application\/ld+json\" class=\"yoast-schema-graph\">{\"@context\":\"https:\/\/schema.org\",\"@graph\":[{\"@type\":\"WebPage\",\"@id\":\"https:\/\/distribution.audio-technica.eu\/de-de\/produkt\/dlive-cti1500\/\",\"url\":\"https:\/\/distribution.audio-technica.eu\/de-de\/produkt\/dlive-cti1500\/\",\"name\":\"dLive CTi1500 - DE Audio-Technica Distribution\",\"isPartOf\":{\"@id\":\"https:\/\/distribution.audio-technica.eu\/de-de\/#website\"},\"primaryImageOfPage\":{\"@id\":\"https:\/\/distribution.audio-technica.eu\/de-de\/produkt\/dlive-cti1500\/#primaryimage\"},\"image\":{\"@id\":\"https:\/\/distribution.audio-technica.eu\/de-de\/produkt\/dlive-cti1500\/#primaryimage\"},\"thumbnailUrl\":\"\/app\/uploads\/sites\/6\/CTi-1500-Front-scaled.jpg\",\"datePublished\":\"2026-02-19T16:27:24+00:00\",\"dateModified\":\"2026-03-16T12:12:52+00:00\",\"breadcrumb\":{\"@id\":\"https:\/\/distribution.audio-technica.eu\/de-de\/produkt\/dlive-cti1500\/#breadcrumb\"},\"inLanguage\":\"de\",\"potentialAction\":[{\"@type\":\"ReadAction\",\"target\":[\"https:\/\/distribution.audio-technica.eu\/de-de\/produkt\/dlive-cti1500\/\"]}]},{\"@type\":\"ImageObject\",\"inLanguage\":\"de\",\"@id\":\"https:\/\/distribution.audio-technica.eu\/de-de\/produkt\/dlive-cti1500\/#primaryimage\",\"url\":\"\/app\/uploads\/sites\/6\/CTi-1500-Front-scaled.jpg\",\"contentUrl\":\"\/app\/uploads\/sites\/6\/CTi-1500-Front-scaled.jpg\",\"width\":2560,\"height\":1707},{\"@type\":\"BreadcrumbList\",\"@id\":\"https:\/\/distribution.audio-technica.eu\/de-de\/produkt\/dlive-cti1500\/#breadcrumb\",\"itemListElement\":[{\"@type\":\"ListItem\",\"position\":1,\"name\":\"Products\",\"item\":\"https:\/\/distribution.audio-technica.eu\/de-de\/\"},{\"@type\":\"ListItem\",\"position\":2,\"name\":\"Produkte\",\"item\":\"https:\/\/distribution.audio-technica.eu\/de-de\/produkte\/\"},{\"@type\":\"ListItem\",\"position\":3,\"name\":\"dLive CTi1500\"}]},{\"@type\":\"WebSite\",\"@id\":\"https:\/\/distribution.audio-technica.eu\/de-de\/#website\",\"url\":\"https:\/\/distribution.audio-technica.eu\/de-de\/\",\"name\":\"DE Audio-Technica Distribution\",\"description\":\"\",\"potentialAction\":[{\"@type\":\"SearchAction\",\"target\":{\"@type\":\"EntryPoint\",\"urlTemplate\":\"https:\/\/distribution.audio-technica.eu\/de-de\/?s={search_term_string}\"},\"query-input\":{\"@type\":\"PropertyValueSpecification\",\"valueRequired\":true,\"valueName\":\"search_term_string\"}}],\"inLanguage\":\"de\"}]}<\/script>\n<!-- \/ Yoast SEO plugin. -->","yoast_head_json":{"title":"dLive CTi1500 - DE Audio-Technica Distribution","robots":{"index":"index","follow":"follow","max-snippet":"max-snippet:-1","max-image-preview":"max-image-preview:large","max-video-preview":"max-video-preview:-1"},"canonical":"https:\/\/distribution.audio-technica.eu\/de-de\/produkt\/dlive-cti1500\/","og_locale":"de_DE","og_type":"article","og_title":"dLive CTi1500 - DE Audio-Technica Distribution","og_description":"Mit Seitenteilen aus Titan, neuen Leichtmetallkomponenten und Superleggera-Style.\u00a0  Nur 11,5\u202fkg leicht (unter 23\u202fkg mit Flightcase*).\u00a0  Mit der dLive CTi1500 haben wir unserem kompakten Konsolen-Bestseller dLive C1500 den Superleggera-Style italienischer Highend-Sportwagen verliehen \u2013 ein neuer Standard im Bereich ultraleichter Mischkonsolen.\u00a0  Bei der Konstruktion der CTi1500 wurde so viel Gewicht wie m\u00f6glich eingespart, ohne auf Tour-Tauglichkeit und eine erstklassige Nutzererfahrung zu verzichten.\u00a0  Eine kompakte Touring-Konsole. Neu gedacht.\u00a0  \u00a0","og_url":"https:\/\/distribution.audio-technica.eu\/de-de\/produkt\/dlive-cti1500\/","og_site_name":"DE Audio-Technica Distribution","article_modified_time":"2026-03-16T12:12:52+00:00","og_image":[{"width":2560,"height":1707,"url":"https:\/\/distribution.audio-technica.eu\/app\/uploads\/sites\/6\/CTi-1500-Front-scaled.jpg","type":"image\/jpeg"}],"twitter_card":"summary_large_image","twitter_misc":{"Gesch\u00e4tzte Lesezeit":"2\u00a0Minuten"},"schema":{"@context":"https:\/\/schema.org","@graph":[{"@type":"WebPage","@id":"https:\/\/distribution.audio-technica.eu\/de-de\/produkt\/dlive-cti1500\/","url":"https:\/\/distribution.audio-technica.eu\/de-de\/produkt\/dlive-cti1500\/","name":"dLive CTi1500 - DE Audio-Technica Distribution","isPartOf":{"@id":"https:\/\/distribution.audio-technica.eu\/de-de\/#website"},"primaryImageOfPage":{"@id":"https:\/\/distribution.audio-technica.eu\/de-de\/produkt\/dlive-cti1500\/#primaryimage"},"image":{"@id":"https:\/\/distribution.audio-technica.eu\/de-de\/produkt\/dlive-cti1500\/#primaryimage"},"thumbnailUrl":"\/app\/uploads\/sites\/6\/CTi-1500-Front-scaled.jpg","datePublished":"2026-02-19T16:27:24+00:00","dateModified":"2026-03-16T12:12:52+00:00","breadcrumb":{"@id":"https:\/\/distribution.audio-technica.eu\/de-de\/produkt\/dlive-cti1500\/#breadcrumb"},"inLanguage":"de","potentialAction":[{"@type":"ReadAction","target":["https:\/\/distribution.audio-technica.eu\/de-de\/produkt\/dlive-cti1500\/"]}]},{"@type":"ImageObject","inLanguage":"de","@id":"https:\/\/distribution.audio-technica.eu\/de-de\/produkt\/dlive-cti1500\/#primaryimage","url":"\/app\/uploads\/sites\/6\/CTi-1500-Front-scaled.jpg","contentUrl":"\/app\/uploads\/sites\/6\/CTi-1500-Front-scaled.jpg","width":2560,"height":1707},{"@type":"BreadcrumbList","@id":"https:\/\/distribution.audio-technica.eu\/de-de\/produkt\/dlive-cti1500\/#breadcrumb","itemListElement":[{"@type":"ListItem","position":1,"name":"Products","item":"https:\/\/distribution.audio-technica.eu\/de-de\/"},{"@type":"ListItem","position":2,"name":"Produkte","item":"https:\/\/distribution.audio-technica.eu\/de-de\/produkte\/"},{"@type":"ListItem","position":3,"name":"dLive CTi1500"}]},{"@type":"WebSite","@id":"https:\/\/distribution.audio-technica.eu\/de-de\/#website","url":"https:\/\/distribution.audio-technica.eu\/de-de\/","name":"DE Audio-Technica Distribution","description":"","potentialAction":[{"@type":"SearchAction","target":{"@type":"EntryPoint","urlTemplate":"https:\/\/distribution.audio-technica.eu\/de-de\/?s={search_term_string}"},"query-input":{"@type":"PropertyValueSpecification","valueRequired":true,"valueName":"search_term_string"}}],"inLanguage":"de"}]}},"_links":{"self":[{"href":"https:\/\/distribution.audio-technica.eu\/de-de\/wp-json\/wp\/v2\/product\/21584","targetHints":{"allow":["GET"]}}],"collection":[{"href":"https:\/\/distribution.audio-technica.eu\/de-de\/wp-json\/wp\/v2\/product"}],"about":[{"href":"https:\/\/distribution.audio-technica.eu\/de-de\/wp-json\/wp\/v2\/types\/product"}],"wp:featuredmedia":[{"embeddable":true,"href":"https:\/\/distribution.audio-technica.eu\/de-de\/wp-json\/wp\/v2\/media\/21585"}],"wp:attachment":[{"href":"https:\/\/distribution.audio-technica.eu\/de-de\/wp-json\/wp\/v2\/media?parent=21584"}],"wp:term":[{"taxonomy":"product_brand","embeddable":true,"href":"https:\/\/distribution.audio-technica.eu\/de-de\/wp-json\/wp\/v2\/product_brand?post=21584"},{"taxonomy":"product_cat","embeddable":true,"href":"https:\/\/distribution.audio-technica.eu\/de-de\/wp-json\/wp\/v2\/product_cat?post=21584"},{"taxonomy":"product_tag","embeddable":true,"href":"https:\/\/distribution.audio-technica.eu\/de-de\/wp-json\/wp\/v2\/product_tag?post=21584"}],"curies":[{"name":"wp","href":"https:\/\/api.w.org\/{rel}","templated":true}]}}