{"id":21599,"date":"2026-02-19T16:52:52","date_gmt":"2026-02-19T16:52:52","guid":{"rendered":"https:\/\/distribution.audio-technica.eu\/de-de\/?post_type=product&#038;p=21599"},"modified":"2026-03-26T15:50:26","modified_gmt":"2026-03-26T15:50:26","slug":"dx168","status":"publish","type":"product","link":"https:\/\/distribution.audio-technica.eu\/de-de\/produkt\/dx168\/","title":{"rendered":"DX168"},"content":{"rendered":"<h4><b><span data-contrast=\"auto\">Mit dLive<\/span><\/b><span data-ccp-props=\"{}\">\u00a0<\/span><\/h4>\n<p><span data-contrast=\"auto\">Ein dLive-System erm\u00f6glicht den direkten Anschluss von bis zu 6 DX168-Expandern \u2013 4 via MixRack und 2 an der Konsole selbst\u2013 und bietet so bis zu 96 Remote-Eing\u00e4nge und 48 Remote-Ausg\u00e4nge, zus\u00e4tzlich zu den Anschl\u00fcssen am MixRack und an der Konsole. Weitere Expander k\u00f6nnen per DX Link-Karte oder DX Hub eingebunden werden.<\/span><span data-ccp-props=\"{}\">\u00a0<\/span><\/p>\n<p><span data-ccp-props=\"{}\">\u00a0<\/span><\/p>\n<h4><b><span data-contrast=\"auto\">Mit Avantis<\/span><\/b><span data-ccp-props=\"{}\">\u00a0<\/span><\/h4>\n<p><span data-contrast=\"auto\">Zwei DX168 k\u00f6nnen miteinander gekoppelt und direkt an den Avantis-SLink-Port angeschlossen werden. Dar\u00fcber hinaus lassen sich via DX Link-Karte und\/oder DX Hubs bis zu 16 DX168-Einheiten in ein Avantis-System integrieren.<\/span><span data-ccp-props=\"{}\">\u00a0<\/span><\/p>\n<p><span data-ccp-props=\"{}\">\u00a0<\/span><\/p>\n<h4><b><span data-contrast=\"auto\">Mit SQ<\/span><\/b><span data-ccp-props=\"{}\">\u00a0<\/span><\/h4>\n<p><span data-contrast=\"auto\">Zwei DX168-Expander k\u00f6nnen miteinander gekoppelt und direkt an den SQ-SLink-Port angeschlossen werden. Optional stellt eine SLink-Karte f\u00fcr SQ-Systeme weitere Anschlussm\u00f6glichkeiten bereit. Bei weiter verteilten Systemen k\u00f6nnen \u00fcber einen DX Hub bis zu 8 zus\u00e4tzliche DX168-Einheiten integriert und frei auf die 48 SQ-Eingangskan\u00e4le verteilt werden.<\/span><span data-ccp-props=\"{}\">\u00a0<\/span><\/p>\n<p><span data-ccp-props=\"{}\">\u00a0<\/span><\/p>\n<h4><b><span data-contrast=\"auto\">Mit AHM-64<\/span><\/b><span data-ccp-props=\"{}\">\u00a0<\/span><\/h4>\n<p><span data-contrast=\"auto\">Zwei DX168-Expander k\u00f6nnen miteinander gekoppelt und direkt an den AHM-64-SLink-Port angeschlossen werden. Via DX Hubk\u00f6nnen au\u00dferdem bis zu 8 DX168-Expander in ein AHM-64-System integriert und frei auf die 64 Eingangskan\u00e4le verteilt werden.<\/span><span data-ccp-props=\"{}\">\u00a0<\/span><\/p>\n<ul>\n<li data-leveltext=\"\u2022\" data-font=\"Arial\" data-listid=\"33\" data-list-defn-props=\"{&quot;335552541&quot;:1,&quot;335559685&quot;:720,&quot;335559991&quot;:360,&quot;469769226&quot;:&quot;Arial&quot;,&quot;469769242&quot;:[8226],&quot;469777803&quot;:&quot;left&quot;,&quot;469777804&quot;:&quot;\u2022&quot;,&quot;469777815&quot;:&quot;hybridMultilevel&quot;}\" data-aria-posinset=\"1\" data-aria-level=\"1\"><span data-contrast=\"auto\">16 Mikrofon-Preamps (XLR) mit Status-LEDs f\u00fcr die Phantomspeisung<\/span><span data-ccp-props=\"{}\">\u00a0<\/span><\/li>\n<\/ul>\n<ul>\n<li data-leveltext=\"\u2022\" data-font=\"Arial\" data-listid=\"33\" data-list-defn-props=\"{&quot;335552541&quot;:1,&quot;335559685&quot;:720,&quot;335559991&quot;:360,&quot;469769226&quot;:&quot;Arial&quot;,&quot;469769242&quot;:[8226],&quot;469777803&quot;:&quot;left&quot;,&quot;469777804&quot;:&quot;\u2022&quot;,&quot;469777815&quot;:&quot;hybridMultilevel&quot;}\" data-aria-posinset=\"2\" data-aria-level=\"1\"><span data-contrast=\"auto\">8 XLR-Line-Ausg\u00e4nge<\/span><span data-ccp-props=\"{}\">\u00a0<\/span><\/li>\n<\/ul>\n<ul>\n<li data-leveltext=\"\u2022\" data-font=\"Arial\" data-listid=\"33\" data-list-defn-props=\"{&quot;335552541&quot;:1,&quot;335559685&quot;:720,&quot;335559991&quot;:360,&quot;469769226&quot;:&quot;Arial&quot;,&quot;469769242&quot;:[8226],&quot;469777803&quot;:&quot;left&quot;,&quot;469777804&quot;:&quot;\u2022&quot;,&quot;469777815&quot;:&quot;hybridMultilevel&quot;}\" data-aria-posinset=\"3\" data-aria-level=\"1\"><span data-contrast=\"auto\">Kompatibel mit dLive S Class- und dLive C Class-Systemen<\/span><span data-ccp-props=\"{}\">\u00a0<\/span><\/li>\n<\/ul>\n<ul>\n<li data-leveltext=\"\u2022\" data-font=\"Arial\" data-listid=\"33\" data-list-defn-props=\"{&quot;335552541&quot;:1,&quot;335559685&quot;:720,&quot;335559991&quot;:360,&quot;469769226&quot;:&quot;Arial&quot;,&quot;469769242&quot;:[8226],&quot;469777803&quot;:&quot;left&quot;,&quot;469777804&quot;:&quot;\u2022&quot;,&quot;469777815&quot;:&quot;hybridMultilevel&quot;}\" data-aria-posinset=\"4\" data-aria-level=\"1\"><span data-contrast=\"auto\">Cascade-Modus zur Integration von 2 DX168-Expandern f\u00fcr weitere Anschl\u00fcsse<\/span><span data-ccp-props=\"{}\">\u00a0<\/span><\/li>\n<\/ul>\n<ul>\n<li data-leveltext=\"\u2022\" data-font=\"Arial\" data-listid=\"33\" data-list-defn-props=\"{&quot;335552541&quot;:1,&quot;335559685&quot;:720,&quot;335559991&quot;:360,&quot;469769226&quot;:&quot;Arial&quot;,&quot;469769242&quot;:[8226],&quot;469777803&quot;:&quot;left&quot;,&quot;469777804&quot;:&quot;\u2022&quot;,&quot;469777815&quot;:&quot;hybridMultilevel&quot;}\" data-aria-posinset=\"5\" data-aria-level=\"1\"><span data-contrast=\"auto\">Redundante DX-Verbindungen mit kompatibler dLive-Hardware<\/span><span data-ccp-props=\"{}\">\u00a0<\/span><\/li>\n<\/ul>\n<ul>\n<li data-leveltext=\"\u2022\" data-font=\"Arial\" data-listid=\"33\" data-list-defn-props=\"{&quot;335552541&quot;:1,&quot;335559685&quot;:720,&quot;335559991&quot;:360,&quot;469769226&quot;:&quot;Arial&quot;,&quot;469769242&quot;:[8226],&quot;469777803&quot;:&quot;left&quot;,&quot;469777804&quot;:&quot;\u2022&quot;,&quot;469777815&quot;:&quot;hybridMultilevel&quot;}\" data-aria-posinset=\"6\" data-aria-level=\"1\"><span data-contrast=\"auto\">Optional: 19&#8243;-Rack-Montage-Kit<\/span><span data-ccp-props=\"{}\">\u00a0<\/span><\/li>\n<\/ul>\n<ul>\n<li data-leveltext=\"\u2022\" data-font=\"Arial\" data-listid=\"33\" data-list-defn-props=\"{&quot;335552541&quot;:1,&quot;335559685&quot;:720,&quot;335559991&quot;:360,&quot;469769226&quot;:&quot;Arial&quot;,&quot;469769242&quot;:[8226],&quot;469777803&quot;:&quot;left&quot;,&quot;469777804&quot;:&quot;\u2022&quot;,&quot;469777815&quot;:&quot;hybridMultilevel&quot;}\" data-aria-posinset=\"7\" data-aria-level=\"1\"><span data-contrast=\"auto\">Plug and Play \u2013 keine IP-Adresse erforderlich<\/span><span data-ccp-props=\"{}\">\u00a0<\/span><\/li>\n<\/ul>\n<ul>\n<li data-leveltext=\"\u2022\" data-font=\"Arial\" data-listid=\"33\" data-list-defn-props=\"{&quot;335552541&quot;:1,&quot;335559685&quot;:720,&quot;335559991&quot;:360,&quot;469769226&quot;:&quot;Arial&quot;,&quot;469769242&quot;:[8226],&quot;469777803&quot;:&quot;left&quot;,&quot;469777804&quot;:&quot;\u2022&quot;,&quot;469777815&quot;:&quot;hybridMultilevel&quot;}\" data-aria-posinset=\"8\" data-aria-level=\"1\"><span data-contrast=\"auto\">Kompatibel mit CAT5e-Kabeln (oder h\u00f6her) mit bis zu 100\u202fm L\u00e4nge<\/span><span data-ccp-props=\"{}\">\u00a0<\/span><\/li>\n<\/ul>\n<ul>\n<li data-leveltext=\"\u2022\" data-font=\"Arial\" data-listid=\"33\" data-list-defn-props=\"{&quot;335552541&quot;:1,&quot;335559685&quot;:720,&quot;335559991&quot;:360,&quot;469769226&quot;:&quot;Arial&quot;,&quot;469769242&quot;:[8226],&quot;469777803&quot;:&quot;left&quot;,&quot;469777804&quot;:&quot;\u2022&quot;,&quot;469777815&quot;:&quot;hybridMultilevel&quot;}\" data-aria-posinset=\"9\" data-aria-level=\"1\"><span data-contrast=\"auto\">Gummi-Sto\u00dfkanten<\/span><span data-ccp-props=\"{}\">\u00a0<\/span><\/li>\n<\/ul>\n<ul>\n<li data-leveltext=\"\u2022\" data-font=\"Arial\" data-listid=\"33\" data-list-defn-props=\"{&quot;335552541&quot;:1,&quot;335559685&quot;:720,&quot;335559991&quot;:360,&quot;469769226&quot;:&quot;Arial&quot;,&quot;469769242&quot;:[8226],&quot;469777803&quot;:&quot;left&quot;,&quot;469777804&quot;:&quot;\u2022&quot;,&quot;469777815&quot;:&quot;hybridMultilevel&quot;}\" data-aria-posinset=\"10\" data-aria-level=\"1\"><span data-contrast=\"auto\">Tragegriff<\/span><span data-ccp-props=\"{}\">\u00a0<\/span><\/li>\n<\/ul>\n","protected":false},"excerpt":{"rendered":"<p><span data-contrast=\"auto\">Portabler 96-kHz-DX-Expander \u2013 16 XLR-Eing\u00e4nge \/ 8 XLR-Ausg\u00e4nge<\/span><span data-ccp-props=\"{}\">\u00a0<\/span><\/p>\n<p><span data-ccp-props=\"{}\">\u00a0<\/span><\/p>\n<p><span data-contrast=\"auto\">DX168 ist ein robuster, portabler 96-kHz-Expander mit zus\u00e4tzlichen Remote-Anschl\u00fcssen f\u00fcr dLive-, Avantis- und SQ-Systeme sowie den Audio-Matrix-Prozessor AHM-64.<\/span><span data-ccp-props=\"{}\">\u00a0<\/span><\/p>\n<p><span data-ccp-props=\"{}\">\u00a0<\/span><\/p>\n<p><span data-contrast=\"auto\">Jeder DX168-Expander ist mit 16 Mikrofon-Preamps mit unabh\u00e4ngigen LED-Anzeigen f\u00fcr die Phantomspeisung und 8 XLR-Line-Ausg\u00e4ngen ausgestattet.<\/span><span data-ccp-props=\"{}\">\u00a0<\/span><\/p>\n<p><span data-ccp-props=\"{}\">\u00a0<\/span><\/p>\n<p><span data-contrast=\"auto\">Die Anbindung des DX168 an die dLive-Konsole, ein MixRack, einen SQ- oder Avantis-Mixer oder Upstream-DX168 erfolgt \u00fcber einen sicheren etherCON-Anschluss mit Cat5e-Kabel. Ein weiterer verriegelbarer etherCon-Port dient der redundanten Verbindung mit kompatibler Hardware oder der Kopplung mit einem Downstream-DX168 f\u00fcr weitere Remote-Anschl\u00fcsse.<\/span><span data-ccp-props=\"{}\">\u00a0<\/span><\/p>\n<p><span data-ccp-props=\"{}\">\u00a0<\/span><\/p>\n<p><span data-contrast=\"auto\">Mit seinem robusten Design und den Gummi-Sto\u00dfkanten kann der Expander bei Veranstaltungen problemlos auf dem B\u00fchnenboden platziert werden. Der DX168 wiegt nur 4,8\u202fkg und ist mit einem stabilen Tragegriff ausgestattet \u2013 f\u00fcr einen bequemen Transport, der f\u00fcr Rental-Firmen, Bildungs- und kirchliche Einrichtungen und viele andere Anwendungen oft ausschlaggebend ist. Ein optional erh\u00e4ltliches Rack-Montage-Kit (4 HE) erm\u00f6glicht die Installation in Standard-19&#8243;-Racks.<\/span><span data-ccp-props=\"{}\">\u00a0<\/span><\/p>\n","protected":false},"featured_media":21600,"template":"","meta":{"_acf_changed":false},"product_brand":[],"product_cat":[1983],"product_tag":[],"class_list":{"0":"post-21599","1":"product","2":"type-product","3":"status-publish","4":"has-post-thumbnail","6":"product_cat-i-o-expanders","7":"product_series-everything-i-o","9":"first","10":"instock","11":"shipping-taxable","12":"product-type-simple"},"acf":[],"yoast_head":"<!-- This site is optimized with the Yoast SEO plugin v27.1.1 - https:\/\/yoast.com\/product\/yoast-seo-wordpress\/ -->\n<title>DX168 - DE Audio-Technica Distribution<\/title>\n<meta name=\"robots\" content=\"index, follow, max-snippet:-1, max-image-preview:large, max-video-preview:-1\" \/>\n<link rel=\"canonical\" href=\"https:\/\/distribution.audio-technica.eu\/de-de\/produkt\/dx168\/\" \/>\n<meta property=\"og:locale\" content=\"de_DE\" \/>\n<meta property=\"og:type\" content=\"article\" \/>\n<meta property=\"og:title\" content=\"DX168 - DE Audio-Technica Distribution\" \/>\n<meta property=\"og:description\" content=\"Portabler 96-kHz-DX-Expander \u2013 16 XLR-Eing\u00e4nge \/ 8 XLR-Ausg\u00e4nge\u00a0  \u00a0  DX168 ist ein robuster, portabler 96-kHz-Expander mit zus\u00e4tzlichen Remote-Anschl\u00fcssen f\u00fcr dLive-, Avantis- und SQ-Systeme sowie den Audio-Matrix-Prozessor AHM-64.\u00a0  \u00a0  Jeder DX168-Expander ist mit 16 Mikrofon-Preamps mit unabh\u00e4ngigen LED-Anzeigen f\u00fcr die Phantomspeisung und 8 XLR-Line-Ausg\u00e4ngen ausgestattet.\u00a0  \u00a0  Die Anbindung des DX168 an die dLive-Konsole, ein MixRack, einen SQ- oder Avantis-Mixer oder Upstream-DX168 erfolgt \u00fcber einen sicheren etherCON-Anschluss mit Cat5e-Kabel. Ein weiterer verriegelbarer etherCon-Port dient der redundanten Verbindung mit kompatibler Hardware oder der Kopplung mit einem Downstream-DX168 f\u00fcr weitere Remote-Anschl\u00fcsse.\u00a0  \u00a0  Mit seinem robusten Design und den Gummi-Sto\u00dfkanten kann der Expander bei Veranstaltungen problemlos auf dem B\u00fchnenboden platziert werden. Der DX168 wiegt nur 4,8\u202fkg und ist mit einem stabilen Tragegriff ausgestattet \u2013 f\u00fcr einen bequemen Transport, der f\u00fcr Rental-Firmen, Bildungs- und kirchliche Einrichtungen und viele andere Anwendungen oft ausschlaggebend ist. Ein optional erh\u00e4ltliches Rack-Montage-Kit (4 HE) erm\u00f6glicht die Installation in Standard-19&quot;-Racks.\u00a0\" \/>\n<meta property=\"og:url\" content=\"https:\/\/distribution.audio-technica.eu\/de-de\/produkt\/dx168\/\" \/>\n<meta property=\"og:site_name\" content=\"DE Audio-Technica Distribution\" \/>\n<meta property=\"article:modified_time\" content=\"2026-03-26T15:50:26+00:00\" \/>\n<meta property=\"og:image\" content=\"https:\/\/distribution.audio-technica.eu\/app\/uploads\/sites\/6\/RS781_DX168-Front-scaled.jpg\" \/>\n\t<meta property=\"og:image:width\" content=\"2560\" \/>\n\t<meta property=\"og:image:height\" content=\"1707\" \/>\n\t<meta property=\"og:image:type\" content=\"image\/jpeg\" \/>\n<meta name=\"twitter:card\" content=\"summary_large_image\" \/>\n<meta name=\"twitter:label1\" content=\"Gesch\u00e4tzte Lesezeit\" \/>\n\t<meta name=\"twitter:data1\" content=\"2\u00a0Minuten\" \/>\n<script type=\"application\/ld+json\" class=\"yoast-schema-graph\">{\"@context\":\"https:\/\/schema.org\",\"@graph\":[{\"@type\":\"WebPage\",\"@id\":\"https:\/\/distribution.audio-technica.eu\/de-de\/produkt\/dx168\/\",\"url\":\"https:\/\/distribution.audio-technica.eu\/de-de\/produkt\/dx168\/\",\"name\":\"DX168 - DE Audio-Technica Distribution\",\"isPartOf\":{\"@id\":\"https:\/\/distribution.audio-technica.eu\/de-de\/#website\"},\"primaryImageOfPage\":{\"@id\":\"https:\/\/distribution.audio-technica.eu\/de-de\/produkt\/dx168\/#primaryimage\"},\"image\":{\"@id\":\"https:\/\/distribution.audio-technica.eu\/de-de\/produkt\/dx168\/#primaryimage\"},\"thumbnailUrl\":\"\/app\/uploads\/sites\/6\/RS781_DX168-Front-scaled.jpg\",\"datePublished\":\"2026-02-19T16:52:52+00:00\",\"dateModified\":\"2026-03-26T15:50:26+00:00\",\"breadcrumb\":{\"@id\":\"https:\/\/distribution.audio-technica.eu\/de-de\/produkt\/dx168\/#breadcrumb\"},\"inLanguage\":\"de\",\"potentialAction\":[{\"@type\":\"ReadAction\",\"target\":[\"https:\/\/distribution.audio-technica.eu\/de-de\/produkt\/dx168\/\"]}]},{\"@type\":\"ImageObject\",\"inLanguage\":\"de\",\"@id\":\"https:\/\/distribution.audio-technica.eu\/de-de\/produkt\/dx168\/#primaryimage\",\"url\":\"\/app\/uploads\/sites\/6\/RS781_DX168-Front-scaled.jpg\",\"contentUrl\":\"\/app\/uploads\/sites\/6\/RS781_DX168-Front-scaled.jpg\",\"width\":2560,\"height\":1707},{\"@type\":\"BreadcrumbList\",\"@id\":\"https:\/\/distribution.audio-technica.eu\/de-de\/produkt\/dx168\/#breadcrumb\",\"itemListElement\":[{\"@type\":\"ListItem\",\"position\":1,\"name\":\"Products\",\"item\":\"https:\/\/distribution.audio-technica.eu\/de-de\/\"},{\"@type\":\"ListItem\",\"position\":2,\"name\":\"Produkte\",\"item\":\"https:\/\/distribution.audio-technica.eu\/de-de\/produkte\/\"},{\"@type\":\"ListItem\",\"position\":3,\"name\":\"DX168\"}]},{\"@type\":\"WebSite\",\"@id\":\"https:\/\/distribution.audio-technica.eu\/de-de\/#website\",\"url\":\"https:\/\/distribution.audio-technica.eu\/de-de\/\",\"name\":\"DE Audio-Technica Distribution\",\"description\":\"\",\"potentialAction\":[{\"@type\":\"SearchAction\",\"target\":{\"@type\":\"EntryPoint\",\"urlTemplate\":\"https:\/\/distribution.audio-technica.eu\/de-de\/?s={search_term_string}\"},\"query-input\":{\"@type\":\"PropertyValueSpecification\",\"valueRequired\":true,\"valueName\":\"search_term_string\"}}],\"inLanguage\":\"de\"}]}<\/script>\n<!-- \/ Yoast SEO plugin. -->","yoast_head_json":{"title":"DX168 - DE Audio-Technica Distribution","robots":{"index":"index","follow":"follow","max-snippet":"max-snippet:-1","max-image-preview":"max-image-preview:large","max-video-preview":"max-video-preview:-1"},"canonical":"https:\/\/distribution.audio-technica.eu\/de-de\/produkt\/dx168\/","og_locale":"de_DE","og_type":"article","og_title":"DX168 - DE Audio-Technica Distribution","og_description":"Portabler 96-kHz-DX-Expander \u2013 16 XLR-Eing\u00e4nge \/ 8 XLR-Ausg\u00e4nge\u00a0  \u00a0  DX168 ist ein robuster, portabler 96-kHz-Expander mit zus\u00e4tzlichen Remote-Anschl\u00fcssen f\u00fcr dLive-, Avantis- und SQ-Systeme sowie den Audio-Matrix-Prozessor AHM-64.\u00a0  \u00a0  Jeder DX168-Expander ist mit 16 Mikrofon-Preamps mit unabh\u00e4ngigen LED-Anzeigen f\u00fcr die Phantomspeisung und 8 XLR-Line-Ausg\u00e4ngen ausgestattet.\u00a0  \u00a0  Die Anbindung des DX168 an die dLive-Konsole, ein MixRack, einen SQ- oder Avantis-Mixer oder Upstream-DX168 erfolgt \u00fcber einen sicheren etherCON-Anschluss mit Cat5e-Kabel. Ein weiterer verriegelbarer etherCon-Port dient der redundanten Verbindung mit kompatibler Hardware oder der Kopplung mit einem Downstream-DX168 f\u00fcr weitere Remote-Anschl\u00fcsse.\u00a0  \u00a0  Mit seinem robusten Design und den Gummi-Sto\u00dfkanten kann der Expander bei Veranstaltungen problemlos auf dem B\u00fchnenboden platziert werden. Der DX168 wiegt nur 4,8\u202fkg und ist mit einem stabilen Tragegriff ausgestattet \u2013 f\u00fcr einen bequemen Transport, der f\u00fcr Rental-Firmen, Bildungs- und kirchliche Einrichtungen und viele andere Anwendungen oft ausschlaggebend ist. Ein optional erh\u00e4ltliches Rack-Montage-Kit (4 HE) erm\u00f6glicht die Installation in Standard-19\"-Racks.\u00a0","og_url":"https:\/\/distribution.audio-technica.eu\/de-de\/produkt\/dx168\/","og_site_name":"DE Audio-Technica Distribution","article_modified_time":"2026-03-26T15:50:26+00:00","og_image":[{"width":2560,"height":1707,"url":"https:\/\/distribution.audio-technica.eu\/app\/uploads\/sites\/6\/RS781_DX168-Front-scaled.jpg","type":"image\/jpeg"}],"twitter_card":"summary_large_image","twitter_misc":{"Gesch\u00e4tzte Lesezeit":"2\u00a0Minuten"},"schema":{"@context":"https:\/\/schema.org","@graph":[{"@type":"WebPage","@id":"https:\/\/distribution.audio-technica.eu\/de-de\/produkt\/dx168\/","url":"https:\/\/distribution.audio-technica.eu\/de-de\/produkt\/dx168\/","name":"DX168 - DE Audio-Technica Distribution","isPartOf":{"@id":"https:\/\/distribution.audio-technica.eu\/de-de\/#website"},"primaryImageOfPage":{"@id":"https:\/\/distribution.audio-technica.eu\/de-de\/produkt\/dx168\/#primaryimage"},"image":{"@id":"https:\/\/distribution.audio-technica.eu\/de-de\/produkt\/dx168\/#primaryimage"},"thumbnailUrl":"\/app\/uploads\/sites\/6\/RS781_DX168-Front-scaled.jpg","datePublished":"2026-02-19T16:52:52+00:00","dateModified":"2026-03-26T15:50:26+00:00","breadcrumb":{"@id":"https:\/\/distribution.audio-technica.eu\/de-de\/produkt\/dx168\/#breadcrumb"},"inLanguage":"de","potentialAction":[{"@type":"ReadAction","target":["https:\/\/distribution.audio-technica.eu\/de-de\/produkt\/dx168\/"]}]},{"@type":"ImageObject","inLanguage":"de","@id":"https:\/\/distribution.audio-technica.eu\/de-de\/produkt\/dx168\/#primaryimage","url":"\/app\/uploads\/sites\/6\/RS781_DX168-Front-scaled.jpg","contentUrl":"\/app\/uploads\/sites\/6\/RS781_DX168-Front-scaled.jpg","width":2560,"height":1707},{"@type":"BreadcrumbList","@id":"https:\/\/distribution.audio-technica.eu\/de-de\/produkt\/dx168\/#breadcrumb","itemListElement":[{"@type":"ListItem","position":1,"name":"Products","item":"https:\/\/distribution.audio-technica.eu\/de-de\/"},{"@type":"ListItem","position":2,"name":"Produkte","item":"https:\/\/distribution.audio-technica.eu\/de-de\/produkte\/"},{"@type":"ListItem","position":3,"name":"DX168"}]},{"@type":"WebSite","@id":"https:\/\/distribution.audio-technica.eu\/de-de\/#website","url":"https:\/\/distribution.audio-technica.eu\/de-de\/","name":"DE Audio-Technica Distribution","description":"","potentialAction":[{"@type":"SearchAction","target":{"@type":"EntryPoint","urlTemplate":"https:\/\/distribution.audio-technica.eu\/de-de\/?s={search_term_string}"},"query-input":{"@type":"PropertyValueSpecification","valueRequired":true,"valueName":"search_term_string"}}],"inLanguage":"de"}]}},"_links":{"self":[{"href":"https:\/\/distribution.audio-technica.eu\/de-de\/wp-json\/wp\/v2\/product\/21599","targetHints":{"allow":["GET"]}}],"collection":[{"href":"https:\/\/distribution.audio-technica.eu\/de-de\/wp-json\/wp\/v2\/product"}],"about":[{"href":"https:\/\/distribution.audio-technica.eu\/de-de\/wp-json\/wp\/v2\/types\/product"}],"wp:featuredmedia":[{"embeddable":true,"href":"https:\/\/distribution.audio-technica.eu\/de-de\/wp-json\/wp\/v2\/media\/21600"}],"wp:attachment":[{"href":"https:\/\/distribution.audio-technica.eu\/de-de\/wp-json\/wp\/v2\/media?parent=21599"}],"wp:term":[{"taxonomy":"product_brand","embeddable":true,"href":"https:\/\/distribution.audio-technica.eu\/de-de\/wp-json\/wp\/v2\/product_brand?post=21599"},{"taxonomy":"product_cat","embeddable":true,"href":"https:\/\/distribution.audio-technica.eu\/de-de\/wp-json\/wp\/v2\/product_cat?post=21599"},{"taxonomy":"product_tag","embeddable":true,"href":"https:\/\/distribution.audio-technica.eu\/de-de\/wp-json\/wp\/v2\/product_tag?post=21599"}],"curies":[{"name":"wp","href":"https:\/\/api.w.org\/{rel}","templated":true}]}}