{"id":21617,"date":"2026-02-19T17:23:40","date_gmt":"2026-02-19T17:23:40","guid":{"rendered":"https:\/\/distribution.audio-technica.eu\/de-de\/?post_type=product&#038;p=21617"},"modified":"2026-03-16T12:12:13","modified_gmt":"2026-03-16T12:12:13","slug":"me-500","status":"publish","type":"product","link":"https:\/\/distribution.audio-technica.eu\/de-de\/produkt\/me-500\/","title":{"rendered":"ME-500"},"content":{"rendered":"","protected":false},"excerpt":{"rendered":"<p><span class=\"TextRun SCXW91177741 BCX4\" lang=\"DE-DE\" xml:lang=\"DE-DE\" data-contrast=\"auto\"><span class=\"NormalTextRun SCXW91177741 BCX4\">ME-500 ist eine leistungsstarke, unkomplizierte Personal-Mixer-L\u00f6sung, die sich schnell und einfach einrichten l\u00e4sst und innerhalb k\u00fcrzester Zeit von den unterschiedlichsten K\u00fcnstlern problemlos <\/span><span class=\"NormalTextRun SCXW91177741 BCX4\">genutzt<\/span><span class=\"NormalTextRun SCXW91177741 BCX4\"> werden kann.<\/span> <span class=\"NormalTextRun SCXW91177741 BCX4\">Die intuitiven Bed<\/span><span class=\"NormalTextRun SCXW91177741 BCX4\">ienelemente und kontrastreichen <\/span><span class=\"NormalTextRun SCXW91177741 BCX4\">visuellen Anzeigen des ME-500-Systems machen es Musikern leicht, individuelle Monitormischungen zusammenzustellen und zu steuern.<\/span> <span class=\"NormalTextRun SCXW91177741 BCX4\">Dank Plug-and-Play-Setup und <\/span><span class=\"NormalTextRun SCXW91177741 BCX4\">direkter<\/span><span class=\"NormalTextRun SCXW91177741 BCX4\"> Steuerung durch die K\u00fcnstler<\/span><span class=\"NormalTextRun SCXW91177741 BCX4\">selbst <\/span><span class=\"NormalTextRun SCXW91177741 BCX4\">sparen auch die<\/span><span class=\"NormalTextRun SCXW91177741 BCX4\"> verantwortlichen<\/span> <span class=\"NormalTextRun SpellingErrorV2Themed SCXW91177741 BCX4\">Tonleute<\/span><span class=\"NormalTextRun SCXW91177741 BCX4\"> eine Menge Zeit<\/span><span class=\"NormalTextRun SCXW91177741 BCX4\">.<\/span><\/span><span class=\"EOP SCXW91177741 BCX4\" data-ccp-props=\"{}\">\u00a0<\/span><\/p>\n","protected":false},"featured_media":21618,"template":"","meta":{"_acf_changed":false},"product_brand":[],"product_cat":[1984],"product_tag":[],"class_list":{"0":"post-21617","1":"product","2":"type-product","3":"status-publish","4":"has-post-thumbnail","6":"product_cat-me-personal-monitoring","7":"product_series-me","9":"first","10":"instock","11":"shipping-taxable","12":"product-type-simple"},"acf":[],"yoast_head":"<!-- This site is optimized with the Yoast SEO plugin v27.1.1 - https:\/\/yoast.com\/product\/yoast-seo-wordpress\/ -->\n<title>ME-500 - DE Audio-Technica Distribution<\/title>\n<meta name=\"robots\" content=\"index, follow, max-snippet:-1, max-image-preview:large, max-video-preview:-1\" \/>\n<link rel=\"canonical\" href=\"https:\/\/distribution.audio-technica.eu\/de-de\/produkt\/me-500\/\" \/>\n<meta property=\"og:locale\" content=\"de_DE\" \/>\n<meta property=\"og:type\" content=\"article\" \/>\n<meta property=\"og:title\" content=\"ME-500 - DE Audio-Technica Distribution\" \/>\n<meta property=\"og:description\" content=\"ME-500 ist eine leistungsstarke, unkomplizierte Personal-Mixer-L\u00f6sung, die sich schnell und einfach einrichten l\u00e4sst und innerhalb k\u00fcrzester Zeit von den unterschiedlichsten K\u00fcnstlern problemlos genutzt werden kann. Die intuitiven Bedienelemente und kontrastreichen visuellen Anzeigen des ME-500-Systems machen es Musikern leicht, individuelle Monitormischungen zusammenzustellen und zu steuern. Dank Plug-and-Play-Setup und direkter Steuerung durch die K\u00fcnstlerselbst sparen auch die verantwortlichen Tonleute eine Menge Zeit.\u00a0\" \/>\n<meta property=\"og:url\" content=\"https:\/\/distribution.audio-technica.eu\/de-de\/produkt\/me-500\/\" \/>\n<meta property=\"og:site_name\" content=\"DE Audio-Technica Distribution\" \/>\n<meta property=\"article:modified_time\" content=\"2026-03-16T12:12:13+00:00\" \/>\n<meta property=\"og:image\" content=\"https:\/\/distribution.audio-technica.eu\/app\/uploads\/sites\/6\/RS942_ME500-Front-scaled.jpg\" \/>\n\t<meta property=\"og:image:width\" content=\"2560\" \/>\n\t<meta property=\"og:image:height\" content=\"1707\" \/>\n\t<meta property=\"og:image:type\" content=\"image\/jpeg\" \/>\n<meta name=\"twitter:card\" content=\"summary_large_image\" \/>\n<meta name=\"twitter:label1\" content=\"Gesch\u00e4tzte Lesezeit\" \/>\n\t<meta name=\"twitter:data1\" content=\"1\u00a0Minute\" \/>\n<script type=\"application\/ld+json\" class=\"yoast-schema-graph\">{\"@context\":\"https:\/\/schema.org\",\"@graph\":[{\"@type\":\"WebPage\",\"@id\":\"https:\/\/distribution.audio-technica.eu\/de-de\/produkt\/me-500\/\",\"url\":\"https:\/\/distribution.audio-technica.eu\/de-de\/produkt\/me-500\/\",\"name\":\"ME-500 - DE Audio-Technica Distribution\",\"isPartOf\":{\"@id\":\"https:\/\/distribution.audio-technica.eu\/de-de\/#website\"},\"primaryImageOfPage\":{\"@id\":\"https:\/\/distribution.audio-technica.eu\/de-de\/produkt\/me-500\/#primaryimage\"},\"image\":{\"@id\":\"https:\/\/distribution.audio-technica.eu\/de-de\/produkt\/me-500\/#primaryimage\"},\"thumbnailUrl\":\"\/app\/uploads\/sites\/6\/RS942_ME500-Front-scaled.jpg\",\"datePublished\":\"2026-02-19T17:23:40+00:00\",\"dateModified\":\"2026-03-16T12:12:13+00:00\",\"breadcrumb\":{\"@id\":\"https:\/\/distribution.audio-technica.eu\/de-de\/produkt\/me-500\/#breadcrumb\"},\"inLanguage\":\"de\",\"potentialAction\":[{\"@type\":\"ReadAction\",\"target\":[\"https:\/\/distribution.audio-technica.eu\/de-de\/produkt\/me-500\/\"]}]},{\"@type\":\"ImageObject\",\"inLanguage\":\"de\",\"@id\":\"https:\/\/distribution.audio-technica.eu\/de-de\/produkt\/me-500\/#primaryimage\",\"url\":\"\/app\/uploads\/sites\/6\/RS942_ME500-Front-scaled.jpg\",\"contentUrl\":\"\/app\/uploads\/sites\/6\/RS942_ME500-Front-scaled.jpg\",\"width\":2560,\"height\":1707},{\"@type\":\"BreadcrumbList\",\"@id\":\"https:\/\/distribution.audio-technica.eu\/de-de\/produkt\/me-500\/#breadcrumb\",\"itemListElement\":[{\"@type\":\"ListItem\",\"position\":1,\"name\":\"Products\",\"item\":\"https:\/\/distribution.audio-technica.eu\/de-de\/\"},{\"@type\":\"ListItem\",\"position\":2,\"name\":\"Produkte\",\"item\":\"https:\/\/distribution.audio-technica.eu\/de-de\/produkte\/\"},{\"@type\":\"ListItem\",\"position\":3,\"name\":\"ME-500\"}]},{\"@type\":\"WebSite\",\"@id\":\"https:\/\/distribution.audio-technica.eu\/de-de\/#website\",\"url\":\"https:\/\/distribution.audio-technica.eu\/de-de\/\",\"name\":\"DE Audio-Technica Distribution\",\"description\":\"\",\"potentialAction\":[{\"@type\":\"SearchAction\",\"target\":{\"@type\":\"EntryPoint\",\"urlTemplate\":\"https:\/\/distribution.audio-technica.eu\/de-de\/?s={search_term_string}\"},\"query-input\":{\"@type\":\"PropertyValueSpecification\",\"valueRequired\":true,\"valueName\":\"search_term_string\"}}],\"inLanguage\":\"de\"}]}<\/script>\n<!-- \/ Yoast SEO plugin. -->","yoast_head_json":{"title":"ME-500 - DE Audio-Technica Distribution","robots":{"index":"index","follow":"follow","max-snippet":"max-snippet:-1","max-image-preview":"max-image-preview:large","max-video-preview":"max-video-preview:-1"},"canonical":"https:\/\/distribution.audio-technica.eu\/de-de\/produkt\/me-500\/","og_locale":"de_DE","og_type":"article","og_title":"ME-500 - DE Audio-Technica Distribution","og_description":"ME-500 ist eine leistungsstarke, unkomplizierte Personal-Mixer-L\u00f6sung, die sich schnell und einfach einrichten l\u00e4sst und innerhalb k\u00fcrzester Zeit von den unterschiedlichsten K\u00fcnstlern problemlos genutzt werden kann. Die intuitiven Bedienelemente und kontrastreichen visuellen Anzeigen des ME-500-Systems machen es Musikern leicht, individuelle Monitormischungen zusammenzustellen und zu steuern. Dank Plug-and-Play-Setup und direkter Steuerung durch die K\u00fcnstlerselbst sparen auch die verantwortlichen Tonleute eine Menge Zeit.\u00a0","og_url":"https:\/\/distribution.audio-technica.eu\/de-de\/produkt\/me-500\/","og_site_name":"DE Audio-Technica Distribution","article_modified_time":"2026-03-16T12:12:13+00:00","og_image":[{"width":2560,"height":1707,"url":"https:\/\/distribution.audio-technica.eu\/app\/uploads\/sites\/6\/RS942_ME500-Front-scaled.jpg","type":"image\/jpeg"}],"twitter_card":"summary_large_image","twitter_misc":{"Gesch\u00e4tzte Lesezeit":"1\u00a0Minute"},"schema":{"@context":"https:\/\/schema.org","@graph":[{"@type":"WebPage","@id":"https:\/\/distribution.audio-technica.eu\/de-de\/produkt\/me-500\/","url":"https:\/\/distribution.audio-technica.eu\/de-de\/produkt\/me-500\/","name":"ME-500 - DE Audio-Technica Distribution","isPartOf":{"@id":"https:\/\/distribution.audio-technica.eu\/de-de\/#website"},"primaryImageOfPage":{"@id":"https:\/\/distribution.audio-technica.eu\/de-de\/produkt\/me-500\/#primaryimage"},"image":{"@id":"https:\/\/distribution.audio-technica.eu\/de-de\/produkt\/me-500\/#primaryimage"},"thumbnailUrl":"\/app\/uploads\/sites\/6\/RS942_ME500-Front-scaled.jpg","datePublished":"2026-02-19T17:23:40+00:00","dateModified":"2026-03-16T12:12:13+00:00","breadcrumb":{"@id":"https:\/\/distribution.audio-technica.eu\/de-de\/produkt\/me-500\/#breadcrumb"},"inLanguage":"de","potentialAction":[{"@type":"ReadAction","target":["https:\/\/distribution.audio-technica.eu\/de-de\/produkt\/me-500\/"]}]},{"@type":"ImageObject","inLanguage":"de","@id":"https:\/\/distribution.audio-technica.eu\/de-de\/produkt\/me-500\/#primaryimage","url":"\/app\/uploads\/sites\/6\/RS942_ME500-Front-scaled.jpg","contentUrl":"\/app\/uploads\/sites\/6\/RS942_ME500-Front-scaled.jpg","width":2560,"height":1707},{"@type":"BreadcrumbList","@id":"https:\/\/distribution.audio-technica.eu\/de-de\/produkt\/me-500\/#breadcrumb","itemListElement":[{"@type":"ListItem","position":1,"name":"Products","item":"https:\/\/distribution.audio-technica.eu\/de-de\/"},{"@type":"ListItem","position":2,"name":"Produkte","item":"https:\/\/distribution.audio-technica.eu\/de-de\/produkte\/"},{"@type":"ListItem","position":3,"name":"ME-500"}]},{"@type":"WebSite","@id":"https:\/\/distribution.audio-technica.eu\/de-de\/#website","url":"https:\/\/distribution.audio-technica.eu\/de-de\/","name":"DE Audio-Technica Distribution","description":"","potentialAction":[{"@type":"SearchAction","target":{"@type":"EntryPoint","urlTemplate":"https:\/\/distribution.audio-technica.eu\/de-de\/?s={search_term_string}"},"query-input":{"@type":"PropertyValueSpecification","valueRequired":true,"valueName":"search_term_string"}}],"inLanguage":"de"}]}},"_links":{"self":[{"href":"https:\/\/distribution.audio-technica.eu\/de-de\/wp-json\/wp\/v2\/product\/21617","targetHints":{"allow":["GET"]}}],"collection":[{"href":"https:\/\/distribution.audio-technica.eu\/de-de\/wp-json\/wp\/v2\/product"}],"about":[{"href":"https:\/\/distribution.audio-technica.eu\/de-de\/wp-json\/wp\/v2\/types\/product"}],"wp:featuredmedia":[{"embeddable":true,"href":"https:\/\/distribution.audio-technica.eu\/de-de\/wp-json\/wp\/v2\/media\/21618"}],"wp:attachment":[{"href":"https:\/\/distribution.audio-technica.eu\/de-de\/wp-json\/wp\/v2\/media?parent=21617"}],"wp:term":[{"taxonomy":"product_brand","embeddable":true,"href":"https:\/\/distribution.audio-technica.eu\/de-de\/wp-json\/wp\/v2\/product_brand?post=21617"},{"taxonomy":"product_cat","embeddable":true,"href":"https:\/\/distribution.audio-technica.eu\/de-de\/wp-json\/wp\/v2\/product_cat?post=21617"},{"taxonomy":"product_tag","embeddable":true,"href":"https:\/\/distribution.audio-technica.eu\/de-de\/wp-json\/wp\/v2\/product_tag?post=21617"}],"curies":[{"name":"wp","href":"https:\/\/api.w.org\/{rel}","templated":true}]}}