{"id":21640,"date":"2026-02-24T09:22:31","date_gmt":"2026-02-24T09:22:31","guid":{"rendered":"https:\/\/distribution.audio-technica.eu\/de-de\/?post_type=product&#038;p=21640"},"modified":"2026-03-16T12:11:31","modified_gmt":"2026-03-16T12:11:31","slug":"dx88-p","status":"publish","type":"product","link":"https:\/\/distribution.audio-technica.eu\/de-de\/produkt\/dx88-p\/","title":{"rendered":"DX88-P"},"content":{"rendered":"<p>Der DX88 bietet 8 Ein- und 8 Ausg\u00e4nge \u00fcber Phoenix- \/ Euroblock-Anschl\u00fcsse f\u00fcr Festinstallationen und ist eine einfache L\u00f6sung, um AHM-Audiomatrix-Prozessoren um lokale oder abgesetzte Schnittstellen zu erweitern.<\/p>\n","protected":false},"excerpt":{"rendered":"<p>DX88 ist ein 96 kHz DX-Expander zur komfortablen Bereitstellung von 8 Mikrofon-\/Line-Eing\u00e4ngen und 8 Line-Ausg\u00e4ngen \u2013 via Standard-Phoenix- \/ Euroblock-Anschl\u00fcssen \u2013 f\u00fcr die Erweiterung analoger Audio-Schnittstellen in Festinstallationen.<\/p>\n","protected":false},"featured_media":21642,"template":"","meta":{"_acf_changed":false},"product_brand":[],"product_cat":[1983],"product_tag":[],"class_list":{"0":"post-21640","1":"product","2":"type-product","3":"status-publish","4":"has-post-thumbnail","6":"product_cat-i-o-expanders","7":"product_series-everything-i-o","9":"first","10":"instock","11":"shipping-taxable","12":"product-type-simple"},"acf":[],"yoast_head":"<!-- This site is optimized with the Yoast SEO plugin v27.1.1 - https:\/\/yoast.com\/product\/yoast-seo-wordpress\/ -->\n<title>DX88-P - DE Audio-Technica Distribution<\/title>\n<meta name=\"robots\" content=\"index, follow, max-snippet:-1, max-image-preview:large, max-video-preview:-1\" \/>\n<link rel=\"canonical\" href=\"https:\/\/distribution.audio-technica.eu\/de-de\/produkt\/dx88-p\/\" \/>\n<meta property=\"og:locale\" content=\"de_DE\" \/>\n<meta property=\"og:type\" content=\"article\" \/>\n<meta property=\"og:title\" content=\"DX88-P - DE Audio-Technica Distribution\" \/>\n<meta property=\"og:description\" content=\"DX88 ist ein 96 kHz DX-Expander zur komfortablen Bereitstellung von 8 Mikrofon-\/Line-Eing\u00e4ngen und 8 Line-Ausg\u00e4ngen \u2013 via Standard-Phoenix- \/ Euroblock-Anschl\u00fcssen \u2013 f\u00fcr die Erweiterung analoger Audio-Schnittstellen in Festinstallationen.\" \/>\n<meta property=\"og:url\" content=\"https:\/\/distribution.audio-technica.eu\/de-de\/produkt\/dx88-p\/\" \/>\n<meta property=\"og:site_name\" content=\"DE Audio-Technica Distribution\" \/>\n<meta property=\"article:modified_time\" content=\"2026-03-16T12:11:31+00:00\" \/>\n<meta property=\"og:image\" content=\"https:\/\/distribution.audio-technica.eu\/app\/uploads\/sites\/6\/RS4511_DX88-P-Front.jpg\" \/>\n\t<meta property=\"og:image:width\" content=\"2560\" \/>\n\t<meta property=\"og:image:height\" content=\"1800\" \/>\n\t<meta property=\"og:image:type\" content=\"image\/jpeg\" \/>\n<meta name=\"twitter:card\" content=\"summary_large_image\" \/>\n<meta name=\"twitter:label1\" content=\"Gesch\u00e4tzte Lesezeit\" \/>\n\t<meta name=\"twitter:data1\" content=\"1\u00a0Minute\" \/>\n<script type=\"application\/ld+json\" class=\"yoast-schema-graph\">{\"@context\":\"https:\/\/schema.org\",\"@graph\":[{\"@type\":\"WebPage\",\"@id\":\"https:\/\/distribution.audio-technica.eu\/de-de\/produkt\/dx88-p\/\",\"url\":\"https:\/\/distribution.audio-technica.eu\/de-de\/produkt\/dx88-p\/\",\"name\":\"DX88-P - DE Audio-Technica Distribution\",\"isPartOf\":{\"@id\":\"https:\/\/distribution.audio-technica.eu\/de-de\/#website\"},\"primaryImageOfPage\":{\"@id\":\"https:\/\/distribution.audio-technica.eu\/de-de\/produkt\/dx88-p\/#primaryimage\"},\"image\":{\"@id\":\"https:\/\/distribution.audio-technica.eu\/de-de\/produkt\/dx88-p\/#primaryimage\"},\"thumbnailUrl\":\"\/app\/uploads\/sites\/6\/RS4511_DX88-P-Front.jpg\",\"datePublished\":\"2026-02-24T09:22:31+00:00\",\"dateModified\":\"2026-03-16T12:11:31+00:00\",\"breadcrumb\":{\"@id\":\"https:\/\/distribution.audio-technica.eu\/de-de\/produkt\/dx88-p\/#breadcrumb\"},\"inLanguage\":\"de\",\"potentialAction\":[{\"@type\":\"ReadAction\",\"target\":[\"https:\/\/distribution.audio-technica.eu\/de-de\/produkt\/dx88-p\/\"]}]},{\"@type\":\"ImageObject\",\"inLanguage\":\"de\",\"@id\":\"https:\/\/distribution.audio-technica.eu\/de-de\/produkt\/dx88-p\/#primaryimage\",\"url\":\"\/app\/uploads\/sites\/6\/RS4511_DX88-P-Front.jpg\",\"contentUrl\":\"\/app\/uploads\/sites\/6\/RS4511_DX88-P-Front.jpg\",\"width\":2560,\"height\":1800},{\"@type\":\"BreadcrumbList\",\"@id\":\"https:\/\/distribution.audio-technica.eu\/de-de\/produkt\/dx88-p\/#breadcrumb\",\"itemListElement\":[{\"@type\":\"ListItem\",\"position\":1,\"name\":\"Products\",\"item\":\"https:\/\/distribution.audio-technica.eu\/de-de\/\"},{\"@type\":\"ListItem\",\"position\":2,\"name\":\"Produkte\",\"item\":\"https:\/\/distribution.audio-technica.eu\/de-de\/produkte\/\"},{\"@type\":\"ListItem\",\"position\":3,\"name\":\"DX88-P\"}]},{\"@type\":\"WebSite\",\"@id\":\"https:\/\/distribution.audio-technica.eu\/de-de\/#website\",\"url\":\"https:\/\/distribution.audio-technica.eu\/de-de\/\",\"name\":\"DE Audio-Technica Distribution\",\"description\":\"\",\"potentialAction\":[{\"@type\":\"SearchAction\",\"target\":{\"@type\":\"EntryPoint\",\"urlTemplate\":\"https:\/\/distribution.audio-technica.eu\/de-de\/?s={search_term_string}\"},\"query-input\":{\"@type\":\"PropertyValueSpecification\",\"valueRequired\":true,\"valueName\":\"search_term_string\"}}],\"inLanguage\":\"de\"}]}<\/script>\n<!-- \/ Yoast SEO plugin. -->","yoast_head_json":{"title":"DX88-P - DE Audio-Technica Distribution","robots":{"index":"index","follow":"follow","max-snippet":"max-snippet:-1","max-image-preview":"max-image-preview:large","max-video-preview":"max-video-preview:-1"},"canonical":"https:\/\/distribution.audio-technica.eu\/de-de\/produkt\/dx88-p\/","og_locale":"de_DE","og_type":"article","og_title":"DX88-P - DE Audio-Technica Distribution","og_description":"DX88 ist ein 96 kHz DX-Expander zur komfortablen Bereitstellung von 8 Mikrofon-\/Line-Eing\u00e4ngen und 8 Line-Ausg\u00e4ngen \u2013 via Standard-Phoenix- \/ Euroblock-Anschl\u00fcssen \u2013 f\u00fcr die Erweiterung analoger Audio-Schnittstellen in Festinstallationen.","og_url":"https:\/\/distribution.audio-technica.eu\/de-de\/produkt\/dx88-p\/","og_site_name":"DE Audio-Technica Distribution","article_modified_time":"2026-03-16T12:11:31+00:00","og_image":[{"width":2560,"height":1800,"url":"https:\/\/distribution.audio-technica.eu\/app\/uploads\/sites\/6\/RS4511_DX88-P-Front.jpg","type":"image\/jpeg"}],"twitter_card":"summary_large_image","twitter_misc":{"Gesch\u00e4tzte Lesezeit":"1\u00a0Minute"},"schema":{"@context":"https:\/\/schema.org","@graph":[{"@type":"WebPage","@id":"https:\/\/distribution.audio-technica.eu\/de-de\/produkt\/dx88-p\/","url":"https:\/\/distribution.audio-technica.eu\/de-de\/produkt\/dx88-p\/","name":"DX88-P - DE Audio-Technica Distribution","isPartOf":{"@id":"https:\/\/distribution.audio-technica.eu\/de-de\/#website"},"primaryImageOfPage":{"@id":"https:\/\/distribution.audio-technica.eu\/de-de\/produkt\/dx88-p\/#primaryimage"},"image":{"@id":"https:\/\/distribution.audio-technica.eu\/de-de\/produkt\/dx88-p\/#primaryimage"},"thumbnailUrl":"\/app\/uploads\/sites\/6\/RS4511_DX88-P-Front.jpg","datePublished":"2026-02-24T09:22:31+00:00","dateModified":"2026-03-16T12:11:31+00:00","breadcrumb":{"@id":"https:\/\/distribution.audio-technica.eu\/de-de\/produkt\/dx88-p\/#breadcrumb"},"inLanguage":"de","potentialAction":[{"@type":"ReadAction","target":["https:\/\/distribution.audio-technica.eu\/de-de\/produkt\/dx88-p\/"]}]},{"@type":"ImageObject","inLanguage":"de","@id":"https:\/\/distribution.audio-technica.eu\/de-de\/produkt\/dx88-p\/#primaryimage","url":"\/app\/uploads\/sites\/6\/RS4511_DX88-P-Front.jpg","contentUrl":"\/app\/uploads\/sites\/6\/RS4511_DX88-P-Front.jpg","width":2560,"height":1800},{"@type":"BreadcrumbList","@id":"https:\/\/distribution.audio-technica.eu\/de-de\/produkt\/dx88-p\/#breadcrumb","itemListElement":[{"@type":"ListItem","position":1,"name":"Products","item":"https:\/\/distribution.audio-technica.eu\/de-de\/"},{"@type":"ListItem","position":2,"name":"Produkte","item":"https:\/\/distribution.audio-technica.eu\/de-de\/produkte\/"},{"@type":"ListItem","position":3,"name":"DX88-P"}]},{"@type":"WebSite","@id":"https:\/\/distribution.audio-technica.eu\/de-de\/#website","url":"https:\/\/distribution.audio-technica.eu\/de-de\/","name":"DE Audio-Technica Distribution","description":"","potentialAction":[{"@type":"SearchAction","target":{"@type":"EntryPoint","urlTemplate":"https:\/\/distribution.audio-technica.eu\/de-de\/?s={search_term_string}"},"query-input":{"@type":"PropertyValueSpecification","valueRequired":true,"valueName":"search_term_string"}}],"inLanguage":"de"}]}},"_links":{"self":[{"href":"https:\/\/distribution.audio-technica.eu\/de-de\/wp-json\/wp\/v2\/product\/21640","targetHints":{"allow":["GET"]}}],"collection":[{"href":"https:\/\/distribution.audio-technica.eu\/de-de\/wp-json\/wp\/v2\/product"}],"about":[{"href":"https:\/\/distribution.audio-technica.eu\/de-de\/wp-json\/wp\/v2\/types\/product"}],"wp:featuredmedia":[{"embeddable":true,"href":"https:\/\/distribution.audio-technica.eu\/de-de\/wp-json\/wp\/v2\/media\/21642"}],"wp:attachment":[{"href":"https:\/\/distribution.audio-technica.eu\/de-de\/wp-json\/wp\/v2\/media?parent=21640"}],"wp:term":[{"taxonomy":"product_brand","embeddable":true,"href":"https:\/\/distribution.audio-technica.eu\/de-de\/wp-json\/wp\/v2\/product_brand?post=21640"},{"taxonomy":"product_cat","embeddable":true,"href":"https:\/\/distribution.audio-technica.eu\/de-de\/wp-json\/wp\/v2\/product_cat?post=21640"},{"taxonomy":"product_tag","embeddable":true,"href":"https:\/\/distribution.audio-technica.eu\/de-de\/wp-json\/wp\/v2\/product_tag?post=21640"}],"curies":[{"name":"wp","href":"https:\/\/api.w.org\/{rel}","templated":true}]}}