{"id":21646,"date":"2026-02-24T09:28:58","date_gmt":"2026-02-24T09:28:58","guid":{"rendered":"https:\/\/distribution.audio-technica.eu\/de-de\/?post_type=product&#038;p=21646"},"modified":"2026-03-26T15:49:40","modified_gmt":"2026-03-26T15:49:40","slug":"dx-hub","status":"publish","type":"product","link":"https:\/\/distribution.audio-technica.eu\/de-de\/produkt\/dx-hub\/","title":{"rendered":"DX-Hub"},"content":{"rendered":"<p>Der DX Hub bietet vier DX-Link-Ports mit jeweils 32\u00d732 Kan\u00e4len (96 kHz), \u00fcber die bis zu acht DX-Expander angeschlossen werden k\u00f6nnen.<\/p>\n<p>&nbsp;<\/p>\n<p>Der DX Hub eignet sich besonders f\u00fcr Festinstallationen und kommerzielle Audioanwendungen sowie f\u00fcr alle Umgebungen, in denen eine einzelne CAT5e-\u201aTrunk\u2018-Leitung vom AHM-, dLive-, Avantis- oder SQ-System zum DX Hub f\u00fchren soll. F\u00fcr die Montage in einem 19-Zoll-Rack (1 HE) ist ein optionales Rack-Einbauset erh\u00e4ltlich.<\/p>\n","protected":false},"excerpt":{"rendered":"<p>Mit vier DX-Link-Schnittstellen f\u00fcr je 32\u00d732 Kan\u00e4le (96 kHz) bildet der DX Hub die zentrale Schnittstelle f\u00fcr Ihre DX-Expander. Da jeder Port bis zu zwei Einheiten unterst\u00fctzt, lassen sich so bis zu 128 Remote-Eing\u00e4nge und 64 Remote-Ausg\u00e4nge realisieren. F\u00fcr maximale Skalierbarkeit oder den redundanten Betrieb (exklusiv f\u00fcr dLive) ist zudem die Nutzung mehrerer DX Hubs m\u00f6glich.<\/p>\n","protected":false},"featured_media":21647,"template":"","meta":{"_acf_changed":false},"product_brand":[],"product_cat":[1983],"product_tag":[],"class_list":{"0":"post-21646","1":"product","2":"type-product","3":"status-publish","4":"has-post-thumbnail","6":"product_cat-i-o-expanders","7":"product_series-everything-i-o","9":"first","10":"instock","11":"shipping-taxable","12":"product-type-simple"},"acf":[],"yoast_head":"<!-- This site is optimized with the Yoast SEO plugin v27.1.1 - https:\/\/yoast.com\/product\/yoast-seo-wordpress\/ -->\n<title>DX-Hub - DE Audio-Technica Distribution<\/title>\n<meta name=\"robots\" content=\"index, follow, max-snippet:-1, max-image-preview:large, max-video-preview:-1\" \/>\n<link rel=\"canonical\" href=\"https:\/\/distribution.audio-technica.eu\/de-de\/produkt\/dx-hub\/\" \/>\n<meta property=\"og:locale\" content=\"de_DE\" \/>\n<meta property=\"og:type\" content=\"article\" \/>\n<meta property=\"og:title\" content=\"DX-Hub - DE Audio-Technica Distribution\" \/>\n<meta property=\"og:description\" content=\"Mit vier DX-Link-Schnittstellen f\u00fcr je 32\u00d732 Kan\u00e4le (96 kHz) bildet der DX Hub die zentrale Schnittstelle f\u00fcr Ihre DX-Expander. Da jeder Port bis zu zwei Einheiten unterst\u00fctzt, lassen sich so bis zu 128 Remote-Eing\u00e4nge und 64 Remote-Ausg\u00e4nge realisieren. F\u00fcr maximale Skalierbarkeit oder den redundanten Betrieb (exklusiv f\u00fcr dLive) ist zudem die Nutzung mehrerer DX Hubs m\u00f6glich.\" \/>\n<meta property=\"og:url\" content=\"https:\/\/distribution.audio-technica.eu\/de-de\/produkt\/dx-hub\/\" \/>\n<meta property=\"og:site_name\" content=\"DE Audio-Technica Distribution\" \/>\n<meta property=\"article:modified_time\" content=\"2026-03-26T15:49:40+00:00\" \/>\n<meta property=\"og:image\" content=\"https:\/\/distribution.audio-technica.eu\/app\/uploads\/sites\/6\/RS1617_DX-Hub-Box-landing.jpg\" \/>\n\t<meta property=\"og:image:width\" content=\"904\" \/>\n\t<meta property=\"og:image:height\" content=\"430\" \/>\n\t<meta property=\"og:image:type\" content=\"image\/jpeg\" \/>\n<meta name=\"twitter:card\" content=\"summary_large_image\" \/>\n<meta name=\"twitter:label1\" content=\"Gesch\u00e4tzte Lesezeit\" \/>\n\t<meta name=\"twitter:data1\" content=\"1\u00a0Minute\" \/>\n<script type=\"application\/ld+json\" class=\"yoast-schema-graph\">{\"@context\":\"https:\/\/schema.org\",\"@graph\":[{\"@type\":\"WebPage\",\"@id\":\"https:\/\/distribution.audio-technica.eu\/de-de\/produkt\/dx-hub\/\",\"url\":\"https:\/\/distribution.audio-technica.eu\/de-de\/produkt\/dx-hub\/\",\"name\":\"DX-Hub - DE Audio-Technica Distribution\",\"isPartOf\":{\"@id\":\"https:\/\/distribution.audio-technica.eu\/de-de\/#website\"},\"primaryImageOfPage\":{\"@id\":\"https:\/\/distribution.audio-technica.eu\/de-de\/produkt\/dx-hub\/#primaryimage\"},\"image\":{\"@id\":\"https:\/\/distribution.audio-technica.eu\/de-de\/produkt\/dx-hub\/#primaryimage\"},\"thumbnailUrl\":\"\/app\/uploads\/sites\/6\/RS1617_DX-Hub-Box-landing.jpg\",\"datePublished\":\"2026-02-24T09:28:58+00:00\",\"dateModified\":\"2026-03-26T15:49:40+00:00\",\"breadcrumb\":{\"@id\":\"https:\/\/distribution.audio-technica.eu\/de-de\/produkt\/dx-hub\/#breadcrumb\"},\"inLanguage\":\"de\",\"potentialAction\":[{\"@type\":\"ReadAction\",\"target\":[\"https:\/\/distribution.audio-technica.eu\/de-de\/produkt\/dx-hub\/\"]}]},{\"@type\":\"ImageObject\",\"inLanguage\":\"de\",\"@id\":\"https:\/\/distribution.audio-technica.eu\/de-de\/produkt\/dx-hub\/#primaryimage\",\"url\":\"\/app\/uploads\/sites\/6\/RS1617_DX-Hub-Box-landing.jpg\",\"contentUrl\":\"\/app\/uploads\/sites\/6\/RS1617_DX-Hub-Box-landing.jpg\",\"width\":904,\"height\":430},{\"@type\":\"BreadcrumbList\",\"@id\":\"https:\/\/distribution.audio-technica.eu\/de-de\/produkt\/dx-hub\/#breadcrumb\",\"itemListElement\":[{\"@type\":\"ListItem\",\"position\":1,\"name\":\"Products\",\"item\":\"https:\/\/distribution.audio-technica.eu\/de-de\/\"},{\"@type\":\"ListItem\",\"position\":2,\"name\":\"Produkte\",\"item\":\"https:\/\/distribution.audio-technica.eu\/de-de\/produkte\/\"},{\"@type\":\"ListItem\",\"position\":3,\"name\":\"DX-Hub\"}]},{\"@type\":\"WebSite\",\"@id\":\"https:\/\/distribution.audio-technica.eu\/de-de\/#website\",\"url\":\"https:\/\/distribution.audio-technica.eu\/de-de\/\",\"name\":\"DE Audio-Technica Distribution\",\"description\":\"\",\"potentialAction\":[{\"@type\":\"SearchAction\",\"target\":{\"@type\":\"EntryPoint\",\"urlTemplate\":\"https:\/\/distribution.audio-technica.eu\/de-de\/?s={search_term_string}\"},\"query-input\":{\"@type\":\"PropertyValueSpecification\",\"valueRequired\":true,\"valueName\":\"search_term_string\"}}],\"inLanguage\":\"de\"}]}<\/script>\n<!-- \/ Yoast SEO plugin. -->","yoast_head_json":{"title":"DX-Hub - DE Audio-Technica Distribution","robots":{"index":"index","follow":"follow","max-snippet":"max-snippet:-1","max-image-preview":"max-image-preview:large","max-video-preview":"max-video-preview:-1"},"canonical":"https:\/\/distribution.audio-technica.eu\/de-de\/produkt\/dx-hub\/","og_locale":"de_DE","og_type":"article","og_title":"DX-Hub - DE Audio-Technica Distribution","og_description":"Mit vier DX-Link-Schnittstellen f\u00fcr je 32\u00d732 Kan\u00e4le (96 kHz) bildet der DX Hub die zentrale Schnittstelle f\u00fcr Ihre DX-Expander. Da jeder Port bis zu zwei Einheiten unterst\u00fctzt, lassen sich so bis zu 128 Remote-Eing\u00e4nge und 64 Remote-Ausg\u00e4nge realisieren. F\u00fcr maximale Skalierbarkeit oder den redundanten Betrieb (exklusiv f\u00fcr dLive) ist zudem die Nutzung mehrerer DX Hubs m\u00f6glich.","og_url":"https:\/\/distribution.audio-technica.eu\/de-de\/produkt\/dx-hub\/","og_site_name":"DE Audio-Technica Distribution","article_modified_time":"2026-03-26T15:49:40+00:00","og_image":[{"width":904,"height":430,"url":"https:\/\/distribution.audio-technica.eu\/app\/uploads\/sites\/6\/RS1617_DX-Hub-Box-landing.jpg","type":"image\/jpeg"}],"twitter_card":"summary_large_image","twitter_misc":{"Gesch\u00e4tzte Lesezeit":"1\u00a0Minute"},"schema":{"@context":"https:\/\/schema.org","@graph":[{"@type":"WebPage","@id":"https:\/\/distribution.audio-technica.eu\/de-de\/produkt\/dx-hub\/","url":"https:\/\/distribution.audio-technica.eu\/de-de\/produkt\/dx-hub\/","name":"DX-Hub - DE Audio-Technica Distribution","isPartOf":{"@id":"https:\/\/distribution.audio-technica.eu\/de-de\/#website"},"primaryImageOfPage":{"@id":"https:\/\/distribution.audio-technica.eu\/de-de\/produkt\/dx-hub\/#primaryimage"},"image":{"@id":"https:\/\/distribution.audio-technica.eu\/de-de\/produkt\/dx-hub\/#primaryimage"},"thumbnailUrl":"\/app\/uploads\/sites\/6\/RS1617_DX-Hub-Box-landing.jpg","datePublished":"2026-02-24T09:28:58+00:00","dateModified":"2026-03-26T15:49:40+00:00","breadcrumb":{"@id":"https:\/\/distribution.audio-technica.eu\/de-de\/produkt\/dx-hub\/#breadcrumb"},"inLanguage":"de","potentialAction":[{"@type":"ReadAction","target":["https:\/\/distribution.audio-technica.eu\/de-de\/produkt\/dx-hub\/"]}]},{"@type":"ImageObject","inLanguage":"de","@id":"https:\/\/distribution.audio-technica.eu\/de-de\/produkt\/dx-hub\/#primaryimage","url":"\/app\/uploads\/sites\/6\/RS1617_DX-Hub-Box-landing.jpg","contentUrl":"\/app\/uploads\/sites\/6\/RS1617_DX-Hub-Box-landing.jpg","width":904,"height":430},{"@type":"BreadcrumbList","@id":"https:\/\/distribution.audio-technica.eu\/de-de\/produkt\/dx-hub\/#breadcrumb","itemListElement":[{"@type":"ListItem","position":1,"name":"Products","item":"https:\/\/distribution.audio-technica.eu\/de-de\/"},{"@type":"ListItem","position":2,"name":"Produkte","item":"https:\/\/distribution.audio-technica.eu\/de-de\/produkte\/"},{"@type":"ListItem","position":3,"name":"DX-Hub"}]},{"@type":"WebSite","@id":"https:\/\/distribution.audio-technica.eu\/de-de\/#website","url":"https:\/\/distribution.audio-technica.eu\/de-de\/","name":"DE Audio-Technica Distribution","description":"","potentialAction":[{"@type":"SearchAction","target":{"@type":"EntryPoint","urlTemplate":"https:\/\/distribution.audio-technica.eu\/de-de\/?s={search_term_string}"},"query-input":{"@type":"PropertyValueSpecification","valueRequired":true,"valueName":"search_term_string"}}],"inLanguage":"de"}]}},"_links":{"self":[{"href":"https:\/\/distribution.audio-technica.eu\/de-de\/wp-json\/wp\/v2\/product\/21646","targetHints":{"allow":["GET"]}}],"collection":[{"href":"https:\/\/distribution.audio-technica.eu\/de-de\/wp-json\/wp\/v2\/product"}],"about":[{"href":"https:\/\/distribution.audio-technica.eu\/de-de\/wp-json\/wp\/v2\/types\/product"}],"wp:featuredmedia":[{"embeddable":true,"href":"https:\/\/distribution.audio-technica.eu\/de-de\/wp-json\/wp\/v2\/media\/21647"}],"wp:attachment":[{"href":"https:\/\/distribution.audio-technica.eu\/de-de\/wp-json\/wp\/v2\/media?parent=21646"}],"wp:term":[{"taxonomy":"product_brand","embeddable":true,"href":"https:\/\/distribution.audio-technica.eu\/de-de\/wp-json\/wp\/v2\/product_brand?post=21646"},{"taxonomy":"product_cat","embeddable":true,"href":"https:\/\/distribution.audio-technica.eu\/de-de\/wp-json\/wp\/v2\/product_cat?post=21646"},{"taxonomy":"product_tag","embeddable":true,"href":"https:\/\/distribution.audio-technica.eu\/de-de\/wp-json\/wp\/v2\/product_tag?post=21646"}],"curies":[{"name":"wp","href":"https:\/\/api.w.org\/{rel}","templated":true}]}}