{"id":21658,"date":"2026-02-24T09:50:48","date_gmt":"2026-02-24T09:50:48","guid":{"rendered":"https:\/\/distribution.audio-technica.eu\/de-de\/?post_type=product&#038;p=21658"},"modified":"2026-03-16T12:10:55","modified_gmt":"2026-03-16T12:10:55","slug":"dlive-dm0","status":"publish","type":"product","link":"https:\/\/distribution.audio-technica.eu\/de-de\/produkt\/dlive-dm0\/","title":{"rendered":"dLive DM0U"},"content":{"rendered":"<h3 data-path-to-node=\"5\">XCVI-Kern<\/h3>\n<p data-path-to-node=\"6\">Die Leistung der dLive basiert auf dem XCVI-Kern, der vom Allen &amp; Heath F&amp;E-Team auf Basis modernster <b data-path-to-node=\"6\" data-index-in-node=\"102\">FPGA-Technologie<\/b> entwickelt wurde. Mit 36 parallelen Prozessorkernen bietet er ausreichend Kapazit\u00e4t f\u00fcr <b data-path-to-node=\"6\" data-index-in-node=\"207\">160\u00d764 Kan\u00e4le<\/b> bei einer Abtastrate von <b data-path-to-node=\"6\" data-index-in-node=\"246\">96 kHz<\/b>. Sechs parallele Mix-Engines berechnen \u00fcber 10.000 Cross-Points pro Sample, w\u00e4hrend der FPGA-Router Kapazit\u00e4ten f\u00fcr 3.000 x 3.000 Audiowege besitzt. Dank der enormen Leistung von XCVI (25 Billionen Operationen pro Sekunde) liefert dLive 128 Eing\u00e4nge mit vollst\u00e4ndigem Processing, 16 Stereo-FX-Returns und eine konfigurierbare <b data-path-to-node=\"6\" data-index-in-node=\"579\">64-Bus-Architektur<\/b>. Die variable Bittiefe sorgt f\u00fcr h\u00f6chste Pr\u00e4zision und optimales Rauschverhalten, w\u00e4hrend der 96-Bit-Akkumulator einen nahezu unendlichen Headroom bei einer ultra-niedrigen Latenz von nur <b data-path-to-node=\"6\" data-index-in-node=\"786\">0,7 ms<\/b>garantiert.<\/p>\n<h3 data-path-to-node=\"7\">DEEP Processing<\/h3>\n<p data-path-to-node=\"8\">Die DEEP-Processing-Architektur bettet hochwertige Kompressoren und Emulationen direkt in die Eingangs- und Mix-Kan\u00e4le der dLive ein. Ma\u00dfgeschneiderte Algorithmen \u2013 darunter Modelle von Grafik-EQs, Vorverst\u00e4rkern und Kompressoren \u2013 k\u00f6nnen direkt \u201eon the fly\u201c eingef\u00fcgt werden, ohne FX-Slots zu belegen oder Latenz- und Lizenzprobleme externer Plug-ins zu verursachen. Die Kompressormodelle fangen jede Nuance des Audiosignals ein und emulieren die nichtlineare Ballistik von Branchenklassikern \u2013 von langsam ansprechenden optischen Modellen und RMS-Schaltungen mit Soft-Knee bis hin zu extrem schnellen Peak-Limiting-Ger\u00e4ten.<\/p>\n<h3 data-path-to-node=\"9\">RackExtra FX<\/h3>\n<p data-path-to-node=\"10\">RackExtra FX kombiniert die erstklassige Qualit\u00e4t von High-End-Plug-ins mit den Vorteilen eines internen Processings mit geringer Latenz. Durch die Leistung des XCVI-Kerns konnten leistungsstarke Kernel im FPGA erstellt werden, die eine Bibliothek aus Reverbs, Delays und Modulations-Algorithmen direkt in die dLive integrieren. Es stehen <b data-path-to-node=\"10\" data-index-in-node=\"339\">16 FX-Slots<\/b>mit jeweils eigenem Stereo-Return zur Verf\u00fcgung.<\/p>\n<h3 data-path-to-node=\"12\"><\/h3>\n<h3 data-path-to-node=\"12\">Technische Highlights &amp; Features<\/h3>\n<ul data-path-to-node=\"13\">\n<li>\n<p data-path-to-node=\"13,0,0\"><b data-path-to-node=\"13,0,0\" data-index-in-node=\"0\">XCVI 160\u00d764 FPGA-Kern<\/b> mit 96 kHz Abtastrate<\/p>\n<\/li>\n<li>\n<p data-path-to-node=\"13,1,0\">Variable Bittiefe f\u00fcr h\u00f6chste Pr\u00e4zision und minimales Rauschverhalten<\/p>\n<\/li>\n<li>\n<p data-path-to-node=\"13,2,0\">Nahezu unendlicher Mix-Headroom dank <b data-path-to-node=\"13,2,0\" data-index-in-node=\"37\">96-Bit-Akkumulator<\/b><\/p>\n<\/li>\n<li>\n<p data-path-to-node=\"13,3,0\">Branchenf\u00fchrende, ultra-niedrige Latenz von nur <b data-path-to-node=\"13,3,0\" data-index-in-node=\"48\">0,7 ms<\/b><\/p>\n<\/li>\n<li>\n<p data-path-to-node=\"13,4,0\">128 Eingangskan\u00e4le mit vollem Processing<\/p>\n<\/li>\n<li>\n<p data-path-to-node=\"13,5,0\">64 Mix-Ausg\u00e4nge mit vollem Processing<\/p>\n<\/li>\n<li>\n<p data-path-to-node=\"13,6,0\"><b data-path-to-node=\"13,6,0\" data-index-in-node=\"0\">Konfigurierbare 64-Bus-Architektur<\/b> (Gruppe, FX, Aux, Matrix, Main)<\/p>\n<\/li>\n<li>\n<p data-path-to-node=\"13,7,0\">Modi: LR, LCR und bis zu 5.1<\/p>\n<\/li>\n<li>\n<p data-path-to-node=\"13,8,0\">Mehrere PFLs<\/p>\n<\/li>\n<li>\n<p data-path-to-node=\"13,9,0\">16 RackExtra FX mit dedizierten Stereo-Returns<\/p>\n<\/li>\n<li>\n<p data-path-to-node=\"13,10,0\">24 DCAs<\/p>\n<\/li>\n<li>\n<p data-path-to-node=\"13,11,0\">Integrierter Signalgenerator und RTA<\/p>\n<\/li>\n<\/ul>\n<h3 data-path-to-node=\"14\">Konnektivit\u00e4t &amp; Design<\/h3>\n<ul data-path-to-node=\"15\">\n<li>\n<p data-path-to-node=\"15,0,0\"><b data-path-to-node=\"15,0,0\" data-index-in-node=\"0\">gigaACE Gigabit-Link<\/b> zur Surface<\/p>\n<\/li>\n<li>\n<p data-path-to-node=\"15,1,0\">2x DX-Links f\u00fcr I\/O-Erweiterung<\/p>\n<\/li>\n<li>\n<p data-path-to-node=\"15,2,0\">I\/O-Port \u2013 128 Kan\u00e4le bei 96 kHz<\/p>\n<\/li>\n<li>\n<p data-path-to-node=\"15,3,0\">Dedizierter ME-1 Port (48 kHz)<\/p>\n<\/li>\n<li>\n<p data-path-to-node=\"15,4,0\">2x Netzwerk-Ports<\/p>\n<\/li>\n<li>\n<p data-path-to-node=\"15,5,0\">Wordclock BNC I\/O<\/p>\n<\/li>\n<li>\n<p data-path-to-node=\"15,6,0\">Vorderseite mit ultra-leisem L\u00fcfter<\/p>\n<\/li>\n<li>\n<p data-path-to-node=\"15,7,0\"><b data-path-to-node=\"15,7,0\" data-index-in-node=\"0\">Redundantes Doppelnetzteil<\/b><\/p>\n<\/li>\n<li>\n<p data-path-to-node=\"15,8,0\">Reversibles Rack-Ear-Design (umkehrbare Rack-Winkel)<\/p>\n<\/li>\n<\/ul>\n","protected":false},"excerpt":{"rendered":"<p data-path-to-node=\"3\">Mit einem kompakten Format von nur <b data-path-to-node=\"3\" data-index-in-node=\"35\">4 HE<\/b> ist das <b data-path-to-node=\"3\" data-index-in-node=\"48\">DM0<\/b> das kleinste MixRack der dLive-Serie. Es ist speziell f\u00fcr Anwendungen im Bereich Distributed Audio und digitale Splits konzipiert. Es beherbergt den vollst\u00e4ndigen <b data-path-to-node=\"3\" data-index-in-node=\"215\">XCVI-Prozessorkern<\/b> inklusive Audio-I\/O sowie Netzwerkports f\u00fcr Steuerung und Audio. Die Kontrolle erfolgt wahlweise \u00fcber eine dLive-Surface, einen Laptop oder ein iPad, Allen &amp; Heath IP-Remote-Controller oder Drittanbieter-Steuerungen via TCP\/IP.<\/p>\n<p data-path-to-node=\"4\">Alle dLive MixRacks nutzen dieselbe Mix-Engine und k\u00f6nnen durch DX-Expander oder digitale Quellen auf bis zu <b data-path-to-node=\"4\" data-index-in-node=\"109\">128 Kan\u00e4le<\/b> erweitert werden.<\/p>\n","protected":false},"featured_media":21659,"template":"","meta":{"_acf_changed":false},"product_brand":[],"product_cat":[1979],"product_tag":[],"class_list":{"0":"post-21658","1":"product","2":"type-product","3":"status-publish","4":"has-post-thumbnail","6":"product_cat-dlive-s-class","7":"product_series-dlive","9":"first","10":"instock","11":"shipping-taxable","12":"product-type-simple"},"acf":[],"yoast_head":"<!-- This site is optimized with the Yoast SEO plugin v27.1.1 - https:\/\/yoast.com\/product\/yoast-seo-wordpress\/ -->\n<title>dLive DM0U - DE Audio-Technica Distribution<\/title>\n<meta name=\"robots\" content=\"index, follow, max-snippet:-1, max-image-preview:large, max-video-preview:-1\" \/>\n<link rel=\"canonical\" href=\"https:\/\/distribution.audio-technica.eu\/de-de\/produkt\/dlive-dm0\/\" \/>\n<meta property=\"og:locale\" content=\"de_DE\" \/>\n<meta property=\"og:type\" content=\"article\" \/>\n<meta property=\"og:title\" content=\"dLive DM0U - DE Audio-Technica Distribution\" \/>\n<meta property=\"og:description\" content=\"Mit einem kompakten Format von nur 4 HE ist das DM0 das kleinste MixRack der dLive-Serie. Es ist speziell f\u00fcr Anwendungen im Bereich Distributed Audio und digitale Splits konzipiert. Es beherbergt den vollst\u00e4ndigen XCVI-Prozessorkern inklusive Audio-I\/O sowie Netzwerkports f\u00fcr Steuerung und Audio. Die Kontrolle erfolgt wahlweise \u00fcber eine dLive-Surface, einen Laptop oder ein iPad, Allen &amp; Heath IP-Remote-Controller oder Drittanbieter-Steuerungen via TCP\/IP. Alle dLive MixRacks nutzen dieselbe Mix-Engine und k\u00f6nnen durch DX-Expander oder digitale Quellen auf bis zu 128 Kan\u00e4le erweitert werden.\" \/>\n<meta property=\"og:url\" content=\"https:\/\/distribution.audio-technica.eu\/de-de\/produkt\/dlive-dm0\/\" \/>\n<meta property=\"og:site_name\" content=\"DE Audio-Technica Distribution\" \/>\n<meta property=\"article:modified_time\" content=\"2026-03-16T12:10:55+00:00\" \/>\n<meta property=\"og:image\" content=\"https:\/\/distribution.audio-technica.eu\/app\/uploads\/sites\/6\/RS5296_dLive-DM0-Front-scaled.jpg\" \/>\n\t<meta property=\"og:image:width\" content=\"2560\" \/>\n\t<meta property=\"og:image:height\" content=\"1810\" \/>\n\t<meta property=\"og:image:type\" content=\"image\/jpeg\" \/>\n<meta name=\"twitter:card\" content=\"summary_large_image\" \/>\n<meta name=\"twitter:label1\" content=\"Gesch\u00e4tzte Lesezeit\" \/>\n\t<meta name=\"twitter:data1\" content=\"3\u00a0Minuten\" \/>\n<script type=\"application\/ld+json\" class=\"yoast-schema-graph\">{\"@context\":\"https:\/\/schema.org\",\"@graph\":[{\"@type\":\"WebPage\",\"@id\":\"https:\/\/distribution.audio-technica.eu\/de-de\/produkt\/dlive-dm0\/\",\"url\":\"https:\/\/distribution.audio-technica.eu\/de-de\/produkt\/dlive-dm0\/\",\"name\":\"dLive DM0U - DE Audio-Technica Distribution\",\"isPartOf\":{\"@id\":\"https:\/\/distribution.audio-technica.eu\/de-de\/#website\"},\"primaryImageOfPage\":{\"@id\":\"https:\/\/distribution.audio-technica.eu\/de-de\/produkt\/dlive-dm0\/#primaryimage\"},\"image\":{\"@id\":\"https:\/\/distribution.audio-technica.eu\/de-de\/produkt\/dlive-dm0\/#primaryimage\"},\"thumbnailUrl\":\"\/app\/uploads\/sites\/6\/RS5296_dLive-DM0-Front-scaled.jpg\",\"datePublished\":\"2026-02-24T09:50:48+00:00\",\"dateModified\":\"2026-03-16T12:10:55+00:00\",\"breadcrumb\":{\"@id\":\"https:\/\/distribution.audio-technica.eu\/de-de\/produkt\/dlive-dm0\/#breadcrumb\"},\"inLanguage\":\"de\",\"potentialAction\":[{\"@type\":\"ReadAction\",\"target\":[\"https:\/\/distribution.audio-technica.eu\/de-de\/produkt\/dlive-dm0\/\"]}]},{\"@type\":\"ImageObject\",\"inLanguage\":\"de\",\"@id\":\"https:\/\/distribution.audio-technica.eu\/de-de\/produkt\/dlive-dm0\/#primaryimage\",\"url\":\"\/app\/uploads\/sites\/6\/RS5296_dLive-DM0-Front-scaled.jpg\",\"contentUrl\":\"\/app\/uploads\/sites\/6\/RS5296_dLive-DM0-Front-scaled.jpg\",\"width\":2560,\"height\":1810},{\"@type\":\"BreadcrumbList\",\"@id\":\"https:\/\/distribution.audio-technica.eu\/de-de\/produkt\/dlive-dm0\/#breadcrumb\",\"itemListElement\":[{\"@type\":\"ListItem\",\"position\":1,\"name\":\"Products\",\"item\":\"https:\/\/distribution.audio-technica.eu\/de-de\/\"},{\"@type\":\"ListItem\",\"position\":2,\"name\":\"Produkte\",\"item\":\"https:\/\/distribution.audio-technica.eu\/de-de\/produkte\/\"},{\"@type\":\"ListItem\",\"position\":3,\"name\":\"dLive DM0U\"}]},{\"@type\":\"WebSite\",\"@id\":\"https:\/\/distribution.audio-technica.eu\/de-de\/#website\",\"url\":\"https:\/\/distribution.audio-technica.eu\/de-de\/\",\"name\":\"DE Audio-Technica Distribution\",\"description\":\"\",\"potentialAction\":[{\"@type\":\"SearchAction\",\"target\":{\"@type\":\"EntryPoint\",\"urlTemplate\":\"https:\/\/distribution.audio-technica.eu\/de-de\/?s={search_term_string}\"},\"query-input\":{\"@type\":\"PropertyValueSpecification\",\"valueRequired\":true,\"valueName\":\"search_term_string\"}}],\"inLanguage\":\"de\"}]}<\/script>\n<!-- \/ Yoast SEO plugin. -->","yoast_head_json":{"title":"dLive DM0U - DE Audio-Technica Distribution","robots":{"index":"index","follow":"follow","max-snippet":"max-snippet:-1","max-image-preview":"max-image-preview:large","max-video-preview":"max-video-preview:-1"},"canonical":"https:\/\/distribution.audio-technica.eu\/de-de\/produkt\/dlive-dm0\/","og_locale":"de_DE","og_type":"article","og_title":"dLive DM0U - DE Audio-Technica Distribution","og_description":"Mit einem kompakten Format von nur 4 HE ist das DM0 das kleinste MixRack der dLive-Serie. Es ist speziell f\u00fcr Anwendungen im Bereich Distributed Audio und digitale Splits konzipiert. Es beherbergt den vollst\u00e4ndigen XCVI-Prozessorkern inklusive Audio-I\/O sowie Netzwerkports f\u00fcr Steuerung und Audio. Die Kontrolle erfolgt wahlweise \u00fcber eine dLive-Surface, einen Laptop oder ein iPad, Allen &amp; Heath IP-Remote-Controller oder Drittanbieter-Steuerungen via TCP\/IP. Alle dLive MixRacks nutzen dieselbe Mix-Engine und k\u00f6nnen durch DX-Expander oder digitale Quellen auf bis zu 128 Kan\u00e4le erweitert werden.","og_url":"https:\/\/distribution.audio-technica.eu\/de-de\/produkt\/dlive-dm0\/","og_site_name":"DE Audio-Technica Distribution","article_modified_time":"2026-03-16T12:10:55+00:00","og_image":[{"width":2560,"height":1810,"url":"https:\/\/distribution.audio-technica.eu\/app\/uploads\/sites\/6\/RS5296_dLive-DM0-Front-scaled.jpg","type":"image\/jpeg"}],"twitter_card":"summary_large_image","twitter_misc":{"Gesch\u00e4tzte Lesezeit":"3\u00a0Minuten"},"schema":{"@context":"https:\/\/schema.org","@graph":[{"@type":"WebPage","@id":"https:\/\/distribution.audio-technica.eu\/de-de\/produkt\/dlive-dm0\/","url":"https:\/\/distribution.audio-technica.eu\/de-de\/produkt\/dlive-dm0\/","name":"dLive DM0U - DE Audio-Technica Distribution","isPartOf":{"@id":"https:\/\/distribution.audio-technica.eu\/de-de\/#website"},"primaryImageOfPage":{"@id":"https:\/\/distribution.audio-technica.eu\/de-de\/produkt\/dlive-dm0\/#primaryimage"},"image":{"@id":"https:\/\/distribution.audio-technica.eu\/de-de\/produkt\/dlive-dm0\/#primaryimage"},"thumbnailUrl":"\/app\/uploads\/sites\/6\/RS5296_dLive-DM0-Front-scaled.jpg","datePublished":"2026-02-24T09:50:48+00:00","dateModified":"2026-03-16T12:10:55+00:00","breadcrumb":{"@id":"https:\/\/distribution.audio-technica.eu\/de-de\/produkt\/dlive-dm0\/#breadcrumb"},"inLanguage":"de","potentialAction":[{"@type":"ReadAction","target":["https:\/\/distribution.audio-technica.eu\/de-de\/produkt\/dlive-dm0\/"]}]},{"@type":"ImageObject","inLanguage":"de","@id":"https:\/\/distribution.audio-technica.eu\/de-de\/produkt\/dlive-dm0\/#primaryimage","url":"\/app\/uploads\/sites\/6\/RS5296_dLive-DM0-Front-scaled.jpg","contentUrl":"\/app\/uploads\/sites\/6\/RS5296_dLive-DM0-Front-scaled.jpg","width":2560,"height":1810},{"@type":"BreadcrumbList","@id":"https:\/\/distribution.audio-technica.eu\/de-de\/produkt\/dlive-dm0\/#breadcrumb","itemListElement":[{"@type":"ListItem","position":1,"name":"Products","item":"https:\/\/distribution.audio-technica.eu\/de-de\/"},{"@type":"ListItem","position":2,"name":"Produkte","item":"https:\/\/distribution.audio-technica.eu\/de-de\/produkte\/"},{"@type":"ListItem","position":3,"name":"dLive DM0U"}]},{"@type":"WebSite","@id":"https:\/\/distribution.audio-technica.eu\/de-de\/#website","url":"https:\/\/distribution.audio-technica.eu\/de-de\/","name":"DE Audio-Technica Distribution","description":"","potentialAction":[{"@type":"SearchAction","target":{"@type":"EntryPoint","urlTemplate":"https:\/\/distribution.audio-technica.eu\/de-de\/?s={search_term_string}"},"query-input":{"@type":"PropertyValueSpecification","valueRequired":true,"valueName":"search_term_string"}}],"inLanguage":"de"}]}},"_links":{"self":[{"href":"https:\/\/distribution.audio-technica.eu\/de-de\/wp-json\/wp\/v2\/product\/21658","targetHints":{"allow":["GET"]}}],"collection":[{"href":"https:\/\/distribution.audio-technica.eu\/de-de\/wp-json\/wp\/v2\/product"}],"about":[{"href":"https:\/\/distribution.audio-technica.eu\/de-de\/wp-json\/wp\/v2\/types\/product"}],"wp:featuredmedia":[{"embeddable":true,"href":"https:\/\/distribution.audio-technica.eu\/de-de\/wp-json\/wp\/v2\/media\/21659"}],"wp:attachment":[{"href":"https:\/\/distribution.audio-technica.eu\/de-de\/wp-json\/wp\/v2\/media?parent=21658"}],"wp:term":[{"taxonomy":"product_brand","embeddable":true,"href":"https:\/\/distribution.audio-technica.eu\/de-de\/wp-json\/wp\/v2\/product_brand?post=21658"},{"taxonomy":"product_cat","embeddable":true,"href":"https:\/\/distribution.audio-technica.eu\/de-de\/wp-json\/wp\/v2\/product_cat?post=21658"},{"taxonomy":"product_tag","embeddable":true,"href":"https:\/\/distribution.audio-technica.eu\/de-de\/wp-json\/wp\/v2\/product_tag?post=21658"}],"curies":[{"name":"wp","href":"https:\/\/api.w.org\/{rel}","templated":true}]}}