{"id":21669,"date":"2026-02-24T10:09:34","date_gmt":"2026-02-24T10:09:34","guid":{"rendered":"https:\/\/distribution.audio-technica.eu\/de-de\/?post_type=product&#038;p=21669"},"modified":"2026-03-16T12:10:36","modified_gmt":"2026-03-16T12:10:36","slug":"avantis","status":"publish","type":"product","link":"https:\/\/distribution.audio-technica.eu\/de-de\/produkt\/avantis\/","title":{"rendered":"Avantis"},"content":{"rendered":"<p data-path-to-node=\"2,0\">Mit den 15,6-Zoll-Full-HD-Touchscreens im Zentrum des Geschehens erlaubt das <b data-path-to-node=\"2,0\" data-index-in-node=\"77\">Continuity UI<\/b>, mehr von dem zu sehen und direkt zu steuern, was wirklich z\u00e4hlt. Es schafft eine nahtlose Verbindung zwischen den physischen Bedienelementen und dem Bildschirm.<\/p>\n<p data-path-to-node=\"2,1\">Die Fader reagieren auf Ber\u00fchrung und markieren sofort die aktiven Kan\u00e4le f\u00fcr ein unmittelbares visuelles Feedback. \u00dcber die Kanal-Drehregler lassen sich Gains oder Panoramen einstellen; per Tastendruck klappt das Display dynamisch um, um EQ- oder Kompressor-Parameter \u00fcber die gesamte Bank hinweg anzuzeigen.<\/p>\n<p data-path-to-node=\"2,2\">Jeder Bildschirm verf\u00fcgt zudem auf der rechten Seite \u00fcber einen <b data-path-to-node=\"2,2\" data-index-in-node=\"64\">FastGrab-Tab<\/b>. Dieser bietet blitzschnellen Zugriff auf wichtige, frei belegbare Parameter wie Aux-Sends, EQ, Kompressor und Effekte des aktuell ausgew\u00e4hlten oder eines spezifischen Kanals. Das gesamte System ist darauf ausgelegt, dynamisch genau die Informationen einzublenden, die Sie im jeweiligen Moment ben\u00f6tigen, und die volle Kontrolle direkt in Ihre Fingerspitzen zu legen.<\/p>\n<ul>\n<li>\n<p data-path-to-node=\"2,0,0\">96 kHz FPGA-Processing<\/p>\n<\/li>\n<li>\n<p data-path-to-node=\"2,1,0\">64 Eingangskan\u00e4le<\/p>\n<\/li>\n<li>\n<p data-path-to-node=\"2,2,0\">42 Busse<\/p>\n<\/li>\n<li>\n<p data-path-to-node=\"2,3,0\">Vollst\u00e4ndig konfigurierbare Mix-Architektur<\/p>\n<\/li>\n<li>\n<p data-path-to-node=\"2,4,0\">dPack-Upgrade f\u00fcr zus\u00e4tzliches dLive-Processing<\/p>\n<\/li>\n<li>\n<p data-path-to-node=\"2,5,0\">12 RackExtra-FX-Slots mit dedizierten Stereo-Returns<\/p>\n<\/li>\n<li>\n<p data-path-to-node=\"2,6,0\">Zwei 128\u00d7128 I\/O-Ports f\u00fcr Audio-Networking<\/p>\n<\/li>\n<li>\n<p data-path-to-node=\"2,7,0\">16 DCAs<\/p>\n<\/li>\n<li>\n<p data-path-to-node=\"2,8,0\">Gro\u00dfe Auswahl an Remote-Expandern<\/p>\n<\/li>\n<li>\n<p data-path-to-node=\"1,0,0\">Duale 15,6&#8243; Full-HD kapazitive Touchscreens<\/p>\n<\/li>\n<li>\n<p data-path-to-node=\"1,1,0\">24 frei belegbare SoftKeys<\/p>\n<\/li>\n<li>\n<p data-path-to-node=\"1,2,0\">24 Fader, 6 Layer<\/p>\n<\/li>\n<li>\n<p data-path-to-node=\"1,3,0\">12 analoge Eing\u00e4nge und 1 Stereo-AES-Eingang<\/p>\n<\/li>\n<li>\n<p data-path-to-node=\"1,4,0\">12 analoge Ausg\u00e4nge und 2 Stereo-AES-Ausg\u00e4nge<\/p>\n<\/li>\n<\/ul>\n","protected":false},"excerpt":{"rendered":"<p>Avantis ist eine Mischpult-Plattform mit 64 Kan\u00e4len und 42 konfigurierbaren Bussen. Sie basiert auf unserer 96-kHz-XCVI-FPGA-Engine mit einer branchenf\u00fchrenden Latenz von nur 0,7 ms und bietet optionales Add-on-Processing aus unserem dLive-Flaggschiff-System.<\/p>\n","protected":false},"featured_media":21670,"template":"","meta":{"_acf_changed":false},"product_brand":[],"product_cat":[1981],"product_tag":[],"class_list":{"0":"post-21669","1":"product","2":"type-product","3":"status-publish","4":"has-post-thumbnail","6":"product_cat-avantis","7":"product_series-avantis","9":"first","10":"instock","11":"shipping-taxable","12":"product-type-simple"},"acf":[],"yoast_head":"<!-- This site is optimized with the Yoast SEO plugin v27.1.1 - https:\/\/yoast.com\/product\/yoast-seo-wordpress\/ -->\n<title>Avantis - DE Audio-Technica Distribution<\/title>\n<meta name=\"robots\" content=\"index, follow, max-snippet:-1, max-image-preview:large, max-video-preview:-1\" \/>\n<link rel=\"canonical\" href=\"https:\/\/distribution.audio-technica.eu\/de-de\/produkt\/avantis\/\" \/>\n<meta property=\"og:locale\" content=\"de_DE\" \/>\n<meta property=\"og:type\" content=\"article\" \/>\n<meta property=\"og:title\" content=\"Avantis - DE Audio-Technica Distribution\" \/>\n<meta property=\"og:description\" content=\"Avantis ist eine Mischpult-Plattform mit 64 Kan\u00e4len und 42 konfigurierbaren Bussen. Sie basiert auf unserer 96-kHz-XCVI-FPGA-Engine mit einer branchenf\u00fchrenden Latenz von nur 0,7 ms und bietet optionales Add-on-Processing aus unserem dLive-Flaggschiff-System.\" \/>\n<meta property=\"og:url\" content=\"https:\/\/distribution.audio-technica.eu\/de-de\/produkt\/avantis\/\" \/>\n<meta property=\"og:site_name\" content=\"DE Audio-Technica Distribution\" \/>\n<meta property=\"article:modified_time\" content=\"2026-03-16T12:10:36+00:00\" \/>\n<meta property=\"og:image\" content=\"https:\/\/distribution.audio-technica.eu\/app\/uploads\/sites\/6\/RS368_Avantis-Front-300-scaled.jpg\" \/>\n\t<meta property=\"og:image:width\" content=\"2560\" \/>\n\t<meta property=\"og:image:height\" content=\"1810\" \/>\n\t<meta property=\"og:image:type\" content=\"image\/jpeg\" \/>\n<meta name=\"twitter:card\" content=\"summary_large_image\" \/>\n<meta name=\"twitter:label1\" content=\"Gesch\u00e4tzte Lesezeit\" \/>\n\t<meta name=\"twitter:data1\" content=\"2\u00a0Minuten\" \/>\n<script type=\"application\/ld+json\" class=\"yoast-schema-graph\">{\"@context\":\"https:\/\/schema.org\",\"@graph\":[{\"@type\":\"WebPage\",\"@id\":\"https:\/\/distribution.audio-technica.eu\/de-de\/produkt\/avantis\/\",\"url\":\"https:\/\/distribution.audio-technica.eu\/de-de\/produkt\/avantis\/\",\"name\":\"Avantis - DE Audio-Technica Distribution\",\"isPartOf\":{\"@id\":\"https:\/\/distribution.audio-technica.eu\/de-de\/#website\"},\"primaryImageOfPage\":{\"@id\":\"https:\/\/distribution.audio-technica.eu\/de-de\/produkt\/avantis\/#primaryimage\"},\"image\":{\"@id\":\"https:\/\/distribution.audio-technica.eu\/de-de\/produkt\/avantis\/#primaryimage\"},\"thumbnailUrl\":\"\/app\/uploads\/sites\/6\/RS368_Avantis-Front-300-scaled.jpg\",\"datePublished\":\"2026-02-24T10:09:34+00:00\",\"dateModified\":\"2026-03-16T12:10:36+00:00\",\"breadcrumb\":{\"@id\":\"https:\/\/distribution.audio-technica.eu\/de-de\/produkt\/avantis\/#breadcrumb\"},\"inLanguage\":\"de\",\"potentialAction\":[{\"@type\":\"ReadAction\",\"target\":[\"https:\/\/distribution.audio-technica.eu\/de-de\/produkt\/avantis\/\"]}]},{\"@type\":\"ImageObject\",\"inLanguage\":\"de\",\"@id\":\"https:\/\/distribution.audio-technica.eu\/de-de\/produkt\/avantis\/#primaryimage\",\"url\":\"\/app\/uploads\/sites\/6\/RS368_Avantis-Front-300-scaled.jpg\",\"contentUrl\":\"\/app\/uploads\/sites\/6\/RS368_Avantis-Front-300-scaled.jpg\",\"width\":2560,\"height\":1810},{\"@type\":\"BreadcrumbList\",\"@id\":\"https:\/\/distribution.audio-technica.eu\/de-de\/produkt\/avantis\/#breadcrumb\",\"itemListElement\":[{\"@type\":\"ListItem\",\"position\":1,\"name\":\"Products\",\"item\":\"https:\/\/distribution.audio-technica.eu\/de-de\/\"},{\"@type\":\"ListItem\",\"position\":2,\"name\":\"Produkte\",\"item\":\"https:\/\/distribution.audio-technica.eu\/de-de\/produkte\/\"},{\"@type\":\"ListItem\",\"position\":3,\"name\":\"Avantis\"}]},{\"@type\":\"WebSite\",\"@id\":\"https:\/\/distribution.audio-technica.eu\/de-de\/#website\",\"url\":\"https:\/\/distribution.audio-technica.eu\/de-de\/\",\"name\":\"DE Audio-Technica Distribution\",\"description\":\"\",\"potentialAction\":[{\"@type\":\"SearchAction\",\"target\":{\"@type\":\"EntryPoint\",\"urlTemplate\":\"https:\/\/distribution.audio-technica.eu\/de-de\/?s={search_term_string}\"},\"query-input\":{\"@type\":\"PropertyValueSpecification\",\"valueRequired\":true,\"valueName\":\"search_term_string\"}}],\"inLanguage\":\"de\"}]}<\/script>\n<!-- \/ Yoast SEO plugin. -->","yoast_head_json":{"title":"Avantis - DE Audio-Technica Distribution","robots":{"index":"index","follow":"follow","max-snippet":"max-snippet:-1","max-image-preview":"max-image-preview:large","max-video-preview":"max-video-preview:-1"},"canonical":"https:\/\/distribution.audio-technica.eu\/de-de\/produkt\/avantis\/","og_locale":"de_DE","og_type":"article","og_title":"Avantis - DE Audio-Technica Distribution","og_description":"Avantis ist eine Mischpult-Plattform mit 64 Kan\u00e4len und 42 konfigurierbaren Bussen. Sie basiert auf unserer 96-kHz-XCVI-FPGA-Engine mit einer branchenf\u00fchrenden Latenz von nur 0,7 ms und bietet optionales Add-on-Processing aus unserem dLive-Flaggschiff-System.","og_url":"https:\/\/distribution.audio-technica.eu\/de-de\/produkt\/avantis\/","og_site_name":"DE Audio-Technica Distribution","article_modified_time":"2026-03-16T12:10:36+00:00","og_image":[{"width":2560,"height":1810,"url":"https:\/\/distribution.audio-technica.eu\/app\/uploads\/sites\/6\/RS368_Avantis-Front-300-scaled.jpg","type":"image\/jpeg"}],"twitter_card":"summary_large_image","twitter_misc":{"Gesch\u00e4tzte Lesezeit":"2\u00a0Minuten"},"schema":{"@context":"https:\/\/schema.org","@graph":[{"@type":"WebPage","@id":"https:\/\/distribution.audio-technica.eu\/de-de\/produkt\/avantis\/","url":"https:\/\/distribution.audio-technica.eu\/de-de\/produkt\/avantis\/","name":"Avantis - DE Audio-Technica Distribution","isPartOf":{"@id":"https:\/\/distribution.audio-technica.eu\/de-de\/#website"},"primaryImageOfPage":{"@id":"https:\/\/distribution.audio-technica.eu\/de-de\/produkt\/avantis\/#primaryimage"},"image":{"@id":"https:\/\/distribution.audio-technica.eu\/de-de\/produkt\/avantis\/#primaryimage"},"thumbnailUrl":"\/app\/uploads\/sites\/6\/RS368_Avantis-Front-300-scaled.jpg","datePublished":"2026-02-24T10:09:34+00:00","dateModified":"2026-03-16T12:10:36+00:00","breadcrumb":{"@id":"https:\/\/distribution.audio-technica.eu\/de-de\/produkt\/avantis\/#breadcrumb"},"inLanguage":"de","potentialAction":[{"@type":"ReadAction","target":["https:\/\/distribution.audio-technica.eu\/de-de\/produkt\/avantis\/"]}]},{"@type":"ImageObject","inLanguage":"de","@id":"https:\/\/distribution.audio-technica.eu\/de-de\/produkt\/avantis\/#primaryimage","url":"\/app\/uploads\/sites\/6\/RS368_Avantis-Front-300-scaled.jpg","contentUrl":"\/app\/uploads\/sites\/6\/RS368_Avantis-Front-300-scaled.jpg","width":2560,"height":1810},{"@type":"BreadcrumbList","@id":"https:\/\/distribution.audio-technica.eu\/de-de\/produkt\/avantis\/#breadcrumb","itemListElement":[{"@type":"ListItem","position":1,"name":"Products","item":"https:\/\/distribution.audio-technica.eu\/de-de\/"},{"@type":"ListItem","position":2,"name":"Produkte","item":"https:\/\/distribution.audio-technica.eu\/de-de\/produkte\/"},{"@type":"ListItem","position":3,"name":"Avantis"}]},{"@type":"WebSite","@id":"https:\/\/distribution.audio-technica.eu\/de-de\/#website","url":"https:\/\/distribution.audio-technica.eu\/de-de\/","name":"DE Audio-Technica Distribution","description":"","potentialAction":[{"@type":"SearchAction","target":{"@type":"EntryPoint","urlTemplate":"https:\/\/distribution.audio-technica.eu\/de-de\/?s={search_term_string}"},"query-input":{"@type":"PropertyValueSpecification","valueRequired":true,"valueName":"search_term_string"}}],"inLanguage":"de"}]}},"_links":{"self":[{"href":"https:\/\/distribution.audio-technica.eu\/de-de\/wp-json\/wp\/v2\/product\/21669","targetHints":{"allow":["GET"]}}],"collection":[{"href":"https:\/\/distribution.audio-technica.eu\/de-de\/wp-json\/wp\/v2\/product"}],"about":[{"href":"https:\/\/distribution.audio-technica.eu\/de-de\/wp-json\/wp\/v2\/types\/product"}],"wp:featuredmedia":[{"embeddable":true,"href":"https:\/\/distribution.audio-technica.eu\/de-de\/wp-json\/wp\/v2\/media\/21670"}],"wp:attachment":[{"href":"https:\/\/distribution.audio-technica.eu\/de-de\/wp-json\/wp\/v2\/media?parent=21669"}],"wp:term":[{"taxonomy":"product_brand","embeddable":true,"href":"https:\/\/distribution.audio-technica.eu\/de-de\/wp-json\/wp\/v2\/product_brand?post=21669"},{"taxonomy":"product_cat","embeddable":true,"href":"https:\/\/distribution.audio-technica.eu\/de-de\/wp-json\/wp\/v2\/product_cat?post=21669"},{"taxonomy":"product_tag","embeddable":true,"href":"https:\/\/distribution.audio-technica.eu\/de-de\/wp-json\/wp\/v2\/product_tag?post=21669"}],"curies":[{"name":"wp","href":"https:\/\/api.w.org\/{rel}","templated":true}]}}