{"id":21675,"date":"2026-02-24T10:15:05","date_gmt":"2026-02-24T10:15:05","guid":{"rendered":"https:\/\/distribution.audio-technica.eu\/de-de\/?post_type=product&#038;p=21675"},"modified":"2026-03-16T12:10:27","modified_gmt":"2026-03-16T12:10:27","slug":"dante-64x64","status":"publish","type":"product","link":"https:\/\/distribution.audio-technica.eu\/de-de\/produkt\/dante-64x64\/","title":{"rendered":"M-DL-Dante64"},"content":{"rendered":"<p><span class=\"citation-46 citation-end-46\">Mit 64 bidirektionalen Audiokan\u00e4len bei 96 kHz eignet sich die Dante 64\u00d764 Karte ideal f\u00fcr digitale Splits mit hoher Kanalzahl zwischen Systemen \u2013 zum Beispiel zwischen FOH und Monitor.<\/span> Gleichzeitig erm\u00f6glicht sie Multitrack-Aufnahmen in kompromissloser Audioqualit\u00e4t via Dante Virtual Soundcard (separat erh\u00e4ltlich).<\/p>\n<p>&nbsp;<\/p>\n<ul>\n<li>\n<p data-path-to-node=\"2,0,0\">64 bidirektionale Dante-I\/O-Kan\u00e4le bei 96 kHz oder 48 kHz<\/p>\n<\/li>\n<li>\n<p data-path-to-node=\"2,1,0\">Betrieb mit 96 kHz oder 48 kHz<\/p>\n<\/li>\n<li>\n<p id=\"p-rc_c92212e9a6a9a040-52\" data-path-to-node=\"2,2,0\"><span class=\"citation-57\">Primary- und Secondary-Audio-Ports<\/span><span class=\"citation-57 citation-end-57\"> f\u00fcr Redundanz oder Switched-Modus<\/span><\/p>\n<\/li>\n<li>\n<p data-path-to-node=\"2,3,0\">Dedizierter Control-Network-Port zur Konfiguration<\/p>\n<\/li>\n<li>\n<p id=\"p-rc_c92212e9a6a9a040-53\" data-path-to-node=\"2,4,0\"><span class=\"citation-56\">Interner Network-Bridge-Schalter<\/span><span class=\"citation-56 citation-end-56\"> zur Kopplung des Control-Netzwerks mit dem Dante-Control-Netzwerk<\/span><\/p>\n<\/li>\n<li>\n<p data-path-to-node=\"2,5,0\">Mehrspuraufnahme \/ Wiedergabe \u00fcber Dante Virtual Soundcard (separat erh\u00e4ltlich):<\/p>\n<ul>\n<li>\n<p data-path-to-node=\"2,5,0\">64 Kan\u00e4le bei 48 kHz<\/p>\n<\/li>\n<li>\n<p id=\"p-rc_c92212e9a6a9a040-54\" data-path-to-node=\"2,5,1,1,0\"><span class=\"citation-55 citation-end-55\">32 Kan\u00e4le bei 96 kHz<\/span><\/p>\n<\/li>\n<\/ul>\n<\/li>\n<li>\n<p data-path-to-node=\"2,6,0\">Zwei Ports mit Redundanz- und Switched-Modi<\/p>\n<\/li>\n<li>\n<p data-path-to-node=\"2,7,0\">Verriegelbare Ethercon-Anschl\u00fcsse<\/p>\n<\/li>\n<li>\n<p data-path-to-node=\"2,8,0\">Dante Domain Manager (DDM) ready<\/p>\n<\/li>\n<li>\n<p data-path-to-node=\"2,9,0\">AES67-kompatibel<\/p>\n<\/li>\n<\/ul>\n","protected":false},"excerpt":{"rendered":"<p>Die Dante 64\u00d764 Audio-Netzwerkkarte wurde entwickelt, um dLive und Avantis nahtlos in vielf\u00e4ltige Live-, Installations- und Broadcast-Szenarien zu integrieren. <span class=\"citation-42 citation-end-42\">Sie bietet eine hohe Kanalzahl bei niedriger Latenz und erm\u00f6glicht die Anbindung an Dante-Netzwerke und -Ger\u00e4te \u00fcber Standard-Netzwerkverkabelung und herk\u00f6mmliche Hardware.<\/span><\/p>\n","protected":false},"featured_media":21676,"template":"","meta":{"_acf_changed":false},"product_brand":[],"product_cat":[1982],"product_tag":[],"class_list":{"0":"post-21675","1":"product","2":"type-product","3":"status-publish","4":"has-post-thumbnail","6":"product_cat-i-o-cards","7":"product_series-audio-networking","9":"first","10":"instock","11":"shipping-taxable","12":"product-type-simple"},"acf":[],"yoast_head":"<!-- This site is optimized with the Yoast SEO plugin v27.1.1 - https:\/\/yoast.com\/product\/yoast-seo-wordpress\/ -->\n<title>M-DL-Dante64 - DE Audio-Technica Distribution<\/title>\n<meta name=\"robots\" content=\"index, follow, max-snippet:-1, max-image-preview:large, max-video-preview:-1\" \/>\n<link rel=\"canonical\" href=\"https:\/\/distribution.audio-technica.eu\/de-de\/produkt\/dante-64x64\/\" \/>\n<meta property=\"og:locale\" content=\"de_DE\" \/>\n<meta property=\"og:type\" content=\"article\" \/>\n<meta property=\"og:title\" content=\"M-DL-Dante64 - DE Audio-Technica Distribution\" \/>\n<meta property=\"og:description\" content=\"Die Dante 64\u00d764 Audio-Netzwerkkarte wurde entwickelt, um dLive und Avantis nahtlos in vielf\u00e4ltige Live-, Installations- und Broadcast-Szenarien zu integrieren. Sie bietet eine hohe Kanalzahl bei niedriger Latenz und erm\u00f6glicht die Anbindung an Dante-Netzwerke und -Ger\u00e4te \u00fcber Standard-Netzwerkverkabelung und herk\u00f6mmliche Hardware.\" \/>\n<meta property=\"og:url\" content=\"https:\/\/distribution.audio-technica.eu\/de-de\/produkt\/dante-64x64\/\" \/>\n<meta property=\"og:site_name\" content=\"DE Audio-Technica Distribution\" \/>\n<meta property=\"article:modified_time\" content=\"2026-03-16T12:10:27+00:00\" \/>\n<meta property=\"og:image\" content=\"https:\/\/distribution.audio-technica.eu\/app\/uploads\/sites\/6\/RS4660_Dante-64x64-V3.jpg\" \/>\n\t<meta property=\"og:image:width\" content=\"1440\" \/>\n\t<meta property=\"og:image:height\" content=\"960\" \/>\n\t<meta property=\"og:image:type\" content=\"image\/jpeg\" \/>\n<meta name=\"twitter:card\" content=\"summary_large_image\" \/>\n<meta name=\"twitter:label1\" content=\"Gesch\u00e4tzte Lesezeit\" \/>\n\t<meta name=\"twitter:data1\" content=\"1\u00a0Minute\" \/>\n<script type=\"application\/ld+json\" class=\"yoast-schema-graph\">{\"@context\":\"https:\/\/schema.org\",\"@graph\":[{\"@type\":\"WebPage\",\"@id\":\"https:\/\/distribution.audio-technica.eu\/de-de\/produkt\/dante-64x64\/\",\"url\":\"https:\/\/distribution.audio-technica.eu\/de-de\/produkt\/dante-64x64\/\",\"name\":\"M-DL-Dante64 - DE Audio-Technica Distribution\",\"isPartOf\":{\"@id\":\"https:\/\/distribution.audio-technica.eu\/de-de\/#website\"},\"primaryImageOfPage\":{\"@id\":\"https:\/\/distribution.audio-technica.eu\/de-de\/produkt\/dante-64x64\/#primaryimage\"},\"image\":{\"@id\":\"https:\/\/distribution.audio-technica.eu\/de-de\/produkt\/dante-64x64\/#primaryimage\"},\"thumbnailUrl\":\"\/app\/uploads\/sites\/6\/RS4660_Dante-64x64-V3.jpg\",\"datePublished\":\"2026-02-24T10:15:05+00:00\",\"dateModified\":\"2026-03-16T12:10:27+00:00\",\"breadcrumb\":{\"@id\":\"https:\/\/distribution.audio-technica.eu\/de-de\/produkt\/dante-64x64\/#breadcrumb\"},\"inLanguage\":\"de\",\"potentialAction\":[{\"@type\":\"ReadAction\",\"target\":[\"https:\/\/distribution.audio-technica.eu\/de-de\/produkt\/dante-64x64\/\"]}]},{\"@type\":\"ImageObject\",\"inLanguage\":\"de\",\"@id\":\"https:\/\/distribution.audio-technica.eu\/de-de\/produkt\/dante-64x64\/#primaryimage\",\"url\":\"\/app\/uploads\/sites\/6\/RS4660_Dante-64x64-V3.jpg\",\"contentUrl\":\"\/app\/uploads\/sites\/6\/RS4660_Dante-64x64-V3.jpg\",\"width\":1440,\"height\":960},{\"@type\":\"BreadcrumbList\",\"@id\":\"https:\/\/distribution.audio-technica.eu\/de-de\/produkt\/dante-64x64\/#breadcrumb\",\"itemListElement\":[{\"@type\":\"ListItem\",\"position\":1,\"name\":\"Products\",\"item\":\"https:\/\/distribution.audio-technica.eu\/de-de\/\"},{\"@type\":\"ListItem\",\"position\":2,\"name\":\"Produkte\",\"item\":\"https:\/\/distribution.audio-technica.eu\/de-de\/produkte\/\"},{\"@type\":\"ListItem\",\"position\":3,\"name\":\"M-DL-Dante64\"}]},{\"@type\":\"WebSite\",\"@id\":\"https:\/\/distribution.audio-technica.eu\/de-de\/#website\",\"url\":\"https:\/\/distribution.audio-technica.eu\/de-de\/\",\"name\":\"DE Audio-Technica Distribution\",\"description\":\"\",\"potentialAction\":[{\"@type\":\"SearchAction\",\"target\":{\"@type\":\"EntryPoint\",\"urlTemplate\":\"https:\/\/distribution.audio-technica.eu\/de-de\/?s={search_term_string}\"},\"query-input\":{\"@type\":\"PropertyValueSpecification\",\"valueRequired\":true,\"valueName\":\"search_term_string\"}}],\"inLanguage\":\"de\"}]}<\/script>\n<!-- \/ Yoast SEO plugin. -->","yoast_head_json":{"title":"M-DL-Dante64 - DE Audio-Technica Distribution","robots":{"index":"index","follow":"follow","max-snippet":"max-snippet:-1","max-image-preview":"max-image-preview:large","max-video-preview":"max-video-preview:-1"},"canonical":"https:\/\/distribution.audio-technica.eu\/de-de\/produkt\/dante-64x64\/","og_locale":"de_DE","og_type":"article","og_title":"M-DL-Dante64 - DE Audio-Technica Distribution","og_description":"Die Dante 64\u00d764 Audio-Netzwerkkarte wurde entwickelt, um dLive und Avantis nahtlos in vielf\u00e4ltige Live-, Installations- und Broadcast-Szenarien zu integrieren. Sie bietet eine hohe Kanalzahl bei niedriger Latenz und erm\u00f6glicht die Anbindung an Dante-Netzwerke und -Ger\u00e4te \u00fcber Standard-Netzwerkverkabelung und herk\u00f6mmliche Hardware.","og_url":"https:\/\/distribution.audio-technica.eu\/de-de\/produkt\/dante-64x64\/","og_site_name":"DE Audio-Technica Distribution","article_modified_time":"2026-03-16T12:10:27+00:00","og_image":[{"width":1440,"height":960,"url":"https:\/\/distribution.audio-technica.eu\/app\/uploads\/sites\/6\/RS4660_Dante-64x64-V3.jpg","type":"image\/jpeg"}],"twitter_card":"summary_large_image","twitter_misc":{"Gesch\u00e4tzte Lesezeit":"1\u00a0Minute"},"schema":{"@context":"https:\/\/schema.org","@graph":[{"@type":"WebPage","@id":"https:\/\/distribution.audio-technica.eu\/de-de\/produkt\/dante-64x64\/","url":"https:\/\/distribution.audio-technica.eu\/de-de\/produkt\/dante-64x64\/","name":"M-DL-Dante64 - DE Audio-Technica Distribution","isPartOf":{"@id":"https:\/\/distribution.audio-technica.eu\/de-de\/#website"},"primaryImageOfPage":{"@id":"https:\/\/distribution.audio-technica.eu\/de-de\/produkt\/dante-64x64\/#primaryimage"},"image":{"@id":"https:\/\/distribution.audio-technica.eu\/de-de\/produkt\/dante-64x64\/#primaryimage"},"thumbnailUrl":"\/app\/uploads\/sites\/6\/RS4660_Dante-64x64-V3.jpg","datePublished":"2026-02-24T10:15:05+00:00","dateModified":"2026-03-16T12:10:27+00:00","breadcrumb":{"@id":"https:\/\/distribution.audio-technica.eu\/de-de\/produkt\/dante-64x64\/#breadcrumb"},"inLanguage":"de","potentialAction":[{"@type":"ReadAction","target":["https:\/\/distribution.audio-technica.eu\/de-de\/produkt\/dante-64x64\/"]}]},{"@type":"ImageObject","inLanguage":"de","@id":"https:\/\/distribution.audio-technica.eu\/de-de\/produkt\/dante-64x64\/#primaryimage","url":"\/app\/uploads\/sites\/6\/RS4660_Dante-64x64-V3.jpg","contentUrl":"\/app\/uploads\/sites\/6\/RS4660_Dante-64x64-V3.jpg","width":1440,"height":960},{"@type":"BreadcrumbList","@id":"https:\/\/distribution.audio-technica.eu\/de-de\/produkt\/dante-64x64\/#breadcrumb","itemListElement":[{"@type":"ListItem","position":1,"name":"Products","item":"https:\/\/distribution.audio-technica.eu\/de-de\/"},{"@type":"ListItem","position":2,"name":"Produkte","item":"https:\/\/distribution.audio-technica.eu\/de-de\/produkte\/"},{"@type":"ListItem","position":3,"name":"M-DL-Dante64"}]},{"@type":"WebSite","@id":"https:\/\/distribution.audio-technica.eu\/de-de\/#website","url":"https:\/\/distribution.audio-technica.eu\/de-de\/","name":"DE Audio-Technica Distribution","description":"","potentialAction":[{"@type":"SearchAction","target":{"@type":"EntryPoint","urlTemplate":"https:\/\/distribution.audio-technica.eu\/de-de\/?s={search_term_string}"},"query-input":{"@type":"PropertyValueSpecification","valueRequired":true,"valueName":"search_term_string"}}],"inLanguage":"de"}]}},"_links":{"self":[{"href":"https:\/\/distribution.audio-technica.eu\/de-de\/wp-json\/wp\/v2\/product\/21675","targetHints":{"allow":["GET"]}}],"collection":[{"href":"https:\/\/distribution.audio-technica.eu\/de-de\/wp-json\/wp\/v2\/product"}],"about":[{"href":"https:\/\/distribution.audio-technica.eu\/de-de\/wp-json\/wp\/v2\/types\/product"}],"wp:featuredmedia":[{"embeddable":true,"href":"https:\/\/distribution.audio-technica.eu\/de-de\/wp-json\/wp\/v2\/media\/21676"}],"wp:attachment":[{"href":"https:\/\/distribution.audio-technica.eu\/de-de\/wp-json\/wp\/v2\/media?parent=21675"}],"wp:term":[{"taxonomy":"product_brand","embeddable":true,"href":"https:\/\/distribution.audio-technica.eu\/de-de\/wp-json\/wp\/v2\/product_brand?post=21675"},{"taxonomy":"product_cat","embeddable":true,"href":"https:\/\/distribution.audio-technica.eu\/de-de\/wp-json\/wp\/v2\/product_cat?post=21675"},{"taxonomy":"product_tag","embeddable":true,"href":"https:\/\/distribution.audio-technica.eu\/de-de\/wp-json\/wp\/v2\/product_tag?post=21675"}],"curies":[{"name":"wp","href":"https:\/\/api.w.org\/{rel}","templated":true}]}}