{"id":21697,"date":"2026-02-24T10:44:01","date_gmt":"2026-02-24T10:44:01","guid":{"rendered":"https:\/\/distribution.audio-technica.eu\/de-de\/?post_type=product&#038;p=21697"},"modified":"2026-03-16T12:09:25","modified_gmt":"2026-03-16T12:09:25","slug":"gigaace","status":"publish","type":"product","link":"https:\/\/distribution.audio-technica.eu\/de-de\/produkt\/gigaace\/","title":{"rendered":"M-DL-GACE"},"content":{"rendered":"<p data-path-to-node=\"2,1\">Die gigaACE-Karte bietet eine kosteneffiziente und einfache L\u00f6sung f\u00fcr digitale Split-Anwendungen. Sie erm\u00f6glicht eine extrem niedrige Latenz (52 \u00b5s) sowie Kabelredundanz ohne Audioaussetzer. Zudem kann gigaACE die dLive\/Avantis-Steuerungsdaten \u00fcber dieselbe Verbindung tunneln, um beispielsweise die Steuerung beider Systeme \u00fcber einen einzigen Laptop zu erm\u00f6glichen.<\/p>\n<p data-path-to-node=\"2,2\">gigaACE ist ein echtes Plug-and-Play-Protokoll, sodass f\u00fcr die Einrichtung der Verbindungen kein Computer erforderlich ist. Stecken Sie einfach das Kabel zwischen zwei dLive\/Avantis-Systeme und nehmen Sie die Patch- und Clock-Einstellungen direkt am Mischpult vor.<\/p>\n","protected":false},"excerpt":{"rendered":"<p>gigaACE ist das propriet\u00e4re Protokoll von Allen &amp; Heath f\u00fcr die \u00dcbertragung von Audio- und Steuerungsdaten \u00fcber Ethernet.<\/p>\n<p>&nbsp;<\/p>\n<p>Mit gigaACE realisieren Sie eine performante 128-Kanal-Anbindung (96 kHz) zwischen dLive- und Avantis-Systemen \u2013 ideal f\u00fcr latenzkritische Punkt-zu-Punkt-Verbindungen.<\/p>\n","protected":false},"featured_media":21698,"template":"","meta":{"_acf_changed":false},"product_brand":[],"product_cat":[1982],"product_tag":[],"class_list":{"0":"post-21697","1":"product","2":"type-product","3":"status-publish","4":"has-post-thumbnail","6":"product_cat-i-o-cards","7":"product_series-audio-networking","9":"first","10":"instock","11":"shipping-taxable","12":"product-type-simple"},"acf":[],"yoast_head":"<!-- This site is optimized with the Yoast SEO plugin v27.1.1 - https:\/\/yoast.com\/product\/yoast-seo-wordpress\/ -->\n<title>M-DL-GACE - DE Audio-Technica Distribution<\/title>\n<meta name=\"robots\" content=\"index, follow, max-snippet:-1, max-image-preview:large, max-video-preview:-1\" \/>\n<link rel=\"canonical\" href=\"https:\/\/distribution.audio-technica.eu\/de-de\/produkt\/gigaace\/\" \/>\n<meta property=\"og:locale\" content=\"de_DE\" \/>\n<meta property=\"og:type\" content=\"article\" \/>\n<meta property=\"og:title\" content=\"M-DL-GACE - DE Audio-Technica Distribution\" \/>\n<meta property=\"og:description\" content=\"gigaACE ist das propriet\u00e4re Protokoll von Allen &amp; Heath f\u00fcr die \u00dcbertragung von Audio- und Steuerungsdaten \u00fcber Ethernet.  &nbsp;  Mit gigaACE realisieren Sie eine performante 128-Kanal-Anbindung (96 kHz) zwischen dLive- und Avantis-Systemen \u2013 ideal f\u00fcr latenzkritische Punkt-zu-Punkt-Verbindungen.\" \/>\n<meta property=\"og:url\" content=\"https:\/\/distribution.audio-technica.eu\/de-de\/produkt\/gigaace\/\" \/>\n<meta property=\"og:site_name\" content=\"DE Audio-Technica Distribution\" \/>\n<meta property=\"article:modified_time\" content=\"2026-03-16T12:09:25+00:00\" \/>\n<meta property=\"og:image\" content=\"https:\/\/distribution.audio-technica.eu\/app\/uploads\/sites\/6\/RS1637_GigaACE-Front-scaled.jpg\" \/>\n\t<meta property=\"og:image:width\" content=\"2560\" \/>\n\t<meta property=\"og:image:height\" content=\"1707\" \/>\n\t<meta property=\"og:image:type\" content=\"image\/jpeg\" \/>\n<meta name=\"twitter:card\" content=\"summary_large_image\" \/>\n<meta name=\"twitter:label1\" content=\"Gesch\u00e4tzte Lesezeit\" \/>\n\t<meta name=\"twitter:data1\" content=\"1\u00a0Minute\" \/>\n<script type=\"application\/ld+json\" class=\"yoast-schema-graph\">{\"@context\":\"https:\/\/schema.org\",\"@graph\":[{\"@type\":\"WebPage\",\"@id\":\"https:\/\/distribution.audio-technica.eu\/de-de\/produkt\/gigaace\/\",\"url\":\"https:\/\/distribution.audio-technica.eu\/de-de\/produkt\/gigaace\/\",\"name\":\"M-DL-GACE - DE Audio-Technica Distribution\",\"isPartOf\":{\"@id\":\"https:\/\/distribution.audio-technica.eu\/de-de\/#website\"},\"primaryImageOfPage\":{\"@id\":\"https:\/\/distribution.audio-technica.eu\/de-de\/produkt\/gigaace\/#primaryimage\"},\"image\":{\"@id\":\"https:\/\/distribution.audio-technica.eu\/de-de\/produkt\/gigaace\/#primaryimage\"},\"thumbnailUrl\":\"\/app\/uploads\/sites\/6\/RS1637_GigaACE-Front-scaled.jpg\",\"datePublished\":\"2026-02-24T10:44:01+00:00\",\"dateModified\":\"2026-03-16T12:09:25+00:00\",\"breadcrumb\":{\"@id\":\"https:\/\/distribution.audio-technica.eu\/de-de\/produkt\/gigaace\/#breadcrumb\"},\"inLanguage\":\"de\",\"potentialAction\":[{\"@type\":\"ReadAction\",\"target\":[\"https:\/\/distribution.audio-technica.eu\/de-de\/produkt\/gigaace\/\"]}]},{\"@type\":\"ImageObject\",\"inLanguage\":\"de\",\"@id\":\"https:\/\/distribution.audio-technica.eu\/de-de\/produkt\/gigaace\/#primaryimage\",\"url\":\"\/app\/uploads\/sites\/6\/RS1637_GigaACE-Front-scaled.jpg\",\"contentUrl\":\"\/app\/uploads\/sites\/6\/RS1637_GigaACE-Front-scaled.jpg\",\"width\":2560,\"height\":1707},{\"@type\":\"BreadcrumbList\",\"@id\":\"https:\/\/distribution.audio-technica.eu\/de-de\/produkt\/gigaace\/#breadcrumb\",\"itemListElement\":[{\"@type\":\"ListItem\",\"position\":1,\"name\":\"Products\",\"item\":\"https:\/\/distribution.audio-technica.eu\/de-de\/\"},{\"@type\":\"ListItem\",\"position\":2,\"name\":\"Produkte\",\"item\":\"https:\/\/distribution.audio-technica.eu\/de-de\/produkte\/\"},{\"@type\":\"ListItem\",\"position\":3,\"name\":\"M-DL-GACE\"}]},{\"@type\":\"WebSite\",\"@id\":\"https:\/\/distribution.audio-technica.eu\/de-de\/#website\",\"url\":\"https:\/\/distribution.audio-technica.eu\/de-de\/\",\"name\":\"DE Audio-Technica Distribution\",\"description\":\"\",\"potentialAction\":[{\"@type\":\"SearchAction\",\"target\":{\"@type\":\"EntryPoint\",\"urlTemplate\":\"https:\/\/distribution.audio-technica.eu\/de-de\/?s={search_term_string}\"},\"query-input\":{\"@type\":\"PropertyValueSpecification\",\"valueRequired\":true,\"valueName\":\"search_term_string\"}}],\"inLanguage\":\"de\"}]}<\/script>\n<!-- \/ Yoast SEO plugin. -->","yoast_head_json":{"title":"M-DL-GACE - DE Audio-Technica Distribution","robots":{"index":"index","follow":"follow","max-snippet":"max-snippet:-1","max-image-preview":"max-image-preview:large","max-video-preview":"max-video-preview:-1"},"canonical":"https:\/\/distribution.audio-technica.eu\/de-de\/produkt\/gigaace\/","og_locale":"de_DE","og_type":"article","og_title":"M-DL-GACE - DE Audio-Technica Distribution","og_description":"gigaACE ist das propriet\u00e4re Protokoll von Allen &amp; Heath f\u00fcr die \u00dcbertragung von Audio- und Steuerungsdaten \u00fcber Ethernet.  &nbsp;  Mit gigaACE realisieren Sie eine performante 128-Kanal-Anbindung (96 kHz) zwischen dLive- und Avantis-Systemen \u2013 ideal f\u00fcr latenzkritische Punkt-zu-Punkt-Verbindungen.","og_url":"https:\/\/distribution.audio-technica.eu\/de-de\/produkt\/gigaace\/","og_site_name":"DE Audio-Technica Distribution","article_modified_time":"2026-03-16T12:09:25+00:00","og_image":[{"width":2560,"height":1707,"url":"https:\/\/distribution.audio-technica.eu\/app\/uploads\/sites\/6\/RS1637_GigaACE-Front-scaled.jpg","type":"image\/jpeg"}],"twitter_card":"summary_large_image","twitter_misc":{"Gesch\u00e4tzte Lesezeit":"1\u00a0Minute"},"schema":{"@context":"https:\/\/schema.org","@graph":[{"@type":"WebPage","@id":"https:\/\/distribution.audio-technica.eu\/de-de\/produkt\/gigaace\/","url":"https:\/\/distribution.audio-technica.eu\/de-de\/produkt\/gigaace\/","name":"M-DL-GACE - DE Audio-Technica Distribution","isPartOf":{"@id":"https:\/\/distribution.audio-technica.eu\/de-de\/#website"},"primaryImageOfPage":{"@id":"https:\/\/distribution.audio-technica.eu\/de-de\/produkt\/gigaace\/#primaryimage"},"image":{"@id":"https:\/\/distribution.audio-technica.eu\/de-de\/produkt\/gigaace\/#primaryimage"},"thumbnailUrl":"\/app\/uploads\/sites\/6\/RS1637_GigaACE-Front-scaled.jpg","datePublished":"2026-02-24T10:44:01+00:00","dateModified":"2026-03-16T12:09:25+00:00","breadcrumb":{"@id":"https:\/\/distribution.audio-technica.eu\/de-de\/produkt\/gigaace\/#breadcrumb"},"inLanguage":"de","potentialAction":[{"@type":"ReadAction","target":["https:\/\/distribution.audio-technica.eu\/de-de\/produkt\/gigaace\/"]}]},{"@type":"ImageObject","inLanguage":"de","@id":"https:\/\/distribution.audio-technica.eu\/de-de\/produkt\/gigaace\/#primaryimage","url":"\/app\/uploads\/sites\/6\/RS1637_GigaACE-Front-scaled.jpg","contentUrl":"\/app\/uploads\/sites\/6\/RS1637_GigaACE-Front-scaled.jpg","width":2560,"height":1707},{"@type":"BreadcrumbList","@id":"https:\/\/distribution.audio-technica.eu\/de-de\/produkt\/gigaace\/#breadcrumb","itemListElement":[{"@type":"ListItem","position":1,"name":"Products","item":"https:\/\/distribution.audio-technica.eu\/de-de\/"},{"@type":"ListItem","position":2,"name":"Produkte","item":"https:\/\/distribution.audio-technica.eu\/de-de\/produkte\/"},{"@type":"ListItem","position":3,"name":"M-DL-GACE"}]},{"@type":"WebSite","@id":"https:\/\/distribution.audio-technica.eu\/de-de\/#website","url":"https:\/\/distribution.audio-technica.eu\/de-de\/","name":"DE Audio-Technica Distribution","description":"","potentialAction":[{"@type":"SearchAction","target":{"@type":"EntryPoint","urlTemplate":"https:\/\/distribution.audio-technica.eu\/de-de\/?s={search_term_string}"},"query-input":{"@type":"PropertyValueSpecification","valueRequired":true,"valueName":"search_term_string"}}],"inLanguage":"de"}]}},"_links":{"self":[{"href":"https:\/\/distribution.audio-technica.eu\/de-de\/wp-json\/wp\/v2\/product\/21697","targetHints":{"allow":["GET"]}}],"collection":[{"href":"https:\/\/distribution.audio-technica.eu\/de-de\/wp-json\/wp\/v2\/product"}],"about":[{"href":"https:\/\/distribution.audio-technica.eu\/de-de\/wp-json\/wp\/v2\/types\/product"}],"wp:featuredmedia":[{"embeddable":true,"href":"https:\/\/distribution.audio-technica.eu\/de-de\/wp-json\/wp\/v2\/media\/21698"}],"wp:attachment":[{"href":"https:\/\/distribution.audio-technica.eu\/de-de\/wp-json\/wp\/v2\/media?parent=21697"}],"wp:term":[{"taxonomy":"product_brand","embeddable":true,"href":"https:\/\/distribution.audio-technica.eu\/de-de\/wp-json\/wp\/v2\/product_brand?post=21697"},{"taxonomy":"product_cat","embeddable":true,"href":"https:\/\/distribution.audio-technica.eu\/de-de\/wp-json\/wp\/v2\/product_cat?post=21697"},{"taxonomy":"product_tag","embeddable":true,"href":"https:\/\/distribution.audio-technica.eu\/de-de\/wp-json\/wp\/v2\/product_tag?post=21697"}],"curies":[{"name":"wp","href":"https:\/\/api.w.org\/{rel}","templated":true}]}}