{"id":21701,"date":"2026-02-24T12:17:27","date_gmt":"2026-02-24T12:17:27","guid":{"rendered":"https:\/\/distribution.audio-technica.eu\/de-de\/?post_type=product&#038;p=21701"},"modified":"2026-03-16T12:09:06","modified_gmt":"2026-03-16T12:09:06","slug":"fibreace","status":"publish","type":"product","link":"https:\/\/distribution.audio-technica.eu\/de-de\/produkt\/fibreace\/","title":{"rendered":"M-DL-GOPT"},"content":{"rendered":"<p data-path-to-node=\"2\">Es erm\u00f6glicht eine extrem niedrige Latenz sowie Kabelredundanz ohne Audioaussetzer. Zudem k\u00f6nnen dLive- und Avantis-Steuerungsdaten \u00fcber dieselbe Verbindung getunnelt werden, um beispielsweise zwei Systeme \u00fcber einen einzigen Laptop zu steuern.<\/p>\n<p data-path-to-node=\"3\">Die fibreACE-Karte ist die ideale L\u00f6sung f\u00fcr digitale Splits und Audioverteilung bei Gro\u00dfveranstaltungen und Festinstallationen \u2013 mit Kabell\u00e4ngen von bis zu 500 m und Anschl\u00fcssen nach Industriestandard.<\/p>\n<p data-path-to-node=\"4\">fibreACE ist ein echtes Plug-and-Play-Protokoll, sodass f\u00fcr die Einrichtung der Verbindungen kein Computer erforderlich ist. Stecken Sie einfach das Kabel zwischen zwei dLive- oder Avantis-Systeme und nehmen Sie die Patch- und Clock-Einstellungen direkt am Mischpult vor.<\/p>\n","protected":false},"excerpt":{"rendered":"<p>fibreACE ist das propriet\u00e4re Protokoll von Allen &amp; Heath f\u00fcr die \u00dcbertragung von Audio- und Steuerungsdaten \u00fcber Ethernet.<\/p>\n<p>&nbsp;<\/p>\n<p>Mit fibreACE realisieren Sie performante 128-Kanal-Anbindungen (96 kHz) zwischen dLive- und Avantis-Systemen \u2013 wahlweise \u00fcber Standard-Netzwerkkabel oder Multimode-Glasfaser. Die Karte dient dar\u00fcber hinaus als flexibler Konverter, um die MixRack-zu-Surface-Verbindung auf Glasfaser umzustellen.<\/p>\n","protected":false},"featured_media":21704,"template":"","meta":{"_acf_changed":false},"product_brand":[],"product_cat":[1982],"product_tag":[],"class_list":{"0":"post-21701","1":"product","2":"type-product","3":"status-publish","4":"has-post-thumbnail","6":"product_cat-i-o-cards","7":"product_series-audio-networking","9":"first","10":"instock","11":"shipping-taxable","12":"product-type-simple"},"acf":[],"yoast_head":"<!-- This site is optimized with the Yoast SEO plugin v27.1.1 - https:\/\/yoast.com\/product\/yoast-seo-wordpress\/ -->\n<title>M-DL-GOPT - DE Audio-Technica Distribution<\/title>\n<meta name=\"robots\" content=\"index, follow, max-snippet:-1, max-image-preview:large, max-video-preview:-1\" \/>\n<link rel=\"canonical\" href=\"https:\/\/distribution.audio-technica.eu\/de-de\/produkt\/fibreace\/\" \/>\n<meta property=\"og:locale\" content=\"de_DE\" \/>\n<meta property=\"og:type\" content=\"article\" \/>\n<meta property=\"og:title\" content=\"M-DL-GOPT - DE Audio-Technica Distribution\" \/>\n<meta property=\"og:description\" content=\"fibreACE ist das propriet\u00e4re Protokoll von Allen &amp; Heath f\u00fcr die \u00dcbertragung von Audio- und Steuerungsdaten \u00fcber Ethernet.  &nbsp;  Mit fibreACE realisieren Sie performante 128-Kanal-Anbindungen (96 kHz) zwischen dLive- und Avantis-Systemen \u2013 wahlweise \u00fcber Standard-Netzwerkkabel oder Multimode-Glasfaser. Die Karte dient dar\u00fcber hinaus als flexibler Konverter, um die MixRack-zu-Surface-Verbindung auf Glasfaser umzustellen.\" \/>\n<meta property=\"og:url\" content=\"https:\/\/distribution.audio-technica.eu\/de-de\/produkt\/fibreace\/\" \/>\n<meta property=\"og:site_name\" content=\"DE Audio-Technica Distribution\" \/>\n<meta property=\"article:modified_time\" content=\"2026-03-16T12:09:06+00:00\" \/>\n<meta property=\"og:image\" content=\"https:\/\/distribution.audio-technica.eu\/app\/uploads\/sites\/6\/RS1629_FibreACE-Front-scaled.jpg\" \/>\n\t<meta property=\"og:image:width\" content=\"2560\" \/>\n\t<meta property=\"og:image:height\" content=\"1707\" \/>\n\t<meta property=\"og:image:type\" content=\"image\/jpeg\" \/>\n<meta name=\"twitter:card\" content=\"summary_large_image\" \/>\n<meta name=\"twitter:label1\" content=\"Gesch\u00e4tzte Lesezeit\" \/>\n\t<meta name=\"twitter:data1\" content=\"1\u00a0Minute\" \/>\n<script type=\"application\/ld+json\" class=\"yoast-schema-graph\">{\"@context\":\"https:\/\/schema.org\",\"@graph\":[{\"@type\":\"WebPage\",\"@id\":\"https:\/\/distribution.audio-technica.eu\/de-de\/produkt\/fibreace\/\",\"url\":\"https:\/\/distribution.audio-technica.eu\/de-de\/produkt\/fibreace\/\",\"name\":\"M-DL-GOPT - DE Audio-Technica Distribution\",\"isPartOf\":{\"@id\":\"https:\/\/distribution.audio-technica.eu\/de-de\/#website\"},\"primaryImageOfPage\":{\"@id\":\"https:\/\/distribution.audio-technica.eu\/de-de\/produkt\/fibreace\/#primaryimage\"},\"image\":{\"@id\":\"https:\/\/distribution.audio-technica.eu\/de-de\/produkt\/fibreace\/#primaryimage\"},\"thumbnailUrl\":\"\/app\/uploads\/sites\/6\/RS1629_FibreACE-Front-scaled.jpg\",\"datePublished\":\"2026-02-24T12:17:27+00:00\",\"dateModified\":\"2026-03-16T12:09:06+00:00\",\"breadcrumb\":{\"@id\":\"https:\/\/distribution.audio-technica.eu\/de-de\/produkt\/fibreace\/#breadcrumb\"},\"inLanguage\":\"de\",\"potentialAction\":[{\"@type\":\"ReadAction\",\"target\":[\"https:\/\/distribution.audio-technica.eu\/de-de\/produkt\/fibreace\/\"]}]},{\"@type\":\"ImageObject\",\"inLanguage\":\"de\",\"@id\":\"https:\/\/distribution.audio-technica.eu\/de-de\/produkt\/fibreace\/#primaryimage\",\"url\":\"\/app\/uploads\/sites\/6\/RS1629_FibreACE-Front-scaled.jpg\",\"contentUrl\":\"\/app\/uploads\/sites\/6\/RS1629_FibreACE-Front-scaled.jpg\",\"width\":2560,\"height\":1707},{\"@type\":\"BreadcrumbList\",\"@id\":\"https:\/\/distribution.audio-technica.eu\/de-de\/produkt\/fibreace\/#breadcrumb\",\"itemListElement\":[{\"@type\":\"ListItem\",\"position\":1,\"name\":\"Products\",\"item\":\"https:\/\/distribution.audio-technica.eu\/de-de\/\"},{\"@type\":\"ListItem\",\"position\":2,\"name\":\"Produkte\",\"item\":\"https:\/\/distribution.audio-technica.eu\/de-de\/produkte\/\"},{\"@type\":\"ListItem\",\"position\":3,\"name\":\"M-DL-GOPT\"}]},{\"@type\":\"WebSite\",\"@id\":\"https:\/\/distribution.audio-technica.eu\/de-de\/#website\",\"url\":\"https:\/\/distribution.audio-technica.eu\/de-de\/\",\"name\":\"DE Audio-Technica Distribution\",\"description\":\"\",\"potentialAction\":[{\"@type\":\"SearchAction\",\"target\":{\"@type\":\"EntryPoint\",\"urlTemplate\":\"https:\/\/distribution.audio-technica.eu\/de-de\/?s={search_term_string}\"},\"query-input\":{\"@type\":\"PropertyValueSpecification\",\"valueRequired\":true,\"valueName\":\"search_term_string\"}}],\"inLanguage\":\"de\"}]}<\/script>\n<!-- \/ Yoast SEO plugin. -->","yoast_head_json":{"title":"M-DL-GOPT - DE Audio-Technica Distribution","robots":{"index":"index","follow":"follow","max-snippet":"max-snippet:-1","max-image-preview":"max-image-preview:large","max-video-preview":"max-video-preview:-1"},"canonical":"https:\/\/distribution.audio-technica.eu\/de-de\/produkt\/fibreace\/","og_locale":"de_DE","og_type":"article","og_title":"M-DL-GOPT - DE Audio-Technica Distribution","og_description":"fibreACE ist das propriet\u00e4re Protokoll von Allen &amp; Heath f\u00fcr die \u00dcbertragung von Audio- und Steuerungsdaten \u00fcber Ethernet.  &nbsp;  Mit fibreACE realisieren Sie performante 128-Kanal-Anbindungen (96 kHz) zwischen dLive- und Avantis-Systemen \u2013 wahlweise \u00fcber Standard-Netzwerkkabel oder Multimode-Glasfaser. Die Karte dient dar\u00fcber hinaus als flexibler Konverter, um die MixRack-zu-Surface-Verbindung auf Glasfaser umzustellen.","og_url":"https:\/\/distribution.audio-technica.eu\/de-de\/produkt\/fibreace\/","og_site_name":"DE Audio-Technica Distribution","article_modified_time":"2026-03-16T12:09:06+00:00","og_image":[{"width":2560,"height":1707,"url":"https:\/\/distribution.audio-technica.eu\/app\/uploads\/sites\/6\/RS1629_FibreACE-Front-scaled.jpg","type":"image\/jpeg"}],"twitter_card":"summary_large_image","twitter_misc":{"Gesch\u00e4tzte Lesezeit":"1\u00a0Minute"},"schema":{"@context":"https:\/\/schema.org","@graph":[{"@type":"WebPage","@id":"https:\/\/distribution.audio-technica.eu\/de-de\/produkt\/fibreace\/","url":"https:\/\/distribution.audio-technica.eu\/de-de\/produkt\/fibreace\/","name":"M-DL-GOPT - DE Audio-Technica Distribution","isPartOf":{"@id":"https:\/\/distribution.audio-technica.eu\/de-de\/#website"},"primaryImageOfPage":{"@id":"https:\/\/distribution.audio-technica.eu\/de-de\/produkt\/fibreace\/#primaryimage"},"image":{"@id":"https:\/\/distribution.audio-technica.eu\/de-de\/produkt\/fibreace\/#primaryimage"},"thumbnailUrl":"\/app\/uploads\/sites\/6\/RS1629_FibreACE-Front-scaled.jpg","datePublished":"2026-02-24T12:17:27+00:00","dateModified":"2026-03-16T12:09:06+00:00","breadcrumb":{"@id":"https:\/\/distribution.audio-technica.eu\/de-de\/produkt\/fibreace\/#breadcrumb"},"inLanguage":"de","potentialAction":[{"@type":"ReadAction","target":["https:\/\/distribution.audio-technica.eu\/de-de\/produkt\/fibreace\/"]}]},{"@type":"ImageObject","inLanguage":"de","@id":"https:\/\/distribution.audio-technica.eu\/de-de\/produkt\/fibreace\/#primaryimage","url":"\/app\/uploads\/sites\/6\/RS1629_FibreACE-Front-scaled.jpg","contentUrl":"\/app\/uploads\/sites\/6\/RS1629_FibreACE-Front-scaled.jpg","width":2560,"height":1707},{"@type":"BreadcrumbList","@id":"https:\/\/distribution.audio-technica.eu\/de-de\/produkt\/fibreace\/#breadcrumb","itemListElement":[{"@type":"ListItem","position":1,"name":"Products","item":"https:\/\/distribution.audio-technica.eu\/de-de\/"},{"@type":"ListItem","position":2,"name":"Produkte","item":"https:\/\/distribution.audio-technica.eu\/de-de\/produkte\/"},{"@type":"ListItem","position":3,"name":"M-DL-GOPT"}]},{"@type":"WebSite","@id":"https:\/\/distribution.audio-technica.eu\/de-de\/#website","url":"https:\/\/distribution.audio-technica.eu\/de-de\/","name":"DE Audio-Technica Distribution","description":"","potentialAction":[{"@type":"SearchAction","target":{"@type":"EntryPoint","urlTemplate":"https:\/\/distribution.audio-technica.eu\/de-de\/?s={search_term_string}"},"query-input":{"@type":"PropertyValueSpecification","valueRequired":true,"valueName":"search_term_string"}}],"inLanguage":"de"}]}},"_links":{"self":[{"href":"https:\/\/distribution.audio-technica.eu\/de-de\/wp-json\/wp\/v2\/product\/21701","targetHints":{"allow":["GET"]}}],"collection":[{"href":"https:\/\/distribution.audio-technica.eu\/de-de\/wp-json\/wp\/v2\/product"}],"about":[{"href":"https:\/\/distribution.audio-technica.eu\/de-de\/wp-json\/wp\/v2\/types\/product"}],"wp:featuredmedia":[{"embeddable":true,"href":"https:\/\/distribution.audio-technica.eu\/de-de\/wp-json\/wp\/v2\/media\/21704"}],"wp:attachment":[{"href":"https:\/\/distribution.audio-technica.eu\/de-de\/wp-json\/wp\/v2\/media?parent=21701"}],"wp:term":[{"taxonomy":"product_brand","embeddable":true,"href":"https:\/\/distribution.audio-technica.eu\/de-de\/wp-json\/wp\/v2\/product_brand?post=21701"},{"taxonomy":"product_cat","embeddable":true,"href":"https:\/\/distribution.audio-technica.eu\/de-de\/wp-json\/wp\/v2\/product_cat?post=21701"},{"taxonomy":"product_tag","embeddable":true,"href":"https:\/\/distribution.audio-technica.eu\/de-de\/wp-json\/wp\/v2\/product_tag?post=21701"}],"curies":[{"name":"wp","href":"https:\/\/api.w.org\/{rel}","templated":true}]}}