{"id":21725,"date":"2026-02-24T13:35:24","date_gmt":"2026-02-24T13:35:24","guid":{"rendered":"https:\/\/distribution.audio-technica.eu\/de-de\/?post_type=product&#038;p=21725"},"modified":"2026-03-16T12:08:26","modified_gmt":"2026-03-16T12:08:26","slug":"xone96","status":"publish","type":"product","link":"https:\/\/distribution.audio-technica.eu\/de-de\/produkt\/xone96\/","title":{"rendered":"Xone:96"},"content":{"rendered":"<h3>Xone DJ-Mixer sind die erste Wahl f\u00fcr einige der angesehensten Namen der Branche, die angesagtesten Newcomer und die Stars von morgen.<\/h3>\n<p>&nbsp;<\/p>\n<p><b data-path-to-node=\"1\" data-index-in-node=\"0\"><span class=\"citation-174 citation-end-174\">Der Xone:96 ist ein kompromissloser Analog-DJ-Mixer, der als Herzst\u00fcck Ihrer Kreativit\u00e4t entwickelt wurde.<\/span> <span class=\"citation-173\">Er \u00fcbernimmt die legend\u00e4re Seele des gefeierten Xone:92 und pr\u00e4sentiert sie neu \u2013 optimiert und mit modernster digitaler Konnektivit\u00e4t.<\/span><\/b><\/p>\n<p><span data-contrast=\"auto\">Der Xone:96 bringt alles mit, was man f\u00fcr einen DJ-Gig braucht: Den fetten, detailreichen und raumgreifenden Analog-Sound, den nur ein Xone bietet. Einen hochpr\u00e4zisen 4-Band-EQ f\u00fcr einen definierten Klang. Die beiden konkurrenzlosen Xone:VCF-Filter mit CRUNCH-Distortion. Und eine duale 32-Bit-USB-Soundkarte (24 Kan\u00e4le @ 96\u202fkHz) mit Traktor Scratch-Zertifizierung\u201eOut of the Box\u201c.<\/span><span data-ccp-props=\"{}\">\u00a0<\/span><\/p>\n<p><span data-contrast=\"auto\">Der Xone:96 stellt Anschlussm\u00f6glichkeiten f\u00fcr das komplette Rig bereit \u2013 von Laptops und Decks bis hin zu Fu\u00dfpedalen, Synthsund Drum-Computern:<\/span><span data-ccp-props=\"{}\">\u00a0<\/span><\/p>\n<p><span data-contrast=\"auto\">Zwei unabh\u00e4ngige FX-Sends, vier Stereo-Eingangskan\u00e4le (mit 4-Band-EQ), zwei Stereo-Eingangskan\u00e4le mit dem brandneuen parametrischen 3-Band-EQ, zwei Aux-Stereo-Return-Kan\u00e4le und einen separaten Master-Insert f\u00fcr externe Hardware.<\/span><span data-ccp-props=\"{}\">\u00a0<\/span><\/p>\n<p><span data-contrast=\"auto\">Entdecken Sie ganz neue M\u00f6glichkeiten \u2013 mit vertrautem Layout und einer wunderbar direkten Steuerung. Und nat\u00fcrlich k\u00f6nnen Sie sich auch beim Xone:96 auf eine sehr robuste Fertigungsqualit\u00e4t verlassen, die nicht nur den Anforderungengnadenloser Back-to-Back-Performances m\u00fchelos gerecht wird \u2013 jede Nacht.<\/span><span data-ccp-props=\"{}\">\u00a0<\/span><span data-ccp-props=\"{}\">\u00a0<\/span><\/p>\n<p><span data-contrast=\"auto\">Xone96: Ihr Mix. Wir haben zugeh\u00f6rt.<\/span><span data-ccp-props=\"{}\">\u00a0<\/span><\/p>\n","protected":false},"excerpt":{"rendered":"<p><span data-contrast=\"auto\">Der langerwartete Nachfolger eines echten Club-Klassikers.<\/span><span data-ccp-props=\"{}\">\u00a0<\/span><\/p>\n<p><span data-contrast=\"auto\">Xone:96 ist ein neuer, kompromisslos analoger DJ-Mixer und Kreativzentrale f\u00fcr die unterschiedlichsten DJ-Eins\u00e4tze, der die legend\u00e4re \u201eSeele\u201c des erfolgreichen Xone:92 in optimierter Form und mit topaktuellen digitalen Anschlussm\u00f6glichkeiten weiterf\u00fchrt.<\/span><span data-ccp-props=\"{}\">\u00a0<\/span><\/p>\n","protected":false},"featured_media":21726,"template":"","meta":{"_acf_changed":false},"product_brand":[],"product_cat":[1985],"product_tag":[],"class_list":{"0":"post-21725","1":"product","2":"type-product","3":"status-publish","4":"has-post-thumbnail","6":"product_cat-xone-dj-mixer","7":"product_series-xone","9":"first","10":"instock","11":"shipping-taxable","12":"product-type-simple"},"acf":[],"yoast_head":"<!-- This site is optimized with the Yoast SEO plugin v27.1.1 - https:\/\/yoast.com\/product\/yoast-seo-wordpress\/ -->\n<title>Xone:96 - DE Audio-Technica Distribution<\/title>\n<meta name=\"robots\" content=\"index, follow, max-snippet:-1, max-image-preview:large, max-video-preview:-1\" \/>\n<link rel=\"canonical\" href=\"https:\/\/distribution.audio-technica.eu\/de-de\/produkt\/xone96\/\" \/>\n<meta property=\"og:locale\" content=\"de_DE\" \/>\n<meta property=\"og:type\" content=\"article\" \/>\n<meta property=\"og:title\" content=\"Xone:96 - DE Audio-Technica Distribution\" \/>\n<meta property=\"og:description\" content=\"Der langerwartete Nachfolger eines echten Club-Klassikers.\u00a0  Xone:96 ist ein neuer, kompromisslos analoger DJ-Mixer und Kreativzentrale f\u00fcr die unterschiedlichsten DJ-Eins\u00e4tze, der die legend\u00e4re \u201eSeele\u201c des erfolgreichen Xone:92 in optimierter Form und mit topaktuellen digitalen Anschlussm\u00f6glichkeiten weiterf\u00fchrt.\u00a0\" \/>\n<meta property=\"og:url\" content=\"https:\/\/distribution.audio-technica.eu\/de-de\/produkt\/xone96\/\" \/>\n<meta property=\"og:site_name\" content=\"DE Audio-Technica Distribution\" \/>\n<meta property=\"article:modified_time\" content=\"2026-03-16T12:08:26+00:00\" \/>\n<meta property=\"og:image\" content=\"https:\/\/distribution.audio-technica.eu\/app\/uploads\/sites\/6\/RS1348_Xone-96-Top-Print-300dpi--scaled.jpg\" \/>\n\t<meta property=\"og:image:width\" content=\"2560\" \/>\n\t<meta property=\"og:image:height\" content=\"1706\" \/>\n\t<meta property=\"og:image:type\" content=\"image\/jpeg\" \/>\n<meta name=\"twitter:card\" content=\"summary_large_image\" \/>\n<meta name=\"twitter:label1\" content=\"Gesch\u00e4tzte Lesezeit\" \/>\n\t<meta name=\"twitter:data1\" content=\"2\u00a0Minuten\" \/>\n<script type=\"application\/ld+json\" class=\"yoast-schema-graph\">{\"@context\":\"https:\/\/schema.org\",\"@graph\":[{\"@type\":\"WebPage\",\"@id\":\"https:\/\/distribution.audio-technica.eu\/de-de\/produkt\/xone96\/\",\"url\":\"https:\/\/distribution.audio-technica.eu\/de-de\/produkt\/xone96\/\",\"name\":\"Xone:96 - DE Audio-Technica Distribution\",\"isPartOf\":{\"@id\":\"https:\/\/distribution.audio-technica.eu\/de-de\/#website\"},\"primaryImageOfPage\":{\"@id\":\"https:\/\/distribution.audio-technica.eu\/de-de\/produkt\/xone96\/#primaryimage\"},\"image\":{\"@id\":\"https:\/\/distribution.audio-technica.eu\/de-de\/produkt\/xone96\/#primaryimage\"},\"thumbnailUrl\":\"\/app\/uploads\/sites\/6\/RS1348_Xone-96-Top-Print-300dpi--scaled.jpg\",\"datePublished\":\"2026-02-24T13:35:24+00:00\",\"dateModified\":\"2026-03-16T12:08:26+00:00\",\"breadcrumb\":{\"@id\":\"https:\/\/distribution.audio-technica.eu\/de-de\/produkt\/xone96\/#breadcrumb\"},\"inLanguage\":\"de\",\"potentialAction\":[{\"@type\":\"ReadAction\",\"target\":[\"https:\/\/distribution.audio-technica.eu\/de-de\/produkt\/xone96\/\"]}]},{\"@type\":\"ImageObject\",\"inLanguage\":\"de\",\"@id\":\"https:\/\/distribution.audio-technica.eu\/de-de\/produkt\/xone96\/#primaryimage\",\"url\":\"\/app\/uploads\/sites\/6\/RS1348_Xone-96-Top-Print-300dpi--scaled.jpg\",\"contentUrl\":\"\/app\/uploads\/sites\/6\/RS1348_Xone-96-Top-Print-300dpi--scaled.jpg\",\"width\":2560,\"height\":1706},{\"@type\":\"BreadcrumbList\",\"@id\":\"https:\/\/distribution.audio-technica.eu\/de-de\/produkt\/xone96\/#breadcrumb\",\"itemListElement\":[{\"@type\":\"ListItem\",\"position\":1,\"name\":\"Products\",\"item\":\"https:\/\/distribution.audio-technica.eu\/de-de\/\"},{\"@type\":\"ListItem\",\"position\":2,\"name\":\"Produkte\",\"item\":\"https:\/\/distribution.audio-technica.eu\/de-de\/produkte\/\"},{\"@type\":\"ListItem\",\"position\":3,\"name\":\"Xone:96\"}]},{\"@type\":\"WebSite\",\"@id\":\"https:\/\/distribution.audio-technica.eu\/de-de\/#website\",\"url\":\"https:\/\/distribution.audio-technica.eu\/de-de\/\",\"name\":\"DE Audio-Technica Distribution\",\"description\":\"\",\"potentialAction\":[{\"@type\":\"SearchAction\",\"target\":{\"@type\":\"EntryPoint\",\"urlTemplate\":\"https:\/\/distribution.audio-technica.eu\/de-de\/?s={search_term_string}\"},\"query-input\":{\"@type\":\"PropertyValueSpecification\",\"valueRequired\":true,\"valueName\":\"search_term_string\"}}],\"inLanguage\":\"de\"}]}<\/script>\n<!-- \/ Yoast SEO plugin. -->","yoast_head_json":{"title":"Xone:96 - DE Audio-Technica Distribution","robots":{"index":"index","follow":"follow","max-snippet":"max-snippet:-1","max-image-preview":"max-image-preview:large","max-video-preview":"max-video-preview:-1"},"canonical":"https:\/\/distribution.audio-technica.eu\/de-de\/produkt\/xone96\/","og_locale":"de_DE","og_type":"article","og_title":"Xone:96 - DE Audio-Technica Distribution","og_description":"Der langerwartete Nachfolger eines echten Club-Klassikers.\u00a0  Xone:96 ist ein neuer, kompromisslos analoger DJ-Mixer und Kreativzentrale f\u00fcr die unterschiedlichsten DJ-Eins\u00e4tze, der die legend\u00e4re \u201eSeele\u201c des erfolgreichen Xone:92 in optimierter Form und mit topaktuellen digitalen Anschlussm\u00f6glichkeiten weiterf\u00fchrt.\u00a0","og_url":"https:\/\/distribution.audio-technica.eu\/de-de\/produkt\/xone96\/","og_site_name":"DE Audio-Technica Distribution","article_modified_time":"2026-03-16T12:08:26+00:00","og_image":[{"width":2560,"height":1706,"url":"https:\/\/distribution.audio-technica.eu\/app\/uploads\/sites\/6\/RS1348_Xone-96-Top-Print-300dpi--scaled.jpg","type":"image\/jpeg"}],"twitter_card":"summary_large_image","twitter_misc":{"Gesch\u00e4tzte Lesezeit":"2\u00a0Minuten"},"schema":{"@context":"https:\/\/schema.org","@graph":[{"@type":"WebPage","@id":"https:\/\/distribution.audio-technica.eu\/de-de\/produkt\/xone96\/","url":"https:\/\/distribution.audio-technica.eu\/de-de\/produkt\/xone96\/","name":"Xone:96 - DE Audio-Technica Distribution","isPartOf":{"@id":"https:\/\/distribution.audio-technica.eu\/de-de\/#website"},"primaryImageOfPage":{"@id":"https:\/\/distribution.audio-technica.eu\/de-de\/produkt\/xone96\/#primaryimage"},"image":{"@id":"https:\/\/distribution.audio-technica.eu\/de-de\/produkt\/xone96\/#primaryimage"},"thumbnailUrl":"\/app\/uploads\/sites\/6\/RS1348_Xone-96-Top-Print-300dpi--scaled.jpg","datePublished":"2026-02-24T13:35:24+00:00","dateModified":"2026-03-16T12:08:26+00:00","breadcrumb":{"@id":"https:\/\/distribution.audio-technica.eu\/de-de\/produkt\/xone96\/#breadcrumb"},"inLanguage":"de","potentialAction":[{"@type":"ReadAction","target":["https:\/\/distribution.audio-technica.eu\/de-de\/produkt\/xone96\/"]}]},{"@type":"ImageObject","inLanguage":"de","@id":"https:\/\/distribution.audio-technica.eu\/de-de\/produkt\/xone96\/#primaryimage","url":"\/app\/uploads\/sites\/6\/RS1348_Xone-96-Top-Print-300dpi--scaled.jpg","contentUrl":"\/app\/uploads\/sites\/6\/RS1348_Xone-96-Top-Print-300dpi--scaled.jpg","width":2560,"height":1706},{"@type":"BreadcrumbList","@id":"https:\/\/distribution.audio-technica.eu\/de-de\/produkt\/xone96\/#breadcrumb","itemListElement":[{"@type":"ListItem","position":1,"name":"Products","item":"https:\/\/distribution.audio-technica.eu\/de-de\/"},{"@type":"ListItem","position":2,"name":"Produkte","item":"https:\/\/distribution.audio-technica.eu\/de-de\/produkte\/"},{"@type":"ListItem","position":3,"name":"Xone:96"}]},{"@type":"WebSite","@id":"https:\/\/distribution.audio-technica.eu\/de-de\/#website","url":"https:\/\/distribution.audio-technica.eu\/de-de\/","name":"DE Audio-Technica Distribution","description":"","potentialAction":[{"@type":"SearchAction","target":{"@type":"EntryPoint","urlTemplate":"https:\/\/distribution.audio-technica.eu\/de-de\/?s={search_term_string}"},"query-input":{"@type":"PropertyValueSpecification","valueRequired":true,"valueName":"search_term_string"}}],"inLanguage":"de"}]}},"_links":{"self":[{"href":"https:\/\/distribution.audio-technica.eu\/de-de\/wp-json\/wp\/v2\/product\/21725","targetHints":{"allow":["GET"]}}],"collection":[{"href":"https:\/\/distribution.audio-technica.eu\/de-de\/wp-json\/wp\/v2\/product"}],"about":[{"href":"https:\/\/distribution.audio-technica.eu\/de-de\/wp-json\/wp\/v2\/types\/product"}],"wp:featuredmedia":[{"embeddable":true,"href":"https:\/\/distribution.audio-technica.eu\/de-de\/wp-json\/wp\/v2\/media\/21726"}],"wp:attachment":[{"href":"https:\/\/distribution.audio-technica.eu\/de-de\/wp-json\/wp\/v2\/media?parent=21725"}],"wp:term":[{"taxonomy":"product_brand","embeddable":true,"href":"https:\/\/distribution.audio-technica.eu\/de-de\/wp-json\/wp\/v2\/product_brand?post=21725"},{"taxonomy":"product_cat","embeddable":true,"href":"https:\/\/distribution.audio-technica.eu\/de-de\/wp-json\/wp\/v2\/product_cat?post=21725"},{"taxonomy":"product_tag","embeddable":true,"href":"https:\/\/distribution.audio-technica.eu\/de-de\/wp-json\/wp\/v2\/product_tag?post=21725"}],"curies":[{"name":"wp","href":"https:\/\/api.w.org\/{rel}","templated":true}]}}