{"id":21735,"date":"2026-02-24T13:42:02","date_gmt":"2026-02-24T13:42:02","guid":{"rendered":"https:\/\/distribution.audio-technica.eu\/de-de\/?post_type=product&#038;p=21735"},"modified":"2026-03-16T12:08:16","modified_gmt":"2026-03-16T12:08:16","slug":"xone24","status":"publish","type":"product","link":"https:\/\/distribution.audio-technica.eu\/de-de\/produkt\/xone24\/","title":{"rendered":"Xone:24"},"content":{"rendered":"<h3>Xone DJ-Mixer sind die erste Wahl f\u00fcr einige der angesehensten Namen der Branche, die angesagtesten Newcomer und die Stars von morgen.<\/h3>\n<p>&nbsp;<\/p>\n<p><b data-path-to-node=\"1\" data-index-in-node=\"0\"><span class=\"citation-178 citation-end-178\">Der Xone:24 ist ein kompakter 2+1-Kanal-Analogmixer, der f\u00fcr DJs entwickelt wurde, die Wert auf professionellen Sound und haptische Kontrolle in kleineren Setups legen.<\/span><\/b><\/p>\n<div>\n<p><span class=\"citation-185 citation-end-185\">Das Herzst\u00fcck des Xone:24 ist der akribisch entwickelte, voll-analoge Signalweg, der darauf ausgelegt ist, die Klarheit, W\u00e4rme und Dynamik zu liefern, die den Xone-Sound definieren.<\/span><\/p>\n<div class=\"source-inline-chip-container ng-star-inserted\"><\/div>\n<p>Ein Paar rauscharmer RIAA-Vorverst\u00e4rker mit hoher Verst\u00e4rkung gew\u00e4hrleistet eine originalgetreue Wiedergabe von Vinyl-Quellen, w\u00e4hrend die abgestimmten Phono\/Line-Eing\u00e4nge ein nahtloses Umschalten zwischen Plattenspielern und Digitalplayern erm\u00f6glichen, ohne die Gain-Struktur zu beeintr\u00e4chtigen.<span class=\"citation-184 citation-end-184\">Der 3-Band-Isolator-EQ bietet pr\u00e4zise, kreative Kontrolle f\u00fcr die Gestaltung Ihres Mixes \u2013 vom Austausch von Basslines bis hin zu expressiven \u00dcberg\u00e4ngen.<br \/>\n<\/span><br \/>\n<span class=\"citation-183 citation-end-183\">Die Basis f\u00fcr alles bildet eine sorgf\u00e4ltig abgestimmte, rein analoge Summierung, die tiefe, druckvolle B\u00e4sse und offene, detaillierte H\u00f6hen liefert.<\/span> Dies verleiht Ihren Mixen diesen professionellen, vollmundigen Klang, der nur mit einem Analogmixer erreicht werden kann.<\/p>\n<div class=\"source-inline-chip-container ng-star-inserted\"><\/div>\n<\/div>\n","protected":false},"excerpt":{"rendered":"<p>Egal, ob Sie Vinyl auflegen, mit digitalen Media-Playern spielen oder einfach nur hochwertige analoge Performance suchen \u2013 der Xone:24 bietet Sound auf Club-Niveau in einem benutzerfreundlichen Paket.<\/p>\n<p>&nbsp;<\/p>\n<div class=\"source-inline-chip-container ng-star-inserted\">Konzipiert f\u00fcr kleinere R\u00e4umlichkeiten, Home-Setups oder mobile Rigs, liefert der Xone:24 die gleichen Kern-Tools der Xone-Flaggschiffe \u2013 einschlie\u00dflich des Xone-Filters und des Mini-innoFADERs \u2013 in einem kompakten und zug\u00e4nglichen Format. Dabei spielt es keine Rolle, ob Sie Ihr Handwerk gerade erst erlernen, live performen, zu Hause Musik genie\u00dfen oder im Studio kreativ sind: Der Xone:24 bietet einen kompromisslosen Einstieg in die Welt von Xone.<\/div>\n","protected":false},"featured_media":21736,"template":"","meta":{"_acf_changed":false},"product_brand":[],"product_cat":[1985],"product_tag":[],"class_list":{"0":"post-21735","1":"product","2":"type-product","3":"status-publish","4":"has-post-thumbnail","6":"product_cat-xone-dj-mixer","7":"product_series-xone","9":"first","10":"instock","11":"shipping-taxable","12":"product-type-simple"},"acf":[],"yoast_head":"<!-- This site is optimized with the Yoast SEO plugin v27.1.1 - https:\/\/yoast.com\/product\/yoast-seo-wordpress\/ -->\n<title>Xone:24 - DE Audio-Technica Distribution<\/title>\n<meta name=\"robots\" content=\"index, follow, max-snippet:-1, max-image-preview:large, max-video-preview:-1\" \/>\n<link rel=\"canonical\" href=\"https:\/\/distribution.audio-technica.eu\/de-de\/produkt\/xone24\/\" \/>\n<meta property=\"og:locale\" content=\"de_DE\" \/>\n<meta property=\"og:type\" content=\"article\" \/>\n<meta property=\"og:title\" content=\"Xone:24 - DE Audio-Technica Distribution\" \/>\n<meta property=\"og:description\" content=\"Egal, ob Sie Vinyl auflegen, mit digitalen Media-Playern spielen oder einfach nur hochwertige analoge Performance suchen \u2013 der Xone:24 bietet Sound auf Club-Niveau in einem benutzerfreundlichen Paket.  &nbsp; Konzipiert f\u00fcr kleinere R\u00e4umlichkeiten, Home-Setups oder mobile Rigs, liefert der Xone:24 die gleichen Kern-Tools der Xone-Flaggschiffe \u2013 einschlie\u00dflich des Xone-Filters und des Mini-innoFADERs \u2013 in einem kompakten und zug\u00e4nglichen Format. Dabei spielt es keine Rolle, ob Sie Ihr Handwerk gerade erst erlernen, live performen, zu Hause Musik genie\u00dfen oder im Studio kreativ sind: Der Xone:24 bietet einen kompromisslosen Einstieg in die Welt von Xone.\" \/>\n<meta property=\"og:url\" content=\"https:\/\/distribution.audio-technica.eu\/de-de\/produkt\/xone24\/\" \/>\n<meta property=\"og:site_name\" content=\"DE Audio-Technica Distribution\" \/>\n<meta property=\"article:modified_time\" content=\"2026-03-16T12:08:16+00:00\" \/>\n<meta property=\"og:image\" content=\"https:\/\/distribution.audio-technica.eu\/app\/uploads\/sites\/6\/RS5621_Xone24-Top-scaled.jpg\" \/>\n\t<meta property=\"og:image:width\" content=\"2560\" \/>\n\t<meta property=\"og:image:height\" content=\"1707\" \/>\n\t<meta property=\"og:image:type\" content=\"image\/jpeg\" \/>\n<meta name=\"twitter:card\" content=\"summary_large_image\" \/>\n<meta name=\"twitter:label1\" content=\"Gesch\u00e4tzte Lesezeit\" \/>\n\t<meta name=\"twitter:data1\" content=\"2\u00a0Minuten\" \/>\n<script type=\"application\/ld+json\" class=\"yoast-schema-graph\">{\"@context\":\"https:\/\/schema.org\",\"@graph\":[{\"@type\":\"WebPage\",\"@id\":\"https:\/\/distribution.audio-technica.eu\/de-de\/produkt\/xone24\/\",\"url\":\"https:\/\/distribution.audio-technica.eu\/de-de\/produkt\/xone24\/\",\"name\":\"Xone:24 - DE Audio-Technica Distribution\",\"isPartOf\":{\"@id\":\"https:\/\/distribution.audio-technica.eu\/de-de\/#website\"},\"primaryImageOfPage\":{\"@id\":\"https:\/\/distribution.audio-technica.eu\/de-de\/produkt\/xone24\/#primaryimage\"},\"image\":{\"@id\":\"https:\/\/distribution.audio-technica.eu\/de-de\/produkt\/xone24\/#primaryimage\"},\"thumbnailUrl\":\"\/app\/uploads\/sites\/6\/RS5621_Xone24-Top-scaled.jpg\",\"datePublished\":\"2026-02-24T13:42:02+00:00\",\"dateModified\":\"2026-03-16T12:08:16+00:00\",\"breadcrumb\":{\"@id\":\"https:\/\/distribution.audio-technica.eu\/de-de\/produkt\/xone24\/#breadcrumb\"},\"inLanguage\":\"de\",\"potentialAction\":[{\"@type\":\"ReadAction\",\"target\":[\"https:\/\/distribution.audio-technica.eu\/de-de\/produkt\/xone24\/\"]}]},{\"@type\":\"ImageObject\",\"inLanguage\":\"de\",\"@id\":\"https:\/\/distribution.audio-technica.eu\/de-de\/produkt\/xone24\/#primaryimage\",\"url\":\"\/app\/uploads\/sites\/6\/RS5621_Xone24-Top-scaled.jpg\",\"contentUrl\":\"\/app\/uploads\/sites\/6\/RS5621_Xone24-Top-scaled.jpg\",\"width\":2560,\"height\":1707},{\"@type\":\"BreadcrumbList\",\"@id\":\"https:\/\/distribution.audio-technica.eu\/de-de\/produkt\/xone24\/#breadcrumb\",\"itemListElement\":[{\"@type\":\"ListItem\",\"position\":1,\"name\":\"Products\",\"item\":\"https:\/\/distribution.audio-technica.eu\/de-de\/\"},{\"@type\":\"ListItem\",\"position\":2,\"name\":\"Produkte\",\"item\":\"https:\/\/distribution.audio-technica.eu\/de-de\/produkte\/\"},{\"@type\":\"ListItem\",\"position\":3,\"name\":\"Xone:24\"}]},{\"@type\":\"WebSite\",\"@id\":\"https:\/\/distribution.audio-technica.eu\/de-de\/#website\",\"url\":\"https:\/\/distribution.audio-technica.eu\/de-de\/\",\"name\":\"DE Audio-Technica Distribution\",\"description\":\"\",\"potentialAction\":[{\"@type\":\"SearchAction\",\"target\":{\"@type\":\"EntryPoint\",\"urlTemplate\":\"https:\/\/distribution.audio-technica.eu\/de-de\/?s={search_term_string}\"},\"query-input\":{\"@type\":\"PropertyValueSpecification\",\"valueRequired\":true,\"valueName\":\"search_term_string\"}}],\"inLanguage\":\"de\"}]}<\/script>\n<!-- \/ Yoast SEO plugin. -->","yoast_head_json":{"title":"Xone:24 - DE Audio-Technica Distribution","robots":{"index":"index","follow":"follow","max-snippet":"max-snippet:-1","max-image-preview":"max-image-preview:large","max-video-preview":"max-video-preview:-1"},"canonical":"https:\/\/distribution.audio-technica.eu\/de-de\/produkt\/xone24\/","og_locale":"de_DE","og_type":"article","og_title":"Xone:24 - DE Audio-Technica Distribution","og_description":"Egal, ob Sie Vinyl auflegen, mit digitalen Media-Playern spielen oder einfach nur hochwertige analoge Performance suchen \u2013 der Xone:24 bietet Sound auf Club-Niveau in einem benutzerfreundlichen Paket.  &nbsp; Konzipiert f\u00fcr kleinere R\u00e4umlichkeiten, Home-Setups oder mobile Rigs, liefert der Xone:24 die gleichen Kern-Tools der Xone-Flaggschiffe \u2013 einschlie\u00dflich des Xone-Filters und des Mini-innoFADERs \u2013 in einem kompakten und zug\u00e4nglichen Format. Dabei spielt es keine Rolle, ob Sie Ihr Handwerk gerade erst erlernen, live performen, zu Hause Musik genie\u00dfen oder im Studio kreativ sind: Der Xone:24 bietet einen kompromisslosen Einstieg in die Welt von Xone.","og_url":"https:\/\/distribution.audio-technica.eu\/de-de\/produkt\/xone24\/","og_site_name":"DE Audio-Technica Distribution","article_modified_time":"2026-03-16T12:08:16+00:00","og_image":[{"width":2560,"height":1707,"url":"https:\/\/distribution.audio-technica.eu\/app\/uploads\/sites\/6\/RS5621_Xone24-Top-scaled.jpg","type":"image\/jpeg"}],"twitter_card":"summary_large_image","twitter_misc":{"Gesch\u00e4tzte Lesezeit":"2\u00a0Minuten"},"schema":{"@context":"https:\/\/schema.org","@graph":[{"@type":"WebPage","@id":"https:\/\/distribution.audio-technica.eu\/de-de\/produkt\/xone24\/","url":"https:\/\/distribution.audio-technica.eu\/de-de\/produkt\/xone24\/","name":"Xone:24 - DE Audio-Technica Distribution","isPartOf":{"@id":"https:\/\/distribution.audio-technica.eu\/de-de\/#website"},"primaryImageOfPage":{"@id":"https:\/\/distribution.audio-technica.eu\/de-de\/produkt\/xone24\/#primaryimage"},"image":{"@id":"https:\/\/distribution.audio-technica.eu\/de-de\/produkt\/xone24\/#primaryimage"},"thumbnailUrl":"\/app\/uploads\/sites\/6\/RS5621_Xone24-Top-scaled.jpg","datePublished":"2026-02-24T13:42:02+00:00","dateModified":"2026-03-16T12:08:16+00:00","breadcrumb":{"@id":"https:\/\/distribution.audio-technica.eu\/de-de\/produkt\/xone24\/#breadcrumb"},"inLanguage":"de","potentialAction":[{"@type":"ReadAction","target":["https:\/\/distribution.audio-technica.eu\/de-de\/produkt\/xone24\/"]}]},{"@type":"ImageObject","inLanguage":"de","@id":"https:\/\/distribution.audio-technica.eu\/de-de\/produkt\/xone24\/#primaryimage","url":"\/app\/uploads\/sites\/6\/RS5621_Xone24-Top-scaled.jpg","contentUrl":"\/app\/uploads\/sites\/6\/RS5621_Xone24-Top-scaled.jpg","width":2560,"height":1707},{"@type":"BreadcrumbList","@id":"https:\/\/distribution.audio-technica.eu\/de-de\/produkt\/xone24\/#breadcrumb","itemListElement":[{"@type":"ListItem","position":1,"name":"Products","item":"https:\/\/distribution.audio-technica.eu\/de-de\/"},{"@type":"ListItem","position":2,"name":"Produkte","item":"https:\/\/distribution.audio-technica.eu\/de-de\/produkte\/"},{"@type":"ListItem","position":3,"name":"Xone:24"}]},{"@type":"WebSite","@id":"https:\/\/distribution.audio-technica.eu\/de-de\/#website","url":"https:\/\/distribution.audio-technica.eu\/de-de\/","name":"DE Audio-Technica Distribution","description":"","potentialAction":[{"@type":"SearchAction","target":{"@type":"EntryPoint","urlTemplate":"https:\/\/distribution.audio-technica.eu\/de-de\/?s={search_term_string}"},"query-input":{"@type":"PropertyValueSpecification","valueRequired":true,"valueName":"search_term_string"}}],"inLanguage":"de"}]}},"_links":{"self":[{"href":"https:\/\/distribution.audio-technica.eu\/de-de\/wp-json\/wp\/v2\/product\/21735","targetHints":{"allow":["GET"]}}],"collection":[{"href":"https:\/\/distribution.audio-technica.eu\/de-de\/wp-json\/wp\/v2\/product"}],"about":[{"href":"https:\/\/distribution.audio-technica.eu\/de-de\/wp-json\/wp\/v2\/types\/product"}],"wp:featuredmedia":[{"embeddable":true,"href":"https:\/\/distribution.audio-technica.eu\/de-de\/wp-json\/wp\/v2\/media\/21736"}],"wp:attachment":[{"href":"https:\/\/distribution.audio-technica.eu\/de-de\/wp-json\/wp\/v2\/media?parent=21735"}],"wp:term":[{"taxonomy":"product_brand","embeddable":true,"href":"https:\/\/distribution.audio-technica.eu\/de-de\/wp-json\/wp\/v2\/product_brand?post=21735"},{"taxonomy":"product_cat","embeddable":true,"href":"https:\/\/distribution.audio-technica.eu\/de-de\/wp-json\/wp\/v2\/product_cat?post=21735"},{"taxonomy":"product_tag","embeddable":true,"href":"https:\/\/distribution.audio-technica.eu\/de-de\/wp-json\/wp\/v2\/product_tag?post=21735"}],"curies":[{"name":"wp","href":"https:\/\/api.w.org\/{rel}","templated":true}]}}