{"id":21740,"date":"2026-02-24T14:41:56","date_gmt":"2026-02-24T14:41:56","guid":{"rendered":"https:\/\/distribution.audio-technica.eu\/de-de\/?post_type=product&#038;p=21740"},"modified":"2026-03-16T12:08:06","modified_gmt":"2026-03-16T12:08:06","slug":"xone24c","status":"publish","type":"product","link":"https:\/\/distribution.audio-technica.eu\/de-de\/produkt\/xone24c\/","title":{"rendered":"Xone:24C"},"content":{"rendered":"<h3>Xone DJ-Mixer sind die erste Wahl f\u00fcr einige der angesehensten Namen der Branche, die angesagtesten Newcomer und die Stars von morgen.<\/h3>\n<p>&nbsp;<\/p>\n<p data-path-to-node=\"1\"><b data-path-to-node=\"1\" data-index-in-node=\"0\">Konzipiert f\u00fcr kleinere R\u00e4umlichkeiten, Home-Setups oder mobile Rigs, liefert der Xone:24C die gleichen Kern-Tools der Xone-Flaggschiffe \u2013 einschlie\u00dflich des Xone-Filters und des Mini-innoFADERs \u2013 in einem kompakten und zug\u00e4nglichen Format.<\/b><\/p>\n<p data-path-to-node=\"2\">Dabei spielt es keine Rolle, ob Sie Ihr Handwerk gerade erst erlernen, live performen, zu Hause Musik genie\u00dfen oder im Studio kreativ sind: Der Xone:24C bietet einen kompromisslosen Einstieg in die Welt von Xone.<\/p>\n<p id=\"p-rc_1222923a759908e9-148\" data-path-to-node=\"1\"><span class=\"citation-199 citation-end-199\">Egal, ob Sie Timecode-Vinyl verwenden, Live-Sets streamen oder eine DAW integrieren \u2013 der Xone:24C bietet Plug-and-Play-Konnektivit\u00e4t und beh\u00e4lt dabei das unverwechselbare Gef\u00fchl und den Klang eines echten Analogmixers bei.<\/span><\/p>\n<p id=\"p-rc_1222923a759908e9-149\" data-path-to-node=\"2\"><span class=\"citation-198 citation-end-198\">Sein Class-Compliant 96-kHz-USB-Audio-Interface liefert eine makellose Klangqualit\u00e4t mit drei Betriebsmodi \u2013 Streaming, DAW und DVS Pro \u2013, um das Setup zu vereinfachen.<\/span><\/p>\n<p id=\"p-rc_1222923a759908e9-150\" data-path-to-node=\"3\"><span class=\"citation-197 citation-end-197\">Die USB-C-Hub-Anschl\u00fcsse mit eigener Stromversorgung erm\u00f6glichen den Anschluss von Controllern wie der Xone:K-Serie oder jedem Class-Compliant USB-C MIDI-\/Audioger\u00e4t und bilden so einen einfachen, zentralen Verbindungsknoten.<\/span><\/p>\n<p id=\"p-rc_1222923a759908e9-151\" data-path-to-node=\"4\"><span class=\"citation-196 citation-end-196\">Zus\u00e4tzlich werden MIDI-Signale von den wichtigsten Mixer-Bedienelementen an das angeschlossene Host-System ausgegeben.<\/span><\/p>\n","protected":false},"excerpt":{"rendered":"<p>Der Xone:24C ist ein kompakter 2+1-Kanal-Hybrid-DJ-Mixer, der analoge Klangqualit\u00e4t mit flexibler digitaler Konnektivit\u00e4t vereint.<\/p>\n<p>Basierend auf dem voll-analogen Xone:24, erweitert der Xone:24C das System um ein hochwertiges USB-C-Interface und einen USB-Hub mit eigener Stromversorgung f\u00fcr die einfache Integration in DVS-, Streaming- und Produktions-Setups.<\/p>\n","protected":false},"featured_media":21741,"template":"","meta":{"_acf_changed":false},"product_brand":[],"product_cat":[1985],"product_tag":[],"class_list":{"0":"post-21740","1":"product","2":"type-product","3":"status-publish","4":"has-post-thumbnail","6":"product_cat-xone-dj-mixer","7":"product_series-xone","9":"first","10":"instock","11":"shipping-taxable","12":"product-type-simple"},"acf":[],"yoast_head":"<!-- This site is optimized with the Yoast SEO plugin v27.1.1 - https:\/\/yoast.com\/product\/yoast-seo-wordpress\/ -->\n<title>Xone:24C - DE Audio-Technica Distribution<\/title>\n<meta name=\"robots\" content=\"index, follow, max-snippet:-1, max-image-preview:large, max-video-preview:-1\" \/>\n<link rel=\"canonical\" href=\"https:\/\/distribution.audio-technica.eu\/de-de\/produkt\/xone24c\/\" \/>\n<meta property=\"og:locale\" content=\"de_DE\" \/>\n<meta property=\"og:type\" content=\"article\" \/>\n<meta property=\"og:title\" content=\"Xone:24C - DE Audio-Technica Distribution\" \/>\n<meta property=\"og:description\" content=\"Der Xone:24C ist ein kompakter 2+1-Kanal-Hybrid-DJ-Mixer, der analoge Klangqualit\u00e4t mit flexibler digitaler Konnektivit\u00e4t vereint.  Basierend auf dem voll-analogen Xone:24, erweitert der Xone:24C das System um ein hochwertiges USB-C-Interface und einen USB-Hub mit eigener Stromversorgung f\u00fcr die einfache Integration in DVS-, Streaming- und Produktions-Setups.\" \/>\n<meta property=\"og:url\" content=\"https:\/\/distribution.audio-technica.eu\/de-de\/produkt\/xone24c\/\" \/>\n<meta property=\"og:site_name\" content=\"DE Audio-Technica Distribution\" \/>\n<meta property=\"article:modified_time\" content=\"2026-03-16T12:08:06+00:00\" \/>\n<meta property=\"og:image\" content=\"https:\/\/distribution.audio-technica.eu\/app\/uploads\/sites\/6\/RS5633_Xone24C-Top-scaled.jpg\" \/>\n\t<meta property=\"og:image:width\" content=\"2560\" \/>\n\t<meta property=\"og:image:height\" content=\"1707\" \/>\n\t<meta property=\"og:image:type\" content=\"image\/jpeg\" \/>\n<meta name=\"twitter:card\" content=\"summary_large_image\" \/>\n<meta name=\"twitter:label1\" content=\"Gesch\u00e4tzte Lesezeit\" \/>\n\t<meta name=\"twitter:data1\" content=\"2\u00a0Minuten\" \/>\n<script type=\"application\/ld+json\" class=\"yoast-schema-graph\">{\"@context\":\"https:\/\/schema.org\",\"@graph\":[{\"@type\":\"WebPage\",\"@id\":\"https:\/\/distribution.audio-technica.eu\/de-de\/produkt\/xone24c\/\",\"url\":\"https:\/\/distribution.audio-technica.eu\/de-de\/produkt\/xone24c\/\",\"name\":\"Xone:24C - DE Audio-Technica Distribution\",\"isPartOf\":{\"@id\":\"https:\/\/distribution.audio-technica.eu\/de-de\/#website\"},\"primaryImageOfPage\":{\"@id\":\"https:\/\/distribution.audio-technica.eu\/de-de\/produkt\/xone24c\/#primaryimage\"},\"image\":{\"@id\":\"https:\/\/distribution.audio-technica.eu\/de-de\/produkt\/xone24c\/#primaryimage\"},\"thumbnailUrl\":\"\/app\/uploads\/sites\/6\/RS5633_Xone24C-Top-scaled.jpg\",\"datePublished\":\"2026-02-24T14:41:56+00:00\",\"dateModified\":\"2026-03-16T12:08:06+00:00\",\"breadcrumb\":{\"@id\":\"https:\/\/distribution.audio-technica.eu\/de-de\/produkt\/xone24c\/#breadcrumb\"},\"inLanguage\":\"de\",\"potentialAction\":[{\"@type\":\"ReadAction\",\"target\":[\"https:\/\/distribution.audio-technica.eu\/de-de\/produkt\/xone24c\/\"]}]},{\"@type\":\"ImageObject\",\"inLanguage\":\"de\",\"@id\":\"https:\/\/distribution.audio-technica.eu\/de-de\/produkt\/xone24c\/#primaryimage\",\"url\":\"\/app\/uploads\/sites\/6\/RS5633_Xone24C-Top-scaled.jpg\",\"contentUrl\":\"\/app\/uploads\/sites\/6\/RS5633_Xone24C-Top-scaled.jpg\",\"width\":2560,\"height\":1707},{\"@type\":\"BreadcrumbList\",\"@id\":\"https:\/\/distribution.audio-technica.eu\/de-de\/produkt\/xone24c\/#breadcrumb\",\"itemListElement\":[{\"@type\":\"ListItem\",\"position\":1,\"name\":\"Products\",\"item\":\"https:\/\/distribution.audio-technica.eu\/de-de\/\"},{\"@type\":\"ListItem\",\"position\":2,\"name\":\"Produkte\",\"item\":\"https:\/\/distribution.audio-technica.eu\/de-de\/produkte\/\"},{\"@type\":\"ListItem\",\"position\":3,\"name\":\"Xone:24C\"}]},{\"@type\":\"WebSite\",\"@id\":\"https:\/\/distribution.audio-technica.eu\/de-de\/#website\",\"url\":\"https:\/\/distribution.audio-technica.eu\/de-de\/\",\"name\":\"DE Audio-Technica Distribution\",\"description\":\"\",\"potentialAction\":[{\"@type\":\"SearchAction\",\"target\":{\"@type\":\"EntryPoint\",\"urlTemplate\":\"https:\/\/distribution.audio-technica.eu\/de-de\/?s={search_term_string}\"},\"query-input\":{\"@type\":\"PropertyValueSpecification\",\"valueRequired\":true,\"valueName\":\"search_term_string\"}}],\"inLanguage\":\"de\"}]}<\/script>\n<!-- \/ Yoast SEO plugin. -->","yoast_head_json":{"title":"Xone:24C - DE Audio-Technica Distribution","robots":{"index":"index","follow":"follow","max-snippet":"max-snippet:-1","max-image-preview":"max-image-preview:large","max-video-preview":"max-video-preview:-1"},"canonical":"https:\/\/distribution.audio-technica.eu\/de-de\/produkt\/xone24c\/","og_locale":"de_DE","og_type":"article","og_title":"Xone:24C - DE Audio-Technica Distribution","og_description":"Der Xone:24C ist ein kompakter 2+1-Kanal-Hybrid-DJ-Mixer, der analoge Klangqualit\u00e4t mit flexibler digitaler Konnektivit\u00e4t vereint.  Basierend auf dem voll-analogen Xone:24, erweitert der Xone:24C das System um ein hochwertiges USB-C-Interface und einen USB-Hub mit eigener Stromversorgung f\u00fcr die einfache Integration in DVS-, Streaming- und Produktions-Setups.","og_url":"https:\/\/distribution.audio-technica.eu\/de-de\/produkt\/xone24c\/","og_site_name":"DE Audio-Technica Distribution","article_modified_time":"2026-03-16T12:08:06+00:00","og_image":[{"width":2560,"height":1707,"url":"https:\/\/distribution.audio-technica.eu\/app\/uploads\/sites\/6\/RS5633_Xone24C-Top-scaled.jpg","type":"image\/jpeg"}],"twitter_card":"summary_large_image","twitter_misc":{"Gesch\u00e4tzte Lesezeit":"2\u00a0Minuten"},"schema":{"@context":"https:\/\/schema.org","@graph":[{"@type":"WebPage","@id":"https:\/\/distribution.audio-technica.eu\/de-de\/produkt\/xone24c\/","url":"https:\/\/distribution.audio-technica.eu\/de-de\/produkt\/xone24c\/","name":"Xone:24C - DE Audio-Technica Distribution","isPartOf":{"@id":"https:\/\/distribution.audio-technica.eu\/de-de\/#website"},"primaryImageOfPage":{"@id":"https:\/\/distribution.audio-technica.eu\/de-de\/produkt\/xone24c\/#primaryimage"},"image":{"@id":"https:\/\/distribution.audio-technica.eu\/de-de\/produkt\/xone24c\/#primaryimage"},"thumbnailUrl":"\/app\/uploads\/sites\/6\/RS5633_Xone24C-Top-scaled.jpg","datePublished":"2026-02-24T14:41:56+00:00","dateModified":"2026-03-16T12:08:06+00:00","breadcrumb":{"@id":"https:\/\/distribution.audio-technica.eu\/de-de\/produkt\/xone24c\/#breadcrumb"},"inLanguage":"de","potentialAction":[{"@type":"ReadAction","target":["https:\/\/distribution.audio-technica.eu\/de-de\/produkt\/xone24c\/"]}]},{"@type":"ImageObject","inLanguage":"de","@id":"https:\/\/distribution.audio-technica.eu\/de-de\/produkt\/xone24c\/#primaryimage","url":"\/app\/uploads\/sites\/6\/RS5633_Xone24C-Top-scaled.jpg","contentUrl":"\/app\/uploads\/sites\/6\/RS5633_Xone24C-Top-scaled.jpg","width":2560,"height":1707},{"@type":"BreadcrumbList","@id":"https:\/\/distribution.audio-technica.eu\/de-de\/produkt\/xone24c\/#breadcrumb","itemListElement":[{"@type":"ListItem","position":1,"name":"Products","item":"https:\/\/distribution.audio-technica.eu\/de-de\/"},{"@type":"ListItem","position":2,"name":"Produkte","item":"https:\/\/distribution.audio-technica.eu\/de-de\/produkte\/"},{"@type":"ListItem","position":3,"name":"Xone:24C"}]},{"@type":"WebSite","@id":"https:\/\/distribution.audio-technica.eu\/de-de\/#website","url":"https:\/\/distribution.audio-technica.eu\/de-de\/","name":"DE Audio-Technica Distribution","description":"","potentialAction":[{"@type":"SearchAction","target":{"@type":"EntryPoint","urlTemplate":"https:\/\/distribution.audio-technica.eu\/de-de\/?s={search_term_string}"},"query-input":{"@type":"PropertyValueSpecification","valueRequired":true,"valueName":"search_term_string"}}],"inLanguage":"de"}]}},"_links":{"self":[{"href":"https:\/\/distribution.audio-technica.eu\/de-de\/wp-json\/wp\/v2\/product\/21740","targetHints":{"allow":["GET"]}}],"collection":[{"href":"https:\/\/distribution.audio-technica.eu\/de-de\/wp-json\/wp\/v2\/product"}],"about":[{"href":"https:\/\/distribution.audio-technica.eu\/de-de\/wp-json\/wp\/v2\/types\/product"}],"wp:featuredmedia":[{"embeddable":true,"href":"https:\/\/distribution.audio-technica.eu\/de-de\/wp-json\/wp\/v2\/media\/21741"}],"wp:attachment":[{"href":"https:\/\/distribution.audio-technica.eu\/de-de\/wp-json\/wp\/v2\/media?parent=21740"}],"wp:term":[{"taxonomy":"product_brand","embeddable":true,"href":"https:\/\/distribution.audio-technica.eu\/de-de\/wp-json\/wp\/v2\/product_brand?post=21740"},{"taxonomy":"product_cat","embeddable":true,"href":"https:\/\/distribution.audio-technica.eu\/de-de\/wp-json\/wp\/v2\/product_cat?post=21740"},{"taxonomy":"product_tag","embeddable":true,"href":"https:\/\/distribution.audio-technica.eu\/de-de\/wp-json\/wp\/v2\/product_tag?post=21740"}],"curies":[{"name":"wp","href":"https:\/\/api.w.org\/{rel}","templated":true}]}}