{"id":17262,"date":"2019-06-26T17:09:39","date_gmt":"2019-06-26T15:09:39","guid":{"rendered":"https:\/\/atdb-production.studiograft.dev\/es\/?page_id=17262"},"modified":"2019-06-26T18:07:41","modified_gmt":"2019-06-26T16:07:41","slug":"serie-uber-alto-professional","status":"publish","type":"page","link":"https:\/\/distribution.audio-technica.eu\/es-es\/serie-uber-alto-professional\/","title":{"rendered":"Serie Uber &#8211; Alto Professional"},"content":{"rendered":"<p>[fusion_builder_container admin_label=\u00bbAbout\u00bb hundred_percent=\u00bbno\u00bb hundred_percent_height=\u00bbno\u00bb hundred_percent_height_scroll=\u00bbno\u00bb hundred_percent_height_center_content=\u00bbyes\u00bb equal_height_columns=\u00bbno\u00bb menu_anchor=\u00bb\u00bb hide_on_mobile=\u00bbsmall-visibility,medium-visibility,large-visibility\u00bb class=\u00bb\u00bb id=\u00bb\u00bb background_color=\u00bb#ffffff\u00bb background_image=\u00bb\u00bb background_position=\u00bbleft top\u00bb background_repeat=\u00bbno-repeat\u00bb fade=\u00bbno\u00bb background_parallax=\u00bbnone\u00bb enable_mobile=\u00bbno\u00bb parallax_speed=\u00bb\u00bb video_mp4=\u00bb\u00bb video_webm=\u00bb\u00bb video_ogv=\u00bb\u00bb video_url=\u00bb\u00bb video_aspect_ratio=\u00bb\u00bb video_loop=\u00bbyes\u00bb video_mute=\u00bbyes\u00bb video_preview_image=\u00bb\u00bb border_size=\u00bb\u00bb border_color=\u00bb\u00bb border_style=\u00bbsolid\u00bb margin_top=\u00bb\u00bb margin_bottom=\u00bb\u00bb padding_top=\u00bb\u00bb padding_right=\u00bb\u00bb padding_bottom=\u00bb\u00bb padding_left=\u00bb\u00bb][fusion_builder_row][fusion_builder_column type=\u00bb1_6&#8243; layout=\u00bb1_4&#8243; spacing=\u00bb\u00bb center_content=\u00bbno\u00bb link=\u00bb\u00bb target=\u00bb_self\u00bb min_height=\u00bb\u00bb hide_on_mobile=\u00bbsmall-visibility,medium-visibility,large-visibility\u00bb class=\u00bb\u00bb id=\u00bb\u00bb background_color=\u00bb\u00bb background_image=\u00bb\u00bb background_position=\u00bbleft top\u00bb background_repeat=\u00bbno-repeat\u00bb hover_type=\u00bbnone\u00bb border_size=\u00bb0&#8243; border_color=\u00bb\u00bb border_style=\u00bbsolid\u00bb border_position=\u00bball\u00bb animation_type=\u00bb\u00bb animation_direction=\u00bbleft\u00bb animation_speed=\u00bb0.3&#8243; animation_offset=\u00bb\u00bb last=\u00bbno\u00bb][\/fusion_builder_column][fusion_builder_column type=\u00bb2_3&#8243; layout=\u00bb2_3&#8243; spacing=\u00bb\u00bb center_content=\u00bbno\u00bb link=\u00bb\u00bb target=\u00bb_self\u00bb min_height=\u00bb\u00bb hide_on_mobile=\u00bbsmall-visibility,medium-visibility,large-visibility\u00bb class=\u00bb\u00bb id=\u00bb\u00bb background_color=\u00bb\u00bb background_image=\u00bb\u00bb background_position=\u00bbleft top\u00bb undefined=\u00bb\u00bb background_repeat=\u00bbno-repeat\u00bb hover_type=\u00bbnone\u00bb border_size=\u00bb0&#8243; border_color=\u00bb\u00bb border_style=\u00bbsolid\u00bb border_position=\u00bball\u00bb padding_top=\u00bb\u00bb padding_right=\u00bb\u00bb padding_bottom=\u00bb\u00bb padding_left=\u00bb\u00bb margin_top=\u00bb\u00bb margin_bottom=\u00bb\u00bb animation_type=\u00bb\u00bb animation_direction=\u00bbleft\u00bb animation_speed=\u00bb0.3&#8243; animation_offset=\u00bb\u00bb last=\u00bbno\u00bb][fusion_imageframe image_id=\u00bb17294&#8243; max_width=\u00bb\u00bb style_type=\u00bbnone\u00bb stylecolor=\u00bb\u00bb hover_type=\u00bbnone\u00bb bordersize=\u00bb\u00bb bordercolor=\u00bb\u00bb borderradius=\u00bb\u00bb align=\u00bbnone\u00bb lightbox=\u00bbno\u00bb gallery_id=\u00bb\u00bb lightbox_image=\u00bb\u00bb alt=\u00bb\u00bb link=\u00bb\u00bb linktarget=\u00bb_self\u00bb hide_on_mobile=\u00bbsmall-visibility,medium-visibility,large-visibility\u00bb class=\u00bb\u00bb id=\u00bb\u00bb animation_type=\u00bb\u00bb animation_direction=\u00bbleft\u00bb animation_speed=\u00bb0.3&#8243; animation_offset=\u00bb\u00bb]https:\/\/distribution.audio-technica.eu\/es\/wp-content\/uploads\/sites\/2\/Uber_1200_ES-3.jpg[\/fusion_imageframe][fusion_separator style_type=\u00bbnone\u00bb hide_on_mobile=\u00bbsmall-visibility,medium-visibility,large-visibility\u00bb class=\u00bb\u00bb id=\u00bb\u00bb sep_color=\u00bb\u00bb top_margin=\u00bb15px\u00bb bottom_margin=\u00bb15px\u00bb border_size=\u00bb\u00bb icon=\u00bb\u00bb icon_circle=\u00bb\u00bb icon_circle_color=\u00bb\u00bb width=\u00bb\u00bb alignment=\u00bbcenter\u00bb \/][fusion_text columns=\u00bb\u00bb column_min_width=\u00bb\u00bb column_spacing=\u00bb\u00bb rule_style=\u00bbdefault\u00bb rule_size=\u00bb\u00bb rule_color=\u00bb\u00bb class=\u00bb\u00bb id=\u00bb\u00bb]<\/p>\n<h3 style=\"text-align: center\">Serie Uber<\/h3>\n<p style=\"text-align: center\">La familia Uber de Alto Professional es una serie de tres recintos port\u00e1tiles PA autoamplificados con bater\u00edas recargables. Son perfectos para reuniones de negocios, m\u00fasicos callejeros, fiestas y actividades al aire libre, en cualquier lugar que necesite una alta calidad de sonido pero que no se disponga de acceso a la red el\u00e9ctrica.<\/p>\n<p style=\"text-align: center\">Hay tres modelos: Uber LT, Uber PA y Uber FX. Entre ellos var\u00eda un poco el tama\u00f1o, la potencia de salida (50 o 100 W) el tama\u00f1o del altavoz (6,5&#8243; u 8\u201d) y la duraci\u00f3n de la bater\u00eda (35, 45 o 50 horas), pero una cosa es absolutamente igual, independientemente del modelo: el compromiso de Alto Professional con una excelente calidad de sonido, facilidad de uso y dise\u00f1o robusto. \u00a1No importa qu\u00e9 modelo se adapte mejor a tus necesidades, tus expectativas ser\u00e1n superadas!<\/p>\n<p>[\/fusion_text][fusion_separator style_type=\u00bbnone\u00bb hide_on_mobile=\u00bbsmall-visibility,medium-visibility,large-visibility\u00bb class=\u00bb\u00bb id=\u00bb\u00bb sep_color=\u00bb\u00bb top_margin=\u00bb5px\u00bb bottom_margin=\u00bb5px\u00bb border_size=\u00bb\u00bb icon=\u00bb\u00bb icon_circle=\u00bb\u00bb icon_circle_color=\u00bb\u00bb width=\u00bb\u00bb alignment=\u00bbcenter\u00bb \/][fusion_code]PHVsIGNsYXNzPSJwcm9kdWN0cyBjbGVhcmZpeCBwcm9kdWN0cy0zIj4KPGxpIGNsYXNzPSJwcm9kdWN0LWdyaWQtdmlldyBwcm9kdWN0IHR5cGUtcHJvZHVjdCBwb3N0LTE3MDA1IHN0YXR1cy1wdWJsaXNoIGZpcnN0IGluc3RvY2sgcHJvZHVjdF9jYXQtYWx0by1wcm9mZXNzaW9uYWwgcHJvZHVjdF9jYXQtY29tYm9zLWF1dG8tYW1wbGlmaWNhZG9zIHByb2R1Y3RfY2F0LXNlcmllLXViZXIgaGFzLXBvc3QtdGh1bWJuYWlsIGZlYXR1cmVkIHNoaXBwaW5nLXRheGFibGUgcHJvZHVjdC10eXBlLXNpbXBsZSI+Cgk8ZGl2IGNsYXNzPSJmdXNpb24tY2xlYW4tcHJvZHVjdC1pbWFnZS13cmFwcGVyICI+CgkKCjxkaXYgY2xhc3M9ImZ1c2lvbi1pbWFnZS13cmFwcGVyIGZ1c2lvbi1pbWFnZS1zaXplLWZpeGVkIiBhcmlhLWhhc3BvcHVwPSJ0cnVlIj4KCQoJCgkJPGEgaHJlZj0iaHR0cHM6Ly9kaXN0cmlidXRpb24uYXVkaW8tdGVjaG5pY2EuZXUvZXMvcHJvZHVjdC91YmVyLWZ4LyI+CgkJCQoJCQkJCTxpbWcgd2lkdGg9IjMwMCIgaGVpZ2h0PSIzMDAiIHNyYz0iaHR0cHM6Ly9kaXN0cmlidXRpb24uYXVkaW8tdGVjaG5pY2EuZXUvZXMvd3AtY29udGVudC91cGxvYWRzL3NpdGVzLzIvQWx0by1VYmVyLUZYMi0zMDB4MzAwLmpwZyIgY2xhc3M9ImF0dGFjaG1lbnQtc2hvcF9jYXRhbG9nIHNpemUtc2hvcF9jYXRhbG9nIHdwLXBvc3QtaW1hZ2UiIGFsdD0iIiBzcmNzZXQ9Imh0dHBzOi8vZGlzdHJpYnV0aW9uLmF1ZGlvLXRlY2huaWNhLmV1L2VzL3dwLWNvbnRlbnQvdXBsb2Fkcy9zaXRlcy8yL0FsdG8tVWJlci1GWDItNjZ4NjYuanBnIDY2dywgaHR0cHM6Ly9kaXN0cmlidXRpb24uYXVkaW8tdGVjaG5pY2EuZXUvZXMvd3AtY29udGVudC91cGxvYWRzL3NpdGVzLzIvQWx0by1VYmVyLUZYMi0xMDB4MTAwLmpwZyAxMDB3LCBodHRwczovL2Rpc3RyaWJ1dGlvbi5hdWRpby10ZWNobmljYS5ldS9lcy93cC1jb250ZW50L3VwbG9hZHMvc2l0ZXMvMi9BbHRvLVViZXItRlgyLTE1MHgxNTAuanBnIDE1MHcsIGh0dHBzOi8vZGlzdHJpYnV0aW9uLmF1ZGlvLXRlY2huaWNhLmV1L2VzL3dwLWNvbnRlbnQvdXBsb2Fkcy9zaXRlcy8yL0FsdG8tVWJlci1GWDItMjAweDIwMC5qcGcgMjAwdywgaHR0cHM6Ly9kaXN0cmlidXRpb24uYXVkaW8tdGVjaG5pY2EuZXUvZXMvd3AtY29udGVudC91cGxvYWRzL3NpdGVzLzIvQWx0by1VYmVyLUZYMi0zMDB4MzAwLmpwZyAzMDB3LCBodHRwczovL2Rpc3RyaWJ1dGlvbi5hdWRpby10ZWNobmljYS5ldS9lcy93cC1jb250ZW50L3VwbG9hZHMvc2l0ZXMvMi9BbHRvLVViZXItRlgyLTQwMHg0MDAuanBnIDQwMHcsIGh0dHBzOi8vZGlzdHJpYnV0aW9uLmF1ZGlvLXRlY2huaWNhLmV1L2VzL3dwLWNvbnRlbnQvdXBsb2Fkcy9zaXRlcy8yL0FsdG8tVWJlci1GWDItNjAweDYwMC5qcGcgNjAwdywgaHR0cHM6Ly9kaXN0cmlidXRpb24uYXVkaW8tdGVjaG5pY2EuZXUvZXMvd3AtY29udGVudC91cGxvYWRzL3NpdGVzLzIvQWx0by1VYmVyLUZYMi03Njh4NzY4LmpwZyA3Njh3LCBodHRwczovL2Rpc3RyaWJ1dGlvbi5hdWRpby10ZWNobmljYS5ldS9lcy93cC1jb250ZW50L3VwbG9hZHMvc2l0ZXMvMi9BbHRvLVViZXItRlgyLTgwMHg4MDAuanBnIDgwMHcsIGh0dHBzOi8vZGlzdHJpYnV0aW9uLmF1ZGlvLXRlY2huaWNhLmV1L2VzL3dwLWNvbnRlbnQvdXBsb2Fkcy9zaXRlcy8yL0FsdG8tVWJlci1GWDIuanBnIDEwMDB3IiBzaXplcz0iKG1heC13aWR0aDogMzAwcHgpIDEwMHZ3LCAzMDBweCI+CgkKCgkJPC9hPgoKCQo8L2Rpdj4KPC9kaXY+CjxkaXYgY2xhc3M9ImZ1c2lvbi1wcm9kdWN0LWNvbnRlbnQiPgoJPGRpdiBjbGFzcz0icHJvZHVjdC1kZXRhaWxzIj4KCQk8ZGl2IGNsYXNzPSJwcm9kdWN0LWRldGFpbHMtY29udGFpbmVyIj4KPGgzIGNsYXNzPSJwcm9kdWN0LXRpdGxlIj4KCTxhIGhyZWY9Imh0dHBzOi8vZGlzdHJpYnV0aW9uLmF1ZGlvLXRlY2huaWNhLmV1L2VzL3Byb2R1Y3QvdWJlci1meC8iPgoJCVVCRVIgRlgJPC9hPgo8L2gzPgo8ZGl2IGNsYXNzPSJmdXNpb24tcHJpY2UtcmF0aW5nIj4KPHAgaWQ9InByb2R1Y3Qtc3VidGl0bGUtMTcwMDUiIGNsYXNzPSJwcm9kdWN0LXN1YnRpdGxlIHN1YnRpdGxlLTE3MDA1Ij5TaXN0ZW1hIFBBIEJsdWV0b290aCBwb3J0w6F0aWwgcmVjYXJnYWJsZSBkZSAxMDBXIGNvbiBlZmVjdG9zPC9wPgoJCTwvZGl2PgoJPC9kaXY+CjwvZGl2PgoKCTwvZGl2PiAKCgo8L2xpPgo8bGkgY2xhc3M9InByb2R1Y3QtZ3JpZC12aWV3IHByb2R1Y3QgdHlwZS1wcm9kdWN0IHBvc3QtMTU5MjEgc3RhdHVzLXB1Ymxpc2ggaW5zdG9jayBwcm9kdWN0X2NhdC1hbHRvLXByb2Zlc3Npb25hbCBwcm9kdWN0X2NhdC1jb21ib3MtYXV0by1hbXBsaWZpY2Fkb3MgcHJvZHVjdF9jYXQtc2VyaWUtdWJlciBoYXMtcG9zdC10aHVtYm5haWwgc2hpcHBpbmctdGF4YWJsZSBwcm9kdWN0LXR5cGUtc2ltcGxlIj4KCTxkaXYgY2xhc3M9ImZ1c2lvbi1jbGVhbi1wcm9kdWN0LWltYWdlLXdyYXBwZXIgIj4KCQoKPGRpdiBjbGFzcz0iZnVzaW9uLWltYWdlLXdyYXBwZXIgZnVzaW9uLWltYWdlLXNpemUtZml4ZWQiIGFyaWEtaGFzcG9wdXA9InRydWUiPgoJCgkKCQk8YSBocmVmPSJodHRwczovL2Rpc3RyaWJ1dGlvbi5hdWRpby10ZWNobmljYS5ldS9lcy9wcm9kdWN0L3ViZXItbHQvIj4KCQkJCgkJCQkJPGltZyB3aWR0aD0iMzAwIiBoZWlnaHQ9IjMwMCIgc3JjPSJodHRwczovL2Rpc3RyaWJ1dGlvbi5hdWRpby10ZWNobmljYS5ldS9lcy93cC1jb250ZW50L3VwbG9hZHMvc2l0ZXMvMi9BbHRvLVVCRVItTFQtMzAweDMwMC5qcGciIGNsYXNzPSJhdHRhY2htZW50LXNob3BfY2F0YWxvZyBzaXplLXNob3BfY2F0YWxvZyB3cC1wb3N0LWltYWdlIiBhbHQ9IkFsdG8tVUJFUi1MVCIgc3Jjc2V0PSJodHRwczovL2Rpc3RyaWJ1dGlvbi5hdWRpby10ZWNobmljYS5ldS9lcy93cC1jb250ZW50L3VwbG9hZHMvc2l0ZXMvMi9BbHRvLVVCRVItTFQtNjZ4NjYuanBnIDY2dywgaHR0cHM6Ly9kaXN0cmlidXRpb24uYXVkaW8tdGVjaG5pY2EuZXUvZXMvd3AtY29udGVudC91cGxvYWRzL3NpdGVzLzIvQWx0by1VQkVSLUxULTEwMHgxMDAuanBnIDEwMHcsIGh0dHBzOi8vZGlzdHJpYnV0aW9uLmF1ZGlvLXRlY2huaWNhLmV1L2VzL3dwLWNvbnRlbnQvdXBsb2Fkcy9zaXRlcy8yL0FsdG8tVUJFUi1MVC0xNTB4MTUwLmpwZyAxNTB3LCBodHRwczovL2Rpc3RyaWJ1dGlvbi5hdWRpby10ZWNobmljYS5ldS9lcy93cC1jb250ZW50L3VwbG9hZHMvc2l0ZXMvMi9BbHRvLVVCRVItTFQtMjAweDIwMC5qcGcgMjAwdywgaHR0cHM6Ly9kaXN0cmlidXRpb24uYXVkaW8tdGVjaG5pY2EuZXUvZXMvd3AtY29udGVudC91cGxvYWRzL3NpdGVzLzIvQWx0by1VQkVSLUxULTMwMHgzMDAuanBnIDMwMHcsIGh0dHBzOi8vZGlzdHJpYnV0aW9uLmF1ZGlvLXRlY2huaWNhLmV1L2VzL3dwLWNvbnRlbnQvdXBsb2Fkcy9zaXRlcy8yL0FsdG8tVUJFUi1MVC00MDB4NDAwLmpwZyA0MDB3LCBodHRwczovL2Rpc3RyaWJ1dGlvbi5hdWRpby10ZWNobmljYS5ldS9lcy93cC1jb250ZW50L3VwbG9hZHMvc2l0ZXMvMi9BbHRvLVVCRVItTFQtNjAweDYwMC5qcGcgNjAwdywgaHR0cHM6Ly9kaXN0cmlidXRpb24uYXVkaW8tdGVjaG5pY2EuZXUvZXMvd3AtY29udGVudC91cGxvYWRzL3NpdGVzLzIvQWx0by1VQkVSLUxULTc2OHg3NjguanBnIDc2OHcsIGh0dHBzOi8vZGlzdHJpYnV0aW9uLmF1ZGlvLXRlY2huaWNhLmV1L2VzL3dwLWNvbnRlbnQvdXBsb2Fkcy9zaXRlcy8yL0FsdG8tVUJFUi1MVC04MDB4ODAwLmpwZyA4MDB3LCBodHRwczovL2Rpc3RyaWJ1dGlvbi5hdWRpby10ZWNobmljYS5ldS9lcy93cC1jb250ZW50L3VwbG9hZHMvc2l0ZXMvMi9BbHRvLVVCRVItTFQuanBnIDEwMDB3IiBzaXplcz0iKG1heC13aWR0aDogMzAwcHgpIDEwMHZ3LCAzMDBweCI+CgkKCgkJPC9hPgoKCQo8L2Rpdj4KPC9kaXY+CjxkaXYgY2xhc3M9ImZ1c2lvbi1wcm9kdWN0LWNvbnRlbnQiPgoJPGRpdiBjbGFzcz0icHJvZHVjdC1kZXRhaWxzIj4KCQk8ZGl2IGNsYXNzPSJwcm9kdWN0LWRldGFpbHMtY29udGFpbmVyIj4KPGgzIGNsYXNzPSJwcm9kdWN0LXRpdGxlIj4KCTxhIGhyZWY9Imh0dHBzOi8vZGlzdHJpYnV0aW9uLmF1ZGlvLXRlY2huaWNhLmV1L2VzL3Byb2R1Y3QvdWJlci1sdC8iPgoJCVVCRVIgTFQJPC9hPgo8L2gzPgo8ZGl2IGNsYXNzPSJmdXNpb24tcHJpY2UtcmF0aW5nIj4KPHAgaWQ9InByb2R1Y3Qtc3VidGl0bGUtMTU5MjEiIGNsYXNzPSJwcm9kdWN0LXN1YnRpdGxlIHN1YnRpdGxlLTE1OTIxIj5TaXN0ZW1hIFBBIEJsdWV0b290aCBwb3J0w6F0aWwgcmVjYXJnYWJsZSBkZSA1MFc8L3A+CgkJPC9kaXY+Cgk8L2Rpdj4KPC9kaXY+CgoJPC9kaXY+IAoKCjwvbGk+CjxsaSBjbGFzcz0icHJvZHVjdC1ncmlkLXZpZXcgcHJvZHVjdCB0eXBlLXByb2R1Y3QgcG9zdC0xNDExMCBzdGF0dXMtcHVibGlzaCBpbnN0b2NrIHByb2R1Y3RfY2F0LWFsdG8tcHJvZmVzc2lvbmFsIHByb2R1Y3RfY2F0LWNvbWJvcy1hdXRvLWFtcGxpZmljYWRvcyBwcm9kdWN0X2NhdC1zZXJpZS11YmVyIGhhcy1wb3N0LXRodW1ibmFpbCBzaGlwcGluZy10YXhhYmxlIHByb2R1Y3QtdHlwZS1zaW1wbGUiPgoJPGRpdiBjbGFzcz0iZnVzaW9uLWNsZWFuLXByb2R1Y3QtaW1hZ2Utd3JhcHBlciAiPgoJCgo8ZGl2IGNsYXNzPSJmdXNpb24taW1hZ2Utd3JhcHBlciBmdXNpb24taW1hZ2Utc2l6ZS1maXhlZCIgYXJpYS1oYXNwb3B1cD0idHJ1ZSI+CgkKCQoJCTxhIGhyZWY9Imh0dHBzOi8vZGlzdHJpYnV0aW9uLmF1ZGlvLXRlY2huaWNhLmV1L2VzL3Byb2R1Y3QvdWJlci1wYS8iPgoJCQkKCQkJCQk8aW1nIHdpZHRoPSIzMDAiIGhlaWdodD0iMzAwIiBzcmM9Imh0dHBzOi8vZGlzdHJpYnV0aW9uLmF1ZGlvLXRlY2huaWNhLmV1L2VzL3dwLWNvbnRlbnQvdXBsb2Fkcy9zaXRlcy8yL0FsdG8tVWJlclBBLTEtMzAweDMwMC5qcGciIGNsYXNzPSJhdHRhY2htZW50LXNob3BfY2F0YWxvZyBzaXplLXNob3BfY2F0YWxvZyB3cC1wb3N0LWltYWdlIiBhbHQ9IiIgc3Jjc2V0PSJodHRwczovL2Rpc3RyaWJ1dGlvbi5hdWRpby10ZWNobmljYS5ldS9lcy93cC1jb250ZW50L3VwbG9hZHMvc2l0ZXMvMi9BbHRvLVViZXJQQS0xLTY2eDY2LmpwZyA2NncsIGh0dHBzOi8vZGlzdHJpYnV0aW9uLmF1ZGlvLXRlY2huaWNhLmV1L2VzL3dwLWNvbnRlbnQvdXBsb2Fkcy9zaXRlcy8yL0FsdG8tVWJlclBBLTEtMTAweDEwMC5qcGcgMTAwdywgaHR0cHM6Ly9kaXN0cmlidXRpb24uYXVkaW8tdGVjaG5pY2EuZXUvZXMvd3AtY29udGVudC91cGxvYWRzL3NpdGVzLzIvQWx0by1VYmVyUEEtMS0xNTB4MTUwLmpwZyAxNTB3LCBodHRwczovL2Rpc3RyaWJ1dGlvbi5hdWRpby10ZWNobmljYS5ldS9lcy93cC1jb250ZW50L3VwbG9hZHMvc2l0ZXMvMi9BbHRvLVViZXJQQS0xLTIwMHgyMDAuanBnIDIwMHcsIGh0dHBzOi8vZGlzdHJpYnV0aW9uLmF1ZGlvLXRlY2huaWNhLmV1L2VzL3dwLWNvbnRlbnQvdXBsb2Fkcy9zaXRlcy8yL0FsdG8tVWJlclBBLTEtMzAweDMwMC5qcGcgMzAwdywgaHR0cHM6Ly9kaXN0cmlidXRpb24uYXVkaW8tdGVjaG5pY2EuZXUvZXMvd3AtY29udGVudC91cGxvYWRzL3NpdGVzLzIvQWx0by1VYmVyUEEtMS00MDB4NDAwLmpwZyA0MDB3LCBodHRwczovL2Rpc3RyaWJ1dGlvbi5hdWRpby10ZWNobmljYS5ldS9lcy93cC1jb250ZW50L3VwbG9hZHMvc2l0ZXMvMi9BbHRvLVViZXJQQS0xLTYwMHg2MDAuanBnIDYwMHcsIGh0dHBzOi8vZGlzdHJpYnV0aW9uLmF1ZGlvLXRlY2huaWNhLmV1L2VzL3dwLWNvbnRlbnQvdXBsb2Fkcy9zaXRlcy8yL0FsdG8tVWJlclBBLTEtNzY4eDc2OC5qcGcgNzY4dywgaHR0cHM6Ly9kaXN0cmlidXRpb24uYXVkaW8tdGVjaG5pY2EuZXUvZXMvd3AtY29udGVudC91cGxvYWRzL3NpdGVzLzIvQWx0by1VYmVyUEEtMS04MDB4ODAwLmpwZyA4MDB3LCBodHRwczovL2Rpc3RyaWJ1dGlvbi5hdWRpby10ZWNobmljYS5ldS9lcy93cC1jb250ZW50L3VwbG9hZHMvc2l0ZXMvMi9BbHRvLVViZXJQQS0xLmpwZyAxMDAwdyIgc2l6ZXM9IihtYXgtd2lkdGg6IDMwMHB4KSAxMDB2dywgMzAwcHgiPgoJCgoJCTwvYT4KCgkKPC9kaXY+CjwvZGl2Pgo8ZGl2IGNsYXNzPSJmdXNpb24tcHJvZHVjdC1jb250ZW50Ij4KCTxkaXYgY2xhc3M9InByb2R1Y3QtZGV0YWlscyI+CgkJPGRpdiBjbGFzcz0icHJvZHVjdC1kZXRhaWxzLWNvbnRhaW5lciI+CjxoMyBjbGFzcz0icHJvZHVjdC10aXRsZSI+Cgk8YSBocmVmPSJodHRwczovL2Rpc3RyaWJ1dGlvbi5hdWRpby10ZWNobmljYS5ldS9lcy9wcm9kdWN0L3ViZXItcGEvIj4KCQlVQkVSIFBBCTwvYT4KPC9oMz4KPGRpdiBjbGFzcz0iZnVzaW9uLXByaWNlLXJhdGluZyI+CjxwIGlkPSJwcm9kdWN0LXN1YnRpdGxlLTE0MTEwIiBjbGFzcz0icHJvZHVjdC1zdWJ0aXRsZSBzdWJ0aXRsZS0xNDExMCI+U2lzdGVtYSBQQSBCbHVldG9vdGggcG9ydMOhdGlsIHJlY2FyZ2FibGUgZGUgNTBXPC9wPgoJCTwvZGl2PgoJPC9kaXY+CjwvZGl2PgoKCTwvZGl2PiAKCgo8L2xpPgo8L3VsPg==[\/fusion_code][\/fusion_builder_column][fusion_builder_column type=\u00bb1_6&#8243; layout=\u00bb1_4&#8243; spacing=\u00bb\u00bb center_content=\u00bbno\u00bb link=\u00bb\u00bb target=\u00bb_self\u00bb min_height=\u00bb\u00bb hide_on_mobile=\u00bbsmall-visibility,medium-visibility,large-visibility\u00bb class=\u00bb\u00bb id=\u00bb\u00bb background_color=\u00bb\u00bb background_image=\u00bb\u00bb background_position=\u00bbleft top\u00bb background_repeat=\u00bbno-repeat\u00bb hover_type=\u00bbnone\u00bb border_size=\u00bb0&#8243; border_color=\u00bb\u00bb border_style=\u00bbsolid\u00bb border_position=\u00bball\u00bb animation_type=\u00bb\u00bb animation_direction=\u00bbleft\u00bb animation_speed=\u00bb0.3&#8243; animation_offset=\u00bb\u00bb last=\u00bbno\u00bb][\/fusion_builder_column][\/fusion_builder_row][\/fusion_builder_container]<\/p>\n","protected":false},"excerpt":{"rendered":"<p>[fusion_builder_container admin_label=\u00bbAbout\u00bb hundred_percent=\u00bbno\u00bb hundred_percent_height=\u00bbno\u00bb hundred_percent_height_scroll=\u00bbno\u00bb hundred_percent_height_center_content=\u00bbyes\u00bb equal_height_columns=\u00bbno\u00bb menu_anchor=\u00bb\u00bb hide_on_mobile=\u00bbsmall-visibility,medium-visibility,large-visibility\u00bb class=\u00bb\u00bb id=\u00bb\u00bb background_color=\u00bb#ffffff\u00bb background_image=\u00bb\u00bb background_position=\u00bbleft top\u00bb background_repeat=\u00bbno-repeat\u00bb fade=\u00bbno\u00bb background_parallax=\u00bbnone\u00bb enable_mobile=\u00bbno\u00bb parallax_speed=\u00bb\u00bb video_mp4=\u00bb\u00bb video_webm=\u00bb\u00bb video_ogv=\u00bb\u00bb video_url=\u00bb\u00bb video_aspect_ratio=\u00bb\u00bb video_loop=\u00bbyes\u00bb video_mute=\u00bbyes\u00bb video_preview_image=\u00bb\u00bb border_size=\u00bb\u00bb border_color=\u00bb\u00bb border_style=\u00bbsolid\u00bb margin_top=\u00bb\u00bb margin_bottom=\u00bb\u00bb padding_top=\u00bb\u00bb padding_right=\u00bb\u00bb padding_bottom=\u00bb\u00bb padding_left=\u00bb\u00bb][fusion_builder_row][fusion_builder_column type=\u00bb1_6&#8243; layout=\u00bb1_4&#8243; spacing=\u00bb\u00bb center_content=\u00bbno\u00bb link=\u00bb\u00bb target=\u00bb_self\u00bb min_height=\u00bb\u00bb hide_on_mobile=\u00bbsmall-visibility,medium-visibility,large-visibility\u00bb class=\u00bb\u00bb id=\u00bb\u00bb background_color=\u00bb\u00bb background_image=\u00bb\u00bb background_position=\u00bbleft top\u00bb background_repeat=\u00bbno-repeat\u00bb hover_type=\u00bbnone\u00bb border_size=\u00bb0&#8243; border_color=\u00bb\u00bb [&hellip;]<\/p>\n","protected":false},"author":3,"featured_media":0,"parent":0,"menu_order":2,"comment_status":"closed","ping_status":"closed","template":"100-width.php","meta":{"_acf_changed":false,"footnotes":""},"class_list":["post-17262","page","type-page","status-publish","hentry"],"acf":[],"yoast_head":"<!-- This site is optimized with the Yoast SEO plugin v27.1.1 - https:\/\/yoast.com\/product\/yoast-seo-wordpress\/ -->\n<title>Importador\/Distribuidor ALTO en Espa\u00f1a | Audio-Technica Iberia<\/title>\n<meta name=\"description\" content=\"ALTO PROFESSIONAL produce altavoces, mezcladores, etapas de potencia y otros equipos para sonido en vivo. Distribuci\u00f3n en Espa\u00f1a por Audio-Technica Iberia.\" \/>\n<meta name=\"robots\" content=\"index, follow, max-snippet:-1, max-image-preview:large, max-video-preview:-1\" \/>\n<link rel=\"canonical\" href=\"https:\/\/distribution.audio-technica.eu\/es-es\/serie-uber-alto-professional\/\" \/>\n<meta property=\"og:locale\" content=\"es_ES\" \/>\n<meta property=\"og:type\" content=\"article\" \/>\n<meta property=\"og:title\" content=\"Importador\/Distribuidor ALTO en Espa\u00f1a | Audio-Technica Iberia\" \/>\n<meta property=\"og:description\" content=\"ALTO PROFESSIONAL produce altavoces, mezcladores, etapas de potencia y otros equipos para sonido en vivo. Distribuci\u00f3n en Espa\u00f1a por Audio-Technica Iberia.\" \/>\n<meta property=\"og:url\" content=\"https:\/\/distribution.audio-technica.eu\/es-es\/serie-uber-alto-professional\/\" \/>\n<meta property=\"og:site_name\" content=\"Audio-Technica Iberia\" \/>\n<meta property=\"article:modified_time\" content=\"2019-06-26T16:07:41+00:00\" \/>\n<meta name=\"twitter:card\" content=\"summary_large_image\" \/>\n<meta name=\"twitter:label1\" content=\"Tiempo de lectura\" \/>\n\t<meta name=\"twitter:data1\" content=\"9 minutos\" \/>\n<script type=\"application\/ld+json\" class=\"yoast-schema-graph\">{\"@context\":\"https:\/\/schema.org\",\"@graph\":[{\"@type\":\"WebPage\",\"@id\":\"https:\/\/distribution.audio-technica.eu\/es-es\/serie-uber-alto-professional\/\",\"url\":\"https:\/\/distribution.audio-technica.eu\/es-es\/serie-uber-alto-professional\/\",\"name\":\"Importador\/Distribuidor ALTO en Espa\u00f1a | Audio-Technica Iberia\",\"isPartOf\":{\"@id\":\"https:\/\/distribution.audio-technica.eu\/es-es\/#website\"},\"datePublished\":\"2019-06-26T15:09:39+00:00\",\"dateModified\":\"2019-06-26T16:07:41+00:00\",\"description\":\"ALTO PROFESSIONAL produce altavoces, mezcladores, etapas de potencia y otros equipos para sonido en vivo. Distribuci\u00f3n en Espa\u00f1a por Audio-Technica Iberia.\",\"breadcrumb\":{\"@id\":\"https:\/\/distribution.audio-technica.eu\/es-es\/serie-uber-alto-professional\/#breadcrumb\"},\"inLanguage\":\"es\",\"potentialAction\":[{\"@type\":\"ReadAction\",\"target\":[\"https:\/\/distribution.audio-technica.eu\/es-es\/serie-uber-alto-professional\/\"]}]},{\"@type\":\"BreadcrumbList\",\"@id\":\"https:\/\/distribution.audio-technica.eu\/es-es\/serie-uber-alto-professional\/#breadcrumb\",\"itemListElement\":[{\"@type\":\"ListItem\",\"position\":1,\"name\":\"Products\",\"item\":\"https:\/\/distribution.audio-technica.eu\/es-es\/\"},{\"@type\":\"ListItem\",\"position\":2,\"name\":\"Serie Uber &#8211; Alto Professional\"}]},{\"@type\":\"WebSite\",\"@id\":\"https:\/\/distribution.audio-technica.eu\/es-es\/#website\",\"url\":\"https:\/\/distribution.audio-technica.eu\/es-es\/\",\"name\":\"Audio-Technica Iberia\",\"description\":\"Distribuci\u00f3n\",\"potentialAction\":[{\"@type\":\"SearchAction\",\"target\":{\"@type\":\"EntryPoint\",\"urlTemplate\":\"https:\/\/distribution.audio-technica.eu\/es-es\/?s={search_term_string}\"},\"query-input\":{\"@type\":\"PropertyValueSpecification\",\"valueRequired\":true,\"valueName\":\"search_term_string\"}}],\"inLanguage\":\"es\"}]}<\/script>\n<!-- \/ Yoast SEO plugin. -->","yoast_head_json":{"title":"Importador\/Distribuidor ALTO en Espa\u00f1a | Audio-Technica Iberia","description":"ALTO PROFESSIONAL produce altavoces, mezcladores, etapas de potencia y otros equipos para sonido en vivo. Distribuci\u00f3n en Espa\u00f1a por Audio-Technica Iberia.","robots":{"index":"index","follow":"follow","max-snippet":"max-snippet:-1","max-image-preview":"max-image-preview:large","max-video-preview":"max-video-preview:-1"},"canonical":"https:\/\/distribution.audio-technica.eu\/es-es\/serie-uber-alto-professional\/","og_locale":"es_ES","og_type":"article","og_title":"Importador\/Distribuidor ALTO en Espa\u00f1a | Audio-Technica Iberia","og_description":"ALTO PROFESSIONAL produce altavoces, mezcladores, etapas de potencia y otros equipos para sonido en vivo. Distribuci\u00f3n en Espa\u00f1a por Audio-Technica Iberia.","og_url":"https:\/\/distribution.audio-technica.eu\/es-es\/serie-uber-alto-professional\/","og_site_name":"Audio-Technica Iberia","article_modified_time":"2019-06-26T16:07:41+00:00","twitter_card":"summary_large_image","twitter_misc":{"Tiempo de lectura":"9 minutos"},"schema":{"@context":"https:\/\/schema.org","@graph":[{"@type":"WebPage","@id":"https:\/\/distribution.audio-technica.eu\/es-es\/serie-uber-alto-professional\/","url":"https:\/\/distribution.audio-technica.eu\/es-es\/serie-uber-alto-professional\/","name":"Importador\/Distribuidor ALTO en Espa\u00f1a | Audio-Technica Iberia","isPartOf":{"@id":"https:\/\/distribution.audio-technica.eu\/es-es\/#website"},"datePublished":"2019-06-26T15:09:39+00:00","dateModified":"2019-06-26T16:07:41+00:00","description":"ALTO PROFESSIONAL produce altavoces, mezcladores, etapas de potencia y otros equipos para sonido en vivo. Distribuci\u00f3n en Espa\u00f1a por Audio-Technica Iberia.","breadcrumb":{"@id":"https:\/\/distribution.audio-technica.eu\/es-es\/serie-uber-alto-professional\/#breadcrumb"},"inLanguage":"es","potentialAction":[{"@type":"ReadAction","target":["https:\/\/distribution.audio-technica.eu\/es-es\/serie-uber-alto-professional\/"]}]},{"@type":"BreadcrumbList","@id":"https:\/\/distribution.audio-technica.eu\/es-es\/serie-uber-alto-professional\/#breadcrumb","itemListElement":[{"@type":"ListItem","position":1,"name":"Products","item":"https:\/\/distribution.audio-technica.eu\/es-es\/"},{"@type":"ListItem","position":2,"name":"Serie Uber &#8211; Alto Professional"}]},{"@type":"WebSite","@id":"https:\/\/distribution.audio-technica.eu\/es-es\/#website","url":"https:\/\/distribution.audio-technica.eu\/es-es\/","name":"Audio-Technica Iberia","description":"Distribuci\u00f3n","potentialAction":[{"@type":"SearchAction","target":{"@type":"EntryPoint","urlTemplate":"https:\/\/distribution.audio-technica.eu\/es-es\/?s={search_term_string}"},"query-input":{"@type":"PropertyValueSpecification","valueRequired":true,"valueName":"search_term_string"}}],"inLanguage":"es"}]}},"_links":{"self":[{"href":"https:\/\/distribution.audio-technica.eu\/es-es\/wp-json\/wp\/v2\/pages\/17262","targetHints":{"allow":["GET"]}}],"collection":[{"href":"https:\/\/distribution.audio-technica.eu\/es-es\/wp-json\/wp\/v2\/pages"}],"about":[{"href":"https:\/\/distribution.audio-technica.eu\/es-es\/wp-json\/wp\/v2\/types\/page"}],"author":[{"embeddable":true,"href":"https:\/\/distribution.audio-technica.eu\/es-es\/wp-json\/wp\/v2\/users\/3"}],"replies":[{"embeddable":true,"href":"https:\/\/distribution.audio-technica.eu\/es-es\/wp-json\/wp\/v2\/comments?post=17262"}],"version-history":[{"count":30,"href":"https:\/\/distribution.audio-technica.eu\/es-es\/wp-json\/wp\/v2\/pages\/17262\/revisions"}],"predecessor-version":[{"id":17296,"href":"https:\/\/distribution.audio-technica.eu\/es-es\/wp-json\/wp\/v2\/pages\/17262\/revisions\/17296"}],"wp:attachment":[{"href":"https:\/\/distribution.audio-technica.eu\/es-es\/wp-json\/wp\/v2\/media?parent=17262"}],"curies":[{"name":"wp","href":"https:\/\/api.w.org\/{rel}","templated":true}]}}