{"id":24770,"date":"2021-07-16T16:41:25","date_gmt":"2021-07-16T14:41:25","guid":{"rendered":"https:\/\/atdb-production.studiograft.dev\/es\/?page_id=24770"},"modified":"2023-05-30T18:05:41","modified_gmt":"2023-05-30T16:05:41","slug":"artnovion-fuji","status":"publish","type":"page","link":"https:\/\/distribution.audio-technica.eu\/es-es\/artnovion-fuji\/","title":{"rendered":"Artnovion &#8211; Fuji"},"content":{"rendered":"<style type=\"text\/css\" id=\"fusion-builder-page-css\">\n\/* Media Queries *\/\n@media only screen and (max-width: 944px) {\n  .fusion-mobile-menu-design-modern.fusion-header-v4 .fusion-main-menu {\n    display: inherit;\n  }\n  .fusion-mobile-menu-design-modern.fusion-header-v4 .fusion-main-menu.fusion-sticky-menu {\n    display: none;\n  }\n  .fusion-mobile-menu-design-modern.fusion-header-v4.fusion-sticky-menu-only .fusion-secondary-main-menu {\n    background: transparent;\n  }\n  #menu-item-22076 {\n    background-position: center;\n  }\n  .avada-menu-highlight-style-background:not(.fusion-header-layout-v6) .fusion-main-menu > ul > li {\n    width: auto;\n  }\n}\n@media only screen and (max-width: 800px) {\n  .ua-mobile body {\n    background-attachment: fixed !important;\n  }\n}\n@media only screen and (max-width: 420px) {\n  .fusion-body .fusion-layout-column:first-child {\n    margin-top: 40px !important;\n  }\n  .fusion-title h1 {\n    font-size: 50px;\n  }\n  .fusion-main-menu > ul > li:nth-child(n+2) {\n    height: 40px;\n  }\n}<\/p>\n<p>\/* C\u00f3digo p\u00e1gina *\/<\/p>\n<p>body.page-template-default {\n  background-attachment: inherit !important;\n}\n#langSelectorfooter {\n  display: none;\n}\nbody, button, input, select, textarea, span {\n  -webkit-font-smoothing: antialiased;\n  text-rendering: optimizeLegibility;\n}\n.fusion-column-wrapper a {\ncolor: #099eb1 !important;\ntext-decoration: underline;\n}\n.fusion-top-header .fusion-header {\n  display: none\n}\n.frame-producto {\n\tcolor: #ffffff;\n\/*\tbackground: #101010;\n        border: 1px solid #099EB1 !important; *\/\n\tpadding: 20px;\n}\n.frame-producto img {\n\tmargin-bottom: 12px;\n}\n.frame-producto h3 {\n\tfont-size: 30px;\n\tmargin-bottom: 0;\n    color: #ffffff;\n}\n.frame-producto h4 {\n\tmargin-top: 0;\n    color: #099EB1;\n\tfont-size: 18px;\n    line-height: 1.2 !important;\n}\n.frame-producto h5 {\n\tcolor: #ffffff;\n\tfont-size: 20px;\n}\n.fusion-text ul li {\n\tlist-style: inherit;\n}\n.fusion-button-text {\n\tfont-size: 15px;\n}<\/p>\n<p>\/*\n.fusion-title h1 {\n  font-family: \"Brown Bold\";\n}\n#main h2 {\n  font-family: \"Brown Bold\";\n}\n.post-content h4, .post-content h4 span {\n  font-family: \"Brown Bold\";\n}\n.layout-wide-mode #main {\n  background-color: transparent;\n}\n.fusion-secondary-main-menu {\n  background-color: transparent;\n}\n#menu-menu-landing-apb .menu-item a.fusion-background-highlight {\n  background-color: transparent;\n}\n*\/<\/p>\n<p>\/* Men\u00fa *\/\n.fusion-main-menu > ul > li {\n  width: 15.2%;\n}\n.fusion-main-menu > ul > li > a {\n  font-size: .75rem;\n  font-weight: 400;\n  letter-spacing: 1px;\n  text-transform: uppercase;\n}\n.fusion-main-menu > ul > li > a:hover {\n  background-color: inherit !important;\n  color: #e8e8e8 !important\n}\n.fusion-main-menu-search {\n  display: none\n}\n.fusion-main-menu-search-overlay .fusion-main-menu > .fusion-overlay-search {\n  display: none;\n}\n#menu-item-22076 {\n  background-image: url(\"\/app\/uploads\/sites\/2\/logo-apb.png\");\n  width: 286px;\n  background-repeat: no-repeat;\n}\n#menu-item-22076 span {\n  display: none\n}\n<\/style>\n<div class=\"post-content\">\n<div class=\"fusion-fullwidth fullwidth-box fusion-builder-row-1 nonhundred-percent-fullwidth non-hundred-percent-height-scrolling\" style=\"background-color: #000000; background-position: center center; background-repeat: no-repeat; padding: 40px 30px 40px 30px;\">\n<div class=\"fusion-builder-row fusion-row \">\n<div class=\"fusion-layout-column fusion_builder_column fusion_builder_column_1_1 fusion-builder-column-0 fusion-one-full fusion-column-first fusion-column-last 1_1\" style=\"margin-top: 0px; margin-bottom: 0px;\">\n<div class=\"fusion-column-wrapper\" style=\"padding: 0px; background-position: left top; background-repeat: no-repeat; background-size: cover; height: auto;\" data-bg-url=\"\">\n<div class=\"imageframe-align-center\"><span class=\"fusion-imageframe imageframe-none imageframe-1 hover-type-none\" style=\"width: 100%; max-width: 250px;\"><a class=\"fusion-no-lightbox\" href=\"\/es-es\/landing-artnovion\/\" target=\"_self\" rel=\"noopener\" aria-label=\"artnovion-logo-landing\"><img loading=\"lazy\" decoding=\"async\" class=\"img-responsive wp-image-24447\" src=\"\/app\/uploads\/sites\/2\/artnovion-logo-landing.png\" sizes=\"auto, (max-width: 800px) 100vw, 363px\" srcset=\"\/app\/uploads\/sites\/2\/artnovion-logo-landing-200x55.png 200w, \/app\/uploads\/sites\/2\/artnovion-logo-landing.png 363w\" alt=\"\" width=\"363\" height=\"100\" \/><\/a><\/span><\/div>\n<div class=\"fusion-clearfix\"><\/div>\n<\/div>\n<\/div>\n<\/div>\n<\/div>\n<style type=\"text\/css\">.fusion-fullwidth.fusion-builder-row-1 a:not(.fusion-button):not(.fusion-builder-module-control):not(.fusion-social-network-icon):not(.fb-icon-element):not(.fusion-countdown-link):not(.fusion-rollover-link):not(.fusion-rollover-gallery):not(.fusion-button-bar):not(.add_to_cart_button):not(.show_details_button):not(.product_type_external):not(.fusion-quick-view):not(.fusion-rollover-title-link):not(.fusion-breadcrumb-link) , .fusion-fullwidth.fusion-builder-row-1 a:not(.fusion-button):not(.fusion-builder-module-control):not(.fusion-social-network-icon):not(.fb-icon-element):not(.fusion-countdown-link):not(.fusion-rollover-link):not(.fusion-rollover-gallery):not(.fusion-button-bar):not(.add_to_cart_button):not(.show_details_button):not(.product_type_external):not(.fusion-quick-view):not(.fusion-rollover-title-link):not(.fusion-breadcrumb-link):before, .fusion-fullwidth.fusion-builder-row-1 a:not(.fusion-button):not(.fusion-builder-module-control):not(.fusion-social-network-icon):not(.fb-icon-element):not(.fusion-countdown-link):not(.fusion-rollover-link):not(.fusion-rollover-gallery):not(.fusion-button-bar):not(.add_to_cart_button):not(.show_details_button):not(.product_type_external):not(.fusion-quick-view):not(.fusion-rollover-title-link):not(.fusion-breadcrumb-link):after {color: #363839;}.fusion-fullwidth.fusion-builder-row-1 a:not(.fusion-button):not(.fusion-builder-module-control):not(.fusion-social-network-icon):not(.fb-icon-element):not(.fusion-countdown-link):not(.fusion-rollover-link):not(.fusion-rollover-gallery):not(.fusion-button-bar):not(.add_to_cart_button):not(.show_details_button):not(.product_type_external):not(.fusion-quick-view):not(.fusion-rollover-title-link):not(.fusion-breadcrumb-link):hover, .fusion-fullwidth.fusion-builder-row-1 a:not(.fusion-button):not(.fusion-builder-module-control):not(.fusion-social-network-icon):not(.fb-icon-element):not(.fusion-countdown-link):not(.fusion-rollover-link):not(.fusion-rollover-gallery):not(.fusion-button-bar):not(.add_to_cart_button):not(.show_details_button):not(.product_type_external):not(.fusion-quick-view):not(.fusion-rollover-title-link):not(.fusion-breadcrumb-link):hover:before, .fusion-fullwidth.fusion-builder-row-1 a:not(.fusion-button):not(.fusion-builder-module-control):not(.fusion-social-network-icon):not(.fb-icon-element):not(.fusion-countdown-link):not(.fusion-rollover-link):not(.fusion-rollover-gallery):not(.fusion-button-bar):not(.add_to_cart_button):not(.show_details_button):not(.product_type_external):not(.fusion-quick-view):not(.fusion-rollover-title-link):not(.fusion-breadcrumb-link):hover:after {color: #363839;}.fusion-fullwidth.fusion-builder-row-1 .pagination a.inactive:hover, .fusion-fullwidth.fusion-builder-row-1 .fusion-filters .fusion-filter.fusion-active a {border-color: #363839;}.fusion-fullwidth.fusion-builder-row-1 .pagination .current {border-color: #363839; background-color: #363839;}.fusion-fullwidth.fusion-builder-row-1 .fusion-filters .fusion-filter.fusion-active a, .fusion-fullwidth.fusion-builder-row-1 .fusion-date-and-formats .fusion-format-box, .fusion-fullwidth.fusion-builder-row-1 .fusion-popover, .fusion-fullwidth.fusion-builder-row-1 .tooltip-shortcode {color: #363839;}#main .fusion-fullwidth.fusion-builder-row-1 .post .blog-shortcode-post-title a:hover {color: #363839;}<\/style>\n<div class=\"fusion-fullwidth fullwidth-box fusion-builder-row-2 frame-producto nonhundred-percent-fullwidth non-hundred-percent-height-scrolling\" style=\"background-color: #161616; background-position: center center; background-repeat: no-repeat; padding: 30px;\">\n<div class=\"fusion-builder-row fusion-row \">\n<div class=\"fusion-layout-column fusion_builder_column fusion_builder_column_2_3 fusion-builder-column-1 fusion-two-third fusion-column-first 2_3\" style=\"margin-top: 0px; margin-bottom: 20px; width: calc(66.66% - ( ( 4% ) * 0.6666 ) ); margin-right: 4%;\">\n<div class=\"fusion-column-wrapper\" style=\"padding: 0px; background-position: left top; background-repeat: no-repeat; background-size: cover; height: auto;\" data-bg-url=\"\">\n<div class=\"fusion-text\">\n<h3 class=\"\" data-fontsize=\"27\" data-lineheight=\"40.5px\">Fuji<\/h3>\n<h4 class=\"\" data-fontsize=\"18\" data-lineheight=\"21.6px\">Escudo curvado de aislamiento microf\u00f3nico.<\/h4>\n<\/div>\n<div class=\"fusion-text\">\n<p>Fuji es un escudo curvado de aislamiento de micr\u00f3fono que reduce dr\u00e1sticamente el ruido de fondo y aten\u00faa la contribuci\u00f3n general de la sala sobre sus grabaciones, ayud\u00e1ndole a alcanzar las condiciones de grabaci\u00f3n ideales dondequiera que est\u00e9. Fuji est\u00e1 equipado con una pinza ajustable para micr\u00f3fono y es totalmente ajustable en altura para adaptarse perfectamente a su configuraci\u00f3n.<\/p>\n<p>Fuji est\u00e1 preparado para los tama\u00f1os de micr\u00f3fono de la UE y EE. UU.<\/p>\n<\/div>\n<p><span class=\"fusion-imageframe imageframe-none imageframe-2 hover-type-none\"><img loading=\"lazy\" decoding=\"async\" class=\"img-responsive wp-image-24774\" title=\"artnovion-product-fuji\" src=\"\/app\/uploads\/sites\/2\/artnovion-product-fuji-800x1392.jpeg\" sizes=\"auto, (max-width: 800px) 100vw, 800px\" srcset=\"\/app\/uploads\/sites\/2\/artnovion-product-fuji-200x348.jpeg 200w, \/app\/uploads\/sites\/2\/artnovion-product-fuji-400x696.jpeg 400w, \/app\/uploads\/sites\/2\/artnovion-product-fuji-600x1044.jpeg 600w, \/app\/uploads\/sites\/2\/artnovion-product-fuji-800x1392.jpeg 800w, \/app\/uploads\/sites\/2\/artnovion-product-fuji-1200x2088.jpeg 1200w, \/app\/uploads\/sites\/2\/artnovion-product-fuji.jpeg 1400w\" alt=\"\" width=\"800\" height=\"1392\" \/><\/span><\/p>\n<div class=\"fusion-clearfix\"><\/div>\n<\/div>\n<\/div>\n<div class=\"fusion-layout-column fusion_builder_column fusion_builder_column_1_3 fusion-builder-column-2 fusion-one-third fusion-column-last 1_3\" style=\"margin-top: 76px; margin-bottom: 20px; width: calc(33.33% - ( ( 4% ) * 0.3333 ) );\">\n<div class=\"fusion-column-wrapper\" style=\"padding: 0px 0px 0px 20px; background-position: left top; background-repeat: no-repeat; background-size: cover; height: auto;\" data-bg-url=\"\">\n<div class=\"fusion-text\">\n<p>Acabado en espuma gris.<\/p>\n<ul>\n<li>Pack de 1 unidad<\/li>\n<li>Escudo curvado absorbente para micr\u00f3fono<\/li>\n<li>Mejora de forma instant\u00e1nea tus grabaciones<\/li>\n<li>Reduce dr\u00e1sticamente el ruido de fondo y aten\u00faa la influencia general de la sala sobre la grabaci\u00f3n<\/li>\n<li>Utilizable en cualquier lugar<\/li>\n<li>Apto para cualquier micr\u00f3fono<\/li>\n<\/ul>\n<\/div>\n<div class=\"fusion-sep-clear\"><\/div>\n<div class=\"fusion-separator fusion-full-width-sep sep-none\" style=\"margin: 10px auto 20px auto;\"><\/div>\n<div class=\"fusion-text\">\n<p><strong>Caracter\u00edsticas t\u00e9cnicas:<\/strong><\/p>\n<ul>\n<li>Dimensiones: 477 x 300 x 377 mm<\/li>\n<li>Peso: 0,64 kg<\/li>\n<\/ul>\n<p><a href=\"https:\/\/www.artnovion.com\/products\/936-fuji-microphone-shield\/technical_file.pdf\" target=\"_blank\" rel=\"noopener noreferrer\">Ficha t\u00e9cnica<\/a><\/p>\n<\/div>\n<div class=\"fusion-sep-clear\"><\/div>\n<div class=\"fusion-separator fusion-full-width-sep sep-none\" style=\"margin: 10px auto 10px auto;\"><\/div>\n<div class=\"fusion-text\">\n<p style=\"text-align: center;\">C\u00f3digo de producto: 001.03.57.000.001<\/p>\n<h5 class=\"fusion-responsive-typography-calculated\" style=\"text-align: center; color: #099eb1; --fontsize: 20; line-height: 1.5; --minfontsize: 20;\" data-fontsize=\"20\" data-lineheight=\"30px\"><span style=\"font-size: 15px;\">PVPR:<\/span> 98 \u20ac (1 unidad)<\/h5>\n<\/div>\n<div class=\"fusion-sep-clear\"><\/div>\n<div class=\"fusion-separator fusion-full-width-sep sep-none\" style=\"margin: 10px auto 10px auto;\"><\/div>\n<div class=\"fusion-button-wrapper fusion-aligncenter\">\n<style type=\"text\/css\">.fusion-button.button-1 .fusion-button-text, .fusion-button.button-1 i {color:#ffffff;}.fusion-button.button-1 .fusion-button-icon-divider{border-color:#ffffff;}.fusion-button.button-1:hover .fusion-button-text, .fusion-button.button-1:hover i,.fusion-button.button-1:focus .fusion-button-text, .fusion-button.button-1:focus i,.fusion-button.button-1:active .fusion-button-text, .fusion-button.button-1:active{color:#ffffff;}.fusion-button.button-1:hover .fusion-button-icon-divider, .fusion-button.button-1:hover .fusion-button-icon-divider, .fusion-button.button-1:active .fusion-button-icon-divider{border-color:#ffffff;}.fusion-button.button-1:hover, .fusion-button.button-1:focus, .fusion-button.button-1:active{border-color:#ffffff;border-width:0px;}.fusion-button.button-1 {border-color:#363839;border-width:0px;border-radius:0px;}.fusion-button.button-1{background: #099eb1;}.fusion-button.button-1:hover,.button-1:focus,.fusion-button.button-1:active{background: #077e8e;}.fusion-button.button-1 .fusion-button-text {text-transform:none;}<\/style>\n<p><a class=\"fusion-button button-flat fusion-button-default-size button-custom button-1 fusion-button-default-span \" href=\"\/es-es\/landing-artnovion\/#donde-comprar\" target=\"_self\" rel=\"noopener\"><span class=\"fusion-button-text\">D\u00f3nde Comprar<\/span><\/a><\/p>\n<\/div>\n<div class=\"fusion-clearfix\"><\/div>\n<\/div>\n<\/div>\n<\/div>\n<\/div>\n<style type=\"text\/css\">.fusion-fullwidth.fusion-builder-row-2 a:not(.fusion-button):not(.fusion-builder-module-control):not(.fusion-social-network-icon):not(.fb-icon-element):not(.fusion-countdown-link):not(.fusion-rollover-link):not(.fusion-rollover-gallery):not(.fusion-button-bar):not(.add_to_cart_button):not(.show_details_button):not(.product_type_external):not(.fusion-quick-view):not(.fusion-rollover-title-link):not(.fusion-breadcrumb-link) , .fusion-fullwidth.fusion-builder-row-2 a:not(.fusion-button):not(.fusion-builder-module-control):not(.fusion-social-network-icon):not(.fb-icon-element):not(.fusion-countdown-link):not(.fusion-rollover-link):not(.fusion-rollover-gallery):not(.fusion-button-bar):not(.add_to_cart_button):not(.show_details_button):not(.product_type_external):not(.fusion-quick-view):not(.fusion-rollover-title-link):not(.fusion-breadcrumb-link):before, .fusion-fullwidth.fusion-builder-row-2 a:not(.fusion-button):not(.fusion-builder-module-control):not(.fusion-social-network-icon):not(.fb-icon-element):not(.fusion-countdown-link):not(.fusion-rollover-link):not(.fusion-rollover-gallery):not(.fusion-button-bar):not(.add_to_cart_button):not(.show_details_button):not(.product_type_external):not(.fusion-quick-view):not(.fusion-rollover-title-link):not(.fusion-breadcrumb-link):after {color: #363839;}.fusion-fullwidth.fusion-builder-row-2 a:not(.fusion-button):not(.fusion-builder-module-control):not(.fusion-social-network-icon):not(.fb-icon-element):not(.fusion-countdown-link):not(.fusion-rollover-link):not(.fusion-rollover-gallery):not(.fusion-button-bar):not(.add_to_cart_button):not(.show_details_button):not(.product_type_external):not(.fusion-quick-view):not(.fusion-rollover-title-link):not(.fusion-breadcrumb-link):hover, .fusion-fullwidth.fusion-builder-row-2 a:not(.fusion-button):not(.fusion-builder-module-control):not(.fusion-social-network-icon):not(.fb-icon-element):not(.fusion-countdown-link):not(.fusion-rollover-link):not(.fusion-rollover-gallery):not(.fusion-button-bar):not(.add_to_cart_button):not(.show_details_button):not(.product_type_external):not(.fusion-quick-view):not(.fusion-rollover-title-link):not(.fusion-breadcrumb-link):hover:before, .fusion-fullwidth.fusion-builder-row-2 a:not(.fusion-button):not(.fusion-builder-module-control):not(.fusion-social-network-icon):not(.fb-icon-element):not(.fusion-countdown-link):not(.fusion-rollover-link):not(.fusion-rollover-gallery):not(.fusion-button-bar):not(.add_to_cart_button):not(.show_details_button):not(.product_type_external):not(.fusion-quick-view):not(.fusion-rollover-title-link):not(.fusion-breadcrumb-link):hover:after {color: #363839;}.fusion-fullwidth.fusion-builder-row-2 .pagination a.inactive:hover, .fusion-fullwidth.fusion-builder-row-2 .fusion-filters .fusion-filter.fusion-active a {border-color: #363839;}.fusion-fullwidth.fusion-builder-row-2 .pagination .current {border-color: #363839; background-color: #363839;}.fusion-fullwidth.fusion-builder-row-2 .fusion-filters .fusion-filter.fusion-active a, .fusion-fullwidth.fusion-builder-row-2 .fusion-date-and-formats .fusion-format-box, .fusion-fullwidth.fusion-builder-row-2 .fusion-popover, .fusion-fullwidth.fusion-builder-row-2 .tooltip-shortcode {color: #363839;}#main .fusion-fullwidth.fusion-builder-row-2 .post .blog-shortcode-post-title a:hover {color: #363839;}<\/style>\n<\/div>\n","protected":false},"excerpt":{"rendered":"<p>Fuji Escudo curvado de aislamiento microf\u00f3nico. Fuji es un escudo curvado de aislamiento de micr\u00f3fono que reduce dr\u00e1sticamente el ruido de fondo y aten\u00faa la contribuci\u00f3n general de la sala sobre sus grabaciones, ayud\u00e1ndole a alcanzar las condiciones de grabaci\u00f3n ideales dondequiera que est\u00e9. Fuji est\u00e1 equipado con una pinza ajustable para micr\u00f3fono y es [&hellip;]<\/p>\n","protected":false},"author":3,"featured_media":0,"parent":0,"menu_order":0,"comment_status":"closed","ping_status":"closed","template":"legacy-content.php","meta":{"_acf_changed":false,"footnotes":""},"class_list":["post-24770","page","type-page","status-publish","hentry"],"acf":[],"yoast_head":"<!-- This site is optimized with the Yoast SEO plugin v27.1.1 - https:\/\/yoast.com\/product\/yoast-seo-wordpress\/ -->\n<title>Artnovion - Fuji - Audio-Technica Iberia -<\/title>\n<meta name=\"robots\" content=\"index, follow, max-snippet:-1, max-image-preview:large, max-video-preview:-1\" \/>\n<link rel=\"canonical\" href=\"https:\/\/distribution.audio-technica.eu\/es-es\/artnovion-fuji\/\" \/>\n<meta property=\"og:locale\" content=\"es_ES\" \/>\n<meta property=\"og:type\" content=\"article\" \/>\n<meta property=\"og:title\" content=\"Artnovion - Fuji - Audio-Technica Iberia -\" \/>\n<meta property=\"og:description\" content=\"Fuji Escudo curvado de aislamiento microf\u00f3nico. Fuji es un escudo curvado de aislamiento de micr\u00f3fono que reduce dr\u00e1sticamente el ruido de fondo y aten\u00faa la contribuci\u00f3n general de la sala sobre sus grabaciones, ayud\u00e1ndole a alcanzar las condiciones de grabaci\u00f3n ideales dondequiera que est\u00e9. Fuji est\u00e1 equipado con una pinza ajustable para micr\u00f3fono y es [&hellip;]\" \/>\n<meta property=\"og:url\" content=\"https:\/\/distribution.audio-technica.eu\/es-es\/artnovion-fuji\/\" \/>\n<meta property=\"og:site_name\" content=\"Audio-Technica Iberia\" \/>\n<meta property=\"article:modified_time\" content=\"2023-05-30T16:05:41+00:00\" \/>\n<meta name=\"twitter:card\" content=\"summary_large_image\" \/>\n<meta name=\"twitter:label1\" content=\"Tiempo de lectura\" \/>\n\t<meta name=\"twitter:data1\" content=\"1 minuto\" \/>\n<script type=\"application\/ld+json\" class=\"yoast-schema-graph\">{\"@context\":\"https:\/\/schema.org\",\"@graph\":[{\"@type\":\"WebPage\",\"@id\":\"https:\/\/distribution.audio-technica.eu\/es-es\/artnovion-fuji\/\",\"url\":\"https:\/\/distribution.audio-technica.eu\/es-es\/artnovion-fuji\/\",\"name\":\"Artnovion - Fuji - Audio-Technica Iberia -\",\"isPartOf\":{\"@id\":\"https:\/\/distribution.audio-technica.eu\/es-es\/#website\"},\"datePublished\":\"2021-07-16T14:41:25+00:00\",\"dateModified\":\"2023-05-30T16:05:41+00:00\",\"breadcrumb\":{\"@id\":\"https:\/\/distribution.audio-technica.eu\/es-es\/artnovion-fuji\/#breadcrumb\"},\"inLanguage\":\"es\",\"potentialAction\":[{\"@type\":\"ReadAction\",\"target\":[\"https:\/\/distribution.audio-technica.eu\/es-es\/artnovion-fuji\/\"]}]},{\"@type\":\"BreadcrumbList\",\"@id\":\"https:\/\/distribution.audio-technica.eu\/es-es\/artnovion-fuji\/#breadcrumb\",\"itemListElement\":[{\"@type\":\"ListItem\",\"position\":1,\"name\":\"Products\",\"item\":\"https:\/\/distribution.audio-technica.eu\/es-es\/\"},{\"@type\":\"ListItem\",\"position\":2,\"name\":\"Artnovion &#8211; Fuji\"}]},{\"@type\":\"WebSite\",\"@id\":\"https:\/\/distribution.audio-technica.eu\/es-es\/#website\",\"url\":\"https:\/\/distribution.audio-technica.eu\/es-es\/\",\"name\":\"Audio-Technica Iberia\",\"description\":\"Distribuci\u00f3n\",\"potentialAction\":[{\"@type\":\"SearchAction\",\"target\":{\"@type\":\"EntryPoint\",\"urlTemplate\":\"https:\/\/distribution.audio-technica.eu\/es-es\/?s={search_term_string}\"},\"query-input\":{\"@type\":\"PropertyValueSpecification\",\"valueRequired\":true,\"valueName\":\"search_term_string\"}}],\"inLanguage\":\"es\"}]}<\/script>\n<!-- \/ Yoast SEO plugin. -->","yoast_head_json":{"title":"Artnovion - Fuji - Audio-Technica Iberia -","robots":{"index":"index","follow":"follow","max-snippet":"max-snippet:-1","max-image-preview":"max-image-preview:large","max-video-preview":"max-video-preview:-1"},"canonical":"https:\/\/distribution.audio-technica.eu\/es-es\/artnovion-fuji\/","og_locale":"es_ES","og_type":"article","og_title":"Artnovion - Fuji - Audio-Technica Iberia -","og_description":"Fuji Escudo curvado de aislamiento microf\u00f3nico. Fuji es un escudo curvado de aislamiento de micr\u00f3fono que reduce dr\u00e1sticamente el ruido de fondo y aten\u00faa la contribuci\u00f3n general de la sala sobre sus grabaciones, ayud\u00e1ndole a alcanzar las condiciones de grabaci\u00f3n ideales dondequiera que est\u00e9. Fuji est\u00e1 equipado con una pinza ajustable para micr\u00f3fono y es [&hellip;]","og_url":"https:\/\/distribution.audio-technica.eu\/es-es\/artnovion-fuji\/","og_site_name":"Audio-Technica Iberia","article_modified_time":"2023-05-30T16:05:41+00:00","twitter_card":"summary_large_image","twitter_misc":{"Tiempo de lectura":"1 minuto"},"schema":{"@context":"https:\/\/schema.org","@graph":[{"@type":"WebPage","@id":"https:\/\/distribution.audio-technica.eu\/es-es\/artnovion-fuji\/","url":"https:\/\/distribution.audio-technica.eu\/es-es\/artnovion-fuji\/","name":"Artnovion - Fuji - Audio-Technica Iberia -","isPartOf":{"@id":"https:\/\/distribution.audio-technica.eu\/es-es\/#website"},"datePublished":"2021-07-16T14:41:25+00:00","dateModified":"2023-05-30T16:05:41+00:00","breadcrumb":{"@id":"https:\/\/distribution.audio-technica.eu\/es-es\/artnovion-fuji\/#breadcrumb"},"inLanguage":"es","potentialAction":[{"@type":"ReadAction","target":["https:\/\/distribution.audio-technica.eu\/es-es\/artnovion-fuji\/"]}]},{"@type":"BreadcrumbList","@id":"https:\/\/distribution.audio-technica.eu\/es-es\/artnovion-fuji\/#breadcrumb","itemListElement":[{"@type":"ListItem","position":1,"name":"Products","item":"https:\/\/distribution.audio-technica.eu\/es-es\/"},{"@type":"ListItem","position":2,"name":"Artnovion &#8211; Fuji"}]},{"@type":"WebSite","@id":"https:\/\/distribution.audio-technica.eu\/es-es\/#website","url":"https:\/\/distribution.audio-technica.eu\/es-es\/","name":"Audio-Technica Iberia","description":"Distribuci\u00f3n","potentialAction":[{"@type":"SearchAction","target":{"@type":"EntryPoint","urlTemplate":"https:\/\/distribution.audio-technica.eu\/es-es\/?s={search_term_string}"},"query-input":{"@type":"PropertyValueSpecification","valueRequired":true,"valueName":"search_term_string"}}],"inLanguage":"es"}]}},"_links":{"self":[{"href":"https:\/\/distribution.audio-technica.eu\/es-es\/wp-json\/wp\/v2\/pages\/24770","targetHints":{"allow":["GET"]}}],"collection":[{"href":"https:\/\/distribution.audio-technica.eu\/es-es\/wp-json\/wp\/v2\/pages"}],"about":[{"href":"https:\/\/distribution.audio-technica.eu\/es-es\/wp-json\/wp\/v2\/types\/page"}],"author":[{"embeddable":true,"href":"https:\/\/distribution.audio-technica.eu\/es-es\/wp-json\/wp\/v2\/users\/3"}],"replies":[{"embeddable":true,"href":"https:\/\/distribution.audio-technica.eu\/es-es\/wp-json\/wp\/v2\/comments?post=24770"}],"version-history":[{"count":11,"href":"https:\/\/distribution.audio-technica.eu\/es-es\/wp-json\/wp\/v2\/pages\/24770\/revisions"}],"predecessor-version":[{"id":27468,"href":"https:\/\/distribution.audio-technica.eu\/es-es\/wp-json\/wp\/v2\/pages\/24770\/revisions\/27468"}],"wp:attachment":[{"href":"https:\/\/distribution.audio-technica.eu\/es-es\/wp-json\/wp\/v2\/media?parent=24770"}],"curies":[{"name":"wp","href":"https:\/\/api.w.org\/{rel}","templated":true}]}}