{"id":24779,"date":"2021-07-16T16:54:03","date_gmt":"2021-07-16T14:54:03","guid":{"rendered":"https:\/\/atdb-production.studiograft.dev\/es\/?page_id=24779"},"modified":"2023-05-30T18:18:20","modified_gmt":"2023-05-30T16:18:20","slug":"artnovion-olympus-w","status":"publish","type":"page","link":"https:\/\/distribution.audio-technica.eu\/es-es\/artnovion-olympus-w\/","title":{"rendered":"Artnovion &#8211; Olympus W"},"content":{"rendered":"<style type=\"text\/css\" id=\"fusion-builder-page-css\">\/* Media Queries *\/\n\t@media only screen and (max-width: 944px) {\n\t  .fusion-mobile-menu-design-modern.fusion-header-v4 .fusion-main-menu {\n\t\tdisplay: inherit;\n\t  }\n\t  .fusion-mobile-menu-design-modern.fusion-header-v4 .fusion-main-menu.fusion-sticky-menu {\n\t\tdisplay: none;\n\t  }\n\t  .fusion-mobile-menu-design-modern.fusion-header-v4.fusion-sticky-menu-only .fusion-secondary-main-menu {\n\t\tbackground: transparent;\n\t  }\n\t  #menu-item-22076 {\n\t\tbackground-position: center;\n\t  }\n\t  .avada-menu-highlight-style-background:not(.fusion-header-layout-v6) .fusion-main-menu > ul > li {\n\t\twidth: auto;\n\t  }\n\t}\n\t@media only screen and (max-width: 800px) {\n\t  .ua-mobile body {\n\t\tbackground-attachment: fixed !important;\n\t  }\n\t}\n\t@media only screen and (max-width: 420px) {\n\t  .fusion-body .fusion-layout-column:first-child {\n\t\tmargin-top: 40px !important;\n\t  }\n\t  .fusion-title h1 {\n\t\tfont-size: 50px;\n\t  }\n\t  .fusion-main-menu > ul > li:nth-child(n+2) {\n\t\theight: 40px;\n\t  }\n\t}<\/p>\n<p>\t\/* C\u00f3digo p\u00e1gina *\/<\/p>\n<p>\tbody.page-template-default {\n\t  background-attachment: inherit !important;\n\t}\n\t#langSelectorfooter {\n\t  display: none;\n\t}\n\tbody, button, input, select, textarea, span {\n\t  -webkit-font-smoothing: antialiased;\n\t  text-rendering: optimizeLegibility;\n\t}\n\t.fusion-column-wrapper a {\n\tcolor: #099eb1 !important;\n\ttext-decoration: underline;\n\t}\n\t.fusion-top-header .fusion-header {\n\t  display: none\n\t}\n\t.frame-producto {\n\t\tcolor: #ffffff;\n\t\/*\tbackground: #101010;\n\t\t\tborder: 1px solid #099EB1 !important; *\/\n\t\tpadding: 20px;\n\t}\n\t.frame-producto img {\n\t\tmargin-bottom: 12px;\n\t}\n\t.frame-producto h3 {\n\t\tfont-size: 30px;\n\t\tmargin-bottom: 0;\n\t\tcolor: #ffffff;\n\t}\n\t.frame-producto h4 {\n\t\tmargin-top: 0;\n\t\tcolor: #099EB1;\n\t\tfont-size: 18px;\n\t\tline-height: 1.2 !important;\n\t}\n\t.frame-producto h5 {\n\t\tcolor: #ffffff;\n\t\tfont-size: 20px;\n\t}\n\t.fusion-text ul li {\n\t\tlist-style: inherit;\n\t}\n\t.fusion-button-text {\n\t\tfont-size: 15px;\n\t}<\/p>\n<p>\t\/*\n\t.fusion-title h1 {\n\t  font-family: \"Brown Bold\";\n\t}\n\t#main h2 {\n\t  font-family: \"Brown Bold\";\n\t}\n\t.post-content h4, .post-content h4 span {\n\t  font-family: \"Brown Bold\";\n\t}\n\t.layout-wide-mode #main {\n\t  background-color: transparent;\n\t}\n\t.fusion-secondary-main-menu {\n\t  background-color: transparent;\n\t}\n\t#menu-menu-landing-apb .menu-item a.fusion-background-highlight {\n\t  background-color: transparent;\n\t}\n\t*\/<\/p>\n<p>\t\/* Men\u00fa *\/\n\t.fusion-main-menu > ul > li {\n\t  width: 15.2%;\n\t}\n\t.fusion-main-menu > ul > li > a {\n\t  font-size: .75rem;\n\t  font-weight: 400;\n\t  letter-spacing: 1px;\n\t  text-transform: uppercase;\n\t}\n\t.fusion-main-menu > ul > li > a:hover {\n\t  background-color: inherit !important;\n\t  color: #e8e8e8 !important\n\t}\n\t.fusion-main-menu-search {\n\t  display: none\n\t}\n\t.fusion-main-menu-search-overlay .fusion-main-menu > .fusion-overlay-search {\n\t  display: none;\n\t}\n\t#menu-item-22076 {\n\t  background-image: url(\"\/es-es\/wp-content\/uploads\/sites\/2\/logo-apb.png\");\n\t  width: 286px;\n\t  background-repeat: no-repeat;\n\t}\n\t#menu-item-22076 span {\n\t  display: none\n\t}\n<\/style>\n<div class=\"post-content\">\n<div class=\"fusion-fullwidth fullwidth-box fusion-builder-row-1 nonhundred-percent-fullwidth non-hundred-percent-height-scrolling\" style=\"background-color: #000000;background-position: center center;background-repeat: no-repeat;padding-top:40px;padding-right:30px;padding-bottom:40px;padding-left:30px;\">\n<div class=\"fusion-builder-row fusion-row \">\n<div class=\"fusion-layout-column fusion_builder_column fusion_builder_column_1_1 fusion-builder-column-0 fusion-one-full fusion-column-first fusion-column-last 1_1\" style=\"margin-top:0px;margin-bottom:0px;\">\n<div class=\"fusion-column-wrapper\" style=\"padding: 0px; background-position: left top; background-repeat: no-repeat; background-size: cover; height: auto;\" data-bg-url=\"\">\n<div class=\"imageframe-align-center\"><span style=\"width:100%;max-width:250px;\" class=\"fusion-imageframe imageframe-none imageframe-1 hover-type-none\"><a class=\"fusion-no-lightbox\" href=\"\/es-\/es\/landing-artnovion\/\" target=\"_self\" aria-label=\"artnovion-logo-landing\" rel=\"noopener\"><img decoding=\"async\" loading=\"lazy\" src=\"\/app\/uploads\/sites\/2\/artnovion-logo-landing.png\" width=\"363\" height=\"100\" alt=\"\" class=\"img-responsive wp-image-24447\" srcset=\"\/app\/uploads\/sites\/2\/artnovion-logo-landing-200x55.png 200w, \/app\/uploads\/sites\/2\/artnovion-logo-landing.png 363w\" sizes=\"auto, (max-width: 800px) 100vw, 363px\" \/><\/a><\/span><\/div>\n<div class=\"fusion-clearfix\"><\/div>\n<\/div>\n<\/div>\n<\/div>\n<\/div>\n<style type=\"text\/css\">.fusion-fullwidth.fusion-builder-row-1 a:not(.fusion-button):not(.fusion-builder-module-control):not(.fusion-social-network-icon):not(.fb-icon-element):not(.fusion-countdown-link):not(.fusion-rollover-link):not(.fusion-rollover-gallery):not(.fusion-button-bar):not(.add_to_cart_button):not(.show_details_button):not(.product_type_external):not(.fusion-quick-view):not(.fusion-rollover-title-link):not(.fusion-breadcrumb-link) , .fusion-fullwidth.fusion-builder-row-1 a:not(.fusion-button):not(.fusion-builder-module-control):not(.fusion-social-network-icon):not(.fb-icon-element):not(.fusion-countdown-link):not(.fusion-rollover-link):not(.fusion-rollover-gallery):not(.fusion-button-bar):not(.add_to_cart_button):not(.show_details_button):not(.product_type_external):not(.fusion-quick-view):not(.fusion-rollover-title-link):not(.fusion-breadcrumb-link):before, .fusion-fullwidth.fusion-builder-row-1 a:not(.fusion-button):not(.fusion-builder-module-control):not(.fusion-social-network-icon):not(.fb-icon-element):not(.fusion-countdown-link):not(.fusion-rollover-link):not(.fusion-rollover-gallery):not(.fusion-button-bar):not(.add_to_cart_button):not(.show_details_button):not(.product_type_external):not(.fusion-quick-view):not(.fusion-rollover-title-link):not(.fusion-breadcrumb-link):after {color: #363839;}.fusion-fullwidth.fusion-builder-row-1 a:not(.fusion-button):not(.fusion-builder-module-control):not(.fusion-social-network-icon):not(.fb-icon-element):not(.fusion-countdown-link):not(.fusion-rollover-link):not(.fusion-rollover-gallery):not(.fusion-button-bar):not(.add_to_cart_button):not(.show_details_button):not(.product_type_external):not(.fusion-quick-view):not(.fusion-rollover-title-link):not(.fusion-breadcrumb-link):hover, .fusion-fullwidth.fusion-builder-row-1 a:not(.fusion-button):not(.fusion-builder-module-control):not(.fusion-social-network-icon):not(.fb-icon-element):not(.fusion-countdown-link):not(.fusion-rollover-link):not(.fusion-rollover-gallery):not(.fusion-button-bar):not(.add_to_cart_button):not(.show_details_button):not(.product_type_external):not(.fusion-quick-view):not(.fusion-rollover-title-link):not(.fusion-breadcrumb-link):hover:before, .fusion-fullwidth.fusion-builder-row-1 a:not(.fusion-button):not(.fusion-builder-module-control):not(.fusion-social-network-icon):not(.fb-icon-element):not(.fusion-countdown-link):not(.fusion-rollover-link):not(.fusion-rollover-gallery):not(.fusion-button-bar):not(.add_to_cart_button):not(.show_details_button):not(.product_type_external):not(.fusion-quick-view):not(.fusion-rollover-title-link):not(.fusion-breadcrumb-link):hover:after {color: #363839;}.fusion-fullwidth.fusion-builder-row-1 .pagination a.inactive:hover, .fusion-fullwidth.fusion-builder-row-1 .fusion-filters .fusion-filter.fusion-active a {border-color: #363839;}.fusion-fullwidth.fusion-builder-row-1 .pagination .current {border-color: #363839; background-color: #363839;}.fusion-fullwidth.fusion-builder-row-1 .fusion-filters .fusion-filter.fusion-active a, .fusion-fullwidth.fusion-builder-row-1 .fusion-date-and-formats .fusion-format-box, .fusion-fullwidth.fusion-builder-row-1 .fusion-popover, .fusion-fullwidth.fusion-builder-row-1 .tooltip-shortcode {color: #363839;}#main .fusion-fullwidth.fusion-builder-row-1 .post .blog-shortcode-post-title a:hover {color: #363839;}<\/style>\n<div class=\"fusion-fullwidth fullwidth-box fusion-builder-row-2 frame-producto nonhundred-percent-fullwidth non-hundred-percent-height-scrolling\" style=\"background-color: #161616;background-position: center center;background-repeat: no-repeat;padding-top:30px;padding-right:30px;padding-bottom:30px;padding-left:30px;\">\n<div class=\"fusion-builder-row fusion-row \">\n<div class=\"fusion-layout-column fusion_builder_column fusion_builder_column_2_3 fusion-builder-column-1 fusion-two-third fusion-column-first 2_3\" style=\"margin-top:0px;margin-bottom:20px;width:66.66%;width:calc(66.66% - ( ( 4% ) * 0.6666 ) );margin-right: 4%;\">\n<div class=\"fusion-column-wrapper\" style=\"padding: 0px; background-position: left top; background-repeat: no-repeat; background-size: cover; height: auto;\" data-bg-url=\"\">\n<div class=\"fusion-text\">\n<h3 class=\"\" data-fontsize=\"27\" data-lineheight=\"40.5px\">Olympus W<\/h3>\n<h4 class=\"fusion-responsive-typography-calculated\" data-fontsize=\"18\" data-lineheight=\"21.6px\" style=\"--fontSize: 18; line-height: 1.2; --minFontSize: 18;\">Escudo curvado de aislamiento microf\u00f3nico.<\/h4>\n<\/div>\n<div class=\"fusion-text\">\n<p>Olympus es un escudo curvado de aislamiento para micr\u00f3fonos que reduce dr\u00e1sticamente los efectos introducidos por la ac\u00fastica de la habitaci\u00f3n en la que se est\u00e1 grabando. Es decir, permite crear un peque\u00f1o entorno pr\u00e1cticamente libre de reflexiones alrededor del micr\u00f3fono, lo que permite realizar grabaciones de voz en cualquier habitaci\u00f3n sin sacrificar calidad y permitiendo mantener un mayor control del sonido de la voz durante el proceso de mezcla.<\/p>\n<p>Dise\u00f1ado para ser totalmente transparente a la respuesta en frecuencia del micr\u00f3fono, con capacidad de absorci\u00f3n ac\u00fastica y pinza ajustable para el micr\u00f3fono, Olympus es una soluci\u00f3n port\u00e1til para aplicaciones de audio profesional. Est\u00e1 disponible en diversos acabados. Ofrece un dise\u00f1o modular optimizado para el transporte, es muy f\u00e1cil de montar y dispone de soporte ajustable de montaje. Tambi\u00e9n est\u00e1 preparado para todos los tama\u00f1os de micr\u00f3fono, tanto de USA como de Europa.<\/p>\n<\/div>\n<p><span class=\"fusion-imageframe imageframe-none imageframe-2 hover-type-none\"><img decoding=\"async\" loading=\"lazy\" src=\"\/app\/uploads\/sites\/2\/artnovion-olympus-w-2-800x663.jpeg\" width=\"800\" height=\"663\" alt=\"\" title=\"artnovion-olympus-w-2\" class=\"img-responsive wp-image-24784\" srcset=\"\/app\/uploads\/sites\/2\/artnovion-olympus-w-2-200x166.jpeg 200w, \/app\/uploads\/sites\/2\/artnovion-olympus-w-2-400x331.jpeg 400w, \/app\/uploads\/sites\/2\/artnovion-olympus-w-2-600x497.jpeg 600w, \/app\/uploads\/sites\/2\/artnovion-olympus-w-2-800x663.jpeg 800w, \/app\/uploads\/sites\/2\/artnovion-olympus-w-2-1200x994.jpeg 1200w, \/app\/uploads\/sites\/2\/artnovion-olympus-w-2.jpeg 1401w\" sizes=\"auto, (max-width: 800px) 100vw, 800px\"><\/span><\/p>\n<div class=\"fusion-clearfix\"><\/div>\n<\/div>\n<\/div>\n<div class=\"fusion-layout-column fusion_builder_column fusion_builder_column_1_3 fusion-builder-column-2 fusion-one-third fusion-column-last 1_3\" style=\"margin-top:76px;margin-bottom:20px;width:33.33%;width:calc(33.33% - ( ( 4% ) * 0.3333 ) );\">\n<div class=\"fusion-column-wrapper\" style=\"padding: 0px 0px 0px 20px; background-position: left top; background-repeat: no-repeat; background-size: cover; height: auto;\" data-bg-url=\"\">\n<div class=\"fusion-text\">\n<p>Acabado en madera 100% natural de color wenge.<\/p>\n<ul>\n<li>Pack de 1 unidad<\/li>\n<li>Escudo curvado absorbente para micr\u00f3fono<\/li>\n<li>Permite realizar grabaciones de voz en cualquier habitaci\u00f3n sin sacrificar calidad y manteniendo el control sobre el sonido<\/li>\n<li>Permite crear un peque\u00f1o entorno pr\u00e1cticamente libre de reflexiones alrededor del micr\u00f3fono<\/li>\n<li>Totalmente transparente a la respuesta en frecuencia del micr\u00f3fono<\/li>\n<\/ul>\n<\/div>\n<div class=\"fusion-sep-clear\"><\/div>\n<div class=\"fusion-separator fusion-full-width-sep sep-none\" style=\"margin-left: auto;margin-right: auto;margin-top:10px;margin-bottom:20px;\"><\/div>\n<div class=\"fusion-text\">\n<p><strong>Caracter\u00edsticas t\u00e9cnicas:<\/strong><\/p>\n<ul>\n<li>Dimensiones: 421 x 350 x 300 mm<\/li>\n<li>Peso: 1,68Kg<\/li>\n<\/ul>\n<p><a href=\"https:\/\/www.artnovion.com\/products\/936-fuji-microphone-shield\/technical_file.pdf\" target=\"_blank\" rel=\"noopener noreferrer\">Ficha t\u00e9cnica<\/a><\/p>\n<\/div>\n<div class=\"fusion-sep-clear\"><\/div>\n<div class=\"fusion-separator fusion-full-width-sep sep-none\" style=\"margin-left: auto;margin-right: auto;margin-top:10px;margin-bottom:10px;\"><\/div>\n<div class=\"fusion-text\">\n<p style=\"text-align: center\">C\u00f3digo de producto: 201.11.39.000.003<\/p>\n<h5 style=\"text-align: center; color: rgb(9, 158, 177); --fontSize: 20; line-height: 1.5; --minFontSize: 20;\" data-fontsize=\"20\" data-lineheight=\"30px\" class=\"fusion-responsive-typography-calculated\"><span style=\"font-size: 15px\">PVPR:<\/span> 319 \u20ac (1 unidad)<\/h5>\n<\/div>\n<div class=\"fusion-sep-clear\"><\/div>\n<div class=\"fusion-separator fusion-full-width-sep sep-none\" style=\"margin-left: auto;margin-right: auto;margin-top:10px;margin-bottom:10px;\"><\/div>\n<div class=\"fusion-button-wrapper fusion-aligncenter\">\n<style type=\"text\/css\">.fusion-button.button-1 .fusion-button-text, .fusion-button.button-1 i {color:#ffffff;}.fusion-button.button-1 .fusion-button-icon-divider{border-color:#ffffff;}.fusion-button.button-1:hover .fusion-button-text, .fusion-button.button-1:hover i,.fusion-button.button-1:focus .fusion-button-text, .fusion-button.button-1:focus i,.fusion-button.button-1:active .fusion-button-text, .fusion-button.button-1:active{color:#ffffff;}.fusion-button.button-1:hover .fusion-button-icon-divider, .fusion-button.button-1:hover .fusion-button-icon-divider, .fusion-button.button-1:active .fusion-button-icon-divider{border-color:#ffffff;}.fusion-button.button-1:hover, .fusion-button.button-1:focus, .fusion-button.button-1:active{border-color:#ffffff;border-width:0px;}.fusion-button.button-1 {border-color:#363839;border-width:0px;border-radius:0px;}.fusion-button.button-1{background: #099eb1;}.fusion-button.button-1:hover,.button-1:focus,.fusion-button.button-1:active{background: #077e8e;}.fusion-button.button-1 .fusion-button-text {text-transform:none;}<\/style>\n<p><a class=\"fusion-button button-flat fusion-button-default-size button-custom button-1 fusion-button-default-span \" target=\"_self\" href=\"\/es-\/es\/landing-artnovion\/#donde-comprar\" rel=\"noopener\"><span class=\"fusion-button-text\">D\u00f3nde Comprar<\/span><\/a><\/div>\n<div class=\"fusion-clearfix\"><\/div>\n<\/div>\n<\/div>\n<\/div>\n<\/div>\n<style type=\"text\/css\">.fusion-fullwidth.fusion-builder-row-2 a:not(.fusion-button):not(.fusion-builder-module-control):not(.fusion-social-network-icon):not(.fb-icon-element):not(.fusion-countdown-link):not(.fusion-rollover-link):not(.fusion-rollover-gallery):not(.fusion-button-bar):not(.add_to_cart_button):not(.show_details_button):not(.product_type_external):not(.fusion-quick-view):not(.fusion-rollover-title-link):not(.fusion-breadcrumb-link) , .fusion-fullwidth.fusion-builder-row-2 a:not(.fusion-button):not(.fusion-builder-module-control):not(.fusion-social-network-icon):not(.fb-icon-element):not(.fusion-countdown-link):not(.fusion-rollover-link):not(.fusion-rollover-gallery):not(.fusion-button-bar):not(.add_to_cart_button):not(.show_details_button):not(.product_type_external):not(.fusion-quick-view):not(.fusion-rollover-title-link):not(.fusion-breadcrumb-link):before, .fusion-fullwidth.fusion-builder-row-2 a:not(.fusion-button):not(.fusion-builder-module-control):not(.fusion-social-network-icon):not(.fb-icon-element):not(.fusion-countdown-link):not(.fusion-rollover-link):not(.fusion-rollover-gallery):not(.fusion-button-bar):not(.add_to_cart_button):not(.show_details_button):not(.product_type_external):not(.fusion-quick-view):not(.fusion-rollover-title-link):not(.fusion-breadcrumb-link):after {color: #363839;}.fusion-fullwidth.fusion-builder-row-2 a:not(.fusion-button):not(.fusion-builder-module-control):not(.fusion-social-network-icon):not(.fb-icon-element):not(.fusion-countdown-link):not(.fusion-rollover-link):not(.fusion-rollover-gallery):not(.fusion-button-bar):not(.add_to_cart_button):not(.show_details_button):not(.product_type_external):not(.fusion-quick-view):not(.fusion-rollover-title-link):not(.fusion-breadcrumb-link):hover, .fusion-fullwidth.fusion-builder-row-2 a:not(.fusion-button):not(.fusion-builder-module-control):not(.fusion-social-network-icon):not(.fb-icon-element):not(.fusion-countdown-link):not(.fusion-rollover-link):not(.fusion-rollover-gallery):not(.fusion-button-bar):not(.add_to_cart_button):not(.show_details_button):not(.product_type_external):not(.fusion-quick-view):not(.fusion-rollover-title-link):not(.fusion-breadcrumb-link):hover:before, .fusion-fullwidth.fusion-builder-row-2 a:not(.fusion-button):not(.fusion-builder-module-control):not(.fusion-social-network-icon):not(.fb-icon-element):not(.fusion-countdown-link):not(.fusion-rollover-link):not(.fusion-rollover-gallery):not(.fusion-button-bar):not(.add_to_cart_button):not(.show_details_button):not(.product_type_external):not(.fusion-quick-view):not(.fusion-rollover-title-link):not(.fusion-breadcrumb-link):hover:after {color: #363839;}.fusion-fullwidth.fusion-builder-row-2 .pagination a.inactive:hover, .fusion-fullwidth.fusion-builder-row-2 .fusion-filters .fusion-filter.fusion-active a {border-color: #363839;}.fusion-fullwidth.fusion-builder-row-2 .pagination .current {border-color: #363839; background-color: #363839;}.fusion-fullwidth.fusion-builder-row-2 .fusion-filters .fusion-filter.fusion-active a, .fusion-fullwidth.fusion-builder-row-2 .fusion-date-and-formats .fusion-format-box, .fusion-fullwidth.fusion-builder-row-2 .fusion-popover, .fusion-fullwidth.fusion-builder-row-2 .tooltip-shortcode {color: #363839;}#main .fusion-fullwidth.fusion-builder-row-2 .post .blog-shortcode-post-title a:hover {color: #363839;}<\/style>\n<\/div>\n","protected":false},"excerpt":{"rendered":"<p>Olympus W Escudo curvado de aislamiento microf\u00f3nico. Olympus es un escudo curvado de aislamiento para micr\u00f3fonos que reduce dr\u00e1sticamente los efectos introducidos por la ac\u00fastica de la habitaci\u00f3n en la que se est\u00e1 grabando. Es decir, permite crear un peque\u00f1o entorno pr\u00e1cticamente libre de reflexiones alrededor del micr\u00f3fono, lo que permite realizar grabaciones de voz [&hellip;]<\/p>\n","protected":false},"author":3,"featured_media":0,"parent":0,"menu_order":0,"comment_status":"closed","ping_status":"closed","template":"legacy-content.php","meta":{"_acf_changed":false,"footnotes":""},"class_list":["post-24779","page","type-page","status-publish","hentry"],"acf":[],"yoast_head":"<!-- This site is optimized with the Yoast SEO plugin v27.1.1 - https:\/\/yoast.com\/product\/yoast-seo-wordpress\/ -->\n<title>Artnovion - Olympus W - Audio-Technica Iberia -<\/title>\n<meta name=\"robots\" content=\"index, follow, max-snippet:-1, max-image-preview:large, max-video-preview:-1\" \/>\n<link rel=\"canonical\" href=\"https:\/\/distribution.audio-technica.eu\/es-es\/artnovion-olympus-w\/\" \/>\n<meta property=\"og:locale\" content=\"es_ES\" \/>\n<meta property=\"og:type\" content=\"article\" \/>\n<meta property=\"og:title\" content=\"Artnovion - Olympus W - Audio-Technica Iberia -\" \/>\n<meta property=\"og:description\" content=\"Olympus W Escudo curvado de aislamiento microf\u00f3nico. Olympus es un escudo curvado de aislamiento para micr\u00f3fonos que reduce dr\u00e1sticamente los efectos introducidos por la ac\u00fastica de la habitaci\u00f3n en la que se est\u00e1 grabando. Es decir, permite crear un peque\u00f1o entorno pr\u00e1cticamente libre de reflexiones alrededor del micr\u00f3fono, lo que permite realizar grabaciones de voz [&hellip;]\" \/>\n<meta property=\"og:url\" content=\"https:\/\/distribution.audio-technica.eu\/es-es\/artnovion-olympus-w\/\" \/>\n<meta property=\"og:site_name\" content=\"Audio-Technica Iberia\" \/>\n<meta property=\"article:modified_time\" content=\"2023-05-30T16:18:20+00:00\" \/>\n<meta name=\"twitter:card\" content=\"summary_large_image\" \/>\n<meta name=\"twitter:label1\" content=\"Tiempo de lectura\" \/>\n\t<meta name=\"twitter:data1\" content=\"1 minuto\" \/>\n<script type=\"application\/ld+json\" class=\"yoast-schema-graph\">{\"@context\":\"https:\/\/schema.org\",\"@graph\":[{\"@type\":\"WebPage\",\"@id\":\"https:\/\/distribution.audio-technica.eu\/es-es\/artnovion-olympus-w\/\",\"url\":\"https:\/\/distribution.audio-technica.eu\/es-es\/artnovion-olympus-w\/\",\"name\":\"Artnovion - Olympus W - Audio-Technica Iberia -\",\"isPartOf\":{\"@id\":\"https:\/\/distribution.audio-technica.eu\/es-es\/#website\"},\"datePublished\":\"2021-07-16T14:54:03+00:00\",\"dateModified\":\"2023-05-30T16:18:20+00:00\",\"breadcrumb\":{\"@id\":\"https:\/\/distribution.audio-technica.eu\/es-es\/artnovion-olympus-w\/#breadcrumb\"},\"inLanguage\":\"es\",\"potentialAction\":[{\"@type\":\"ReadAction\",\"target\":[\"https:\/\/distribution.audio-technica.eu\/es-es\/artnovion-olympus-w\/\"]}]},{\"@type\":\"BreadcrumbList\",\"@id\":\"https:\/\/distribution.audio-technica.eu\/es-es\/artnovion-olympus-w\/#breadcrumb\",\"itemListElement\":[{\"@type\":\"ListItem\",\"position\":1,\"name\":\"Products\",\"item\":\"https:\/\/distribution.audio-technica.eu\/es-es\/\"},{\"@type\":\"ListItem\",\"position\":2,\"name\":\"Artnovion &#8211; Olympus W\"}]},{\"@type\":\"WebSite\",\"@id\":\"https:\/\/distribution.audio-technica.eu\/es-es\/#website\",\"url\":\"https:\/\/distribution.audio-technica.eu\/es-es\/\",\"name\":\"Audio-Technica Iberia\",\"description\":\"Distribuci\u00f3n\",\"potentialAction\":[{\"@type\":\"SearchAction\",\"target\":{\"@type\":\"EntryPoint\",\"urlTemplate\":\"https:\/\/distribution.audio-technica.eu\/es-es\/?s={search_term_string}\"},\"query-input\":{\"@type\":\"PropertyValueSpecification\",\"valueRequired\":true,\"valueName\":\"search_term_string\"}}],\"inLanguage\":\"es\"}]}<\/script>\n<!-- \/ Yoast SEO plugin. -->","yoast_head_json":{"title":"Artnovion - Olympus W - Audio-Technica Iberia -","robots":{"index":"index","follow":"follow","max-snippet":"max-snippet:-1","max-image-preview":"max-image-preview:large","max-video-preview":"max-video-preview:-1"},"canonical":"https:\/\/distribution.audio-technica.eu\/es-es\/artnovion-olympus-w\/","og_locale":"es_ES","og_type":"article","og_title":"Artnovion - Olympus W - Audio-Technica Iberia -","og_description":"Olympus W Escudo curvado de aislamiento microf\u00f3nico. Olympus es un escudo curvado de aislamiento para micr\u00f3fonos que reduce dr\u00e1sticamente los efectos introducidos por la ac\u00fastica de la habitaci\u00f3n en la que se est\u00e1 grabando. Es decir, permite crear un peque\u00f1o entorno pr\u00e1cticamente libre de reflexiones alrededor del micr\u00f3fono, lo que permite realizar grabaciones de voz [&hellip;]","og_url":"https:\/\/distribution.audio-technica.eu\/es-es\/artnovion-olympus-w\/","og_site_name":"Audio-Technica Iberia","article_modified_time":"2023-05-30T16:18:20+00:00","twitter_card":"summary_large_image","twitter_misc":{"Tiempo de lectura":"1 minuto"},"schema":{"@context":"https:\/\/schema.org","@graph":[{"@type":"WebPage","@id":"https:\/\/distribution.audio-technica.eu\/es-es\/artnovion-olympus-w\/","url":"https:\/\/distribution.audio-technica.eu\/es-es\/artnovion-olympus-w\/","name":"Artnovion - Olympus W - Audio-Technica Iberia -","isPartOf":{"@id":"https:\/\/distribution.audio-technica.eu\/es-es\/#website"},"datePublished":"2021-07-16T14:54:03+00:00","dateModified":"2023-05-30T16:18:20+00:00","breadcrumb":{"@id":"https:\/\/distribution.audio-technica.eu\/es-es\/artnovion-olympus-w\/#breadcrumb"},"inLanguage":"es","potentialAction":[{"@type":"ReadAction","target":["https:\/\/distribution.audio-technica.eu\/es-es\/artnovion-olympus-w\/"]}]},{"@type":"BreadcrumbList","@id":"https:\/\/distribution.audio-technica.eu\/es-es\/artnovion-olympus-w\/#breadcrumb","itemListElement":[{"@type":"ListItem","position":1,"name":"Products","item":"https:\/\/distribution.audio-technica.eu\/es-es\/"},{"@type":"ListItem","position":2,"name":"Artnovion &#8211; Olympus W"}]},{"@type":"WebSite","@id":"https:\/\/distribution.audio-technica.eu\/es-es\/#website","url":"https:\/\/distribution.audio-technica.eu\/es-es\/","name":"Audio-Technica Iberia","description":"Distribuci\u00f3n","potentialAction":[{"@type":"SearchAction","target":{"@type":"EntryPoint","urlTemplate":"https:\/\/distribution.audio-technica.eu\/es-es\/?s={search_term_string}"},"query-input":{"@type":"PropertyValueSpecification","valueRequired":true,"valueName":"search_term_string"}}],"inLanguage":"es"}]}},"_links":{"self":[{"href":"https:\/\/distribution.audio-technica.eu\/es-es\/wp-json\/wp\/v2\/pages\/24779","targetHints":{"allow":["GET"]}}],"collection":[{"href":"https:\/\/distribution.audio-technica.eu\/es-es\/wp-json\/wp\/v2\/pages"}],"about":[{"href":"https:\/\/distribution.audio-technica.eu\/es-es\/wp-json\/wp\/v2\/types\/page"}],"author":[{"embeddable":true,"href":"https:\/\/distribution.audio-technica.eu\/es-es\/wp-json\/wp\/v2\/users\/3"}],"replies":[{"embeddable":true,"href":"https:\/\/distribution.audio-technica.eu\/es-es\/wp-json\/wp\/v2\/comments?post=24779"}],"version-history":[{"count":10,"href":"https:\/\/distribution.audio-technica.eu\/es-es\/wp-json\/wp\/v2\/pages\/24779\/revisions"}],"predecessor-version":[{"id":27471,"href":"https:\/\/distribution.audio-technica.eu\/es-es\/wp-json\/wp\/v2\/pages\/24779\/revisions\/27471"}],"wp:attachment":[{"href":"https:\/\/distribution.audio-technica.eu\/es-es\/wp-json\/wp\/v2\/media?parent=24779"}],"curies":[{"name":"wp","href":"https:\/\/api.w.org\/{rel}","templated":true}]}}