{"id":13690,"date":"2018-07-12T14:27:59","date_gmt":"2018-07-12T12:27:59","guid":{"rendered":"https:\/\/atdb-production.studiograft.dev\/es\/product\/import-placeholder-for-710\/"},"modified":"2026-02-19T14:32:14","modified_gmt":"2026-02-19T13:32:14","slug":"asp510","status":"publish","type":"product","link":"https:\/\/distribution.audio-technica.eu\/es-es\/productos\/asp510\/","title":{"rendered":"ASP510"},"content":{"rendered":"<h2>ASP510<\/h2>\n<h3>Controlador Sonido Surround<\/h3>\n<p>El ASP510 se integra f\u00e1cilmente y sin problemas con cualquier sistema Surround basado en consola o DAW para proporcionar un control completo de las funciones de monitoraje y grabaci\u00f3n en m\u00faltiples formatos surround sound, incluyendo: 5.1, LCRS, Dolby Surround, DVD-Video, DVD-Audio, DTS, y SACD.<br \/>\nSu campo de aplicaciones incluye: producci\u00f3n musical surround sound,autor\u00eda DVD-V y DVD-A, post producci\u00f3n de v\u00eddeo y cine, producci\u00f3n de cine y efectos de sonido, autor\u00eda SACD, autor\u00eda DTS, producci\u00f3n de juegos de v\u00eddeo, televisi\u00f3n digital, producci\u00f3n audiovisual, unidades m\u00f3viles multicanal.<\/p>\n<ul>\n<li>6 Presets de formato de monitor<\/li>\n<li>Soporta tres fuentes 5.1 surround y tres fuentes est\u00e9reo.<\/li>\n<li>8 Entradas desde la consola (5.1 surround m\u00e1s est\u00e9reo).<\/li>\n<li>8 Salidas hacia grabadores (5.1 surround m\u00e1s est\u00e9reo).<\/li>\n<li>Inserci\u00f3n conmutable ENCODER\/DECODER.<\/li>\n<li>6 Salidas para altavoz, cada una de ellas con LEVEL TRIM.<\/li>\n<li>Funciones de altavoz individuales CUT\/ISOLATE.<\/li>\n<li>Interface de sistema SOLO y MONITOR de consola universal.<\/li>\n<li>Niveles DIM y REFERENCE del monitor definibles por el usuario.<\/li>\n<li>Generador de ruido rosa incorporado.<\/li>\n<li>Entrada de pista GUIDE.<\/li>\n<li>Superficie de control ergon\u00f3mica, con clara indicaci\u00f3n del estado.<\/li>\n<\/ul>\n<p>&nbsp;<\/p>\n","protected":false},"excerpt":{"rendered":"<h3>Controlador Sonido Surround<\/h3>\n<ul class=\"summary\">\n<li>6 Presets de formato de monitor<\/li>\n<li>Soporta tres fuentes 5.1 surround y tres fuentes est\u00e9reo.<\/li>\n<li>8 Entradas desde la consola (5.1 surround m\u00e1s est\u00e9reo).<\/li>\n<li>8 Salidas hacia grabadores (5.1 surround m\u00e1s est\u00e9reo).<\/li>\n<li>Inserci\u00f3n conmutable ENCODER\/DECODER.<\/li>\n<li>6 Salidas para altavoz, cada una de ellas con LEVEL TRIM.<\/li>\n<\/ul>\n","protected":false},"featured_media":10951,"template":"","meta":{"_acf_changed":false},"product_brand":[],"product_cat":[1312,1313,1314],"product_tag":[],"class_list":{"0":"post-13690","1":"product","2":"type-product","3":"status-publish","4":"has-post-thumbnail","6":"product_cat-controladores-de-monitores","7":"product_cat-por-series-audient","8":"product_cat-serie-asp","9":"product_series-serie-asp","11":"first","12":"instock","13":"shipping-taxable","14":"product-type-simple"},"acf":[],"yoast_head":"<!-- This site is optimized with the Yoast SEO plugin v27.1.1 - https:\/\/yoast.com\/product\/yoast-seo-wordpress\/ -->\n<title>ASP510 - Audio-Technica Iberia<\/title>\n<meta name=\"robots\" content=\"index, follow, max-snippet:-1, max-image-preview:large, max-video-preview:-1\" \/>\n<link rel=\"canonical\" href=\"https:\/\/distribution.audio-technica.eu\/es-es\/productos\/asp510\/\" \/>\n<meta property=\"og:locale\" content=\"es_ES\" \/>\n<meta property=\"og:type\" content=\"article\" \/>\n<meta property=\"og:title\" content=\"ASP510 - Audio-Technica Iberia\" \/>\n<meta property=\"og:description\" content=\"Controlador Sonido Surround   6 Presets de formato de monitor  Soporta tres fuentes 5.1 surround y tres fuentes est\u00e9reo.  8 Entradas desde la consola (5.1 surround m\u00e1s est\u00e9reo).  8 Salidas hacia grabadores (5.1 surround m\u00e1s est\u00e9reo).  Inserci\u00f3n conmutable ENCODER\/DECODER.  6 Salidas para altavoz, cada una de ellas con LEVEL TRIM.\" \/>\n<meta property=\"og:url\" content=\"https:\/\/distribution.audio-technica.eu\/es-es\/productos\/asp510\/\" \/>\n<meta property=\"og:site_name\" content=\"Audio-Technica Iberia\" \/>\n<meta property=\"article:modified_time\" content=\"2026-02-19T13:32:14+00:00\" \/>\n<meta property=\"og:image\" content=\"https:\/\/distribution.audio-technica.eu\/app\/uploads\/sites\/2\/Audient-ASP510-1.jpg\" \/>\n\t<meta property=\"og:image:width\" content=\"850\" \/>\n\t<meta property=\"og:image:height\" content=\"850\" \/>\n\t<meta property=\"og:image:type\" content=\"image\/jpeg\" \/>\n<meta name=\"twitter:card\" content=\"summary_large_image\" \/>\n<meta name=\"twitter:label1\" content=\"Tiempo de lectura\" \/>\n\t<meta name=\"twitter:data1\" content=\"2 minutos\" \/>\n<script type=\"application\/ld+json\" class=\"yoast-schema-graph\">{\"@context\":\"https:\/\/schema.org\",\"@graph\":[{\"@type\":\"WebPage\",\"@id\":\"https:\/\/distribution.audio-technica.eu\/es-es\/productos\/asp510\/\",\"url\":\"https:\/\/distribution.audio-technica.eu\/es-es\/productos\/asp510\/\",\"name\":\"ASP510 - Audio-Technica Iberia\",\"isPartOf\":{\"@id\":\"https:\/\/distribution.audio-technica.eu\/es-es\/#website\"},\"primaryImageOfPage\":{\"@id\":\"https:\/\/distribution.audio-technica.eu\/es-es\/productos\/asp510\/#primaryimage\"},\"image\":{\"@id\":\"https:\/\/distribution.audio-technica.eu\/es-es\/productos\/asp510\/#primaryimage\"},\"thumbnailUrl\":\"\/app\/uploads\/sites\/2\/Audient-ASP510-1.jpg\",\"datePublished\":\"2018-07-12T12:27:59+00:00\",\"dateModified\":\"2026-02-19T13:32:14+00:00\",\"breadcrumb\":{\"@id\":\"https:\/\/distribution.audio-technica.eu\/es-es\/productos\/asp510\/#breadcrumb\"},\"inLanguage\":\"es\",\"potentialAction\":[{\"@type\":\"ReadAction\",\"target\":[\"https:\/\/distribution.audio-technica.eu\/es-es\/productos\/asp510\/\"]}]},{\"@type\":\"ImageObject\",\"inLanguage\":\"es\",\"@id\":\"https:\/\/distribution.audio-technica.eu\/es-es\/productos\/asp510\/#primaryimage\",\"url\":\"\/app\/uploads\/sites\/2\/Audient-ASP510-1.jpg\",\"contentUrl\":\"\/app\/uploads\/sites\/2\/Audient-ASP510-1.jpg\",\"width\":850,\"height\":850},{\"@type\":\"BreadcrumbList\",\"@id\":\"https:\/\/distribution.audio-technica.eu\/es-es\/productos\/asp510\/#breadcrumb\",\"itemListElement\":[{\"@type\":\"ListItem\",\"position\":1,\"name\":\"Products\",\"item\":\"https:\/\/distribution.audio-technica.eu\/es-es\/\"},{\"@type\":\"ListItem\",\"position\":2,\"name\":\"Productos\",\"item\":\"https:\/\/distribution.audio-technica.eu\/es-es\/productos\/\"},{\"@type\":\"ListItem\",\"position\":3,\"name\":\"ASP510\"}]},{\"@type\":\"WebSite\",\"@id\":\"https:\/\/distribution.audio-technica.eu\/es-es\/#website\",\"url\":\"https:\/\/distribution.audio-technica.eu\/es-es\/\",\"name\":\"Audio-Technica Iberia\",\"description\":\"Distribuci\u00f3n\",\"potentialAction\":[{\"@type\":\"SearchAction\",\"target\":{\"@type\":\"EntryPoint\",\"urlTemplate\":\"https:\/\/distribution.audio-technica.eu\/es-es\/?s={search_term_string}\"},\"query-input\":{\"@type\":\"PropertyValueSpecification\",\"valueRequired\":true,\"valueName\":\"search_term_string\"}}],\"inLanguage\":\"es\"}]}<\/script>\n<!-- \/ Yoast SEO plugin. -->","yoast_head_json":{"title":"ASP510 - Audio-Technica Iberia","robots":{"index":"index","follow":"follow","max-snippet":"max-snippet:-1","max-image-preview":"max-image-preview:large","max-video-preview":"max-video-preview:-1"},"canonical":"https:\/\/distribution.audio-technica.eu\/es-es\/productos\/asp510\/","og_locale":"es_ES","og_type":"article","og_title":"ASP510 - Audio-Technica Iberia","og_description":"Controlador Sonido Surround   6 Presets de formato de monitor  Soporta tres fuentes 5.1 surround y tres fuentes est\u00e9reo.  8 Entradas desde la consola (5.1 surround m\u00e1s est\u00e9reo).  8 Salidas hacia grabadores (5.1 surround m\u00e1s est\u00e9reo).  Inserci\u00f3n conmutable ENCODER\/DECODER.  6 Salidas para altavoz, cada una de ellas con LEVEL TRIM.","og_url":"https:\/\/distribution.audio-technica.eu\/es-es\/productos\/asp510\/","og_site_name":"Audio-Technica Iberia","article_modified_time":"2026-02-19T13:32:14+00:00","og_image":[{"width":850,"height":850,"url":"https:\/\/distribution.audio-technica.eu\/app\/uploads\/sites\/2\/Audient-ASP510-1.jpg","type":"image\/jpeg"}],"twitter_card":"summary_large_image","twitter_misc":{"Tiempo de lectura":"2 minutos"},"schema":{"@context":"https:\/\/schema.org","@graph":[{"@type":"WebPage","@id":"https:\/\/distribution.audio-technica.eu\/es-es\/productos\/asp510\/","url":"https:\/\/distribution.audio-technica.eu\/es-es\/productos\/asp510\/","name":"ASP510 - Audio-Technica Iberia","isPartOf":{"@id":"https:\/\/distribution.audio-technica.eu\/es-es\/#website"},"primaryImageOfPage":{"@id":"https:\/\/distribution.audio-technica.eu\/es-es\/productos\/asp510\/#primaryimage"},"image":{"@id":"https:\/\/distribution.audio-technica.eu\/es-es\/productos\/asp510\/#primaryimage"},"thumbnailUrl":"\/app\/uploads\/sites\/2\/Audient-ASP510-1.jpg","datePublished":"2018-07-12T12:27:59+00:00","dateModified":"2026-02-19T13:32:14+00:00","breadcrumb":{"@id":"https:\/\/distribution.audio-technica.eu\/es-es\/productos\/asp510\/#breadcrumb"},"inLanguage":"es","potentialAction":[{"@type":"ReadAction","target":["https:\/\/distribution.audio-technica.eu\/es-es\/productos\/asp510\/"]}]},{"@type":"ImageObject","inLanguage":"es","@id":"https:\/\/distribution.audio-technica.eu\/es-es\/productos\/asp510\/#primaryimage","url":"\/app\/uploads\/sites\/2\/Audient-ASP510-1.jpg","contentUrl":"\/app\/uploads\/sites\/2\/Audient-ASP510-1.jpg","width":850,"height":850},{"@type":"BreadcrumbList","@id":"https:\/\/distribution.audio-technica.eu\/es-es\/productos\/asp510\/#breadcrumb","itemListElement":[{"@type":"ListItem","position":1,"name":"Products","item":"https:\/\/distribution.audio-technica.eu\/es-es\/"},{"@type":"ListItem","position":2,"name":"Productos","item":"https:\/\/distribution.audio-technica.eu\/es-es\/productos\/"},{"@type":"ListItem","position":3,"name":"ASP510"}]},{"@type":"WebSite","@id":"https:\/\/distribution.audio-technica.eu\/es-es\/#website","url":"https:\/\/distribution.audio-technica.eu\/es-es\/","name":"Audio-Technica Iberia","description":"Distribuci\u00f3n","potentialAction":[{"@type":"SearchAction","target":{"@type":"EntryPoint","urlTemplate":"https:\/\/distribution.audio-technica.eu\/es-es\/?s={search_term_string}"},"query-input":{"@type":"PropertyValueSpecification","valueRequired":true,"valueName":"search_term_string"}}],"inLanguage":"es"}]}},"_links":{"self":[{"href":"https:\/\/distribution.audio-technica.eu\/es-es\/wp-json\/wp\/v2\/product\/13690","targetHints":{"allow":["GET"]}}],"collection":[{"href":"https:\/\/distribution.audio-technica.eu\/es-es\/wp-json\/wp\/v2\/product"}],"about":[{"href":"https:\/\/distribution.audio-technica.eu\/es-es\/wp-json\/wp\/v2\/types\/product"}],"wp:featuredmedia":[{"embeddable":true,"href":"https:\/\/distribution.audio-technica.eu\/es-es\/wp-json\/wp\/v2\/media\/10951"}],"wp:attachment":[{"href":"https:\/\/distribution.audio-technica.eu\/es-es\/wp-json\/wp\/v2\/media?parent=13690"}],"wp:term":[{"taxonomy":"product_brand","embeddable":true,"href":"https:\/\/distribution.audio-technica.eu\/es-es\/wp-json\/wp\/v2\/product_brand?post=13690"},{"taxonomy":"product_cat","embeddable":true,"href":"https:\/\/distribution.audio-technica.eu\/es-es\/wp-json\/wp\/v2\/product_cat?post=13690"},{"taxonomy":"product_tag","embeddable":true,"href":"https:\/\/distribution.audio-technica.eu\/es-es\/wp-json\/wp\/v2\/product_tag?post=13690"}],"curies":[{"name":"wp","href":"https:\/\/api.w.org\/{rel}","templated":true}]}}