{"id":13691,"date":"2018-07-12T14:27:59","date_gmt":"2018-07-12T12:27:59","guid":{"rendered":"https:\/\/atdb-production.studiograft.dev\/es\/product\/import-placeholder-for-711\/"},"modified":"2026-02-19T14:32:32","modified_gmt":"2026-02-19T13:32:32","slug":"asp800","status":"publish","type":"product","link":"https:\/\/distribution.audio-technica.eu\/es-es\/productos\/asp800\/","title":{"rendered":"ASP800"},"content":{"rendered":"<h2>ASP800<\/h2>\n<h3>Preamplificador microf\u00f3nico y ADC de 8 canales con HMX &amp; IRON<\/h3>\n<p>ASP800 es un potente equipo de audio dise\u00f1ado para que el usuario pueda realizar grabaciones con el m\u00e1s alto nivel profesional. ASP800 proporciona 8 canales equipados con los famosos preamplificadores microf\u00f3nicos que incorpora consola de estudio de Audient, los excelentes conversores Burr-Brown, dos entradas D.I. de tipo JFET, y dos canales Retro con un revolucionario sistema de control del sonido.<br \/>\nAudient es la \u00fanica empresa que utiliza los mismos preamplificadores microf\u00f3nicos de Clase A en toda su gama de productos, lo que asegura disponer de la misma calidad de sonido, con la consola ASP8024 tanto en estudio como en cualquier otro lugar, por ejemplo durante una gira- con el ASP800.<br \/>\nDesarrollados por el legendario dise\u00f1ador Davis Dearden, y optimizados tras 18 a\u00f1os, estos excelentes preamplificadores microf\u00f3nicos son utilizados por miles de estudios profesionales en todo el mundo.<br \/>\nAunque incorpora los preamplificadores m\u00e1s limpios del mercado, el ASP800 tambi\u00e9n es capaz de a\u00f1adir color al sonido, a voluntad del usuario, ya sea para engordar un bajo o a\u00f1adir brillantez a una voz, gracias a su revolucionaria circuiter\u00eda de generaci\u00f3n de arm\u00f3nicos.<br \/>\nLos canales 1 y 2 incorporan los exclusivos controles HMX e Iron que permiten alterar el contenido arm\u00f3nico. Dise\u00f1ados para emular los sonidos asociados a los dise\u00f1os basados en v\u00e1lvulas de los a\u00f1os 60 y el codiciado sonido de transformador de los equipos de audio brit\u00e1nicos de los 70, HMX e Iron son capaces de aportar una nueva dimensi\u00f3n al sonido, proporcionado calidez y brillo. Adem\u00e1s, es posible combinar ambos para encontrar infinidad de variaciones sobre el sonido.<br \/>\nLos amantes del sonido a v\u00e1lvulas encontrar un fiel aliado en HMX, el control de distorsi\u00f3n arm\u00f3nica personalizado. Similar a los dise\u00f1os a v\u00e1lvulas de los a\u00f1os 60, HMX proporciona un sonido dulce y grueso que puede aplicarse con espectaculares resultados a cualquier fuente, desde una guitarra el\u00e9ctrica hasta una bater\u00eda.<br \/>\nUtilizando tecnolog\u00eda MOSFET discreta, HMX produce distorsi\u00f3n arm\u00f3nica asim\u00e9trica que permite a\u00f1adir riqueza y cuerpo al pristi\u00f1o sonido del preamplificador microf\u00f3nico de Audient, la entrada D.I. o la entrada de l\u00ednea.<br \/>\nIron, el nuevo saturador por transformador de Audient utiliza un transformador brit\u00e1nico asociado a circuiter\u00eda NOSFET de alto voltaje, dise\u00f1ado para recrear de forma fiel los brillantes sonidos de las grabaciones de los a\u00f1os 70.<br \/>\nCon un \u00fanico control que altera de forma simult\u00e1nea la impedancia, la respuesta en graves, la amortiguaci\u00f3n a las frecuencias elevadas, el desplazamiento de fase, la saturaci\u00f3n magn\u00e9tica y la forma de los transitorios, Iron es capaz de a\u00f1adir de forma inmediata brillo, fuerza y mucho m\u00e1s con tan solo un giro del bot\u00f3n.<br \/>\nASP800 tambi\u00e9n incorpora excelentes conversores AD con una din\u00e1mica de 118 dB, fabricados por Burr Brown, firma l\u00edder en este terreno.<br \/>\nAdem\u00e1s de sus ocho canales de preamplificador microf\u00f3nico, tambi\u00e9n dispone de dos entradas D.I. de tipo JFET, de una riqueza arm\u00f3nica excepcional, y que ha sido dise\u00f1ada para replicar la etapa de entrada de un amplificador a v\u00e1lvulas cl\u00e1sico.<br \/>\nLa unidad es de construcci\u00f3n totalmente met\u00e1lica y dispone de botones de aluminio<\/p>\n<ul>\n<li>8 Excelentes preamplificadores microf\u00f3nicos id\u00e9nticos a los que incorpora la consola de estudio Audient<\/li>\n<li>2 Canales Retro con controles HMX e Iron<\/li>\n<li>2 Entradas JFET para instrumento<\/li>\n<li>Conversores AD Burr Brown con una din\u00e1mica de 118 db y un sonido pr\u00edstino<\/li>\n<li>Salidas de l\u00ednea anal\u00f3gica balanceada<\/li>\n<li>Salida ADAT<\/li>\n<li>Entrada Word Clock<\/li>\n<li>Construcci\u00f3n totalmente met\u00e1lica<\/li>\n<\/ul>\n","protected":false},"excerpt":{"rendered":"<h3>Preamplificador microf\u00f3nico y ADC de 8 canales con HMX &amp; IRON<\/h3>\n<ul class=\"summary\">\n<li>8 Excelentes preamplificadores microf\u00f3nicos como los de las mesas Audient<\/li>\n<li>2 Canales Retro con controles HMX e Iron<\/li>\n<li>2 Entradas JFET para instrumento<\/li>\n<li>Conversores AD Burr Brown con una din\u00e1mica de 118 db y un sonido pr\u00edstino<\/li>\n<\/ul>\n","protected":false},"featured_media":10954,"template":"","meta":{"_acf_changed":false},"product_brand":[],"product_cat":[1315,1313,1314],"product_tag":[],"class_list":{"0":"post-13691","1":"product","2":"type-product","3":"status-publish","4":"has-post-thumbnail","6":"product_cat-previos-de-microfono","7":"product_cat-por-series-audient","8":"product_cat-serie-asp","9":"product_series-serie-asp","11":"first","12":"instock","13":"shipping-taxable","14":"product-type-simple"},"acf":[],"yoast_head":"<!-- This site is optimized with the Yoast SEO plugin v27.1.1 - https:\/\/yoast.com\/product\/yoast-seo-wordpress\/ -->\n<title>ASP800 - Audio-Technica Iberia<\/title>\n<meta name=\"robots\" content=\"index, follow, max-snippet:-1, max-image-preview:large, max-video-preview:-1\" \/>\n<link rel=\"canonical\" href=\"https:\/\/distribution.audio-technica.eu\/es-es\/productos\/asp800\/\" \/>\n<meta property=\"og:locale\" content=\"es_ES\" \/>\n<meta property=\"og:type\" content=\"article\" \/>\n<meta property=\"og:title\" content=\"ASP800 - Audio-Technica Iberia\" \/>\n<meta property=\"og:description\" content=\"Preamplificador microf\u00f3nico y ADC de 8 canales con HMX &amp; IRON   8 Excelentes preamplificadores microf\u00f3nicos como los de las mesas Audient  2 Canales Retro con controles HMX e Iron  2 Entradas JFET para instrumento  Conversores AD Burr Brown con una din\u00e1mica de 118 db y un sonido pr\u00edstino\" \/>\n<meta property=\"og:url\" content=\"https:\/\/distribution.audio-technica.eu\/es-es\/productos\/asp800\/\" \/>\n<meta property=\"og:site_name\" content=\"Audio-Technica Iberia\" \/>\n<meta property=\"article:modified_time\" content=\"2026-02-19T13:32:32+00:00\" \/>\n<meta property=\"og:image\" content=\"https:\/\/distribution.audio-technica.eu\/app\/uploads\/sites\/2\/Audient-ASP800-1.jpg\" \/>\n\t<meta property=\"og:image:width\" content=\"1000\" \/>\n\t<meta property=\"og:image:height\" content=\"1000\" \/>\n\t<meta property=\"og:image:type\" content=\"image\/jpeg\" \/>\n<meta name=\"twitter:card\" content=\"summary_large_image\" \/>\n<meta name=\"twitter:label1\" content=\"Tiempo de lectura\" \/>\n\t<meta name=\"twitter:data1\" content=\"3 minutos\" \/>\n<script type=\"application\/ld+json\" class=\"yoast-schema-graph\">{\"@context\":\"https:\/\/schema.org\",\"@graph\":[{\"@type\":\"WebPage\",\"@id\":\"https:\/\/distribution.audio-technica.eu\/es-es\/productos\/asp800\/\",\"url\":\"https:\/\/distribution.audio-technica.eu\/es-es\/productos\/asp800\/\",\"name\":\"ASP800 - Audio-Technica Iberia\",\"isPartOf\":{\"@id\":\"https:\/\/distribution.audio-technica.eu\/es-es\/#website\"},\"primaryImageOfPage\":{\"@id\":\"https:\/\/distribution.audio-technica.eu\/es-es\/productos\/asp800\/#primaryimage\"},\"image\":{\"@id\":\"https:\/\/distribution.audio-technica.eu\/es-es\/productos\/asp800\/#primaryimage\"},\"thumbnailUrl\":\"\/app\/uploads\/sites\/2\/Audient-ASP800-1.jpg\",\"datePublished\":\"2018-07-12T12:27:59+00:00\",\"dateModified\":\"2026-02-19T13:32:32+00:00\",\"breadcrumb\":{\"@id\":\"https:\/\/distribution.audio-technica.eu\/es-es\/productos\/asp800\/#breadcrumb\"},\"inLanguage\":\"es\",\"potentialAction\":[{\"@type\":\"ReadAction\",\"target\":[\"https:\/\/distribution.audio-technica.eu\/es-es\/productos\/asp800\/\"]}]},{\"@type\":\"ImageObject\",\"inLanguage\":\"es\",\"@id\":\"https:\/\/distribution.audio-technica.eu\/es-es\/productos\/asp800\/#primaryimage\",\"url\":\"\/app\/uploads\/sites\/2\/Audient-ASP800-1.jpg\",\"contentUrl\":\"\/app\/uploads\/sites\/2\/Audient-ASP800-1.jpg\",\"width\":1000,\"height\":1000},{\"@type\":\"BreadcrumbList\",\"@id\":\"https:\/\/distribution.audio-technica.eu\/es-es\/productos\/asp800\/#breadcrumb\",\"itemListElement\":[{\"@type\":\"ListItem\",\"position\":1,\"name\":\"Products\",\"item\":\"https:\/\/distribution.audio-technica.eu\/es-es\/\"},{\"@type\":\"ListItem\",\"position\":2,\"name\":\"Productos\",\"item\":\"https:\/\/distribution.audio-technica.eu\/es-es\/productos\/\"},{\"@type\":\"ListItem\",\"position\":3,\"name\":\"ASP800\"}]},{\"@type\":\"WebSite\",\"@id\":\"https:\/\/distribution.audio-technica.eu\/es-es\/#website\",\"url\":\"https:\/\/distribution.audio-technica.eu\/es-es\/\",\"name\":\"Audio-Technica Iberia\",\"description\":\"Distribuci\u00f3n\",\"potentialAction\":[{\"@type\":\"SearchAction\",\"target\":{\"@type\":\"EntryPoint\",\"urlTemplate\":\"https:\/\/distribution.audio-technica.eu\/es-es\/?s={search_term_string}\"},\"query-input\":{\"@type\":\"PropertyValueSpecification\",\"valueRequired\":true,\"valueName\":\"search_term_string\"}}],\"inLanguage\":\"es\"}]}<\/script>\n<!-- \/ Yoast SEO plugin. -->","yoast_head_json":{"title":"ASP800 - Audio-Technica Iberia","robots":{"index":"index","follow":"follow","max-snippet":"max-snippet:-1","max-image-preview":"max-image-preview:large","max-video-preview":"max-video-preview:-1"},"canonical":"https:\/\/distribution.audio-technica.eu\/es-es\/productos\/asp800\/","og_locale":"es_ES","og_type":"article","og_title":"ASP800 - Audio-Technica Iberia","og_description":"Preamplificador microf\u00f3nico y ADC de 8 canales con HMX &amp; IRON   8 Excelentes preamplificadores microf\u00f3nicos como los de las mesas Audient  2 Canales Retro con controles HMX e Iron  2 Entradas JFET para instrumento  Conversores AD Burr Brown con una din\u00e1mica de 118 db y un sonido pr\u00edstino","og_url":"https:\/\/distribution.audio-technica.eu\/es-es\/productos\/asp800\/","og_site_name":"Audio-Technica Iberia","article_modified_time":"2026-02-19T13:32:32+00:00","og_image":[{"width":1000,"height":1000,"url":"https:\/\/distribution.audio-technica.eu\/app\/uploads\/sites\/2\/Audient-ASP800-1.jpg","type":"image\/jpeg"}],"twitter_card":"summary_large_image","twitter_misc":{"Tiempo de lectura":"3 minutos"},"schema":{"@context":"https:\/\/schema.org","@graph":[{"@type":"WebPage","@id":"https:\/\/distribution.audio-technica.eu\/es-es\/productos\/asp800\/","url":"https:\/\/distribution.audio-technica.eu\/es-es\/productos\/asp800\/","name":"ASP800 - Audio-Technica Iberia","isPartOf":{"@id":"https:\/\/distribution.audio-technica.eu\/es-es\/#website"},"primaryImageOfPage":{"@id":"https:\/\/distribution.audio-technica.eu\/es-es\/productos\/asp800\/#primaryimage"},"image":{"@id":"https:\/\/distribution.audio-technica.eu\/es-es\/productos\/asp800\/#primaryimage"},"thumbnailUrl":"\/app\/uploads\/sites\/2\/Audient-ASP800-1.jpg","datePublished":"2018-07-12T12:27:59+00:00","dateModified":"2026-02-19T13:32:32+00:00","breadcrumb":{"@id":"https:\/\/distribution.audio-technica.eu\/es-es\/productos\/asp800\/#breadcrumb"},"inLanguage":"es","potentialAction":[{"@type":"ReadAction","target":["https:\/\/distribution.audio-technica.eu\/es-es\/productos\/asp800\/"]}]},{"@type":"ImageObject","inLanguage":"es","@id":"https:\/\/distribution.audio-technica.eu\/es-es\/productos\/asp800\/#primaryimage","url":"\/app\/uploads\/sites\/2\/Audient-ASP800-1.jpg","contentUrl":"\/app\/uploads\/sites\/2\/Audient-ASP800-1.jpg","width":1000,"height":1000},{"@type":"BreadcrumbList","@id":"https:\/\/distribution.audio-technica.eu\/es-es\/productos\/asp800\/#breadcrumb","itemListElement":[{"@type":"ListItem","position":1,"name":"Products","item":"https:\/\/distribution.audio-technica.eu\/es-es\/"},{"@type":"ListItem","position":2,"name":"Productos","item":"https:\/\/distribution.audio-technica.eu\/es-es\/productos\/"},{"@type":"ListItem","position":3,"name":"ASP800"}]},{"@type":"WebSite","@id":"https:\/\/distribution.audio-technica.eu\/es-es\/#website","url":"https:\/\/distribution.audio-technica.eu\/es-es\/","name":"Audio-Technica Iberia","description":"Distribuci\u00f3n","potentialAction":[{"@type":"SearchAction","target":{"@type":"EntryPoint","urlTemplate":"https:\/\/distribution.audio-technica.eu\/es-es\/?s={search_term_string}"},"query-input":{"@type":"PropertyValueSpecification","valueRequired":true,"valueName":"search_term_string"}}],"inLanguage":"es"}]}},"_links":{"self":[{"href":"https:\/\/distribution.audio-technica.eu\/es-es\/wp-json\/wp\/v2\/product\/13691","targetHints":{"allow":["GET"]}}],"collection":[{"href":"https:\/\/distribution.audio-technica.eu\/es-es\/wp-json\/wp\/v2\/product"}],"about":[{"href":"https:\/\/distribution.audio-technica.eu\/es-es\/wp-json\/wp\/v2\/types\/product"}],"wp:featuredmedia":[{"embeddable":true,"href":"https:\/\/distribution.audio-technica.eu\/es-es\/wp-json\/wp\/v2\/media\/10954"}],"wp:attachment":[{"href":"https:\/\/distribution.audio-technica.eu\/es-es\/wp-json\/wp\/v2\/media?parent=13691"}],"wp:term":[{"taxonomy":"product_brand","embeddable":true,"href":"https:\/\/distribution.audio-technica.eu\/es-es\/wp-json\/wp\/v2\/product_brand?post=13691"},{"taxonomy":"product_cat","embeddable":true,"href":"https:\/\/distribution.audio-technica.eu\/es-es\/wp-json\/wp\/v2\/product_cat?post=13691"},{"taxonomy":"product_tag","embeddable":true,"href":"https:\/\/distribution.audio-technica.eu\/es-es\/wp-json\/wp\/v2\/product_tag?post=13691"}],"curies":[{"name":"wp","href":"https:\/\/api.w.org\/{rel}","templated":true}]}}