{"id":13692,"date":"2018-07-12T14:27:59","date_gmt":"2018-07-12T12:27:59","guid":{"rendered":"https:\/\/atdb-production.studiograft.dev\/es\/product\/import-placeholder-for-712\/"},"modified":"2026-02-19T14:32:42","modified_gmt":"2026-02-19T13:32:42","slug":"asp880","status":"publish","type":"product","link":"https:\/\/distribution.audio-technica.eu\/es-es\/productos\/asp880\/","title":{"rendered":"ASP880"},"content":{"rendered":"<h2>ASP880<\/h2>\n<h3>Preamplificador microf\u00f3nico de 8 canales y ADC<\/h3>\n<p>ASP880 es un preamplificador microf\u00f3nico de 8 canales y ADC que permite la realizaci\u00f3n de grabaciones del m\u00e1ximo nivel profesional. Incorpora ocho de preamplificadores microf\u00f3nicos que incorpora la prestigiosa consola de estudio de Audient, y una amplia serie de vers\u00e1tiles prestaciones que incluyen filtro de impedancia variable y filtros pasa altos variables, todo ello en una unidad en formato de 1U de rack.<br \/>\nLos preamplificadores microf\u00f3nicos de Audient, de dise\u00f1o en clase A, proporcionan la misma calidad s\u00f3nica que productos que cuestan tres o cuatro veces m\u00e1s. Desarrollados por el legendario dise\u00f1ador David Dearden, estos preamplificadores son utilizados por miles de estudios profesionales en todo el mundo.<br \/>\nEl ASP880 incorpora los mejores conversores desarrollados por Burr Brown, l\u00edder mundial en el terreno de la conversi\u00f3n. As\u00ed, la unidad no solo ejerce como preamplificador, sino que tambi\u00e9n puede ser utilizada como unidad espec\u00edfica para la conversi\u00f3n. El bot\u00f3n AD hace posible que el ASP880 funcione como preamplificador microf\u00f3nico de 8 canales, al mismo tiempo que se utilizan de forma independiente los conversores, como unidad aut\u00f3noma.<br \/>\nLa unidad tambi\u00e9n ofrece dos entradas DI equipadas con JFET discretos, lo que permite la conexi\u00f3n directa de guitarras o bajos, y permite la inserci\u00f3n de procesadores anal\u00f3gicos (compresi\u00f3n o EQ, por ejemplo) antes de los conversores.<br \/>\nCuando se trabaja con micr\u00f3fonos de cinta, resulta de especial inter\u00e9s la presencia de la Impedancia Variable, que permite acondicionar el comportamiento del previo para que se adapte con toda precisi\u00f3n al micro de cinta utilizado.<br \/>\nLa unidad presenta una construcci\u00f3n totalmente met\u00e1lica e incorpora botones de aluminio.<\/p>\n<ul>\n<li>8 Preamplificadores microf\u00f3nicos, id\u00e9nticos a los de la consola de estudio Audient<\/li>\n<li>2 Entradas para instrumento, en clase A y con JFET discretos<\/li>\n<li>Conversores AD Burr Brown, de la m\u00e1xima calidad<\/li>\n<li>Impedancia de entrada variable<\/li>\n<li>Filtro pasa alto variables<\/li>\n<li>8 Puntos de inserci\u00f3n entre los preamplificadores y los conversores AD<\/li>\n<li>Salidas digitales: ADAT, AES y S\/PDIF<\/li>\n<li>Entrada Word Clock<\/li>\n<li>Construcci\u00f3n totalmente met\u00e1lica<\/li>\n<\/ul>\n","protected":false},"excerpt":{"rendered":"<h3>Preamplificador microf\u00f3nico de 8 canales y ADC<\/h3>\n<ul class=\"summary\">\n<li>8 Preamplificadores microf\u00f3nicos, id\u00e9nticos a los de la mesa Audient<\/li>\n<li>2 Entradas para instrumento, en clase A y con JFET discretos<\/li>\n<li>Conversores AD Burr Brown, de la m\u00e1xima calidad<\/li>\n<li>Impedancia de entrada variable<\/li>\n<\/ul>\n","protected":false},"featured_media":10960,"template":"","meta":{"_acf_changed":false},"product_brand":[],"product_cat":[1315,1313,1314],"product_tag":[],"class_list":{"0":"post-13692","1":"product","2":"type-product","3":"status-publish","4":"has-post-thumbnail","6":"product_cat-previos-de-microfono","7":"product_cat-por-series-audient","8":"product_cat-serie-asp","9":"product_series-serie-asp","11":"first","12":"instock","13":"shipping-taxable","14":"product-type-simple"},"acf":[],"yoast_head":"<!-- This site is optimized with the Yoast SEO plugin v27.1.1 - https:\/\/yoast.com\/product\/yoast-seo-wordpress\/ -->\n<title>ASP880 - Audio-Technica Iberia<\/title>\n<meta name=\"robots\" content=\"index, follow, max-snippet:-1, max-image-preview:large, max-video-preview:-1\" \/>\n<link rel=\"canonical\" href=\"https:\/\/distribution.audio-technica.eu\/es-es\/productos\/asp880\/\" \/>\n<meta property=\"og:locale\" content=\"es_ES\" \/>\n<meta property=\"og:type\" content=\"article\" \/>\n<meta property=\"og:title\" content=\"ASP880 - Audio-Technica Iberia\" \/>\n<meta property=\"og:description\" content=\"Preamplificador microf\u00f3nico de 8 canales y ADC   8 Preamplificadores microf\u00f3nicos, id\u00e9nticos a los de la mesa Audient  2 Entradas para instrumento, en clase A y con JFET discretos  Conversores AD Burr Brown, de la m\u00e1xima calidad  Impedancia de entrada variable\" \/>\n<meta property=\"og:url\" content=\"https:\/\/distribution.audio-technica.eu\/es-es\/productos\/asp880\/\" \/>\n<meta property=\"og:site_name\" content=\"Audio-Technica Iberia\" \/>\n<meta property=\"article:modified_time\" content=\"2026-02-19T13:32:42+00:00\" \/>\n<meta property=\"og:image\" content=\"https:\/\/distribution.audio-technica.eu\/app\/uploads\/sites\/2\/Audient-ASP880-2.jpg\" \/>\n\t<meta property=\"og:image:width\" content=\"1000\" \/>\n\t<meta property=\"og:image:height\" content=\"1000\" \/>\n\t<meta property=\"og:image:type\" content=\"image\/jpeg\" \/>\n<meta name=\"twitter:card\" content=\"summary_large_image\" \/>\n<meta name=\"twitter:label1\" content=\"Tiempo de lectura\" \/>\n\t<meta name=\"twitter:data1\" content=\"2 minutos\" \/>\n<script type=\"application\/ld+json\" class=\"yoast-schema-graph\">{\"@context\":\"https:\/\/schema.org\",\"@graph\":[{\"@type\":\"WebPage\",\"@id\":\"https:\/\/distribution.audio-technica.eu\/es-es\/productos\/asp880\/\",\"url\":\"https:\/\/distribution.audio-technica.eu\/es-es\/productos\/asp880\/\",\"name\":\"ASP880 - Audio-Technica Iberia\",\"isPartOf\":{\"@id\":\"https:\/\/distribution.audio-technica.eu\/es-es\/#website\"},\"primaryImageOfPage\":{\"@id\":\"https:\/\/distribution.audio-technica.eu\/es-es\/productos\/asp880\/#primaryimage\"},\"image\":{\"@id\":\"https:\/\/distribution.audio-technica.eu\/es-es\/productos\/asp880\/#primaryimage\"},\"thumbnailUrl\":\"\/app\/uploads\/sites\/2\/Audient-ASP880-2.jpg\",\"datePublished\":\"2018-07-12T12:27:59+00:00\",\"dateModified\":\"2026-02-19T13:32:42+00:00\",\"breadcrumb\":{\"@id\":\"https:\/\/distribution.audio-technica.eu\/es-es\/productos\/asp880\/#breadcrumb\"},\"inLanguage\":\"es\",\"potentialAction\":[{\"@type\":\"ReadAction\",\"target\":[\"https:\/\/distribution.audio-technica.eu\/es-es\/productos\/asp880\/\"]}]},{\"@type\":\"ImageObject\",\"inLanguage\":\"es\",\"@id\":\"https:\/\/distribution.audio-technica.eu\/es-es\/productos\/asp880\/#primaryimage\",\"url\":\"\/app\/uploads\/sites\/2\/Audient-ASP880-2.jpg\",\"contentUrl\":\"\/app\/uploads\/sites\/2\/Audient-ASP880-2.jpg\",\"width\":1000,\"height\":1000},{\"@type\":\"BreadcrumbList\",\"@id\":\"https:\/\/distribution.audio-technica.eu\/es-es\/productos\/asp880\/#breadcrumb\",\"itemListElement\":[{\"@type\":\"ListItem\",\"position\":1,\"name\":\"Products\",\"item\":\"https:\/\/distribution.audio-technica.eu\/es-es\/\"},{\"@type\":\"ListItem\",\"position\":2,\"name\":\"Productos\",\"item\":\"https:\/\/distribution.audio-technica.eu\/es-es\/productos\/\"},{\"@type\":\"ListItem\",\"position\":3,\"name\":\"ASP880\"}]},{\"@type\":\"WebSite\",\"@id\":\"https:\/\/distribution.audio-technica.eu\/es-es\/#website\",\"url\":\"https:\/\/distribution.audio-technica.eu\/es-es\/\",\"name\":\"Audio-Technica Iberia\",\"description\":\"Distribuci\u00f3n\",\"potentialAction\":[{\"@type\":\"SearchAction\",\"target\":{\"@type\":\"EntryPoint\",\"urlTemplate\":\"https:\/\/distribution.audio-technica.eu\/es-es\/?s={search_term_string}\"},\"query-input\":{\"@type\":\"PropertyValueSpecification\",\"valueRequired\":true,\"valueName\":\"search_term_string\"}}],\"inLanguage\":\"es\"}]}<\/script>\n<!-- \/ Yoast SEO plugin. -->","yoast_head_json":{"title":"ASP880 - Audio-Technica Iberia","robots":{"index":"index","follow":"follow","max-snippet":"max-snippet:-1","max-image-preview":"max-image-preview:large","max-video-preview":"max-video-preview:-1"},"canonical":"https:\/\/distribution.audio-technica.eu\/es-es\/productos\/asp880\/","og_locale":"es_ES","og_type":"article","og_title":"ASP880 - Audio-Technica Iberia","og_description":"Preamplificador microf\u00f3nico de 8 canales y ADC   8 Preamplificadores microf\u00f3nicos, id\u00e9nticos a los de la mesa Audient  2 Entradas para instrumento, en clase A y con JFET discretos  Conversores AD Burr Brown, de la m\u00e1xima calidad  Impedancia de entrada variable","og_url":"https:\/\/distribution.audio-technica.eu\/es-es\/productos\/asp880\/","og_site_name":"Audio-Technica Iberia","article_modified_time":"2026-02-19T13:32:42+00:00","og_image":[{"width":1000,"height":1000,"url":"https:\/\/distribution.audio-technica.eu\/app\/uploads\/sites\/2\/Audient-ASP880-2.jpg","type":"image\/jpeg"}],"twitter_card":"summary_large_image","twitter_misc":{"Tiempo de lectura":"2 minutos"},"schema":{"@context":"https:\/\/schema.org","@graph":[{"@type":"WebPage","@id":"https:\/\/distribution.audio-technica.eu\/es-es\/productos\/asp880\/","url":"https:\/\/distribution.audio-technica.eu\/es-es\/productos\/asp880\/","name":"ASP880 - Audio-Technica Iberia","isPartOf":{"@id":"https:\/\/distribution.audio-technica.eu\/es-es\/#website"},"primaryImageOfPage":{"@id":"https:\/\/distribution.audio-technica.eu\/es-es\/productos\/asp880\/#primaryimage"},"image":{"@id":"https:\/\/distribution.audio-technica.eu\/es-es\/productos\/asp880\/#primaryimage"},"thumbnailUrl":"\/app\/uploads\/sites\/2\/Audient-ASP880-2.jpg","datePublished":"2018-07-12T12:27:59+00:00","dateModified":"2026-02-19T13:32:42+00:00","breadcrumb":{"@id":"https:\/\/distribution.audio-technica.eu\/es-es\/productos\/asp880\/#breadcrumb"},"inLanguage":"es","potentialAction":[{"@type":"ReadAction","target":["https:\/\/distribution.audio-technica.eu\/es-es\/productos\/asp880\/"]}]},{"@type":"ImageObject","inLanguage":"es","@id":"https:\/\/distribution.audio-technica.eu\/es-es\/productos\/asp880\/#primaryimage","url":"\/app\/uploads\/sites\/2\/Audient-ASP880-2.jpg","contentUrl":"\/app\/uploads\/sites\/2\/Audient-ASP880-2.jpg","width":1000,"height":1000},{"@type":"BreadcrumbList","@id":"https:\/\/distribution.audio-technica.eu\/es-es\/productos\/asp880\/#breadcrumb","itemListElement":[{"@type":"ListItem","position":1,"name":"Products","item":"https:\/\/distribution.audio-technica.eu\/es-es\/"},{"@type":"ListItem","position":2,"name":"Productos","item":"https:\/\/distribution.audio-technica.eu\/es-es\/productos\/"},{"@type":"ListItem","position":3,"name":"ASP880"}]},{"@type":"WebSite","@id":"https:\/\/distribution.audio-technica.eu\/es-es\/#website","url":"https:\/\/distribution.audio-technica.eu\/es-es\/","name":"Audio-Technica Iberia","description":"Distribuci\u00f3n","potentialAction":[{"@type":"SearchAction","target":{"@type":"EntryPoint","urlTemplate":"https:\/\/distribution.audio-technica.eu\/es-es\/?s={search_term_string}"},"query-input":{"@type":"PropertyValueSpecification","valueRequired":true,"valueName":"search_term_string"}}],"inLanguage":"es"}]}},"_links":{"self":[{"href":"https:\/\/distribution.audio-technica.eu\/es-es\/wp-json\/wp\/v2\/product\/13692","targetHints":{"allow":["GET"]}}],"collection":[{"href":"https:\/\/distribution.audio-technica.eu\/es-es\/wp-json\/wp\/v2\/product"}],"about":[{"href":"https:\/\/distribution.audio-technica.eu\/es-es\/wp-json\/wp\/v2\/types\/product"}],"wp:featuredmedia":[{"embeddable":true,"href":"https:\/\/distribution.audio-technica.eu\/es-es\/wp-json\/wp\/v2\/media\/10960"}],"wp:attachment":[{"href":"https:\/\/distribution.audio-technica.eu\/es-es\/wp-json\/wp\/v2\/media?parent=13692"}],"wp:term":[{"taxonomy":"product_brand","embeddable":true,"href":"https:\/\/distribution.audio-technica.eu\/es-es\/wp-json\/wp\/v2\/product_brand?post=13692"},{"taxonomy":"product_cat","embeddable":true,"href":"https:\/\/distribution.audio-technica.eu\/es-es\/wp-json\/wp\/v2\/product_cat?post=13692"},{"taxonomy":"product_tag","embeddable":true,"href":"https:\/\/distribution.audio-technica.eu\/es-es\/wp-json\/wp\/v2\/product_tag?post=13692"}],"curies":[{"name":"wp","href":"https:\/\/api.w.org\/{rel}","templated":true}]}}