{"id":13697,"date":"2018-07-12T14:28:00","date_gmt":"2018-07-12T12:28:00","guid":{"rendered":"https:\/\/atdb-production.studiograft.dev\/es\/product\/import-placeholder-for-717\/"},"modified":"2025-06-19T15:35:20","modified_gmt":"2025-06-19T13:35:20","slug":"ab168","status":"publish","type":"product","link":"https:\/\/distribution.audio-technica.eu\/es-es\/productos\/ab168\/","title":{"rendered":"AB168"},"content":{"rendered":"<h2>AB168<\/h2>\n<h3>AudioRack port\u00e1til con 16 entradas XLR \/ 8 salidas XLR<\/h3>\n<p>AB168 es una unidad AudioRack remota y port\u00e1til destinada a ser utilizada con las consolas digitales de las series GLD y Qu de Allen &amp; Heath, tanto en sonorizaciones en directo como en instalaciones fijas.<br \/>\nEquipado con 16 preamplificadores microf\u00f3nicos con indicadores de alimentaci\u00f3n phantom, y 8 salidas de l\u00ednea a trav\u00e9s de conectores XLR, AB168 trabaja con el protocolo dSNAKE exclusivo de Allen &amp; Heath, y es compatible tanto con las consolas de la serie Qu como con las de la serie GLD.<br \/>\nA\u00f1adiendo una unidad AB168 a un sistema Qu o GLD se consigue que algunas o todas las entradas y salidas puedan ser posicionadas a una distancia de hasta 120 metros del mezclador.<br \/>\nLa unidad se conecta al mezclador Qu\/GLD o a una unidad AudioRack AR2412 por medio de un \u00fanico cable Cat5 y un puerto EtherCon dSNAKE. Se ha previsto un segundo puerto EtherCon para permitir la conexi\u00f3n en serie con otra unidad AB168 o para la conexi\u00f3n a un sistema de mezcla personal ME.<br \/>\nLa unidad AB168 actualiza autom\u00e1ticamente su firmware para sincronizarse con el sistema.<br \/>\nEl robusto dise\u00f1o de esta unidad, que incluye tambi\u00e9n s\u00f3lidas patas de goma, ha sido concebido para que pueda afrontar de forma fiable las giras y pueda ser colocado en el escenario durante las actuaciones. Con un peso de tan solo 4.8 kg y unas s\u00f3lidas asas de transporte, est\u00e1 garantizada su facilidad de transporte. Tambi\u00e9n est\u00e1 disponible un kit opcional para su montaje en rack.<\/p>\n<ul>\n<li>16 Preamplificadores microf\u00f3nicos a trav\u00e9s de XLR<\/li>\n<li>Compatible con GLD y Qu<\/li>\n<li>LED de alimentaci\u00f3n phantom para cada entrada<\/li>\n<li>8 Salidas de l\u00ednea a trav\u00e9s de XLR<\/li>\n<li>Conexi\u00f3n dSNAKE con puerto Ethercon con enclavamiento<\/li>\n<li>Puerto Ethercon adicional para conexi\u00f3n en serie o conexi\u00f3n a sistema de monitorizaci\u00f3n personal ME<\/li>\n<li>Patas de goma<\/li>\n<li>Asas de transporte<\/li>\n<li>Disponible kit opcional para montaje en rack<\/li>\n<\/ul>\n","protected":false},"excerpt":{"rendered":"<h3>AudioRack port\u00e1til con 16 entradas XLR \/ 8 salidas XLR<\/h3>\n<ul class=\"summary\">\n<li>16 Preamplificadores microf\u00f3nicos a trav\u00e9s de XLR<\/li>\n<li>8 Salidas de l\u00ednea a trav\u00e9s de XLR<\/li>\n<li>Compatible con GLD y Qu<\/li>\n<li>Conexi\u00f3n dSNAKE con puerto Ethercon con enclavamiento<\/li>\n<li>Asas de transporte<\/li>\n<\/ul>\n","protected":false},"featured_media":9372,"template":"","meta":{"_acf_changed":false},"product_brand":[],"product_cat":[1493,1494,1490,1492],"product_tag":[],"class_list":{"0":"post-13697","1":"product","2":"type-product","3":"status-publish","4":"has-post-thumbnail","6":"product_cat-mesas-de-mezclas-allen-heath","7":"product_cat-mesas-de-mezclas-para-directo-mesas-de-mezclas-allen-heath","8":"product_cat-por-series-allen-heath","9":"product_cat-serie-qu","10":"product_series-serie-qu","12":"first","13":"instock","14":"shipping-taxable","15":"product-type-simple"},"acf":[],"yoast_head":"<!-- This site is optimized with the Yoast SEO plugin v27.1.1 - https:\/\/yoast.com\/product\/yoast-seo-wordpress\/ -->\n<title>AB168 - Audio-Technica Iberia<\/title>\n<meta name=\"robots\" content=\"index, follow, max-snippet:-1, max-image-preview:large, max-video-preview:-1\" \/>\n<link rel=\"canonical\" href=\"https:\/\/distribution.audio-technica.eu\/es-es\/productos\/ab168\/\" \/>\n<meta property=\"og:locale\" content=\"es_ES\" \/>\n<meta property=\"og:type\" content=\"article\" \/>\n<meta property=\"og:title\" content=\"AB168 - Audio-Technica Iberia\" \/>\n<meta property=\"og:description\" content=\"AudioRack port\u00e1til con 16 entradas XLR \/ 8 salidas XLR   16 Preamplificadores microf\u00f3nicos a trav\u00e9s de XLR  8 Salidas de l\u00ednea a trav\u00e9s de XLR  Compatible con GLD y Qu  Conexi\u00f3n dSNAKE con puerto Ethercon con enclavamiento  Asas de transporte\" \/>\n<meta property=\"og:url\" content=\"https:\/\/distribution.audio-technica.eu\/es-es\/productos\/ab168\/\" \/>\n<meta property=\"og:site_name\" content=\"Audio-Technica Iberia\" \/>\n<meta property=\"article:modified_time\" content=\"2025-06-19T13:35:20+00:00\" \/>\n<meta property=\"og:image\" content=\"https:\/\/distribution.audio-technica.eu\/app\/uploads\/sites\/2\/Allen-Heath-AB168-1.jpg\" \/>\n\t<meta property=\"og:image:width\" content=\"1000\" \/>\n\t<meta property=\"og:image:height\" content=\"1000\" \/>\n\t<meta property=\"og:image:type\" content=\"image\/jpeg\" \/>\n<meta name=\"twitter:card\" content=\"summary_large_image\" \/>\n<meta name=\"twitter:label1\" content=\"Tiempo de lectura\" \/>\n\t<meta name=\"twitter:data1\" content=\"2 minutos\" \/>\n<script type=\"application\/ld+json\" class=\"yoast-schema-graph\">{\"@context\":\"https:\/\/schema.org\",\"@graph\":[{\"@type\":\"WebPage\",\"@id\":\"https:\/\/distribution.audio-technica.eu\/es-es\/productos\/ab168\/\",\"url\":\"https:\/\/distribution.audio-technica.eu\/es-es\/productos\/ab168\/\",\"name\":\"AB168 - Audio-Technica Iberia\",\"isPartOf\":{\"@id\":\"https:\/\/distribution.audio-technica.eu\/es-es\/#website\"},\"primaryImageOfPage\":{\"@id\":\"https:\/\/distribution.audio-technica.eu\/es-es\/productos\/ab168\/#primaryimage\"},\"image\":{\"@id\":\"https:\/\/distribution.audio-technica.eu\/es-es\/productos\/ab168\/#primaryimage\"},\"thumbnailUrl\":\"\/app\/uploads\/sites\/2\/Allen-Heath-AB168-1.jpg\",\"datePublished\":\"2018-07-12T12:28:00+00:00\",\"dateModified\":\"2025-06-19T13:35:20+00:00\",\"breadcrumb\":{\"@id\":\"https:\/\/distribution.audio-technica.eu\/es-es\/productos\/ab168\/#breadcrumb\"},\"inLanguage\":\"es\",\"potentialAction\":[{\"@type\":\"ReadAction\",\"target\":[\"https:\/\/distribution.audio-technica.eu\/es-es\/productos\/ab168\/\"]}]},{\"@type\":\"ImageObject\",\"inLanguage\":\"es\",\"@id\":\"https:\/\/distribution.audio-technica.eu\/es-es\/productos\/ab168\/#primaryimage\",\"url\":\"\/app\/uploads\/sites\/2\/Allen-Heath-AB168-1.jpg\",\"contentUrl\":\"\/app\/uploads\/sites\/2\/Allen-Heath-AB168-1.jpg\",\"width\":1000,\"height\":1000},{\"@type\":\"BreadcrumbList\",\"@id\":\"https:\/\/distribution.audio-technica.eu\/es-es\/productos\/ab168\/#breadcrumb\",\"itemListElement\":[{\"@type\":\"ListItem\",\"position\":1,\"name\":\"Products\",\"item\":\"https:\/\/distribution.audio-technica.eu\/es-es\/\"},{\"@type\":\"ListItem\",\"position\":2,\"name\":\"Productos\",\"item\":\"https:\/\/distribution.audio-technica.eu\/es-es\/productos\/\"},{\"@type\":\"ListItem\",\"position\":3,\"name\":\"AB168\"}]},{\"@type\":\"WebSite\",\"@id\":\"https:\/\/distribution.audio-technica.eu\/es-es\/#website\",\"url\":\"https:\/\/distribution.audio-technica.eu\/es-es\/\",\"name\":\"Audio-Technica Iberia\",\"description\":\"Distribuci\u00f3n\",\"potentialAction\":[{\"@type\":\"SearchAction\",\"target\":{\"@type\":\"EntryPoint\",\"urlTemplate\":\"https:\/\/distribution.audio-technica.eu\/es-es\/?s={search_term_string}\"},\"query-input\":{\"@type\":\"PropertyValueSpecification\",\"valueRequired\":true,\"valueName\":\"search_term_string\"}}],\"inLanguage\":\"es\"}]}<\/script>\n<!-- \/ Yoast SEO plugin. -->","yoast_head_json":{"title":"AB168 - Audio-Technica Iberia","robots":{"index":"index","follow":"follow","max-snippet":"max-snippet:-1","max-image-preview":"max-image-preview:large","max-video-preview":"max-video-preview:-1"},"canonical":"https:\/\/distribution.audio-technica.eu\/es-es\/productos\/ab168\/","og_locale":"es_ES","og_type":"article","og_title":"AB168 - Audio-Technica Iberia","og_description":"AudioRack port\u00e1til con 16 entradas XLR \/ 8 salidas XLR   16 Preamplificadores microf\u00f3nicos a trav\u00e9s de XLR  8 Salidas de l\u00ednea a trav\u00e9s de XLR  Compatible con GLD y Qu  Conexi\u00f3n dSNAKE con puerto Ethercon con enclavamiento  Asas de transporte","og_url":"https:\/\/distribution.audio-technica.eu\/es-es\/productos\/ab168\/","og_site_name":"Audio-Technica Iberia","article_modified_time":"2025-06-19T13:35:20+00:00","og_image":[{"width":1000,"height":1000,"url":"https:\/\/distribution.audio-technica.eu\/app\/uploads\/sites\/2\/Allen-Heath-AB168-1.jpg","type":"image\/jpeg"}],"twitter_card":"summary_large_image","twitter_misc":{"Tiempo de lectura":"2 minutos"},"schema":{"@context":"https:\/\/schema.org","@graph":[{"@type":"WebPage","@id":"https:\/\/distribution.audio-technica.eu\/es-es\/productos\/ab168\/","url":"https:\/\/distribution.audio-technica.eu\/es-es\/productos\/ab168\/","name":"AB168 - Audio-Technica Iberia","isPartOf":{"@id":"https:\/\/distribution.audio-technica.eu\/es-es\/#website"},"primaryImageOfPage":{"@id":"https:\/\/distribution.audio-technica.eu\/es-es\/productos\/ab168\/#primaryimage"},"image":{"@id":"https:\/\/distribution.audio-technica.eu\/es-es\/productos\/ab168\/#primaryimage"},"thumbnailUrl":"\/app\/uploads\/sites\/2\/Allen-Heath-AB168-1.jpg","datePublished":"2018-07-12T12:28:00+00:00","dateModified":"2025-06-19T13:35:20+00:00","breadcrumb":{"@id":"https:\/\/distribution.audio-technica.eu\/es-es\/productos\/ab168\/#breadcrumb"},"inLanguage":"es","potentialAction":[{"@type":"ReadAction","target":["https:\/\/distribution.audio-technica.eu\/es-es\/productos\/ab168\/"]}]},{"@type":"ImageObject","inLanguage":"es","@id":"https:\/\/distribution.audio-technica.eu\/es-es\/productos\/ab168\/#primaryimage","url":"\/app\/uploads\/sites\/2\/Allen-Heath-AB168-1.jpg","contentUrl":"\/app\/uploads\/sites\/2\/Allen-Heath-AB168-1.jpg","width":1000,"height":1000},{"@type":"BreadcrumbList","@id":"https:\/\/distribution.audio-technica.eu\/es-es\/productos\/ab168\/#breadcrumb","itemListElement":[{"@type":"ListItem","position":1,"name":"Products","item":"https:\/\/distribution.audio-technica.eu\/es-es\/"},{"@type":"ListItem","position":2,"name":"Productos","item":"https:\/\/distribution.audio-technica.eu\/es-es\/productos\/"},{"@type":"ListItem","position":3,"name":"AB168"}]},{"@type":"WebSite","@id":"https:\/\/distribution.audio-technica.eu\/es-es\/#website","url":"https:\/\/distribution.audio-technica.eu\/es-es\/","name":"Audio-Technica Iberia","description":"Distribuci\u00f3n","potentialAction":[{"@type":"SearchAction","target":{"@type":"EntryPoint","urlTemplate":"https:\/\/distribution.audio-technica.eu\/es-es\/?s={search_term_string}"},"query-input":{"@type":"PropertyValueSpecification","valueRequired":true,"valueName":"search_term_string"}}],"inLanguage":"es"}]}},"_links":{"self":[{"href":"https:\/\/distribution.audio-technica.eu\/es-es\/wp-json\/wp\/v2\/product\/13697","targetHints":{"allow":["GET"]}}],"collection":[{"href":"https:\/\/distribution.audio-technica.eu\/es-es\/wp-json\/wp\/v2\/product"}],"about":[{"href":"https:\/\/distribution.audio-technica.eu\/es-es\/wp-json\/wp\/v2\/types\/product"}],"wp:featuredmedia":[{"embeddable":true,"href":"https:\/\/distribution.audio-technica.eu\/es-es\/wp-json\/wp\/v2\/media\/9372"}],"wp:attachment":[{"href":"https:\/\/distribution.audio-technica.eu\/es-es\/wp-json\/wp\/v2\/media?parent=13697"}],"wp:term":[{"taxonomy":"product_brand","embeddable":true,"href":"https:\/\/distribution.audio-technica.eu\/es-es\/wp-json\/wp\/v2\/product_brand?post=13697"},{"taxonomy":"product_cat","embeddable":true,"href":"https:\/\/distribution.audio-technica.eu\/es-es\/wp-json\/wp\/v2\/product_cat?post=13697"},{"taxonomy":"product_tag","embeddable":true,"href":"https:\/\/distribution.audio-technica.eu\/es-es\/wp-json\/wp\/v2\/product_tag?post=13697"}],"curies":[{"name":"wp","href":"https:\/\/api.w.org\/{rel}","templated":true}]}}