{"id":13702,"date":"2018-07-12T14:28:01","date_gmt":"2018-07-12T12:28:01","guid":{"rendered":"https:\/\/atdb-production.studiograft.dev\/es\/product\/import-placeholder-for-722\/"},"modified":"2023-07-13T13:30:40","modified_gmt":"2023-07-13T11:30:40","slug":"dlive-s5000","status":"publish","type":"product","link":"https:\/\/distribution.audio-technica.eu\/es-es\/productos\/dlive-s5000\/","title":{"rendered":"dLive S5000"},"content":{"rendered":"<h2>dLive S5000<\/h2>\n<h3>Superfice de control de 28faders para sistema de mezcla digital dLiveS Class<\/h3>\n<p>dLive es la nueva generaci\u00f3n de sistemas digitales de mezcla, que proporciona una arquitectura ultra flexible, un potente n\u00facleo de procesado FPGA, una gran variedad de opciones de control, ampliaci\u00f3n y conexi\u00f3n en red, y el intuitivo interface de usuario Harmony, que incluye control gestual, convirti\u00e9ndola en la mejor opci\u00f3n para aplicaciones que van desde las giras y festivales del m\u00e1ximo nivel profesional hasta la instalaci\u00f3n en recintos para eventos en directo.<\/p>\n<p>dLive cuenta con un dise\u00f1o de tipo distribuido, en el que la superficie de control y el rack de mezcla (MixRack) est\u00e1n separados. El cerebro de procesado de dLive se encuentra alojado en el MixRack, disponible en tres formatos (DM32, DM48 y DM64); tambi\u00e9n est\u00e1n disponibles tres superficies de control. Todos los MixRack y superficies de control son compatibles entre s\u00ed, y pueden compartir archivos de configuraci\u00f3n, ajuste y show. Todos los MixRacks incorporan el mismo motor de procesado, desarrollado por el equipo de I D de Allen &amp; Heath utilizando la tecnolog\u00eda FPGA m\u00e1s reciente.<\/p>\n<p>La potencia de dLive emana de su n\u00facleo XCVI, dise\u00f1ado por el equipo de I D de Allen &amp; Heath utilizando la tecnolog\u00eda FPGA m\u00e1s avanzada, con 36 n\u00facleos de procesado virtual en paralelo, que genera suficiente potencia para procesar 160&#215;64 canales con frecuencia de muestreo de 96 kHz. Los seis motores de mezcla en paralelo situados en el n\u00facleo calculan m\u00e1s de 10.000 puntos de cruce por muestra, mientras que el router FPGA ofrece capacidad para 3000 x 3000 rutas de audio. La enorme potencia de XCVI (25 billones de operaciones por segundo) hace posible que dLive sea capaz de entregar 128 entradas totalmente procesadas y 16 retornos est\u00e9reo de FX, una arquitectura de 64 buses configurables, profundidad de bit variable para conseguir la m\u00e1xima precisi\u00f3n y el mejor comportamiento frente al ruido, un techo de mezcla virtualmente infinito gracias a su acumulador de 96 bit, y una latencia excepcionalmente baja, de tan solo 0,58 ms.<\/p>\n<p>La filosof\u00eda de procesado DEEP combina una calidad de audio pr\u00edstina y una amplia variedad de plug ins que ofrecen la comodidad, coherencia en fase y baja latencia propias del procesado incorporado. Es bien sabido que A&amp;H ha empleado muchos esfuerzos para conseguir excelentes emulaciones digitales de los procesadores anal\u00f3gicos m\u00e1s m\u00edticos. La gama de plug ins y algoritmos desarrollados para las series iLive y GLD incluye FX, EQs gr\u00e1ficos, compresores, compresores multibanda, EQs din\u00e1micos y mucho m\u00e1s. Por demanda popular, todos ellos han sido trasladados al sistema dLive. Gracias a la potencia que ofrece el n\u00facleo XCVI, ha sido posible incluso llevarlos m\u00e1s all\u00e1, creando kernels DSP enormemente potentes dentro de FPGA, lo que permite integrar el procesado DEEP en cada canal de entrada o de procesado de mezcla. Esto proporciona acceso a una amplia paleta de modelos de compresores y EQs que pueden ser insertados sobre la marcha, sin ocupar slots de FX y sin los problemas de configuraci\u00f3n, latencia y licencias asociados a los plug ins externos.<\/p>\n<p>dLive es mucho m\u00e1s que un mezclador. Es una especie de \u2018ecosistema\u2019 totalmente desarrollado, que ofrece m\u00e1s de 800 entradas y 800 salidas de sistema. El MixRack aloja el n\u00facleo XCVI y es el cerebro del sistema dLive. Este cerebro est\u00e1 soportado por superficies de control, apps, software, control TCP\/IP e IP remotas, todas ellas proporcionando diferentes m\u00e9todos de control del mezclador. Hasta cinco puertos de 128 canales de E\/S para una amplia variedad de tarjetas de audio en red, incluyendo los protocolos digitales m\u00e1s importantes, las ampliaciones modulares de E\/S DX32 y la total compatibilidad con el sistema de mezcla personal ME, ampl\u00edan enormemente las capacidades de todo el sistema. Esta enorme cantidad de posibilidades de control y ampliaci\u00f3n hacen que esa estructura tan flexible haga posible que el sistema se pueda enfrentar a cualquier reto.<\/p>\n<p>Mientras que muchas consolas digitales intentan recrear la experiencia de utilizar un mezclador anal\u00f3gico, dLive es totalmente nativa digital, sacando provecho al hecho de que todo el mundo est\u00e1 totalmente familiarizado con los omnipresentes smartphones y tabletas que todo el mundo utiliza habitualmente. La pantalla t\u00e1ctil capacitiva (una o dos pantallas seg\u00fan el modelo) de 12&#8243; que incorpora dLive ofrecen una respuesta totalmente familiar, con un aut\u00e9ntico control gestual multi tacto al estilo de un tablet respondiendo a cada \u2018pellizco\u2019, arrastre o drag &amp; drop, tal como es de esperar en un dispositivo avanzado. Tambi\u00e9n pueden ser configuradas en las pantallas \u00e1reas \u2018widget\u2019 a medida que permiten hacer un seguimiento de escenas, medidores, FX y otros controles personalizados. La pantalla est\u00e1 enmarcada por un conjunto de controles rotativos que siguen el esquema un bot\u00f3n \/ una funci\u00f3n, permitiendo la creatividad e inmediatez del control t\u00e1ctil sobre las funciones clave del procesado, trabajando en armon\u00eda con la informaci\u00f3n mostrada en la pantalla. Se han hecho grandes esfuerzos para optimizar al m\u00e1ximo su precisi\u00f3n, y disponen de iluminaci\u00f3n RGB, con colores mapeados a funciones para ofrecer una orientaci\u00f3n visual instant\u00e1nea.<\/p>\n<p>La configuraci\u00f3n de dLive es totalmente personalizable, permitiendo que el usuario pueda crear un interface de mezcla que encaje plenamente con su mapa mental para el show. Cada una de las entradas o mezclas puede ser asignada a cualquier banco y\/o capa; las tiras de identificaci\u00f3n virtuales permiten asignar claramente nombres y colores para facilitar la navegaci\u00f3n, y el ingeniero cuenta con no menos de 26 SoftKeys asignables a su disposici\u00f3n, adem\u00e1s de 3 p\u00e1ginas de 6 controles rotativos por pantalla.<\/p>\n<p>Todas las consolas dLive han sido dise\u00f1adas para ofrecer un \u00f3ptimo balance entre robustez y peso, utilizando metal de grado superior en los laterales y acero plegado en los puntos clave para a\u00f1adir rigidez.<\/p>\n<p>Todas las consolas, MixRack y ampliaciones disponen de entrada de alimentaci\u00f3n redundante; adem\u00e1s, toda la gama utiliza la misma robusta fuente de alimentaci\u00f3n, intercambiable en caliente.<\/p>\n<p>La doble redundancia tambi\u00e9n est\u00e1 presente en todas las conexiones de audio del Sistema. Tambi\u00e9n se ha prestado especial atenci\u00f3n a la iluminaci\u00f3n de la consola, y se ha puesto mucho esfuerzo en asegurar que la visibilidad en el exterior, a pleno d\u00eda, sea excelente, contrariamente a lo que ocurre con otras consolas digitales, que son pr\u00e1cticamente inutilizables en esas condiciones.<\/p>\n<ul>\n<li>Sistema distribuido con MixRack y superficie de control separados, pueden combinarse a voluntad<\/li>\n<li>Rack modular de ampliaci\u00f3n DX32 para una flexible E\/S<\/li>\n<li>Procesado DEEP: potentes plug ins incrustados, que incluyen modelado de EQs gr\u00e1ficos y compresores<\/li>\n<li>Construida para soportar giras profesionales<\/li>\n<li>Fuente de alimentaci\u00f3n redundante intercambiable en caliente, com\u00fan a toda la gama<\/li>\n<li>Conexiones redundantes<\/li>\n<li>Hasta 814 entradas y 824 salidas en el sistema<\/li>\n<li>5 tarjetas opcionales de conexi\u00f3n a red de audio, incluyendo Dante, Waves SG, ACE, MADI<\/li>\n<li>Compatible con el Sistema de monitorizaci\u00f3n personal ME<\/li>\n<\/ul>\n<h3>dLive MixRacks<\/h3>\n<ul>\n<li>3 tama\u00f1os disponibles (32, 48 o 64 entradas micro)<\/li>\n<li>XCVI 160&#215;64 FPGA core<\/li>\n<li>Frecuencia de muestreo de 96kHz<\/li>\n<li>Profundidad de bit variable para conseguir la m\u00e1xima precisi\u00f3n y el mejor comportamiento frente al ruido<\/li>\n<li>Techo de mezcla virtualmente infinito, gracias a su acumulador de 96bit<\/li>\n<li>Latencia extraordinariamente baja de &amp;lt; 0.6ms<\/li>\n<li>128 canales de entrada con procesado completo<\/li>\n<li>64 salidas de mezcla con procesado completo<\/li>\n<li>Arquitectura configurable de 64 bus (grupo, FX, aux, matriz, principal)<\/li>\n<li>Modos LR, LCR y hasta 5.1<\/li>\n<li>16 RackFX con retornos est\u00e9reo espec\u00edficos<\/li>\n<li>Multiple PFLs<\/li>\n<li>24 DCAs<\/li>\n<li>Generador de se\u00f1al incorporado, RTA y espectrograma<\/li>\n<li>Preamplificadores de Nuevo dise\u00f1o para ofrecer mayor transparencia<\/li>\n<li>Exclusivo circuito Active PAD para un rendimiento constante con cualquier fuente<\/li>\n<li>Hub de conexi\u00f3n<\/li>\n<li>Dual enlace redundante GigaACE con la superficie<\/li>\n<li>2x enlaces redundantes DX para ampliaci\u00f3n de E\/S<\/li>\n<li>3x puertos E\/S &#8211; 128 canales 96 kHz cada uno<\/li>\n<li>Puerto exclusivo ME-1 48kHz<\/li>\n<li>2x puertos de red<\/li>\n<li>E\/S Wordclock a trav\u00e9s de BNC<\/li>\n<li>Fuente de alimentaci\u00f3n doble redundante, intercambiable en caliente<\/li>\n<li>Panel frontal ordenado, con ventilador ultra silencioso<\/li>\n<li>Dise\u00f1o con orejas de rack reversibles<\/li>\n<\/ul>\n<h3>Superficies dLive<\/h3>\n<ul>\n<li>3 tama\u00f1os a escoger (20, 28 o 36 faders)<\/li>\n<li>Configuraci\u00f3n totalmente asignable, hasta 216 fader strips<\/li>\n<li>Interface de usuario Harmony que integra pantalla y controles adyacentes<\/li>\n<li>Una o dos pantallas t\u00e1ctiles capacitivas de 12&#8242;<\/li>\n<li>Control gestual &#8211; pellizcar, deslizar y drag \u2018n drop<\/li>\n<li>Exclusiva visualizaci\u00f3n EQ multimodo<\/li>\n<li>\u00c1reas configurables para widgets, para escenas, medidores, FX y otros<\/li>\n<li>3 p\u00e1ginas de 6 controles rotativos asignables por pantalla<\/li>\n<li>26 SoftKeys asignables<\/li>\n<li>Fader strips para cu\u00f1a e IEM del ingeniero<\/li>\n<li>Extensa medici\u00f3n multipunto<\/li>\n<li>Visibilidad a plena luz del d\u00eda<\/li>\n<li>Grabaci\u00f3n y reproducci\u00f3n USB est\u00e9reo<\/li>\n<li>8 entradas micro\/l\u00ednea a trav\u00e9s de XLR, 8 salidas de l\u00ednea a trav\u00e9s de XLR<\/li>\n<li>2 entradas digitales est\u00e9reo AES3, 3 salidas digitales est\u00e9reo AES3<\/li>\n<li>Hub de conexi\u00f3n<\/li>\n<li>Enlace doble redundante GigaACE con MixRack<\/li>\n<li>1x enlace redundante DX para ampliaci\u00f3n de E\/S<\/li>\n<li>2x puertos E\/S &#8211; 128 canales 96 kHz cada uno<\/li>\n<li>2x puertos de red<\/li>\n<li>E\/S Wordclock a trav\u00e9s de BNC<\/li>\n<li>Salida v\u00eddeo<\/li>\n<li>Fuente de alimentaci\u00f3n doble redundante, intercambiable en caliente<\/li>\n<\/ul>\n<h3>Control<\/h3>\n<ul>\n<li>Control en red cableado o inal\u00e1mbrico<\/li>\n<li>Software editor para edici\u00f3n on line y off line desde un PC\/Mac<\/li>\n<li>Apps dLive MixPad y OneMix<\/li>\n<li>Gama IP para controladores remotos PoE<\/li>\n<li>Protocolo TCP\/IP para integraci\u00f3n de terceros<\/li>\n<li>Amplios permisos y perfiles para usuarios<\/li>\n<li>Amplia gesti\u00f3n de Escenas con Cue List, actualizaci\u00f3n m\u00faltiple de escenas, Crossfades, recuperaci\u00f3n de filtros, recuperaci\u00f3n de incrustados, Auto Store, Recall Undo<\/li>\n<\/ul>\n","protected":false},"excerpt":{"rendered":"<h3>Superfice de control de 28 faders para sistema de mezcla digital dLive S Class<\/h3>\n<ul class=\"summary\">\n<li>Sistema distribuido con MixRack y superficie de control separados<\/li>\n<li>Procesado DEEP: potentes plug ins incrustados<\/li>\n<li>Hasta 814 entradas y 824 salidas en el sistema<\/li>\n<\/ul>\n","protected":false},"featured_media":9381,"template":"","meta":{"_acf_changed":false},"product_brand":[],"product_cat":[1493,1494,1490,1495],"product_tag":[],"class_list":{"0":"post-13702","1":"product","2":"type-product","3":"status-publish","4":"has-post-thumbnail","6":"product_cat-mesas-de-mezclas-allen-heath","7":"product_cat-mesas-de-mezclas-para-directo-mesas-de-mezclas-allen-heath","8":"product_cat-por-series-allen-heath","9":"product_cat-serie-dlive-s-class","10":"product_series-serie-dlive-s-class","12":"first","13":"instock","14":"shipping-taxable","15":"product-type-simple"},"acf":[],"yoast_head":"<!-- This site is optimized with the Yoast SEO plugin v27.1.1 - https:\/\/yoast.com\/product\/yoast-seo-wordpress\/ -->\n<title>dLive S5000 - Audio-Technica Iberia<\/title>\n<meta name=\"robots\" content=\"index, follow, max-snippet:-1, max-image-preview:large, max-video-preview:-1\" \/>\n<link rel=\"canonical\" href=\"https:\/\/distribution.audio-technica.eu\/es-es\/productos\/dlive-s5000\/\" \/>\n<meta property=\"og:locale\" content=\"es_ES\" \/>\n<meta property=\"og:type\" content=\"article\" \/>\n<meta property=\"og:title\" content=\"dLive S5000 - Audio-Technica Iberia\" \/>\n<meta property=\"og:description\" content=\"Superfice de control de 28 faders para sistema de mezcla digital dLive S Class  Sistema distribuido con MixRack y superficie de control separados  Procesado DEEP: potentes plug ins incrustados  Hasta 814 entradas y 824 salidas en el sistema\" \/>\n<meta property=\"og:url\" content=\"https:\/\/distribution.audio-technica.eu\/es-es\/productos\/dlive-s5000\/\" \/>\n<meta property=\"og:site_name\" content=\"Audio-Technica Iberia\" \/>\n<meta property=\"article:modified_time\" content=\"2023-07-13T11:30:40+00:00\" \/>\n<meta property=\"og:image\" content=\"https:\/\/distribution.audio-technica.eu\/app\/uploads\/sites\/2\/Allen-Heath-dLive-S5000-1.jpg\" \/>\n\t<meta property=\"og:image:width\" content=\"1000\" \/>\n\t<meta property=\"og:image:height\" content=\"1000\" \/>\n\t<meta property=\"og:image:type\" content=\"image\/jpeg\" \/>\n<meta name=\"twitter:card\" content=\"summary_large_image\" \/>\n<meta name=\"twitter:label1\" content=\"Tiempo de lectura\" \/>\n\t<meta name=\"twitter:data1\" content=\"8 minutos\" \/>\n<script type=\"application\/ld+json\" class=\"yoast-schema-graph\">{\"@context\":\"https:\/\/schema.org\",\"@graph\":[{\"@type\":\"WebPage\",\"@id\":\"https:\/\/distribution.audio-technica.eu\/es-es\/productos\/dlive-s5000\/\",\"url\":\"https:\/\/distribution.audio-technica.eu\/es-es\/productos\/dlive-s5000\/\",\"name\":\"dLive S5000 - Audio-Technica Iberia\",\"isPartOf\":{\"@id\":\"https:\/\/distribution.audio-technica.eu\/es-es\/#website\"},\"primaryImageOfPage\":{\"@id\":\"https:\/\/distribution.audio-technica.eu\/es-es\/productos\/dlive-s5000\/#primaryimage\"},\"image\":{\"@id\":\"https:\/\/distribution.audio-technica.eu\/es-es\/productos\/dlive-s5000\/#primaryimage\"},\"thumbnailUrl\":\"\/app\/uploads\/sites\/2\/Allen-Heath-dLive-S5000-1.jpg\",\"datePublished\":\"2018-07-12T12:28:01+00:00\",\"dateModified\":\"2023-07-13T11:30:40+00:00\",\"breadcrumb\":{\"@id\":\"https:\/\/distribution.audio-technica.eu\/es-es\/productos\/dlive-s5000\/#breadcrumb\"},\"inLanguage\":\"es\",\"potentialAction\":[{\"@type\":\"ReadAction\",\"target\":[\"https:\/\/distribution.audio-technica.eu\/es-es\/productos\/dlive-s5000\/\"]}]},{\"@type\":\"ImageObject\",\"inLanguage\":\"es\",\"@id\":\"https:\/\/distribution.audio-technica.eu\/es-es\/productos\/dlive-s5000\/#primaryimage\",\"url\":\"\/app\/uploads\/sites\/2\/Allen-Heath-dLive-S5000-1.jpg\",\"contentUrl\":\"\/app\/uploads\/sites\/2\/Allen-Heath-dLive-S5000-1.jpg\",\"width\":1000,\"height\":1000},{\"@type\":\"BreadcrumbList\",\"@id\":\"https:\/\/distribution.audio-technica.eu\/es-es\/productos\/dlive-s5000\/#breadcrumb\",\"itemListElement\":[{\"@type\":\"ListItem\",\"position\":1,\"name\":\"Products\",\"item\":\"https:\/\/distribution.audio-technica.eu\/es-es\/\"},{\"@type\":\"ListItem\",\"position\":2,\"name\":\"Productos\",\"item\":\"https:\/\/distribution.audio-technica.eu\/es-es\/productos\/\"},{\"@type\":\"ListItem\",\"position\":3,\"name\":\"dLive S5000\"}]},{\"@type\":\"WebSite\",\"@id\":\"https:\/\/distribution.audio-technica.eu\/es-es\/#website\",\"url\":\"https:\/\/distribution.audio-technica.eu\/es-es\/\",\"name\":\"Audio-Technica Iberia\",\"description\":\"Distribuci\u00f3n\",\"potentialAction\":[{\"@type\":\"SearchAction\",\"target\":{\"@type\":\"EntryPoint\",\"urlTemplate\":\"https:\/\/distribution.audio-technica.eu\/es-es\/?s={search_term_string}\"},\"query-input\":{\"@type\":\"PropertyValueSpecification\",\"valueRequired\":true,\"valueName\":\"search_term_string\"}}],\"inLanguage\":\"es\"}]}<\/script>\n<!-- \/ Yoast SEO plugin. -->","yoast_head_json":{"title":"dLive S5000 - Audio-Technica Iberia","robots":{"index":"index","follow":"follow","max-snippet":"max-snippet:-1","max-image-preview":"max-image-preview:large","max-video-preview":"max-video-preview:-1"},"canonical":"https:\/\/distribution.audio-technica.eu\/es-es\/productos\/dlive-s5000\/","og_locale":"es_ES","og_type":"article","og_title":"dLive S5000 - Audio-Technica Iberia","og_description":"Superfice de control de 28 faders para sistema de mezcla digital dLive S Class  Sistema distribuido con MixRack y superficie de control separados  Procesado DEEP: potentes plug ins incrustados  Hasta 814 entradas y 824 salidas en el sistema","og_url":"https:\/\/distribution.audio-technica.eu\/es-es\/productos\/dlive-s5000\/","og_site_name":"Audio-Technica Iberia","article_modified_time":"2023-07-13T11:30:40+00:00","og_image":[{"width":1000,"height":1000,"url":"https:\/\/distribution.audio-technica.eu\/app\/uploads\/sites\/2\/Allen-Heath-dLive-S5000-1.jpg","type":"image\/jpeg"}],"twitter_card":"summary_large_image","twitter_misc":{"Tiempo de lectura":"8 minutos"},"schema":{"@context":"https:\/\/schema.org","@graph":[{"@type":"WebPage","@id":"https:\/\/distribution.audio-technica.eu\/es-es\/productos\/dlive-s5000\/","url":"https:\/\/distribution.audio-technica.eu\/es-es\/productos\/dlive-s5000\/","name":"dLive S5000 - Audio-Technica Iberia","isPartOf":{"@id":"https:\/\/distribution.audio-technica.eu\/es-es\/#website"},"primaryImageOfPage":{"@id":"https:\/\/distribution.audio-technica.eu\/es-es\/productos\/dlive-s5000\/#primaryimage"},"image":{"@id":"https:\/\/distribution.audio-technica.eu\/es-es\/productos\/dlive-s5000\/#primaryimage"},"thumbnailUrl":"\/app\/uploads\/sites\/2\/Allen-Heath-dLive-S5000-1.jpg","datePublished":"2018-07-12T12:28:01+00:00","dateModified":"2023-07-13T11:30:40+00:00","breadcrumb":{"@id":"https:\/\/distribution.audio-technica.eu\/es-es\/productos\/dlive-s5000\/#breadcrumb"},"inLanguage":"es","potentialAction":[{"@type":"ReadAction","target":["https:\/\/distribution.audio-technica.eu\/es-es\/productos\/dlive-s5000\/"]}]},{"@type":"ImageObject","inLanguage":"es","@id":"https:\/\/distribution.audio-technica.eu\/es-es\/productos\/dlive-s5000\/#primaryimage","url":"\/app\/uploads\/sites\/2\/Allen-Heath-dLive-S5000-1.jpg","contentUrl":"\/app\/uploads\/sites\/2\/Allen-Heath-dLive-S5000-1.jpg","width":1000,"height":1000},{"@type":"BreadcrumbList","@id":"https:\/\/distribution.audio-technica.eu\/es-es\/productos\/dlive-s5000\/#breadcrumb","itemListElement":[{"@type":"ListItem","position":1,"name":"Products","item":"https:\/\/distribution.audio-technica.eu\/es-es\/"},{"@type":"ListItem","position":2,"name":"Productos","item":"https:\/\/distribution.audio-technica.eu\/es-es\/productos\/"},{"@type":"ListItem","position":3,"name":"dLive S5000"}]},{"@type":"WebSite","@id":"https:\/\/distribution.audio-technica.eu\/es-es\/#website","url":"https:\/\/distribution.audio-technica.eu\/es-es\/","name":"Audio-Technica Iberia","description":"Distribuci\u00f3n","potentialAction":[{"@type":"SearchAction","target":{"@type":"EntryPoint","urlTemplate":"https:\/\/distribution.audio-technica.eu\/es-es\/?s={search_term_string}"},"query-input":{"@type":"PropertyValueSpecification","valueRequired":true,"valueName":"search_term_string"}}],"inLanguage":"es"}]}},"_links":{"self":[{"href":"https:\/\/distribution.audio-technica.eu\/es-es\/wp-json\/wp\/v2\/product\/13702","targetHints":{"allow":["GET"]}}],"collection":[{"href":"https:\/\/distribution.audio-technica.eu\/es-es\/wp-json\/wp\/v2\/product"}],"about":[{"href":"https:\/\/distribution.audio-technica.eu\/es-es\/wp-json\/wp\/v2\/types\/product"}],"wp:featuredmedia":[{"embeddable":true,"href":"https:\/\/distribution.audio-technica.eu\/es-es\/wp-json\/wp\/v2\/media\/9381"}],"wp:attachment":[{"href":"https:\/\/distribution.audio-technica.eu\/es-es\/wp-json\/wp\/v2\/media?parent=13702"}],"wp:term":[{"taxonomy":"product_brand","embeddable":true,"href":"https:\/\/distribution.audio-technica.eu\/es-es\/wp-json\/wp\/v2\/product_brand?post=13702"},{"taxonomy":"product_cat","embeddable":true,"href":"https:\/\/distribution.audio-technica.eu\/es-es\/wp-json\/wp\/v2\/product_cat?post=13702"},{"taxonomy":"product_tag","embeddable":true,"href":"https:\/\/distribution.audio-technica.eu\/es-es\/wp-json\/wp\/v2\/product_tag?post=13702"}],"curies":[{"name":"wp","href":"https:\/\/api.w.org\/{rel}","templated":true}]}}