{"id":13704,"date":"2018-07-12T14:28:01","date_gmt":"2018-07-12T12:28:01","guid":{"rendered":"https:\/\/atdb-production.studiograft.dev\/es\/product\/import-placeholder-for-724\/"},"modified":"2025-06-19T15:35:50","modified_gmt":"2025-06-19T13:35:50","slug":"ar84","status":"publish","type":"product","link":"https:\/\/distribution.audio-technica.eu\/es-es\/productos\/ar84\/","title":{"rendered":"AR84"},"content":{"rendered":"<h2>AR84<\/h2>\n<h3>Rack remoto de E\/S para sistema de mezcla digital Avantis\/SQ\/Qu\/GLD<\/h3>\n<p>AR84 es un AudioRack de ampliaci\u00f3n para sistemas de mezcla digital Avantis, GLD, SQ y Qu de Allen &amp; Heath.<br \/>\nCada unidad AR84 a\u00f1ade 8 entradas y 4 salidas a trav\u00e9s de conectores XLR al sistema GLD. Es posible incorporar hasta dos unidades AR84 al sistema; \u00e9stas pueden ser conectadas al AudioRack AR2412 y\/o directamente al mezclador. La conexi\u00f3n se realiza por medio de un cable Cat5, utilizando el protocolo de comunicaci\u00f3n dSNAKE. La unidad AR2412 puede situarse a una distancia de hasta 120 metros del mezclador.<br \/>\ndSNAKE proporciona control sobre los preamplificadores remotos, y todos los preamplificadores microf\u00f3nicos son recuperables por medio de escenas.<\/p>\n<ul>\n<li>8 Entradas y 4 salidas a trav\u00e9s de conectores XLR<\/li>\n<\/ul>\n","protected":false},"excerpt":{"rendered":"<h3>Rack remoto de E\/S para sistema de mezcla digital Avantis\/SQ\/Qu\/GLD<\/h3>\n<ul class=\"summary\">\n<li>8 Entradas y 4 salidas a trav\u00e9s de conectores XLR<\/li>\n<li>Ampliaci\u00f3n para el sistema de mezcla digital Avantis\/SQ\/Qu\/GLD\/QU<\/li>\n<li>La conexi\u00f3n se realiza por medio de un cable Cat5<\/li>\n<\/ul>\n","protected":false},"featured_media":9383,"template":"","meta":{"_acf_changed":false},"product_brand":[],"product_cat":[1493,1494,1490,1492,1514],"product_tag":[],"class_list":{"0":"post-13704","1":"product","2":"type-product","3":"status-publish","4":"has-post-thumbnail","6":"product_cat-mesas-de-mezclas-allen-heath","7":"product_cat-mesas-de-mezclas-para-directo-mesas-de-mezclas-allen-heath","8":"product_cat-por-series-allen-heath","9":"product_cat-serie-qu","10":"product_cat-serie-sq","11":"product_series-serie-qu","12":"product_series-serie-sq","14":"first","15":"instock","16":"shipping-taxable","17":"product-type-simple"},"acf":[],"yoast_head":"<!-- This site is optimized with the Yoast SEO plugin v27.1.1 - https:\/\/yoast.com\/product\/yoast-seo-wordpress\/ -->\n<title>AR84 - Audio-Technica Iberia<\/title>\n<meta name=\"robots\" content=\"index, follow, max-snippet:-1, max-image-preview:large, max-video-preview:-1\" \/>\n<link rel=\"canonical\" href=\"https:\/\/distribution.audio-technica.eu\/es-es\/productos\/ar84\/\" \/>\n<meta property=\"og:locale\" content=\"es_ES\" \/>\n<meta property=\"og:type\" content=\"article\" \/>\n<meta property=\"og:title\" content=\"AR84 - Audio-Technica Iberia\" \/>\n<meta property=\"og:description\" content=\"Rack remoto de E\/S para sistema de mezcla digital Avantis\/SQ\/Qu\/GLD   8 Entradas y 4 salidas a trav\u00e9s de conectores XLR  Ampliaci\u00f3n para el sistema de mezcla digital Avantis\/SQ\/Qu\/GLD\/QU  La conexi\u00f3n se realiza por medio de un cable Cat5\" \/>\n<meta property=\"og:url\" content=\"https:\/\/distribution.audio-technica.eu\/es-es\/productos\/ar84\/\" \/>\n<meta property=\"og:site_name\" content=\"Audio-Technica Iberia\" \/>\n<meta property=\"article:modified_time\" content=\"2025-06-19T13:35:50+00:00\" \/>\n<meta property=\"og:image\" content=\"https:\/\/distribution.audio-technica.eu\/app\/uploads\/sites\/2\/Allen-Heath-GLD-AR84-Chrome-1.jpg\" \/>\n\t<meta property=\"og:image:width\" content=\"1000\" \/>\n\t<meta property=\"og:image:height\" content=\"1000\" \/>\n\t<meta property=\"og:image:type\" content=\"image\/jpeg\" \/>\n<meta name=\"twitter:card\" content=\"summary_large_image\" \/>\n<meta name=\"twitter:label1\" content=\"Tiempo de lectura\" \/>\n\t<meta name=\"twitter:data1\" content=\"1 minuto\" \/>\n<script type=\"application\/ld+json\" class=\"yoast-schema-graph\">{\"@context\":\"https:\/\/schema.org\",\"@graph\":[{\"@type\":\"WebPage\",\"@id\":\"https:\/\/distribution.audio-technica.eu\/es-es\/productos\/ar84\/\",\"url\":\"https:\/\/distribution.audio-technica.eu\/es-es\/productos\/ar84\/\",\"name\":\"AR84 - Audio-Technica Iberia\",\"isPartOf\":{\"@id\":\"https:\/\/distribution.audio-technica.eu\/es-es\/#website\"},\"primaryImageOfPage\":{\"@id\":\"https:\/\/distribution.audio-technica.eu\/es-es\/productos\/ar84\/#primaryimage\"},\"image\":{\"@id\":\"https:\/\/distribution.audio-technica.eu\/es-es\/productos\/ar84\/#primaryimage\"},\"thumbnailUrl\":\"\/app\/uploads\/sites\/2\/Allen-Heath-GLD-AR84-Chrome-1.jpg\",\"datePublished\":\"2018-07-12T12:28:01+00:00\",\"dateModified\":\"2025-06-19T13:35:50+00:00\",\"breadcrumb\":{\"@id\":\"https:\/\/distribution.audio-technica.eu\/es-es\/productos\/ar84\/#breadcrumb\"},\"inLanguage\":\"es\",\"potentialAction\":[{\"@type\":\"ReadAction\",\"target\":[\"https:\/\/distribution.audio-technica.eu\/es-es\/productos\/ar84\/\"]}]},{\"@type\":\"ImageObject\",\"inLanguage\":\"es\",\"@id\":\"https:\/\/distribution.audio-technica.eu\/es-es\/productos\/ar84\/#primaryimage\",\"url\":\"\/app\/uploads\/sites\/2\/Allen-Heath-GLD-AR84-Chrome-1.jpg\",\"contentUrl\":\"\/app\/uploads\/sites\/2\/Allen-Heath-GLD-AR84-Chrome-1.jpg\",\"width\":1000,\"height\":1000},{\"@type\":\"BreadcrumbList\",\"@id\":\"https:\/\/distribution.audio-technica.eu\/es-es\/productos\/ar84\/#breadcrumb\",\"itemListElement\":[{\"@type\":\"ListItem\",\"position\":1,\"name\":\"Products\",\"item\":\"https:\/\/distribution.audio-technica.eu\/es-es\/\"},{\"@type\":\"ListItem\",\"position\":2,\"name\":\"Productos\",\"item\":\"https:\/\/distribution.audio-technica.eu\/es-es\/productos\/\"},{\"@type\":\"ListItem\",\"position\":3,\"name\":\"AR84\"}]},{\"@type\":\"WebSite\",\"@id\":\"https:\/\/distribution.audio-technica.eu\/es-es\/#website\",\"url\":\"https:\/\/distribution.audio-technica.eu\/es-es\/\",\"name\":\"Audio-Technica Iberia\",\"description\":\"Distribuci\u00f3n\",\"potentialAction\":[{\"@type\":\"SearchAction\",\"target\":{\"@type\":\"EntryPoint\",\"urlTemplate\":\"https:\/\/distribution.audio-technica.eu\/es-es\/?s={search_term_string}\"},\"query-input\":{\"@type\":\"PropertyValueSpecification\",\"valueRequired\":true,\"valueName\":\"search_term_string\"}}],\"inLanguage\":\"es\"}]}<\/script>\n<!-- \/ Yoast SEO plugin. -->","yoast_head_json":{"title":"AR84 - Audio-Technica Iberia","robots":{"index":"index","follow":"follow","max-snippet":"max-snippet:-1","max-image-preview":"max-image-preview:large","max-video-preview":"max-video-preview:-1"},"canonical":"https:\/\/distribution.audio-technica.eu\/es-es\/productos\/ar84\/","og_locale":"es_ES","og_type":"article","og_title":"AR84 - Audio-Technica Iberia","og_description":"Rack remoto de E\/S para sistema de mezcla digital Avantis\/SQ\/Qu\/GLD   8 Entradas y 4 salidas a trav\u00e9s de conectores XLR  Ampliaci\u00f3n para el sistema de mezcla digital Avantis\/SQ\/Qu\/GLD\/QU  La conexi\u00f3n se realiza por medio de un cable Cat5","og_url":"https:\/\/distribution.audio-technica.eu\/es-es\/productos\/ar84\/","og_site_name":"Audio-Technica Iberia","article_modified_time":"2025-06-19T13:35:50+00:00","og_image":[{"width":1000,"height":1000,"url":"https:\/\/distribution.audio-technica.eu\/app\/uploads\/sites\/2\/Allen-Heath-GLD-AR84-Chrome-1.jpg","type":"image\/jpeg"}],"twitter_card":"summary_large_image","twitter_misc":{"Tiempo de lectura":"1 minuto"},"schema":{"@context":"https:\/\/schema.org","@graph":[{"@type":"WebPage","@id":"https:\/\/distribution.audio-technica.eu\/es-es\/productos\/ar84\/","url":"https:\/\/distribution.audio-technica.eu\/es-es\/productos\/ar84\/","name":"AR84 - Audio-Technica Iberia","isPartOf":{"@id":"https:\/\/distribution.audio-technica.eu\/es-es\/#website"},"primaryImageOfPage":{"@id":"https:\/\/distribution.audio-technica.eu\/es-es\/productos\/ar84\/#primaryimage"},"image":{"@id":"https:\/\/distribution.audio-technica.eu\/es-es\/productos\/ar84\/#primaryimage"},"thumbnailUrl":"\/app\/uploads\/sites\/2\/Allen-Heath-GLD-AR84-Chrome-1.jpg","datePublished":"2018-07-12T12:28:01+00:00","dateModified":"2025-06-19T13:35:50+00:00","breadcrumb":{"@id":"https:\/\/distribution.audio-technica.eu\/es-es\/productos\/ar84\/#breadcrumb"},"inLanguage":"es","potentialAction":[{"@type":"ReadAction","target":["https:\/\/distribution.audio-technica.eu\/es-es\/productos\/ar84\/"]}]},{"@type":"ImageObject","inLanguage":"es","@id":"https:\/\/distribution.audio-technica.eu\/es-es\/productos\/ar84\/#primaryimage","url":"\/app\/uploads\/sites\/2\/Allen-Heath-GLD-AR84-Chrome-1.jpg","contentUrl":"\/app\/uploads\/sites\/2\/Allen-Heath-GLD-AR84-Chrome-1.jpg","width":1000,"height":1000},{"@type":"BreadcrumbList","@id":"https:\/\/distribution.audio-technica.eu\/es-es\/productos\/ar84\/#breadcrumb","itemListElement":[{"@type":"ListItem","position":1,"name":"Products","item":"https:\/\/distribution.audio-technica.eu\/es-es\/"},{"@type":"ListItem","position":2,"name":"Productos","item":"https:\/\/distribution.audio-technica.eu\/es-es\/productos\/"},{"@type":"ListItem","position":3,"name":"AR84"}]},{"@type":"WebSite","@id":"https:\/\/distribution.audio-technica.eu\/es-es\/#website","url":"https:\/\/distribution.audio-technica.eu\/es-es\/","name":"Audio-Technica Iberia","description":"Distribuci\u00f3n","potentialAction":[{"@type":"SearchAction","target":{"@type":"EntryPoint","urlTemplate":"https:\/\/distribution.audio-technica.eu\/es-es\/?s={search_term_string}"},"query-input":{"@type":"PropertyValueSpecification","valueRequired":true,"valueName":"search_term_string"}}],"inLanguage":"es"}]}},"_links":{"self":[{"href":"https:\/\/distribution.audio-technica.eu\/es-es\/wp-json\/wp\/v2\/product\/13704","targetHints":{"allow":["GET"]}}],"collection":[{"href":"https:\/\/distribution.audio-technica.eu\/es-es\/wp-json\/wp\/v2\/product"}],"about":[{"href":"https:\/\/distribution.audio-technica.eu\/es-es\/wp-json\/wp\/v2\/types\/product"}],"wp:featuredmedia":[{"embeddable":true,"href":"https:\/\/distribution.audio-technica.eu\/es-es\/wp-json\/wp\/v2\/media\/9383"}],"wp:attachment":[{"href":"https:\/\/distribution.audio-technica.eu\/es-es\/wp-json\/wp\/v2\/media?parent=13704"}],"wp:term":[{"taxonomy":"product_brand","embeddable":true,"href":"https:\/\/distribution.audio-technica.eu\/es-es\/wp-json\/wp\/v2\/product_brand?post=13704"},{"taxonomy":"product_cat","embeddable":true,"href":"https:\/\/distribution.audio-technica.eu\/es-es\/wp-json\/wp\/v2\/product_cat?post=13704"},{"taxonomy":"product_tag","embeddable":true,"href":"https:\/\/distribution.audio-technica.eu\/es-es\/wp-json\/wp\/v2\/product_tag?post=13704"}],"curies":[{"name":"wp","href":"https:\/\/api.w.org\/{rel}","templated":true}]}}