{"id":13709,"date":"2018-07-12T14:28:02","date_gmt":"2018-07-12T12:28:02","guid":{"rendered":"https:\/\/atdb-production.studiograft.dev\/es\/product\/import-placeholder-for-729\/"},"modified":"2025-06-19T15:31:22","modified_gmt":"2025-06-19T13:31:22","slug":"qu-6","status":"publish","type":"product","link":"https:\/\/distribution.audio-technica.eu\/es-es\/productos\/qu-6\/","title":{"rendered":"Qu-6"},"content":{"rendered":"<h2>Qu-6<\/h2>\n<h3>Mezclador digital compacto, 38 entradas, 24 salidas, 25 faders, 96 kHz<\/h3>\n<p>La legendaria mesa de mezclas digital de Allen &amp; Heath renace con m\u00e1s potencia que nunca, equipada con un n\u00facleo XCVI a 96kHz que permite procesado DEEP, mayor n\u00famero de canales con direccionamiento totalmente flexible a trav\u00e9s de 4 capas personalizables, un interface de usuario completamente redise\u00f1ada, importantes mejoras de hardware, conectividad ampliada y versiones Dante disponibles para todos los modelos de la gama.<\/p>\n<p>El nuevo QU-6 ofrece 32 canales mono y 3 est\u00e9reo, 12 mezclas, 4 matrices, 6 motores de efectos, adem\u00e1s de un puerto SLink para conexi\u00f3n con el ecosistema Everything I\/O de expansores remotos. Tambi\u00e9n se ofrece una versi\u00f3n compatible con Dante, garantizando la disponibilidad de un modelo Qu para cada aplicaci\u00f3n.<\/p>\n<p>El nuevo Qu-6 mantiene el apreciado dise\u00f1o y formato de la serie Qu original, pero incorpora m\u00faltiples mejoras de hardware que elevan tanto el rendimiento sonoro como la experiencia de mezcla.<\/p>\n<p>Los nuevos preamplificadores microf\u00f3nicos, totalmente actualizados, y los conversores AD\/DA de alto rendimiento, con resoluci\u00f3n de 96kHz, garantizan una calidad de sonido impecable hacia y desde el n\u00facleo XCVI, preservando cada matiz de la fuente sonora.<\/p>\n<p>Cada canal incorpora ahora una pantalla dedicada que muestra el nombre del canal, su tipo o el n\u00famero de conector, junto con un medidor crom\u00e1tico que permite visualizar los niveles de un vistazo. La nueva pantalla t\u00e1ctil da paso a un interface de usuario completamente redise\u00f1ada<\/p>\n<p>Qu ahora es compatible con DEEP Processing, incorporando por primera vez en la plataforma Qu los aclamados complementos del sistema dLive, serie insignia de Allen &amp; Heath. Adem\u00e1s, los nuevos modelos Qu incluyen los asistentes de realimentaci\u00f3n (Feedback Assistant) y de ganancia (Gian Assistant) de la serie CQ, que facilitan la configuraci\u00f3n y agilizan las pruebas de sonido.<\/p>\n<p>El mezclador Qu-6 ofrece m\u00faltiples y vers\u00e1tiles opciones de grabaci\u00f3n y reproducci\u00f3n: interface de audio USB-C integrado de 32&#215;32 canales, grabaci\u00f3n y reproducci\u00f3n multipista de 32 canales mediante tarjeta SD, y grabaci\u00f3n\/reproducci\u00f3n est\u00e9reo sencilla a trav\u00e9s del puerto USB-A, adapt\u00e1ndose a cualquier aplicaci\u00f3n.<\/p>\n<p>La serie Qu original fue muy apreciada por su facilidad y rapidez de uso, lo que la convirti\u00f3 en la mesa ideal para ingenieros procedentes del mundo anal\u00f3gico. El nuevo Qu- 6 va un paso m\u00e1s all\u00e1, manteniendo su enfoque en la filosof\u00eda \u201cllegar y mezclar\u201d, al tiempo que incorpora 4 capas totalmente personalizables, adem\u00e1s de teclas programables (SoftKeys) para optimizar el flujo de trabajo y flexibles opciones de direccionamiento, adem\u00e1s del cl\u00e1sico direccionamiento 1:1 de Qu, todo ello accesible a trav\u00e9s de un nuevo interface de usuario, m\u00e1s r\u00e1pido y reactivo.<\/p>\n<p>Gracias a su puerto SLink, Qu- 6 puede conectarse con la familia Everything I\/O de expansores en rack y cajetines de escenario, lo que lo convierte en una soluci\u00f3n flexible y combinable para usuarios de otros sistemas digitales de Allen &amp; Heath. Incluso puede conectarse directamente a otras consolas de la marca, con hasta 128&#215;128 canales de audio a 96kHz disponibles para direccionamiento.<\/p>\n<p>Ajustar la ganancia de cada canal puede no ser la tarea m\u00e1s emocionante y, cuando se gestionan m\u00faltiples canales, puede consumir gran parte del tiempo de preparaci\u00f3n. El asistente de ganancia de Qu- 6 (Gain Assistant) simplifica este proceso ajustando de forma r\u00e1pida y precisa el nivel de ganancia \u00f3ptimo para uno o varios canales de entrada, y supervisa continuamente los niveles durante la actuaci\u00f3n para evitar picos no deseados o sorpresas inesperadas.<\/p>\n<p>El asistente de realimentaci\u00f3n de Qu- 6 (Feedback Assistant) es muy f\u00e1cil de usar, e identifica y elimina autom\u00e1ticamente las frecuencias problem\u00e1ticas, con la ayuda de hasta 16 filtros por salida, lo que te permite mezclar con total tranquilidad, sin tener que preocuparse por los problemas de acoples.<\/p>\n<p>Tambi\u00e9n es posible controlar la mesa de mezclas desde (casi) cualquier lugar, utilizando las aplicaciones gratuitas para Windows, Mac, Android e iOS disponibles. As\u00ed, Qu-MixPad ofrece al t\u00e9cnico control total desde cualquier punto del recinto, mientras que Qu4You permite a cada int\u00e9rprete ajustar \u00fanicamente su propia mezcla y escuchar exactamente lo que necesita.<\/p>\n<p>QU- 6 tambi\u00e9n incorpora un mezclador autom\u00e1tico de micr\u00f3fonos (AMM) de 32 canales, lo que lo permite presentarse como la opci\u00f3n ideal para conferencias, mesas redondas y programas de televisi\u00f3n. Est\u00e1 totalmente integrado en la propia mesa, sin latencia adicional, por lo que no es necesario enrutar el audio a un rack DSP interno ni a sistemas de plugins externos.<\/p>\n<p>Probado en innumerables giras mundiales con artistas internacionales, el procesado DEEP y los efectos RackExtra del galardonado sistema de mezcla digital dLive tambi\u00e9n est\u00e1n disponibles para Qu-6.<\/p>\n<p>&nbsp;<\/p>\n<ul>\n<li>N\u00facleo FPGA a 96kHz<\/li>\n<li>36 entradas a mezcla (32 mono\/vinculables, 2 est\u00e9reo)<\/li>\n<li>Salida principal est\u00e9reo LR<\/li>\n<li>12 mezclas (6 auxiliares mono\/vinculables, 6 auxiliares\/grupos est\u00e9reo)<\/li>\n<li>4 matrices (mono\/vinculables)<\/li>\n<li>24 entradas combinadas XLR\/Jack para micr\u00f3fono\/l\u00ednea<\/li>\n<li>2 entradas de l\u00ednea est\u00e9reo (cada una con 2 conectores TRS)<\/li>\n<li>1 conector para talkback<\/li>\n<li>16 salidas XLR<\/li>\n<li>2 salidas TRS<\/li>\n<li>1 salida digital est\u00e9reo AES3<\/li>\n<li>Puerto SLink inteligente 128&#215;128 para expansi\u00f3n Everything I\/O y conexiones de sistema<\/li>\n<li>Salida de auriculares est\u00e9reo<\/li>\n<li>6 motores de efectos (Multi-FX) con canales de retorno dedicados<\/li>\n<li>Pantalla t\u00e1ctil capacitiva de 7\u201d<\/li>\n<li>25 faders motorizados de 100 mm<\/li>\n<li>4 capas de tira de canal<\/li>\n<li>8 teclas programables (SoftKeys)<\/li>\n<li>USB-A para grabaci\u00f3n\/reproducci\u00f3n de audio est\u00e9reo y transferencia de datos<\/li>\n<li>Interface de audio USB-C para grabaci\u00f3n\/reproducci\u00f3n multicanal (32&#215;32)<\/li>\n<li>Ranura para tarjeta SD para grabaci\u00f3n\/reproducci\u00f3n de audio multicanal (16&#215;16 a 96kHz, 32&#215;32 a 48kHz)<\/li>\n<li>Conector para l\u00e1mpara de 12V<\/li>\n<li>Conexi\u00f3n configurable para pedal simple o doble<\/li>\n<li>LED de nivel de canal crom\u00e1tico configurable<\/li>\n<li>Conexi\u00f3n IEC de red el\u00e9ctrica con fuente de alimentaci\u00f3n universal<\/li>\n<li>Conector de red RJ45<\/li>\n<li>Control remoto mediante apps gratuitas \u2013 Windows\/MacOS\/iOS\/Android<\/li>\n<li>Dimensiones: 476 x 609 x 213,1 mm<\/li>\n<li>Peso neto: 13,5 kg<\/li>\n<li>Peso con embalaje: 16,5 kg<\/li>\n<\/ul>\n<p>&nbsp;<\/p>\n","protected":false},"excerpt":{"rendered":"<h3>Mezclador digital compacto, 38 entradas, 24 salidas, 25 faders, 96 kHz<\/h3>\n<ul class=\"summary\">\n<li>N\u00facleo XCVI a 96kHz<\/li>\n<li>25 faders motorizados de 100mm<\/li>\n<li>36 entradas a mezcla (32 mono\/vinculables, 2 est\u00e9reo)<\/li>\n<li>6 motores de efectos (Multi-FX) con retornos est\u00e9reo dedicados<\/li>\n<li>Pantalla t\u00e1ctil capacitiva de 7\u201d<\/li>\n<li>24 conectores XLR\/Jack \u2018Combi\u2019 Mic\/Line de entrada<\/li>\n<li>16 conectores XLR de salida<\/li>\n<li>USB-A para grabaci\u00f3n\/reproducci\u00f3n de audio est\u00e9reo y transferencia de datos<\/li>\n<li>Interface de audio USB-C para grabaci\u00f3n\/reproducci\u00f3n multicanal (32&#215;32)<\/li>\n<li>Ranura para tarjeta SD para grabaci\u00f3n o reproducci\u00f3n de audio multicanal (16&#215;16 a 96kHz, 32&#215;32 a 48kHz)<\/li>\n<\/ul>\n<p>&nbsp;<\/p>\n","protected":false},"featured_media":40882,"template":"","meta":{"_acf_changed":false},"product_brand":[],"product_cat":[1493,1494,1490,1492],"product_tag":[],"class_list":{"0":"post-13709","1":"product","2":"type-product","3":"status-publish","4":"has-post-thumbnail","6":"product_cat-mesas-de-mezclas-allen-heath","7":"product_cat-mesas-de-mezclas-para-directo-mesas-de-mezclas-allen-heath","8":"product_cat-por-series-allen-heath","9":"product_cat-serie-qu","10":"product_series-serie-qu","12":"first","13":"instock","14":"shipping-taxable","15":"product-type-simple"},"acf":[],"yoast_head":"<!-- This site is optimized with the Yoast SEO plugin v27.1.1 - https:\/\/yoast.com\/product\/yoast-seo-wordpress\/ -->\n<title>Qu-6 - Audio-Technica Iberia<\/title>\n<meta name=\"robots\" content=\"index, follow, max-snippet:-1, max-image-preview:large, max-video-preview:-1\" \/>\n<link rel=\"canonical\" href=\"https:\/\/distribution.audio-technica.eu\/es-es\/productos\/qu-6\/\" \/>\n<meta property=\"og:locale\" content=\"es_ES\" \/>\n<meta property=\"og:type\" content=\"article\" \/>\n<meta property=\"og:title\" content=\"Qu-6 - Audio-Technica Iberia\" \/>\n<meta property=\"og:description\" content=\"Mezclador digital compacto, 38 entradas, 24 salidas, 25 faders, 96 kHz   N\u00facleo XCVI a 96kHz  25 faders motorizados de 100mm  36 entradas a mezcla (32 mono\/vinculables, 2 est\u00e9reo)  6 motores de efectos (Multi-FX) con retornos est\u00e9reo dedicados  Pantalla t\u00e1ctil capacitiva de 7\u201d  24 conectores XLR\/Jack \u2018Combi\u2019 Mic\/Line de entrada  16 conectores XLR de salida  USB-A para grabaci\u00f3n\/reproducci\u00f3n de audio est\u00e9reo y transferencia de datos  Interface de audio USB-C para grabaci\u00f3n\/reproducci\u00f3n multicanal (32x32)  Ranura para tarjeta SD para grabaci\u00f3n o reproducci\u00f3n de audio multicanal (16x16 a 96kHz, 32x32 a 48kHz)  &nbsp;\" \/>\n<meta property=\"og:url\" content=\"https:\/\/distribution.audio-technica.eu\/es-es\/productos\/qu-6\/\" \/>\n<meta property=\"og:site_name\" content=\"Audio-Technica Iberia\" \/>\n<meta property=\"article:modified_time\" content=\"2025-06-19T13:31:22+00:00\" \/>\n<meta property=\"og:image\" content=\"https:\/\/distribution.audio-technica.eu\/app\/uploads\/sites\/2\/AH-Qu-6-Left.jpg\" \/>\n\t<meta property=\"og:image:width\" content=\"2000\" \/>\n\t<meta property=\"og:image:height\" content=\"2000\" \/>\n\t<meta property=\"og:image:type\" content=\"image\/jpeg\" \/>\n<meta name=\"twitter:card\" content=\"summary_large_image\" \/>\n<meta name=\"twitter:label1\" content=\"Tiempo de lectura\" \/>\n\t<meta name=\"twitter:data1\" content=\"5 minutos\" \/>\n<script type=\"application\/ld+json\" class=\"yoast-schema-graph\">{\"@context\":\"https:\/\/schema.org\",\"@graph\":[{\"@type\":\"WebPage\",\"@id\":\"https:\/\/distribution.audio-technica.eu\/es-es\/productos\/qu-6\/\",\"url\":\"https:\/\/distribution.audio-technica.eu\/es-es\/productos\/qu-6\/\",\"name\":\"Qu-6 - Audio-Technica Iberia\",\"isPartOf\":{\"@id\":\"https:\/\/distribution.audio-technica.eu\/es-es\/#website\"},\"primaryImageOfPage\":{\"@id\":\"https:\/\/distribution.audio-technica.eu\/es-es\/productos\/qu-6\/#primaryimage\"},\"image\":{\"@id\":\"https:\/\/distribution.audio-technica.eu\/es-es\/productos\/qu-6\/#primaryimage\"},\"thumbnailUrl\":\"\/app\/uploads\/sites\/2\/AH-Qu-6-Left.jpg\",\"datePublished\":\"2018-07-12T12:28:02+00:00\",\"dateModified\":\"2025-06-19T13:31:22+00:00\",\"breadcrumb\":{\"@id\":\"https:\/\/distribution.audio-technica.eu\/es-es\/productos\/qu-6\/#breadcrumb\"},\"inLanguage\":\"es\",\"potentialAction\":[{\"@type\":\"ReadAction\",\"target\":[\"https:\/\/distribution.audio-technica.eu\/es-es\/productos\/qu-6\/\"]}]},{\"@type\":\"ImageObject\",\"inLanguage\":\"es\",\"@id\":\"https:\/\/distribution.audio-technica.eu\/es-es\/productos\/qu-6\/#primaryimage\",\"url\":\"\/app\/uploads\/sites\/2\/AH-Qu-6-Left.jpg\",\"contentUrl\":\"\/app\/uploads\/sites\/2\/AH-Qu-6-Left.jpg\",\"width\":2000,\"height\":2000},{\"@type\":\"BreadcrumbList\",\"@id\":\"https:\/\/distribution.audio-technica.eu\/es-es\/productos\/qu-6\/#breadcrumb\",\"itemListElement\":[{\"@type\":\"ListItem\",\"position\":1,\"name\":\"Products\",\"item\":\"https:\/\/distribution.audio-technica.eu\/es-es\/\"},{\"@type\":\"ListItem\",\"position\":2,\"name\":\"Productos\",\"item\":\"https:\/\/distribution.audio-technica.eu\/es-es\/productos\/\"},{\"@type\":\"ListItem\",\"position\":3,\"name\":\"Qu-6\"}]},{\"@type\":\"WebSite\",\"@id\":\"https:\/\/distribution.audio-technica.eu\/es-es\/#website\",\"url\":\"https:\/\/distribution.audio-technica.eu\/es-es\/\",\"name\":\"Audio-Technica Iberia\",\"description\":\"Distribuci\u00f3n\",\"potentialAction\":[{\"@type\":\"SearchAction\",\"target\":{\"@type\":\"EntryPoint\",\"urlTemplate\":\"https:\/\/distribution.audio-technica.eu\/es-es\/?s={search_term_string}\"},\"query-input\":{\"@type\":\"PropertyValueSpecification\",\"valueRequired\":true,\"valueName\":\"search_term_string\"}}],\"inLanguage\":\"es\"}]}<\/script>\n<!-- \/ Yoast SEO plugin. -->","yoast_head_json":{"title":"Qu-6 - Audio-Technica Iberia","robots":{"index":"index","follow":"follow","max-snippet":"max-snippet:-1","max-image-preview":"max-image-preview:large","max-video-preview":"max-video-preview:-1"},"canonical":"https:\/\/distribution.audio-technica.eu\/es-es\/productos\/qu-6\/","og_locale":"es_ES","og_type":"article","og_title":"Qu-6 - Audio-Technica Iberia","og_description":"Mezclador digital compacto, 38 entradas, 24 salidas, 25 faders, 96 kHz   N\u00facleo XCVI a 96kHz  25 faders motorizados de 100mm  36 entradas a mezcla (32 mono\/vinculables, 2 est\u00e9reo)  6 motores de efectos (Multi-FX) con retornos est\u00e9reo dedicados  Pantalla t\u00e1ctil capacitiva de 7\u201d  24 conectores XLR\/Jack \u2018Combi\u2019 Mic\/Line de entrada  16 conectores XLR de salida  USB-A para grabaci\u00f3n\/reproducci\u00f3n de audio est\u00e9reo y transferencia de datos  Interface de audio USB-C para grabaci\u00f3n\/reproducci\u00f3n multicanal (32x32)  Ranura para tarjeta SD para grabaci\u00f3n o reproducci\u00f3n de audio multicanal (16x16 a 96kHz, 32x32 a 48kHz)  &nbsp;","og_url":"https:\/\/distribution.audio-technica.eu\/es-es\/productos\/qu-6\/","og_site_name":"Audio-Technica Iberia","article_modified_time":"2025-06-19T13:31:22+00:00","og_image":[{"width":2000,"height":2000,"url":"https:\/\/distribution.audio-technica.eu\/app\/uploads\/sites\/2\/AH-Qu-6-Left.jpg","type":"image\/jpeg"}],"twitter_card":"summary_large_image","twitter_misc":{"Tiempo de lectura":"5 minutos"},"schema":{"@context":"https:\/\/schema.org","@graph":[{"@type":"WebPage","@id":"https:\/\/distribution.audio-technica.eu\/es-es\/productos\/qu-6\/","url":"https:\/\/distribution.audio-technica.eu\/es-es\/productos\/qu-6\/","name":"Qu-6 - Audio-Technica Iberia","isPartOf":{"@id":"https:\/\/distribution.audio-technica.eu\/es-es\/#website"},"primaryImageOfPage":{"@id":"https:\/\/distribution.audio-technica.eu\/es-es\/productos\/qu-6\/#primaryimage"},"image":{"@id":"https:\/\/distribution.audio-technica.eu\/es-es\/productos\/qu-6\/#primaryimage"},"thumbnailUrl":"\/app\/uploads\/sites\/2\/AH-Qu-6-Left.jpg","datePublished":"2018-07-12T12:28:02+00:00","dateModified":"2025-06-19T13:31:22+00:00","breadcrumb":{"@id":"https:\/\/distribution.audio-technica.eu\/es-es\/productos\/qu-6\/#breadcrumb"},"inLanguage":"es","potentialAction":[{"@type":"ReadAction","target":["https:\/\/distribution.audio-technica.eu\/es-es\/productos\/qu-6\/"]}]},{"@type":"ImageObject","inLanguage":"es","@id":"https:\/\/distribution.audio-technica.eu\/es-es\/productos\/qu-6\/#primaryimage","url":"\/app\/uploads\/sites\/2\/AH-Qu-6-Left.jpg","contentUrl":"\/app\/uploads\/sites\/2\/AH-Qu-6-Left.jpg","width":2000,"height":2000},{"@type":"BreadcrumbList","@id":"https:\/\/distribution.audio-technica.eu\/es-es\/productos\/qu-6\/#breadcrumb","itemListElement":[{"@type":"ListItem","position":1,"name":"Products","item":"https:\/\/distribution.audio-technica.eu\/es-es\/"},{"@type":"ListItem","position":2,"name":"Productos","item":"https:\/\/distribution.audio-technica.eu\/es-es\/productos\/"},{"@type":"ListItem","position":3,"name":"Qu-6"}]},{"@type":"WebSite","@id":"https:\/\/distribution.audio-technica.eu\/es-es\/#website","url":"https:\/\/distribution.audio-technica.eu\/es-es\/","name":"Audio-Technica Iberia","description":"Distribuci\u00f3n","potentialAction":[{"@type":"SearchAction","target":{"@type":"EntryPoint","urlTemplate":"https:\/\/distribution.audio-technica.eu\/es-es\/?s={search_term_string}"},"query-input":{"@type":"PropertyValueSpecification","valueRequired":true,"valueName":"search_term_string"}}],"inLanguage":"es"}]}},"_links":{"self":[{"href":"https:\/\/distribution.audio-technica.eu\/es-es\/wp-json\/wp\/v2\/product\/13709","targetHints":{"allow":["GET"]}}],"collection":[{"href":"https:\/\/distribution.audio-technica.eu\/es-es\/wp-json\/wp\/v2\/product"}],"about":[{"href":"https:\/\/distribution.audio-technica.eu\/es-es\/wp-json\/wp\/v2\/types\/product"}],"wp:featuredmedia":[{"embeddable":true,"href":"https:\/\/distribution.audio-technica.eu\/es-es\/wp-json\/wp\/v2\/media\/40882"}],"wp:attachment":[{"href":"https:\/\/distribution.audio-technica.eu\/es-es\/wp-json\/wp\/v2\/media?parent=13709"}],"wp:term":[{"taxonomy":"product_brand","embeddable":true,"href":"https:\/\/distribution.audio-technica.eu\/es-es\/wp-json\/wp\/v2\/product_brand?post=13709"},{"taxonomy":"product_cat","embeddable":true,"href":"https:\/\/distribution.audio-technica.eu\/es-es\/wp-json\/wp\/v2\/product_cat?post=13709"},{"taxonomy":"product_tag","embeddable":true,"href":"https:\/\/distribution.audio-technica.eu\/es-es\/wp-json\/wp\/v2\/product_tag?post=13709"}],"curies":[{"name":"wp","href":"https:\/\/api.w.org\/{rel}","templated":true}]}}