{"id":13711,"date":"2018-07-12T14:28:03","date_gmt":"2018-07-12T12:28:03","guid":{"rendered":"https:\/\/atdb-production.studiograft.dev\/es\/product\/import-placeholder-for-731\/"},"modified":"2025-06-19T15:37:08","modified_gmt":"2025-06-19T13:37:08","slug":"qu-sb","status":"publish","type":"product","link":"https:\/\/distribution.audio-technica.eu\/es-es\/productos\/qu-sb\/","title":{"rendered":"Qu-SB"},"content":{"rendered":"<h2>Qu-SB<\/h2>\n<h3>Mezclador digital port\u00e1til 18 entradas y 14 salidas con control remoto inal\u00e1mbrico<\/h3>\n<p>El mezclador digital ultra compacto Qu-SB ha sido dise\u00f1ado para ser controlador desde un iPad, dando al usuario la libertad de mezclar desde cualquier punto de la sala, y proporciona una soluci\u00f3n inteligente y f\u00e1cilmente transportable para todo tipo de bandas, aplicaciones AV e instalaci\u00f3n.<\/p>\n<p>La app Qu-Pad ofrece un interface de mezcla elegante e intuitiva, proporcionando acceso a toda la riqueza de las prestaciones que ofrece Qu y sus opciones de configuraci\u00f3n.<\/p>\n<p>Adem\u00e1s de sus 18 entradas y 14 salidas, Qu-SB puede ser ampliado hasta 32 entradas mono y 24 salidas conect\u00e1ndolo a uno de los modelos que ofrece la familia de AudioRacks, por medio de un cable Cat5. Si a esto le a\u00f1adimos la app Qu-You que ofrece control sobre la monitorizaci\u00f3n personal para Android e iOS, adem\u00e1s de los mezcladores personales ME-1, Qu-SB se revela como una fant\u00e1stica elecci\u00f3n para bandas que buscan la misma calidad de sonido en sus monitores en cualquier situaci\u00f3n.<\/p>\n<h3>App de mezcla Qu-Pad<\/h3>\n<p>Qu-SB ha sido dise\u00f1ada para integrarse sin problemas con la app Qu-Pad para iPad, proporcionando un acceso f\u00e1cil y extremadamente r\u00e1pido a todos los ajustes, incluyendo el procesado de canal, medidores y visualizaciones RTA, racks FX, gesti\u00f3n de escenas, control de audio USB, men\u00fas de configuraci\u00f3n y mucho m\u00e1s.<\/p>\n<p>Qu-Pad se conecta al mezclador a trav\u00e9s de Wi-Fi y proporciona al usuario la libertad de ajustar los monitores en el escenario, moverse por el local mientras escucha la PA, y mezclar la actuaci\u00f3n desde el centro del p\u00fablico.<\/p>\n<h3>Preamplificadores AnalogiQ<sup>TM<\/sup><\/h3>\n<p>Los 16 preamplificadores AnalogiQ<sup>TM<\/sup> con total recall que incorpora Qu-SB, ofrecen detecci\u00f3n de paso por cero, y etapa de ganancia sin pad, por pasos de 1 dB, asociado al DSP para ofrecer la m\u00e1xima precisi\u00f3n en la ganancia y la m\u00e1xima transparencia en la se\u00f1al de audio. La se\u00f1al anal\u00f3gica es capturada por conversores A\/D de alta calidad, con resoluci\u00f3n de 24 bit. El dise\u00f1o AnalogiQ<sup>TM<\/sup> ha sido refinado a lo largo de varios meses para estar en condiciones de una transparencia excepcional, una m\u00ednima distorsi\u00f3n, y un suelo de ruido ultra bajo, con un sonido c\u00e1lido y musical, in\u00e9dito en la mayor\u00eda de consolas digitales.<\/p>\n<h3>Qu-Drive<\/h3>\n<p>Qu dispone de grabador USB integrado, que proporciona 18 canales de grabaci\u00f3n y reproducci\u00f3n con resoluci\u00f3n de 48 kHz, 24 bit directamente a una unidad USB. Junto a los canales, tambi\u00e9n pueden ser registrados las mezclas y los retornos FX, de forma que es posible hacer pruebas de sonido virtuales. Un grupo independiente de controles permite la grabaci\u00f3n est\u00e9reo r\u00e1pida de la salida principal LR o las salidas de mezcla, y un retorno USB de 2 pistas pueden ser direccionadas a ST3 para la reproducci\u00f3n de archivos WAV est\u00e9reo.<\/p>\n<h3>iLive FX<\/h3>\n<p>Los algoritmos de din\u00e1mica y FX de Qu-SB proceden de los FX utilizados en la serie iLive. Muchos de los ingenieros de audio m\u00e1s respetados del mundo han escogido utilizar los FX de iLIve en giras internacionales. Qu-SB dispone de 4 motores de FX est\u00e9reo de iLive, que incluyen excelentes emulaciones de efectos cl\u00e1sicos de reverb, gated reverbs, retardos, moduladores, flangers y mucho m\u00e1s.<\/p>\n<h3>Automatic Mic Mixer (AMM)<\/h3>\n<p>AMM es vital en aplicaciones tales como conferencias, reuniones y debates, en los que se encuentran abiertos multitud de micr\u00f3fonos de forma simult\u00e1nea, reduciendo el ruido de fondo y minimizando el riesgo de que se produzca realimentaci\u00f3n ac\u00fastica. El Mezclador Autom\u00e1tico de Micr\u00f3fonos ayuda al ingeniero a gestionar m\u00faltiples entradas de micr\u00f3fono. Puede mezclar hasta 16 fuentes microf\u00f3nicas simult\u00e1neamente, con ajuste de prioridad para cada canal, que determina su \u2018peso\u2019 en la ganancia total del sistema.<\/p>\n<h3>Straming de audio USB<\/h3>\n<p>El interface incorporado en Qu-SB puede realizar streaming de hasta 32 pistas seleccionadas hacia un ordenador Mac o PC. Los retornos desde el Mac o el PC pueden ser f\u00e1cilmente asignados a los canales de entrada. El interface es directamente compatible con Mac OS X (aut\u00e9nticamente plug and play). Ser\u00e1 reconocido directamente por cualquier DAW que soporte Core Audio, incluyendo Logic, Cubase, Reaper y Pro Tools. Para ordenadores Windows, est\u00e1n disponibles drivers ASIO y WDM.<\/p>\n<p>El control MIDI est\u00e1ndar es tunelado sobre la conexi\u00f3n USB, de forma que el usuario puede mapear f\u00e1cilmente los faders a las pistas de su DAW. Est\u00e1 disponible un driver de control DAW para configurar y emular f\u00e1cilmente los protocolos HUI o Mackie en sistemas Mac OS X.<\/p>\n<h3>Racks remotos de audio dSNAKE<\/h3>\n<p>Qu-SB puede ser ampliado hasta a 38 entradas a trav\u00e9s de dSNAKE, permitiendo la conexi\u00f3n a trav\u00e9s de cable Cat5 a AudioRacks remotos AB168, AR2412 o AR84. dSNAKE es una soluci\u00f3n de conexi\u00f3n en red exclusive de A&amp;H, que ofrece una latencia de transporte de solo 105us en cables de una longitud de hasta 120 m.<\/p>\n<ul>\n<li>16 Entradas mono (TRS XLR)<\/li>\n<li>1 Entrada est\u00e9reo (TRS)<\/li>\n<li>12 Salidas de mezcla incorporadas (LR, mezcla mono 1-4, mezcla est\u00e9reo 1-3)<\/li>\n<li>1 Salida matr\u00edz est\u00e9reo (TRS)<\/li>\n<li>Qu-32 Core (32 canales entrada mono 3 canales entrada est\u00e9reo)<\/li>\n<li>Hasta 11 mezclas de monitor (4 mono 7 est\u00e9reo)<\/li>\n<li>4 Motores FX<\/li>\n<li>4 Env\u00edos \/ retornos FX<\/li>\n<li>4 Grupos Mute<\/li>\n<li>4 Grupos DCA<\/li>\n<li>Interface de audio USB 32&#215;32<\/li>\n<li>Grabaci\u00f3n \/ reproducci\u00f3n multipista directa Qu-Drive sobre unidades USB<\/li>\n<li>Preamplificadores AnaLOGIQ<sup>TM<\/sup> recuperables<\/li>\n<li>Librer\u00eda FX iLive<\/li>\n<li>Puerto de ampliaci\u00f3n de audio remoto dSNAKE hasta 28 entradas<\/li>\n<li>Mezclador Autom\u00e1tico de Micr\u00f3fonos<\/li>\n<li>Puede ser montado en rack de 19&#8243;, con las orejas de rack opcionales<\/li>\n<li>Compatible con el Sistema de Mezcla Personal ME<\/li>\n<li>App Qu-Pad para iPad<\/li>\n<li>App monitorizaci\u00f3n personal Qu-You para iPhone \/ Android<\/li>\n<li>Trim, polaridad, HPF, gate, inserci\u00f3n \/ ducker, PEQ 4 bandas, compresor y retardo en todas las entradas<\/li>\n<li>Inserci\u00f3n, GEQ 1\/3 octava, PEQ 4 bandas, compresor y retardo en todas las salidas de mezcla<\/li>\n<li>Generador de se\u00f1al incorporado<\/li>\n<li>RTA con indicador de Pico de Banda<\/li>\n<li>Espectrograma para ayudar a la eliminaci\u00f3n de la realimentaci\u00f3n ac\u00fastica y a la compensaci\u00f3n de la ac\u00fastica de la sala<\/li>\n<\/ul>\n","protected":false},"excerpt":{"rendered":"<h3>Mezclador digital port\u00e1til 18 entradas y 14 salidas con control remoto inal\u00e1mbrico<\/h3>\n<ul class=\"summary\">\n<li>16 Entradas mono (TRS XLR)<\/li>\n<li>1 Entrada est\u00e9reo (TRS)<\/li>\n<li>Control total desde iPad<\/li>\n<li>Preamplificadores AnaLOGIQTM recuperables<\/li>\n<li>Librer\u00eda FX iLive<\/li>\n<li>Grabaci\u00f3n \/ reproducci\u00f3n directa Qu-Drive sobre unidades USB<\/li>\n<\/ul>\n","protected":false},"featured_media":9424,"template":"","meta":{"_acf_changed":false},"product_brand":[],"product_cat":[1493,1494,1490,1492],"product_tag":[],"class_list":{"0":"post-13711","1":"product","2":"type-product","3":"status-publish","4":"has-post-thumbnail","6":"product_cat-mesas-de-mezclas-allen-heath","7":"product_cat-mesas-de-mezclas-para-directo-mesas-de-mezclas-allen-heath","8":"product_cat-por-series-allen-heath","9":"product_cat-serie-qu","10":"product_series-serie-qu","12":"first","13":"instock","14":"shipping-taxable","15":"product-type-simple"},"acf":[],"yoast_head":"<!-- This site is optimized with the Yoast SEO plugin v27.1.1 - https:\/\/yoast.com\/product\/yoast-seo-wordpress\/ -->\n<title>Qu-SB - Audio-Technica Iberia<\/title>\n<meta name=\"robots\" content=\"index, follow, max-snippet:-1, max-image-preview:large, max-video-preview:-1\" \/>\n<link rel=\"canonical\" href=\"https:\/\/distribution.audio-technica.eu\/es-es\/productos\/qu-sb\/\" \/>\n<meta property=\"og:locale\" content=\"es_ES\" \/>\n<meta property=\"og:type\" content=\"article\" \/>\n<meta property=\"og:title\" content=\"Qu-SB - Audio-Technica Iberia\" \/>\n<meta property=\"og:description\" content=\"Mezclador digital port\u00e1til 18 entradas y 14 salidas con control remoto inal\u00e1mbrico   16 Entradas mono (TRS XLR)  1 Entrada est\u00e9reo (TRS)  Control total desde iPad  Preamplificadores AnaLOGIQTM recuperables  Librer\u00eda FX iLive  Grabaci\u00f3n \/ reproducci\u00f3n directa Qu-Drive sobre unidades USB\" \/>\n<meta property=\"og:url\" content=\"https:\/\/distribution.audio-technica.eu\/es-es\/productos\/qu-sb\/\" \/>\n<meta property=\"og:site_name\" content=\"Audio-Technica Iberia\" \/>\n<meta property=\"article:modified_time\" content=\"2025-06-19T13:37:08+00:00\" \/>\n<meta property=\"og:image\" content=\"https:\/\/distribution.audio-technica.eu\/app\/uploads\/sites\/2\/Allen-Heath-Qu-SB-iPad-1.jpg\" \/>\n\t<meta property=\"og:image:width\" content=\"1000\" \/>\n\t<meta property=\"og:image:height\" content=\"1000\" \/>\n\t<meta property=\"og:image:type\" content=\"image\/jpeg\" \/>\n<meta name=\"twitter:card\" content=\"summary_large_image\" \/>\n<meta name=\"twitter:label1\" content=\"Tiempo de lectura\" \/>\n\t<meta name=\"twitter:data1\" content=\"5 minutos\" \/>\n<script type=\"application\/ld+json\" class=\"yoast-schema-graph\">{\"@context\":\"https:\/\/schema.org\",\"@graph\":[{\"@type\":\"WebPage\",\"@id\":\"https:\/\/distribution.audio-technica.eu\/es-es\/productos\/qu-sb\/\",\"url\":\"https:\/\/distribution.audio-technica.eu\/es-es\/productos\/qu-sb\/\",\"name\":\"Qu-SB - Audio-Technica Iberia\",\"isPartOf\":{\"@id\":\"https:\/\/distribution.audio-technica.eu\/es-es\/#website\"},\"primaryImageOfPage\":{\"@id\":\"https:\/\/distribution.audio-technica.eu\/es-es\/productos\/qu-sb\/#primaryimage\"},\"image\":{\"@id\":\"https:\/\/distribution.audio-technica.eu\/es-es\/productos\/qu-sb\/#primaryimage\"},\"thumbnailUrl\":\"\/app\/uploads\/sites\/2\/Allen-Heath-Qu-SB-iPad-1.jpg\",\"datePublished\":\"2018-07-12T12:28:03+00:00\",\"dateModified\":\"2025-06-19T13:37:08+00:00\",\"breadcrumb\":{\"@id\":\"https:\/\/distribution.audio-technica.eu\/es-es\/productos\/qu-sb\/#breadcrumb\"},\"inLanguage\":\"es\",\"potentialAction\":[{\"@type\":\"ReadAction\",\"target\":[\"https:\/\/distribution.audio-technica.eu\/es-es\/productos\/qu-sb\/\"]}]},{\"@type\":\"ImageObject\",\"inLanguage\":\"es\",\"@id\":\"https:\/\/distribution.audio-technica.eu\/es-es\/productos\/qu-sb\/#primaryimage\",\"url\":\"\/app\/uploads\/sites\/2\/Allen-Heath-Qu-SB-iPad-1.jpg\",\"contentUrl\":\"\/app\/uploads\/sites\/2\/Allen-Heath-Qu-SB-iPad-1.jpg\",\"width\":1000,\"height\":1000},{\"@type\":\"BreadcrumbList\",\"@id\":\"https:\/\/distribution.audio-technica.eu\/es-es\/productos\/qu-sb\/#breadcrumb\",\"itemListElement\":[{\"@type\":\"ListItem\",\"position\":1,\"name\":\"Products\",\"item\":\"https:\/\/distribution.audio-technica.eu\/es-es\/\"},{\"@type\":\"ListItem\",\"position\":2,\"name\":\"Productos\",\"item\":\"https:\/\/distribution.audio-technica.eu\/es-es\/productos\/\"},{\"@type\":\"ListItem\",\"position\":3,\"name\":\"Qu-SB\"}]},{\"@type\":\"WebSite\",\"@id\":\"https:\/\/distribution.audio-technica.eu\/es-es\/#website\",\"url\":\"https:\/\/distribution.audio-technica.eu\/es-es\/\",\"name\":\"Audio-Technica Iberia\",\"description\":\"Distribuci\u00f3n\",\"potentialAction\":[{\"@type\":\"SearchAction\",\"target\":{\"@type\":\"EntryPoint\",\"urlTemplate\":\"https:\/\/distribution.audio-technica.eu\/es-es\/?s={search_term_string}\"},\"query-input\":{\"@type\":\"PropertyValueSpecification\",\"valueRequired\":true,\"valueName\":\"search_term_string\"}}],\"inLanguage\":\"es\"}]}<\/script>\n<!-- \/ Yoast SEO plugin. -->","yoast_head_json":{"title":"Qu-SB - Audio-Technica Iberia","robots":{"index":"index","follow":"follow","max-snippet":"max-snippet:-1","max-image-preview":"max-image-preview:large","max-video-preview":"max-video-preview:-1"},"canonical":"https:\/\/distribution.audio-technica.eu\/es-es\/productos\/qu-sb\/","og_locale":"es_ES","og_type":"article","og_title":"Qu-SB - Audio-Technica Iberia","og_description":"Mezclador digital port\u00e1til 18 entradas y 14 salidas con control remoto inal\u00e1mbrico   16 Entradas mono (TRS XLR)  1 Entrada est\u00e9reo (TRS)  Control total desde iPad  Preamplificadores AnaLOGIQTM recuperables  Librer\u00eda FX iLive  Grabaci\u00f3n \/ reproducci\u00f3n directa Qu-Drive sobre unidades USB","og_url":"https:\/\/distribution.audio-technica.eu\/es-es\/productos\/qu-sb\/","og_site_name":"Audio-Technica Iberia","article_modified_time":"2025-06-19T13:37:08+00:00","og_image":[{"width":1000,"height":1000,"url":"https:\/\/distribution.audio-technica.eu\/app\/uploads\/sites\/2\/Allen-Heath-Qu-SB-iPad-1.jpg","type":"image\/jpeg"}],"twitter_card":"summary_large_image","twitter_misc":{"Tiempo de lectura":"5 minutos"},"schema":{"@context":"https:\/\/schema.org","@graph":[{"@type":"WebPage","@id":"https:\/\/distribution.audio-technica.eu\/es-es\/productos\/qu-sb\/","url":"https:\/\/distribution.audio-technica.eu\/es-es\/productos\/qu-sb\/","name":"Qu-SB - Audio-Technica Iberia","isPartOf":{"@id":"https:\/\/distribution.audio-technica.eu\/es-es\/#website"},"primaryImageOfPage":{"@id":"https:\/\/distribution.audio-technica.eu\/es-es\/productos\/qu-sb\/#primaryimage"},"image":{"@id":"https:\/\/distribution.audio-technica.eu\/es-es\/productos\/qu-sb\/#primaryimage"},"thumbnailUrl":"\/app\/uploads\/sites\/2\/Allen-Heath-Qu-SB-iPad-1.jpg","datePublished":"2018-07-12T12:28:03+00:00","dateModified":"2025-06-19T13:37:08+00:00","breadcrumb":{"@id":"https:\/\/distribution.audio-technica.eu\/es-es\/productos\/qu-sb\/#breadcrumb"},"inLanguage":"es","potentialAction":[{"@type":"ReadAction","target":["https:\/\/distribution.audio-technica.eu\/es-es\/productos\/qu-sb\/"]}]},{"@type":"ImageObject","inLanguage":"es","@id":"https:\/\/distribution.audio-technica.eu\/es-es\/productos\/qu-sb\/#primaryimage","url":"\/app\/uploads\/sites\/2\/Allen-Heath-Qu-SB-iPad-1.jpg","contentUrl":"\/app\/uploads\/sites\/2\/Allen-Heath-Qu-SB-iPad-1.jpg","width":1000,"height":1000},{"@type":"BreadcrumbList","@id":"https:\/\/distribution.audio-technica.eu\/es-es\/productos\/qu-sb\/#breadcrumb","itemListElement":[{"@type":"ListItem","position":1,"name":"Products","item":"https:\/\/distribution.audio-technica.eu\/es-es\/"},{"@type":"ListItem","position":2,"name":"Productos","item":"https:\/\/distribution.audio-technica.eu\/es-es\/productos\/"},{"@type":"ListItem","position":3,"name":"Qu-SB"}]},{"@type":"WebSite","@id":"https:\/\/distribution.audio-technica.eu\/es-es\/#website","url":"https:\/\/distribution.audio-technica.eu\/es-es\/","name":"Audio-Technica Iberia","description":"Distribuci\u00f3n","potentialAction":[{"@type":"SearchAction","target":{"@type":"EntryPoint","urlTemplate":"https:\/\/distribution.audio-technica.eu\/es-es\/?s={search_term_string}"},"query-input":{"@type":"PropertyValueSpecification","valueRequired":true,"valueName":"search_term_string"}}],"inLanguage":"es"}]}},"_links":{"self":[{"href":"https:\/\/distribution.audio-technica.eu\/es-es\/wp-json\/wp\/v2\/product\/13711","targetHints":{"allow":["GET"]}}],"collection":[{"href":"https:\/\/distribution.audio-technica.eu\/es-es\/wp-json\/wp\/v2\/product"}],"about":[{"href":"https:\/\/distribution.audio-technica.eu\/es-es\/wp-json\/wp\/v2\/types\/product"}],"wp:featuredmedia":[{"embeddable":true,"href":"https:\/\/distribution.audio-technica.eu\/es-es\/wp-json\/wp\/v2\/media\/9424"}],"wp:attachment":[{"href":"https:\/\/distribution.audio-technica.eu\/es-es\/wp-json\/wp\/v2\/media?parent=13711"}],"wp:term":[{"taxonomy":"product_brand","embeddable":true,"href":"https:\/\/distribution.audio-technica.eu\/es-es\/wp-json\/wp\/v2\/product_brand?post=13711"},{"taxonomy":"product_cat","embeddable":true,"href":"https:\/\/distribution.audio-technica.eu\/es-es\/wp-json\/wp\/v2\/product_cat?post=13711"},{"taxonomy":"product_tag","embeddable":true,"href":"https:\/\/distribution.audio-technica.eu\/es-es\/wp-json\/wp\/v2\/product_tag?post=13711"}],"curies":[{"name":"wp","href":"https:\/\/api.w.org\/{rel}","templated":true}]}}