{"id":13712,"date":"2018-07-12T14:28:03","date_gmt":"2018-07-12T12:28:03","guid":{"rendered":"https:\/\/atdb-production.studiograft.dev\/es\/product\/import-placeholder-for-732\/"},"modified":"2025-06-19T15:36:43","modified_gmt":"2025-06-19T13:36:43","slug":"qu-pac","status":"publish","type":"product","link":"https:\/\/distribution.audio-technica.eu\/es-es\/productos\/qu-pac\/","title":{"rendered":"Qu-Pac"},"content":{"rendered":"<h2>Qu-Pac<\/h2>\n<h3>Mezclador digital compacto<\/h3>\n<p>Qu-Pac toma la potencia y legendaria calidad de los mezcladores de la familia Qu y las comprime hasta conseguir un mezclador ultra compacto, en formato sobremesa o rack, proporcionando al usuario toda la libertad para mezclar desde un iPad, aunque todas las funciones del mezclador siguen siendo accesibles desde el panel frontal y su pantalla t\u00e1ctil.<br \/>\nCon la posibilidad de realizar ajustes personalizadas y su capacidad de disponer de hasta 36 entradas a trav\u00e9s de dSNAKE (con una conexi\u00f3n CAT5), Qu-Pac ofrece una soluci\u00f3n escalable y rentable para bandas, escuelas, hoteles, eventos corporativos, bares con m\u00fasica en directo, salas de conferencias, mezcla personal y muchas otras situaciones que requieran una soluci\u00f3n de mezcla profesional en un formato extremadamente compacto.<br \/>\nQu-Pac tiene incorporada la misma capacidad de entradas \/ salidas f\u00edsicas del mezclador Qu-16, pero cuenta con la misma unidad central que el modelo Qu-32, lo que le permite manejar hasta 38 entradas cuando es conectada a una de las unidades disponibles dentro de la familia de AudioRacks. Esta conexi\u00f3n puede realizarse con hasta 120 metros de un \u00fanico cable Cat5.<br \/>\nQu-Pac incorpora 16 preamplificadores AnaLOGIQ, con capacidad de recuperaci\u00f3n de par\u00e1metros (Total Recall). Todas sus entradas disponen de controles Trim, polaridad, HPF, gate, inserci\u00f3n \/ ducker, ecualizaci\u00f3n param\u00e9trica de cuatro bandas, compresor y retardo.<br \/>\nLos algoritmos de din\u00e1mica y FX que incorpora Qu-Pac proceden de los FX utilizados en los modelos de consolas digitales iLive. Algunos de los ingenieros de audio m\u00e1s respetados del mundo han escogido utilizar los FX de iLive en sus giras, sustituyendo a las mejores unidades externas y plug ins de FX m\u00e1s prestigiosos del mundo.<br \/>\nQu-Pac dispone de 4 motores est\u00e9reo de efectos, que incluyen las espectaculares emulaciones de reverbs cl\u00e1sicas legendarias, reverbs puerteadas, retardos, moduladores, flangers y mucho m\u00e1s. La librer\u00eda de FX tiene capacidad de ampliaci\u00f3n con las futuras actualizaciones del firmware. Los FX son devueltos a la mezcla a trav\u00e9s de canales de retorno espec\u00edficos. Cada retorno est\u00e9reo de efecto dispone de su propia ecualizaci\u00f3n param\u00e9trica de 4 bandas.<br \/>\nEste compacto mezclador digital dispone tambi\u00e9n de la capacidad de grabaci\u00f3n y reproducci\u00f3n directa multipista sobre unidades USB (Qu-Drive).<br \/>\nLa presencia de permisos de usuario y la capacidad de personalizar la pantalla de control, hacen de Qu-Pac la soluci\u00f3n m\u00e1s id\u00f3nea y segura para que pueda ser utilizada en el trabajo diario por personal no t\u00e9cnico.<\/p>\n<ul>\n<li>16 Preamplificadores AnaLOGIQ, con capacidad de recuperaci\u00f3n de par\u00e1metros<\/li>\n<li>16 Entradas Micro \/ L\u00ednea (XLR \/ TRS)<\/li>\n<li>Ampliable hasta 38 entradas a trav\u00e9s de dSNAKE<\/li>\n<li>3 Entradas est\u00e9reo (TRS)<\/li>\n<li>Canales de entrada: 32 Mono 3 Est\u00e9reo<\/li>\n<li>12 Salidas de mezcla en la unidad (XLR)<\/li>\n<li>4 Grupos est\u00e9reo<\/li>\n<li>2 Salidas matriz est\u00e9reo<\/li>\n<li>Salida digital AES<\/li>\n<li>4 Grupos DCA<\/li>\n<li>4 Grupos Mute<\/li>\n<li>App Qu-Pad para iPad para todos los controles de mezcla en directo<\/li>\n<li>App Qu-You para iPhone para monitorizaci\u00f3n personal<\/li>\n<li>Grabaci\u00f3n \/ reproducci\u00f3n directa multipista Qu-Drive sobre unidades USB<\/li>\n<li>15 Soft Keys<\/li>\n<li>16 Teclas Custom Select<\/li>\n<li>Pantalla Qu-Control personalizada<\/li>\n<li>4 Motores FX<\/li>\n<li>4 Env\u00edos \/ retornos FX<\/li>\n<li>Interface de audio USB 32\u00d732 USB<\/li>\n<li>Pantalla t\u00e1ctil 5&#8243;<\/li>\n<li>Librer\u00eda de FX de iLive<\/li>\n<li>Compatible con el sistema de monitorizaci\u00f3n personal ME<\/li>\n<li>Controles Trim, polaridad, HPF, gate, inserci\u00f3n \/ ducker, ecualizaci\u00f3n param\u00e9trica de 4 bandas, compresor y retardo en todas las entradas<\/li>\n<li>Inserci\u00f3n, ecualizaci\u00f3n param\u00e9trica 4 bandas, ecualizaci\u00f3n gr\u00e1fica 1\/3 octava GEQ, compresor y retardo en todas las salidas de mezcla<\/li>\n<li>Generador de se\u00f1al incorporado<\/li>\n<li>Analizador de audio en tiempo real con indicaci\u00f3n de pico de banda<\/li>\n<\/ul>\n","protected":false},"excerpt":{"rendered":"<h3>Mezclador digital compacto<\/h3>\n<ul class=\"summary\">\n<li>16 Preamplificadores AnaLOGIQ<\/li>\n<li>16 entradas Micro \/ L\u00ednea (XLR \/ TRS)<\/li>\n<li>12 salidas de mezcla en la unidad<\/li>\n<li>App Qu-Pad para iPad para todos los controles de mezcla en directo<\/li>\n<li>App Qu-You para iPhone para monitorizaci\u00f3n personal<\/li>\n<li>Grabaci\u00f3n \/ reproducci\u00f3n directa Qu-Drive sobre unidades USB<\/li>\n<\/ul>\n","protected":false},"featured_media":9435,"template":"","meta":{"_acf_changed":false},"product_brand":[],"product_cat":[1493,1494,1490,1492],"product_tag":[],"class_list":{"0":"post-13712","1":"product","2":"type-product","3":"status-publish","4":"has-post-thumbnail","6":"product_cat-mesas-de-mezclas-allen-heath","7":"product_cat-mesas-de-mezclas-para-directo-mesas-de-mezclas-allen-heath","8":"product_cat-por-series-allen-heath","9":"product_cat-serie-qu","10":"product_series-serie-qu","12":"first","13":"instock","14":"shipping-taxable","15":"product-type-simple"},"acf":[],"yoast_head":"<!-- This site is optimized with the Yoast SEO plugin v27.1.1 - https:\/\/yoast.com\/product\/yoast-seo-wordpress\/ -->\n<title>Qu-Pac - Audio-Technica Iberia<\/title>\n<meta name=\"robots\" content=\"index, follow, max-snippet:-1, max-image-preview:large, max-video-preview:-1\" \/>\n<link rel=\"canonical\" href=\"https:\/\/distribution.audio-technica.eu\/es-es\/productos\/qu-pac\/\" \/>\n<meta property=\"og:locale\" content=\"es_ES\" \/>\n<meta property=\"og:type\" content=\"article\" \/>\n<meta property=\"og:title\" content=\"Qu-Pac - Audio-Technica Iberia\" \/>\n<meta property=\"og:description\" content=\"Mezclador digital compacto   16 Preamplificadores AnaLOGIQ  16 entradas Micro \/ L\u00ednea (XLR \/ TRS)  12 salidas de mezcla en la unidad  App Qu-Pad para iPad para todos los controles de mezcla en directo  App Qu-You para iPhone para monitorizaci\u00f3n personal  Grabaci\u00f3n \/ reproducci\u00f3n directa Qu-Drive sobre unidades USB\" \/>\n<meta property=\"og:url\" content=\"https:\/\/distribution.audio-technica.eu\/es-es\/productos\/qu-pac\/\" \/>\n<meta property=\"og:site_name\" content=\"Audio-Technica Iberia\" \/>\n<meta property=\"article:modified_time\" content=\"2025-06-19T13:36:43+00:00\" \/>\n<meta property=\"og:image\" content=\"https:\/\/distribution.audio-technica.eu\/app\/uploads\/sites\/2\/Allen-Heath-Qu-Pac-full-set-1.jpg\" \/>\n\t<meta property=\"og:image:width\" content=\"1000\" \/>\n\t<meta property=\"og:image:height\" content=\"1000\" \/>\n\t<meta property=\"og:image:type\" content=\"image\/jpeg\" \/>\n<meta name=\"twitter:card\" content=\"summary_large_image\" \/>\n<meta name=\"twitter:label1\" content=\"Tiempo de lectura\" \/>\n\t<meta name=\"twitter:data1\" content=\"3 minutos\" \/>\n<script type=\"application\/ld+json\" class=\"yoast-schema-graph\">{\"@context\":\"https:\/\/schema.org\",\"@graph\":[{\"@type\":\"WebPage\",\"@id\":\"https:\/\/distribution.audio-technica.eu\/es-es\/productos\/qu-pac\/\",\"url\":\"https:\/\/distribution.audio-technica.eu\/es-es\/productos\/qu-pac\/\",\"name\":\"Qu-Pac - Audio-Technica Iberia\",\"isPartOf\":{\"@id\":\"https:\/\/distribution.audio-technica.eu\/es-es\/#website\"},\"primaryImageOfPage\":{\"@id\":\"https:\/\/distribution.audio-technica.eu\/es-es\/productos\/qu-pac\/#primaryimage\"},\"image\":{\"@id\":\"https:\/\/distribution.audio-technica.eu\/es-es\/productos\/qu-pac\/#primaryimage\"},\"thumbnailUrl\":\"\/app\/uploads\/sites\/2\/Allen-Heath-Qu-Pac-full-set-1.jpg\",\"datePublished\":\"2018-07-12T12:28:03+00:00\",\"dateModified\":\"2025-06-19T13:36:43+00:00\",\"breadcrumb\":{\"@id\":\"https:\/\/distribution.audio-technica.eu\/es-es\/productos\/qu-pac\/#breadcrumb\"},\"inLanguage\":\"es\",\"potentialAction\":[{\"@type\":\"ReadAction\",\"target\":[\"https:\/\/distribution.audio-technica.eu\/es-es\/productos\/qu-pac\/\"]}]},{\"@type\":\"ImageObject\",\"inLanguage\":\"es\",\"@id\":\"https:\/\/distribution.audio-technica.eu\/es-es\/productos\/qu-pac\/#primaryimage\",\"url\":\"\/app\/uploads\/sites\/2\/Allen-Heath-Qu-Pac-full-set-1.jpg\",\"contentUrl\":\"\/app\/uploads\/sites\/2\/Allen-Heath-Qu-Pac-full-set-1.jpg\",\"width\":1000,\"height\":1000},{\"@type\":\"BreadcrumbList\",\"@id\":\"https:\/\/distribution.audio-technica.eu\/es-es\/productos\/qu-pac\/#breadcrumb\",\"itemListElement\":[{\"@type\":\"ListItem\",\"position\":1,\"name\":\"Products\",\"item\":\"https:\/\/distribution.audio-technica.eu\/es-es\/\"},{\"@type\":\"ListItem\",\"position\":2,\"name\":\"Productos\",\"item\":\"https:\/\/distribution.audio-technica.eu\/es-es\/productos\/\"},{\"@type\":\"ListItem\",\"position\":3,\"name\":\"Qu-Pac\"}]},{\"@type\":\"WebSite\",\"@id\":\"https:\/\/distribution.audio-technica.eu\/es-es\/#website\",\"url\":\"https:\/\/distribution.audio-technica.eu\/es-es\/\",\"name\":\"Audio-Technica Iberia\",\"description\":\"Distribuci\u00f3n\",\"potentialAction\":[{\"@type\":\"SearchAction\",\"target\":{\"@type\":\"EntryPoint\",\"urlTemplate\":\"https:\/\/distribution.audio-technica.eu\/es-es\/?s={search_term_string}\"},\"query-input\":{\"@type\":\"PropertyValueSpecification\",\"valueRequired\":true,\"valueName\":\"search_term_string\"}}],\"inLanguage\":\"es\"}]}<\/script>\n<!-- \/ Yoast SEO plugin. -->","yoast_head_json":{"title":"Qu-Pac - Audio-Technica Iberia","robots":{"index":"index","follow":"follow","max-snippet":"max-snippet:-1","max-image-preview":"max-image-preview:large","max-video-preview":"max-video-preview:-1"},"canonical":"https:\/\/distribution.audio-technica.eu\/es-es\/productos\/qu-pac\/","og_locale":"es_ES","og_type":"article","og_title":"Qu-Pac - Audio-Technica Iberia","og_description":"Mezclador digital compacto   16 Preamplificadores AnaLOGIQ  16 entradas Micro \/ L\u00ednea (XLR \/ TRS)  12 salidas de mezcla en la unidad  App Qu-Pad para iPad para todos los controles de mezcla en directo  App Qu-You para iPhone para monitorizaci\u00f3n personal  Grabaci\u00f3n \/ reproducci\u00f3n directa Qu-Drive sobre unidades USB","og_url":"https:\/\/distribution.audio-technica.eu\/es-es\/productos\/qu-pac\/","og_site_name":"Audio-Technica Iberia","article_modified_time":"2025-06-19T13:36:43+00:00","og_image":[{"width":1000,"height":1000,"url":"https:\/\/distribution.audio-technica.eu\/app\/uploads\/sites\/2\/Allen-Heath-Qu-Pac-full-set-1.jpg","type":"image\/jpeg"}],"twitter_card":"summary_large_image","twitter_misc":{"Tiempo de lectura":"3 minutos"},"schema":{"@context":"https:\/\/schema.org","@graph":[{"@type":"WebPage","@id":"https:\/\/distribution.audio-technica.eu\/es-es\/productos\/qu-pac\/","url":"https:\/\/distribution.audio-technica.eu\/es-es\/productos\/qu-pac\/","name":"Qu-Pac - Audio-Technica Iberia","isPartOf":{"@id":"https:\/\/distribution.audio-technica.eu\/es-es\/#website"},"primaryImageOfPage":{"@id":"https:\/\/distribution.audio-technica.eu\/es-es\/productos\/qu-pac\/#primaryimage"},"image":{"@id":"https:\/\/distribution.audio-technica.eu\/es-es\/productos\/qu-pac\/#primaryimage"},"thumbnailUrl":"\/app\/uploads\/sites\/2\/Allen-Heath-Qu-Pac-full-set-1.jpg","datePublished":"2018-07-12T12:28:03+00:00","dateModified":"2025-06-19T13:36:43+00:00","breadcrumb":{"@id":"https:\/\/distribution.audio-technica.eu\/es-es\/productos\/qu-pac\/#breadcrumb"},"inLanguage":"es","potentialAction":[{"@type":"ReadAction","target":["https:\/\/distribution.audio-technica.eu\/es-es\/productos\/qu-pac\/"]}]},{"@type":"ImageObject","inLanguage":"es","@id":"https:\/\/distribution.audio-technica.eu\/es-es\/productos\/qu-pac\/#primaryimage","url":"\/app\/uploads\/sites\/2\/Allen-Heath-Qu-Pac-full-set-1.jpg","contentUrl":"\/app\/uploads\/sites\/2\/Allen-Heath-Qu-Pac-full-set-1.jpg","width":1000,"height":1000},{"@type":"BreadcrumbList","@id":"https:\/\/distribution.audio-technica.eu\/es-es\/productos\/qu-pac\/#breadcrumb","itemListElement":[{"@type":"ListItem","position":1,"name":"Products","item":"https:\/\/distribution.audio-technica.eu\/es-es\/"},{"@type":"ListItem","position":2,"name":"Productos","item":"https:\/\/distribution.audio-technica.eu\/es-es\/productos\/"},{"@type":"ListItem","position":3,"name":"Qu-Pac"}]},{"@type":"WebSite","@id":"https:\/\/distribution.audio-technica.eu\/es-es\/#website","url":"https:\/\/distribution.audio-technica.eu\/es-es\/","name":"Audio-Technica Iberia","description":"Distribuci\u00f3n","potentialAction":[{"@type":"SearchAction","target":{"@type":"EntryPoint","urlTemplate":"https:\/\/distribution.audio-technica.eu\/es-es\/?s={search_term_string}"},"query-input":{"@type":"PropertyValueSpecification","valueRequired":true,"valueName":"search_term_string"}}],"inLanguage":"es"}]}},"_links":{"self":[{"href":"https:\/\/distribution.audio-technica.eu\/es-es\/wp-json\/wp\/v2\/product\/13712","targetHints":{"allow":["GET"]}}],"collection":[{"href":"https:\/\/distribution.audio-technica.eu\/es-es\/wp-json\/wp\/v2\/product"}],"about":[{"href":"https:\/\/distribution.audio-technica.eu\/es-es\/wp-json\/wp\/v2\/types\/product"}],"wp:featuredmedia":[{"embeddable":true,"href":"https:\/\/distribution.audio-technica.eu\/es-es\/wp-json\/wp\/v2\/media\/9435"}],"wp:attachment":[{"href":"https:\/\/distribution.audio-technica.eu\/es-es\/wp-json\/wp\/v2\/media?parent=13712"}],"wp:term":[{"taxonomy":"product_brand","embeddable":true,"href":"https:\/\/distribution.audio-technica.eu\/es-es\/wp-json\/wp\/v2\/product_brand?post=13712"},{"taxonomy":"product_cat","embeddable":true,"href":"https:\/\/distribution.audio-technica.eu\/es-es\/wp-json\/wp\/v2\/product_cat?post=13712"},{"taxonomy":"product_tag","embeddable":true,"href":"https:\/\/distribution.audio-technica.eu\/es-es\/wp-json\/wp\/v2\/product_tag?post=13712"}],"curies":[{"name":"wp","href":"https:\/\/api.w.org\/{rel}","templated":true}]}}