{"id":13716,"date":"2018-07-12T14:28:04","date_gmt":"2018-07-12T12:28:04","guid":{"rendered":"https:\/\/atdb-production.studiograft.dev\/es\/product\/import-placeholder-for-739\/"},"modified":"2023-07-13T13:30:06","modified_gmt":"2023-07-13T11:30:06","slug":"gr4","status":"publish","type":"product","link":"https:\/\/distribution.audio-technica.eu\/es-es\/productos\/gr4\/","title":{"rendered":"GR4"},"content":{"rendered":"<h2>GR4<\/h2>\n<h3>Mezclador de zona 8entradas \/ 4salidas<\/h3>\n<p>GR4 es un mezclador de audio que puede ser montado en rack (1U) o sobremesa, que proporciona un simple pero exhaustivo control de la m\u00fasica ambiental y zonas en bares, restaurantes, almacenes y otros entornos de ocio\/comerciales. Entre sus excelentes prestaciones destaca la posibilidad de utilizar paneles de control remotos opcionales y la presencia de una entrada de micro en el panel frontal, y un jack de 3,5 mm, tambi\u00e9n en el panel frontal, que permite la conexi\u00f3n de fuentes musicales port\u00e1tiles.\n<\/p>\n<ul>\n<li><strong>Entradas de micro<\/strong>: 4 en el panel posterior, a trav\u00e9s de conectores Phoenix, con MIC1 seleccionable para que entre a trav\u00e9s del conector XLR situado en al panel frontal.<\/li>\n<li><strong>Entradas l\u00ednea<\/strong>: Cuatro entradas est\u00e9reo a trav\u00e9s de conectores fono situados en el panel posterior. Un conector jack de 3,5 mm adicional montado en el panel frontal anula la fuente de entrada fono 4.<\/li>\n<li><strong>Salidas de zona<\/strong>: 2 zonas est\u00e9reo (configurable como mono a trav\u00e9s de un puente interno) a trav\u00e9s de conectores Phoenix situados en el panel posterior. Est\u00e1n disponibles dos salidas de zonas mono adicionales con salida de mezcla seleccionable por medio de puentes internos.<\/li>\n<li><strong>Control<\/strong>: Salidas de contacto para alarma y aviso, en el panel posterior a trav\u00e9s de conectores Phoenix, que permiten la integraci\u00f3n de estaciones de avisos fabricadas por terceros y sistemas de alarma de incendios.<\/li>\n<li><strong>Remoto<\/strong>: Control remoto a trav\u00e9s de paneles de control PL-14 conectados en la conexi\u00f3n posterior RJ45, o controles remotos anal\u00f3gicos personalizados \/ fabricados por terceros conectados a los conectores Phoenix posteriores.<\/li>\n<li><strong>Mezcla<\/strong>: Mezcla individual y control seleccionable de todas las entradas a Z1 y Z2. M\u00faltiples opciones de configuraci\u00f3n de las salidas de mezcla para Z3 y Z4 (por medio de puentes internos).<\/li>\n<li><strong>Din\u00e1mica<\/strong>: Ganancia y EQ 2 bandas disponible en todas las entradas de micro, con EQ de 2 bandas adicional en las salidas Z1 y Z2.<\/li>\n<li><strong>Modo primario micro<\/strong>: Cuando se detecta audio en el canal MIC1 y\/o cierre de contacto PAGE, la m\u00fasica hace fundido hasta el nivel preseleccionado y los MICs 2-4 son enmudecidos mientras dure el aviso. Los LEDs de selecci\u00f3n de la zona MIC1 parpadean lentamente cuando se encuentra en modo prioridad de micro.<\/li>\n<li><strong>Modos seleccionables<\/strong> para el instalador que incluyen:\n<ul style=\"margin-left: 40px;\">\n<li>Modos MIC primario y secundario: perfecto para controlar la jerarqu\u00eda de los micr\u00f3fonos para anuncios<\/li>\n<li>Modo Micro emergencia: Para ser utilizado con sistemas fabricados por terceros en situaciones de emergencia. Enmudece todas las entradas excepto MIC1 cuando se produce el cierre del contacto de alarma.<\/li>\n<li>Modo Juke box: Proporciona una entrada de l\u00ednea de prioridad para anuncios pregrabados o material programado.<\/li>\n<\/ul>\n<\/li>\n<li><strong>Prestaciones avanzadas<\/strong> en modo Programaci\u00f3n:\n<ul style=\"margin-left: 40px;\">\n<li>Atenuaci\u00f3n Ducker<\/li>\n<li>Tiempo de mantenimiento Ducker<\/li>\n<li>Tiempo relajaci\u00f3n Ducker<\/li>\n<li>Tiempo crossfade m\u00fasica<\/li>\n<li>Tiempo mantenimiento Jukebox<\/li>\n<li>Tiempo relajaci\u00f3n Jukebox<\/li>\n<\/ul>\n<\/li>\n<\/ul>\n<\/div>\n<\/div>\n","protected":false},"excerpt":{"rendered":"<h3>Mezclador de zona 8 entradas \/ 4 salidas<\/h3>\n<ul class='summary'>\n<li>8 Entradas de micro\/linea y 2 salidas est\u00e9reo de zona<\/li>\n<li>Control mediante paneles remoto con cableado CAT5<\/li>\n<li>Una entrada de micro en el panel frontal<\/li>\n<li>Sistema de bloqueo contra manipulaciones indeseadas<\/li>\n<\/ul>\n","protected":false},"featured_media":9446,"template":"","meta":{"_acf_changed":false},"product_brand":[],"product_cat":[1493,1497,1490,1498],"product_tag":[],"class_list":{"0":"post-13716","1":"product","2":"type-product","3":"status-publish","4":"has-post-thumbnail","6":"product_cat-mesas-de-mezclas-allen-heath","7":"product_cat-mezcladores-rack","8":"product_cat-por-series-allen-heath","9":"product_cat-serie-gr","10":"product_series-serie-gr","12":"first","13":"instock","14":"shipping-taxable","15":"product-type-simple"},"acf":[],"yoast_head":"<!-- This site is optimized with the Yoast SEO plugin v27.1.1 - https:\/\/yoast.com\/product\/yoast-seo-wordpress\/ -->\n<title>GR4 - Audio-Technica Iberia<\/title>\n<meta name=\"robots\" content=\"index, follow, max-snippet:-1, max-image-preview:large, max-video-preview:-1\" \/>\n<link rel=\"canonical\" href=\"https:\/\/distribution.audio-technica.eu\/es-es\/productos\/gr4\/\" \/>\n<meta property=\"og:locale\" content=\"es_ES\" \/>\n<meta property=\"og:type\" content=\"article\" \/>\n<meta property=\"og:title\" content=\"GR4 - Audio-Technica Iberia\" \/>\n<meta property=\"og:description\" content=\"Mezclador de zona 8 entradas \/ 4 salidas8 Entradas de micro\/linea y 2 salidas est\u00e9reo de zonaControl mediante paneles remoto con cableado CAT5Una entrada de micro en el panel frontalSistema de bloqueo contra manipulaciones indeseadas\" \/>\n<meta property=\"og:url\" content=\"https:\/\/distribution.audio-technica.eu\/es-es\/productos\/gr4\/\" \/>\n<meta property=\"og:site_name\" content=\"Audio-Technica Iberia\" \/>\n<meta property=\"article:modified_time\" content=\"2023-07-13T11:30:06+00:00\" \/>\n<meta property=\"og:image\" content=\"https:\/\/distribution.audio-technica.eu\/app\/uploads\/sites\/2\/Allen-Heath-GR4-1.jpg\" \/>\n\t<meta property=\"og:image:width\" content=\"1000\" \/>\n\t<meta property=\"og:image:height\" content=\"1000\" \/>\n\t<meta property=\"og:image:type\" content=\"image\/jpeg\" \/>\n<meta name=\"twitter:card\" content=\"summary_large_image\" \/>\n<meta name=\"twitter:label1\" content=\"Tiempo de lectura\" \/>\n\t<meta name=\"twitter:data1\" content=\"2 minutos\" \/>\n<script type=\"application\/ld+json\" class=\"yoast-schema-graph\">{\"@context\":\"https:\/\/schema.org\",\"@graph\":[{\"@type\":\"WebPage\",\"@id\":\"https:\/\/distribution.audio-technica.eu\/es-es\/productos\/gr4\/\",\"url\":\"https:\/\/distribution.audio-technica.eu\/es-es\/productos\/gr4\/\",\"name\":\"GR4 - Audio-Technica Iberia\",\"isPartOf\":{\"@id\":\"https:\/\/distribution.audio-technica.eu\/es-es\/#website\"},\"primaryImageOfPage\":{\"@id\":\"https:\/\/distribution.audio-technica.eu\/es-es\/productos\/gr4\/#primaryimage\"},\"image\":{\"@id\":\"https:\/\/distribution.audio-technica.eu\/es-es\/productos\/gr4\/#primaryimage\"},\"thumbnailUrl\":\"\/app\/uploads\/sites\/2\/Allen-Heath-GR4-1.jpg\",\"datePublished\":\"2018-07-12T12:28:04+00:00\",\"dateModified\":\"2023-07-13T11:30:06+00:00\",\"breadcrumb\":{\"@id\":\"https:\/\/distribution.audio-technica.eu\/es-es\/productos\/gr4\/#breadcrumb\"},\"inLanguage\":\"es\",\"potentialAction\":[{\"@type\":\"ReadAction\",\"target\":[\"https:\/\/distribution.audio-technica.eu\/es-es\/productos\/gr4\/\"]}]},{\"@type\":\"ImageObject\",\"inLanguage\":\"es\",\"@id\":\"https:\/\/distribution.audio-technica.eu\/es-es\/productos\/gr4\/#primaryimage\",\"url\":\"\/app\/uploads\/sites\/2\/Allen-Heath-GR4-1.jpg\",\"contentUrl\":\"\/app\/uploads\/sites\/2\/Allen-Heath-GR4-1.jpg\",\"width\":1000,\"height\":1000},{\"@type\":\"BreadcrumbList\",\"@id\":\"https:\/\/distribution.audio-technica.eu\/es-es\/productos\/gr4\/#breadcrumb\",\"itemListElement\":[{\"@type\":\"ListItem\",\"position\":1,\"name\":\"Products\",\"item\":\"https:\/\/distribution.audio-technica.eu\/es-es\/\"},{\"@type\":\"ListItem\",\"position\":2,\"name\":\"Productos\",\"item\":\"https:\/\/distribution.audio-technica.eu\/es-es\/productos\/\"},{\"@type\":\"ListItem\",\"position\":3,\"name\":\"GR4\"}]},{\"@type\":\"WebSite\",\"@id\":\"https:\/\/distribution.audio-technica.eu\/es-es\/#website\",\"url\":\"https:\/\/distribution.audio-technica.eu\/es-es\/\",\"name\":\"Audio-Technica Iberia\",\"description\":\"Distribuci\u00f3n\",\"potentialAction\":[{\"@type\":\"SearchAction\",\"target\":{\"@type\":\"EntryPoint\",\"urlTemplate\":\"https:\/\/distribution.audio-technica.eu\/es-es\/?s={search_term_string}\"},\"query-input\":{\"@type\":\"PropertyValueSpecification\",\"valueRequired\":true,\"valueName\":\"search_term_string\"}}],\"inLanguage\":\"es\"}]}<\/script>\n<!-- \/ Yoast SEO plugin. -->","yoast_head_json":{"title":"GR4 - Audio-Technica Iberia","robots":{"index":"index","follow":"follow","max-snippet":"max-snippet:-1","max-image-preview":"max-image-preview:large","max-video-preview":"max-video-preview:-1"},"canonical":"https:\/\/distribution.audio-technica.eu\/es-es\/productos\/gr4\/","og_locale":"es_ES","og_type":"article","og_title":"GR4 - Audio-Technica Iberia","og_description":"Mezclador de zona 8 entradas \/ 4 salidas8 Entradas de micro\/linea y 2 salidas est\u00e9reo de zonaControl mediante paneles remoto con cableado CAT5Una entrada de micro en el panel frontalSistema de bloqueo contra manipulaciones indeseadas","og_url":"https:\/\/distribution.audio-technica.eu\/es-es\/productos\/gr4\/","og_site_name":"Audio-Technica Iberia","article_modified_time":"2023-07-13T11:30:06+00:00","og_image":[{"width":1000,"height":1000,"url":"https:\/\/distribution.audio-technica.eu\/app\/uploads\/sites\/2\/Allen-Heath-GR4-1.jpg","type":"image\/jpeg"}],"twitter_card":"summary_large_image","twitter_misc":{"Tiempo de lectura":"2 minutos"},"schema":{"@context":"https:\/\/schema.org","@graph":[{"@type":"WebPage","@id":"https:\/\/distribution.audio-technica.eu\/es-es\/productos\/gr4\/","url":"https:\/\/distribution.audio-technica.eu\/es-es\/productos\/gr4\/","name":"GR4 - Audio-Technica Iberia","isPartOf":{"@id":"https:\/\/distribution.audio-technica.eu\/es-es\/#website"},"primaryImageOfPage":{"@id":"https:\/\/distribution.audio-technica.eu\/es-es\/productos\/gr4\/#primaryimage"},"image":{"@id":"https:\/\/distribution.audio-technica.eu\/es-es\/productos\/gr4\/#primaryimage"},"thumbnailUrl":"\/app\/uploads\/sites\/2\/Allen-Heath-GR4-1.jpg","datePublished":"2018-07-12T12:28:04+00:00","dateModified":"2023-07-13T11:30:06+00:00","breadcrumb":{"@id":"https:\/\/distribution.audio-technica.eu\/es-es\/productos\/gr4\/#breadcrumb"},"inLanguage":"es","potentialAction":[{"@type":"ReadAction","target":["https:\/\/distribution.audio-technica.eu\/es-es\/productos\/gr4\/"]}]},{"@type":"ImageObject","inLanguage":"es","@id":"https:\/\/distribution.audio-technica.eu\/es-es\/productos\/gr4\/#primaryimage","url":"\/app\/uploads\/sites\/2\/Allen-Heath-GR4-1.jpg","contentUrl":"\/app\/uploads\/sites\/2\/Allen-Heath-GR4-1.jpg","width":1000,"height":1000},{"@type":"BreadcrumbList","@id":"https:\/\/distribution.audio-technica.eu\/es-es\/productos\/gr4\/#breadcrumb","itemListElement":[{"@type":"ListItem","position":1,"name":"Products","item":"https:\/\/distribution.audio-technica.eu\/es-es\/"},{"@type":"ListItem","position":2,"name":"Productos","item":"https:\/\/distribution.audio-technica.eu\/es-es\/productos\/"},{"@type":"ListItem","position":3,"name":"GR4"}]},{"@type":"WebSite","@id":"https:\/\/distribution.audio-technica.eu\/es-es\/#website","url":"https:\/\/distribution.audio-technica.eu\/es-es\/","name":"Audio-Technica Iberia","description":"Distribuci\u00f3n","potentialAction":[{"@type":"SearchAction","target":{"@type":"EntryPoint","urlTemplate":"https:\/\/distribution.audio-technica.eu\/es-es\/?s={search_term_string}"},"query-input":{"@type":"PropertyValueSpecification","valueRequired":true,"valueName":"search_term_string"}}],"inLanguage":"es"}]}},"_links":{"self":[{"href":"https:\/\/distribution.audio-technica.eu\/es-es\/wp-json\/wp\/v2\/product\/13716","targetHints":{"allow":["GET"]}}],"collection":[{"href":"https:\/\/distribution.audio-technica.eu\/es-es\/wp-json\/wp\/v2\/product"}],"about":[{"href":"https:\/\/distribution.audio-technica.eu\/es-es\/wp-json\/wp\/v2\/types\/product"}],"wp:featuredmedia":[{"embeddable":true,"href":"https:\/\/distribution.audio-technica.eu\/es-es\/wp-json\/wp\/v2\/media\/9446"}],"wp:attachment":[{"href":"https:\/\/distribution.audio-technica.eu\/es-es\/wp-json\/wp\/v2\/media?parent=13716"}],"wp:term":[{"taxonomy":"product_brand","embeddable":true,"href":"https:\/\/distribution.audio-technica.eu\/es-es\/wp-json\/wp\/v2\/product_brand?post=13716"},{"taxonomy":"product_cat","embeddable":true,"href":"https:\/\/distribution.audio-technica.eu\/es-es\/wp-json\/wp\/v2\/product_cat?post=13716"},{"taxonomy":"product_tag","embeddable":true,"href":"https:\/\/distribution.audio-technica.eu\/es-es\/wp-json\/wp\/v2\/product_tag?post=13716"}],"curies":[{"name":"wp","href":"https:\/\/api.w.org\/{rel}","templated":true}]}}