{"id":13718,"date":"2018-07-12T14:28:04","date_gmt":"2018-07-12T12:28:04","guid":{"rendered":"https:\/\/atdb-production.studiograft.dev\/es\/product\/import-placeholder-for-753\/"},"modified":"2023-07-13T13:29:25","modified_gmt":"2023-07-13T11:29:25","slug":"me-1","status":"publish","type":"product","link":"https:\/\/distribution.audio-technica.eu\/es-es\/productos\/me-1\/","title":{"rendered":"ME-1"},"content":{"rendered":"<h2>ME-1<\/h2>\n<h3>Mezclador personal de 40 canales para monitorizaci\u00f3n<\/h3>\n<p>El Mezclador Personal ME-1 pone al alcance del m\u00fasico el control de su propia mezcla de monitores. Cada int\u00e9rprete puede disfrutar de una configuraci\u00f3n adaptada para \u00e9l, tanto si desea tener el m\u00e1ximo control sobre todos los detalles de su mezcla o solo quiere disponer de un n\u00famero m\u00ednimo de teclas que tocar. Su funcionamiento es intuitivo y elegante, con controles simples, informaci\u00f3n visual clara y asignaci\u00f3n de nombres personalizados para familiarizarse de forma instant\u00e1nea con el sistema.<\/p>\n<p>ME-1 es la piedra angular del Sistema de Mezcla Personal ME, y est\u00e1 preparado para ser utilizado con los mezcladores digitales de las serie dLive y GLD de Allen &amp; Heath. ME-1 se complementa con el distribuidor ME-U, que pone los beneficios de ME al alcance de los usuarios de otros mezcladores digitales profesionales, v\u00eda Dante, EtherSound o MADI. ME-1 tambi\u00e9n dispone de un modo de compatibilidad con Aviom para que pueda ser utilizado con los sistemas Pro16 de Aviom.<\/p>\n<p>Utilizable en escenarios, salas de ensayo, en casa, o en estudios de grabaci\u00f3n, ME permite beneficiarse de pruebas de sonido m\u00e1s r\u00e1pidas, menores niveles de sonido en el escenario y montajes m\u00e1s r\u00e1pidos, mientras que el ingeniero podr\u00e1 ahorrar buses en el mezclador y reducir empleado en configurar las mezclas de monitores.<\/p>\n<p>Tanto si se utiliza monitorizaci\u00f3n a trav\u00e9s de auriculares, intra aurales cableados o inal\u00e1mbricos, o altavoces, el Sistema de Mezcla Personal ME ofrece acceso a un n\u00famero sin precedentes de canales, la s\u00f3lida construcci\u00f3n habitual de Allen &amp; Heath y una calidad de sonido sin competencia.<\/p>\n<p>La unidad ME-1 puede ser montada en un pie de micro con la ayuda de la rosca 3\/8&#8243; que incorpora, o montada junto al pie con la ayuda del soporte suministrado.<\/p>\n<p>Algunas de sus principales caracter\u00edsticas incluyen:<\/p>\n<h3>16 teclas asignables por el usuario<\/h3>\n<p>Las teclas de goma retro iluminadas hacen que los controles de ME-1 sean perfectamente visibles en la oscuridad. Las 16 teclas de usuario pueden ser asignadas a una \u00fanica fuente (mono o est\u00e9reo) o a un Grupo, con todas las ventajas que representa tener que pulsar simplemente un bot\u00f3n, independientemente de lo que desee controlar el usuario: el micro del cantante, un par est\u00e9reo o todo el kit de bater\u00eda. El almacenamiento \/ recuperaci\u00f3n de presets puede ser activado o desactivado para cada tecla, para que presente solo el control que se necesita.<\/p>\n<h3>16 presets de usuario<\/h3>\n<p>Los niveles, panoramas, enmudecimientos y asignaciones pueden ser almacenados y recuperados pulsando simplemente un bot\u00f3n.<\/p>\n<p>Es posible copiar a una unidad de memoria USB presets para diferentes bandas o escenarios; tambi\u00e9n es posible almacenar la totalidad de la configuraci\u00f3n. Esto es ideal para archivar situaciones o transferir informaci\u00f3n r\u00e1pidamente a otras unidades.<\/p>\n<h3>Grupos<\/h3>\n<p>Los grupos hacen posible la mezcla de hasta 4o fuentes con solo 16 teclas. Tambi\u00e9n ahorran muchos buses en la consola principal: mientras que otros sistemas de monitorizaci\u00f3n personal se apoyan en subgrupos y pre mezclas enviadas desde la consola, ME-1 tiene la capacidad de hacerlo todo de forma interna, manteniendo al mismo tiempo su enorme facilidad de uso.<\/p>\n<h3>Pantalla OLED<\/h3>\n<p>Proporciona una clara visualizaci\u00f3n de nivel y panorama para la fuente seleccionada, ajuste del sistema y men\u00fas de informaci\u00f3n, adem\u00e1s de un preciso medidor de se\u00f1al est\u00e9reo. Su nivel de iluminaci\u00f3n puede ser atenuado para trabajar con baja luminosidad.<\/p>\n<h3>Nombres personalizados<\/h3>\n<p>Esta caracter\u00edstica ayuda a ver cu\u00e1l es la fuente que se est\u00e1 ajustando. ME-1 puede mostrar nombres personalizados para todos los canales y grupos. Cuando est\u00e1 interconectado con un sistema GLD de Allen &amp; Heath por medio de dSNAKE, el ME-1 le facilita el trabajo tomando del flujo de datos, y de forma autom\u00e1tica, los nombres de las fuentes.<\/p>\n<h3>Un bot\u00f3n lo controla todo<\/h3>\n<p>Un \u00fanico y gran control rotativo situado debajo del display permite acceder y navegar a trav\u00e9s de los men\u00fas y funciones utilizados m\u00e1s habitualmente, entre las que se incluyen:<\/p>\n<ul>\n<li>Control de nivel y panorama de la entrada<\/li>\n<li>Control master del nivel de grupo<\/li>\n<li>Nivel \/ panorama para cada miembro del grupo<\/li>\n<li>Control del EQ y limitador principal<\/li>\n<li>Global Trim (ajusta simult\u00e1neamente el nivel de todos los canales para prevenir un exceso de nivel en la mezcla)<\/li>\n<\/ul>\n<h3>Nivel principal y tecla Master<\/h3>\n<p>Control y tecla espec\u00edficos para acceder a los ajustes del ecualizador de 3 bandas y el limitador principal.<\/p>\n<h3>Micr\u00f3fono de ambiente incorporado<\/h3>\n<p>Con ME-1, los m\u00fasicos no se encuentran aislados del resto del escenario. El micro de ambiente los mantiene en contacto con el sonido en el escenario y les permite escuchar a la audiencia y comunicarse entre s\u00ed, sin necesidad de quitarse sus aud\u00edfonos. El nivel de micro local es independiente del control de nivel principal.<\/p>\n<h3>Teclas Solo y Mute<\/h3>\n<p>Las fuentes individuales, grupos y masters pueden ser enmudecidos. La tecla Solo permite medir y escuchar cada fuente y analizar su contribuci\u00f3n en la mezcla.<\/p>\n<h3>Funciones Shift<\/h3>\n<p>El ajuste del sistema, el modo en espera y el almacenamiento de presets est\u00e1n protegidos frente a manipulaciones accidentales por medio de la tecla Shift cuya pulsaci\u00f3n se combina con la pulsaci\u00f3n de otras teclas. Todos los niveles de entrada pueden ser ajustados de forma simult\u00e1nea manteniendo pulsada la tecla Shift mientras se gira el control rotativo.<\/p>\n<h3>Auriculares<\/h3>\n<p>Salidas para auriculares a trav\u00e9s de conectores minijack y \u00bc\u00bb, con un potente amplificador de dise\u00f1o discreto.<\/p>\n<h3>Salida Mono<\/h3>\n<p>Una salida de l\u00ednea balanceada a trav\u00e9s de jack TRS 1\/4&#8243;. La se\u00f1al disponible aqu\u00ed solo corresponde a la mezcla, y no incluye la se\u00f1al procedente del micr\u00f3fono de ambiente.<\/p>\n<h3>Entrada Auxiliar<\/h3>\n<p>Entrada est\u00e9reo para fuentes locales, tales como reproductores MP3 o claquetas. Su sensibilidad es compatible con dispositivos port\u00e1tiles dom\u00e9sticos.<\/p>\n<h3>Link In \/ Out<\/h3>\n<p>Conexiones EtherCon seguras y fiables para conexi\u00f3n en serie o en estrella utilizando la unidad ME-U o conmutadores Ethernet para cualquier n\u00famero de mezcladores ME-1.<\/p>\n<h3>Entrada DC<\/h3>\n<p>ME-1 puede ser alimentado a trav\u00e9s de Cat5 utilizando un conmutador PoE o el distribuidor ME-U. Tambi\u00e9n puede ser alimentado a trav\u00e9s de la red el\u00e9ctrica utilizando la fuente de alimentaci\u00f3n incluida.<\/p>\n<h3>Puerto USB<\/h3>\n<p>Para actualizaciones de firmware, archivo \/ transferencia de presets concretos o de la totalidad de la configuraci\u00f3n, o cargar dispositivos port\u00e1tiles.<\/p>\n<ul>\n<li>Totalmente personalizable<\/li>\n<li>Manejo intuitivo<\/li>\n<li>Dise\u00f1o compacto<\/li>\n<li>40 Fuentes procedentes de consolas GLD o iLive<\/li>\n<li>Compatible con MADI, Dante o EtherSound v\u00eda distribuidor ME-U<\/li>\n<li>16 Teclas asignables<\/li>\n<\/ul>\n","protected":false},"excerpt":{"rendered":"<h3>Mezclador personal de 40 canales para monitorizaci\u00f3n<\/h3>\n<ul class=\"summary\">\n<li>Manejo intuitivo, totalmente personalizable<\/li>\n<li>16 Teclas asignables<\/li>\n<li>Dise\u00f1o compacto<\/li>\n<li>40 Fuentes procedentes de consolas GLD o dLive<\/li>\n<li>DSP con previos, faders, mutes, fase, EQ param\u00e9trica, crossovers, etc.<\/li>\n<li>Compatible con MADI, Dante o EtherSound v\u00eda distribuidor ME-U<\/li>\n<\/ul>\n","protected":false},"featured_media":9452,"template":"","meta":{"_acf_changed":false},"product_brand":[],"product_cat":[1493,1499,1490,1500],"product_tag":[],"class_list":{"0":"post-13718","1":"product","2":"type-product","3":"status-publish","4":"has-post-thumbnail","6":"product_cat-mesas-de-mezclas-allen-heath","7":"product_cat-mesas-de-mezclas-para-monitores","8":"product_cat-por-series-allen-heath","9":"product_cat-serie-me","10":"product_series-serie-me","12":"first","13":"instock","14":"shipping-taxable","15":"product-type-simple"},"acf":[],"yoast_head":"<!-- This site is optimized with the Yoast SEO plugin v27.1.1 - https:\/\/yoast.com\/product\/yoast-seo-wordpress\/ -->\n<title>ME-1 - Audio-Technica Iberia<\/title>\n<meta name=\"robots\" content=\"index, follow, max-snippet:-1, max-image-preview:large, max-video-preview:-1\" \/>\n<link rel=\"canonical\" href=\"https:\/\/distribution.audio-technica.eu\/es-es\/productos\/me-1\/\" \/>\n<meta property=\"og:locale\" content=\"es_ES\" \/>\n<meta property=\"og:type\" content=\"article\" \/>\n<meta property=\"og:title\" content=\"ME-1 - Audio-Technica Iberia\" \/>\n<meta property=\"og:description\" content=\"Mezclador personal de 40 canales para monitorizaci\u00f3n  Manejo intuitivo, totalmente personalizable  16 Teclas asignables  Dise\u00f1o compacto  40 Fuentes procedentes de consolas GLD o dLive  DSP con previos, faders, mutes, fase, EQ param\u00e9trica, crossovers, etc.  Compatible con MADI, Dante o EtherSound v\u00eda distribuidor ME-U\" \/>\n<meta property=\"og:url\" content=\"https:\/\/distribution.audio-technica.eu\/es-es\/productos\/me-1\/\" \/>\n<meta property=\"og:site_name\" content=\"Audio-Technica Iberia\" \/>\n<meta property=\"article:modified_time\" content=\"2023-07-13T11:29:25+00:00\" \/>\n<meta property=\"og:image\" content=\"https:\/\/distribution.audio-technica.eu\/app\/uploads\/sites\/2\/Allen-Heath-ME-1-1.jpg\" \/>\n\t<meta property=\"og:image:width\" content=\"1000\" \/>\n\t<meta property=\"og:image:height\" content=\"1000\" \/>\n\t<meta property=\"og:image:type\" content=\"image\/jpeg\" \/>\n<meta name=\"twitter:card\" content=\"summary_large_image\" \/>\n<meta name=\"twitter:label1\" content=\"Tiempo de lectura\" \/>\n\t<meta name=\"twitter:data1\" content=\"6 minutos\" \/>\n<script type=\"application\/ld+json\" class=\"yoast-schema-graph\">{\"@context\":\"https:\/\/schema.org\",\"@graph\":[{\"@type\":\"WebPage\",\"@id\":\"https:\/\/distribution.audio-technica.eu\/es-es\/productos\/me-1\/\",\"url\":\"https:\/\/distribution.audio-technica.eu\/es-es\/productos\/me-1\/\",\"name\":\"ME-1 - Audio-Technica Iberia\",\"isPartOf\":{\"@id\":\"https:\/\/distribution.audio-technica.eu\/es-es\/#website\"},\"primaryImageOfPage\":{\"@id\":\"https:\/\/distribution.audio-technica.eu\/es-es\/productos\/me-1\/#primaryimage\"},\"image\":{\"@id\":\"https:\/\/distribution.audio-technica.eu\/es-es\/productos\/me-1\/#primaryimage\"},\"thumbnailUrl\":\"\/app\/uploads\/sites\/2\/Allen-Heath-ME-1-1.jpg\",\"datePublished\":\"2018-07-12T12:28:04+00:00\",\"dateModified\":\"2023-07-13T11:29:25+00:00\",\"breadcrumb\":{\"@id\":\"https:\/\/distribution.audio-technica.eu\/es-es\/productos\/me-1\/#breadcrumb\"},\"inLanguage\":\"es\",\"potentialAction\":[{\"@type\":\"ReadAction\",\"target\":[\"https:\/\/distribution.audio-technica.eu\/es-es\/productos\/me-1\/\"]}]},{\"@type\":\"ImageObject\",\"inLanguage\":\"es\",\"@id\":\"https:\/\/distribution.audio-technica.eu\/es-es\/productos\/me-1\/#primaryimage\",\"url\":\"\/app\/uploads\/sites\/2\/Allen-Heath-ME-1-1.jpg\",\"contentUrl\":\"\/app\/uploads\/sites\/2\/Allen-Heath-ME-1-1.jpg\",\"width\":1000,\"height\":1000},{\"@type\":\"BreadcrumbList\",\"@id\":\"https:\/\/distribution.audio-technica.eu\/es-es\/productos\/me-1\/#breadcrumb\",\"itemListElement\":[{\"@type\":\"ListItem\",\"position\":1,\"name\":\"Products\",\"item\":\"https:\/\/distribution.audio-technica.eu\/es-es\/\"},{\"@type\":\"ListItem\",\"position\":2,\"name\":\"Productos\",\"item\":\"https:\/\/distribution.audio-technica.eu\/es-es\/productos\/\"},{\"@type\":\"ListItem\",\"position\":3,\"name\":\"ME-1\"}]},{\"@type\":\"WebSite\",\"@id\":\"https:\/\/distribution.audio-technica.eu\/es-es\/#website\",\"url\":\"https:\/\/distribution.audio-technica.eu\/es-es\/\",\"name\":\"Audio-Technica Iberia\",\"description\":\"Distribuci\u00f3n\",\"potentialAction\":[{\"@type\":\"SearchAction\",\"target\":{\"@type\":\"EntryPoint\",\"urlTemplate\":\"https:\/\/distribution.audio-technica.eu\/es-es\/?s={search_term_string}\"},\"query-input\":{\"@type\":\"PropertyValueSpecification\",\"valueRequired\":true,\"valueName\":\"search_term_string\"}}],\"inLanguage\":\"es\"}]}<\/script>\n<!-- \/ Yoast SEO plugin. -->","yoast_head_json":{"title":"ME-1 - Audio-Technica Iberia","robots":{"index":"index","follow":"follow","max-snippet":"max-snippet:-1","max-image-preview":"max-image-preview:large","max-video-preview":"max-video-preview:-1"},"canonical":"https:\/\/distribution.audio-technica.eu\/es-es\/productos\/me-1\/","og_locale":"es_ES","og_type":"article","og_title":"ME-1 - Audio-Technica Iberia","og_description":"Mezclador personal de 40 canales para monitorizaci\u00f3n  Manejo intuitivo, totalmente personalizable  16 Teclas asignables  Dise\u00f1o compacto  40 Fuentes procedentes de consolas GLD o dLive  DSP con previos, faders, mutes, fase, EQ param\u00e9trica, crossovers, etc.  Compatible con MADI, Dante o EtherSound v\u00eda distribuidor ME-U","og_url":"https:\/\/distribution.audio-technica.eu\/es-es\/productos\/me-1\/","og_site_name":"Audio-Technica Iberia","article_modified_time":"2023-07-13T11:29:25+00:00","og_image":[{"width":1000,"height":1000,"url":"https:\/\/distribution.audio-technica.eu\/app\/uploads\/sites\/2\/Allen-Heath-ME-1-1.jpg","type":"image\/jpeg"}],"twitter_card":"summary_large_image","twitter_misc":{"Tiempo de lectura":"6 minutos"},"schema":{"@context":"https:\/\/schema.org","@graph":[{"@type":"WebPage","@id":"https:\/\/distribution.audio-technica.eu\/es-es\/productos\/me-1\/","url":"https:\/\/distribution.audio-technica.eu\/es-es\/productos\/me-1\/","name":"ME-1 - Audio-Technica Iberia","isPartOf":{"@id":"https:\/\/distribution.audio-technica.eu\/es-es\/#website"},"primaryImageOfPage":{"@id":"https:\/\/distribution.audio-technica.eu\/es-es\/productos\/me-1\/#primaryimage"},"image":{"@id":"https:\/\/distribution.audio-technica.eu\/es-es\/productos\/me-1\/#primaryimage"},"thumbnailUrl":"\/app\/uploads\/sites\/2\/Allen-Heath-ME-1-1.jpg","datePublished":"2018-07-12T12:28:04+00:00","dateModified":"2023-07-13T11:29:25+00:00","breadcrumb":{"@id":"https:\/\/distribution.audio-technica.eu\/es-es\/productos\/me-1\/#breadcrumb"},"inLanguage":"es","potentialAction":[{"@type":"ReadAction","target":["https:\/\/distribution.audio-technica.eu\/es-es\/productos\/me-1\/"]}]},{"@type":"ImageObject","inLanguage":"es","@id":"https:\/\/distribution.audio-technica.eu\/es-es\/productos\/me-1\/#primaryimage","url":"\/app\/uploads\/sites\/2\/Allen-Heath-ME-1-1.jpg","contentUrl":"\/app\/uploads\/sites\/2\/Allen-Heath-ME-1-1.jpg","width":1000,"height":1000},{"@type":"BreadcrumbList","@id":"https:\/\/distribution.audio-technica.eu\/es-es\/productos\/me-1\/#breadcrumb","itemListElement":[{"@type":"ListItem","position":1,"name":"Products","item":"https:\/\/distribution.audio-technica.eu\/es-es\/"},{"@type":"ListItem","position":2,"name":"Productos","item":"https:\/\/distribution.audio-technica.eu\/es-es\/productos\/"},{"@type":"ListItem","position":3,"name":"ME-1"}]},{"@type":"WebSite","@id":"https:\/\/distribution.audio-technica.eu\/es-es\/#website","url":"https:\/\/distribution.audio-technica.eu\/es-es\/","name":"Audio-Technica Iberia","description":"Distribuci\u00f3n","potentialAction":[{"@type":"SearchAction","target":{"@type":"EntryPoint","urlTemplate":"https:\/\/distribution.audio-technica.eu\/es-es\/?s={search_term_string}"},"query-input":{"@type":"PropertyValueSpecification","valueRequired":true,"valueName":"search_term_string"}}],"inLanguage":"es"}]}},"_links":{"self":[{"href":"https:\/\/distribution.audio-technica.eu\/es-es\/wp-json\/wp\/v2\/product\/13718","targetHints":{"allow":["GET"]}}],"collection":[{"href":"https:\/\/distribution.audio-technica.eu\/es-es\/wp-json\/wp\/v2\/product"}],"about":[{"href":"https:\/\/distribution.audio-technica.eu\/es-es\/wp-json\/wp\/v2\/types\/product"}],"wp:featuredmedia":[{"embeddable":true,"href":"https:\/\/distribution.audio-technica.eu\/es-es\/wp-json\/wp\/v2\/media\/9452"}],"wp:attachment":[{"href":"https:\/\/distribution.audio-technica.eu\/es-es\/wp-json\/wp\/v2\/media?parent=13718"}],"wp:term":[{"taxonomy":"product_brand","embeddable":true,"href":"https:\/\/distribution.audio-technica.eu\/es-es\/wp-json\/wp\/v2\/product_brand?post=13718"},{"taxonomy":"product_cat","embeddable":true,"href":"https:\/\/distribution.audio-technica.eu\/es-es\/wp-json\/wp\/v2\/product_cat?post=13718"},{"taxonomy":"product_tag","embeddable":true,"href":"https:\/\/distribution.audio-technica.eu\/es-es\/wp-json\/wp\/v2\/product_tag?post=13718"}],"curies":[{"name":"wp","href":"https:\/\/api.w.org\/{rel}","templated":true}]}}