{"id":13719,"date":"2018-07-12T14:28:04","date_gmt":"2018-07-12T12:28:04","guid":{"rendered":"https:\/\/atdb-production.studiograft.dev\/es\/product\/import-placeholder-for-755\/"},"modified":"2023-07-13T13:29:26","modified_gmt":"2023-07-13T11:29:26","slug":"me-u","status":"publish","type":"product","link":"https:\/\/distribution.audio-technica.eu\/es-es\/productos\/me-u\/","title":{"rendered":"ME-U"},"content":{"rendered":"<h2>ME-U<\/h2>\n<h3>Distribuidor 10 puertos PoE para mezcladores ME<\/h3>\n<p>ME-U es un distribuidor de 10 puertos PoE, dise\u00f1ado para ser utilizados en giras, que proporciona alimentaci\u00f3n y audio para conectar m\u00faltiples mezcladores personales ME. Se entrega con una tarjeta de entrada est\u00e1ndar interface con dSnake de GLD, dLive ACE o Aviom\u00ae A-Net\u00ae; esta tarjeta est\u00e1ndar puede ser sustituida por una tarjeta MADI, Dante o EtherSound, lo que permite tomar 40 fuentes de sistemas creados por terceros.<\/p>\n<ul>\n<li>Se entrega con una tarjeta de entrada ME-D que permite el uso de GLD dSnake, dLive ACE o AVIOM\u00ae A-Net\u00ae<\/li>\n<li>Disponibles tarjetas opcionales de interface con MADI, Dante o sistemas EtherSound creados por terceros<\/li>\n<li>10 puertos con conectores Ethercon con enclavamiento<\/li>\n<li>Conexi\u00f3n en serie de distribuidores para disponer de m\u00e1s salidas \u2013 hasta 19 mezcladores MEcon dos distribuidores<\/li>\n<li>Cada puerto proporciona alimentaci\u00f3n y 40 fuentes de audio a los mezcladores ME-1 conectados<\/li>\n<li>Puerto red multiuso: Conectado a un PC o Mac, para ajuste tipo \u2018p\u00e1gina web\u2019 del nombre de la unidad y direcciones IP, y entrada manual de los nombres de los canales, o Conectado a una red iLive, puede tomar de forma autom\u00e1tica los nombres de los canales desde el sistema dLive.<\/li>\n<li>Construido para soportar las giras<\/li>\n<li>Montaje en rack 2U o sobremesa<\/li>\n<\/ul>\n<\/div>\n<\/div>\n","protected":false},"excerpt":{"rendered":"<h3>Distribuidor 10 puertos PoE para mezcladores ME<\/h3>\n<ul class='summary'>\n<li>Compatible con sistemas dLive, GLD dSnake, iLive ACE o AVIOM\u00ae A-Net\u00ae<\/li>\n<li>Tarjetas opcionales MADI, Dante o sistemas EtherSound<\/li>\n<li>Cada puerto proporciona alimentaci\u00f3n y 40 fuentes de audio a los ME<\/li>\n<\/ul>\n","protected":false},"featured_media":9463,"template":"","meta":{"_acf_changed":false},"product_brand":[],"product_cat":[1493,1499,1490,1500],"product_tag":[],"class_list":{"0":"post-13719","1":"product","2":"type-product","3":"status-publish","4":"has-post-thumbnail","6":"product_cat-mesas-de-mezclas-allen-heath","7":"product_cat-mesas-de-mezclas-para-monitores","8":"product_cat-por-series-allen-heath","9":"product_cat-serie-me","10":"product_series-serie-me","12":"first","13":"instock","14":"shipping-taxable","15":"product-type-simple"},"acf":[],"yoast_head":"<!-- This site is optimized with the Yoast SEO plugin v27.1.1 - https:\/\/yoast.com\/product\/yoast-seo-wordpress\/ -->\n<title>ME-U - Audio-Technica Iberia<\/title>\n<meta name=\"robots\" content=\"index, follow, max-snippet:-1, max-image-preview:large, max-video-preview:-1\" \/>\n<link rel=\"canonical\" href=\"https:\/\/distribution.audio-technica.eu\/es-es\/productos\/me-u\/\" \/>\n<meta property=\"og:locale\" content=\"es_ES\" \/>\n<meta property=\"og:type\" content=\"article\" \/>\n<meta property=\"og:title\" content=\"ME-U - Audio-Technica Iberia\" \/>\n<meta property=\"og:description\" content=\"Distribuidor 10 puertos PoE para mezcladores MECompatible con sistemas dLive, GLD dSnake, iLive ACE o AVIOM\u00ae A-Net\u00aeTarjetas opcionales MADI, Dante o sistemas EtherSoundCada puerto proporciona alimentaci\u00f3n y 40 fuentes de audio a los ME\" \/>\n<meta property=\"og:url\" content=\"https:\/\/distribution.audio-technica.eu\/es-es\/productos\/me-u\/\" \/>\n<meta property=\"og:site_name\" content=\"Audio-Technica Iberia\" \/>\n<meta property=\"article:modified_time\" content=\"2023-07-13T11:29:26+00:00\" \/>\n<meta property=\"og:image\" content=\"https:\/\/distribution.audio-technica.eu\/app\/uploads\/sites\/2\/Allen-Heath-ME-U-1.jpg\" \/>\n\t<meta property=\"og:image:width\" content=\"1000\" \/>\n\t<meta property=\"og:image:height\" content=\"1000\" \/>\n\t<meta property=\"og:image:type\" content=\"image\/jpeg\" \/>\n<meta name=\"twitter:card\" content=\"summary_large_image\" \/>\n<meta name=\"twitter:label1\" content=\"Tiempo de lectura\" \/>\n\t<meta name=\"twitter:data1\" content=\"1 minuto\" \/>\n<script type=\"application\/ld+json\" class=\"yoast-schema-graph\">{\"@context\":\"https:\/\/schema.org\",\"@graph\":[{\"@type\":\"WebPage\",\"@id\":\"https:\/\/distribution.audio-technica.eu\/es-es\/productos\/me-u\/\",\"url\":\"https:\/\/distribution.audio-technica.eu\/es-es\/productos\/me-u\/\",\"name\":\"ME-U - Audio-Technica Iberia\",\"isPartOf\":{\"@id\":\"https:\/\/distribution.audio-technica.eu\/es-es\/#website\"},\"primaryImageOfPage\":{\"@id\":\"https:\/\/distribution.audio-technica.eu\/es-es\/productos\/me-u\/#primaryimage\"},\"image\":{\"@id\":\"https:\/\/distribution.audio-technica.eu\/es-es\/productos\/me-u\/#primaryimage\"},\"thumbnailUrl\":\"\/app\/uploads\/sites\/2\/Allen-Heath-ME-U-1.jpg\",\"datePublished\":\"2018-07-12T12:28:04+00:00\",\"dateModified\":\"2023-07-13T11:29:26+00:00\",\"breadcrumb\":{\"@id\":\"https:\/\/distribution.audio-technica.eu\/es-es\/productos\/me-u\/#breadcrumb\"},\"inLanguage\":\"es\",\"potentialAction\":[{\"@type\":\"ReadAction\",\"target\":[\"https:\/\/distribution.audio-technica.eu\/es-es\/productos\/me-u\/\"]}]},{\"@type\":\"ImageObject\",\"inLanguage\":\"es\",\"@id\":\"https:\/\/distribution.audio-technica.eu\/es-es\/productos\/me-u\/#primaryimage\",\"url\":\"\/app\/uploads\/sites\/2\/Allen-Heath-ME-U-1.jpg\",\"contentUrl\":\"\/app\/uploads\/sites\/2\/Allen-Heath-ME-U-1.jpg\",\"width\":1000,\"height\":1000},{\"@type\":\"BreadcrumbList\",\"@id\":\"https:\/\/distribution.audio-technica.eu\/es-es\/productos\/me-u\/#breadcrumb\",\"itemListElement\":[{\"@type\":\"ListItem\",\"position\":1,\"name\":\"Products\",\"item\":\"https:\/\/distribution.audio-technica.eu\/es-es\/\"},{\"@type\":\"ListItem\",\"position\":2,\"name\":\"Productos\",\"item\":\"https:\/\/distribution.audio-technica.eu\/es-es\/productos\/\"},{\"@type\":\"ListItem\",\"position\":3,\"name\":\"ME-U\"}]},{\"@type\":\"WebSite\",\"@id\":\"https:\/\/distribution.audio-technica.eu\/es-es\/#website\",\"url\":\"https:\/\/distribution.audio-technica.eu\/es-es\/\",\"name\":\"Audio-Technica Iberia\",\"description\":\"Distribuci\u00f3n\",\"potentialAction\":[{\"@type\":\"SearchAction\",\"target\":{\"@type\":\"EntryPoint\",\"urlTemplate\":\"https:\/\/distribution.audio-technica.eu\/es-es\/?s={search_term_string}\"},\"query-input\":{\"@type\":\"PropertyValueSpecification\",\"valueRequired\":true,\"valueName\":\"search_term_string\"}}],\"inLanguage\":\"es\"}]}<\/script>\n<!-- \/ Yoast SEO plugin. -->","yoast_head_json":{"title":"ME-U - Audio-Technica Iberia","robots":{"index":"index","follow":"follow","max-snippet":"max-snippet:-1","max-image-preview":"max-image-preview:large","max-video-preview":"max-video-preview:-1"},"canonical":"https:\/\/distribution.audio-technica.eu\/es-es\/productos\/me-u\/","og_locale":"es_ES","og_type":"article","og_title":"ME-U - Audio-Technica Iberia","og_description":"Distribuidor 10 puertos PoE para mezcladores MECompatible con sistemas dLive, GLD dSnake, iLive ACE o AVIOM\u00ae A-Net\u00aeTarjetas opcionales MADI, Dante o sistemas EtherSoundCada puerto proporciona alimentaci\u00f3n y 40 fuentes de audio a los ME","og_url":"https:\/\/distribution.audio-technica.eu\/es-es\/productos\/me-u\/","og_site_name":"Audio-Technica Iberia","article_modified_time":"2023-07-13T11:29:26+00:00","og_image":[{"width":1000,"height":1000,"url":"https:\/\/distribution.audio-technica.eu\/app\/uploads\/sites\/2\/Allen-Heath-ME-U-1.jpg","type":"image\/jpeg"}],"twitter_card":"summary_large_image","twitter_misc":{"Tiempo de lectura":"1 minuto"},"schema":{"@context":"https:\/\/schema.org","@graph":[{"@type":"WebPage","@id":"https:\/\/distribution.audio-technica.eu\/es-es\/productos\/me-u\/","url":"https:\/\/distribution.audio-technica.eu\/es-es\/productos\/me-u\/","name":"ME-U - Audio-Technica Iberia","isPartOf":{"@id":"https:\/\/distribution.audio-technica.eu\/es-es\/#website"},"primaryImageOfPage":{"@id":"https:\/\/distribution.audio-technica.eu\/es-es\/productos\/me-u\/#primaryimage"},"image":{"@id":"https:\/\/distribution.audio-technica.eu\/es-es\/productos\/me-u\/#primaryimage"},"thumbnailUrl":"\/app\/uploads\/sites\/2\/Allen-Heath-ME-U-1.jpg","datePublished":"2018-07-12T12:28:04+00:00","dateModified":"2023-07-13T11:29:26+00:00","breadcrumb":{"@id":"https:\/\/distribution.audio-technica.eu\/es-es\/productos\/me-u\/#breadcrumb"},"inLanguage":"es","potentialAction":[{"@type":"ReadAction","target":["https:\/\/distribution.audio-technica.eu\/es-es\/productos\/me-u\/"]}]},{"@type":"ImageObject","inLanguage":"es","@id":"https:\/\/distribution.audio-technica.eu\/es-es\/productos\/me-u\/#primaryimage","url":"\/app\/uploads\/sites\/2\/Allen-Heath-ME-U-1.jpg","contentUrl":"\/app\/uploads\/sites\/2\/Allen-Heath-ME-U-1.jpg","width":1000,"height":1000},{"@type":"BreadcrumbList","@id":"https:\/\/distribution.audio-technica.eu\/es-es\/productos\/me-u\/#breadcrumb","itemListElement":[{"@type":"ListItem","position":1,"name":"Products","item":"https:\/\/distribution.audio-technica.eu\/es-es\/"},{"@type":"ListItem","position":2,"name":"Productos","item":"https:\/\/distribution.audio-technica.eu\/es-es\/productos\/"},{"@type":"ListItem","position":3,"name":"ME-U"}]},{"@type":"WebSite","@id":"https:\/\/distribution.audio-technica.eu\/es-es\/#website","url":"https:\/\/distribution.audio-technica.eu\/es-es\/","name":"Audio-Technica Iberia","description":"Distribuci\u00f3n","potentialAction":[{"@type":"SearchAction","target":{"@type":"EntryPoint","urlTemplate":"https:\/\/distribution.audio-technica.eu\/es-es\/?s={search_term_string}"},"query-input":{"@type":"PropertyValueSpecification","valueRequired":true,"valueName":"search_term_string"}}],"inLanguage":"es"}]}},"_links":{"self":[{"href":"https:\/\/distribution.audio-technica.eu\/es-es\/wp-json\/wp\/v2\/product\/13719","targetHints":{"allow":["GET"]}}],"collection":[{"href":"https:\/\/distribution.audio-technica.eu\/es-es\/wp-json\/wp\/v2\/product"}],"about":[{"href":"https:\/\/distribution.audio-technica.eu\/es-es\/wp-json\/wp\/v2\/types\/product"}],"wp:featuredmedia":[{"embeddable":true,"href":"https:\/\/distribution.audio-technica.eu\/es-es\/wp-json\/wp\/v2\/media\/9463"}],"wp:attachment":[{"href":"https:\/\/distribution.audio-technica.eu\/es-es\/wp-json\/wp\/v2\/media?parent=13719"}],"wp:term":[{"taxonomy":"product_brand","embeddable":true,"href":"https:\/\/distribution.audio-technica.eu\/es-es\/wp-json\/wp\/v2\/product_brand?post=13719"},{"taxonomy":"product_cat","embeddable":true,"href":"https:\/\/distribution.audio-technica.eu\/es-es\/wp-json\/wp\/v2\/product_cat?post=13719"},{"taxonomy":"product_tag","embeddable":true,"href":"https:\/\/distribution.audio-technica.eu\/es-es\/wp-json\/wp\/v2\/product_tag?post=13719"}],"curies":[{"name":"wp","href":"https:\/\/api.w.org\/{rel}","templated":true}]}}