{"id":13721,"date":"2018-07-12T14:28:15","date_gmt":"2018-07-12T12:28:15","guid":{"rendered":"https:\/\/atdb-production.studiograft.dev\/es\/product\/import-placeholder-for-765\/"},"modified":"2023-07-13T13:27:23","modified_gmt":"2023-07-13T11:27:23","slug":"mixwizard-wz4-122","status":"publish","type":"product","link":"https:\/\/distribution.audio-technica.eu\/es-es\/productos\/mixwizard-wz4-122\/","title":{"rendered":"MIXWIZARD WZ4 12:2"},"content":{"rendered":"<h2>MIXWIZARD WZ4 12:2<\/h2>\n<h3>Mezclador rack \/ sobremesa para uso general<\/h3>\n<p>WZ4 12:2 es la herramienta ideal para aquellas situaciones en las que no se precisa un n\u00famero muy elevado de canales, pero s\u00ed es necesario disponer de un sonido de la m\u00e1xima calidad. Los dos canales dual est\u00e9reo son perfectos para la reproducci\u00f3n en est\u00e9reo o para manejar teclados y otros instrumentos est\u00e9reo.<br \/>\nWZ4 12:2 dispone de la aclamada ecualizaci\u00f3n de 4 bandas con barrido en los dos medios, faders de 100 mm de alta calidad, 6 env\u00edos auxiliares, medidores formados por 12 segmentos LED y el exclusivo sistema de conectores QCC, que facilita el montaje tanto en rack como en modo sobremesa.<br \/>\nLas nuevas prestaciones que ofrece esta cuarta generaci\u00f3n de MixWizard incluyen dos motores FX de nuevo dise\u00f1o con 20 presets FX con calidad de estudio, conmutador EQ In\/Out y la opci\u00f3n de instalar un interface USB multicanal con una tarjeta de sonido de alta calidad de 16 canales que facilita la grabaci\u00f3n multipista y la reproducci\u00f3n a 2 pistas.<\/p>\n<ul>\n<li>Puede montarse en rack de 19&#8243;<\/li>\n<li>8 Entradas micro \/ l\u00ednea con conectores XLR\/TRS, inserci\u00f3n y salida directa<\/li>\n<li>Faders de 100mm<\/li>\n<li>2 Entradas Dual Est\u00e9reo con ganancia independiente y conmutadores \u2018ON\u2019 que permiten que las entradas sean seleccionadas de forma independiente o mezcladas entre s\u00ed<\/li>\n<li>EQ de cuatro bandas con 2 barridos en los medios<\/li>\n<li>6 Env\u00edos auxiliares &#8211; 2x pre fader \/ 2x conmutados \/ 2x post fader (pueden ser reconfigurados por medio de puentes internos)<\/li>\n<li>2 Retornos est\u00e9reo<\/li>\n<li>Fader espec\u00edfico para salida mono &#8211; puede ser conmutado para proporcionar un env\u00edo mono para altavoz central, sub grave, etc.<\/li>\n<li>Salida A-B independiente para grabaci\u00f3n sobre 2 pistas, monitores, altavoces de relleno, etc.<\/li>\n<li>Medidor tricolor formado por 12 segmentos LED<\/li>\n<li>Dos motores FX con 20 presets de FX con calidad de estudio<\/li>\n<li>Alimentaci\u00f3n phantom  48V<\/li>\n<li>LEDs de presencia de se\u00f1al y pico<\/li>\n<li>Conector XLR para micro de Talkback con ajuste de nivel<\/li>\n<li>Z\u00f3calo para l\u00e1mpara<\/li>\n<li>Opci\u00f3n de grabaci\u00f3n USB multipista<\/li>\n<li>Conector para conmutador de pie (enmudece \/ activa el retorno FX ST1)<\/li>\n<\/ul>\n<\/div>\n<\/div>\n","protected":false},"excerpt":{"rendered":"<h3>Mezclador rack \/ sobremesa para uso general<\/h3>\n<ul class='summary'>\n<li>8 Entradas micro \/ l\u00ednea con conectores XLR\/TRS, inserci\u00f3n y salida directa<\/li>\n<li>2 Entradas Dual Est\u00e9reo con ganancia independiente<\/li>\n<li>Faders de 100mm <\/li>\n<li>EQ de cuatro bandas con 2 barridos en los medios<\/li>\n<li>6 Env\u00edos auxiliares <\/li>\n<li>2 Retornos est\u00e9reo<\/li>\n<\/ul>\n","protected":false},"featured_media":9467,"template":"","meta":{"_acf_changed":false},"product_brand":[],"product_cat":[1493,1503,1490,1504],"product_tag":[],"class_list":{"0":"post-13721","1":"product","2":"type-product","3":"status-publish","4":"has-post-thumbnail","6":"product_cat-mesas-de-mezclas-allen-heath","7":"product_cat-mezcladores-compactos-mesas-de-mezclas-allen-heath","8":"product_cat-por-series-allen-heath","9":"product_cat-serie-wizard4","10":"product_series-serie-wizard4","12":"first","13":"instock","14":"shipping-taxable","15":"product-type-simple"},"acf":[],"yoast_head":"<!-- This site is optimized with the Yoast SEO plugin v27.1.1 - https:\/\/yoast.com\/product\/yoast-seo-wordpress\/ -->\n<title>MIXWIZARD WZ4 12:2 - Audio-Technica Iberia<\/title>\n<meta name=\"robots\" content=\"index, follow, max-snippet:-1, max-image-preview:large, max-video-preview:-1\" \/>\n<link rel=\"canonical\" href=\"https:\/\/distribution.audio-technica.eu\/es-es\/productos\/mixwizard-wz4-122\/\" \/>\n<meta property=\"og:locale\" content=\"es_ES\" \/>\n<meta property=\"og:type\" content=\"article\" \/>\n<meta property=\"og:title\" content=\"MIXWIZARD WZ4 12:2 - Audio-Technica Iberia\" \/>\n<meta property=\"og:description\" content=\"Mezclador rack \/ sobremesa para uso general8 Entradas micro \/ l\u00ednea con conectores XLR\/TRS, inserci\u00f3n y salida directa2 Entradas Dual Est\u00e9reo con ganancia independienteFaders de 100mm EQ de cuatro bandas con 2 barridos en los medios6 Env\u00edos auxiliares 2 Retornos est\u00e9reo\" \/>\n<meta property=\"og:url\" content=\"https:\/\/distribution.audio-technica.eu\/es-es\/productos\/mixwizard-wz4-122\/\" \/>\n<meta property=\"og:site_name\" content=\"Audio-Technica Iberia\" \/>\n<meta property=\"article:modified_time\" content=\"2023-07-13T11:27:23+00:00\" \/>\n<meta property=\"og:image\" content=\"https:\/\/distribution.audio-technica.eu\/app\/uploads\/sites\/2\/Allen-Heath-WZ4-12-2-1.jpg\" \/>\n\t<meta property=\"og:image:width\" content=\"1000\" \/>\n\t<meta property=\"og:image:height\" content=\"1000\" \/>\n\t<meta property=\"og:image:type\" content=\"image\/jpeg\" \/>\n<meta name=\"twitter:card\" content=\"summary_large_image\" \/>\n<meta name=\"twitter:label1\" content=\"Tiempo de lectura\" \/>\n\t<meta name=\"twitter:data1\" content=\"2 minutos\" \/>\n<script type=\"application\/ld+json\" class=\"yoast-schema-graph\">{\"@context\":\"https:\/\/schema.org\",\"@graph\":[{\"@type\":\"WebPage\",\"@id\":\"https:\/\/distribution.audio-technica.eu\/es-es\/productos\/mixwizard-wz4-122\/\",\"url\":\"https:\/\/distribution.audio-technica.eu\/es-es\/productos\/mixwizard-wz4-122\/\",\"name\":\"MIXWIZARD WZ4 12:2 - Audio-Technica Iberia\",\"isPartOf\":{\"@id\":\"https:\/\/distribution.audio-technica.eu\/es-es\/#website\"},\"primaryImageOfPage\":{\"@id\":\"https:\/\/distribution.audio-technica.eu\/es-es\/productos\/mixwizard-wz4-122\/#primaryimage\"},\"image\":{\"@id\":\"https:\/\/distribution.audio-technica.eu\/es-es\/productos\/mixwizard-wz4-122\/#primaryimage\"},\"thumbnailUrl\":\"\/app\/uploads\/sites\/2\/Allen-Heath-WZ4-12-2-1.jpg\",\"datePublished\":\"2018-07-12T12:28:15+00:00\",\"dateModified\":\"2023-07-13T11:27:23+00:00\",\"breadcrumb\":{\"@id\":\"https:\/\/distribution.audio-technica.eu\/es-es\/productos\/mixwizard-wz4-122\/#breadcrumb\"},\"inLanguage\":\"es\",\"potentialAction\":[{\"@type\":\"ReadAction\",\"target\":[\"https:\/\/distribution.audio-technica.eu\/es-es\/productos\/mixwizard-wz4-122\/\"]}]},{\"@type\":\"ImageObject\",\"inLanguage\":\"es\",\"@id\":\"https:\/\/distribution.audio-technica.eu\/es-es\/productos\/mixwizard-wz4-122\/#primaryimage\",\"url\":\"\/app\/uploads\/sites\/2\/Allen-Heath-WZ4-12-2-1.jpg\",\"contentUrl\":\"\/app\/uploads\/sites\/2\/Allen-Heath-WZ4-12-2-1.jpg\",\"width\":1000,\"height\":1000},{\"@type\":\"BreadcrumbList\",\"@id\":\"https:\/\/distribution.audio-technica.eu\/es-es\/productos\/mixwizard-wz4-122\/#breadcrumb\",\"itemListElement\":[{\"@type\":\"ListItem\",\"position\":1,\"name\":\"Products\",\"item\":\"https:\/\/distribution.audio-technica.eu\/es-es\/\"},{\"@type\":\"ListItem\",\"position\":2,\"name\":\"Productos\",\"item\":\"https:\/\/distribution.audio-technica.eu\/es-es\/productos\/\"},{\"@type\":\"ListItem\",\"position\":3,\"name\":\"MIXWIZARD WZ4 12:2\"}]},{\"@type\":\"WebSite\",\"@id\":\"https:\/\/distribution.audio-technica.eu\/es-es\/#website\",\"url\":\"https:\/\/distribution.audio-technica.eu\/es-es\/\",\"name\":\"Audio-Technica Iberia\",\"description\":\"Distribuci\u00f3n\",\"potentialAction\":[{\"@type\":\"SearchAction\",\"target\":{\"@type\":\"EntryPoint\",\"urlTemplate\":\"https:\/\/distribution.audio-technica.eu\/es-es\/?s={search_term_string}\"},\"query-input\":{\"@type\":\"PropertyValueSpecification\",\"valueRequired\":true,\"valueName\":\"search_term_string\"}}],\"inLanguage\":\"es\"}]}<\/script>\n<!-- \/ Yoast SEO plugin. -->","yoast_head_json":{"title":"MIXWIZARD WZ4 12:2 - Audio-Technica Iberia","robots":{"index":"index","follow":"follow","max-snippet":"max-snippet:-1","max-image-preview":"max-image-preview:large","max-video-preview":"max-video-preview:-1"},"canonical":"https:\/\/distribution.audio-technica.eu\/es-es\/productos\/mixwizard-wz4-122\/","og_locale":"es_ES","og_type":"article","og_title":"MIXWIZARD WZ4 12:2 - Audio-Technica Iberia","og_description":"Mezclador rack \/ sobremesa para uso general8 Entradas micro \/ l\u00ednea con conectores XLR\/TRS, inserci\u00f3n y salida directa2 Entradas Dual Est\u00e9reo con ganancia independienteFaders de 100mm EQ de cuatro bandas con 2 barridos en los medios6 Env\u00edos auxiliares 2 Retornos est\u00e9reo","og_url":"https:\/\/distribution.audio-technica.eu\/es-es\/productos\/mixwizard-wz4-122\/","og_site_name":"Audio-Technica Iberia","article_modified_time":"2023-07-13T11:27:23+00:00","og_image":[{"width":1000,"height":1000,"url":"https:\/\/distribution.audio-technica.eu\/app\/uploads\/sites\/2\/Allen-Heath-WZ4-12-2-1.jpg","type":"image\/jpeg"}],"twitter_card":"summary_large_image","twitter_misc":{"Tiempo de lectura":"2 minutos"},"schema":{"@context":"https:\/\/schema.org","@graph":[{"@type":"WebPage","@id":"https:\/\/distribution.audio-technica.eu\/es-es\/productos\/mixwizard-wz4-122\/","url":"https:\/\/distribution.audio-technica.eu\/es-es\/productos\/mixwizard-wz4-122\/","name":"MIXWIZARD WZ4 12:2 - Audio-Technica Iberia","isPartOf":{"@id":"https:\/\/distribution.audio-technica.eu\/es-es\/#website"},"primaryImageOfPage":{"@id":"https:\/\/distribution.audio-technica.eu\/es-es\/productos\/mixwizard-wz4-122\/#primaryimage"},"image":{"@id":"https:\/\/distribution.audio-technica.eu\/es-es\/productos\/mixwizard-wz4-122\/#primaryimage"},"thumbnailUrl":"\/app\/uploads\/sites\/2\/Allen-Heath-WZ4-12-2-1.jpg","datePublished":"2018-07-12T12:28:15+00:00","dateModified":"2023-07-13T11:27:23+00:00","breadcrumb":{"@id":"https:\/\/distribution.audio-technica.eu\/es-es\/productos\/mixwizard-wz4-122\/#breadcrumb"},"inLanguage":"es","potentialAction":[{"@type":"ReadAction","target":["https:\/\/distribution.audio-technica.eu\/es-es\/productos\/mixwizard-wz4-122\/"]}]},{"@type":"ImageObject","inLanguage":"es","@id":"https:\/\/distribution.audio-technica.eu\/es-es\/productos\/mixwizard-wz4-122\/#primaryimage","url":"\/app\/uploads\/sites\/2\/Allen-Heath-WZ4-12-2-1.jpg","contentUrl":"\/app\/uploads\/sites\/2\/Allen-Heath-WZ4-12-2-1.jpg","width":1000,"height":1000},{"@type":"BreadcrumbList","@id":"https:\/\/distribution.audio-technica.eu\/es-es\/productos\/mixwizard-wz4-122\/#breadcrumb","itemListElement":[{"@type":"ListItem","position":1,"name":"Products","item":"https:\/\/distribution.audio-technica.eu\/es-es\/"},{"@type":"ListItem","position":2,"name":"Productos","item":"https:\/\/distribution.audio-technica.eu\/es-es\/productos\/"},{"@type":"ListItem","position":3,"name":"MIXWIZARD WZ4 12:2"}]},{"@type":"WebSite","@id":"https:\/\/distribution.audio-technica.eu\/es-es\/#website","url":"https:\/\/distribution.audio-technica.eu\/es-es\/","name":"Audio-Technica Iberia","description":"Distribuci\u00f3n","potentialAction":[{"@type":"SearchAction","target":{"@type":"EntryPoint","urlTemplate":"https:\/\/distribution.audio-technica.eu\/es-es\/?s={search_term_string}"},"query-input":{"@type":"PropertyValueSpecification","valueRequired":true,"valueName":"search_term_string"}}],"inLanguage":"es"}]}},"_links":{"self":[{"href":"https:\/\/distribution.audio-technica.eu\/es-es\/wp-json\/wp\/v2\/product\/13721","targetHints":{"allow":["GET"]}}],"collection":[{"href":"https:\/\/distribution.audio-technica.eu\/es-es\/wp-json\/wp\/v2\/product"}],"about":[{"href":"https:\/\/distribution.audio-technica.eu\/es-es\/wp-json\/wp\/v2\/types\/product"}],"wp:featuredmedia":[{"embeddable":true,"href":"https:\/\/distribution.audio-technica.eu\/es-es\/wp-json\/wp\/v2\/media\/9467"}],"wp:attachment":[{"href":"https:\/\/distribution.audio-technica.eu\/es-es\/wp-json\/wp\/v2\/media?parent=13721"}],"wp:term":[{"taxonomy":"product_brand","embeddable":true,"href":"https:\/\/distribution.audio-technica.eu\/es-es\/wp-json\/wp\/v2\/product_brand?post=13721"},{"taxonomy":"product_cat","embeddable":true,"href":"https:\/\/distribution.audio-technica.eu\/es-es\/wp-json\/wp\/v2\/product_cat?post=13721"},{"taxonomy":"product_tag","embeddable":true,"href":"https:\/\/distribution.audio-technica.eu\/es-es\/wp-json\/wp\/v2\/product_tag?post=13721"}],"curies":[{"name":"wp","href":"https:\/\/api.w.org\/{rel}","templated":true}]}}