{"id":13722,"date":"2018-07-12T14:28:15","date_gmt":"2018-07-12T12:28:15","guid":{"rendered":"https:\/\/atdb-production.studiograft.dev\/es\/product\/import-placeholder-for-766\/"},"modified":"2023-07-13T13:27:23","modified_gmt":"2023-07-13T11:27:23","slug":"mixwizard-wz4-1442","status":"publish","type":"product","link":"https:\/\/distribution.audio-technica.eu\/es-es\/productos\/mixwizard-wz4-1442\/","title":{"rendered":"MIXWIZARD WZ4 14:4:2"},"content":{"rendered":"<h2>MIXWIZARD WZ4 14:4:2<\/h2>\n<h3>Mezclador rack \/ sobremesa para uso general<\/h3>\n<p>Dise\u00f1ado como un vers\u00e1til mezclador para directo de caracter\u00edsticas \u00fanicas, WZ4 14:4:2 puede utilizarse tanto en FOH como en monitores, o realizando ambas tareas al mismo tiempo.<br \/>\nWZ4 14:4:2 dispone de la aclamada ecualizaci\u00f3n de 4 bandas con barrido en los dos medios, faders de 100 mm de alta calidad, 6 env\u00edos auxiliares, medidores formados por 12 segmentos LED y el exclusivo sistema de conectores QCC, que facilita el montaje tanto en rack como en modo sobremesa.<br \/>\nEsta 4\u00aa generaci\u00f3n de consolas MixWizard ofrecen ahora la opci\u00f3n de permitir la instalaci\u00f3n de un interface USB multicanal con tarjetas de sonido de alta calidad de 16 canales, que facilitan la grabaci\u00f3n multipista y la reproducci\u00f3n sobre dos pistas.<br \/>\nEstos mezcladores anal\u00f3gicos de uso general ofrecen un formato compacto y que permite tambi\u00e9n su montaje en rack.<br \/>\nEl mezclador puede trabajar en tres modos: FoH \/ Monitor \/ Modo Dual.<br \/>\nEn modo FoH, los cuatro grupos con inserciones, los faders de 100 mm y las salidas a trav\u00e9s de XLR pueden ser direccionadas y panoramizadas a la mezcla LR para obtener una flexible sub mezcla. La mezcla LR principal dispone de inserci\u00f3n, faders izquierda y derecha independientes, y salidas XLR para enviar la se\u00f1al al sistema de sonido principal. La EQ y el procesado de se\u00f1al pueden ser insertados f\u00e1cilmente en las salidas de grupo y en las salidas principales.<br \/>\nEn Modo Monitor, las mezclas auxiliares son direccionadas a los faders de de grupo y LR, inserciones y salidas XLR. El sistema AFL y PFL es conmutado a la salida mono para proporcionar una salida para la cu\u00f1a del ingeniero. En esencia, es la perfecta consola de monitores de 6 mezclas, con disponibilidad de salidas adicionales desde los buses de grupo, a trav\u00e9s de los controles de master auxiliar.<br \/>\nEn modo Dual, algunos auxiliares pueden ser utilizados como mezclas de monitor, y algunos sub grupos pueden ser utilizados junto a las salidas principales LR, permitiendo que el ingeniero pueda manejar el sonido FoH y algunas mezclas para monitores desde la misma consola.<\/p>\n<ul>\n<li>Puede montarse en rack de 19&#8243;<\/li>\n<li>10 Entradas micro \/ l\u00ednea con conectores XLR \/ TRS, inserci\u00f3n y salida directa<\/li>\n<li>Faders de 100mm<\/li>\n<li>Conmutadores que intercambian la funci\u00f3n de los masters de grupo y auxiliar en aplicaciones de Monitores o Modo Dual<\/li>\n<li>6 Env\u00edos auxiliares, conmutables pre \/post fader<\/li>\n<li>4 Grupos de audio<\/li>\n<li>2 Entradas Dual Est\u00e9reo con ganancia independiente y conmutadores \u2018ON\u2019 que permiten que las entradas sean seleccionadas de forma independiente o mezcladas entre s\u00ed<\/li>\n<li>EQ de cuatro bandas con 2 barridos en los medios<\/li>\n<li>Matriz 6&#215;2 para proporcionar env\u00edos para monitorizaci\u00f3n intra aural, altavoces con retardo, v\u00eddeo, broadcast y mucho m\u00e1s<\/li>\n<li>Oscilador y generador de ruido rosa para ajuste y prueba de altavoces<\/li>\n<li>Medidor tricolor formado por 12 segmentos LED<\/li>\n<li>Alimentaci\u00f3n phantom  48V<\/li>\n<li>LEDs de se\u00f1al y pico<\/li>\n<li>Conector XLR para micro de Talkback con ajuste de nivel<\/li>\n<li>Z\u00f3calo para l\u00e1mpara<\/li>\n<li>Opci\u00f3n de grabaci\u00f3n USB multipista<\/li>\n<\/ul>\n<\/div>\n<\/div>\n","protected":false},"excerpt":{"rendered":"<h3>Mezclador rack \/ sobremesa para uso general<\/h3>\n<ul class='summary'>\n<li>10 Entradas micro\/l\u00ednea con conectores XLR\/TRS, inserci\u00f3n y salida directaa<\/li>\n<li>2 Entradas Dual Est\u00e9reo con ganancia independiente<\/li>\n<li>Faders de 100mm <\/li>\n<li>EQ de cuatro bandas con 2 barridos en los medios<\/li>\n<li>6 Env\u00edos auxiliares <\/li>\n<li> Matriz 6&#215;2 para proporcionar env\u00edos para monitorizaci\u00f3n intra aural<\/li>\n<\/ul>\n","protected":false},"featured_media":9472,"template":"","meta":{"_acf_changed":false},"product_brand":[],"product_cat":[1493,1503,1490,1504],"product_tag":[],"class_list":{"0":"post-13722","1":"product","2":"type-product","3":"status-publish","4":"has-post-thumbnail","6":"product_cat-mesas-de-mezclas-allen-heath","7":"product_cat-mezcladores-compactos-mesas-de-mezclas-allen-heath","8":"product_cat-por-series-allen-heath","9":"product_cat-serie-wizard4","10":"product_series-serie-wizard4","12":"first","13":"instock","14":"shipping-taxable","15":"product-type-simple"},"acf":[],"yoast_head":"<!-- This site is optimized with the Yoast SEO plugin v27.1.1 - https:\/\/yoast.com\/product\/yoast-seo-wordpress\/ -->\n<title>MIXWIZARD WZ4 14:4:2 - Audio-Technica Iberia<\/title>\n<meta name=\"robots\" content=\"index, follow, max-snippet:-1, max-image-preview:large, max-video-preview:-1\" \/>\n<link rel=\"canonical\" href=\"https:\/\/distribution.audio-technica.eu\/es-es\/productos\/mixwizard-wz4-1442\/\" \/>\n<meta property=\"og:locale\" content=\"es_ES\" \/>\n<meta property=\"og:type\" content=\"article\" \/>\n<meta property=\"og:title\" content=\"MIXWIZARD WZ4 14:4:2 - Audio-Technica Iberia\" \/>\n<meta property=\"og:description\" content=\"Mezclador rack \/ sobremesa para uso general10 Entradas micro\/l\u00ednea con conectores XLR\/TRS, inserci\u00f3n y salida directaa2 Entradas Dual Est\u00e9reo con ganancia independienteFaders de 100mm EQ de cuatro bandas con 2 barridos en los medios6 Env\u00edos auxiliares Matriz 6x2 para proporcionar env\u00edos para monitorizaci\u00f3n intra aural\" \/>\n<meta property=\"og:url\" content=\"https:\/\/distribution.audio-technica.eu\/es-es\/productos\/mixwizard-wz4-1442\/\" \/>\n<meta property=\"og:site_name\" content=\"Audio-Technica Iberia\" \/>\n<meta property=\"article:modified_time\" content=\"2023-07-13T11:27:23+00:00\" \/>\n<meta property=\"og:image\" content=\"https:\/\/distribution.audio-technica.eu\/app\/uploads\/sites\/2\/Allen-Heath-WZ4-14-4-2-1.jpg\" \/>\n\t<meta property=\"og:image:width\" content=\"1000\" \/>\n\t<meta property=\"og:image:height\" content=\"1000\" \/>\n\t<meta property=\"og:image:type\" content=\"image\/jpeg\" \/>\n<meta name=\"twitter:card\" content=\"summary_large_image\" \/>\n<meta name=\"twitter:label1\" content=\"Tiempo de lectura\" \/>\n\t<meta name=\"twitter:data1\" content=\"3 minutos\" \/>\n<script type=\"application\/ld+json\" class=\"yoast-schema-graph\">{\"@context\":\"https:\/\/schema.org\",\"@graph\":[{\"@type\":\"WebPage\",\"@id\":\"https:\/\/distribution.audio-technica.eu\/es-es\/productos\/mixwizard-wz4-1442\/\",\"url\":\"https:\/\/distribution.audio-technica.eu\/es-es\/productos\/mixwizard-wz4-1442\/\",\"name\":\"MIXWIZARD WZ4 14:4:2 - Audio-Technica Iberia\",\"isPartOf\":{\"@id\":\"https:\/\/distribution.audio-technica.eu\/es-es\/#website\"},\"primaryImageOfPage\":{\"@id\":\"https:\/\/distribution.audio-technica.eu\/es-es\/productos\/mixwizard-wz4-1442\/#primaryimage\"},\"image\":{\"@id\":\"https:\/\/distribution.audio-technica.eu\/es-es\/productos\/mixwizard-wz4-1442\/#primaryimage\"},\"thumbnailUrl\":\"\/app\/uploads\/sites\/2\/Allen-Heath-WZ4-14-4-2-1.jpg\",\"datePublished\":\"2018-07-12T12:28:15+00:00\",\"dateModified\":\"2023-07-13T11:27:23+00:00\",\"breadcrumb\":{\"@id\":\"https:\/\/distribution.audio-technica.eu\/es-es\/productos\/mixwizard-wz4-1442\/#breadcrumb\"},\"inLanguage\":\"es\",\"potentialAction\":[{\"@type\":\"ReadAction\",\"target\":[\"https:\/\/distribution.audio-technica.eu\/es-es\/productos\/mixwizard-wz4-1442\/\"]}]},{\"@type\":\"ImageObject\",\"inLanguage\":\"es\",\"@id\":\"https:\/\/distribution.audio-technica.eu\/es-es\/productos\/mixwizard-wz4-1442\/#primaryimage\",\"url\":\"\/app\/uploads\/sites\/2\/Allen-Heath-WZ4-14-4-2-1.jpg\",\"contentUrl\":\"\/app\/uploads\/sites\/2\/Allen-Heath-WZ4-14-4-2-1.jpg\",\"width\":1000,\"height\":1000},{\"@type\":\"BreadcrumbList\",\"@id\":\"https:\/\/distribution.audio-technica.eu\/es-es\/productos\/mixwizard-wz4-1442\/#breadcrumb\",\"itemListElement\":[{\"@type\":\"ListItem\",\"position\":1,\"name\":\"Products\",\"item\":\"https:\/\/distribution.audio-technica.eu\/es-es\/\"},{\"@type\":\"ListItem\",\"position\":2,\"name\":\"Productos\",\"item\":\"https:\/\/distribution.audio-technica.eu\/es-es\/productos\/\"},{\"@type\":\"ListItem\",\"position\":3,\"name\":\"MIXWIZARD WZ4 14:4:2\"}]},{\"@type\":\"WebSite\",\"@id\":\"https:\/\/distribution.audio-technica.eu\/es-es\/#website\",\"url\":\"https:\/\/distribution.audio-technica.eu\/es-es\/\",\"name\":\"Audio-Technica Iberia\",\"description\":\"Distribuci\u00f3n\",\"potentialAction\":[{\"@type\":\"SearchAction\",\"target\":{\"@type\":\"EntryPoint\",\"urlTemplate\":\"https:\/\/distribution.audio-technica.eu\/es-es\/?s={search_term_string}\"},\"query-input\":{\"@type\":\"PropertyValueSpecification\",\"valueRequired\":true,\"valueName\":\"search_term_string\"}}],\"inLanguage\":\"es\"}]}<\/script>\n<!-- \/ Yoast SEO plugin. -->","yoast_head_json":{"title":"MIXWIZARD WZ4 14:4:2 - Audio-Technica Iberia","robots":{"index":"index","follow":"follow","max-snippet":"max-snippet:-1","max-image-preview":"max-image-preview:large","max-video-preview":"max-video-preview:-1"},"canonical":"https:\/\/distribution.audio-technica.eu\/es-es\/productos\/mixwizard-wz4-1442\/","og_locale":"es_ES","og_type":"article","og_title":"MIXWIZARD WZ4 14:4:2 - Audio-Technica Iberia","og_description":"Mezclador rack \/ sobremesa para uso general10 Entradas micro\/l\u00ednea con conectores XLR\/TRS, inserci\u00f3n y salida directaa2 Entradas Dual Est\u00e9reo con ganancia independienteFaders de 100mm EQ de cuatro bandas con 2 barridos en los medios6 Env\u00edos auxiliares Matriz 6x2 para proporcionar env\u00edos para monitorizaci\u00f3n intra aural","og_url":"https:\/\/distribution.audio-technica.eu\/es-es\/productos\/mixwizard-wz4-1442\/","og_site_name":"Audio-Technica Iberia","article_modified_time":"2023-07-13T11:27:23+00:00","og_image":[{"width":1000,"height":1000,"url":"https:\/\/distribution.audio-technica.eu\/app\/uploads\/sites\/2\/Allen-Heath-WZ4-14-4-2-1.jpg","type":"image\/jpeg"}],"twitter_card":"summary_large_image","twitter_misc":{"Tiempo de lectura":"3 minutos"},"schema":{"@context":"https:\/\/schema.org","@graph":[{"@type":"WebPage","@id":"https:\/\/distribution.audio-technica.eu\/es-es\/productos\/mixwizard-wz4-1442\/","url":"https:\/\/distribution.audio-technica.eu\/es-es\/productos\/mixwizard-wz4-1442\/","name":"MIXWIZARD WZ4 14:4:2 - Audio-Technica Iberia","isPartOf":{"@id":"https:\/\/distribution.audio-technica.eu\/es-es\/#website"},"primaryImageOfPage":{"@id":"https:\/\/distribution.audio-technica.eu\/es-es\/productos\/mixwizard-wz4-1442\/#primaryimage"},"image":{"@id":"https:\/\/distribution.audio-technica.eu\/es-es\/productos\/mixwizard-wz4-1442\/#primaryimage"},"thumbnailUrl":"\/app\/uploads\/sites\/2\/Allen-Heath-WZ4-14-4-2-1.jpg","datePublished":"2018-07-12T12:28:15+00:00","dateModified":"2023-07-13T11:27:23+00:00","breadcrumb":{"@id":"https:\/\/distribution.audio-technica.eu\/es-es\/productos\/mixwizard-wz4-1442\/#breadcrumb"},"inLanguage":"es","potentialAction":[{"@type":"ReadAction","target":["https:\/\/distribution.audio-technica.eu\/es-es\/productos\/mixwizard-wz4-1442\/"]}]},{"@type":"ImageObject","inLanguage":"es","@id":"https:\/\/distribution.audio-technica.eu\/es-es\/productos\/mixwizard-wz4-1442\/#primaryimage","url":"\/app\/uploads\/sites\/2\/Allen-Heath-WZ4-14-4-2-1.jpg","contentUrl":"\/app\/uploads\/sites\/2\/Allen-Heath-WZ4-14-4-2-1.jpg","width":1000,"height":1000},{"@type":"BreadcrumbList","@id":"https:\/\/distribution.audio-technica.eu\/es-es\/productos\/mixwizard-wz4-1442\/#breadcrumb","itemListElement":[{"@type":"ListItem","position":1,"name":"Products","item":"https:\/\/distribution.audio-technica.eu\/es-es\/"},{"@type":"ListItem","position":2,"name":"Productos","item":"https:\/\/distribution.audio-technica.eu\/es-es\/productos\/"},{"@type":"ListItem","position":3,"name":"MIXWIZARD WZ4 14:4:2"}]},{"@type":"WebSite","@id":"https:\/\/distribution.audio-technica.eu\/es-es\/#website","url":"https:\/\/distribution.audio-technica.eu\/es-es\/","name":"Audio-Technica Iberia","description":"Distribuci\u00f3n","potentialAction":[{"@type":"SearchAction","target":{"@type":"EntryPoint","urlTemplate":"https:\/\/distribution.audio-technica.eu\/es-es\/?s={search_term_string}"},"query-input":{"@type":"PropertyValueSpecification","valueRequired":true,"valueName":"search_term_string"}}],"inLanguage":"es"}]}},"_links":{"self":[{"href":"https:\/\/distribution.audio-technica.eu\/es-es\/wp-json\/wp\/v2\/product\/13722","targetHints":{"allow":["GET"]}}],"collection":[{"href":"https:\/\/distribution.audio-technica.eu\/es-es\/wp-json\/wp\/v2\/product"}],"about":[{"href":"https:\/\/distribution.audio-technica.eu\/es-es\/wp-json\/wp\/v2\/types\/product"}],"wp:featuredmedia":[{"embeddable":true,"href":"https:\/\/distribution.audio-technica.eu\/es-es\/wp-json\/wp\/v2\/media\/9472"}],"wp:attachment":[{"href":"https:\/\/distribution.audio-technica.eu\/es-es\/wp-json\/wp\/v2\/media?parent=13722"}],"wp:term":[{"taxonomy":"product_brand","embeddable":true,"href":"https:\/\/distribution.audio-technica.eu\/es-es\/wp-json\/wp\/v2\/product_brand?post=13722"},{"taxonomy":"product_cat","embeddable":true,"href":"https:\/\/distribution.audio-technica.eu\/es-es\/wp-json\/wp\/v2\/product_cat?post=13722"},{"taxonomy":"product_tag","embeddable":true,"href":"https:\/\/distribution.audio-technica.eu\/es-es\/wp-json\/wp\/v2\/product_tag?post=13722"}],"curies":[{"name":"wp","href":"https:\/\/api.w.org\/{rel}","templated":true}]}}