{"id":13725,"date":"2018-07-12T14:28:16","date_gmt":"2018-07-12T12:28:16","guid":{"rendered":"https:\/\/atdb-production.studiograft.dev\/es\/product\/import-placeholder-for-769\/"},"modified":"2023-07-13T13:28:11","modified_gmt":"2023-07-13T11:28:11","slug":"xb-14-2","status":"publish","type":"product","link":"https:\/\/distribution.audio-technica.eu\/es-es\/productos\/xb-14-2\/","title":{"rendered":"XB-14-2"},"content":{"rendered":"<h2>XB-14-2<\/h2>\n<h3>Mezclador para radiodifusi\u00f3n<\/h3>\n<p>Compacto, rentable y vers\u00e1til, XB-142 ha sido dise\u00f1ado para ser utilizado en una amplia gama de aplicaciones, desde peque\u00f1os estudios de radio o de radio por internet, hasta grandes emisoras con m\u00faltiples salas, o radios para hospitales, universidades o comunidades.<br \/>\nXB-142 incorpora nuevas prestaciones y modificaciones basadas en las demandas planteadas por los diferentes usuarios de la consola XB-14 original. Se han ampliado las opciones de direccionamiento, se cuenta con canales est\u00e9reo dobles para hasta 7 fuentes est\u00e9reo, y se ha a\u00f1adido un bus de Audici\u00f3n espec\u00edfico, y se han mejorado los preamplificadores microf\u00f3nicos y la gama de la ganancia del canal est\u00e9reo. Con no menos de 27 E\/S l\u00f3gicas para el control remoto y 15 conmutadores de configuraci\u00f3n, XB-142 es una soluci\u00f3n totalmente flexible.<br \/>\nXB-142 dispone de muchas prestaciones pensadas espec\u00edficamente para la radiodifusi\u00f3n como, por ejemplo, m\u00f3dulos de comunicaci\u00f3n telef\u00f3nica para llamadas telef\u00f3nicas, detecci\u00f3n de fader start en los micr\u00f3fonos para conexiones externas y enmudecimiento autom\u00e1tico interno de las salidas de altavoz, salidas start\/cue en los canales est\u00e9reo para los controles de transporte de equipos CD, salidas de mezcla para auriculares para invitados, un bus de audici\u00f3n, y mucho m\u00e1s.<br \/>\nEl dise\u00f1o de dos secciones que presentan los previos de la XB-142 ofrece una gama de ganancia expansiva y controlable. La mayor parte de la ganancia se produce en la primera secci\u00f3n, de forma que el ruido no deseado se mantiene al m\u00ednimo. La segunda secci\u00f3n carece de atenuaci\u00f3n, por lo que las fuentes con nivel de l\u00ednea se conectan directamente a trav\u00e9s del jack de entrada, lo cual se traduce en un menor ruido cuando se utilizan las entradas de l\u00ednea.<br \/>\nEst\u00e1 equipado con un circuito ecualizador de 3 bandas en cada entrada mono, y con una ecualizaci\u00f3n de 2 bandas en los canales Telco y est\u00e9reo. La frecuencia y respuesta de cada uno de ellos ha sido escogida cuidadosamente para proporcionar la m\u00e1xima eficiencia cuando se utiliza la ecualizaci\u00f3n con diversos tipos de fuente.<br \/>\nXB-142 dispone de un bus Auxiliar que puede ser utilizado para procesado externo, efectos, grabaci\u00f3n. Se dispone de un bus est\u00e9reo de mezcla independiente para la mezcla principal, o para crear un env\u00edo limpio de los canales seleccionados.<br \/>\nLos canales mono micro \/ l\u00ednea disponen de conmutaci\u00f3n l\u00f3gica fader start, permiti\u00e9ndoles el control autom\u00e1tico de equipo externo o enmudecer autom\u00e1ticamente los altavoces para evitar la realimentaci\u00f3n ac\u00fastica. Los canales est\u00e9reo disponen de salidas l\u00f3gicas \u2018start &amp; cue\u2019 para su conexi\u00f3n a equipos externos, tales como reproductores CD. Tambi\u00e9n existen opciones para enmudecer de forma remota las entradas mono, utilizando un conmutador externo.<br \/>\nLa posibilidad de obtener y enviar f\u00e1cilmente audio desde un ordenador es una caracter\u00edstica esencial para la producci\u00f3n musical y radiof\u00f3nica por lo que, en este aspecto, XB-14 es extremadamente flexible y ofrece la m\u00e1xima facilidad. Simplemente es necesario conectar un terminal USB y seleccionar el direccionamiento USB para poder enviar y recibir audio desde o hacia un ordenador PC o Mac.<br \/>\nEl usuario puede crear mezclas de monitoraje independientes para \u00e9l mismo, los invitados o el presentador, de forma que el ingeniero puede comprobar los niveles y pinchar Fuentes mientras el presentador o el invitado pueden escuchar una fuente diferente. El ingeniero \/ productor puede comunicarse con el estudio utilizando la funci\u00f3n \u2018Talk\u2019, fuera de emisi\u00f3n a llamadas telef\u00f3nicas.<\/p>\n<ul>\n<li>4 Canales micro\/l\u00ednea<\/li>\n<li>4 Canales est\u00e9reo de doble fuente<\/li>\n<li>2 Canales Telco<\/li>\n<li>EQ con barrido en medios, HPF y 3-bandas en los canales mono<\/li>\n<li>EQ de 2 bandas en los canales est\u00e9reo<\/li>\n<li>Filtro variables pasa alto \/ pasa bajo en los canales Telco<\/li>\n<li>Suaves faders de 100mm<\/li>\n<li>Dise\u00f1o de preamplificador de 2 pasos, sin atenuador<\/li>\n<li>Fader-start en los canales mono<\/li>\n<li>Salidas l\u00f3gicas Start\/cue en los canales est\u00e9reo<\/li>\n<li>Conector para conector externo<\/li>\n<li>Mezcla de auriculares independiente para el ingeniero \/ productor y dos invitados<\/li>\n<li>Enmudecimiento autom\u00e1tico en las salidas de sala de control<\/li>\n<li>Capacidad de enmudecimiento remoto en los canales de micro<\/li>\n<li>Entrada \/ salida est\u00e9reo de audio USB, configurable<\/li>\n<li>Bus Audition para la audici\u00f3n y grabaci\u00f3n fuera de antena<\/li>\n<li>Buses est\u00e9reo y Aux independiente para procesado \/ grabaci\u00f3n<\/li>\n<li>Salidas principales a trav\u00e9s de XLR, con inserci\u00f3n<\/li>\n<li>Medici\u00f3n de se\u00f1al de entrada y pico<\/li>\n<li>Conectividad USB para PC\/MAC<\/li>\n<li>Mezcla de auriculares independiente para ingeniero \/ productor y 2 invitados<\/li>\n<li>Construido con PCBs montados verticalmente con potenci\u00f3metros rotativos, sujetos con tuerca<\/li>\n<li>Salidas de sala de control con enmudecimientos autom\u00e1ticos y remotos<\/li>\n<li>Posibilidad de enmudecimiento remoto en los canales microf\u00f3nicos<\/li>\n<li>Salidas principales balanceadas con inserciones<\/li>\n<\/ul>\n","protected":false},"excerpt":{"rendered":"<h3>Mezclador para radiodifusi\u00f3n<\/h3>\n<ul class=\"summary\">\n<li>4 Canales micro\/l\u00ednea y 4 est\u00e9reo de doble fuente<\/li>\n<li>2 Canales Telco<\/li>\n<li>Suaves faders de 100mm<\/li>\n<li>Fader-start en los canales mono<\/li>\n<li>Enmudecimiento autom\u00e1tico en las salidas de sala de control<\/li>\n<li>Mezclador vers\u00e1til para todo tipo de estudios de radiodifusi\u00f3n<\/li>\n<\/ul>\n","protected":false},"featured_media":9493,"template":"","meta":{"_acf_changed":false},"product_brand":[],"product_cat":[1493,1505,1490,1506],"product_tag":[],"class_list":{"0":"post-13725","1":"product","2":"type-product","3":"status-publish","4":"has-post-thumbnail","6":"product_cat-mesas-de-mezclas-allen-heath","7":"product_cat-mesas-de-mezclas-para-broadcast","8":"product_cat-por-series-allen-heath","9":"product_cat-serie-xb","10":"product_series-serie-xb","12":"first","13":"instock","14":"shipping-taxable","15":"product-type-simple"},"acf":[],"yoast_head":"<!-- This site is optimized with the Yoast SEO plugin v27.1.1 - https:\/\/yoast.com\/product\/yoast-seo-wordpress\/ -->\n<title>XB-14-2 - Audio-Technica Iberia<\/title>\n<meta name=\"robots\" content=\"index, follow, max-snippet:-1, max-image-preview:large, max-video-preview:-1\" \/>\n<link rel=\"canonical\" href=\"https:\/\/distribution.audio-technica.eu\/es-es\/productos\/xb-14-2\/\" \/>\n<meta property=\"og:locale\" content=\"es_ES\" \/>\n<meta property=\"og:type\" content=\"article\" \/>\n<meta property=\"og:title\" content=\"XB-14-2 - Audio-Technica Iberia\" \/>\n<meta property=\"og:description\" content=\"Mezclador para radiodifusi\u00f3n   4 Canales micro\/l\u00ednea y 4 est\u00e9reo de doble fuente  2 Canales Telco  Suaves faders de 100mm  Fader-start en los canales mono  Enmudecimiento autom\u00e1tico en las salidas de sala de control  Mezclador vers\u00e1til para todo tipo de estudios de radiodifusi\u00f3n\" \/>\n<meta property=\"og:url\" content=\"https:\/\/distribution.audio-technica.eu\/es-es\/productos\/xb-14-2\/\" \/>\n<meta property=\"og:site_name\" content=\"Audio-Technica Iberia\" \/>\n<meta property=\"article:modified_time\" content=\"2023-07-13T11:28:11+00:00\" \/>\n<meta property=\"og:image\" content=\"https:\/\/distribution.audio-technica.eu\/app\/uploads\/sites\/2\/Allen-Heath-XB142-1.jpg\" \/>\n\t<meta property=\"og:image:width\" content=\"1000\" \/>\n\t<meta property=\"og:image:height\" content=\"1000\" \/>\n\t<meta property=\"og:image:type\" content=\"image\/jpeg\" \/>\n<meta name=\"twitter:card\" content=\"summary_large_image\" \/>\n<meta name=\"twitter:label1\" content=\"Tiempo de lectura\" \/>\n\t<meta name=\"twitter:data1\" content=\"4 minutos\" \/>\n<script type=\"application\/ld+json\" class=\"yoast-schema-graph\">{\"@context\":\"https:\/\/schema.org\",\"@graph\":[{\"@type\":\"WebPage\",\"@id\":\"https:\/\/distribution.audio-technica.eu\/es-es\/productos\/xb-14-2\/\",\"url\":\"https:\/\/distribution.audio-technica.eu\/es-es\/productos\/xb-14-2\/\",\"name\":\"XB-14-2 - Audio-Technica Iberia\",\"isPartOf\":{\"@id\":\"https:\/\/distribution.audio-technica.eu\/es-es\/#website\"},\"primaryImageOfPage\":{\"@id\":\"https:\/\/distribution.audio-technica.eu\/es-es\/productos\/xb-14-2\/#primaryimage\"},\"image\":{\"@id\":\"https:\/\/distribution.audio-technica.eu\/es-es\/productos\/xb-14-2\/#primaryimage\"},\"thumbnailUrl\":\"\/app\/uploads\/sites\/2\/Allen-Heath-XB142-1.jpg\",\"datePublished\":\"2018-07-12T12:28:16+00:00\",\"dateModified\":\"2023-07-13T11:28:11+00:00\",\"breadcrumb\":{\"@id\":\"https:\/\/distribution.audio-technica.eu\/es-es\/productos\/xb-14-2\/#breadcrumb\"},\"inLanguage\":\"es\",\"potentialAction\":[{\"@type\":\"ReadAction\",\"target\":[\"https:\/\/distribution.audio-technica.eu\/es-es\/productos\/xb-14-2\/\"]}]},{\"@type\":\"ImageObject\",\"inLanguage\":\"es\",\"@id\":\"https:\/\/distribution.audio-technica.eu\/es-es\/productos\/xb-14-2\/#primaryimage\",\"url\":\"\/app\/uploads\/sites\/2\/Allen-Heath-XB142-1.jpg\",\"contentUrl\":\"\/app\/uploads\/sites\/2\/Allen-Heath-XB142-1.jpg\",\"width\":1000,\"height\":1000},{\"@type\":\"BreadcrumbList\",\"@id\":\"https:\/\/distribution.audio-technica.eu\/es-es\/productos\/xb-14-2\/#breadcrumb\",\"itemListElement\":[{\"@type\":\"ListItem\",\"position\":1,\"name\":\"Products\",\"item\":\"https:\/\/distribution.audio-technica.eu\/es-es\/\"},{\"@type\":\"ListItem\",\"position\":2,\"name\":\"Productos\",\"item\":\"https:\/\/distribution.audio-technica.eu\/es-es\/productos\/\"},{\"@type\":\"ListItem\",\"position\":3,\"name\":\"XB-14-2\"}]},{\"@type\":\"WebSite\",\"@id\":\"https:\/\/distribution.audio-technica.eu\/es-es\/#website\",\"url\":\"https:\/\/distribution.audio-technica.eu\/es-es\/\",\"name\":\"Audio-Technica Iberia\",\"description\":\"Distribuci\u00f3n\",\"potentialAction\":[{\"@type\":\"SearchAction\",\"target\":{\"@type\":\"EntryPoint\",\"urlTemplate\":\"https:\/\/distribution.audio-technica.eu\/es-es\/?s={search_term_string}\"},\"query-input\":{\"@type\":\"PropertyValueSpecification\",\"valueRequired\":true,\"valueName\":\"search_term_string\"}}],\"inLanguage\":\"es\"}]}<\/script>\n<!-- \/ Yoast SEO plugin. -->","yoast_head_json":{"title":"XB-14-2 - Audio-Technica Iberia","robots":{"index":"index","follow":"follow","max-snippet":"max-snippet:-1","max-image-preview":"max-image-preview:large","max-video-preview":"max-video-preview:-1"},"canonical":"https:\/\/distribution.audio-technica.eu\/es-es\/productos\/xb-14-2\/","og_locale":"es_ES","og_type":"article","og_title":"XB-14-2 - Audio-Technica Iberia","og_description":"Mezclador para radiodifusi\u00f3n   4 Canales micro\/l\u00ednea y 4 est\u00e9reo de doble fuente  2 Canales Telco  Suaves faders de 100mm  Fader-start en los canales mono  Enmudecimiento autom\u00e1tico en las salidas de sala de control  Mezclador vers\u00e1til para todo tipo de estudios de radiodifusi\u00f3n","og_url":"https:\/\/distribution.audio-technica.eu\/es-es\/productos\/xb-14-2\/","og_site_name":"Audio-Technica Iberia","article_modified_time":"2023-07-13T11:28:11+00:00","og_image":[{"width":1000,"height":1000,"url":"https:\/\/distribution.audio-technica.eu\/app\/uploads\/sites\/2\/Allen-Heath-XB142-1.jpg","type":"image\/jpeg"}],"twitter_card":"summary_large_image","twitter_misc":{"Tiempo de lectura":"4 minutos"},"schema":{"@context":"https:\/\/schema.org","@graph":[{"@type":"WebPage","@id":"https:\/\/distribution.audio-technica.eu\/es-es\/productos\/xb-14-2\/","url":"https:\/\/distribution.audio-technica.eu\/es-es\/productos\/xb-14-2\/","name":"XB-14-2 - Audio-Technica Iberia","isPartOf":{"@id":"https:\/\/distribution.audio-technica.eu\/es-es\/#website"},"primaryImageOfPage":{"@id":"https:\/\/distribution.audio-technica.eu\/es-es\/productos\/xb-14-2\/#primaryimage"},"image":{"@id":"https:\/\/distribution.audio-technica.eu\/es-es\/productos\/xb-14-2\/#primaryimage"},"thumbnailUrl":"\/app\/uploads\/sites\/2\/Allen-Heath-XB142-1.jpg","datePublished":"2018-07-12T12:28:16+00:00","dateModified":"2023-07-13T11:28:11+00:00","breadcrumb":{"@id":"https:\/\/distribution.audio-technica.eu\/es-es\/productos\/xb-14-2\/#breadcrumb"},"inLanguage":"es","potentialAction":[{"@type":"ReadAction","target":["https:\/\/distribution.audio-technica.eu\/es-es\/productos\/xb-14-2\/"]}]},{"@type":"ImageObject","inLanguage":"es","@id":"https:\/\/distribution.audio-technica.eu\/es-es\/productos\/xb-14-2\/#primaryimage","url":"\/app\/uploads\/sites\/2\/Allen-Heath-XB142-1.jpg","contentUrl":"\/app\/uploads\/sites\/2\/Allen-Heath-XB142-1.jpg","width":1000,"height":1000},{"@type":"BreadcrumbList","@id":"https:\/\/distribution.audio-technica.eu\/es-es\/productos\/xb-14-2\/#breadcrumb","itemListElement":[{"@type":"ListItem","position":1,"name":"Products","item":"https:\/\/distribution.audio-technica.eu\/es-es\/"},{"@type":"ListItem","position":2,"name":"Productos","item":"https:\/\/distribution.audio-technica.eu\/es-es\/productos\/"},{"@type":"ListItem","position":3,"name":"XB-14-2"}]},{"@type":"WebSite","@id":"https:\/\/distribution.audio-technica.eu\/es-es\/#website","url":"https:\/\/distribution.audio-technica.eu\/es-es\/","name":"Audio-Technica Iberia","description":"Distribuci\u00f3n","potentialAction":[{"@type":"SearchAction","target":{"@type":"EntryPoint","urlTemplate":"https:\/\/distribution.audio-technica.eu\/es-es\/?s={search_term_string}"},"query-input":{"@type":"PropertyValueSpecification","valueRequired":true,"valueName":"search_term_string"}}],"inLanguage":"es"}]}},"_links":{"self":[{"href":"https:\/\/distribution.audio-technica.eu\/es-es\/wp-json\/wp\/v2\/product\/13725","targetHints":{"allow":["GET"]}}],"collection":[{"href":"https:\/\/distribution.audio-technica.eu\/es-es\/wp-json\/wp\/v2\/product"}],"about":[{"href":"https:\/\/distribution.audio-technica.eu\/es-es\/wp-json\/wp\/v2\/types\/product"}],"wp:featuredmedia":[{"embeddable":true,"href":"https:\/\/distribution.audio-technica.eu\/es-es\/wp-json\/wp\/v2\/media\/9493"}],"wp:attachment":[{"href":"https:\/\/distribution.audio-technica.eu\/es-es\/wp-json\/wp\/v2\/media?parent=13725"}],"wp:term":[{"taxonomy":"product_brand","embeddable":true,"href":"https:\/\/distribution.audio-technica.eu\/es-es\/wp-json\/wp\/v2\/product_brand?post=13725"},{"taxonomy":"product_cat","embeddable":true,"href":"https:\/\/distribution.audio-technica.eu\/es-es\/wp-json\/wp\/v2\/product_cat?post=13725"},{"taxonomy":"product_tag","embeddable":true,"href":"https:\/\/distribution.audio-technica.eu\/es-es\/wp-json\/wp\/v2\/product_tag?post=13725"}],"curies":[{"name":"wp","href":"https:\/\/api.w.org\/{rel}","templated":true}]}}