{"id":13727,"date":"2025-10-14T14:28:16","date_gmt":"2025-10-14T12:28:16","guid":{"rendered":"https:\/\/atdb-production.studiograft.dev\/es\/product\/import-placeholder-for-771\/"},"modified":"2025-10-14T17:50:18","modified_gmt":"2025-10-14T15:50:18","slug":"xone24c","status":"publish","type":"product","link":"https:\/\/distribution.audio-technica.eu\/es-es\/productos\/xone24c\/","title":{"rendered":"XONE:24C"},"content":{"rendered":"<h2>XONE:24C<\/h2>\n<h3>Mezclador anal\u00f3gico de 2+1 canales para DJ, con interface Audio\/MIDI<\/h3>\n<p>Xone:24C es un mezclador DJ h\u00edbrido compacto de 2+1 canales que combina la calidad sonora anal\u00f3gica con una flexible conectividad digital.<br \/>\nCreado sobre las bases establecidas por el modelo totalmente anal\u00f3gico Xone:24, el Xone:24C incorpora un interface USB-C de alta calidad y un hub (distribuidor) USB alimentado para una integraci\u00f3n sencilla con sistemas DVS, retransmisiones en streaming y configuraciones de producci\u00f3n.<\/p>\n<p>Dise\u00f1ado para espacios reducidos, configuraciones dom\u00e9sticas o sistemas m\u00f3viles, el Xone:24C ofrece las mismas herramientas esenciales presentes en los modelos insignia de la gama Xone, incluyendo el filtro Xone y el mini InnoFADER, en un formato compacto y accesible. Tanto si est\u00e1s aprendiendo tu oficio, actuando en directo, escuchando en casa o creando en el estudio, el Xone:24C te brinda una v\u00eda de acceso sin concesiones al universo Xone.<\/p>\n<p>En el coraz\u00f3n del Xone:24C se encuentra la ruta de se\u00f1al totalmente anal\u00f3gica, meticulosamente dise\u00f1ada para ofrecer la claridad, la calidez y la pegada que definen el caracter\u00edstico sonido Xone.<\/p>\n<p>Un par de preamplificadores RIAA de alta ganancia y bajo ruido garantiza una reproducci\u00f3n fiel de las fuentes de vinilo, mientras que las entradas Fono\/L\u00ednea emparejadas permiten conmutar sin interrupciones entre giradiscos y reproductores digitales sin comprometer la estructura de ganancia.<\/p>\n<p>El ecualizador de 3 bandas con corte total te ofrece un control preciso y creativo para esculpir tu mezcla, desde la alternancia de l\u00edneas de bajo hasta transiciones expresivas.<\/p>\n<p>La base de todo ello es una suma anal\u00f3gica pura y cuidadosamente ajustada, que proporciona unos graves profundos y potentes junto con unos agudos abiertos y detallados, otorgando a sus mezclas ese sonido profesional y con cuerpo que solo puede lograrse en un mezclador anal\u00f3gico.<\/p>\n<p>Tanto si utilizas vinilos con c\u00f3digo de tiempo, transmites sets en directo o integres un DAW, el Xone:24C te ofrece conectividad digital plug-and-play sin renunciar a la inconfundible sensaci\u00f3n y al sonido de un aut\u00e9ntico mezclador anal\u00f3gico.<\/p>\n<p>Su interface de audio USB a 96 kHz, de clase est\u00e1ndar que no necesita drivers, ofrece una calidad sonora impecable con tres modos de funcionamiento: Streaming, DAW y DVS Pro, que simplifican la configuraci\u00f3n.<\/p>\n<p>Los puertos USB-C con alimentaci\u00f3n permiten la conexi\u00f3n de controladores como la serie Xone:K, o de cualquier dispositivo USB-C MIDI\/audio compatible que no precise drivers, creando un hub de conexi\u00f3n simple y centralizado<\/p>\n<p>Adem\u00e1s, se env\u00edan datos MIDI desde los controles principales del mezclador al sistema anfitri\u00f3n conectado.<\/p>\n<p>El Xone:24C incorpora el ic\u00f3nico Xone:VCF para un modelado sonoro creativo y preciso. Con modos de paso bajo y paso alto, barrido de frecuencia y el reconocido control de resonancia ,desde sutil hasta extremo,, utiliza la misma topolog\u00eda de filtro presente en los mezcladores Xone insignia de Allen &amp; Heath.<\/p>\n<p>El Xone:24C incorpora el crossfader Mini innoFADER, reconocido por DJs de todo el mundo por su respuesta fluida y su durabilidad. Interruptores retroiluminados, una medici\u00f3n precisa y un conjunto de entradas y salidas completo completan un mezclador dise\u00f1ado para ofrecer un rendimiento fiable, est\u00e9s donde est\u00e9s actuando.<\/p>\n<p>El Xone:24C incorpora un nuevo bucle de efectos Master Insert, que permite una integraci\u00f3n sencilla con procesadores externos mediante conexiones de env\u00edo\/retorno en el panel trasero, facilitando la incorporaci\u00f3n de los efectos hardware m\u00e1s utilizados en sus mezclas. En instalaciones, el Master Insert FX puede conectarse a procesadores din\u00e1micos, proporcionando control sobre la salida principal para necesidades de gesti\u00f3n del sistema o del entorno.<\/p>\n","protected":false},"excerpt":{"rendered":"<h3>Mezclador anal\u00f3gico de 2+1 canales para DJ, con interface Audio\/MIDI<\/h3>\n<ul class=\"summary\">\n<li>Tarjeta de sonido USB con cuatro canales est\u00e9reo, 96 kHz, 24 bit<\/li>\n<li>EQ de 3 bandas con Total Kill<\/li>\n<li>Crossfader con curvas ajustables<\/li>\n<li>Sistema de env\u00edo \/ retorno para FX externos<\/li>\n<li>Filtro Controlado por Tensi\u00f3n (VCF)<\/li>\n<\/ul>\n","protected":false},"featured_media":41481,"template":"","meta":{"_acf_changed":false},"product_brand":[],"product_cat":[1507,1490,1508],"product_tag":[],"class_list":{"0":"post-13727","1":"product","2":"type-product","3":"status-publish","4":"has-post-thumbnail","6":"product_cat-mezcladores-dj-allen-heath","7":"product_cat-por-series-allen-heath","8":"product_cat-serie-xone","9":"product_series-serie-xone","11":"first","12":"instock","13":"featured","14":"shipping-taxable","15":"product-type-simple"},"acf":[],"yoast_head":"<!-- This site is optimized with the Yoast SEO plugin v27.1.1 - https:\/\/yoast.com\/product\/yoast-seo-wordpress\/ -->\n<title>XONE:24C - Audio-Technica Iberia<\/title>\n<meta name=\"robots\" content=\"index, follow, max-snippet:-1, max-image-preview:large, max-video-preview:-1\" \/>\n<link rel=\"canonical\" href=\"https:\/\/distribution.audio-technica.eu\/es-es\/productos\/xone24c\/\" \/>\n<meta property=\"og:locale\" content=\"es_ES\" \/>\n<meta property=\"og:type\" content=\"article\" \/>\n<meta property=\"og:title\" content=\"XONE:24C - Audio-Technica Iberia\" \/>\n<meta property=\"og:description\" content=\"Mezclador anal\u00f3gico de 2+1 canales para DJ, con interface Audio\/MIDI   Tarjeta de sonido USB con cuatro canales est\u00e9reo, 96 kHz, 24 bit  EQ de 3 bandas con Total Kill  Crossfader con curvas ajustables  Sistema de env\u00edo \/ retorno para FX externos  Filtro Controlado por Tensi\u00f3n (VCF)\" \/>\n<meta property=\"og:url\" content=\"https:\/\/distribution.audio-technica.eu\/es-es\/productos\/xone24c\/\" \/>\n<meta property=\"og:site_name\" content=\"Audio-Technica Iberia\" \/>\n<meta property=\"article:modified_time\" content=\"2025-10-14T15:50:18+00:00\" \/>\n<meta property=\"og:image\" content=\"https:\/\/distribution.audio-technica.eu\/app\/uploads\/sites\/2\/AH-Xone-24C-top-scaled.jpg\" \/>\n\t<meta property=\"og:image:width\" content=\"2560\" \/>\n\t<meta property=\"og:image:height\" content=\"2560\" \/>\n\t<meta property=\"og:image:type\" content=\"image\/jpeg\" \/>\n<meta name=\"twitter:card\" content=\"summary_large_image\" \/>\n<meta name=\"twitter:label1\" content=\"Tiempo de lectura\" \/>\n\t<meta name=\"twitter:data1\" content=\"3 minutos\" \/>\n<script type=\"application\/ld+json\" class=\"yoast-schema-graph\">{\"@context\":\"https:\/\/schema.org\",\"@graph\":[{\"@type\":\"WebPage\",\"@id\":\"https:\/\/distribution.audio-technica.eu\/es-es\/productos\/xone24c\/\",\"url\":\"https:\/\/distribution.audio-technica.eu\/es-es\/productos\/xone24c\/\",\"name\":\"XONE:24C - Audio-Technica Iberia\",\"isPartOf\":{\"@id\":\"https:\/\/distribution.audio-technica.eu\/es-es\/#website\"},\"primaryImageOfPage\":{\"@id\":\"https:\/\/distribution.audio-technica.eu\/es-es\/productos\/xone24c\/#primaryimage\"},\"image\":{\"@id\":\"https:\/\/distribution.audio-technica.eu\/es-es\/productos\/xone24c\/#primaryimage\"},\"thumbnailUrl\":\"\/app\/uploads\/sites\/2\/AH-Xone-24C-top-scaled.jpg\",\"datePublished\":\"2025-10-14T12:28:16+00:00\",\"dateModified\":\"2025-10-14T15:50:18+00:00\",\"breadcrumb\":{\"@id\":\"https:\/\/distribution.audio-technica.eu\/es-es\/productos\/xone24c\/#breadcrumb\"},\"inLanguage\":\"es\",\"potentialAction\":[{\"@type\":\"ReadAction\",\"target\":[\"https:\/\/distribution.audio-technica.eu\/es-es\/productos\/xone24c\/\"]}]},{\"@type\":\"ImageObject\",\"inLanguage\":\"es\",\"@id\":\"https:\/\/distribution.audio-technica.eu\/es-es\/productos\/xone24c\/#primaryimage\",\"url\":\"\/app\/uploads\/sites\/2\/AH-Xone-24C-top-scaled.jpg\",\"contentUrl\":\"\/app\/uploads\/sites\/2\/AH-Xone-24C-top-scaled.jpg\",\"width\":2560,\"height\":2560},{\"@type\":\"BreadcrumbList\",\"@id\":\"https:\/\/distribution.audio-technica.eu\/es-es\/productos\/xone24c\/#breadcrumb\",\"itemListElement\":[{\"@type\":\"ListItem\",\"position\":1,\"name\":\"Products\",\"item\":\"https:\/\/distribution.audio-technica.eu\/es-es\/\"},{\"@type\":\"ListItem\",\"position\":2,\"name\":\"Productos\",\"item\":\"https:\/\/distribution.audio-technica.eu\/es-es\/productos\/\"},{\"@type\":\"ListItem\",\"position\":3,\"name\":\"XONE:24C\"}]},{\"@type\":\"WebSite\",\"@id\":\"https:\/\/distribution.audio-technica.eu\/es-es\/#website\",\"url\":\"https:\/\/distribution.audio-technica.eu\/es-es\/\",\"name\":\"Audio-Technica Iberia\",\"description\":\"Distribuci\u00f3n\",\"potentialAction\":[{\"@type\":\"SearchAction\",\"target\":{\"@type\":\"EntryPoint\",\"urlTemplate\":\"https:\/\/distribution.audio-technica.eu\/es-es\/?s={search_term_string}\"},\"query-input\":{\"@type\":\"PropertyValueSpecification\",\"valueRequired\":true,\"valueName\":\"search_term_string\"}}],\"inLanguage\":\"es\"}]}<\/script>\n<!-- \/ Yoast SEO plugin. -->","yoast_head_json":{"title":"XONE:24C - Audio-Technica Iberia","robots":{"index":"index","follow":"follow","max-snippet":"max-snippet:-1","max-image-preview":"max-image-preview:large","max-video-preview":"max-video-preview:-1"},"canonical":"https:\/\/distribution.audio-technica.eu\/es-es\/productos\/xone24c\/","og_locale":"es_ES","og_type":"article","og_title":"XONE:24C - Audio-Technica Iberia","og_description":"Mezclador anal\u00f3gico de 2+1 canales para DJ, con interface Audio\/MIDI   Tarjeta de sonido USB con cuatro canales est\u00e9reo, 96 kHz, 24 bit  EQ de 3 bandas con Total Kill  Crossfader con curvas ajustables  Sistema de env\u00edo \/ retorno para FX externos  Filtro Controlado por Tensi\u00f3n (VCF)","og_url":"https:\/\/distribution.audio-technica.eu\/es-es\/productos\/xone24c\/","og_site_name":"Audio-Technica Iberia","article_modified_time":"2025-10-14T15:50:18+00:00","og_image":[{"width":2560,"height":2560,"url":"https:\/\/distribution.audio-technica.eu\/app\/uploads\/sites\/2\/AH-Xone-24C-top-scaled.jpg","type":"image\/jpeg"}],"twitter_card":"summary_large_image","twitter_misc":{"Tiempo de lectura":"3 minutos"},"schema":{"@context":"https:\/\/schema.org","@graph":[{"@type":"WebPage","@id":"https:\/\/distribution.audio-technica.eu\/es-es\/productos\/xone24c\/","url":"https:\/\/distribution.audio-technica.eu\/es-es\/productos\/xone24c\/","name":"XONE:24C - Audio-Technica Iberia","isPartOf":{"@id":"https:\/\/distribution.audio-technica.eu\/es-es\/#website"},"primaryImageOfPage":{"@id":"https:\/\/distribution.audio-technica.eu\/es-es\/productos\/xone24c\/#primaryimage"},"image":{"@id":"https:\/\/distribution.audio-technica.eu\/es-es\/productos\/xone24c\/#primaryimage"},"thumbnailUrl":"\/app\/uploads\/sites\/2\/AH-Xone-24C-top-scaled.jpg","datePublished":"2025-10-14T12:28:16+00:00","dateModified":"2025-10-14T15:50:18+00:00","breadcrumb":{"@id":"https:\/\/distribution.audio-technica.eu\/es-es\/productos\/xone24c\/#breadcrumb"},"inLanguage":"es","potentialAction":[{"@type":"ReadAction","target":["https:\/\/distribution.audio-technica.eu\/es-es\/productos\/xone24c\/"]}]},{"@type":"ImageObject","inLanguage":"es","@id":"https:\/\/distribution.audio-technica.eu\/es-es\/productos\/xone24c\/#primaryimage","url":"\/app\/uploads\/sites\/2\/AH-Xone-24C-top-scaled.jpg","contentUrl":"\/app\/uploads\/sites\/2\/AH-Xone-24C-top-scaled.jpg","width":2560,"height":2560},{"@type":"BreadcrumbList","@id":"https:\/\/distribution.audio-technica.eu\/es-es\/productos\/xone24c\/#breadcrumb","itemListElement":[{"@type":"ListItem","position":1,"name":"Products","item":"https:\/\/distribution.audio-technica.eu\/es-es\/"},{"@type":"ListItem","position":2,"name":"Productos","item":"https:\/\/distribution.audio-technica.eu\/es-es\/productos\/"},{"@type":"ListItem","position":3,"name":"XONE:24C"}]},{"@type":"WebSite","@id":"https:\/\/distribution.audio-technica.eu\/es-es\/#website","url":"https:\/\/distribution.audio-technica.eu\/es-es\/","name":"Audio-Technica Iberia","description":"Distribuci\u00f3n","potentialAction":[{"@type":"SearchAction","target":{"@type":"EntryPoint","urlTemplate":"https:\/\/distribution.audio-technica.eu\/es-es\/?s={search_term_string}"},"query-input":{"@type":"PropertyValueSpecification","valueRequired":true,"valueName":"search_term_string"}}],"inLanguage":"es"}]}},"_links":{"self":[{"href":"https:\/\/distribution.audio-technica.eu\/es-es\/wp-json\/wp\/v2\/product\/13727","targetHints":{"allow":["GET"]}}],"collection":[{"href":"https:\/\/distribution.audio-technica.eu\/es-es\/wp-json\/wp\/v2\/product"}],"about":[{"href":"https:\/\/distribution.audio-technica.eu\/es-es\/wp-json\/wp\/v2\/types\/product"}],"wp:featuredmedia":[{"embeddable":true,"href":"https:\/\/distribution.audio-technica.eu\/es-es\/wp-json\/wp\/v2\/media\/41481"}],"wp:attachment":[{"href":"https:\/\/distribution.audio-technica.eu\/es-es\/wp-json\/wp\/v2\/media?parent=13727"}],"wp:term":[{"taxonomy":"product_brand","embeddable":true,"href":"https:\/\/distribution.audio-technica.eu\/es-es\/wp-json\/wp\/v2\/product_brand?post=13727"},{"taxonomy":"product_cat","embeddable":true,"href":"https:\/\/distribution.audio-technica.eu\/es-es\/wp-json\/wp\/v2\/product_cat?post=13727"},{"taxonomy":"product_tag","embeddable":true,"href":"https:\/\/distribution.audio-technica.eu\/es-es\/wp-json\/wp\/v2\/product_tag?post=13727"}],"curies":[{"name":"wp","href":"https:\/\/api.w.org\/{rel}","templated":true}]}}