{"id":13728,"date":"2018-07-12T14:28:16","date_gmt":"2018-07-12T12:28:16","guid":{"rendered":"https:\/\/atdb-production.studiograft.dev\/es\/product\/import-placeholder-for-772\/"},"modified":"2023-07-13T13:27:06","modified_gmt":"2023-07-13T11:27:06","slug":"xone43","status":"publish","type":"product","link":"https:\/\/distribution.audio-technica.eu\/es-es\/productos\/xone43\/","title":{"rendered":"XONE:43"},"content":{"rendered":"<h2>XONE:43<\/h2>\n<h3>Mezclador anal\u00f3gico DJ de 4 canales<\/h3>\n<p>Dise\u00f1ado pensando en los DJs y en los puristas de la m\u00fasica electr\u00f3nica, Xone:43 es un mezclador DJ de 4 1 canales que ofrece la mejor calidad de audio anal\u00f3gico, incluyendo el legendario filtro Xone con control de resonancia, EQ de 3 bandas, crossfader con tres ajustes de curva y X:FX para disponer de env\u00edo \/ retorno hacia una unidad de FX externa.<br \/>\nEl crossfader dispone de 3 curvas conmutables para diferentes estilos de mezcla o scratching, y puede ser sustituido muy f\u00e1cilmente o actualizado para disponer de un Innofader (se adquiere por separado) personalizado para disfrutar de un funcionamiento espectacular.<br \/>\nIncorpora el filtro Xone original, que ya se ha convertido en legendario y que se sit\u00faa muy por delante de sus competidores. El filtro incluye HPF, BPF, LPF, control de resonancia y barrido de frecuencia, adem\u00e1s de la opci\u00f3n de direccionar X:FX al filtro.<br \/>\nX:FX es un modo muy intuitivo y simple de trabajar con FX, ya que proporciona un \u00fanico control por canal sobre el env\u00edo\/retorno para trabajar con unidades FX externas. Para mayor creatividad, tambi\u00e9n es posible direccionar X:FX hacia el filtro Xone de modo que sea posible a\u00f1adir capas de FX y filtrado.<br \/>\nDispone de cuatro canales fono\/l\u00ednea completos, y dispone tambi\u00e9n de una flexible entrada micro\/auxiliar con conectores XLR y fono. Las salidas principales disponen de XLR balanceados y salidas independientes para cabina y grabaci\u00f3n.<\/p>\n<ul>\n<li>4 Canales con entradas fono\/l\u00ednea<\/li>\n<li>Sistema filtro VCF &#8211; filtros pasa bajo, pasa alto y pasa banda, adem\u00e1s de controles de frecuencia y resonancia<\/li>\n<li>EQ 3 bandas<\/li>\n<li>Bucle FX externo (env\u00edo\/retorno) con control dry\/wet en cada canal<\/li>\n<li>Entrada micro a trav\u00e9s de XLR balanceado, con EQ de 2 bandas<\/li>\n<li>Salida de mezcla principal a trav\u00e9s de XLR balanceado<\/li>\n<li>Salida independiente para cabina<\/li>\n<li>Salida de grabaci\u00f3n<\/li>\n<li>Salidas de auriculares de 3.5mm y 1\/4\u2033<\/li>\n<li>Construcci\u00f3n de alta calidad, capaz de soportar giras<\/li>\n<li>Faders de canal VCA s\u00faper suaves<\/li>\n<li>Crossfader sustituible por el usuario<\/li>\n<li>Compatible con Innofader<\/li>\n<li>Conmutador de curva de Crossfader<\/li>\n<li>Techo din\u00e1mico profesional est\u00e1ndar de 20dB<\/li>\n<li>Monitorizaci\u00f3n de nivel de se\u00f1al a trav\u00e9s de 9 segmentos LED<\/li>\n<\/ul>\n<\/div>\n<\/div>\n","protected":false},"excerpt":{"rendered":"<h3>Mezclador anal\u00f3gico DJ de 4 canales<\/h3>\n<ul class='summary'>\n<li>4 Canales con entradas fono\/l\u00ednea<\/li>\n<li>Sistema filtro VCF <\/li>\n<li>Faders de canal VCA s\u00faper suaves<\/li>\n<li>Sistema de env\u00edo \/ retorno para FX externos<\/li>\n<\/ul>\n","protected":false},"featured_media":9508,"template":"","meta":{"_acf_changed":false},"product_brand":[],"product_cat":[1507,1490,1508],"product_tag":[],"class_list":{"0":"post-13728","1":"product","2":"type-product","3":"status-publish","4":"has-post-thumbnail","6":"product_cat-mezcladores-dj-allen-heath","7":"product_cat-por-series-allen-heath","8":"product_cat-serie-xone","9":"product_series-serie-xone","11":"first","12":"instock","13":"shipping-taxable","14":"product-type-simple"},"acf":[],"yoast_head":"<!-- This site is optimized with the Yoast SEO plugin v27.1.1 - https:\/\/yoast.com\/product\/yoast-seo-wordpress\/ -->\n<title>XONE:43 - Audio-Technica Iberia<\/title>\n<meta name=\"robots\" content=\"index, follow, max-snippet:-1, max-image-preview:large, max-video-preview:-1\" \/>\n<link rel=\"canonical\" href=\"https:\/\/distribution.audio-technica.eu\/es-es\/productos\/xone43\/\" \/>\n<meta property=\"og:locale\" content=\"es_ES\" \/>\n<meta property=\"og:type\" content=\"article\" \/>\n<meta property=\"og:title\" content=\"XONE:43 - Audio-Technica Iberia\" \/>\n<meta property=\"og:description\" content=\"Mezclador anal\u00f3gico DJ de 4 canales4 Canales con entradas fono\/l\u00edneaSistema filtro VCF Faders de canal VCA s\u00faper suavesSistema de env\u00edo \/ retorno para FX externos\" \/>\n<meta property=\"og:url\" content=\"https:\/\/distribution.audio-technica.eu\/es-es\/productos\/xone43\/\" \/>\n<meta property=\"og:site_name\" content=\"Audio-Technica Iberia\" \/>\n<meta property=\"article:modified_time\" content=\"2023-07-13T11:27:06+00:00\" \/>\n<meta property=\"og:image\" content=\"https:\/\/distribution.audio-technica.eu\/app\/uploads\/sites\/2\/Allen-Heath-Xone-43-1.jpg\" \/>\n\t<meta property=\"og:image:width\" content=\"1000\" \/>\n\t<meta property=\"og:image:height\" content=\"1000\" \/>\n\t<meta property=\"og:image:type\" content=\"image\/jpeg\" \/>\n<meta name=\"twitter:card\" content=\"summary_large_image\" \/>\n<meta name=\"twitter:label1\" content=\"Tiempo de lectura\" \/>\n\t<meta name=\"twitter:data1\" content=\"2 minutos\" \/>\n<script type=\"application\/ld+json\" class=\"yoast-schema-graph\">{\"@context\":\"https:\/\/schema.org\",\"@graph\":[{\"@type\":\"WebPage\",\"@id\":\"https:\/\/distribution.audio-technica.eu\/es-es\/productos\/xone43\/\",\"url\":\"https:\/\/distribution.audio-technica.eu\/es-es\/productos\/xone43\/\",\"name\":\"XONE:43 - Audio-Technica Iberia\",\"isPartOf\":{\"@id\":\"https:\/\/distribution.audio-technica.eu\/es-es\/#website\"},\"primaryImageOfPage\":{\"@id\":\"https:\/\/distribution.audio-technica.eu\/es-es\/productos\/xone43\/#primaryimage\"},\"image\":{\"@id\":\"https:\/\/distribution.audio-technica.eu\/es-es\/productos\/xone43\/#primaryimage\"},\"thumbnailUrl\":\"\/app\/uploads\/sites\/2\/Allen-Heath-Xone-43-1.jpg\",\"datePublished\":\"2018-07-12T12:28:16+00:00\",\"dateModified\":\"2023-07-13T11:27:06+00:00\",\"breadcrumb\":{\"@id\":\"https:\/\/distribution.audio-technica.eu\/es-es\/productos\/xone43\/#breadcrumb\"},\"inLanguage\":\"es\",\"potentialAction\":[{\"@type\":\"ReadAction\",\"target\":[\"https:\/\/distribution.audio-technica.eu\/es-es\/productos\/xone43\/\"]}]},{\"@type\":\"ImageObject\",\"inLanguage\":\"es\",\"@id\":\"https:\/\/distribution.audio-technica.eu\/es-es\/productos\/xone43\/#primaryimage\",\"url\":\"\/app\/uploads\/sites\/2\/Allen-Heath-Xone-43-1.jpg\",\"contentUrl\":\"\/app\/uploads\/sites\/2\/Allen-Heath-Xone-43-1.jpg\",\"width\":1000,\"height\":1000},{\"@type\":\"BreadcrumbList\",\"@id\":\"https:\/\/distribution.audio-technica.eu\/es-es\/productos\/xone43\/#breadcrumb\",\"itemListElement\":[{\"@type\":\"ListItem\",\"position\":1,\"name\":\"Products\",\"item\":\"https:\/\/distribution.audio-technica.eu\/es-es\/\"},{\"@type\":\"ListItem\",\"position\":2,\"name\":\"Productos\",\"item\":\"https:\/\/distribution.audio-technica.eu\/es-es\/productos\/\"},{\"@type\":\"ListItem\",\"position\":3,\"name\":\"XONE:43\"}]},{\"@type\":\"WebSite\",\"@id\":\"https:\/\/distribution.audio-technica.eu\/es-es\/#website\",\"url\":\"https:\/\/distribution.audio-technica.eu\/es-es\/\",\"name\":\"Audio-Technica Iberia\",\"description\":\"Distribuci\u00f3n\",\"potentialAction\":[{\"@type\":\"SearchAction\",\"target\":{\"@type\":\"EntryPoint\",\"urlTemplate\":\"https:\/\/distribution.audio-technica.eu\/es-es\/?s={search_term_string}\"},\"query-input\":{\"@type\":\"PropertyValueSpecification\",\"valueRequired\":true,\"valueName\":\"search_term_string\"}}],\"inLanguage\":\"es\"}]}<\/script>\n<!-- \/ Yoast SEO plugin. -->","yoast_head_json":{"title":"XONE:43 - Audio-Technica Iberia","robots":{"index":"index","follow":"follow","max-snippet":"max-snippet:-1","max-image-preview":"max-image-preview:large","max-video-preview":"max-video-preview:-1"},"canonical":"https:\/\/distribution.audio-technica.eu\/es-es\/productos\/xone43\/","og_locale":"es_ES","og_type":"article","og_title":"XONE:43 - Audio-Technica Iberia","og_description":"Mezclador anal\u00f3gico DJ de 4 canales4 Canales con entradas fono\/l\u00edneaSistema filtro VCF Faders de canal VCA s\u00faper suavesSistema de env\u00edo \/ retorno para FX externos","og_url":"https:\/\/distribution.audio-technica.eu\/es-es\/productos\/xone43\/","og_site_name":"Audio-Technica Iberia","article_modified_time":"2023-07-13T11:27:06+00:00","og_image":[{"width":1000,"height":1000,"url":"https:\/\/distribution.audio-technica.eu\/app\/uploads\/sites\/2\/Allen-Heath-Xone-43-1.jpg","type":"image\/jpeg"}],"twitter_card":"summary_large_image","twitter_misc":{"Tiempo de lectura":"2 minutos"},"schema":{"@context":"https:\/\/schema.org","@graph":[{"@type":"WebPage","@id":"https:\/\/distribution.audio-technica.eu\/es-es\/productos\/xone43\/","url":"https:\/\/distribution.audio-technica.eu\/es-es\/productos\/xone43\/","name":"XONE:43 - Audio-Technica Iberia","isPartOf":{"@id":"https:\/\/distribution.audio-technica.eu\/es-es\/#website"},"primaryImageOfPage":{"@id":"https:\/\/distribution.audio-technica.eu\/es-es\/productos\/xone43\/#primaryimage"},"image":{"@id":"https:\/\/distribution.audio-technica.eu\/es-es\/productos\/xone43\/#primaryimage"},"thumbnailUrl":"\/app\/uploads\/sites\/2\/Allen-Heath-Xone-43-1.jpg","datePublished":"2018-07-12T12:28:16+00:00","dateModified":"2023-07-13T11:27:06+00:00","breadcrumb":{"@id":"https:\/\/distribution.audio-technica.eu\/es-es\/productos\/xone43\/#breadcrumb"},"inLanguage":"es","potentialAction":[{"@type":"ReadAction","target":["https:\/\/distribution.audio-technica.eu\/es-es\/productos\/xone43\/"]}]},{"@type":"ImageObject","inLanguage":"es","@id":"https:\/\/distribution.audio-technica.eu\/es-es\/productos\/xone43\/#primaryimage","url":"\/app\/uploads\/sites\/2\/Allen-Heath-Xone-43-1.jpg","contentUrl":"\/app\/uploads\/sites\/2\/Allen-Heath-Xone-43-1.jpg","width":1000,"height":1000},{"@type":"BreadcrumbList","@id":"https:\/\/distribution.audio-technica.eu\/es-es\/productos\/xone43\/#breadcrumb","itemListElement":[{"@type":"ListItem","position":1,"name":"Products","item":"https:\/\/distribution.audio-technica.eu\/es-es\/"},{"@type":"ListItem","position":2,"name":"Productos","item":"https:\/\/distribution.audio-technica.eu\/es-es\/productos\/"},{"@type":"ListItem","position":3,"name":"XONE:43"}]},{"@type":"WebSite","@id":"https:\/\/distribution.audio-technica.eu\/es-es\/#website","url":"https:\/\/distribution.audio-technica.eu\/es-es\/","name":"Audio-Technica Iberia","description":"Distribuci\u00f3n","potentialAction":[{"@type":"SearchAction","target":{"@type":"EntryPoint","urlTemplate":"https:\/\/distribution.audio-technica.eu\/es-es\/?s={search_term_string}"},"query-input":{"@type":"PropertyValueSpecification","valueRequired":true,"valueName":"search_term_string"}}],"inLanguage":"es"}]}},"_links":{"self":[{"href":"https:\/\/distribution.audio-technica.eu\/es-es\/wp-json\/wp\/v2\/product\/13728","targetHints":{"allow":["GET"]}}],"collection":[{"href":"https:\/\/distribution.audio-technica.eu\/es-es\/wp-json\/wp\/v2\/product"}],"about":[{"href":"https:\/\/distribution.audio-technica.eu\/es-es\/wp-json\/wp\/v2\/types\/product"}],"wp:featuredmedia":[{"embeddable":true,"href":"https:\/\/distribution.audio-technica.eu\/es-es\/wp-json\/wp\/v2\/media\/9508"}],"wp:attachment":[{"href":"https:\/\/distribution.audio-technica.eu\/es-es\/wp-json\/wp\/v2\/media?parent=13728"}],"wp:term":[{"taxonomy":"product_brand","embeddable":true,"href":"https:\/\/distribution.audio-technica.eu\/es-es\/wp-json\/wp\/v2\/product_brand?post=13728"},{"taxonomy":"product_cat","embeddable":true,"href":"https:\/\/distribution.audio-technica.eu\/es-es\/wp-json\/wp\/v2\/product_cat?post=13728"},{"taxonomy":"product_tag","embeddable":true,"href":"https:\/\/distribution.audio-technica.eu\/es-es\/wp-json\/wp\/v2\/product_tag?post=13728"}],"curies":[{"name":"wp","href":"https:\/\/api.w.org\/{rel}","templated":true}]}}