{"id":13733,"date":"2025-10-14T14:28:17","date_gmt":"2025-10-14T12:28:17","guid":{"rendered":"https:\/\/atdb-production.studiograft.dev\/es\/product\/import-placeholder-for-779\/"},"modified":"2025-10-14T17:50:56","modified_gmt":"2025-10-14T15:50:56","slug":"xonek3","status":"publish","type":"product","link":"https:\/\/distribution.audio-technica.eu\/es-es\/productos\/xonek3\/","title":{"rendered":"XONE:K3"},"content":{"rendered":"<h2>XONE:K3<\/h2>\n<h3>Controlador MIDI\/USB para DJ con tarjeta de sonido<\/h3>\n<p>Xone:K3 es un controlador MIDI profesional dise\u00f1ado para DJs, productores, e int\u00e9rpretes que necesitan el control m\u00e1s absoluto e inmediato de sus entornos de software y hardware.<\/p>\n<p>Ya sea que act\u00faes en un club, transmitas en directo un set h\u00edbrido, produzcas en el estudio o dise\u00f1es audiovisuales, K3 te proporciona las herramientas necesarias para crear el flujo de trabajo perfecto en tu entorno creativo.<\/p>\n<p>Tanto si est\u00e1s realizando el mapeado para una actuaci\u00f3n en directo o ajustando al detalle tu configuraci\u00f3n de estudio, Xone:K3 te proporciona un control total sobre tu entorno de software y hardware.<\/p>\n<p>Gracias a su compatibilidad con los mapeados existentes de K1 y K2, el K3 est\u00e1 dise\u00f1ado para resultar inmediatamente familiar a los usuarios de la serie Xone K, quienes pueden emplearlo como sustituto directo de su controlador actual.<\/p>\n<p>La aplicaci\u00f3n gratuita Xone Controller Editor le ofrece un control absoluto sobre cada aspecto del comportamiento del K3. Asigna datos MIDI CC y Nota, define colores RGB de indicaci\u00f3n, personaliza las capas y guarda mapas en la memoria interna, en tu biblioteca o como archivos port\u00e1tiles para facilitar que puedan ser compartidos o act\u00faen como copia de seguridad.<\/p>\n<p>Xone:K3 ofrece una combinaci\u00f3n inigualable de controles t\u00e1ctiles en una sola unidad: faders para transiciones fluidas, codificadores y potenci\u00f3metros para un control de precisi\u00f3n de todo tipo de par\u00e1metros, y botones retroiluminados de respuesta inmediata para funciones de interpretaci\u00f3n o de preescucha. Con 52 controles f\u00edsicos y 3 capas totalmente independientes, puede asignar hasta 174 par\u00e1metros MIDI individuales, lo que lo convierte en la soluci\u00f3n ideal para configuraciones h\u00edbridas o actuaciones en directo de alta complejidad.<\/p>\n<p>Alojado en un resistente chasis met\u00e1lico de fundici\u00f3n, Xone:K3 est\u00e1 dise\u00f1ado para un uso intensivo en condiciones reales. Sus potenci\u00f3metros fijados por tuerca, botones t\u00e1ctiles y s\u00f3lida construcci\u00f3n lo hacen fiable y apto para giras, mientras que su formato estilizado se integra perfectamente junto a los mezcladores en configuraciones de club o de estudio.<\/p>\n<p>El Xone:K3 incorpora conectividad tanto USB-C como X:Link, lo que lo hace compatible con mezcladores Xone como los modelos Xone:96, PX5, 43C y 23C. La compatibilidad con configuraciones en topolog\u00eda de estrella permite conectar m\u00faltiples unidades K3, reconocidas de forma independiente por su software y asignadas con nombre, facilitando as\u00ed un control sencillo en sistemas de mayor escala.<\/p>\n<p>Como dispositivo compatible USB MIDI de clase est\u00e1ndar, el K3 no requiere controladores y funciona con cualquier sistema que admita control MIDI: macOS, Windows, iOS y Android Dispositivo USB MIDI sin necesidad de drivers.<\/p>\n<p>&nbsp;<\/p>\n","protected":false},"excerpt":{"rendered":"<h3>Controlador MIDI totalmente personalizable<\/h3>\n<ul class=\"summary\">\n<li>52 controles f\u00edsicos<\/li>\n<li>3 capas definidas por el usuario con opciones de enclavamiento<\/li>\n<li>Aplicaci\u00f3n gratuita Xone Controller Editor<\/li>\n<li>Asignaci\u00f3n de comandos MIDI por control y por capa<\/li>\n<li>Informaci\u00f3n mediante LED RGB en botones y pulsadores de codificador<\/li>\n<li>Conectividad USB-C + X:Link<\/li>\n<\/ul>\n<p>&nbsp;<\/p>\n<ul class=\"summary\">\n<li>Chasis met\u00e1lico de fundici\u00f3n con potenci\u00f3metros fijados por tuerca y pulsadores t\u00e1ctiles<\/li>\n<li>Compatible USB MIDI<\/li>\n<li><\/li>\n<\/ul>\n","protected":false},"featured_media":41469,"template":"","meta":{"_acf_changed":false},"product_brand":[],"product_cat":[1509,1490,1508],"product_tag":[],"class_list":{"0":"post-13733","1":"product","2":"type-product","3":"status-publish","4":"has-post-thumbnail","6":"product_cat-controladores-dj-allen-heath","7":"product_cat-por-series-allen-heath","8":"product_cat-serie-xone","9":"product_series-serie-xone","11":"first","12":"instock","13":"featured","14":"shipping-taxable","15":"product-type-simple"},"acf":[],"yoast_head":"<!-- This site is optimized with the Yoast SEO plugin v27.1.1 - https:\/\/yoast.com\/product\/yoast-seo-wordpress\/ -->\n<title>XONE:K3 - Audio-Technica Iberia<\/title>\n<meta name=\"robots\" content=\"index, follow, max-snippet:-1, max-image-preview:large, max-video-preview:-1\" \/>\n<link rel=\"canonical\" href=\"https:\/\/distribution.audio-technica.eu\/es-es\/productos\/xonek3\/\" \/>\n<meta property=\"og:locale\" content=\"es_ES\" \/>\n<meta property=\"og:type\" content=\"article\" \/>\n<meta property=\"og:title\" content=\"XONE:K3 - Audio-Technica Iberia\" \/>\n<meta property=\"og:description\" content=\"Controlador MIDI totalmente personalizable   52 controles f\u00edsicos  3 capas definidas por el usuario con opciones de enclavamiento  Aplicaci\u00f3n gratuita Xone Controller Editor  Asignaci\u00f3n de comandos MIDI por control y por capa  Informaci\u00f3n mediante LED RGB en botones y pulsadores de codificador  Conectividad USB-C + X:Link  &nbsp;   Chasis met\u00e1lico de fundici\u00f3n con potenci\u00f3metros fijados por tuerca y pulsadores t\u00e1ctiles  Compatible USB MIDI\" \/>\n<meta property=\"og:url\" content=\"https:\/\/distribution.audio-technica.eu\/es-es\/productos\/xonek3\/\" \/>\n<meta property=\"og:site_name\" content=\"Audio-Technica Iberia\" \/>\n<meta property=\"article:modified_time\" content=\"2025-10-14T15:50:56+00:00\" \/>\n<meta property=\"og:image\" content=\"https:\/\/distribution.audio-technica.eu\/app\/uploads\/sites\/2\/AH-Xone-K3-angle.jpg\" \/>\n\t<meta property=\"og:image:width\" content=\"2000\" \/>\n\t<meta property=\"og:image:height\" content=\"2000\" \/>\n\t<meta property=\"og:image:type\" content=\"image\/jpeg\" \/>\n<meta name=\"twitter:card\" content=\"summary_large_image\" \/>\n<meta name=\"twitter:label1\" content=\"Tiempo de lectura\" \/>\n\t<meta name=\"twitter:data1\" content=\"3 minutos\" \/>\n<script type=\"application\/ld+json\" class=\"yoast-schema-graph\">{\"@context\":\"https:\/\/schema.org\",\"@graph\":[{\"@type\":\"WebPage\",\"@id\":\"https:\/\/distribution.audio-technica.eu\/es-es\/productos\/xonek3\/\",\"url\":\"https:\/\/distribution.audio-technica.eu\/es-es\/productos\/xonek3\/\",\"name\":\"XONE:K3 - Audio-Technica Iberia\",\"isPartOf\":{\"@id\":\"https:\/\/distribution.audio-technica.eu\/es-es\/#website\"},\"primaryImageOfPage\":{\"@id\":\"https:\/\/distribution.audio-technica.eu\/es-es\/productos\/xonek3\/#primaryimage\"},\"image\":{\"@id\":\"https:\/\/distribution.audio-technica.eu\/es-es\/productos\/xonek3\/#primaryimage\"},\"thumbnailUrl\":\"\/app\/uploads\/sites\/2\/AH-Xone-K3-angle.jpg\",\"datePublished\":\"2025-10-14T12:28:17+00:00\",\"dateModified\":\"2025-10-14T15:50:56+00:00\",\"breadcrumb\":{\"@id\":\"https:\/\/distribution.audio-technica.eu\/es-es\/productos\/xonek3\/#breadcrumb\"},\"inLanguage\":\"es\",\"potentialAction\":[{\"@type\":\"ReadAction\",\"target\":[\"https:\/\/distribution.audio-technica.eu\/es-es\/productos\/xonek3\/\"]}]},{\"@type\":\"ImageObject\",\"inLanguage\":\"es\",\"@id\":\"https:\/\/distribution.audio-technica.eu\/es-es\/productos\/xonek3\/#primaryimage\",\"url\":\"\/app\/uploads\/sites\/2\/AH-Xone-K3-angle.jpg\",\"contentUrl\":\"\/app\/uploads\/sites\/2\/AH-Xone-K3-angle.jpg\",\"width\":2000,\"height\":2000},{\"@type\":\"BreadcrumbList\",\"@id\":\"https:\/\/distribution.audio-technica.eu\/es-es\/productos\/xonek3\/#breadcrumb\",\"itemListElement\":[{\"@type\":\"ListItem\",\"position\":1,\"name\":\"Products\",\"item\":\"https:\/\/distribution.audio-technica.eu\/es-es\/\"},{\"@type\":\"ListItem\",\"position\":2,\"name\":\"Productos\",\"item\":\"https:\/\/distribution.audio-technica.eu\/es-es\/productos\/\"},{\"@type\":\"ListItem\",\"position\":3,\"name\":\"XONE:K3\"}]},{\"@type\":\"WebSite\",\"@id\":\"https:\/\/distribution.audio-technica.eu\/es-es\/#website\",\"url\":\"https:\/\/distribution.audio-technica.eu\/es-es\/\",\"name\":\"Audio-Technica Iberia\",\"description\":\"Distribuci\u00f3n\",\"potentialAction\":[{\"@type\":\"SearchAction\",\"target\":{\"@type\":\"EntryPoint\",\"urlTemplate\":\"https:\/\/distribution.audio-technica.eu\/es-es\/?s={search_term_string}\"},\"query-input\":{\"@type\":\"PropertyValueSpecification\",\"valueRequired\":true,\"valueName\":\"search_term_string\"}}],\"inLanguage\":\"es\"}]}<\/script>\n<!-- \/ Yoast SEO plugin. -->","yoast_head_json":{"title":"XONE:K3 - Audio-Technica Iberia","robots":{"index":"index","follow":"follow","max-snippet":"max-snippet:-1","max-image-preview":"max-image-preview:large","max-video-preview":"max-video-preview:-1"},"canonical":"https:\/\/distribution.audio-technica.eu\/es-es\/productos\/xonek3\/","og_locale":"es_ES","og_type":"article","og_title":"XONE:K3 - Audio-Technica Iberia","og_description":"Controlador MIDI totalmente personalizable   52 controles f\u00edsicos  3 capas definidas por el usuario con opciones de enclavamiento  Aplicaci\u00f3n gratuita Xone Controller Editor  Asignaci\u00f3n de comandos MIDI por control y por capa  Informaci\u00f3n mediante LED RGB en botones y pulsadores de codificador  Conectividad USB-C + X:Link  &nbsp;   Chasis met\u00e1lico de fundici\u00f3n con potenci\u00f3metros fijados por tuerca y pulsadores t\u00e1ctiles  Compatible USB MIDI","og_url":"https:\/\/distribution.audio-technica.eu\/es-es\/productos\/xonek3\/","og_site_name":"Audio-Technica Iberia","article_modified_time":"2025-10-14T15:50:56+00:00","og_image":[{"width":2000,"height":2000,"url":"https:\/\/distribution.audio-technica.eu\/app\/uploads\/sites\/2\/AH-Xone-K3-angle.jpg","type":"image\/jpeg"}],"twitter_card":"summary_large_image","twitter_misc":{"Tiempo de lectura":"3 minutos"},"schema":{"@context":"https:\/\/schema.org","@graph":[{"@type":"WebPage","@id":"https:\/\/distribution.audio-technica.eu\/es-es\/productos\/xonek3\/","url":"https:\/\/distribution.audio-technica.eu\/es-es\/productos\/xonek3\/","name":"XONE:K3 - Audio-Technica Iberia","isPartOf":{"@id":"https:\/\/distribution.audio-technica.eu\/es-es\/#website"},"primaryImageOfPage":{"@id":"https:\/\/distribution.audio-technica.eu\/es-es\/productos\/xonek3\/#primaryimage"},"image":{"@id":"https:\/\/distribution.audio-technica.eu\/es-es\/productos\/xonek3\/#primaryimage"},"thumbnailUrl":"\/app\/uploads\/sites\/2\/AH-Xone-K3-angle.jpg","datePublished":"2025-10-14T12:28:17+00:00","dateModified":"2025-10-14T15:50:56+00:00","breadcrumb":{"@id":"https:\/\/distribution.audio-technica.eu\/es-es\/productos\/xonek3\/#breadcrumb"},"inLanguage":"es","potentialAction":[{"@type":"ReadAction","target":["https:\/\/distribution.audio-technica.eu\/es-es\/productos\/xonek3\/"]}]},{"@type":"ImageObject","inLanguage":"es","@id":"https:\/\/distribution.audio-technica.eu\/es-es\/productos\/xonek3\/#primaryimage","url":"\/app\/uploads\/sites\/2\/AH-Xone-K3-angle.jpg","contentUrl":"\/app\/uploads\/sites\/2\/AH-Xone-K3-angle.jpg","width":2000,"height":2000},{"@type":"BreadcrumbList","@id":"https:\/\/distribution.audio-technica.eu\/es-es\/productos\/xonek3\/#breadcrumb","itemListElement":[{"@type":"ListItem","position":1,"name":"Products","item":"https:\/\/distribution.audio-technica.eu\/es-es\/"},{"@type":"ListItem","position":2,"name":"Productos","item":"https:\/\/distribution.audio-technica.eu\/es-es\/productos\/"},{"@type":"ListItem","position":3,"name":"XONE:K3"}]},{"@type":"WebSite","@id":"https:\/\/distribution.audio-technica.eu\/es-es\/#website","url":"https:\/\/distribution.audio-technica.eu\/es-es\/","name":"Audio-Technica Iberia","description":"Distribuci\u00f3n","potentialAction":[{"@type":"SearchAction","target":{"@type":"EntryPoint","urlTemplate":"https:\/\/distribution.audio-technica.eu\/es-es\/?s={search_term_string}"},"query-input":{"@type":"PropertyValueSpecification","valueRequired":true,"valueName":"search_term_string"}}],"inLanguage":"es"}]}},"_links":{"self":[{"href":"https:\/\/distribution.audio-technica.eu\/es-es\/wp-json\/wp\/v2\/product\/13733","targetHints":{"allow":["GET"]}}],"collection":[{"href":"https:\/\/distribution.audio-technica.eu\/es-es\/wp-json\/wp\/v2\/product"}],"about":[{"href":"https:\/\/distribution.audio-technica.eu\/es-es\/wp-json\/wp\/v2\/types\/product"}],"wp:featuredmedia":[{"embeddable":true,"href":"https:\/\/distribution.audio-technica.eu\/es-es\/wp-json\/wp\/v2\/media\/41469"}],"wp:attachment":[{"href":"https:\/\/distribution.audio-technica.eu\/es-es\/wp-json\/wp\/v2\/media?parent=13733"}],"wp:term":[{"taxonomy":"product_brand","embeddable":true,"href":"https:\/\/distribution.audio-technica.eu\/es-es\/wp-json\/wp\/v2\/product_brand?post=13733"},{"taxonomy":"product_cat","embeddable":true,"href":"https:\/\/distribution.audio-technica.eu\/es-es\/wp-json\/wp\/v2\/product_cat?post=13733"},{"taxonomy":"product_tag","embeddable":true,"href":"https:\/\/distribution.audio-technica.eu\/es-es\/wp-json\/wp\/v2\/product_tag?post=13733"}],"curies":[{"name":"wp","href":"https:\/\/api.w.org\/{rel}","templated":true}]}}