{"id":13735,"date":"2018-07-12T14:28:18","date_gmt":"2018-07-12T12:28:18","guid":{"rendered":"https:\/\/atdb-production.studiograft.dev\/es\/product\/import-placeholder-for-782\/"},"modified":"2023-07-13T13:25:55","modified_gmt":"2023-07-13T11:25:55","slug":"zed-6","status":"publish","type":"product","link":"https:\/\/distribution.audio-technica.eu\/es-es\/productos\/zed-6\/","title":{"rendered":"ZED-6"},"content":{"rendered":"<h2>ZED-6<\/h2>\n<h3>Mezclador anal\u00f3gico compacto de 6 entradas<\/h3>\n<p>ZED-6 ha sido creado pensando en los m\u00fasicos, cantantes, compositores y peque\u00f1os locales que buscan disfrutar de la renovada calidad de audio y construcci\u00f3n de Allen &amp; Heath en un formato compacto y port\u00e1til.<br \/>\nIncorporando los nuevos preamplificadores GSPre, desarrollados a partir de la reverenciada consola de estudio GS-R24, el mezclador ZED presenta un ruido excepcionalmente bajo y un elevad\u00edsimo techo din\u00e1mico, con un sonido anal\u00f3gico c\u00e1lido y profundo.<br \/>\nLos guitarristas encontrar\u00e1n especialmente interesantes las dos entradas DI de alta impedancia para guitarra que incorpora ZED-6, que permite que las guitarras puedan ser conectadas directamente al mezclador sin necesidad de contar con las caras cajas DI externas.<br \/>\nTodos los mezcladores ZED han sido dise\u00f1ados y construidos para satisfacer las elevadas exigencias que establece Allen &amp; Health con el fin de que sus productos sean capaces de soportar los rigores del uso en giras. Todos los canales se encuentran alojados en placas de circuito impreso individuales, montadas de forma vertical, y todos los controles rotativos est\u00e1n fijados al panel frontal por medio de una tuerca de acero, con el fin de protegerlos frente a los posibles da\u00f1os producidos por impactos.<\/p>\n<ul>\n<li>Mezclador 6 canales<\/li>\n<li>2 Entradas micro\/l\u00ednea con conectores XLR y jack TRS independientes<\/li>\n<li>2 Entradas est\u00e9reo con conectores jack TRS<\/li>\n<li>2 Entradas DI de alta impedancia para guitarra, que elimina la necesidad de contar con cajas DI externas<\/li>\n<li>Filtro corte de graves para eliminar el ruido de baja frecuencia indeseable<\/li>\n<li>EQ 2 bandas<\/li>\n<li>Faders de 60mm, de recorrido suave, en la mezcla principal<\/li>\n<li>Salidas principales a trav\u00e9s de XLR<\/li>\n<li>Flexible monitorizaci\u00f3n de se\u00f1al<\/li>\n<li>Medici\u00f3n de se\u00f1al a trav\u00e9s de 8 LED<\/li>\n<li>Alimentaci\u00f3n phantom 48V<\/li>\n<li>Robusta fuente de alimentaci\u00f3n interna<\/li>\n<\/ul>\n","protected":false},"excerpt":{"rendered":"<h3>Mezclador anal\u00f3gico compacto de 6 entradas<\/h3>\n<ul class=\"summary\">\n<li>2 Entradas micro\/linea y 2 est\u00e9reo<\/li>\n<li>2 Entradas DI para guitarra<\/li>\n<li>EQ de 2 bandas<\/li>\n<\/ul>\n","protected":false},"featured_media":9542,"template":"","meta":{"_acf_changed":false},"product_brand":[],"product_cat":[1493,1503,1490,1511],"product_tag":[],"class_list":{"0":"post-13735","1":"product","2":"type-product","3":"status-publish","4":"has-post-thumbnail","6":"product_cat-mesas-de-mezclas-allen-heath","7":"product_cat-mezcladores-compactos-mesas-de-mezclas-allen-heath","8":"product_cat-por-series-allen-heath","9":"product_cat-serie-zed","10":"product_series-serie-zed","12":"first","13":"instock","14":"shipping-taxable","15":"product-type-simple"},"acf":[],"yoast_head":"<!-- This site is optimized with the Yoast SEO plugin v27.1.1 - https:\/\/yoast.com\/product\/yoast-seo-wordpress\/ -->\n<title>ZED-6 - Audio-Technica Iberia<\/title>\n<meta name=\"robots\" content=\"index, follow, max-snippet:-1, max-image-preview:large, max-video-preview:-1\" \/>\n<link rel=\"canonical\" href=\"https:\/\/distribution.audio-technica.eu\/es-es\/productos\/zed-6\/\" \/>\n<meta property=\"og:locale\" content=\"es_ES\" \/>\n<meta property=\"og:type\" content=\"article\" \/>\n<meta property=\"og:title\" content=\"ZED-6 - Audio-Technica Iberia\" \/>\n<meta property=\"og:description\" content=\"Mezclador anal\u00f3gico compacto de 6 entradas  2 Entradas micro\/linea y 2 est\u00e9reo  2 Entradas DI para guitarra  EQ de 2 bandas\" \/>\n<meta property=\"og:url\" content=\"https:\/\/distribution.audio-technica.eu\/es-es\/productos\/zed-6\/\" \/>\n<meta property=\"og:site_name\" content=\"Audio-Technica Iberia\" \/>\n<meta property=\"article:modified_time\" content=\"2023-07-13T11:25:55+00:00\" \/>\n<meta property=\"og:image\" content=\"https:\/\/distribution.audio-technica.eu\/app\/uploads\/sites\/2\/Allen-Heath-ZED-6-1.jpg\" \/>\n\t<meta property=\"og:image:width\" content=\"1000\" \/>\n\t<meta property=\"og:image:height\" content=\"1000\" \/>\n\t<meta property=\"og:image:type\" content=\"image\/jpeg\" \/>\n<meta name=\"twitter:card\" content=\"summary_large_image\" \/>\n<meta name=\"twitter:label1\" content=\"Tiempo de lectura\" \/>\n\t<meta name=\"twitter:data1\" content=\"2 minutos\" \/>\n<script type=\"application\/ld+json\" class=\"yoast-schema-graph\">{\"@context\":\"https:\/\/schema.org\",\"@graph\":[{\"@type\":\"WebPage\",\"@id\":\"https:\/\/distribution.audio-technica.eu\/es-es\/productos\/zed-6\/\",\"url\":\"https:\/\/distribution.audio-technica.eu\/es-es\/productos\/zed-6\/\",\"name\":\"ZED-6 - Audio-Technica Iberia\",\"isPartOf\":{\"@id\":\"https:\/\/distribution.audio-technica.eu\/es-es\/#website\"},\"primaryImageOfPage\":{\"@id\":\"https:\/\/distribution.audio-technica.eu\/es-es\/productos\/zed-6\/#primaryimage\"},\"image\":{\"@id\":\"https:\/\/distribution.audio-technica.eu\/es-es\/productos\/zed-6\/#primaryimage\"},\"thumbnailUrl\":\"\/app\/uploads\/sites\/2\/Allen-Heath-ZED-6-1.jpg\",\"datePublished\":\"2018-07-12T12:28:18+00:00\",\"dateModified\":\"2023-07-13T11:25:55+00:00\",\"breadcrumb\":{\"@id\":\"https:\/\/distribution.audio-technica.eu\/es-es\/productos\/zed-6\/#breadcrumb\"},\"inLanguage\":\"es\",\"potentialAction\":[{\"@type\":\"ReadAction\",\"target\":[\"https:\/\/distribution.audio-technica.eu\/es-es\/productos\/zed-6\/\"]}]},{\"@type\":\"ImageObject\",\"inLanguage\":\"es\",\"@id\":\"https:\/\/distribution.audio-technica.eu\/es-es\/productos\/zed-6\/#primaryimage\",\"url\":\"\/app\/uploads\/sites\/2\/Allen-Heath-ZED-6-1.jpg\",\"contentUrl\":\"\/app\/uploads\/sites\/2\/Allen-Heath-ZED-6-1.jpg\",\"width\":1000,\"height\":1000},{\"@type\":\"BreadcrumbList\",\"@id\":\"https:\/\/distribution.audio-technica.eu\/es-es\/productos\/zed-6\/#breadcrumb\",\"itemListElement\":[{\"@type\":\"ListItem\",\"position\":1,\"name\":\"Products\",\"item\":\"https:\/\/distribution.audio-technica.eu\/es-es\/\"},{\"@type\":\"ListItem\",\"position\":2,\"name\":\"Productos\",\"item\":\"https:\/\/distribution.audio-technica.eu\/es-es\/productos\/\"},{\"@type\":\"ListItem\",\"position\":3,\"name\":\"ZED-6\"}]},{\"@type\":\"WebSite\",\"@id\":\"https:\/\/distribution.audio-technica.eu\/es-es\/#website\",\"url\":\"https:\/\/distribution.audio-technica.eu\/es-es\/\",\"name\":\"Audio-Technica Iberia\",\"description\":\"Distribuci\u00f3n\",\"potentialAction\":[{\"@type\":\"SearchAction\",\"target\":{\"@type\":\"EntryPoint\",\"urlTemplate\":\"https:\/\/distribution.audio-technica.eu\/es-es\/?s={search_term_string}\"},\"query-input\":{\"@type\":\"PropertyValueSpecification\",\"valueRequired\":true,\"valueName\":\"search_term_string\"}}],\"inLanguage\":\"es\"}]}<\/script>\n<!-- \/ Yoast SEO plugin. -->","yoast_head_json":{"title":"ZED-6 - Audio-Technica Iberia","robots":{"index":"index","follow":"follow","max-snippet":"max-snippet:-1","max-image-preview":"max-image-preview:large","max-video-preview":"max-video-preview:-1"},"canonical":"https:\/\/distribution.audio-technica.eu\/es-es\/productos\/zed-6\/","og_locale":"es_ES","og_type":"article","og_title":"ZED-6 - Audio-Technica Iberia","og_description":"Mezclador anal\u00f3gico compacto de 6 entradas  2 Entradas micro\/linea y 2 est\u00e9reo  2 Entradas DI para guitarra  EQ de 2 bandas","og_url":"https:\/\/distribution.audio-technica.eu\/es-es\/productos\/zed-6\/","og_site_name":"Audio-Technica Iberia","article_modified_time":"2023-07-13T11:25:55+00:00","og_image":[{"width":1000,"height":1000,"url":"https:\/\/distribution.audio-technica.eu\/app\/uploads\/sites\/2\/Allen-Heath-ZED-6-1.jpg","type":"image\/jpeg"}],"twitter_card":"summary_large_image","twitter_misc":{"Tiempo de lectura":"2 minutos"},"schema":{"@context":"https:\/\/schema.org","@graph":[{"@type":"WebPage","@id":"https:\/\/distribution.audio-technica.eu\/es-es\/productos\/zed-6\/","url":"https:\/\/distribution.audio-technica.eu\/es-es\/productos\/zed-6\/","name":"ZED-6 - Audio-Technica Iberia","isPartOf":{"@id":"https:\/\/distribution.audio-technica.eu\/es-es\/#website"},"primaryImageOfPage":{"@id":"https:\/\/distribution.audio-technica.eu\/es-es\/productos\/zed-6\/#primaryimage"},"image":{"@id":"https:\/\/distribution.audio-technica.eu\/es-es\/productos\/zed-6\/#primaryimage"},"thumbnailUrl":"\/app\/uploads\/sites\/2\/Allen-Heath-ZED-6-1.jpg","datePublished":"2018-07-12T12:28:18+00:00","dateModified":"2023-07-13T11:25:55+00:00","breadcrumb":{"@id":"https:\/\/distribution.audio-technica.eu\/es-es\/productos\/zed-6\/#breadcrumb"},"inLanguage":"es","potentialAction":[{"@type":"ReadAction","target":["https:\/\/distribution.audio-technica.eu\/es-es\/productos\/zed-6\/"]}]},{"@type":"ImageObject","inLanguage":"es","@id":"https:\/\/distribution.audio-technica.eu\/es-es\/productos\/zed-6\/#primaryimage","url":"\/app\/uploads\/sites\/2\/Allen-Heath-ZED-6-1.jpg","contentUrl":"\/app\/uploads\/sites\/2\/Allen-Heath-ZED-6-1.jpg","width":1000,"height":1000},{"@type":"BreadcrumbList","@id":"https:\/\/distribution.audio-technica.eu\/es-es\/productos\/zed-6\/#breadcrumb","itemListElement":[{"@type":"ListItem","position":1,"name":"Products","item":"https:\/\/distribution.audio-technica.eu\/es-es\/"},{"@type":"ListItem","position":2,"name":"Productos","item":"https:\/\/distribution.audio-technica.eu\/es-es\/productos\/"},{"@type":"ListItem","position":3,"name":"ZED-6"}]},{"@type":"WebSite","@id":"https:\/\/distribution.audio-technica.eu\/es-es\/#website","url":"https:\/\/distribution.audio-technica.eu\/es-es\/","name":"Audio-Technica Iberia","description":"Distribuci\u00f3n","potentialAction":[{"@type":"SearchAction","target":{"@type":"EntryPoint","urlTemplate":"https:\/\/distribution.audio-technica.eu\/es-es\/?s={search_term_string}"},"query-input":{"@type":"PropertyValueSpecification","valueRequired":true,"valueName":"search_term_string"}}],"inLanguage":"es"}]}},"_links":{"self":[{"href":"https:\/\/distribution.audio-technica.eu\/es-es\/wp-json\/wp\/v2\/product\/13735","targetHints":{"allow":["GET"]}}],"collection":[{"href":"https:\/\/distribution.audio-technica.eu\/es-es\/wp-json\/wp\/v2\/product"}],"about":[{"href":"https:\/\/distribution.audio-technica.eu\/es-es\/wp-json\/wp\/v2\/types\/product"}],"wp:featuredmedia":[{"embeddable":true,"href":"https:\/\/distribution.audio-technica.eu\/es-es\/wp-json\/wp\/v2\/media\/9542"}],"wp:attachment":[{"href":"https:\/\/distribution.audio-technica.eu\/es-es\/wp-json\/wp\/v2\/media?parent=13735"}],"wp:term":[{"taxonomy":"product_brand","embeddable":true,"href":"https:\/\/distribution.audio-technica.eu\/es-es\/wp-json\/wp\/v2\/product_brand?post=13735"},{"taxonomy":"product_cat","embeddable":true,"href":"https:\/\/distribution.audio-technica.eu\/es-es\/wp-json\/wp\/v2\/product_cat?post=13735"},{"taxonomy":"product_tag","embeddable":true,"href":"https:\/\/distribution.audio-technica.eu\/es-es\/wp-json\/wp\/v2\/product_tag?post=13735"}],"curies":[{"name":"wp","href":"https:\/\/api.w.org\/{rel}","templated":true}]}}