{"id":13739,"date":"2018-07-12T14:28:18","date_gmt":"2018-07-12T12:28:18","guid":{"rendered":"https:\/\/atdb-production.studiograft.dev\/es\/product\/import-placeholder-for-786\/"},"modified":"2023-07-13T13:25:55","modified_gmt":"2023-07-13T11:25:55","slug":"zedi-10fx","status":"publish","type":"product","link":"https:\/\/distribution.audio-technica.eu\/es-es\/productos\/zedi-10fx\/","title":{"rendered":"ZEDi-10FX"},"content":{"rendered":"<h2>ZEDi-10FX<\/h2>\n<h3>Mezclador compacto \/ interface USB 4&#215;4 con efectos<\/h3>\n<p>ZEDi-10FX combina la robustez y control inmediato de un mezclador anal\u00f3gico con un interface USB 4&#215;4 de alta calidad y una unidad FX, convirti\u00e9ndolo en la elecci\u00f3n perfecta tanto para m\u00fasicos en directo, como en grabaci\u00f3n, y locales de actuaci\u00f3n.<br \/>\nEl interface USB 4&#215;4 con calidad de estudio y resoluci\u00f3n de 24 bit \/ 96 kHz facilita la realizaci\u00f3n de excelente grabaciones multipista directamente desde el mezclador a un ordenador Mac o PC sin necesidad de contar con equipos adicionales. Incorporando el nuevo preamplificador GSPre, desarrollado a partir del que incorporaba la m\u00edtica consola de estudio GS-R24, la consola presenta un ruido excepcionalmente bajo y un enorme techo din\u00e1mico, con un sonido c\u00e1lido y profundo.<br \/>\nZED-10FX incluye una suite especialmente creada de reverberaciones, retardos y efectos multi modelo creados especialmente para la unidad. Los guitarristas apreciar\u00e1n tambi\u00e9n la presencia de entradas DI de alta impedancia para guitarra en dos de sus canales mono, lo que permite conectar guitarras directamente al mezclador, sin necesidad de contar con cajas DI independientes.<br \/>\nZEDi-10FX ofrece lo mejor de ambos mundos, incorporando un interface de audio USB con 4 entradas y 4 salidas, con calidad de estudio y una resoluci\u00f3n de 24 bit\/96 kHz, que permite la grabaci\u00f3n y reproducci\u00f3n sin problemas de\/hacia un ordenador Mac o PC, o un dispositivo iOS utilizando el iOS Camera Kit. La fuente de salida USB puede ser configurada de formas diferentes para que se adapte al flujo de trabajo del usuario.<br \/>\nEl mezclador incluye el popular software Cubase LE, que ofrece herramientas potentes, aunque f\u00e1ciles de utilizar, para la grabaci\u00f3n, edici\u00f3n, secuenciaci\u00f3n MIDI y mezcla. Su vasta gama de herramientas de edici\u00f3n y secuenciado pueden ser utilizadas en cualquier estilo musical o \u00e1rea de aplicaci\u00f3n.<br \/>\nTambi\u00e9n incluye la app Cubasis LE, una versi\u00f3n compacta del popular secuenciador multit\u00e1ctil para iPad, que permite realizar f\u00e1cilmente grabaciones, ediciones y mezclas.<br \/>\nZEDi-10FX incorpora un nuevo y excepcional preamplificador, creado por el gur\u00fa anal\u00f3gico Mike Griffin, que ha sido desarrollado a partir del que incorpora la prestigiosa consola de estudio GS-R24, y que se han hecho famosos por su ruido excepcionalmente bajo, su enorme techo din\u00e1mico y el sonido c\u00e1lido y profundo que ha hecho famosos a los mezcladores anal\u00f3gicos creados por Allen &amp; Heath. Tambi\u00e9n se ha incluido los precisos controles EQ MusiQ de 3 bandas, cuidadosamente calibrados.<br \/>\nTodos los mezcladores ZED han sido dise\u00f1ados y construidos seg\u00fan los exigentes est\u00e1ndares de Allen &amp; Heath para soportar los rigores de las giras. Todos los canales se encuentran en circuitos impresos individuales, montados de forma vertical y con todos los controles rotativos fijados al panel frontal por medio de tuercas de acero, lo que los protege frente a impactos.<\/p>\n<ul>\n<li>Interface de audio USB con 4 entradas y 4 salidas (24-bit\/96kHz)<\/li>\n<li>Incluye software Cubase LE<\/li>\n<li>Incluye app Cubasis LE<\/li>\n<li>Motor FX interno con Tap Tempo<\/li>\n<li>4 Entradas Micro \/ L\u00ednea con entradas a trav\u00e9s de conectores XLR y jack TRS independientes<\/li>\n<li>2 Entradas est\u00e9reo con conectores jack TRS<\/li>\n<li>2 Entradas DI de alta impedancia para guitarra, que elimina la necesidad de disponer de cajas DI<\/li>\n<li>Filtro corte de graves para eliminar el ruido de baja frecuencia no deseado<\/li>\n<li>EQ 3 bandas<\/li>\n<li>Salida Aux para la conexi\u00f3n de monitores o monitorizaci\u00f3n intra aural \/ auriculares<\/li>\n<li>Faders de 60 mm de deslizamiento suave en la mezcla principal<\/li>\n<li>Salidas principales a trav\u00e9s de conectores XLR<\/li>\n<li>Monitorizaci\u00f3n flexible<\/li>\n<li>Medidor de se\u00f1al de 8 LEDs<\/li>\n<li>Alimentaci\u00f3n phantom de 48 V para micr\u00f3fonos de condensador<\/li>\n<li>Robusta fuente de alimentaci\u00f3n interna<\/li>\n<\/ul>\n","protected":false},"excerpt":{"rendered":"<h3>Mezclador compacto \/ interface USB 4&#215;4 con efectos<\/h3>\n<ul class=\"summary\">\n<li>4 Entradas micro\/linea y 2 est\u00e9reo<\/li>\n<li>2 Entradas DI para guitarra<\/li>\n<li>Interface de audio USB con 4 entradas y 4 salidas (24-bit\/96kHz)<\/li>\n<li>Motor FX interno con Tap Tempo<\/li>\n<\/ul>\n","protected":false},"featured_media":9564,"template":"","meta":{"_acf_changed":false},"product_brand":[],"product_cat":[1493,1503,1490,1511],"product_tag":[],"class_list":{"0":"post-13739","1":"product","2":"type-product","3":"status-publish","4":"has-post-thumbnail","6":"product_cat-mesas-de-mezclas-allen-heath","7":"product_cat-mezcladores-compactos-mesas-de-mezclas-allen-heath","8":"product_cat-por-series-allen-heath","9":"product_cat-serie-zed","10":"product_series-serie-zed","12":"first","13":"instock","14":"shipping-taxable","15":"product-type-simple"},"acf":[],"yoast_head":"<!-- This site is optimized with the Yoast SEO plugin v27.1.1 - https:\/\/yoast.com\/product\/yoast-seo-wordpress\/ -->\n<title>ZEDi-10FX - Audio-Technica Iberia<\/title>\n<meta name=\"robots\" content=\"index, follow, max-snippet:-1, max-image-preview:large, max-video-preview:-1\" \/>\n<link rel=\"canonical\" href=\"https:\/\/distribution.audio-technica.eu\/es-es\/productos\/zedi-10fx\/\" \/>\n<meta property=\"og:locale\" content=\"es_ES\" \/>\n<meta property=\"og:type\" content=\"article\" \/>\n<meta property=\"og:title\" content=\"ZEDi-10FX - Audio-Technica Iberia\" \/>\n<meta property=\"og:description\" content=\"Mezclador compacto \/ interface USB 4x4 con efectos  4 Entradas micro\/linea y 2 est\u00e9reo  2 Entradas DI para guitarra  Interface de audio USB con 4 entradas y 4 salidas (24-bit\/96kHz)  Motor FX interno con Tap Tempo\" \/>\n<meta property=\"og:url\" content=\"https:\/\/distribution.audio-technica.eu\/es-es\/productos\/zedi-10fx\/\" \/>\n<meta property=\"og:site_name\" content=\"Audio-Technica Iberia\" \/>\n<meta property=\"article:modified_time\" content=\"2023-07-13T11:25:55+00:00\" \/>\n<meta property=\"og:image\" content=\"https:\/\/distribution.audio-technica.eu\/app\/uploads\/sites\/2\/Allen-Heath-ZEDi-10FX-1.jpg\" \/>\n\t<meta property=\"og:image:width\" content=\"1000\" \/>\n\t<meta property=\"og:image:height\" content=\"1000\" \/>\n\t<meta property=\"og:image:type\" content=\"image\/jpeg\" \/>\n<meta name=\"twitter:card\" content=\"summary_large_image\" \/>\n<meta name=\"twitter:label1\" content=\"Tiempo de lectura\" \/>\n\t<meta name=\"twitter:data1\" content=\"3 minutos\" \/>\n<script type=\"application\/ld+json\" class=\"yoast-schema-graph\">{\"@context\":\"https:\/\/schema.org\",\"@graph\":[{\"@type\":\"WebPage\",\"@id\":\"https:\/\/distribution.audio-technica.eu\/es-es\/productos\/zedi-10fx\/\",\"url\":\"https:\/\/distribution.audio-technica.eu\/es-es\/productos\/zedi-10fx\/\",\"name\":\"ZEDi-10FX - Audio-Technica Iberia\",\"isPartOf\":{\"@id\":\"https:\/\/distribution.audio-technica.eu\/es-es\/#website\"},\"primaryImageOfPage\":{\"@id\":\"https:\/\/distribution.audio-technica.eu\/es-es\/productos\/zedi-10fx\/#primaryimage\"},\"image\":{\"@id\":\"https:\/\/distribution.audio-technica.eu\/es-es\/productos\/zedi-10fx\/#primaryimage\"},\"thumbnailUrl\":\"\/app\/uploads\/sites\/2\/Allen-Heath-ZEDi-10FX-1.jpg\",\"datePublished\":\"2018-07-12T12:28:18+00:00\",\"dateModified\":\"2023-07-13T11:25:55+00:00\",\"breadcrumb\":{\"@id\":\"https:\/\/distribution.audio-technica.eu\/es-es\/productos\/zedi-10fx\/#breadcrumb\"},\"inLanguage\":\"es\",\"potentialAction\":[{\"@type\":\"ReadAction\",\"target\":[\"https:\/\/distribution.audio-technica.eu\/es-es\/productos\/zedi-10fx\/\"]}]},{\"@type\":\"ImageObject\",\"inLanguage\":\"es\",\"@id\":\"https:\/\/distribution.audio-technica.eu\/es-es\/productos\/zedi-10fx\/#primaryimage\",\"url\":\"\/app\/uploads\/sites\/2\/Allen-Heath-ZEDi-10FX-1.jpg\",\"contentUrl\":\"\/app\/uploads\/sites\/2\/Allen-Heath-ZEDi-10FX-1.jpg\",\"width\":1000,\"height\":1000},{\"@type\":\"BreadcrumbList\",\"@id\":\"https:\/\/distribution.audio-technica.eu\/es-es\/productos\/zedi-10fx\/#breadcrumb\",\"itemListElement\":[{\"@type\":\"ListItem\",\"position\":1,\"name\":\"Products\",\"item\":\"https:\/\/distribution.audio-technica.eu\/es-es\/\"},{\"@type\":\"ListItem\",\"position\":2,\"name\":\"Productos\",\"item\":\"https:\/\/distribution.audio-technica.eu\/es-es\/productos\/\"},{\"@type\":\"ListItem\",\"position\":3,\"name\":\"ZEDi-10FX\"}]},{\"@type\":\"WebSite\",\"@id\":\"https:\/\/distribution.audio-technica.eu\/es-es\/#website\",\"url\":\"https:\/\/distribution.audio-technica.eu\/es-es\/\",\"name\":\"Audio-Technica Iberia\",\"description\":\"Distribuci\u00f3n\",\"potentialAction\":[{\"@type\":\"SearchAction\",\"target\":{\"@type\":\"EntryPoint\",\"urlTemplate\":\"https:\/\/distribution.audio-technica.eu\/es-es\/?s={search_term_string}\"},\"query-input\":{\"@type\":\"PropertyValueSpecification\",\"valueRequired\":true,\"valueName\":\"search_term_string\"}}],\"inLanguage\":\"es\"}]}<\/script>\n<!-- \/ Yoast SEO plugin. -->","yoast_head_json":{"title":"ZEDi-10FX - Audio-Technica Iberia","robots":{"index":"index","follow":"follow","max-snippet":"max-snippet:-1","max-image-preview":"max-image-preview:large","max-video-preview":"max-video-preview:-1"},"canonical":"https:\/\/distribution.audio-technica.eu\/es-es\/productos\/zedi-10fx\/","og_locale":"es_ES","og_type":"article","og_title":"ZEDi-10FX - Audio-Technica Iberia","og_description":"Mezclador compacto \/ interface USB 4x4 con efectos  4 Entradas micro\/linea y 2 est\u00e9reo  2 Entradas DI para guitarra  Interface de audio USB con 4 entradas y 4 salidas (24-bit\/96kHz)  Motor FX interno con Tap Tempo","og_url":"https:\/\/distribution.audio-technica.eu\/es-es\/productos\/zedi-10fx\/","og_site_name":"Audio-Technica Iberia","article_modified_time":"2023-07-13T11:25:55+00:00","og_image":[{"width":1000,"height":1000,"url":"https:\/\/distribution.audio-technica.eu\/app\/uploads\/sites\/2\/Allen-Heath-ZEDi-10FX-1.jpg","type":"image\/jpeg"}],"twitter_card":"summary_large_image","twitter_misc":{"Tiempo de lectura":"3 minutos"},"schema":{"@context":"https:\/\/schema.org","@graph":[{"@type":"WebPage","@id":"https:\/\/distribution.audio-technica.eu\/es-es\/productos\/zedi-10fx\/","url":"https:\/\/distribution.audio-technica.eu\/es-es\/productos\/zedi-10fx\/","name":"ZEDi-10FX - Audio-Technica Iberia","isPartOf":{"@id":"https:\/\/distribution.audio-technica.eu\/es-es\/#website"},"primaryImageOfPage":{"@id":"https:\/\/distribution.audio-technica.eu\/es-es\/productos\/zedi-10fx\/#primaryimage"},"image":{"@id":"https:\/\/distribution.audio-technica.eu\/es-es\/productos\/zedi-10fx\/#primaryimage"},"thumbnailUrl":"\/app\/uploads\/sites\/2\/Allen-Heath-ZEDi-10FX-1.jpg","datePublished":"2018-07-12T12:28:18+00:00","dateModified":"2023-07-13T11:25:55+00:00","breadcrumb":{"@id":"https:\/\/distribution.audio-technica.eu\/es-es\/productos\/zedi-10fx\/#breadcrumb"},"inLanguage":"es","potentialAction":[{"@type":"ReadAction","target":["https:\/\/distribution.audio-technica.eu\/es-es\/productos\/zedi-10fx\/"]}]},{"@type":"ImageObject","inLanguage":"es","@id":"https:\/\/distribution.audio-technica.eu\/es-es\/productos\/zedi-10fx\/#primaryimage","url":"\/app\/uploads\/sites\/2\/Allen-Heath-ZEDi-10FX-1.jpg","contentUrl":"\/app\/uploads\/sites\/2\/Allen-Heath-ZEDi-10FX-1.jpg","width":1000,"height":1000},{"@type":"BreadcrumbList","@id":"https:\/\/distribution.audio-technica.eu\/es-es\/productos\/zedi-10fx\/#breadcrumb","itemListElement":[{"@type":"ListItem","position":1,"name":"Products","item":"https:\/\/distribution.audio-technica.eu\/es-es\/"},{"@type":"ListItem","position":2,"name":"Productos","item":"https:\/\/distribution.audio-technica.eu\/es-es\/productos\/"},{"@type":"ListItem","position":3,"name":"ZEDi-10FX"}]},{"@type":"WebSite","@id":"https:\/\/distribution.audio-technica.eu\/es-es\/#website","url":"https:\/\/distribution.audio-technica.eu\/es-es\/","name":"Audio-Technica Iberia","description":"Distribuci\u00f3n","potentialAction":[{"@type":"SearchAction","target":{"@type":"EntryPoint","urlTemplate":"https:\/\/distribution.audio-technica.eu\/es-es\/?s={search_term_string}"},"query-input":{"@type":"PropertyValueSpecification","valueRequired":true,"valueName":"search_term_string"}}],"inLanguage":"es"}]}},"_links":{"self":[{"href":"https:\/\/distribution.audio-technica.eu\/es-es\/wp-json\/wp\/v2\/product\/13739","targetHints":{"allow":["GET"]}}],"collection":[{"href":"https:\/\/distribution.audio-technica.eu\/es-es\/wp-json\/wp\/v2\/product"}],"about":[{"href":"https:\/\/distribution.audio-technica.eu\/es-es\/wp-json\/wp\/v2\/types\/product"}],"wp:featuredmedia":[{"embeddable":true,"href":"https:\/\/distribution.audio-technica.eu\/es-es\/wp-json\/wp\/v2\/media\/9564"}],"wp:attachment":[{"href":"https:\/\/distribution.audio-technica.eu\/es-es\/wp-json\/wp\/v2\/media?parent=13739"}],"wp:term":[{"taxonomy":"product_brand","embeddable":true,"href":"https:\/\/distribution.audio-technica.eu\/es-es\/wp-json\/wp\/v2\/product_brand?post=13739"},{"taxonomy":"product_cat","embeddable":true,"href":"https:\/\/distribution.audio-technica.eu\/es-es\/wp-json\/wp\/v2\/product_cat?post=13739"},{"taxonomy":"product_tag","embeddable":true,"href":"https:\/\/distribution.audio-technica.eu\/es-es\/wp-json\/wp\/v2\/product_tag?post=13739"}],"curies":[{"name":"wp","href":"https:\/\/api.w.org\/{rel}","templated":true}]}}