{"id":13742,"date":"2018-07-12T14:28:19","date_gmt":"2018-07-12T12:28:19","guid":{"rendered":"https:\/\/atdb-production.studiograft.dev\/es\/product\/import-placeholder-for-789\/"},"modified":"2023-07-13T13:25:54","modified_gmt":"2023-07-13T11:25:54","slug":"zed60-14fx","status":"publish","type":"product","link":"https:\/\/distribution.audio-technica.eu\/es-es\/productos\/zed60-14fx\/","title":{"rendered":"ZED60-14FX"},"content":{"rendered":"<h2>ZED60-14FX<\/h2>\n<h3>Mezclador 14canales con USB y efectos<\/h3>\n<p>ZED60-14FX es un mezclador compacto y f\u00e1cil de transportar, utilizable tanto en directo como en estudio, y que es especialmente adecuado para peque\u00f1as bandas. Ser\u00e1 especialmente apreciado por los guitarristas, ya que dos de los ocho canales mono que incorpora, disponen de entradas de alta impedancia a trav\u00e9s de jack, capaces de manejar tanto se\u00f1ales con nivel normal de l\u00ednea, como las procedentes de las pastillas de guitarra, por lo que estos instrumentos pueden ser conectados directamente al mezclador sin necesidad de utilizar cajas DI. Estas entradas han sido especialmente optimizadas para que sean capaces de recrear el sonido caracter\u00edstico -incre\u00edble definici\u00f3n y calidez- de los amplificadores cl\u00e1sicos a v\u00e1lvulas.<br \/>\nEl mezclador tambi\u00e9n dispone de dos entradas est\u00e9reo, que permiten la conexi\u00f3n de reproductores CD\/MP3 o teclados.<br \/>\nZED60-14FX incorpora entrada \/ salida de audio USB configurable, que facilita la grabaci\u00f3n en est\u00e9reo de actuaciones en directo o sesiones de estudio. Tambi\u00e9n cuenta salidas est\u00e9reo principales a trav\u00e9s de conectores profesionales XLR, un flexible secci\u00f3n de monitorizaci\u00f3n con salidas para auriculares y altavoces, y 16 efectos de alta calidad.<br \/>\nEl equipo ha sido dise\u00f1ado y construido siguiendo los exigentes est\u00e1ndares de calidad que han convertido a Allen &amp; Heath en uno de las marcas de referencia de la industria.<\/p>\n<ul>\n<li>8 Entradas micro \/ l\u00ednea, dos de ellas con alta impedancia, FET Clase A<\/li>\n<li>Faders profesionales de alta calidad, de 60 mm<\/li>\n<li>EQ de 3 bandas, con barrido de medios y MusiQ<\/li>\n<li>Entrada y salida de audio est\u00e9reo USB configurable<\/li>\n<li>2 Entradas est\u00e9reo<\/li>\n<li>Salidas independientes para grabaci\u00f3n 2 pistas<\/li>\n<li>16 Efectos internos<\/li>\n<li>Salidas est\u00e9reo principales a trav\u00e9s de conectores XLR, con inserciones<\/li>\n<li>Amplias posibilidades de monitorizaci\u00f3n<\/li>\n<li>Alimentaci\u00f3n phantom 48V<\/li>\n<li>Conmutaci\u00f3n nivel DI con Realce de Ganancia<\/li>\n<li>Conectores XLR y jack \u00bc\u00bb Neutrik<\/li>\n<\/ul>\n<\/div>\n<\/div>\n","protected":false},"excerpt":{"rendered":"<h3>Mezclador 14 canales con USB y efectos<\/h3>\n<ul class='summary'>\n<li>8 Entradas micro \/ l\u00ednea, 2 de ellas de alta impedancia con FET clase A<\/li>\n<li>Faders de 60 mm de calidad profesional<\/li>\n<li>EQ de 3 bandas con barrido de medios y MusiQ<\/li>\n<li>Entrada \/ salida de audio est\u00e9reo USB configurable<\/li>\n<li>16 Efectos internos<\/li>\n<\/ul>\n","protected":false},"featured_media":9581,"template":"","meta":{"_acf_changed":false},"product_brand":[],"product_cat":[1493,1503,1490,1511],"product_tag":[],"class_list":{"0":"post-13742","1":"product","2":"type-product","3":"status-publish","4":"has-post-thumbnail","6":"product_cat-mesas-de-mezclas-allen-heath","7":"product_cat-mezcladores-compactos-mesas-de-mezclas-allen-heath","8":"product_cat-por-series-allen-heath","9":"product_cat-serie-zed","10":"product_series-serie-zed","12":"first","13":"instock","14":"shipping-taxable","15":"product-type-simple"},"acf":[],"yoast_head":"<!-- This site is optimized with the Yoast SEO plugin v27.1.1 - https:\/\/yoast.com\/product\/yoast-seo-wordpress\/ -->\n<title>ZED60-14FX - Audio-Technica Iberia<\/title>\n<meta name=\"robots\" content=\"index, follow, max-snippet:-1, max-image-preview:large, max-video-preview:-1\" \/>\n<link rel=\"canonical\" href=\"https:\/\/distribution.audio-technica.eu\/es-es\/productos\/zed60-14fx\/\" \/>\n<meta property=\"og:locale\" content=\"es_ES\" \/>\n<meta property=\"og:type\" content=\"article\" \/>\n<meta property=\"og:title\" content=\"ZED60-14FX - Audio-Technica Iberia\" \/>\n<meta property=\"og:description\" content=\"Mezclador 14 canales con USB y efectos8 Entradas micro \/ l\u00ednea, 2 de ellas de alta impedancia con FET clase AFaders de 60 mm de calidad profesionalEQ de 3 bandas con barrido de medios y MusiQEntrada \/ salida de audio est\u00e9reo USB configurable16 Efectos internos\" \/>\n<meta property=\"og:url\" content=\"https:\/\/distribution.audio-technica.eu\/es-es\/productos\/zed60-14fx\/\" \/>\n<meta property=\"og:site_name\" content=\"Audio-Technica Iberia\" \/>\n<meta property=\"article:modified_time\" content=\"2023-07-13T11:25:54+00:00\" \/>\n<meta property=\"og:image\" content=\"https:\/\/distribution.audio-technica.eu\/app\/uploads\/sites\/2\/Allen-Heath-ZED60-14FX-Left-1.jpg\" \/>\n\t<meta property=\"og:image:width\" content=\"1000\" \/>\n\t<meta property=\"og:image:height\" content=\"1000\" \/>\n\t<meta property=\"og:image:type\" content=\"image\/jpeg\" \/>\n<meta name=\"twitter:card\" content=\"summary_large_image\" \/>\n<meta name=\"twitter:label1\" content=\"Tiempo de lectura\" \/>\n\t<meta name=\"twitter:data1\" content=\"2 minutos\" \/>\n<script type=\"application\/ld+json\" class=\"yoast-schema-graph\">{\"@context\":\"https:\/\/schema.org\",\"@graph\":[{\"@type\":\"WebPage\",\"@id\":\"https:\/\/distribution.audio-technica.eu\/es-es\/productos\/zed60-14fx\/\",\"url\":\"https:\/\/distribution.audio-technica.eu\/es-es\/productos\/zed60-14fx\/\",\"name\":\"ZED60-14FX - Audio-Technica Iberia\",\"isPartOf\":{\"@id\":\"https:\/\/distribution.audio-technica.eu\/es-es\/#website\"},\"primaryImageOfPage\":{\"@id\":\"https:\/\/distribution.audio-technica.eu\/es-es\/productos\/zed60-14fx\/#primaryimage\"},\"image\":{\"@id\":\"https:\/\/distribution.audio-technica.eu\/es-es\/productos\/zed60-14fx\/#primaryimage\"},\"thumbnailUrl\":\"\/app\/uploads\/sites\/2\/Allen-Heath-ZED60-14FX-Left-1.jpg\",\"datePublished\":\"2018-07-12T12:28:19+00:00\",\"dateModified\":\"2023-07-13T11:25:54+00:00\",\"breadcrumb\":{\"@id\":\"https:\/\/distribution.audio-technica.eu\/es-es\/productos\/zed60-14fx\/#breadcrumb\"},\"inLanguage\":\"es\",\"potentialAction\":[{\"@type\":\"ReadAction\",\"target\":[\"https:\/\/distribution.audio-technica.eu\/es-es\/productos\/zed60-14fx\/\"]}]},{\"@type\":\"ImageObject\",\"inLanguage\":\"es\",\"@id\":\"https:\/\/distribution.audio-technica.eu\/es-es\/productos\/zed60-14fx\/#primaryimage\",\"url\":\"\/app\/uploads\/sites\/2\/Allen-Heath-ZED60-14FX-Left-1.jpg\",\"contentUrl\":\"\/app\/uploads\/sites\/2\/Allen-Heath-ZED60-14FX-Left-1.jpg\",\"width\":1000,\"height\":1000},{\"@type\":\"BreadcrumbList\",\"@id\":\"https:\/\/distribution.audio-technica.eu\/es-es\/productos\/zed60-14fx\/#breadcrumb\",\"itemListElement\":[{\"@type\":\"ListItem\",\"position\":1,\"name\":\"Products\",\"item\":\"https:\/\/distribution.audio-technica.eu\/es-es\/\"},{\"@type\":\"ListItem\",\"position\":2,\"name\":\"Productos\",\"item\":\"https:\/\/distribution.audio-technica.eu\/es-es\/productos\/\"},{\"@type\":\"ListItem\",\"position\":3,\"name\":\"ZED60-14FX\"}]},{\"@type\":\"WebSite\",\"@id\":\"https:\/\/distribution.audio-technica.eu\/es-es\/#website\",\"url\":\"https:\/\/distribution.audio-technica.eu\/es-es\/\",\"name\":\"Audio-Technica Iberia\",\"description\":\"Distribuci\u00f3n\",\"potentialAction\":[{\"@type\":\"SearchAction\",\"target\":{\"@type\":\"EntryPoint\",\"urlTemplate\":\"https:\/\/distribution.audio-technica.eu\/es-es\/?s={search_term_string}\"},\"query-input\":{\"@type\":\"PropertyValueSpecification\",\"valueRequired\":true,\"valueName\":\"search_term_string\"}}],\"inLanguage\":\"es\"}]}<\/script>\n<!-- \/ Yoast SEO plugin. -->","yoast_head_json":{"title":"ZED60-14FX - Audio-Technica Iberia","robots":{"index":"index","follow":"follow","max-snippet":"max-snippet:-1","max-image-preview":"max-image-preview:large","max-video-preview":"max-video-preview:-1"},"canonical":"https:\/\/distribution.audio-technica.eu\/es-es\/productos\/zed60-14fx\/","og_locale":"es_ES","og_type":"article","og_title":"ZED60-14FX - Audio-Technica Iberia","og_description":"Mezclador 14 canales con USB y efectos8 Entradas micro \/ l\u00ednea, 2 de ellas de alta impedancia con FET clase AFaders de 60 mm de calidad profesionalEQ de 3 bandas con barrido de medios y MusiQEntrada \/ salida de audio est\u00e9reo USB configurable16 Efectos internos","og_url":"https:\/\/distribution.audio-technica.eu\/es-es\/productos\/zed60-14fx\/","og_site_name":"Audio-Technica Iberia","article_modified_time":"2023-07-13T11:25:54+00:00","og_image":[{"width":1000,"height":1000,"url":"https:\/\/distribution.audio-technica.eu\/app\/uploads\/sites\/2\/Allen-Heath-ZED60-14FX-Left-1.jpg","type":"image\/jpeg"}],"twitter_card":"summary_large_image","twitter_misc":{"Tiempo de lectura":"2 minutos"},"schema":{"@context":"https:\/\/schema.org","@graph":[{"@type":"WebPage","@id":"https:\/\/distribution.audio-technica.eu\/es-es\/productos\/zed60-14fx\/","url":"https:\/\/distribution.audio-technica.eu\/es-es\/productos\/zed60-14fx\/","name":"ZED60-14FX - Audio-Technica Iberia","isPartOf":{"@id":"https:\/\/distribution.audio-technica.eu\/es-es\/#website"},"primaryImageOfPage":{"@id":"https:\/\/distribution.audio-technica.eu\/es-es\/productos\/zed60-14fx\/#primaryimage"},"image":{"@id":"https:\/\/distribution.audio-technica.eu\/es-es\/productos\/zed60-14fx\/#primaryimage"},"thumbnailUrl":"\/app\/uploads\/sites\/2\/Allen-Heath-ZED60-14FX-Left-1.jpg","datePublished":"2018-07-12T12:28:19+00:00","dateModified":"2023-07-13T11:25:54+00:00","breadcrumb":{"@id":"https:\/\/distribution.audio-technica.eu\/es-es\/productos\/zed60-14fx\/#breadcrumb"},"inLanguage":"es","potentialAction":[{"@type":"ReadAction","target":["https:\/\/distribution.audio-technica.eu\/es-es\/productos\/zed60-14fx\/"]}]},{"@type":"ImageObject","inLanguage":"es","@id":"https:\/\/distribution.audio-technica.eu\/es-es\/productos\/zed60-14fx\/#primaryimage","url":"\/app\/uploads\/sites\/2\/Allen-Heath-ZED60-14FX-Left-1.jpg","contentUrl":"\/app\/uploads\/sites\/2\/Allen-Heath-ZED60-14FX-Left-1.jpg","width":1000,"height":1000},{"@type":"BreadcrumbList","@id":"https:\/\/distribution.audio-technica.eu\/es-es\/productos\/zed60-14fx\/#breadcrumb","itemListElement":[{"@type":"ListItem","position":1,"name":"Products","item":"https:\/\/distribution.audio-technica.eu\/es-es\/"},{"@type":"ListItem","position":2,"name":"Productos","item":"https:\/\/distribution.audio-technica.eu\/es-es\/productos\/"},{"@type":"ListItem","position":3,"name":"ZED60-14FX"}]},{"@type":"WebSite","@id":"https:\/\/distribution.audio-technica.eu\/es-es\/#website","url":"https:\/\/distribution.audio-technica.eu\/es-es\/","name":"Audio-Technica Iberia","description":"Distribuci\u00f3n","potentialAction":[{"@type":"SearchAction","target":{"@type":"EntryPoint","urlTemplate":"https:\/\/distribution.audio-technica.eu\/es-es\/?s={search_term_string}"},"query-input":{"@type":"PropertyValueSpecification","valueRequired":true,"valueName":"search_term_string"}}],"inLanguage":"es"}]}},"_links":{"self":[{"href":"https:\/\/distribution.audio-technica.eu\/es-es\/wp-json\/wp\/v2\/product\/13742","targetHints":{"allow":["GET"]}}],"collection":[{"href":"https:\/\/distribution.audio-technica.eu\/es-es\/wp-json\/wp\/v2\/product"}],"about":[{"href":"https:\/\/distribution.audio-technica.eu\/es-es\/wp-json\/wp\/v2\/types\/product"}],"wp:featuredmedia":[{"embeddable":true,"href":"https:\/\/distribution.audio-technica.eu\/es-es\/wp-json\/wp\/v2\/media\/9581"}],"wp:attachment":[{"href":"https:\/\/distribution.audio-technica.eu\/es-es\/wp-json\/wp\/v2\/media?parent=13742"}],"wp:term":[{"taxonomy":"product_brand","embeddable":true,"href":"https:\/\/distribution.audio-technica.eu\/es-es\/wp-json\/wp\/v2\/product_brand?post=13742"},{"taxonomy":"product_cat","embeddable":true,"href":"https:\/\/distribution.audio-technica.eu\/es-es\/wp-json\/wp\/v2\/product_cat?post=13742"},{"taxonomy":"product_tag","embeddable":true,"href":"https:\/\/distribution.audio-technica.eu\/es-es\/wp-json\/wp\/v2\/product_tag?post=13742"}],"curies":[{"name":"wp","href":"https:\/\/api.w.org\/{rel}","templated":true}]}}