{"id":13743,"date":"2018-07-12T14:28:19","date_gmt":"2018-07-12T12:28:19","guid":{"rendered":"https:\/\/atdb-production.studiograft.dev\/es\/product\/import-placeholder-for-790\/"},"modified":"2023-07-13T13:25:54","modified_gmt":"2023-07-13T11:25:54","slug":"zed-10","status":"publish","type":"product","link":"https:\/\/distribution.audio-technica.eu\/es-es\/productos\/zed-10\/","title":{"rendered":"ZED-10"},"content":{"rendered":"<h2>ZED-10<\/h2>\n<h3>Mezclador 8 canales con USB<\/h3>\n<p>ZED10 es un mezclador est\u00e9reo de peque\u00f1o formato, equipado con USB, destinado a la sonorizaci\u00f3n en directo, grabaci\u00f3n y producci\u00f3n.<br \/>\nDispone de 4 entradas mono para micro \/ l\u00ednea y dos entradas est\u00e9reo compatibles con reproductores MP3.<br \/>\nIncorpora tambi\u00e9n el nuevo preamplificador DuoPre, que utiliza un dise\u00f1o de dos etapas, cada una de ellas con una ganancia cuidadosamente controlada. La mayor parte de la ganancia se obtiene en la primera etapa; las se\u00f1ales con nivel de l\u00ednea se conectan directamente a la segunda etapa, lo que mantiene los niveles de ruido extremadamente bajos.<br \/>\nEl interface de audio USB permite enviar diferentes se\u00f1ales a trav\u00e9s de USB, desde LR o desde los buses de auxiliar. La se\u00f1al de retorno USB puede ser enviada directamente a la mezcla LR o a un canal est\u00e9reo.<br \/>\nHa sido construido utilizando circuitos independientes montados en vertical, con cada uno de los potenci\u00f3metros fijados al panel frontal por medio de una tuerca met\u00e1lica, lo que proporciona una mayor robustez al producto. Est\u00e1 equipado con faders profesionales de 100 mm.<br \/>\nIncluye el acceso al software modular IK Multimedia\u2019s AmpliTube X-GEAR.<\/p>\n<ul>\n<li>4 Entradas micro\/l\u00ednea, 2 con entradas de alta impedancia Clase A FET<\/li>\n<li>Entradas micro con XLR Neutrik<\/li>\n<li>Jacks de \u00bc\u00bb Neutrik<\/li>\n<li>EQ de 3 bandas con MusiQ<\/li>\n<li>2 Auxiliares<\/li>\n<li>Panorama imagen sonora<\/li>\n<li>Indicador PFL iluminado<\/li>\n<li>Retornos y reproducci\u00f3n est\u00e9reo<\/li>\n<li>Control de nivel en todas las entradas<\/li>\n<li>Medidores de barra de 12 segmentos<\/li>\n<li>EQ de 3 bandas, barrido de medios con MusiQ<\/li>\n<li>2 Fuentes est\u00e9reo compatibles con reproductores MP3<\/li>\n<li>Salida independiente de 2 pistas para grabaci\u00f3n<\/li>\n<li>Entrada est\u00e9reo para reproducci\u00f3n 2 pistas<\/li>\n<li>Salidas principales a trav\u00e9s de XLR, con inserciones<\/li>\n<li>Amplias posibilidades de monitorizaci\u00f3n<\/li>\n<li>Entrada \/ salida de audio USB configurable<\/li>\n<li>Salidas de monitor est\u00e9reo<\/li>\n<li>Alimentaci\u00f3n phantom 48V<\/li>\n<li>Conmutaci\u00f3n nivel DI para mezcla sub<\/li>\n<\/ul>\n<\/div>\n<\/div>\n","protected":false},"excerpt":{"rendered":"<h3>Mezclador 8 canales con USB<\/h3>\n<ul class='summary'>\n<li>4 Entradas micro\/l\u00ednea, 2 con entradas de alta impedancia Clase A FET<\/li>\n<li>EQ de 3 bandas con MusiQ<\/li>\n<li>Entrada \/ salida de audio USB configurable<\/li>\n<li>2 Fuentes est\u00e9reo compatibles con reproductores MP3<\/li>\n<\/ul>\n","protected":false},"featured_media":9586,"template":"","meta":{"_acf_changed":false},"product_brand":[],"product_cat":[1493,1503,1490,1511],"product_tag":[],"class_list":{"0":"post-13743","1":"product","2":"type-product","3":"status-publish","4":"has-post-thumbnail","6":"product_cat-mesas-de-mezclas-allen-heath","7":"product_cat-mezcladores-compactos-mesas-de-mezclas-allen-heath","8":"product_cat-por-series-allen-heath","9":"product_cat-serie-zed","10":"product_series-serie-zed","12":"first","13":"instock","14":"shipping-taxable","15":"product-type-simple"},"acf":[],"yoast_head":"<!-- This site is optimized with the Yoast SEO plugin v27.1.1 - https:\/\/yoast.com\/product\/yoast-seo-wordpress\/ -->\n<title>ZED-10 - Audio-Technica Iberia<\/title>\n<meta name=\"robots\" content=\"index, follow, max-snippet:-1, max-image-preview:large, max-video-preview:-1\" \/>\n<link rel=\"canonical\" href=\"https:\/\/distribution.audio-technica.eu\/es-es\/productos\/zed-10\/\" \/>\n<meta property=\"og:locale\" content=\"es_ES\" \/>\n<meta property=\"og:type\" content=\"article\" \/>\n<meta property=\"og:title\" content=\"ZED-10 - Audio-Technica Iberia\" \/>\n<meta property=\"og:description\" content=\"Mezclador 8 canales con USB4 Entradas micro\/l\u00ednea, 2 con entradas de alta impedancia Clase A FETEQ de 3 bandas con MusiQEntrada \/ salida de audio USB configurable2 Fuentes est\u00e9reo compatibles con reproductores MP3\" \/>\n<meta property=\"og:url\" content=\"https:\/\/distribution.audio-technica.eu\/es-es\/productos\/zed-10\/\" \/>\n<meta property=\"og:site_name\" content=\"Audio-Technica Iberia\" \/>\n<meta property=\"article:modified_time\" content=\"2023-07-13T11:25:54+00:00\" \/>\n<meta property=\"og:image\" content=\"https:\/\/distribution.audio-technica.eu\/app\/uploads\/sites\/2\/Allen-Heath-ZED10-3Q-1.jpg\" \/>\n\t<meta property=\"og:image:width\" content=\"1000\" \/>\n\t<meta property=\"og:image:height\" content=\"1000\" \/>\n\t<meta property=\"og:image:type\" content=\"image\/jpeg\" \/>\n<meta name=\"twitter:card\" content=\"summary_large_image\" \/>\n<meta name=\"twitter:label1\" content=\"Tiempo de lectura\" \/>\n\t<meta name=\"twitter:data1\" content=\"2 minutos\" \/>\n<script type=\"application\/ld+json\" class=\"yoast-schema-graph\">{\"@context\":\"https:\/\/schema.org\",\"@graph\":[{\"@type\":\"WebPage\",\"@id\":\"https:\/\/distribution.audio-technica.eu\/es-es\/productos\/zed-10\/\",\"url\":\"https:\/\/distribution.audio-technica.eu\/es-es\/productos\/zed-10\/\",\"name\":\"ZED-10 - Audio-Technica Iberia\",\"isPartOf\":{\"@id\":\"https:\/\/distribution.audio-technica.eu\/es-es\/#website\"},\"primaryImageOfPage\":{\"@id\":\"https:\/\/distribution.audio-technica.eu\/es-es\/productos\/zed-10\/#primaryimage\"},\"image\":{\"@id\":\"https:\/\/distribution.audio-technica.eu\/es-es\/productos\/zed-10\/#primaryimage\"},\"thumbnailUrl\":\"\/app\/uploads\/sites\/2\/Allen-Heath-ZED10-3Q-1.jpg\",\"datePublished\":\"2018-07-12T12:28:19+00:00\",\"dateModified\":\"2023-07-13T11:25:54+00:00\",\"breadcrumb\":{\"@id\":\"https:\/\/distribution.audio-technica.eu\/es-es\/productos\/zed-10\/#breadcrumb\"},\"inLanguage\":\"es\",\"potentialAction\":[{\"@type\":\"ReadAction\",\"target\":[\"https:\/\/distribution.audio-technica.eu\/es-es\/productos\/zed-10\/\"]}]},{\"@type\":\"ImageObject\",\"inLanguage\":\"es\",\"@id\":\"https:\/\/distribution.audio-technica.eu\/es-es\/productos\/zed-10\/#primaryimage\",\"url\":\"\/app\/uploads\/sites\/2\/Allen-Heath-ZED10-3Q-1.jpg\",\"contentUrl\":\"\/app\/uploads\/sites\/2\/Allen-Heath-ZED10-3Q-1.jpg\",\"width\":1000,\"height\":1000},{\"@type\":\"BreadcrumbList\",\"@id\":\"https:\/\/distribution.audio-technica.eu\/es-es\/productos\/zed-10\/#breadcrumb\",\"itemListElement\":[{\"@type\":\"ListItem\",\"position\":1,\"name\":\"Products\",\"item\":\"https:\/\/distribution.audio-technica.eu\/es-es\/\"},{\"@type\":\"ListItem\",\"position\":2,\"name\":\"Productos\",\"item\":\"https:\/\/distribution.audio-technica.eu\/es-es\/productos\/\"},{\"@type\":\"ListItem\",\"position\":3,\"name\":\"ZED-10\"}]},{\"@type\":\"WebSite\",\"@id\":\"https:\/\/distribution.audio-technica.eu\/es-es\/#website\",\"url\":\"https:\/\/distribution.audio-technica.eu\/es-es\/\",\"name\":\"Audio-Technica Iberia\",\"description\":\"Distribuci\u00f3n\",\"potentialAction\":[{\"@type\":\"SearchAction\",\"target\":{\"@type\":\"EntryPoint\",\"urlTemplate\":\"https:\/\/distribution.audio-technica.eu\/es-es\/?s={search_term_string}\"},\"query-input\":{\"@type\":\"PropertyValueSpecification\",\"valueRequired\":true,\"valueName\":\"search_term_string\"}}],\"inLanguage\":\"es\"}]}<\/script>\n<!-- \/ Yoast SEO plugin. -->","yoast_head_json":{"title":"ZED-10 - Audio-Technica Iberia","robots":{"index":"index","follow":"follow","max-snippet":"max-snippet:-1","max-image-preview":"max-image-preview:large","max-video-preview":"max-video-preview:-1"},"canonical":"https:\/\/distribution.audio-technica.eu\/es-es\/productos\/zed-10\/","og_locale":"es_ES","og_type":"article","og_title":"ZED-10 - Audio-Technica Iberia","og_description":"Mezclador 8 canales con USB4 Entradas micro\/l\u00ednea, 2 con entradas de alta impedancia Clase A FETEQ de 3 bandas con MusiQEntrada \/ salida de audio USB configurable2 Fuentes est\u00e9reo compatibles con reproductores MP3","og_url":"https:\/\/distribution.audio-technica.eu\/es-es\/productos\/zed-10\/","og_site_name":"Audio-Technica Iberia","article_modified_time":"2023-07-13T11:25:54+00:00","og_image":[{"width":1000,"height":1000,"url":"https:\/\/distribution.audio-technica.eu\/app\/uploads\/sites\/2\/Allen-Heath-ZED10-3Q-1.jpg","type":"image\/jpeg"}],"twitter_card":"summary_large_image","twitter_misc":{"Tiempo de lectura":"2 minutos"},"schema":{"@context":"https:\/\/schema.org","@graph":[{"@type":"WebPage","@id":"https:\/\/distribution.audio-technica.eu\/es-es\/productos\/zed-10\/","url":"https:\/\/distribution.audio-technica.eu\/es-es\/productos\/zed-10\/","name":"ZED-10 - Audio-Technica Iberia","isPartOf":{"@id":"https:\/\/distribution.audio-technica.eu\/es-es\/#website"},"primaryImageOfPage":{"@id":"https:\/\/distribution.audio-technica.eu\/es-es\/productos\/zed-10\/#primaryimage"},"image":{"@id":"https:\/\/distribution.audio-technica.eu\/es-es\/productos\/zed-10\/#primaryimage"},"thumbnailUrl":"\/app\/uploads\/sites\/2\/Allen-Heath-ZED10-3Q-1.jpg","datePublished":"2018-07-12T12:28:19+00:00","dateModified":"2023-07-13T11:25:54+00:00","breadcrumb":{"@id":"https:\/\/distribution.audio-technica.eu\/es-es\/productos\/zed-10\/#breadcrumb"},"inLanguage":"es","potentialAction":[{"@type":"ReadAction","target":["https:\/\/distribution.audio-technica.eu\/es-es\/productos\/zed-10\/"]}]},{"@type":"ImageObject","inLanguage":"es","@id":"https:\/\/distribution.audio-technica.eu\/es-es\/productos\/zed-10\/#primaryimage","url":"\/app\/uploads\/sites\/2\/Allen-Heath-ZED10-3Q-1.jpg","contentUrl":"\/app\/uploads\/sites\/2\/Allen-Heath-ZED10-3Q-1.jpg","width":1000,"height":1000},{"@type":"BreadcrumbList","@id":"https:\/\/distribution.audio-technica.eu\/es-es\/productos\/zed-10\/#breadcrumb","itemListElement":[{"@type":"ListItem","position":1,"name":"Products","item":"https:\/\/distribution.audio-technica.eu\/es-es\/"},{"@type":"ListItem","position":2,"name":"Productos","item":"https:\/\/distribution.audio-technica.eu\/es-es\/productos\/"},{"@type":"ListItem","position":3,"name":"ZED-10"}]},{"@type":"WebSite","@id":"https:\/\/distribution.audio-technica.eu\/es-es\/#website","url":"https:\/\/distribution.audio-technica.eu\/es-es\/","name":"Audio-Technica Iberia","description":"Distribuci\u00f3n","potentialAction":[{"@type":"SearchAction","target":{"@type":"EntryPoint","urlTemplate":"https:\/\/distribution.audio-technica.eu\/es-es\/?s={search_term_string}"},"query-input":{"@type":"PropertyValueSpecification","valueRequired":true,"valueName":"search_term_string"}}],"inLanguage":"es"}]}},"_links":{"self":[{"href":"https:\/\/distribution.audio-technica.eu\/es-es\/wp-json\/wp\/v2\/product\/13743","targetHints":{"allow":["GET"]}}],"collection":[{"href":"https:\/\/distribution.audio-technica.eu\/es-es\/wp-json\/wp\/v2\/product"}],"about":[{"href":"https:\/\/distribution.audio-technica.eu\/es-es\/wp-json\/wp\/v2\/types\/product"}],"wp:featuredmedia":[{"embeddable":true,"href":"https:\/\/distribution.audio-technica.eu\/es-es\/wp-json\/wp\/v2\/media\/9586"}],"wp:attachment":[{"href":"https:\/\/distribution.audio-technica.eu\/es-es\/wp-json\/wp\/v2\/media?parent=13743"}],"wp:term":[{"taxonomy":"product_brand","embeddable":true,"href":"https:\/\/distribution.audio-technica.eu\/es-es\/wp-json\/wp\/v2\/product_brand?post=13743"},{"taxonomy":"product_cat","embeddable":true,"href":"https:\/\/distribution.audio-technica.eu\/es-es\/wp-json\/wp\/v2\/product_cat?post=13743"},{"taxonomy":"product_tag","embeddable":true,"href":"https:\/\/distribution.audio-technica.eu\/es-es\/wp-json\/wp\/v2\/product_tag?post=13743"}],"curies":[{"name":"wp","href":"https:\/\/api.w.org\/{rel}","templated":true}]}}