{"id":13748,"date":"2018-07-12T14:28:20","date_gmt":"2018-07-12T12:28:20","guid":{"rendered":"https:\/\/atdb-production.studiograft.dev\/es\/product\/import-placeholder-for-795\/"},"modified":"2023-07-13T13:25:54","modified_gmt":"2023-07-13T11:25:54","slug":"zed-18","status":"publish","type":"product","link":"https:\/\/distribution.audio-technica.eu\/es-es\/productos\/zed-18\/","title":{"rendered":"ZED-18"},"content":{"rendered":"<h2>ZED-18<\/h2>\n<h3>Mezclador 18 canales con USB<\/h3>\n<p>ZED -18 es un mezclador que ha sido creado para ser utilizado tanto en aplicaciones de directo como de estudio. Ha sido dise\u00f1ado pensando en las necesidades de todo tipo de m\u00fasicos, salas de conciertos y compa\u00f1\u00edas de alquiler de PA y AV.<br \/>\nDispone de 10 canales mono y 4 canales est\u00e9reo, en un formato compacto que, opcionalmente, puede ser montado en rack de 19&#8243;.<br \/>\nTodos los canales mono incorporan el prestigioso preamplificador de dos etapas DuoPre de Allen &amp; Heath, EQ de 3 bandas MusiQ con barrido de medios, 4 auxiliares y faders de 100 mm, de recorrido uniforme y suave.<br \/>\nSu conexi\u00f3n USB permite su interconexi\u00f3n con un ordenador, que permitir\u00e1 a\u00f1adir plug ins FX y realizar grabaciones est\u00e9reo.<br \/>\nConstruido pensando en satisfacer las necesidades de los entornos m\u00e1s exigentes de m\u00fasica en directo, incorpora controles rotativos firmemente fijados al panel frontal por medio de tuercas de acero y componentes de la m\u00e1s alta calidad, incluyendo conectores jack y XLR Neutrik.<\/p>\n<ul>\n<li>10 Canales mono<\/li>\n<li>4 Canales est\u00e9reo con EQ de 2 bandas y entradas para fuentes adicionales<\/li>\n<li>Conectores XLR Neutrik para los micr\u00f3fonos<\/li>\n<li>Inserci\u00f3n en canal<\/li>\n<li>Entradas micro \/ l\u00ednea con preamplificador DuoPre de amplia ganancia<\/li>\n<li>EQ de 3 bandas con MusiQ<\/li>\n<li>4 Auxiliares<\/li>\n<li>Mutes iluminados<\/li>\n<li>Panorama imagen sonora<\/li>\n<li>PFL iluminados e indicador de aviso de pico<\/li>\n<li>Faders ALPS de 100 mm<\/li>\n<li>Retornos y entrada reproducci\u00f3n est\u00e9reos<\/li>\n<li>Todas las entradas disponen de control de nivel<\/li>\n<li>Medidores de 12 segmentos<\/li>\n<li>Funci\u00f3n mono \/ est\u00e9reo en los auxiliares 1 y 2<\/li>\n<li>Secci\u00f3n de salida de monitores<\/li>\n<li>Salida Alt est\u00e9reo<\/li>\n<li>Entrada \/ salida de audio est\u00e9reo USB configurable<\/li>\n<li>Disponibleadaptador para rack<\/li>\n<\/ul>\n","protected":false},"excerpt":{"rendered":"<h3>Mezclador 18 canales con USB<\/h3>\n<ul class=\"summary\">\n<li>10 Entradas micro\/l\u00ednea mono<\/li>\n<li>4 Entradas l\u00ednea est\u00e9reo<\/li>\n<li>Entrada \/ salida de audio USB configurable<\/li>\n<li>4 Envios Auxiliares<\/li>\n<\/ul>\n","protected":false},"featured_media":9608,"template":"","meta":{"_acf_changed":false},"product_brand":[],"product_cat":[1493,1503,1490,1511],"product_tag":[],"class_list":{"0":"post-13748","1":"product","2":"type-product","3":"status-publish","4":"has-post-thumbnail","6":"product_cat-mesas-de-mezclas-allen-heath","7":"product_cat-mezcladores-compactos-mesas-de-mezclas-allen-heath","8":"product_cat-por-series-allen-heath","9":"product_cat-serie-zed","10":"product_series-serie-zed","12":"first","13":"instock","14":"shipping-taxable","15":"product-type-simple"},"acf":[],"yoast_head":"<!-- This site is optimized with the Yoast SEO plugin v27.1.1 - https:\/\/yoast.com\/product\/yoast-seo-wordpress\/ -->\n<title>ZED-18 - Audio-Technica Iberia<\/title>\n<meta name=\"robots\" content=\"index, follow, max-snippet:-1, max-image-preview:large, max-video-preview:-1\" \/>\n<link rel=\"canonical\" href=\"https:\/\/distribution.audio-technica.eu\/es-es\/productos\/zed-18\/\" \/>\n<meta property=\"og:locale\" content=\"es_ES\" \/>\n<meta property=\"og:type\" content=\"article\" \/>\n<meta property=\"og:title\" content=\"ZED-18 - Audio-Technica Iberia\" \/>\n<meta property=\"og:description\" content=\"Mezclador 18 canales con USB  10 Entradas micro\/l\u00ednea mono  4 Entradas l\u00ednea est\u00e9reo  Entrada \/ salida de audio USB configurable  4 Envios Auxiliares\" \/>\n<meta property=\"og:url\" content=\"https:\/\/distribution.audio-technica.eu\/es-es\/productos\/zed-18\/\" \/>\n<meta property=\"og:site_name\" content=\"Audio-Technica Iberia\" \/>\n<meta property=\"article:modified_time\" content=\"2023-07-13T11:25:54+00:00\" \/>\n<meta property=\"og:image\" content=\"https:\/\/distribution.audio-technica.eu\/app\/uploads\/sites\/2\/Allen-Heath-ZED-18-1.jpg\" \/>\n\t<meta property=\"og:image:width\" content=\"1000\" \/>\n\t<meta property=\"og:image:height\" content=\"1000\" \/>\n\t<meta property=\"og:image:type\" content=\"image\/jpeg\" \/>\n<meta name=\"twitter:card\" content=\"summary_large_image\" \/>\n<meta name=\"twitter:label1\" content=\"Tiempo de lectura\" \/>\n\t<meta name=\"twitter:data1\" content=\"1 minuto\" \/>\n<script type=\"application\/ld+json\" class=\"yoast-schema-graph\">{\"@context\":\"https:\/\/schema.org\",\"@graph\":[{\"@type\":\"WebPage\",\"@id\":\"https:\/\/distribution.audio-technica.eu\/es-es\/productos\/zed-18\/\",\"url\":\"https:\/\/distribution.audio-technica.eu\/es-es\/productos\/zed-18\/\",\"name\":\"ZED-18 - Audio-Technica Iberia\",\"isPartOf\":{\"@id\":\"https:\/\/distribution.audio-technica.eu\/es-es\/#website\"},\"primaryImageOfPage\":{\"@id\":\"https:\/\/distribution.audio-technica.eu\/es-es\/productos\/zed-18\/#primaryimage\"},\"image\":{\"@id\":\"https:\/\/distribution.audio-technica.eu\/es-es\/productos\/zed-18\/#primaryimage\"},\"thumbnailUrl\":\"\/app\/uploads\/sites\/2\/Allen-Heath-ZED-18-1.jpg\",\"datePublished\":\"2018-07-12T12:28:20+00:00\",\"dateModified\":\"2023-07-13T11:25:54+00:00\",\"breadcrumb\":{\"@id\":\"https:\/\/distribution.audio-technica.eu\/es-es\/productos\/zed-18\/#breadcrumb\"},\"inLanguage\":\"es\",\"potentialAction\":[{\"@type\":\"ReadAction\",\"target\":[\"https:\/\/distribution.audio-technica.eu\/es-es\/productos\/zed-18\/\"]}]},{\"@type\":\"ImageObject\",\"inLanguage\":\"es\",\"@id\":\"https:\/\/distribution.audio-technica.eu\/es-es\/productos\/zed-18\/#primaryimage\",\"url\":\"\/app\/uploads\/sites\/2\/Allen-Heath-ZED-18-1.jpg\",\"contentUrl\":\"\/app\/uploads\/sites\/2\/Allen-Heath-ZED-18-1.jpg\",\"width\":1000,\"height\":1000},{\"@type\":\"BreadcrumbList\",\"@id\":\"https:\/\/distribution.audio-technica.eu\/es-es\/productos\/zed-18\/#breadcrumb\",\"itemListElement\":[{\"@type\":\"ListItem\",\"position\":1,\"name\":\"Products\",\"item\":\"https:\/\/distribution.audio-technica.eu\/es-es\/\"},{\"@type\":\"ListItem\",\"position\":2,\"name\":\"Productos\",\"item\":\"https:\/\/distribution.audio-technica.eu\/es-es\/productos\/\"},{\"@type\":\"ListItem\",\"position\":3,\"name\":\"ZED-18\"}]},{\"@type\":\"WebSite\",\"@id\":\"https:\/\/distribution.audio-technica.eu\/es-es\/#website\",\"url\":\"https:\/\/distribution.audio-technica.eu\/es-es\/\",\"name\":\"Audio-Technica Iberia\",\"description\":\"Distribuci\u00f3n\",\"potentialAction\":[{\"@type\":\"SearchAction\",\"target\":{\"@type\":\"EntryPoint\",\"urlTemplate\":\"https:\/\/distribution.audio-technica.eu\/es-es\/?s={search_term_string}\"},\"query-input\":{\"@type\":\"PropertyValueSpecification\",\"valueRequired\":true,\"valueName\":\"search_term_string\"}}],\"inLanguage\":\"es\"}]}<\/script>\n<!-- \/ Yoast SEO plugin. -->","yoast_head_json":{"title":"ZED-18 - Audio-Technica Iberia","robots":{"index":"index","follow":"follow","max-snippet":"max-snippet:-1","max-image-preview":"max-image-preview:large","max-video-preview":"max-video-preview:-1"},"canonical":"https:\/\/distribution.audio-technica.eu\/es-es\/productos\/zed-18\/","og_locale":"es_ES","og_type":"article","og_title":"ZED-18 - Audio-Technica Iberia","og_description":"Mezclador 18 canales con USB  10 Entradas micro\/l\u00ednea mono  4 Entradas l\u00ednea est\u00e9reo  Entrada \/ salida de audio USB configurable  4 Envios Auxiliares","og_url":"https:\/\/distribution.audio-technica.eu\/es-es\/productos\/zed-18\/","og_site_name":"Audio-Technica Iberia","article_modified_time":"2023-07-13T11:25:54+00:00","og_image":[{"width":1000,"height":1000,"url":"https:\/\/distribution.audio-technica.eu\/app\/uploads\/sites\/2\/Allen-Heath-ZED-18-1.jpg","type":"image\/jpeg"}],"twitter_card":"summary_large_image","twitter_misc":{"Tiempo de lectura":"1 minuto"},"schema":{"@context":"https:\/\/schema.org","@graph":[{"@type":"WebPage","@id":"https:\/\/distribution.audio-technica.eu\/es-es\/productos\/zed-18\/","url":"https:\/\/distribution.audio-technica.eu\/es-es\/productos\/zed-18\/","name":"ZED-18 - Audio-Technica Iberia","isPartOf":{"@id":"https:\/\/distribution.audio-technica.eu\/es-es\/#website"},"primaryImageOfPage":{"@id":"https:\/\/distribution.audio-technica.eu\/es-es\/productos\/zed-18\/#primaryimage"},"image":{"@id":"https:\/\/distribution.audio-technica.eu\/es-es\/productos\/zed-18\/#primaryimage"},"thumbnailUrl":"\/app\/uploads\/sites\/2\/Allen-Heath-ZED-18-1.jpg","datePublished":"2018-07-12T12:28:20+00:00","dateModified":"2023-07-13T11:25:54+00:00","breadcrumb":{"@id":"https:\/\/distribution.audio-technica.eu\/es-es\/productos\/zed-18\/#breadcrumb"},"inLanguage":"es","potentialAction":[{"@type":"ReadAction","target":["https:\/\/distribution.audio-technica.eu\/es-es\/productos\/zed-18\/"]}]},{"@type":"ImageObject","inLanguage":"es","@id":"https:\/\/distribution.audio-technica.eu\/es-es\/productos\/zed-18\/#primaryimage","url":"\/app\/uploads\/sites\/2\/Allen-Heath-ZED-18-1.jpg","contentUrl":"\/app\/uploads\/sites\/2\/Allen-Heath-ZED-18-1.jpg","width":1000,"height":1000},{"@type":"BreadcrumbList","@id":"https:\/\/distribution.audio-technica.eu\/es-es\/productos\/zed-18\/#breadcrumb","itemListElement":[{"@type":"ListItem","position":1,"name":"Products","item":"https:\/\/distribution.audio-technica.eu\/es-es\/"},{"@type":"ListItem","position":2,"name":"Productos","item":"https:\/\/distribution.audio-technica.eu\/es-es\/productos\/"},{"@type":"ListItem","position":3,"name":"ZED-18"}]},{"@type":"WebSite","@id":"https:\/\/distribution.audio-technica.eu\/es-es\/#website","url":"https:\/\/distribution.audio-technica.eu\/es-es\/","name":"Audio-Technica Iberia","description":"Distribuci\u00f3n","potentialAction":[{"@type":"SearchAction","target":{"@type":"EntryPoint","urlTemplate":"https:\/\/distribution.audio-technica.eu\/es-es\/?s={search_term_string}"},"query-input":{"@type":"PropertyValueSpecification","valueRequired":true,"valueName":"search_term_string"}}],"inLanguage":"es"}]}},"_links":{"self":[{"href":"https:\/\/distribution.audio-technica.eu\/es-es\/wp-json\/wp\/v2\/product\/13748","targetHints":{"allow":["GET"]}}],"collection":[{"href":"https:\/\/distribution.audio-technica.eu\/es-es\/wp-json\/wp\/v2\/product"}],"about":[{"href":"https:\/\/distribution.audio-technica.eu\/es-es\/wp-json\/wp\/v2\/types\/product"}],"wp:featuredmedia":[{"embeddable":true,"href":"https:\/\/distribution.audio-technica.eu\/es-es\/wp-json\/wp\/v2\/media\/9608"}],"wp:attachment":[{"href":"https:\/\/distribution.audio-technica.eu\/es-es\/wp-json\/wp\/v2\/media?parent=13748"}],"wp:term":[{"taxonomy":"product_brand","embeddable":true,"href":"https:\/\/distribution.audio-technica.eu\/es-es\/wp-json\/wp\/v2\/product_brand?post=13748"},{"taxonomy":"product_cat","embeddable":true,"href":"https:\/\/distribution.audio-technica.eu\/es-es\/wp-json\/wp\/v2\/product_cat?post=13748"},{"taxonomy":"product_tag","embeddable":true,"href":"https:\/\/distribution.audio-technica.eu\/es-es\/wp-json\/wp\/v2\/product_tag?post=13748"}],"curies":[{"name":"wp","href":"https:\/\/api.w.org\/{rel}","templated":true}]}}