{"id":13753,"date":"2018-07-12T14:28:33","date_gmt":"2018-07-12T12:28:33","guid":{"rendered":"https:\/\/atdb-production.studiograft.dev\/es\/product\/import-placeholder-for-800\/"},"modified":"2023-07-13T13:25:53","modified_gmt":"2023-07-13T11:25:53","slug":"zed-436","status":"publish","type":"product","link":"https:\/\/distribution.audio-technica.eu\/es-es\/productos\/zed-436\/","title":{"rendered":"ZED-436"},"content":{"rendered":"<h2>ZED-436<\/h2>\n<h3>Mezclador 36 canales y 4 buses con USB<\/h3>\n<p>La serie de mezcladores ZED de 4 buses est\u00e1 inspirada en diferentes l\u00edneas de producto de la gama A&amp;H, combin\u00e1ndolas con nuevas ideas para proporcionar sorprendentes resultados en un formato cuidado y f\u00e1cil de utilizar.<br \/>\nIncorporan el nuevo preamplificador de micro \/ l\u00ednea DuoPre, previamente incorporado al modelo ZED 14, que ofrece un elevado techo din\u00e1mico y bajo ruido. Este preamplificador utiliza un dise\u00f1o distribuido en dos bloques, con ganancias cuidadosamente controladas en cada uno de ellos. Cuando se amplifica una se\u00f1al procedente de la entrada XLR, la gama de ganancia es muy elevada (69 dB), y se distribuye equitativamente alrededor del control de ganancia, lo que permite un mejor control del nivel de la se\u00f1al. La mayor parte de la ganancia se obtiene en el primer bloque, lo que mantiene al m\u00ednimo el ruido. Las se\u00f1ales de l\u00ednea son introducidas directamente en el segundo bloque del preamplificador, a trav\u00e9s del jack de entrada de l\u00ednea, de forma que el ruido es mucho menor cuando se utiliza la entrada de l\u00ednea.<br \/>\nLa ecualizaci\u00f3n de cuatro bandas, 2 barridos, as\u00ed como los amplificadores sumadores de bajo ruido, son similares a los incorporados en la popular GL2400, mientras que la arquitectura de buses es una versi\u00f3n simplificada, pero igualmente efectiva, de la empleada en la serie GL.<br \/>\nEl interface de audio USB ofrece una flexibilidad sin precedentes, permitiendo enviar a USB diferentes se\u00f1ales, ya sea la se\u00f1al LR o la de los buses auxiliares seleccionados. La se\u00f1al USB de retorno puede ser direccionada directamente a la mezcla LR o a un canal est\u00e9reo. Los conectores se han situado en la parte superior de la consola para facilitar su conexi\u00f3n.<br \/>\nHa sido construida con placas de circuito impreso individuales firmemente fijadas al panel superior, proporcionando la misma solidez que los mezcladores de alta calidad de la gama ML de Allen &amp; Heath.<\/p>\n<ul>\n<li>32 Entradas mono y 2 canales duales est\u00e9reo<\/li>\n<li>Ecualizador de 4 bandas con 2 barridos de medios y conmutador in\/out<\/li>\n<li>6 Env\u00edos auxiliares (2 pre, 2 post, 2 pre\/post)<\/li>\n<li>4 Subgrupos alimentados desde cada canal<\/li>\n<li>Salidas de mezcla principal L, R y M<\/li>\n<li>Alimentaci\u00f3n phantom 48 V individual para cada canal<\/li>\n<li>Salida directa en cada canal mono<\/li>\n<li>2 Entradas duales est\u00e9reo con ecualizaci\u00f3n de 4 bandas<\/li>\n<li>Indicador de pico y se\u00f1al en cada canal<\/li>\n<li>2 Secciones de matriz; pueden enviar se\u00f1al a USB<\/li>\n<li>Entrada \/ salida USB est\u00e9reo configurable<\/li>\n<li>Controles de nivel master en todas las salidas<\/li>\n<li>Dise\u00f1o pensado para facilitar su uso; todas las conexiones y controles se encuentran en la parte superior<\/li>\n<\/ul>\n<\/div>\n<\/div>\n","protected":false},"excerpt":{"rendered":"<h3>Mezclador 36 canales y 4 buses con USB<\/h3>\n<ul class='summary'>\n<li>32 Entradas micro\/l\u00ednea mono<\/li>\n<li>2 Entradas l\u00ednea est\u00e9reo<\/li>\n<li>Entrada \/ salida USB est\u00e9reo <\/li>\n<li>4 Subgrupos <\/li>\n<\/ul>\n","protected":false},"featured_media":9623,"template":"","meta":{"_acf_changed":false},"product_brand":[],"product_cat":[1493,1503,1490,1511],"product_tag":[],"class_list":{"0":"post-13753","1":"product","2":"type-product","3":"status-publish","4":"has-post-thumbnail","6":"product_cat-mesas-de-mezclas-allen-heath","7":"product_cat-mezcladores-compactos-mesas-de-mezclas-allen-heath","8":"product_cat-por-series-allen-heath","9":"product_cat-serie-zed","10":"product_series-serie-zed","12":"first","13":"instock","14":"shipping-taxable","15":"product-type-simple"},"acf":[],"yoast_head":"<!-- This site is optimized with the Yoast SEO plugin v27.1.1 - https:\/\/yoast.com\/product\/yoast-seo-wordpress\/ -->\n<title>ZED-436 - Audio-Technica Iberia<\/title>\n<meta name=\"robots\" content=\"index, follow, max-snippet:-1, max-image-preview:large, max-video-preview:-1\" \/>\n<link rel=\"canonical\" href=\"https:\/\/distribution.audio-technica.eu\/es-es\/productos\/zed-436\/\" \/>\n<meta property=\"og:locale\" content=\"es_ES\" \/>\n<meta property=\"og:type\" content=\"article\" \/>\n<meta property=\"og:title\" content=\"ZED-436 - Audio-Technica Iberia\" \/>\n<meta property=\"og:description\" content=\"Mezclador 36 canales y 4 buses con USB32 Entradas micro\/l\u00ednea mono2 Entradas l\u00ednea est\u00e9reoEntrada \/ salida USB est\u00e9reo 4 Subgrupos\" \/>\n<meta property=\"og:url\" content=\"https:\/\/distribution.audio-technica.eu\/es-es\/productos\/zed-436\/\" \/>\n<meta property=\"og:site_name\" content=\"Audio-Technica Iberia\" \/>\n<meta property=\"article:modified_time\" content=\"2023-07-13T11:25:53+00:00\" \/>\n<meta property=\"og:image\" content=\"https:\/\/distribution.audio-technica.eu\/app\/uploads\/sites\/2\/Allen-Heath-ZED-436-1.jpg\" \/>\n\t<meta property=\"og:image:width\" content=\"1000\" \/>\n\t<meta property=\"og:image:height\" content=\"1000\" \/>\n\t<meta property=\"og:image:type\" content=\"image\/jpeg\" \/>\n<meta name=\"twitter:card\" content=\"summary_large_image\" \/>\n<meta name=\"twitter:label1\" content=\"Tiempo de lectura\" \/>\n\t<meta name=\"twitter:data1\" content=\"2 minutos\" \/>\n<script type=\"application\/ld+json\" class=\"yoast-schema-graph\">{\"@context\":\"https:\/\/schema.org\",\"@graph\":[{\"@type\":\"WebPage\",\"@id\":\"https:\/\/distribution.audio-technica.eu\/es-es\/productos\/zed-436\/\",\"url\":\"https:\/\/distribution.audio-technica.eu\/es-es\/productos\/zed-436\/\",\"name\":\"ZED-436 - Audio-Technica Iberia\",\"isPartOf\":{\"@id\":\"https:\/\/distribution.audio-technica.eu\/es-es\/#website\"},\"primaryImageOfPage\":{\"@id\":\"https:\/\/distribution.audio-technica.eu\/es-es\/productos\/zed-436\/#primaryimage\"},\"image\":{\"@id\":\"https:\/\/distribution.audio-technica.eu\/es-es\/productos\/zed-436\/#primaryimage\"},\"thumbnailUrl\":\"\/app\/uploads\/sites\/2\/Allen-Heath-ZED-436-1.jpg\",\"datePublished\":\"2018-07-12T12:28:33+00:00\",\"dateModified\":\"2023-07-13T11:25:53+00:00\",\"breadcrumb\":{\"@id\":\"https:\/\/distribution.audio-technica.eu\/es-es\/productos\/zed-436\/#breadcrumb\"},\"inLanguage\":\"es\",\"potentialAction\":[{\"@type\":\"ReadAction\",\"target\":[\"https:\/\/distribution.audio-technica.eu\/es-es\/productos\/zed-436\/\"]}]},{\"@type\":\"ImageObject\",\"inLanguage\":\"es\",\"@id\":\"https:\/\/distribution.audio-technica.eu\/es-es\/productos\/zed-436\/#primaryimage\",\"url\":\"\/app\/uploads\/sites\/2\/Allen-Heath-ZED-436-1.jpg\",\"contentUrl\":\"\/app\/uploads\/sites\/2\/Allen-Heath-ZED-436-1.jpg\",\"width\":1000,\"height\":1000},{\"@type\":\"BreadcrumbList\",\"@id\":\"https:\/\/distribution.audio-technica.eu\/es-es\/productos\/zed-436\/#breadcrumb\",\"itemListElement\":[{\"@type\":\"ListItem\",\"position\":1,\"name\":\"Products\",\"item\":\"https:\/\/distribution.audio-technica.eu\/es-es\/\"},{\"@type\":\"ListItem\",\"position\":2,\"name\":\"Productos\",\"item\":\"https:\/\/distribution.audio-technica.eu\/es-es\/productos\/\"},{\"@type\":\"ListItem\",\"position\":3,\"name\":\"ZED-436\"}]},{\"@type\":\"WebSite\",\"@id\":\"https:\/\/distribution.audio-technica.eu\/es-es\/#website\",\"url\":\"https:\/\/distribution.audio-technica.eu\/es-es\/\",\"name\":\"Audio-Technica Iberia\",\"description\":\"Distribuci\u00f3n\",\"potentialAction\":[{\"@type\":\"SearchAction\",\"target\":{\"@type\":\"EntryPoint\",\"urlTemplate\":\"https:\/\/distribution.audio-technica.eu\/es-es\/?s={search_term_string}\"},\"query-input\":{\"@type\":\"PropertyValueSpecification\",\"valueRequired\":true,\"valueName\":\"search_term_string\"}}],\"inLanguage\":\"es\"}]}<\/script>\n<!-- \/ Yoast SEO plugin. -->","yoast_head_json":{"title":"ZED-436 - Audio-Technica Iberia","robots":{"index":"index","follow":"follow","max-snippet":"max-snippet:-1","max-image-preview":"max-image-preview:large","max-video-preview":"max-video-preview:-1"},"canonical":"https:\/\/distribution.audio-technica.eu\/es-es\/productos\/zed-436\/","og_locale":"es_ES","og_type":"article","og_title":"ZED-436 - Audio-Technica Iberia","og_description":"Mezclador 36 canales y 4 buses con USB32 Entradas micro\/l\u00ednea mono2 Entradas l\u00ednea est\u00e9reoEntrada \/ salida USB est\u00e9reo 4 Subgrupos","og_url":"https:\/\/distribution.audio-technica.eu\/es-es\/productos\/zed-436\/","og_site_name":"Audio-Technica Iberia","article_modified_time":"2023-07-13T11:25:53+00:00","og_image":[{"width":1000,"height":1000,"url":"https:\/\/distribution.audio-technica.eu\/app\/uploads\/sites\/2\/Allen-Heath-ZED-436-1.jpg","type":"image\/jpeg"}],"twitter_card":"summary_large_image","twitter_misc":{"Tiempo de lectura":"2 minutos"},"schema":{"@context":"https:\/\/schema.org","@graph":[{"@type":"WebPage","@id":"https:\/\/distribution.audio-technica.eu\/es-es\/productos\/zed-436\/","url":"https:\/\/distribution.audio-technica.eu\/es-es\/productos\/zed-436\/","name":"ZED-436 - Audio-Technica Iberia","isPartOf":{"@id":"https:\/\/distribution.audio-technica.eu\/es-es\/#website"},"primaryImageOfPage":{"@id":"https:\/\/distribution.audio-technica.eu\/es-es\/productos\/zed-436\/#primaryimage"},"image":{"@id":"https:\/\/distribution.audio-technica.eu\/es-es\/productos\/zed-436\/#primaryimage"},"thumbnailUrl":"\/app\/uploads\/sites\/2\/Allen-Heath-ZED-436-1.jpg","datePublished":"2018-07-12T12:28:33+00:00","dateModified":"2023-07-13T11:25:53+00:00","breadcrumb":{"@id":"https:\/\/distribution.audio-technica.eu\/es-es\/productos\/zed-436\/#breadcrumb"},"inLanguage":"es","potentialAction":[{"@type":"ReadAction","target":["https:\/\/distribution.audio-technica.eu\/es-es\/productos\/zed-436\/"]}]},{"@type":"ImageObject","inLanguage":"es","@id":"https:\/\/distribution.audio-technica.eu\/es-es\/productos\/zed-436\/#primaryimage","url":"\/app\/uploads\/sites\/2\/Allen-Heath-ZED-436-1.jpg","contentUrl":"\/app\/uploads\/sites\/2\/Allen-Heath-ZED-436-1.jpg","width":1000,"height":1000},{"@type":"BreadcrumbList","@id":"https:\/\/distribution.audio-technica.eu\/es-es\/productos\/zed-436\/#breadcrumb","itemListElement":[{"@type":"ListItem","position":1,"name":"Products","item":"https:\/\/distribution.audio-technica.eu\/es-es\/"},{"@type":"ListItem","position":2,"name":"Productos","item":"https:\/\/distribution.audio-technica.eu\/es-es\/productos\/"},{"@type":"ListItem","position":3,"name":"ZED-436"}]},{"@type":"WebSite","@id":"https:\/\/distribution.audio-technica.eu\/es-es\/#website","url":"https:\/\/distribution.audio-technica.eu\/es-es\/","name":"Audio-Technica Iberia","description":"Distribuci\u00f3n","potentialAction":[{"@type":"SearchAction","target":{"@type":"EntryPoint","urlTemplate":"https:\/\/distribution.audio-technica.eu\/es-es\/?s={search_term_string}"},"query-input":{"@type":"PropertyValueSpecification","valueRequired":true,"valueName":"search_term_string"}}],"inLanguage":"es"}]}},"_links":{"self":[{"href":"https:\/\/distribution.audio-technica.eu\/es-es\/wp-json\/wp\/v2\/product\/13753","targetHints":{"allow":["GET"]}}],"collection":[{"href":"https:\/\/distribution.audio-technica.eu\/es-es\/wp-json\/wp\/v2\/product"}],"about":[{"href":"https:\/\/distribution.audio-technica.eu\/es-es\/wp-json\/wp\/v2\/types\/product"}],"wp:featuredmedia":[{"embeddable":true,"href":"https:\/\/distribution.audio-technica.eu\/es-es\/wp-json\/wp\/v2\/media\/9623"}],"wp:attachment":[{"href":"https:\/\/distribution.audio-technica.eu\/es-es\/wp-json\/wp\/v2\/media?parent=13753"}],"wp:term":[{"taxonomy":"product_brand","embeddable":true,"href":"https:\/\/distribution.audio-technica.eu\/es-es\/wp-json\/wp\/v2\/product_brand?post=13753"},{"taxonomy":"product_cat","embeddable":true,"href":"https:\/\/distribution.audio-technica.eu\/es-es\/wp-json\/wp\/v2\/product_cat?post=13753"},{"taxonomy":"product_tag","embeddable":true,"href":"https:\/\/distribution.audio-technica.eu\/es-es\/wp-json\/wp\/v2\/product_tag?post=13753"}],"curies":[{"name":"wp","href":"https:\/\/api.w.org\/{rel}","templated":true}]}}