{"id":13759,"date":"2022-06-22T14:00:34","date_gmt":"2022-06-22T12:00:34","guid":{"rendered":"https:\/\/atdb-production.studiograft.dev\/es\/product\/import-placeholder-for-806\/"},"modified":"2023-07-13T13:16:34","modified_gmt":"2023-07-13T11:16:34","slug":"stealth-wireless-expander-kit","status":"publish","type":"product","link":"https:\/\/distribution.audio-technica.eu\/es-es\/productos\/stealth-wireless-expander-kit\/","title":{"rendered":"Stealth Wireless Expander MKII"},"content":{"rendered":"<h2>Stealth Wireless Expander MKII<\/h2>\n<h3>Receptor UHF destinado a la ampliaci\u00f3n de un sistema inal\u00e1mbrico Stealth Wireless MKII<\/h3>\n<p>El Stealth Wireless Expander MKII incluye un receptor UHF adicional de canal \u00fanico, facilitando la creaci\u00f3n de sistemas m\u00e1s grandes o para permitir la cobertura en m\u00faltiples salas. Este pack incluye todo lo que necesita el usuario para que la unidad pueda ser conectada a un sistema de sonido inal\u00e1mbrico Stealth Wireless MKII de Alto. No es compatible con la versi\u00f3n anterior del Stealth Wireless.<\/p>\n<ul>\n<li>Se utiliza para ampliar un sistema Stealth Wireless MKII ya existente<\/li>\n<li>Receptor de un canal con salida a trav\u00e9s de jack TRS 1\/4&#8243; (por unidad)<\/li>\n<li>Banda UHF fiable: hasta m\u00e1s de cien canales seleccionables (dependiendo de la zona)<\/li>\n<li>Squelch ajustable que elimina interferencias<\/li>\n<\/ul>\n<p>&nbsp;<\/p>\n","protected":false},"excerpt":{"rendered":"<h3>Receptor UHF destinado a la ampliaci\u00f3n de un sistema inal\u00e1mbrico Stealth Wireless MKII<\/h3>\n<ul class=\"summary\">\n<li>Se utiliza para ampliar un sistema Stealth Wireless MKII ya existente<\/li>\n<li>Receptor de un canal con salida a trav\u00e9s de jack TRS 1\/4&#8243; (por unidad)<\/li>\n<li>Banda UHF fiable: hasta m\u00e1s de cien canales seleccionables (dependiendo de la zona)<\/li>\n<li>Squelch ajustable que elimina interferencias<\/li>\n<\/ul>\n","protected":false},"featured_media":26494,"template":"","meta":{"_acf_changed":false},"product_brand":[],"product_cat":[1328,1325,1329],"product_tag":[],"class_list":{"0":"post-13759","1":"product","2":"type-product","3":"status-publish","4":"has-post-thumbnail","6":"product_cat-sistemas-inalambricos","7":"product_cat-por-series-alto-professional","8":"product_cat-serie-stealth-wireless","9":"product_series-serie-stealth-wireless","11":"first","12":"instock","13":"shipping-taxable","14":"product-type-simple"},"acf":[],"yoast_head":"<!-- This site is optimized with the Yoast SEO plugin v27.1.1 - https:\/\/yoast.com\/product\/yoast-seo-wordpress\/ -->\n<title>Stealth Wireless Expander MKII - Audio-Technica Iberia<\/title>\n<meta name=\"robots\" content=\"index, follow, max-snippet:-1, max-image-preview:large, max-video-preview:-1\" \/>\n<link rel=\"canonical\" href=\"https:\/\/distribution.audio-technica.eu\/es-es\/productos\/stealth-wireless-expander-kit\/\" \/>\n<meta property=\"og:locale\" content=\"es_ES\" \/>\n<meta property=\"og:type\" content=\"article\" \/>\n<meta property=\"og:title\" content=\"Stealth Wireless Expander MKII - Audio-Technica Iberia\" \/>\n<meta property=\"og:description\" content=\"Receptor UHF destinado a la ampliaci\u00f3n de un sistema inal\u00e1mbrico Stealth Wireless MKII  Se utiliza para ampliar un sistema Stealth Wireless MKII ya existente  Receptor de un canal con salida a trav\u00e9s de jack TRS 1\/4&quot; (por unidad)  Banda UHF fiable: hasta m\u00e1s de cien canales seleccionables (dependiendo de la zona)  Squelch ajustable que elimina interferencias\" \/>\n<meta property=\"og:url\" content=\"https:\/\/distribution.audio-technica.eu\/es-es\/productos\/stealth-wireless-expander-kit\/\" \/>\n<meta property=\"og:site_name\" content=\"Audio-Technica Iberia\" \/>\n<meta property=\"article:modified_time\" content=\"2023-07-13T11:16:34+00:00\" \/>\n<meta property=\"og:image\" content=\"https:\/\/distribution.audio-technica.eu\/app\/uploads\/sites\/2\/Alto_Stealth-Wireless-Expander-MKII.jpg\" \/>\n\t<meta property=\"og:image:width\" content=\"2000\" \/>\n\t<meta property=\"og:image:height\" content=\"2000\" \/>\n\t<meta property=\"og:image:type\" content=\"image\/jpeg\" \/>\n<meta name=\"twitter:card\" content=\"summary_large_image\" \/>\n<meta name=\"twitter:label1\" content=\"Tiempo de lectura\" \/>\n\t<meta name=\"twitter:data1\" content=\"1 minuto\" \/>\n<script type=\"application\/ld+json\" class=\"yoast-schema-graph\">{\"@context\":\"https:\/\/schema.org\",\"@graph\":[{\"@type\":\"WebPage\",\"@id\":\"https:\/\/distribution.audio-technica.eu\/es-es\/productos\/stealth-wireless-expander-kit\/\",\"url\":\"https:\/\/distribution.audio-technica.eu\/es-es\/productos\/stealth-wireless-expander-kit\/\",\"name\":\"Stealth Wireless Expander MKII - Audio-Technica Iberia\",\"isPartOf\":{\"@id\":\"https:\/\/distribution.audio-technica.eu\/es-es\/#website\"},\"primaryImageOfPage\":{\"@id\":\"https:\/\/distribution.audio-technica.eu\/es-es\/productos\/stealth-wireless-expander-kit\/#primaryimage\"},\"image\":{\"@id\":\"https:\/\/distribution.audio-technica.eu\/es-es\/productos\/stealth-wireless-expander-kit\/#primaryimage\"},\"thumbnailUrl\":\"\/app\/uploads\/sites\/2\/Alto_Stealth-Wireless-Expander-MKII.jpg\",\"datePublished\":\"2022-06-22T12:00:34+00:00\",\"dateModified\":\"2023-07-13T11:16:34+00:00\",\"breadcrumb\":{\"@id\":\"https:\/\/distribution.audio-technica.eu\/es-es\/productos\/stealth-wireless-expander-kit\/#breadcrumb\"},\"inLanguage\":\"es\",\"potentialAction\":[{\"@type\":\"ReadAction\",\"target\":[\"https:\/\/distribution.audio-technica.eu\/es-es\/productos\/stealth-wireless-expander-kit\/\"]}]},{\"@type\":\"ImageObject\",\"inLanguage\":\"es\",\"@id\":\"https:\/\/distribution.audio-technica.eu\/es-es\/productos\/stealth-wireless-expander-kit\/#primaryimage\",\"url\":\"\/app\/uploads\/sites\/2\/Alto_Stealth-Wireless-Expander-MKII.jpg\",\"contentUrl\":\"\/app\/uploads\/sites\/2\/Alto_Stealth-Wireless-Expander-MKII.jpg\",\"width\":2000,\"height\":2000},{\"@type\":\"BreadcrumbList\",\"@id\":\"https:\/\/distribution.audio-technica.eu\/es-es\/productos\/stealth-wireless-expander-kit\/#breadcrumb\",\"itemListElement\":[{\"@type\":\"ListItem\",\"position\":1,\"name\":\"Products\",\"item\":\"https:\/\/distribution.audio-technica.eu\/es-es\/\"},{\"@type\":\"ListItem\",\"position\":2,\"name\":\"Productos\",\"item\":\"https:\/\/distribution.audio-technica.eu\/es-es\/productos\/\"},{\"@type\":\"ListItem\",\"position\":3,\"name\":\"Stealth Wireless Expander MKII\"}]},{\"@type\":\"WebSite\",\"@id\":\"https:\/\/distribution.audio-technica.eu\/es-es\/#website\",\"url\":\"https:\/\/distribution.audio-technica.eu\/es-es\/\",\"name\":\"Audio-Technica Iberia\",\"description\":\"Distribuci\u00f3n\",\"potentialAction\":[{\"@type\":\"SearchAction\",\"target\":{\"@type\":\"EntryPoint\",\"urlTemplate\":\"https:\/\/distribution.audio-technica.eu\/es-es\/?s={search_term_string}\"},\"query-input\":{\"@type\":\"PropertyValueSpecification\",\"valueRequired\":true,\"valueName\":\"search_term_string\"}}],\"inLanguage\":\"es\"}]}<\/script>\n<!-- \/ Yoast SEO plugin. -->","yoast_head_json":{"title":"Stealth Wireless Expander MKII - Audio-Technica Iberia","robots":{"index":"index","follow":"follow","max-snippet":"max-snippet:-1","max-image-preview":"max-image-preview:large","max-video-preview":"max-video-preview:-1"},"canonical":"https:\/\/distribution.audio-technica.eu\/es-es\/productos\/stealth-wireless-expander-kit\/","og_locale":"es_ES","og_type":"article","og_title":"Stealth Wireless Expander MKII - Audio-Technica Iberia","og_description":"Receptor UHF destinado a la ampliaci\u00f3n de un sistema inal\u00e1mbrico Stealth Wireless MKII  Se utiliza para ampliar un sistema Stealth Wireless MKII ya existente  Receptor de un canal con salida a trav\u00e9s de jack TRS 1\/4\" (por unidad)  Banda UHF fiable: hasta m\u00e1s de cien canales seleccionables (dependiendo de la zona)  Squelch ajustable que elimina interferencias","og_url":"https:\/\/distribution.audio-technica.eu\/es-es\/productos\/stealth-wireless-expander-kit\/","og_site_name":"Audio-Technica Iberia","article_modified_time":"2023-07-13T11:16:34+00:00","og_image":[{"width":2000,"height":2000,"url":"https:\/\/distribution.audio-technica.eu\/app\/uploads\/sites\/2\/Alto_Stealth-Wireless-Expander-MKII.jpg","type":"image\/jpeg"}],"twitter_card":"summary_large_image","twitter_misc":{"Tiempo de lectura":"1 minuto"},"schema":{"@context":"https:\/\/schema.org","@graph":[{"@type":"WebPage","@id":"https:\/\/distribution.audio-technica.eu\/es-es\/productos\/stealth-wireless-expander-kit\/","url":"https:\/\/distribution.audio-technica.eu\/es-es\/productos\/stealth-wireless-expander-kit\/","name":"Stealth Wireless Expander MKII - Audio-Technica Iberia","isPartOf":{"@id":"https:\/\/distribution.audio-technica.eu\/es-es\/#website"},"primaryImageOfPage":{"@id":"https:\/\/distribution.audio-technica.eu\/es-es\/productos\/stealth-wireless-expander-kit\/#primaryimage"},"image":{"@id":"https:\/\/distribution.audio-technica.eu\/es-es\/productos\/stealth-wireless-expander-kit\/#primaryimage"},"thumbnailUrl":"\/app\/uploads\/sites\/2\/Alto_Stealth-Wireless-Expander-MKII.jpg","datePublished":"2022-06-22T12:00:34+00:00","dateModified":"2023-07-13T11:16:34+00:00","breadcrumb":{"@id":"https:\/\/distribution.audio-technica.eu\/es-es\/productos\/stealth-wireless-expander-kit\/#breadcrumb"},"inLanguage":"es","potentialAction":[{"@type":"ReadAction","target":["https:\/\/distribution.audio-technica.eu\/es-es\/productos\/stealth-wireless-expander-kit\/"]}]},{"@type":"ImageObject","inLanguage":"es","@id":"https:\/\/distribution.audio-technica.eu\/es-es\/productos\/stealth-wireless-expander-kit\/#primaryimage","url":"\/app\/uploads\/sites\/2\/Alto_Stealth-Wireless-Expander-MKII.jpg","contentUrl":"\/app\/uploads\/sites\/2\/Alto_Stealth-Wireless-Expander-MKII.jpg","width":2000,"height":2000},{"@type":"BreadcrumbList","@id":"https:\/\/distribution.audio-technica.eu\/es-es\/productos\/stealth-wireless-expander-kit\/#breadcrumb","itemListElement":[{"@type":"ListItem","position":1,"name":"Products","item":"https:\/\/distribution.audio-technica.eu\/es-es\/"},{"@type":"ListItem","position":2,"name":"Productos","item":"https:\/\/distribution.audio-technica.eu\/es-es\/productos\/"},{"@type":"ListItem","position":3,"name":"Stealth Wireless Expander MKII"}]},{"@type":"WebSite","@id":"https:\/\/distribution.audio-technica.eu\/es-es\/#website","url":"https:\/\/distribution.audio-technica.eu\/es-es\/","name":"Audio-Technica Iberia","description":"Distribuci\u00f3n","potentialAction":[{"@type":"SearchAction","target":{"@type":"EntryPoint","urlTemplate":"https:\/\/distribution.audio-technica.eu\/es-es\/?s={search_term_string}"},"query-input":{"@type":"PropertyValueSpecification","valueRequired":true,"valueName":"search_term_string"}}],"inLanguage":"es"}]}},"_links":{"self":[{"href":"https:\/\/distribution.audio-technica.eu\/es-es\/wp-json\/wp\/v2\/product\/13759","targetHints":{"allow":["GET"]}}],"collection":[{"href":"https:\/\/distribution.audio-technica.eu\/es-es\/wp-json\/wp\/v2\/product"}],"about":[{"href":"https:\/\/distribution.audio-technica.eu\/es-es\/wp-json\/wp\/v2\/types\/product"}],"wp:featuredmedia":[{"embeddable":true,"href":"https:\/\/distribution.audio-technica.eu\/es-es\/wp-json\/wp\/v2\/media\/26494"}],"wp:attachment":[{"href":"https:\/\/distribution.audio-technica.eu\/es-es\/wp-json\/wp\/v2\/media?parent=13759"}],"wp:term":[{"taxonomy":"product_brand","embeddable":true,"href":"https:\/\/distribution.audio-technica.eu\/es-es\/wp-json\/wp\/v2\/product_brand?post=13759"},{"taxonomy":"product_cat","embeddable":true,"href":"https:\/\/distribution.audio-technica.eu\/es-es\/wp-json\/wp\/v2\/product_cat?post=13759"},{"taxonomy":"product_tag","embeddable":true,"href":"https:\/\/distribution.audio-technica.eu\/es-es\/wp-json\/wp\/v2\/product_tag?post=13759"}],"curies":[{"name":"wp","href":"https:\/\/api.w.org\/{rel}","templated":true}]}}