{"id":13774,"date":"2018-07-12T14:28:37","date_gmt":"2018-07-12T12:28:37","guid":{"rendered":"https:\/\/atdb-production.studiograft.dev\/es\/product\/import-placeholder-for-826\/"},"modified":"2024-05-27T13:38:42","modified_gmt":"2024-05-27T11:38:42","slug":"ts415-cover","status":"publish","type":"product","link":"https:\/\/distribution.audio-technica.eu\/es-es\/productos\/ts415-cover\/","title":{"rendered":"TS415 Cover"},"content":{"rendered":"<h2>TS415 Cover<\/h2>\n<h3>Funda acolchada para los altavoces TS415<\/h3>\n<p>TS415 Cover es una funda dise\u00f1ada para proteger a los altavoces TS415de los inevitables golpes ara\u00f1azos y abolladuras que se pueden producir durante los transportes constantes.<br \/>\nEsta duradera funda ha sido dimensionada especialmente para los altavoces TS415, y se desliza f\u00e1cilmente sobre ellas, protegi\u00e9ndolas frente a la rudeza de los transportes.\u00a0Se ha previsto una abertura en el lateral para facilitar el acceso a la asa que incorpora el recinto.<\/p>\n<ul>\n<li>Forro acolchado que protege a los altavoces<\/li>\n<li>Construcci\u00f3n duradera, fabricada para soportar un uso constante<\/li>\n<li>Dise\u00f1o que permite una colocaci\u00f3n muy f\u00e1cil: las cajas se cubren y se descubren en pocos segundos<\/li>\n<li>Abertura en un lado para permitir el acceso a la asa que incorpora el recinto<\/li>\n<li>La correa inferior mantiene la funda en su lugar cuando se transporta<\/li>\n<li>Dise\u00f1ado para TRUESONIC TS415<\/li>\n<\/ul>\n","protected":false},"excerpt":{"rendered":"<h3>Funda acolchada para los altavoces TS415<\/h3>\n<ul class=\"summary\">\n<li>Forro acolchado que protege a los altavoces<\/li>\n<li>Construcci\u00f3n duradera, fabricada para soportar un uso constante<\/li>\n<li>Dise\u00f1o que permite una colocaci\u00f3n muy f\u00e1cil<\/li>\n<li>Abertura en un lado para permitir el acceso a la asa del recinto<\/li>\n<li>Dise\u00f1ado para TRUESONIC TS415<\/li>\n<\/ul>\n","protected":false},"featured_media":33591,"template":"","meta":{"_acf_changed":false},"product_brand":[],"product_cat":[1340,2344],"product_tag":[],"class_list":{"0":"post-13774","1":"product","2":"type-product","3":"status-publish","4":"has-post-thumbnail","6":"product_cat-accesorios","7":"product_cat-serie-truesonic-4","8":"product_series-serie-ts4","10":"first","11":"instock","12":"shipping-taxable","13":"product-type-simple"},"acf":[],"yoast_head":"<!-- This site is optimized with the Yoast SEO plugin v27.1.1 - https:\/\/yoast.com\/product\/yoast-seo-wordpress\/ -->\n<title>TS415 Cover - Audio-Technica Iberia<\/title>\n<meta name=\"robots\" content=\"index, follow, max-snippet:-1, max-image-preview:large, max-video-preview:-1\" \/>\n<link rel=\"canonical\" href=\"https:\/\/distribution.audio-technica.eu\/es-es\/productos\/ts415-cover\/\" \/>\n<meta property=\"og:locale\" content=\"es_ES\" \/>\n<meta property=\"og:type\" content=\"article\" \/>\n<meta property=\"og:title\" content=\"TS415 Cover - Audio-Technica Iberia\" \/>\n<meta property=\"og:description\" content=\"Funda acolchada para los altavoces TS415   Forro acolchado que protege a los altavoces  Construcci\u00f3n duradera, fabricada para soportar un uso constante  Dise\u00f1o que permite una colocaci\u00f3n muy f\u00e1cil  Abertura en un lado para permitir el acceso a la asa del recinto  Dise\u00f1ado para TRUESONIC TS415\" \/>\n<meta property=\"og:url\" content=\"https:\/\/distribution.audio-technica.eu\/es-es\/productos\/ts415-cover\/\" \/>\n<meta property=\"og:site_name\" content=\"Audio-Technica Iberia\" \/>\n<meta property=\"article:modified_time\" content=\"2024-05-27T11:38:42+00:00\" \/>\n<meta property=\"og:image\" content=\"https:\/\/distribution.audio-technica.eu\/app\/uploads\/sites\/2\/Alto-TS408-cover.jpg\" \/>\n\t<meta property=\"og:image:width\" content=\"750\" \/>\n\t<meta property=\"og:image:height\" content=\"750\" \/>\n\t<meta property=\"og:image:type\" content=\"image\/jpeg\" \/>\n<meta name=\"twitter:card\" content=\"summary_large_image\" \/>\n<meta name=\"twitter:label1\" content=\"Tiempo de lectura\" \/>\n\t<meta name=\"twitter:data1\" content=\"1 minuto\" \/>\n<script type=\"application\/ld+json\" class=\"yoast-schema-graph\">{\"@context\":\"https:\/\/schema.org\",\"@graph\":[{\"@type\":\"WebPage\",\"@id\":\"https:\/\/distribution.audio-technica.eu\/es-es\/productos\/ts415-cover\/\",\"url\":\"https:\/\/distribution.audio-technica.eu\/es-es\/productos\/ts415-cover\/\",\"name\":\"TS415 Cover - Audio-Technica Iberia\",\"isPartOf\":{\"@id\":\"https:\/\/distribution.audio-technica.eu\/es-es\/#website\"},\"primaryImageOfPage\":{\"@id\":\"https:\/\/distribution.audio-technica.eu\/es-es\/productos\/ts415-cover\/#primaryimage\"},\"image\":{\"@id\":\"https:\/\/distribution.audio-technica.eu\/es-es\/productos\/ts415-cover\/#primaryimage\"},\"thumbnailUrl\":\"\/app\/uploads\/sites\/2\/Alto-TS408-cover.jpg\",\"datePublished\":\"2018-07-12T12:28:37+00:00\",\"dateModified\":\"2024-05-27T11:38:42+00:00\",\"breadcrumb\":{\"@id\":\"https:\/\/distribution.audio-technica.eu\/es-es\/productos\/ts415-cover\/#breadcrumb\"},\"inLanguage\":\"es\",\"potentialAction\":[{\"@type\":\"ReadAction\",\"target\":[\"https:\/\/distribution.audio-technica.eu\/es-es\/productos\/ts415-cover\/\"]}]},{\"@type\":\"ImageObject\",\"inLanguage\":\"es\",\"@id\":\"https:\/\/distribution.audio-technica.eu\/es-es\/productos\/ts415-cover\/#primaryimage\",\"url\":\"\/app\/uploads\/sites\/2\/Alto-TS408-cover.jpg\",\"contentUrl\":\"\/app\/uploads\/sites\/2\/Alto-TS408-cover.jpg\",\"width\":750,\"height\":750},{\"@type\":\"BreadcrumbList\",\"@id\":\"https:\/\/distribution.audio-technica.eu\/es-es\/productos\/ts415-cover\/#breadcrumb\",\"itemListElement\":[{\"@type\":\"ListItem\",\"position\":1,\"name\":\"Products\",\"item\":\"https:\/\/distribution.audio-technica.eu\/es-es\/\"},{\"@type\":\"ListItem\",\"position\":2,\"name\":\"Productos\",\"item\":\"https:\/\/distribution.audio-technica.eu\/es-es\/productos\/\"},{\"@type\":\"ListItem\",\"position\":3,\"name\":\"TS415 Cover\"}]},{\"@type\":\"WebSite\",\"@id\":\"https:\/\/distribution.audio-technica.eu\/es-es\/#website\",\"url\":\"https:\/\/distribution.audio-technica.eu\/es-es\/\",\"name\":\"Audio-Technica Iberia\",\"description\":\"Distribuci\u00f3n\",\"potentialAction\":[{\"@type\":\"SearchAction\",\"target\":{\"@type\":\"EntryPoint\",\"urlTemplate\":\"https:\/\/distribution.audio-technica.eu\/es-es\/?s={search_term_string}\"},\"query-input\":{\"@type\":\"PropertyValueSpecification\",\"valueRequired\":true,\"valueName\":\"search_term_string\"}}],\"inLanguage\":\"es\"}]}<\/script>\n<!-- \/ Yoast SEO plugin. -->","yoast_head_json":{"title":"TS415 Cover - Audio-Technica Iberia","robots":{"index":"index","follow":"follow","max-snippet":"max-snippet:-1","max-image-preview":"max-image-preview:large","max-video-preview":"max-video-preview:-1"},"canonical":"https:\/\/distribution.audio-technica.eu\/es-es\/productos\/ts415-cover\/","og_locale":"es_ES","og_type":"article","og_title":"TS415 Cover - Audio-Technica Iberia","og_description":"Funda acolchada para los altavoces TS415   Forro acolchado que protege a los altavoces  Construcci\u00f3n duradera, fabricada para soportar un uso constante  Dise\u00f1o que permite una colocaci\u00f3n muy f\u00e1cil  Abertura en un lado para permitir el acceso a la asa del recinto  Dise\u00f1ado para TRUESONIC TS415","og_url":"https:\/\/distribution.audio-technica.eu\/es-es\/productos\/ts415-cover\/","og_site_name":"Audio-Technica Iberia","article_modified_time":"2024-05-27T11:38:42+00:00","og_image":[{"width":750,"height":750,"url":"https:\/\/distribution.audio-technica.eu\/app\/uploads\/sites\/2\/Alto-TS408-cover.jpg","type":"image\/jpeg"}],"twitter_card":"summary_large_image","twitter_misc":{"Tiempo de lectura":"1 minuto"},"schema":{"@context":"https:\/\/schema.org","@graph":[{"@type":"WebPage","@id":"https:\/\/distribution.audio-technica.eu\/es-es\/productos\/ts415-cover\/","url":"https:\/\/distribution.audio-technica.eu\/es-es\/productos\/ts415-cover\/","name":"TS415 Cover - Audio-Technica Iberia","isPartOf":{"@id":"https:\/\/distribution.audio-technica.eu\/es-es\/#website"},"primaryImageOfPage":{"@id":"https:\/\/distribution.audio-technica.eu\/es-es\/productos\/ts415-cover\/#primaryimage"},"image":{"@id":"https:\/\/distribution.audio-technica.eu\/es-es\/productos\/ts415-cover\/#primaryimage"},"thumbnailUrl":"\/app\/uploads\/sites\/2\/Alto-TS408-cover.jpg","datePublished":"2018-07-12T12:28:37+00:00","dateModified":"2024-05-27T11:38:42+00:00","breadcrumb":{"@id":"https:\/\/distribution.audio-technica.eu\/es-es\/productos\/ts415-cover\/#breadcrumb"},"inLanguage":"es","potentialAction":[{"@type":"ReadAction","target":["https:\/\/distribution.audio-technica.eu\/es-es\/productos\/ts415-cover\/"]}]},{"@type":"ImageObject","inLanguage":"es","@id":"https:\/\/distribution.audio-technica.eu\/es-es\/productos\/ts415-cover\/#primaryimage","url":"\/app\/uploads\/sites\/2\/Alto-TS408-cover.jpg","contentUrl":"\/app\/uploads\/sites\/2\/Alto-TS408-cover.jpg","width":750,"height":750},{"@type":"BreadcrumbList","@id":"https:\/\/distribution.audio-technica.eu\/es-es\/productos\/ts415-cover\/#breadcrumb","itemListElement":[{"@type":"ListItem","position":1,"name":"Products","item":"https:\/\/distribution.audio-technica.eu\/es-es\/"},{"@type":"ListItem","position":2,"name":"Productos","item":"https:\/\/distribution.audio-technica.eu\/es-es\/productos\/"},{"@type":"ListItem","position":3,"name":"TS415 Cover"}]},{"@type":"WebSite","@id":"https:\/\/distribution.audio-technica.eu\/es-es\/#website","url":"https:\/\/distribution.audio-technica.eu\/es-es\/","name":"Audio-Technica Iberia","description":"Distribuci\u00f3n","potentialAction":[{"@type":"SearchAction","target":{"@type":"EntryPoint","urlTemplate":"https:\/\/distribution.audio-technica.eu\/es-es\/?s={search_term_string}"},"query-input":{"@type":"PropertyValueSpecification","valueRequired":true,"valueName":"search_term_string"}}],"inLanguage":"es"}]}},"_links":{"self":[{"href":"https:\/\/distribution.audio-technica.eu\/es-es\/wp-json\/wp\/v2\/product\/13774","targetHints":{"allow":["GET"]}}],"collection":[{"href":"https:\/\/distribution.audio-technica.eu\/es-es\/wp-json\/wp\/v2\/product"}],"about":[{"href":"https:\/\/distribution.audio-technica.eu\/es-es\/wp-json\/wp\/v2\/types\/product"}],"wp:featuredmedia":[{"embeddable":true,"href":"https:\/\/distribution.audio-technica.eu\/es-es\/wp-json\/wp\/v2\/media\/33591"}],"wp:attachment":[{"href":"https:\/\/distribution.audio-technica.eu\/es-es\/wp-json\/wp\/v2\/media?parent=13774"}],"wp:term":[{"taxonomy":"product_brand","embeddable":true,"href":"https:\/\/distribution.audio-technica.eu\/es-es\/wp-json\/wp\/v2\/product_brand?post=13774"},{"taxonomy":"product_cat","embeddable":true,"href":"https:\/\/distribution.audio-technica.eu\/es-es\/wp-json\/wp\/v2\/product_cat?post=13774"},{"taxonomy":"product_tag","embeddable":true,"href":"https:\/\/distribution.audio-technica.eu\/es-es\/wp-json\/wp\/v2\/product_tag?post=13774"}],"curies":[{"name":"wp","href":"https:\/\/api.w.org\/{rel}","templated":true}]}}