{"id":13970,"date":"2018-07-12T14:30:20","date_gmt":"2018-07-12T12:30:20","guid":{"rendered":"https:\/\/atdb-production.studiograft.dev\/es\/product\/import-placeholder-for-1045\/"},"modified":"2023-07-13T13:30:56","modified_gmt":"2023-07-13T11:30:56","slug":"waves-v3","status":"publish","type":"product","link":"https:\/\/distribution.audio-technica.eu\/es-es\/productos\/waves-v3\/","title":{"rendered":"WAVES V3"},"content":{"rendered":"<h2>WAVES V3<\/h2>\n<h3>Tarjeta de audio en red para dLive<\/h3>\n<p>La tarjeta de audio en red Waves V3 (M-DL-WAVES3) es una de las m\u00faltiples opciones de audio en red que pueden ser instaladas en el puerto de E\/S del sistema dLive. Proporciona interface 128&#215;128 canales, 48\/96kHz, para la plataforma en red Waves SoundGrid, para diferentes aplicaciones incluyendo el procesado de plug ins Waves. La distribuci\u00f3n de audio, y el split digital de micr\u00f3fonos. Tambi\u00e9n ofrece un m\u00e9todo muy eficaz para grabar 128 pistas de audio con formato de audio de 96kHz en ordenadores Mac o Windows, a trav\u00e9s de un \u00fanico cable CAT.<\/p>\n<p>SoundGrid es un protocolo de audio sobre Ethernet desarrollado por Waves para aplicaciones de audio profesional en tiempo real. Proporciona un entorno con latencia muy baja utilizando redes est\u00e1ndar Gigabit. El procesado a trav\u00e9s de plug ins puede ser realizado de forma nativa en el ordenador o a servidores espec\u00edficos Waves.<\/p>\n<ul>\n<li>128 Entradas, 128 salidas<\/li>\n<li>Frecuencia de muestreo conmutable 48\/96kHz<\/li>\n<li>Audio en red Waves SoundGrid<\/li>\n<li>Grabaci\u00f3n y reproducci\u00f3n multipista<\/li>\n<li>Conmutador Ethernet de 3 puertos integrado, que permite la conexi\u00f3n de m\u00faltiples dispositivos<\/li>\n<\/ul>\n","protected":false},"excerpt":{"rendered":"<h3>Tarjeta de audio en red para dLive<\/h3>\n<ul class=\"summary\">\n<li>\u200b128 Entradas, 128 salidas<\/li>\n<li>Frecuencia de muestreo conmutable 48\/96kHz<\/li>\n<li>Audio en red Waves SoundGrid<\/li>\n<li>Grabaci\u00f3n y reproducci\u00f3n multipista<\/li>\n<li>Conmutador Ethernet de 3 puertos integrado<\/li>\n<\/ul>\n","protected":false},"featured_media":9625,"template":"","meta":{"_acf_changed":false},"product_brand":[],"product_cat":[1493,1494,1490,1513,1495],"product_tag":[],"class_list":{"0":"post-13970","1":"product","2":"type-product","3":"status-publish","4":"has-post-thumbnail","6":"product_cat-mesas-de-mezclas-allen-heath","7":"product_cat-mesas-de-mezclas-para-directo-mesas-de-mezclas-allen-heath","8":"product_cat-por-series-allen-heath","9":"product_cat-serie-dlive-c-class","10":"product_cat-serie-dlive-s-class","11":"product_series-serie-dlive-c-class","12":"product_series-serie-dlive-s-class","14":"first","15":"instock","16":"shipping-taxable","17":"product-type-simple"},"acf":[],"yoast_head":"<!-- This site is optimized with the Yoast SEO plugin v27.1.1 - https:\/\/yoast.com\/product\/yoast-seo-wordpress\/ -->\n<title>WAVES V3 - Audio-Technica Iberia<\/title>\n<meta name=\"robots\" content=\"index, follow, max-snippet:-1, max-image-preview:large, max-video-preview:-1\" \/>\n<link rel=\"canonical\" href=\"https:\/\/distribution.audio-technica.eu\/es-es\/productos\/waves-v3\/\" \/>\n<meta property=\"og:locale\" content=\"es_ES\" \/>\n<meta property=\"og:type\" content=\"article\" \/>\n<meta property=\"og:title\" content=\"WAVES V3 - Audio-Technica Iberia\" \/>\n<meta property=\"og:description\" content=\"Tarjeta de audio en red para dLive  \u200b128 Entradas, 128 salidas  Frecuencia de muestreo conmutable 48\/96kHz  Audio en red Waves SoundGrid  Grabaci\u00f3n y reproducci\u00f3n multipista  Conmutador Ethernet de 3 puertos integrado\" \/>\n<meta property=\"og:url\" content=\"https:\/\/distribution.audio-technica.eu\/es-es\/productos\/waves-v3\/\" \/>\n<meta property=\"og:site_name\" content=\"Audio-Technica Iberia\" \/>\n<meta property=\"article:modified_time\" content=\"2023-07-13T11:30:56+00:00\" \/>\n<meta property=\"og:image\" content=\"https:\/\/distribution.audio-technica.eu\/app\/uploads\/sites\/2\/Allen-Heath-Waves-3-1.jpg\" \/>\n\t<meta property=\"og:image:width\" content=\"1000\" \/>\n\t<meta property=\"og:image:height\" content=\"1000\" \/>\n\t<meta property=\"og:image:type\" content=\"image\/jpeg\" \/>\n<meta name=\"twitter:card\" content=\"summary_large_image\" \/>\n<meta name=\"twitter:label1\" content=\"Tiempo de lectura\" \/>\n\t<meta name=\"twitter:data1\" content=\"1 minuto\" \/>\n<script type=\"application\/ld+json\" class=\"yoast-schema-graph\">{\"@context\":\"https:\/\/schema.org\",\"@graph\":[{\"@type\":\"WebPage\",\"@id\":\"https:\/\/distribution.audio-technica.eu\/es-es\/productos\/waves-v3\/\",\"url\":\"https:\/\/distribution.audio-technica.eu\/es-es\/productos\/waves-v3\/\",\"name\":\"WAVES V3 - Audio-Technica Iberia\",\"isPartOf\":{\"@id\":\"https:\/\/distribution.audio-technica.eu\/es-es\/#website\"},\"primaryImageOfPage\":{\"@id\":\"https:\/\/distribution.audio-technica.eu\/es-es\/productos\/waves-v3\/#primaryimage\"},\"image\":{\"@id\":\"https:\/\/distribution.audio-technica.eu\/es-es\/productos\/waves-v3\/#primaryimage\"},\"thumbnailUrl\":\"\/app\/uploads\/sites\/2\/Allen-Heath-Waves-3-1.jpg\",\"datePublished\":\"2018-07-12T12:30:20+00:00\",\"dateModified\":\"2023-07-13T11:30:56+00:00\",\"breadcrumb\":{\"@id\":\"https:\/\/distribution.audio-technica.eu\/es-es\/productos\/waves-v3\/#breadcrumb\"},\"inLanguage\":\"es\",\"potentialAction\":[{\"@type\":\"ReadAction\",\"target\":[\"https:\/\/distribution.audio-technica.eu\/es-es\/productos\/waves-v3\/\"]}]},{\"@type\":\"ImageObject\",\"inLanguage\":\"es\",\"@id\":\"https:\/\/distribution.audio-technica.eu\/es-es\/productos\/waves-v3\/#primaryimage\",\"url\":\"\/app\/uploads\/sites\/2\/Allen-Heath-Waves-3-1.jpg\",\"contentUrl\":\"\/app\/uploads\/sites\/2\/Allen-Heath-Waves-3-1.jpg\",\"width\":1000,\"height\":1000},{\"@type\":\"BreadcrumbList\",\"@id\":\"https:\/\/distribution.audio-technica.eu\/es-es\/productos\/waves-v3\/#breadcrumb\",\"itemListElement\":[{\"@type\":\"ListItem\",\"position\":1,\"name\":\"Products\",\"item\":\"https:\/\/distribution.audio-technica.eu\/es-es\/\"},{\"@type\":\"ListItem\",\"position\":2,\"name\":\"Productos\",\"item\":\"https:\/\/distribution.audio-technica.eu\/es-es\/productos\/\"},{\"@type\":\"ListItem\",\"position\":3,\"name\":\"WAVES V3\"}]},{\"@type\":\"WebSite\",\"@id\":\"https:\/\/distribution.audio-technica.eu\/es-es\/#website\",\"url\":\"https:\/\/distribution.audio-technica.eu\/es-es\/\",\"name\":\"Audio-Technica Iberia\",\"description\":\"Distribuci\u00f3n\",\"potentialAction\":[{\"@type\":\"SearchAction\",\"target\":{\"@type\":\"EntryPoint\",\"urlTemplate\":\"https:\/\/distribution.audio-technica.eu\/es-es\/?s={search_term_string}\"},\"query-input\":{\"@type\":\"PropertyValueSpecification\",\"valueRequired\":true,\"valueName\":\"search_term_string\"}}],\"inLanguage\":\"es\"}]}<\/script>\n<!-- \/ Yoast SEO plugin. -->","yoast_head_json":{"title":"WAVES V3 - Audio-Technica Iberia","robots":{"index":"index","follow":"follow","max-snippet":"max-snippet:-1","max-image-preview":"max-image-preview:large","max-video-preview":"max-video-preview:-1"},"canonical":"https:\/\/distribution.audio-technica.eu\/es-es\/productos\/waves-v3\/","og_locale":"es_ES","og_type":"article","og_title":"WAVES V3 - Audio-Technica Iberia","og_description":"Tarjeta de audio en red para dLive  \u200b128 Entradas, 128 salidas  Frecuencia de muestreo conmutable 48\/96kHz  Audio en red Waves SoundGrid  Grabaci\u00f3n y reproducci\u00f3n multipista  Conmutador Ethernet de 3 puertos integrado","og_url":"https:\/\/distribution.audio-technica.eu\/es-es\/productos\/waves-v3\/","og_site_name":"Audio-Technica Iberia","article_modified_time":"2023-07-13T11:30:56+00:00","og_image":[{"width":1000,"height":1000,"url":"https:\/\/distribution.audio-technica.eu\/app\/uploads\/sites\/2\/Allen-Heath-Waves-3-1.jpg","type":"image\/jpeg"}],"twitter_card":"summary_large_image","twitter_misc":{"Tiempo de lectura":"1 minuto"},"schema":{"@context":"https:\/\/schema.org","@graph":[{"@type":"WebPage","@id":"https:\/\/distribution.audio-technica.eu\/es-es\/productos\/waves-v3\/","url":"https:\/\/distribution.audio-technica.eu\/es-es\/productos\/waves-v3\/","name":"WAVES V3 - Audio-Technica Iberia","isPartOf":{"@id":"https:\/\/distribution.audio-technica.eu\/es-es\/#website"},"primaryImageOfPage":{"@id":"https:\/\/distribution.audio-technica.eu\/es-es\/productos\/waves-v3\/#primaryimage"},"image":{"@id":"https:\/\/distribution.audio-technica.eu\/es-es\/productos\/waves-v3\/#primaryimage"},"thumbnailUrl":"\/app\/uploads\/sites\/2\/Allen-Heath-Waves-3-1.jpg","datePublished":"2018-07-12T12:30:20+00:00","dateModified":"2023-07-13T11:30:56+00:00","breadcrumb":{"@id":"https:\/\/distribution.audio-technica.eu\/es-es\/productos\/waves-v3\/#breadcrumb"},"inLanguage":"es","potentialAction":[{"@type":"ReadAction","target":["https:\/\/distribution.audio-technica.eu\/es-es\/productos\/waves-v3\/"]}]},{"@type":"ImageObject","inLanguage":"es","@id":"https:\/\/distribution.audio-technica.eu\/es-es\/productos\/waves-v3\/#primaryimage","url":"\/app\/uploads\/sites\/2\/Allen-Heath-Waves-3-1.jpg","contentUrl":"\/app\/uploads\/sites\/2\/Allen-Heath-Waves-3-1.jpg","width":1000,"height":1000},{"@type":"BreadcrumbList","@id":"https:\/\/distribution.audio-technica.eu\/es-es\/productos\/waves-v3\/#breadcrumb","itemListElement":[{"@type":"ListItem","position":1,"name":"Products","item":"https:\/\/distribution.audio-technica.eu\/es-es\/"},{"@type":"ListItem","position":2,"name":"Productos","item":"https:\/\/distribution.audio-technica.eu\/es-es\/productos\/"},{"@type":"ListItem","position":3,"name":"WAVES V3"}]},{"@type":"WebSite","@id":"https:\/\/distribution.audio-technica.eu\/es-es\/#website","url":"https:\/\/distribution.audio-technica.eu\/es-es\/","name":"Audio-Technica Iberia","description":"Distribuci\u00f3n","potentialAction":[{"@type":"SearchAction","target":{"@type":"EntryPoint","urlTemplate":"https:\/\/distribution.audio-technica.eu\/es-es\/?s={search_term_string}"},"query-input":{"@type":"PropertyValueSpecification","valueRequired":true,"valueName":"search_term_string"}}],"inLanguage":"es"}]}},"_links":{"self":[{"href":"https:\/\/distribution.audio-technica.eu\/es-es\/wp-json\/wp\/v2\/product\/13970","targetHints":{"allow":["GET"]}}],"collection":[{"href":"https:\/\/distribution.audio-technica.eu\/es-es\/wp-json\/wp\/v2\/product"}],"about":[{"href":"https:\/\/distribution.audio-technica.eu\/es-es\/wp-json\/wp\/v2\/types\/product"}],"wp:featuredmedia":[{"embeddable":true,"href":"https:\/\/distribution.audio-technica.eu\/es-es\/wp-json\/wp\/v2\/media\/9625"}],"wp:attachment":[{"href":"https:\/\/distribution.audio-technica.eu\/es-es\/wp-json\/wp\/v2\/media?parent=13970"}],"wp:term":[{"taxonomy":"product_brand","embeddable":true,"href":"https:\/\/distribution.audio-technica.eu\/es-es\/wp-json\/wp\/v2\/product_brand?post=13970"},{"taxonomy":"product_cat","embeddable":true,"href":"https:\/\/distribution.audio-technica.eu\/es-es\/wp-json\/wp\/v2\/product_cat?post=13970"},{"taxonomy":"product_tag","embeddable":true,"href":"https:\/\/distribution.audio-technica.eu\/es-es\/wp-json\/wp\/v2\/product_tag?post=13970"}],"curies":[{"name":"wp","href":"https:\/\/api.w.org\/{rel}","templated":true}]}}