{"id":13971,"date":"2018-07-12T14:30:21","date_gmt":"2018-07-12T12:30:21","guid":{"rendered":"https:\/\/atdb-production.studiograft.dev\/es\/product\/import-placeholder-for-1046\/"},"modified":"2023-07-13T13:30:56","modified_gmt":"2023-07-13T11:30:56","slug":"gigaace","status":"publish","type":"product","link":"https:\/\/distribution.audio-technica.eu\/es-es\/productos\/gigaace\/","title":{"rendered":"gigaACE"},"content":{"rendered":"<h2>gigaACE<\/h2>\n<h3>Tarjeta de audio en red para dLive<\/h3>\n<p>La tarjeta de audio en red gigaACE (M-DL-GACE) es una de las m\u00faltiples opciones de audio en red que pueden ser instaladas en el puerto de E\/S de cualquier sistema dLive de Allen &amp; Heath. Proporciona un enlace punto a punto de 128 x 128 canales, 96kHz gigaACE hacia otro sistema de mezcla dLive.<\/p>\n<p>gigaACE es un protocolo desarrollado por Allen &amp; Heath que permite transportar audio y control a trav\u00e9s de Ethernet, utilizando cables CAT est\u00e1ndar. Esto permite una latencia muy baja y contar con redundancia en el cableado, sin que se produzcan drop outs de audio. gigaACE tambi\u00e9n puede ejercer de t\u00fanel para la red de control TCP\/IP de dLive a trav\u00e9s de la misma conexi\u00f3n, por ejemplo, para permitir el control d cualquiera de los dos sistemas desde un \u00fanico ordenador.<\/p>\n<p>La tarjeta gigaACE ofrece una soluci\u00f3n efectiva y rentable para aplicaciones de Split digital, sustituyendo a los splitters multifilares \/ anal\u00f3gicos del pasado. En una configuraci\u00f3n t\u00edpico FoH\/Monitor, las entradas del sistema dLive son enviadas a un segundo sistema, donde pueden disfrutar de un ajuste de nivel, procesado y mezcla independiente.<\/p>\n<p>gigaACE es un protocolo realmente plug \u2018n\u2019 play que no precisa de ordenador para la configuraci\u00f3n de sus conexiones. Solo es necesario conectar un cable entre los dos sistemas dLive y configurar el patch y los ajustes reloj directamente en el mezclador.<\/p>\n<ul>\n<li>128 Entradas, 128 salidas<\/li>\n<li>Frecuencia de muestreo de 96 kHz<\/li>\n<li>Latencia de transporte ultra baja &#8211; 5 muestras (52 us)<\/li>\n<li>Doble redundancia<\/li>\n<li>Puente de control de red conmutable<\/li>\n<\/ul>\n","protected":false},"excerpt":{"rendered":"<h3>Tarjeta de audio en red para dLive<\/h3>\n<ul class=\"summary\">\n<li>\u200b128 Entradas, 128 salidas<\/li>\n<li>Frecuencia de muestreo de 96 kHz<\/li>\n<li>Latencia de transporte ultra baja &#8211; 5 muestras (52 us)<\/li>\n<li>Doble redundancia<\/li>\n<li>Puente de control de red conmutable<\/li>\n<\/ul>\n","protected":false},"featured_media":9629,"template":"","meta":{"_acf_changed":false},"product_brand":[],"product_cat":[1493,1494,1490,1513,1495],"product_tag":[],"class_list":{"0":"post-13971","1":"product","2":"type-product","3":"status-publish","4":"has-post-thumbnail","6":"product_cat-mesas-de-mezclas-allen-heath","7":"product_cat-mesas-de-mezclas-para-directo-mesas-de-mezclas-allen-heath","8":"product_cat-por-series-allen-heath","9":"product_cat-serie-dlive-c-class","10":"product_cat-serie-dlive-s-class","11":"product_series-serie-dlive-c-class","12":"product_series-serie-dlive-s-class","14":"first","15":"instock","16":"shipping-taxable","17":"product-type-simple"},"acf":[],"yoast_head":"<!-- This site is optimized with the Yoast SEO plugin v27.1.1 - https:\/\/yoast.com\/product\/yoast-seo-wordpress\/ -->\n<title>gigaACE - Audio-Technica Iberia<\/title>\n<meta name=\"robots\" content=\"index, follow, max-snippet:-1, max-image-preview:large, max-video-preview:-1\" \/>\n<link rel=\"canonical\" href=\"https:\/\/distribution.audio-technica.eu\/es-es\/productos\/gigaace\/\" \/>\n<meta property=\"og:locale\" content=\"es_ES\" \/>\n<meta property=\"og:type\" content=\"article\" \/>\n<meta property=\"og:title\" content=\"gigaACE - Audio-Technica Iberia\" \/>\n<meta property=\"og:description\" content=\"Tarjeta de audio en red para dLive  \u200b128 Entradas, 128 salidas  Frecuencia de muestreo de 96 kHz  Latencia de transporte ultra baja - 5 muestras (52 us)  Doble redundancia  Puente de control de red conmutable\" \/>\n<meta property=\"og:url\" content=\"https:\/\/distribution.audio-technica.eu\/es-es\/productos\/gigaace\/\" \/>\n<meta property=\"og:site_name\" content=\"Audio-Technica Iberia\" \/>\n<meta property=\"article:modified_time\" content=\"2023-07-13T11:30:56+00:00\" \/>\n<meta property=\"og:image\" content=\"https:\/\/distribution.audio-technica.eu\/app\/uploads\/sites\/2\/Allen-Heath-gigaACE-1.jpg\" \/>\n\t<meta property=\"og:image:width\" content=\"1000\" \/>\n\t<meta property=\"og:image:height\" content=\"1000\" \/>\n\t<meta property=\"og:image:type\" content=\"image\/jpeg\" \/>\n<meta name=\"twitter:card\" content=\"summary_large_image\" \/>\n<meta name=\"twitter:label1\" content=\"Tiempo de lectura\" \/>\n\t<meta name=\"twitter:data1\" content=\"1 minuto\" \/>\n<script type=\"application\/ld+json\" class=\"yoast-schema-graph\">{\"@context\":\"https:\/\/schema.org\",\"@graph\":[{\"@type\":\"WebPage\",\"@id\":\"https:\/\/distribution.audio-technica.eu\/es-es\/productos\/gigaace\/\",\"url\":\"https:\/\/distribution.audio-technica.eu\/es-es\/productos\/gigaace\/\",\"name\":\"gigaACE - Audio-Technica Iberia\",\"isPartOf\":{\"@id\":\"https:\/\/distribution.audio-technica.eu\/es-es\/#website\"},\"primaryImageOfPage\":{\"@id\":\"https:\/\/distribution.audio-technica.eu\/es-es\/productos\/gigaace\/#primaryimage\"},\"image\":{\"@id\":\"https:\/\/distribution.audio-technica.eu\/es-es\/productos\/gigaace\/#primaryimage\"},\"thumbnailUrl\":\"\/app\/uploads\/sites\/2\/Allen-Heath-gigaACE-1.jpg\",\"datePublished\":\"2018-07-12T12:30:21+00:00\",\"dateModified\":\"2023-07-13T11:30:56+00:00\",\"breadcrumb\":{\"@id\":\"https:\/\/distribution.audio-technica.eu\/es-es\/productos\/gigaace\/#breadcrumb\"},\"inLanguage\":\"es\",\"potentialAction\":[{\"@type\":\"ReadAction\",\"target\":[\"https:\/\/distribution.audio-technica.eu\/es-es\/productos\/gigaace\/\"]}]},{\"@type\":\"ImageObject\",\"inLanguage\":\"es\",\"@id\":\"https:\/\/distribution.audio-technica.eu\/es-es\/productos\/gigaace\/#primaryimage\",\"url\":\"\/app\/uploads\/sites\/2\/Allen-Heath-gigaACE-1.jpg\",\"contentUrl\":\"\/app\/uploads\/sites\/2\/Allen-Heath-gigaACE-1.jpg\",\"width\":1000,\"height\":1000},{\"@type\":\"BreadcrumbList\",\"@id\":\"https:\/\/distribution.audio-technica.eu\/es-es\/productos\/gigaace\/#breadcrumb\",\"itemListElement\":[{\"@type\":\"ListItem\",\"position\":1,\"name\":\"Products\",\"item\":\"https:\/\/distribution.audio-technica.eu\/es-es\/\"},{\"@type\":\"ListItem\",\"position\":2,\"name\":\"Productos\",\"item\":\"https:\/\/distribution.audio-technica.eu\/es-es\/productos\/\"},{\"@type\":\"ListItem\",\"position\":3,\"name\":\"gigaACE\"}]},{\"@type\":\"WebSite\",\"@id\":\"https:\/\/distribution.audio-technica.eu\/es-es\/#website\",\"url\":\"https:\/\/distribution.audio-technica.eu\/es-es\/\",\"name\":\"Audio-Technica Iberia\",\"description\":\"Distribuci\u00f3n\",\"potentialAction\":[{\"@type\":\"SearchAction\",\"target\":{\"@type\":\"EntryPoint\",\"urlTemplate\":\"https:\/\/distribution.audio-technica.eu\/es-es\/?s={search_term_string}\"},\"query-input\":{\"@type\":\"PropertyValueSpecification\",\"valueRequired\":true,\"valueName\":\"search_term_string\"}}],\"inLanguage\":\"es\"}]}<\/script>\n<!-- \/ Yoast SEO plugin. -->","yoast_head_json":{"title":"gigaACE - Audio-Technica Iberia","robots":{"index":"index","follow":"follow","max-snippet":"max-snippet:-1","max-image-preview":"max-image-preview:large","max-video-preview":"max-video-preview:-1"},"canonical":"https:\/\/distribution.audio-technica.eu\/es-es\/productos\/gigaace\/","og_locale":"es_ES","og_type":"article","og_title":"gigaACE - Audio-Technica Iberia","og_description":"Tarjeta de audio en red para dLive  \u200b128 Entradas, 128 salidas  Frecuencia de muestreo de 96 kHz  Latencia de transporte ultra baja - 5 muestras (52 us)  Doble redundancia  Puente de control de red conmutable","og_url":"https:\/\/distribution.audio-technica.eu\/es-es\/productos\/gigaace\/","og_site_name":"Audio-Technica Iberia","article_modified_time":"2023-07-13T11:30:56+00:00","og_image":[{"width":1000,"height":1000,"url":"https:\/\/distribution.audio-technica.eu\/app\/uploads\/sites\/2\/Allen-Heath-gigaACE-1.jpg","type":"image\/jpeg"}],"twitter_card":"summary_large_image","twitter_misc":{"Tiempo de lectura":"1 minuto"},"schema":{"@context":"https:\/\/schema.org","@graph":[{"@type":"WebPage","@id":"https:\/\/distribution.audio-technica.eu\/es-es\/productos\/gigaace\/","url":"https:\/\/distribution.audio-technica.eu\/es-es\/productos\/gigaace\/","name":"gigaACE - Audio-Technica Iberia","isPartOf":{"@id":"https:\/\/distribution.audio-technica.eu\/es-es\/#website"},"primaryImageOfPage":{"@id":"https:\/\/distribution.audio-technica.eu\/es-es\/productos\/gigaace\/#primaryimage"},"image":{"@id":"https:\/\/distribution.audio-technica.eu\/es-es\/productos\/gigaace\/#primaryimage"},"thumbnailUrl":"\/app\/uploads\/sites\/2\/Allen-Heath-gigaACE-1.jpg","datePublished":"2018-07-12T12:30:21+00:00","dateModified":"2023-07-13T11:30:56+00:00","breadcrumb":{"@id":"https:\/\/distribution.audio-technica.eu\/es-es\/productos\/gigaace\/#breadcrumb"},"inLanguage":"es","potentialAction":[{"@type":"ReadAction","target":["https:\/\/distribution.audio-technica.eu\/es-es\/productos\/gigaace\/"]}]},{"@type":"ImageObject","inLanguage":"es","@id":"https:\/\/distribution.audio-technica.eu\/es-es\/productos\/gigaace\/#primaryimage","url":"\/app\/uploads\/sites\/2\/Allen-Heath-gigaACE-1.jpg","contentUrl":"\/app\/uploads\/sites\/2\/Allen-Heath-gigaACE-1.jpg","width":1000,"height":1000},{"@type":"BreadcrumbList","@id":"https:\/\/distribution.audio-technica.eu\/es-es\/productos\/gigaace\/#breadcrumb","itemListElement":[{"@type":"ListItem","position":1,"name":"Products","item":"https:\/\/distribution.audio-technica.eu\/es-es\/"},{"@type":"ListItem","position":2,"name":"Productos","item":"https:\/\/distribution.audio-technica.eu\/es-es\/productos\/"},{"@type":"ListItem","position":3,"name":"gigaACE"}]},{"@type":"WebSite","@id":"https:\/\/distribution.audio-technica.eu\/es-es\/#website","url":"https:\/\/distribution.audio-technica.eu\/es-es\/","name":"Audio-Technica Iberia","description":"Distribuci\u00f3n","potentialAction":[{"@type":"SearchAction","target":{"@type":"EntryPoint","urlTemplate":"https:\/\/distribution.audio-technica.eu\/es-es\/?s={search_term_string}"},"query-input":{"@type":"PropertyValueSpecification","valueRequired":true,"valueName":"search_term_string"}}],"inLanguage":"es"}]}},"_links":{"self":[{"href":"https:\/\/distribution.audio-technica.eu\/es-es\/wp-json\/wp\/v2\/product\/13971","targetHints":{"allow":["GET"]}}],"collection":[{"href":"https:\/\/distribution.audio-technica.eu\/es-es\/wp-json\/wp\/v2\/product"}],"about":[{"href":"https:\/\/distribution.audio-technica.eu\/es-es\/wp-json\/wp\/v2\/types\/product"}],"wp:featuredmedia":[{"embeddable":true,"href":"https:\/\/distribution.audio-technica.eu\/es-es\/wp-json\/wp\/v2\/media\/9629"}],"wp:attachment":[{"href":"https:\/\/distribution.audio-technica.eu\/es-es\/wp-json\/wp\/v2\/media?parent=13971"}],"wp:term":[{"taxonomy":"product_brand","embeddable":true,"href":"https:\/\/distribution.audio-technica.eu\/es-es\/wp-json\/wp\/v2\/product_brand?post=13971"},{"taxonomy":"product_cat","embeddable":true,"href":"https:\/\/distribution.audio-technica.eu\/es-es\/wp-json\/wp\/v2\/product_cat?post=13971"},{"taxonomy":"product_tag","embeddable":true,"href":"https:\/\/distribution.audio-technica.eu\/es-es\/wp-json\/wp\/v2\/product_tag?post=13971"}],"curies":[{"name":"wp","href":"https:\/\/api.w.org\/{rel}","templated":true}]}}