{"id":13972,"date":"2018-07-12T14:30:21","date_gmt":"2018-07-12T12:30:21","guid":{"rendered":"https:\/\/atdb-production.studiograft.dev\/es\/product\/import-placeholder-for-1047\/"},"modified":"2023-07-13T13:30:56","modified_gmt":"2023-07-13T11:30:56","slug":"ip6","status":"publish","type":"product","link":"https:\/\/distribution.audio-technica.eu\/es-es\/productos\/ip6\/","title":{"rendered":"IP6"},"content":{"rendered":"<h2>IP6<\/h2>\n<h3>Controlador remoto para dLive<\/h3>\n<p>IP6 es la m\u00e1s reciente generaci\u00f3n de controladores remotos para sistemas dLive, ideal para ser utilizado en multitud de instalaciones y que refuerza enormemente la flexibilidad del sistema en aplicaciones de directo.<br \/>\nSe interconecta con el sistema de mezcla dLive a trav\u00e9s de conexiones en red est\u00e1ndar TCP\/IP y puede ser conectado en red con otros controladores, ordenadores y dispositivos desarrollados por terceros, utilizando la infraestructura est\u00e1ndar Ethernet.<br \/>\nLas funciones y controles de IP6 pueden ser configurados y programados utilizando la superficie dLive o el software dLive Director para PC\/Mac, y pueden ser adecuados para muchas aplicaciones, incluyendo:<\/p>\n<ul>\n<li><strong>Monitorizaci\u00f3n personal<\/strong>. El IP6 puede ser configurado para controlar los niveles de env\u00edo, panoramas y asignaci\u00f3n de m\u00faltiples canales a una mezcla espec\u00edfica en la dLive, por ejemplo, uno IEM, proporcionando a los m\u00fasicos la libertad de controlar el sonido des u propio monitor.<\/li>\n<li><strong>Instalaci\u00f3n<\/strong>. El instalador o integrador de sistemas puede configurar el IP6 para proporcionar el grado de control necesario para el usuario diario, por ejemplo, el nivel de los micr\u00f3fonos y las fuentes de m\u00fasica en la sala.<\/li>\n<\/ul>\n<ul>\n<li>6 Codificadores pulsadores rotativos<\/li>\n<li>6 Capas<\/li>\n<li>PoE o fuente de alimentaci\u00f3n 12 V externa (suministrada)<\/li>\n<li>Soporte para pie de micr\u00f3fono opcional (AB8999)<\/li>\n<li>Soporte opcional para auriculares (AB8705)<\/li>\n<\/ul>\n<\/div>\n<\/div>\n","protected":false},"excerpt":{"rendered":"<h3>Controlador remoto para dLive<\/h3>\n<ul class='summary'>\n<li>Utilizaci\u00f3n para instalaciones o monitorizaci\u00f3n personal<\/li>\n<li>6 Codificadores pulsadores rotativos<\/li>\n<li>6 Capas<\/li>\n<\/ul>\n","protected":false},"featured_media":9638,"template":"","meta":{"_acf_changed":false},"product_brand":[],"product_cat":[1493,1494,1501,1490,2350,1513,1495],"product_tag":[],"class_list":{"0":"post-13972","1":"product","2":"type-product","3":"status-publish","4":"has-post-thumbnail","6":"product_cat-mesas-de-mezclas-allen-heath","7":"product_cat-mesas-de-mezclas-para-directo-mesas-de-mezclas-allen-heath","8":"product_cat-paneles-de-control","9":"product_cat-por-series-allen-heath","10":"product_cat-serie-ip","11":"product_cat-serie-dlive-c-class","12":"product_cat-serie-dlive-s-class","13":"product_series-serie-dlive-c-class","14":"product_series-serie-dlive-s-class","15":"product_series-serie-ip","17":"first","18":"instock","19":"shipping-taxable","20":"product-type-simple"},"acf":[],"yoast_head":"<!-- This site is optimized with the Yoast SEO plugin v27.1.1 - https:\/\/yoast.com\/product\/yoast-seo-wordpress\/ -->\n<title>IP6 - Audio-Technica Iberia<\/title>\n<meta name=\"robots\" content=\"index, follow, max-snippet:-1, max-image-preview:large, max-video-preview:-1\" \/>\n<link rel=\"canonical\" href=\"https:\/\/distribution.audio-technica.eu\/es-es\/productos\/ip6\/\" \/>\n<meta property=\"og:locale\" content=\"es_ES\" \/>\n<meta property=\"og:type\" content=\"article\" \/>\n<meta property=\"og:title\" content=\"IP6 - Audio-Technica Iberia\" \/>\n<meta property=\"og:description\" content=\"Controlador remoto para dLiveUtilizaci\u00f3n para instalaciones o monitorizaci\u00f3n personal6 Codificadores pulsadores rotativos6 Capas\" \/>\n<meta property=\"og:url\" content=\"https:\/\/distribution.audio-technica.eu\/es-es\/productos\/ip6\/\" \/>\n<meta property=\"og:site_name\" content=\"Audio-Technica Iberia\" \/>\n<meta property=\"article:modified_time\" content=\"2023-07-13T11:30:56+00:00\" \/>\n<meta property=\"og:image\" content=\"https:\/\/distribution.audio-technica.eu\/app\/uploads\/sites\/2\/Allen-Heath-IP-6-1.jpg\" \/>\n\t<meta property=\"og:image:width\" content=\"1000\" \/>\n\t<meta property=\"og:image:height\" content=\"1000\" \/>\n\t<meta property=\"og:image:type\" content=\"image\/jpeg\" \/>\n<meta name=\"twitter:card\" content=\"summary_large_image\" \/>\n<meta name=\"twitter:label1\" content=\"Tiempo de lectura\" \/>\n\t<meta name=\"twitter:data1\" content=\"1 minuto\" \/>\n<script type=\"application\/ld+json\" class=\"yoast-schema-graph\">{\"@context\":\"https:\/\/schema.org\",\"@graph\":[{\"@type\":\"WebPage\",\"@id\":\"https:\/\/distribution.audio-technica.eu\/es-es\/productos\/ip6\/\",\"url\":\"https:\/\/distribution.audio-technica.eu\/es-es\/productos\/ip6\/\",\"name\":\"IP6 - Audio-Technica Iberia\",\"isPartOf\":{\"@id\":\"https:\/\/distribution.audio-technica.eu\/es-es\/#website\"},\"primaryImageOfPage\":{\"@id\":\"https:\/\/distribution.audio-technica.eu\/es-es\/productos\/ip6\/#primaryimage\"},\"image\":{\"@id\":\"https:\/\/distribution.audio-technica.eu\/es-es\/productos\/ip6\/#primaryimage\"},\"thumbnailUrl\":\"\/app\/uploads\/sites\/2\/Allen-Heath-IP-6-1.jpg\",\"datePublished\":\"2018-07-12T12:30:21+00:00\",\"dateModified\":\"2023-07-13T11:30:56+00:00\",\"breadcrumb\":{\"@id\":\"https:\/\/distribution.audio-technica.eu\/es-es\/productos\/ip6\/#breadcrumb\"},\"inLanguage\":\"es\",\"potentialAction\":[{\"@type\":\"ReadAction\",\"target\":[\"https:\/\/distribution.audio-technica.eu\/es-es\/productos\/ip6\/\"]}]},{\"@type\":\"ImageObject\",\"inLanguage\":\"es\",\"@id\":\"https:\/\/distribution.audio-technica.eu\/es-es\/productos\/ip6\/#primaryimage\",\"url\":\"\/app\/uploads\/sites\/2\/Allen-Heath-IP-6-1.jpg\",\"contentUrl\":\"\/app\/uploads\/sites\/2\/Allen-Heath-IP-6-1.jpg\",\"width\":1000,\"height\":1000},{\"@type\":\"BreadcrumbList\",\"@id\":\"https:\/\/distribution.audio-technica.eu\/es-es\/productos\/ip6\/#breadcrumb\",\"itemListElement\":[{\"@type\":\"ListItem\",\"position\":1,\"name\":\"Products\",\"item\":\"https:\/\/distribution.audio-technica.eu\/es-es\/\"},{\"@type\":\"ListItem\",\"position\":2,\"name\":\"Productos\",\"item\":\"https:\/\/distribution.audio-technica.eu\/es-es\/productos\/\"},{\"@type\":\"ListItem\",\"position\":3,\"name\":\"IP6\"}]},{\"@type\":\"WebSite\",\"@id\":\"https:\/\/distribution.audio-technica.eu\/es-es\/#website\",\"url\":\"https:\/\/distribution.audio-technica.eu\/es-es\/\",\"name\":\"Audio-Technica Iberia\",\"description\":\"Distribuci\u00f3n\",\"potentialAction\":[{\"@type\":\"SearchAction\",\"target\":{\"@type\":\"EntryPoint\",\"urlTemplate\":\"https:\/\/distribution.audio-technica.eu\/es-es\/?s={search_term_string}\"},\"query-input\":{\"@type\":\"PropertyValueSpecification\",\"valueRequired\":true,\"valueName\":\"search_term_string\"}}],\"inLanguage\":\"es\"}]}<\/script>\n<!-- \/ Yoast SEO plugin. -->","yoast_head_json":{"title":"IP6 - Audio-Technica Iberia","robots":{"index":"index","follow":"follow","max-snippet":"max-snippet:-1","max-image-preview":"max-image-preview:large","max-video-preview":"max-video-preview:-1"},"canonical":"https:\/\/distribution.audio-technica.eu\/es-es\/productos\/ip6\/","og_locale":"es_ES","og_type":"article","og_title":"IP6 - Audio-Technica Iberia","og_description":"Controlador remoto para dLiveUtilizaci\u00f3n para instalaciones o monitorizaci\u00f3n personal6 Codificadores pulsadores rotativos6 Capas","og_url":"https:\/\/distribution.audio-technica.eu\/es-es\/productos\/ip6\/","og_site_name":"Audio-Technica Iberia","article_modified_time":"2023-07-13T11:30:56+00:00","og_image":[{"width":1000,"height":1000,"url":"https:\/\/distribution.audio-technica.eu\/app\/uploads\/sites\/2\/Allen-Heath-IP-6-1.jpg","type":"image\/jpeg"}],"twitter_card":"summary_large_image","twitter_misc":{"Tiempo de lectura":"1 minuto"},"schema":{"@context":"https:\/\/schema.org","@graph":[{"@type":"WebPage","@id":"https:\/\/distribution.audio-technica.eu\/es-es\/productos\/ip6\/","url":"https:\/\/distribution.audio-technica.eu\/es-es\/productos\/ip6\/","name":"IP6 - Audio-Technica Iberia","isPartOf":{"@id":"https:\/\/distribution.audio-technica.eu\/es-es\/#website"},"primaryImageOfPage":{"@id":"https:\/\/distribution.audio-technica.eu\/es-es\/productos\/ip6\/#primaryimage"},"image":{"@id":"https:\/\/distribution.audio-technica.eu\/es-es\/productos\/ip6\/#primaryimage"},"thumbnailUrl":"\/app\/uploads\/sites\/2\/Allen-Heath-IP-6-1.jpg","datePublished":"2018-07-12T12:30:21+00:00","dateModified":"2023-07-13T11:30:56+00:00","breadcrumb":{"@id":"https:\/\/distribution.audio-technica.eu\/es-es\/productos\/ip6\/#breadcrumb"},"inLanguage":"es","potentialAction":[{"@type":"ReadAction","target":["https:\/\/distribution.audio-technica.eu\/es-es\/productos\/ip6\/"]}]},{"@type":"ImageObject","inLanguage":"es","@id":"https:\/\/distribution.audio-technica.eu\/es-es\/productos\/ip6\/#primaryimage","url":"\/app\/uploads\/sites\/2\/Allen-Heath-IP-6-1.jpg","contentUrl":"\/app\/uploads\/sites\/2\/Allen-Heath-IP-6-1.jpg","width":1000,"height":1000},{"@type":"BreadcrumbList","@id":"https:\/\/distribution.audio-technica.eu\/es-es\/productos\/ip6\/#breadcrumb","itemListElement":[{"@type":"ListItem","position":1,"name":"Products","item":"https:\/\/distribution.audio-technica.eu\/es-es\/"},{"@type":"ListItem","position":2,"name":"Productos","item":"https:\/\/distribution.audio-technica.eu\/es-es\/productos\/"},{"@type":"ListItem","position":3,"name":"IP6"}]},{"@type":"WebSite","@id":"https:\/\/distribution.audio-technica.eu\/es-es\/#website","url":"https:\/\/distribution.audio-technica.eu\/es-es\/","name":"Audio-Technica Iberia","description":"Distribuci\u00f3n","potentialAction":[{"@type":"SearchAction","target":{"@type":"EntryPoint","urlTemplate":"https:\/\/distribution.audio-technica.eu\/es-es\/?s={search_term_string}"},"query-input":{"@type":"PropertyValueSpecification","valueRequired":true,"valueName":"search_term_string"}}],"inLanguage":"es"}]}},"_links":{"self":[{"href":"https:\/\/distribution.audio-technica.eu\/es-es\/wp-json\/wp\/v2\/product\/13972","targetHints":{"allow":["GET"]}}],"collection":[{"href":"https:\/\/distribution.audio-technica.eu\/es-es\/wp-json\/wp\/v2\/product"}],"about":[{"href":"https:\/\/distribution.audio-technica.eu\/es-es\/wp-json\/wp\/v2\/types\/product"}],"wp:featuredmedia":[{"embeddable":true,"href":"https:\/\/distribution.audio-technica.eu\/es-es\/wp-json\/wp\/v2\/media\/9638"}],"wp:attachment":[{"href":"https:\/\/distribution.audio-technica.eu\/es-es\/wp-json\/wp\/v2\/media?parent=13972"}],"wp:term":[{"taxonomy":"product_brand","embeddable":true,"href":"https:\/\/distribution.audio-technica.eu\/es-es\/wp-json\/wp\/v2\/product_brand?post=13972"},{"taxonomy":"product_cat","embeddable":true,"href":"https:\/\/distribution.audio-technica.eu\/es-es\/wp-json\/wp\/v2\/product_cat?post=13972"},{"taxonomy":"product_tag","embeddable":true,"href":"https:\/\/distribution.audio-technica.eu\/es-es\/wp-json\/wp\/v2\/product_tag?post=13972"}],"curies":[{"name":"wp","href":"https:\/\/api.w.org\/{rel}","templated":true}]}}