{"id":13978,"date":"2018-07-12T14:30:22","date_gmt":"2018-07-12T12:30:22","guid":{"rendered":"https:\/\/atdb-production.studiograft.dev\/es\/product\/import-placeholder-for-1054\/"},"modified":"2023-07-13T13:33:46","modified_gmt":"2023-07-13T11:33:46","slug":"1238ac-sam","status":"publish","type":"product","link":"https:\/\/distribution.audio-technica.eu\/es-es\/productos\/1238ac-sam\/","title":{"rendered":"1238AC"},"content":{"rendered":"<h2>1238AC<\/h2>\n<h3>Monitor activo SAM de 3 v\u00edas, 10&#8243;, para canal central<\/h3>\n<p>Incorporando las tecnolog\u00edas AutoCal y GLM, el delgado y compacto monitor de estudio 1238AC SAM es un sistema espec\u00edfico de canal central que incorpora amplificaci\u00f3n en clase D.<\/p>\n<p>El monitor de estudio 1238AC es ideal para ser utilizado como monitor de canal central en salas de producci\u00f3n donde existe un espacio limitado alrededor de un monitor de v\u00eddeo o una ventana de visualizaci\u00f3n del estudio. Utiliza las avanzadas tecnolog\u00edas AutoCal y Genelec Loudspeaker Manager (GLM). El sistema GLM es capaz de alinear de forma autom\u00e1tica cada uno de los monitores presentes en la red en cuanto a nivel, temporizaci\u00f3n y ecualizaci\u00f3n de las anomal\u00edas en la respuesta de la sala. Normalmente se monta empotrado, y cuenta con un gu\u00eda ondas Directivity Control Waveguide (DCW) que proporciona una precisa imagen tanto dentro como fuera del eje, incluso en entornos ac\u00fasticos complejos.<\/p>\n<p>El 1238AC es la opci\u00f3n perfecta para aplicaciones multicanal en estudios de grabaci\u00f3n de m\u00fasica, cine y post producci\u00f3n de v\u00eddeo, as\u00ed como en instalaciones de broadcast.<\/p>\n<ul>\n<li>Dise\u00f1o ac\u00fastico de 3 v\u00edas.<\/li>\n<li>Tecnolog\u00eda AutoCal para la calibraci\u00f3n automatizada para optimizar la respuesta del sistema<\/li>\n<li>RAM-L: M\u00f3dulo amplificador integrado, de r\u00e1pida configuraci\u00f3n, que tambi\u00e9n puede ser instalado en rack<\/li>\n<li>DCW: Advanced Directivity Control Waveguide que ofrece un mejor balanceado, eficiencia e imagen sonora<\/li>\n<li>Amplificadores clase D: Amplificaci\u00f3n altamente eficiente para LF y MF<\/li>\n<li>Amplificador clase AB: Amplificador espec\u00edfico para el tweeter, con una ancho de banda extremadamente amplio<\/li>\n<li>Transductores: 2&#215;10&#8243;, 1&#215;5&#8243;, 1&#215;1&#8243; DCW<\/li>\n<li>Potencia amp.: Graves 500W Medios 250W Agudos 200W<\/li>\n<li>Conexiones: 1 x XLR entrada anal\u00f3gica, 1x XLR entrada \/ salida AES EBU, 2 x RJ45 red control<\/li>\n<\/ul>\n","protected":false},"excerpt":{"rendered":"<h3>Monitor activo SAM de 3 v\u00edas, 10&#8243;, para canal central<\/h3>\n<ul class=\"summary\">\n<li>Transductores: 1&#215;15&#8243;, 1&#215;5&#8243;, 1&#215;1&#8243; DCW<\/li>\n<li>Potencia amp.: Graves 500W Medios 250W Agudos 200W<\/li>\n<li>Conexiones: E\/S XLR AES\/EBU, entrada anal\u00f3gica XLR, 2 x RJ45 red control<\/li>\n<li>Amplificador RAM-L de 3RU con amplificadores de clase D y AB<\/li>\n<li>Compatible GLM y AutoCal<\/li>\n<\/ul>\n","protected":false},"featured_media":11022,"template":"","meta":{"_acf_changed":false},"product_brand":[],"product_cat":[1394,1395,1396],"product_tag":[],"class_list":{"0":"post-13978","1":"product","2":"type-product","3":"status-publish","4":"has-post-thumbnail","6":"product_cat-monitores-de-estudio","7":"product_cat-por-series-genelec","8":"product_cat-serie-sam","9":"product_series-serie-sam","11":"first","12":"instock","13":"shipping-taxable","14":"product-type-simple"},"acf":[],"yoast_head":"<!-- This site is optimized with the Yoast SEO plugin v27.1.1 - https:\/\/yoast.com\/product\/yoast-seo-wordpress\/ -->\n<title>1238AC - Audio-Technica Iberia<\/title>\n<meta name=\"robots\" content=\"index, follow, max-snippet:-1, max-image-preview:large, max-video-preview:-1\" \/>\n<link rel=\"canonical\" href=\"https:\/\/distribution.audio-technica.eu\/es-es\/productos\/1238ac-sam\/\" \/>\n<meta property=\"og:locale\" content=\"es_ES\" \/>\n<meta property=\"og:type\" content=\"article\" \/>\n<meta property=\"og:title\" content=\"1238AC - Audio-Technica Iberia\" \/>\n<meta property=\"og:description\" content=\"Monitor activo SAM de 3 v\u00edas, 10&quot;, para canal central  Transductores: 1x15&quot;, 1x5&quot;, 1x1&quot; DCW  Potencia amp.: Graves 500W Medios 250W Agudos 200W  Conexiones: E\/S XLR AES\/EBU, entrada anal\u00f3gica XLR, 2 x RJ45 red control  Amplificador RAM-L de 3RU con amplificadores de clase D y AB  Compatible GLM y AutoCal\" \/>\n<meta property=\"og:url\" content=\"https:\/\/distribution.audio-technica.eu\/es-es\/productos\/1238ac-sam\/\" \/>\n<meta property=\"og:site_name\" content=\"Audio-Technica Iberia\" \/>\n<meta property=\"article:modified_time\" content=\"2023-07-13T11:33:46+00:00\" \/>\n<meta property=\"og:image\" content=\"https:\/\/distribution.audio-technica.eu\/app\/uploads\/sites\/2\/Genelec-1238AC-vert-right-1.jpg\" \/>\n\t<meta property=\"og:image:width\" content=\"1000\" \/>\n\t<meta property=\"og:image:height\" content=\"1000\" \/>\n\t<meta property=\"og:image:type\" content=\"image\/jpeg\" \/>\n<meta name=\"twitter:card\" content=\"summary_large_image\" \/>\n<meta name=\"twitter:label1\" content=\"Tiempo de lectura\" \/>\n\t<meta name=\"twitter:data1\" content=\"2 minutos\" \/>\n<script type=\"application\/ld+json\" class=\"yoast-schema-graph\">{\"@context\":\"https:\/\/schema.org\",\"@graph\":[{\"@type\":\"WebPage\",\"@id\":\"https:\/\/distribution.audio-technica.eu\/es-es\/productos\/1238ac-sam\/\",\"url\":\"https:\/\/distribution.audio-technica.eu\/es-es\/productos\/1238ac-sam\/\",\"name\":\"1238AC - Audio-Technica Iberia\",\"isPartOf\":{\"@id\":\"https:\/\/distribution.audio-technica.eu\/es-es\/#website\"},\"primaryImageOfPage\":{\"@id\":\"https:\/\/distribution.audio-technica.eu\/es-es\/productos\/1238ac-sam\/#primaryimage\"},\"image\":{\"@id\":\"https:\/\/distribution.audio-technica.eu\/es-es\/productos\/1238ac-sam\/#primaryimage\"},\"thumbnailUrl\":\"\/app\/uploads\/sites\/2\/Genelec-1238AC-vert-right-1.jpg\",\"datePublished\":\"2018-07-12T12:30:22+00:00\",\"dateModified\":\"2023-07-13T11:33:46+00:00\",\"breadcrumb\":{\"@id\":\"https:\/\/distribution.audio-technica.eu\/es-es\/productos\/1238ac-sam\/#breadcrumb\"},\"inLanguage\":\"es\",\"potentialAction\":[{\"@type\":\"ReadAction\",\"target\":[\"https:\/\/distribution.audio-technica.eu\/es-es\/productos\/1238ac-sam\/\"]}]},{\"@type\":\"ImageObject\",\"inLanguage\":\"es\",\"@id\":\"https:\/\/distribution.audio-technica.eu\/es-es\/productos\/1238ac-sam\/#primaryimage\",\"url\":\"\/app\/uploads\/sites\/2\/Genelec-1238AC-vert-right-1.jpg\",\"contentUrl\":\"\/app\/uploads\/sites\/2\/Genelec-1238AC-vert-right-1.jpg\",\"width\":1000,\"height\":1000},{\"@type\":\"BreadcrumbList\",\"@id\":\"https:\/\/distribution.audio-technica.eu\/es-es\/productos\/1238ac-sam\/#breadcrumb\",\"itemListElement\":[{\"@type\":\"ListItem\",\"position\":1,\"name\":\"Products\",\"item\":\"https:\/\/distribution.audio-technica.eu\/es-es\/\"},{\"@type\":\"ListItem\",\"position\":2,\"name\":\"Productos\",\"item\":\"https:\/\/distribution.audio-technica.eu\/es-es\/productos\/\"},{\"@type\":\"ListItem\",\"position\":3,\"name\":\"1238AC\"}]},{\"@type\":\"WebSite\",\"@id\":\"https:\/\/distribution.audio-technica.eu\/es-es\/#website\",\"url\":\"https:\/\/distribution.audio-technica.eu\/es-es\/\",\"name\":\"Audio-Technica Iberia\",\"description\":\"Distribuci\u00f3n\",\"potentialAction\":[{\"@type\":\"SearchAction\",\"target\":{\"@type\":\"EntryPoint\",\"urlTemplate\":\"https:\/\/distribution.audio-technica.eu\/es-es\/?s={search_term_string}\"},\"query-input\":{\"@type\":\"PropertyValueSpecification\",\"valueRequired\":true,\"valueName\":\"search_term_string\"}}],\"inLanguage\":\"es\"}]}<\/script>\n<!-- \/ Yoast SEO plugin. -->","yoast_head_json":{"title":"1238AC - Audio-Technica Iberia","robots":{"index":"index","follow":"follow","max-snippet":"max-snippet:-1","max-image-preview":"max-image-preview:large","max-video-preview":"max-video-preview:-1"},"canonical":"https:\/\/distribution.audio-technica.eu\/es-es\/productos\/1238ac-sam\/","og_locale":"es_ES","og_type":"article","og_title":"1238AC - Audio-Technica Iberia","og_description":"Monitor activo SAM de 3 v\u00edas, 10\", para canal central  Transductores: 1x15\", 1x5\", 1x1\" DCW  Potencia amp.: Graves 500W Medios 250W Agudos 200W  Conexiones: E\/S XLR AES\/EBU, entrada anal\u00f3gica XLR, 2 x RJ45 red control  Amplificador RAM-L de 3RU con amplificadores de clase D y AB  Compatible GLM y AutoCal","og_url":"https:\/\/distribution.audio-technica.eu\/es-es\/productos\/1238ac-sam\/","og_site_name":"Audio-Technica Iberia","article_modified_time":"2023-07-13T11:33:46+00:00","og_image":[{"width":1000,"height":1000,"url":"https:\/\/distribution.audio-technica.eu\/app\/uploads\/sites\/2\/Genelec-1238AC-vert-right-1.jpg","type":"image\/jpeg"}],"twitter_card":"summary_large_image","twitter_misc":{"Tiempo de lectura":"2 minutos"},"schema":{"@context":"https:\/\/schema.org","@graph":[{"@type":"WebPage","@id":"https:\/\/distribution.audio-technica.eu\/es-es\/productos\/1238ac-sam\/","url":"https:\/\/distribution.audio-technica.eu\/es-es\/productos\/1238ac-sam\/","name":"1238AC - Audio-Technica Iberia","isPartOf":{"@id":"https:\/\/distribution.audio-technica.eu\/es-es\/#website"},"primaryImageOfPage":{"@id":"https:\/\/distribution.audio-technica.eu\/es-es\/productos\/1238ac-sam\/#primaryimage"},"image":{"@id":"https:\/\/distribution.audio-technica.eu\/es-es\/productos\/1238ac-sam\/#primaryimage"},"thumbnailUrl":"\/app\/uploads\/sites\/2\/Genelec-1238AC-vert-right-1.jpg","datePublished":"2018-07-12T12:30:22+00:00","dateModified":"2023-07-13T11:33:46+00:00","breadcrumb":{"@id":"https:\/\/distribution.audio-technica.eu\/es-es\/productos\/1238ac-sam\/#breadcrumb"},"inLanguage":"es","potentialAction":[{"@type":"ReadAction","target":["https:\/\/distribution.audio-technica.eu\/es-es\/productos\/1238ac-sam\/"]}]},{"@type":"ImageObject","inLanguage":"es","@id":"https:\/\/distribution.audio-technica.eu\/es-es\/productos\/1238ac-sam\/#primaryimage","url":"\/app\/uploads\/sites\/2\/Genelec-1238AC-vert-right-1.jpg","contentUrl":"\/app\/uploads\/sites\/2\/Genelec-1238AC-vert-right-1.jpg","width":1000,"height":1000},{"@type":"BreadcrumbList","@id":"https:\/\/distribution.audio-technica.eu\/es-es\/productos\/1238ac-sam\/#breadcrumb","itemListElement":[{"@type":"ListItem","position":1,"name":"Products","item":"https:\/\/distribution.audio-technica.eu\/es-es\/"},{"@type":"ListItem","position":2,"name":"Productos","item":"https:\/\/distribution.audio-technica.eu\/es-es\/productos\/"},{"@type":"ListItem","position":3,"name":"1238AC"}]},{"@type":"WebSite","@id":"https:\/\/distribution.audio-technica.eu\/es-es\/#website","url":"https:\/\/distribution.audio-technica.eu\/es-es\/","name":"Audio-Technica Iberia","description":"Distribuci\u00f3n","potentialAction":[{"@type":"SearchAction","target":{"@type":"EntryPoint","urlTemplate":"https:\/\/distribution.audio-technica.eu\/es-es\/?s={search_term_string}"},"query-input":{"@type":"PropertyValueSpecification","valueRequired":true,"valueName":"search_term_string"}}],"inLanguage":"es"}]}},"_links":{"self":[{"href":"https:\/\/distribution.audio-technica.eu\/es-es\/wp-json\/wp\/v2\/product\/13978","targetHints":{"allow":["GET"]}}],"collection":[{"href":"https:\/\/distribution.audio-technica.eu\/es-es\/wp-json\/wp\/v2\/product"}],"about":[{"href":"https:\/\/distribution.audio-technica.eu\/es-es\/wp-json\/wp\/v2\/types\/product"}],"wp:featuredmedia":[{"embeddable":true,"href":"https:\/\/distribution.audio-technica.eu\/es-es\/wp-json\/wp\/v2\/media\/11022"}],"wp:attachment":[{"href":"https:\/\/distribution.audio-technica.eu\/es-es\/wp-json\/wp\/v2\/media?parent=13978"}],"wp:term":[{"taxonomy":"product_brand","embeddable":true,"href":"https:\/\/distribution.audio-technica.eu\/es-es\/wp-json\/wp\/v2\/product_brand?post=13978"},{"taxonomy":"product_cat","embeddable":true,"href":"https:\/\/distribution.audio-technica.eu\/es-es\/wp-json\/wp\/v2\/product_cat?post=13978"},{"taxonomy":"product_tag","embeddable":true,"href":"https:\/\/distribution.audio-technica.eu\/es-es\/wp-json\/wp\/v2\/product_tag?post=13978"}],"curies":[{"name":"wp","href":"https:\/\/api.w.org\/{rel}","templated":true}]}}