{"id":13980,"date":"2018-07-12T14:30:22","date_gmt":"2018-07-12T12:30:22","guid":{"rendered":"https:\/\/atdb-production.studiograft.dev\/es\/product\/import-placeholder-for-1056\/"},"modified":"2023-07-13T13:33:45","modified_gmt":"2023-07-13T11:33:45","slug":"1238df-sam","status":"publish","type":"product","link":"https:\/\/distribution.audio-technica.eu\/es-es\/productos\/1238df-sam\/","title":{"rendered":"1238DF"},"content":{"rendered":"<h2>1238DF<\/h2>\n<h3>Monitor activo SAM de 3 v\u00edas, 2&#215;8&#8243;<\/h3>\n<p>El 1238DF es un sistema de monitorizaci\u00f3n triamplificada para estudio, dise\u00f1ado para ser utilizado con un subgrave complementario.<br \/>\nEl 1238DF est\u00e1 basado en el exitoso dise\u00f1o electro ac\u00fastico del 1238DF, combinado con el avanzado Sistema AutoCal y la tecnolog\u00eda de control en red Genelec Loudspeaker Manager (GLM). GLM permite alinear autom\u00e1ticamente cada monitor presente en la red, en cuanto a nivel, temporizaci\u00f3n y ecualizaci\u00f3n de las anomal\u00edas en la respuesta de la sala. Normalmente, se monta empotrado, y cuenta con el Directivity Control Waveguide (DCW), que proporciona un \u00e1rea de escucha amplia y controlada, minimizando las primeras reflexiones para conseguir una reproducci\u00f3n sonora extremadamente precisa tanto dentro como fuera del eje. El M\u00f3dulo de Amplificaci\u00f3n Remota RAM L dispone de la electr\u00f3nica m\u00e1s avanzada para conseguir una monitorizaci\u00f3n de la m\u00e1xima calidad.<br \/>\nLa unidad cuenta con amplificadores optimizados y crossovers activos; cada transductor cuenta con su propio amplificador optimizado.<br \/>\nEl software GLM 2.0 es un sistema de control en red muy potente e intuitivo que se encarga de manejar la conectividad de todos los monitores de estudio y subgraves SAM presentes en una red -hasta 30-. El software GLM 2.0 incluye ajuste de niveles, distancias de retardo y ecualizaci\u00f3n de compensaci\u00f3n de la ac\u00fastica de la sala, y del avanzado sistema de calibraci\u00f3n autom\u00e1tico AutoCal. Todos los par\u00e1metros y ajustes son almacenados en los archivos de configuraci\u00f3n del sistema o guardados individualmente en cada monitor y subgrave, si la red GLM necesita ser desconectada.<br \/>\nAdem\u00e1s, todas las caracter\u00edsticas ac\u00fasticas de los sistemas SAM pueden ser optimizadas para diferentes estilos de trabajo o para satisfacer las demandas de los clientes. Incluso en el caso de que los monitores sean cambiados de habitaci\u00f3n, podr\u00e1 esperar que la tecnolog\u00eda SAM consiga en todo momento un monitoraje de la m\u00e1xima calidad, proporcionando un sonido neutro con una baj\u00edsima distorsi\u00f3n.<br \/>\nLa tecnolog\u00eda DCW proyecta un frente de onda de forma totalmente controlada, permitiendo una configuraci\u00f3n predecible del patr\u00f3n de directividad (dispersi\u00f3n). Para conseguir una directividad uniforme y suave, el objetivo es reducir el \u00e1ngulo de radiaci\u00f3n, de forma que se reduzca la radiaci\u00f3n par\u00e1sita. Esto da como resultado una respuesta en general excepcionalmente plana, as\u00ed como una respuesta en potencia uniforme.<br \/>\nLa avanzada tecnolog\u00eda DCW minimiza las primeras reflexiones y proporciona un \u00e1rea de escucha amplia y controlada, consiguiendo un precisa reproducci\u00f3n sonora tanto dentro como fuera del eje.<br \/>\nLa circuiter\u00eda Intelligent Signal Sensing, ISS, monitoriza la se\u00f1al de entrada al altavoz y detecta si \u00e9ste se est\u00e1 utilizando. Si el circuito ISS no detecta se\u00f1al de audio en la entrada durante un cierto per\u00edodo de tiempo, coloca al altavoz en un estado de reposo, de bajo consume, en el que solo consume 0,5 W. Cuando se detecta una se\u00f1al de entrada, el altavoz se vuelve a activar de forma inmediata.<br \/>\nEl 1238DF es perfecto para estudios de grabaci\u00f3n de m\u00fasica, post producci\u00f3n de cine y v\u00eddeo, instalaciones de broadcast y salas de masterizaci\u00f3n.<\/p>\n<ul>\n<li>Dise\u00f1o ac\u00fastico de 3 v\u00edas.<\/li>\n<li>Tecnolog\u00eda AutoCal para la calibraci\u00f3n automatizada para optimizar la respuesta del sistema<\/li>\n<li>RAM-L: M\u00f3dulo amplificador integrado, de r\u00e1pida configuraci\u00f3n, que tambi\u00e9n puede ser instalado en rack<\/li>\n<li>DCW: Advanced Directivity Control Waveguide que ofrece un mejor balanceado, eficiencia e imagen sonora<\/li>\n<li>Amplificadores clase D: Amplificaci\u00f3n altamente eficiente para LF y MF<\/li>\n<li>Amplificador clase AB: Amplificador espec\u00edfico para el tweeter, con una ancho de banda extremadamente amplio<\/li>\n<li>Dise\u00f1o ac\u00fastico de 3 v\u00edas.<\/li>\n<li>Tecnolog\u00eda AutoCal para la calibraci\u00f3n automatizada para optimizar la respuesta del sistema<\/li>\n<li>Transductores: 2&#215;8&#8243;, 1&#215;5&#8243;, 1&#215;1&#8243; DCW<\/li>\n<li>Potencia amp.: Graves 500W Medios 250W Agudos 200W<\/li>\n<li>Conexiones: 1 x XLR entrada anal\u00f3gica, 1x XLR entrada \/ salida AES EBU, 2 x RJ45 red control<\/li>\n<\/ul>\n","protected":false},"excerpt":{"rendered":"<h3>Monitor activo SAM de 3 v\u00edas, 2&#215;8&#8243;<\/h3>\n<ul class=\"summary\">\n<li>Transductores: 2&#215;8&#8243;, 1&#215;5&#8243;, 1&#215;1&#8243; DCW<\/li>\n<li>Potencia amp.: Graves 500W Medios 250W Agudos 200W<\/li>\n<li>Conexiones: E\/S XLR AES\/EBU, entrada anal\u00f3gica XLR, 2 x RJ45 red control<\/li>\n<li>Compatible GLM y AutoCal<\/li>\n<\/ul>\n","protected":false},"featured_media":11028,"template":"","meta":{"_acf_changed":false},"product_brand":[],"product_cat":[1394,1395,1396],"product_tag":[],"class_list":{"0":"post-13980","1":"product","2":"type-product","3":"status-publish","4":"has-post-thumbnail","6":"product_cat-monitores-de-estudio","7":"product_cat-por-series-genelec","8":"product_cat-serie-sam","9":"product_series-serie-sam","11":"first","12":"instock","13":"shipping-taxable","14":"product-type-simple"},"acf":[],"yoast_head":"<!-- This site is optimized with the Yoast SEO plugin v27.1.1 - https:\/\/yoast.com\/product\/yoast-seo-wordpress\/ -->\n<title>1238DF - Audio-Technica Iberia<\/title>\n<meta name=\"robots\" content=\"index, follow, max-snippet:-1, max-image-preview:large, max-video-preview:-1\" \/>\n<link rel=\"canonical\" href=\"https:\/\/distribution.audio-technica.eu\/es-es\/productos\/1238df-sam\/\" \/>\n<meta property=\"og:locale\" content=\"es_ES\" \/>\n<meta property=\"og:type\" content=\"article\" \/>\n<meta property=\"og:title\" content=\"1238DF - Audio-Technica Iberia\" \/>\n<meta property=\"og:description\" content=\"Monitor activo SAM de 3 v\u00edas, 2x8&quot;  Transductores: 2x8&quot;, 1x5&quot;, 1x1&quot; DCW  Potencia amp.: Graves 500W Medios 250W Agudos 200W  Conexiones: E\/S XLR AES\/EBU, entrada anal\u00f3gica XLR, 2 x RJ45 red control  Compatible GLM y AutoCal\" \/>\n<meta property=\"og:url\" content=\"https:\/\/distribution.audio-technica.eu\/es-es\/productos\/1238df-sam\/\" \/>\n<meta property=\"og:site_name\" content=\"Audio-Technica Iberia\" \/>\n<meta property=\"article:modified_time\" content=\"2023-07-13T11:33:45+00:00\" \/>\n<meta property=\"og:image\" content=\"https:\/\/distribution.audio-technica.eu\/app\/uploads\/sites\/2\/Genelec-1238DF-1.png\" \/>\n\t<meta property=\"og:image:width\" content=\"625\" \/>\n\t<meta property=\"og:image:height\" content=\"625\" \/>\n\t<meta property=\"og:image:type\" content=\"image\/png\" \/>\n<meta name=\"twitter:card\" content=\"summary_large_image\" \/>\n<meta name=\"twitter:label1\" content=\"Tiempo de lectura\" \/>\n\t<meta name=\"twitter:data1\" content=\"3 minutos\" \/>\n<script type=\"application\/ld+json\" class=\"yoast-schema-graph\">{\"@context\":\"https:\/\/schema.org\",\"@graph\":[{\"@type\":\"WebPage\",\"@id\":\"https:\/\/distribution.audio-technica.eu\/es-es\/productos\/1238df-sam\/\",\"url\":\"https:\/\/distribution.audio-technica.eu\/es-es\/productos\/1238df-sam\/\",\"name\":\"1238DF - Audio-Technica Iberia\",\"isPartOf\":{\"@id\":\"https:\/\/distribution.audio-technica.eu\/es-es\/#website\"},\"primaryImageOfPage\":{\"@id\":\"https:\/\/distribution.audio-technica.eu\/es-es\/productos\/1238df-sam\/#primaryimage\"},\"image\":{\"@id\":\"https:\/\/distribution.audio-technica.eu\/es-es\/productos\/1238df-sam\/#primaryimage\"},\"thumbnailUrl\":\"\/app\/uploads\/sites\/2\/Genelec-1238DF-1.png\",\"datePublished\":\"2018-07-12T12:30:22+00:00\",\"dateModified\":\"2023-07-13T11:33:45+00:00\",\"breadcrumb\":{\"@id\":\"https:\/\/distribution.audio-technica.eu\/es-es\/productos\/1238df-sam\/#breadcrumb\"},\"inLanguage\":\"es\",\"potentialAction\":[{\"@type\":\"ReadAction\",\"target\":[\"https:\/\/distribution.audio-technica.eu\/es-es\/productos\/1238df-sam\/\"]}]},{\"@type\":\"ImageObject\",\"inLanguage\":\"es\",\"@id\":\"https:\/\/distribution.audio-technica.eu\/es-es\/productos\/1238df-sam\/#primaryimage\",\"url\":\"\/app\/uploads\/sites\/2\/Genelec-1238DF-1.png\",\"contentUrl\":\"\/app\/uploads\/sites\/2\/Genelec-1238DF-1.png\",\"width\":625,\"height\":625},{\"@type\":\"BreadcrumbList\",\"@id\":\"https:\/\/distribution.audio-technica.eu\/es-es\/productos\/1238df-sam\/#breadcrumb\",\"itemListElement\":[{\"@type\":\"ListItem\",\"position\":1,\"name\":\"Products\",\"item\":\"https:\/\/distribution.audio-technica.eu\/es-es\/\"},{\"@type\":\"ListItem\",\"position\":2,\"name\":\"Productos\",\"item\":\"https:\/\/distribution.audio-technica.eu\/es-es\/productos\/\"},{\"@type\":\"ListItem\",\"position\":3,\"name\":\"1238DF\"}]},{\"@type\":\"WebSite\",\"@id\":\"https:\/\/distribution.audio-technica.eu\/es-es\/#website\",\"url\":\"https:\/\/distribution.audio-technica.eu\/es-es\/\",\"name\":\"Audio-Technica Iberia\",\"description\":\"Distribuci\u00f3n\",\"potentialAction\":[{\"@type\":\"SearchAction\",\"target\":{\"@type\":\"EntryPoint\",\"urlTemplate\":\"https:\/\/distribution.audio-technica.eu\/es-es\/?s={search_term_string}\"},\"query-input\":{\"@type\":\"PropertyValueSpecification\",\"valueRequired\":true,\"valueName\":\"search_term_string\"}}],\"inLanguage\":\"es\"}]}<\/script>\n<!-- \/ Yoast SEO plugin. -->","yoast_head_json":{"title":"1238DF - Audio-Technica Iberia","robots":{"index":"index","follow":"follow","max-snippet":"max-snippet:-1","max-image-preview":"max-image-preview:large","max-video-preview":"max-video-preview:-1"},"canonical":"https:\/\/distribution.audio-technica.eu\/es-es\/productos\/1238df-sam\/","og_locale":"es_ES","og_type":"article","og_title":"1238DF - Audio-Technica Iberia","og_description":"Monitor activo SAM de 3 v\u00edas, 2x8\"  Transductores: 2x8\", 1x5\", 1x1\" DCW  Potencia amp.: Graves 500W Medios 250W Agudos 200W  Conexiones: E\/S XLR AES\/EBU, entrada anal\u00f3gica XLR, 2 x RJ45 red control  Compatible GLM y AutoCal","og_url":"https:\/\/distribution.audio-technica.eu\/es-es\/productos\/1238df-sam\/","og_site_name":"Audio-Technica Iberia","article_modified_time":"2023-07-13T11:33:45+00:00","og_image":[{"width":625,"height":625,"url":"https:\/\/distribution.audio-technica.eu\/app\/uploads\/sites\/2\/Genelec-1238DF-1.png","type":"image\/png"}],"twitter_card":"summary_large_image","twitter_misc":{"Tiempo de lectura":"3 minutos"},"schema":{"@context":"https:\/\/schema.org","@graph":[{"@type":"WebPage","@id":"https:\/\/distribution.audio-technica.eu\/es-es\/productos\/1238df-sam\/","url":"https:\/\/distribution.audio-technica.eu\/es-es\/productos\/1238df-sam\/","name":"1238DF - Audio-Technica Iberia","isPartOf":{"@id":"https:\/\/distribution.audio-technica.eu\/es-es\/#website"},"primaryImageOfPage":{"@id":"https:\/\/distribution.audio-technica.eu\/es-es\/productos\/1238df-sam\/#primaryimage"},"image":{"@id":"https:\/\/distribution.audio-technica.eu\/es-es\/productos\/1238df-sam\/#primaryimage"},"thumbnailUrl":"\/app\/uploads\/sites\/2\/Genelec-1238DF-1.png","datePublished":"2018-07-12T12:30:22+00:00","dateModified":"2023-07-13T11:33:45+00:00","breadcrumb":{"@id":"https:\/\/distribution.audio-technica.eu\/es-es\/productos\/1238df-sam\/#breadcrumb"},"inLanguage":"es","potentialAction":[{"@type":"ReadAction","target":["https:\/\/distribution.audio-technica.eu\/es-es\/productos\/1238df-sam\/"]}]},{"@type":"ImageObject","inLanguage":"es","@id":"https:\/\/distribution.audio-technica.eu\/es-es\/productos\/1238df-sam\/#primaryimage","url":"\/app\/uploads\/sites\/2\/Genelec-1238DF-1.png","contentUrl":"\/app\/uploads\/sites\/2\/Genelec-1238DF-1.png","width":625,"height":625},{"@type":"BreadcrumbList","@id":"https:\/\/distribution.audio-technica.eu\/es-es\/productos\/1238df-sam\/#breadcrumb","itemListElement":[{"@type":"ListItem","position":1,"name":"Products","item":"https:\/\/distribution.audio-technica.eu\/es-es\/"},{"@type":"ListItem","position":2,"name":"Productos","item":"https:\/\/distribution.audio-technica.eu\/es-es\/productos\/"},{"@type":"ListItem","position":3,"name":"1238DF"}]},{"@type":"WebSite","@id":"https:\/\/distribution.audio-technica.eu\/es-es\/#website","url":"https:\/\/distribution.audio-technica.eu\/es-es\/","name":"Audio-Technica Iberia","description":"Distribuci\u00f3n","potentialAction":[{"@type":"SearchAction","target":{"@type":"EntryPoint","urlTemplate":"https:\/\/distribution.audio-technica.eu\/es-es\/?s={search_term_string}"},"query-input":{"@type":"PropertyValueSpecification","valueRequired":true,"valueName":"search_term_string"}}],"inLanguage":"es"}]}},"_links":{"self":[{"href":"https:\/\/distribution.audio-technica.eu\/es-es\/wp-json\/wp\/v2\/product\/13980","targetHints":{"allow":["GET"]}}],"collection":[{"href":"https:\/\/distribution.audio-technica.eu\/es-es\/wp-json\/wp\/v2\/product"}],"about":[{"href":"https:\/\/distribution.audio-technica.eu\/es-es\/wp-json\/wp\/v2\/types\/product"}],"wp:featuredmedia":[{"embeddable":true,"href":"https:\/\/distribution.audio-technica.eu\/es-es\/wp-json\/wp\/v2\/media\/11028"}],"wp:attachment":[{"href":"https:\/\/distribution.audio-technica.eu\/es-es\/wp-json\/wp\/v2\/media?parent=13980"}],"wp:term":[{"taxonomy":"product_brand","embeddable":true,"href":"https:\/\/distribution.audio-technica.eu\/es-es\/wp-json\/wp\/v2\/product_brand?post=13980"},{"taxonomy":"product_cat","embeddable":true,"href":"https:\/\/distribution.audio-technica.eu\/es-es\/wp-json\/wp\/v2\/product_cat?post=13980"},{"taxonomy":"product_tag","embeddable":true,"href":"https:\/\/distribution.audio-technica.eu\/es-es\/wp-json\/wp\/v2\/product_tag?post=13980"}],"curies":[{"name":"wp","href":"https:\/\/api.w.org\/{rel}","templated":true}]}}