{"id":13981,"date":"2018-07-12T14:30:22","date_gmt":"2018-07-12T12:30:22","guid":{"rendered":"https:\/\/atdb-production.studiograft.dev\/es\/product\/import-placeholder-for-1057\/"},"modified":"2023-07-13T13:33:09","modified_gmt":"2023-07-13T11:33:09","slug":"4010a","status":"publish","type":"product","link":"https:\/\/distribution.audio-technica.eu\/es-es\/productos\/4010a\/","title":{"rendered":"4010A"},"content":{"rendered":"<h2>4010A<\/h2>\n<h3>Recinto 2 v\u00edas biamplificado, 3&#8243;, para instalaci\u00f3n<\/h3>\n<p>El 4010 es un recinto de 2 v\u00edas biamplificado, dise\u00f1ado especialmente para su utilizaci\u00f3n en todo tipo de instalaciones AV. Ofrece una potencia y precisi\u00f3n sorprendentes, con un patr\u00f3n de directividad perfectamente controlado que minimiza las reflexiones del sonido en las superficies cercanas, convirti\u00e9ndolo en la opci\u00f3n perfecta para instalaciones donde las condiciones ac\u00fasticas del recinto representan un reto.<br \/>\nSe trata de un recinto ac\u00fastico extremadamente fiable, tanto mec\u00e1nica como s\u00f3nicamente que asegura instalaciones de alta calidad, que se ven altamente facilitadas por la presencia de su conector de 3 puntas tipo phoenix.<br \/>\nTodos los altavoces Genelec ofrecen el mismo sonido neutral, lo que permite combinar la compacta unidad 4010 con cualquier de los productos de la serie 4000 y seguir manteniendo la misma imagen sonora.<br \/>\nTambi\u00e9n dispone de la circuiter\u00eda Intelligent Signal Sensing, exclusiva de Genelec, que activa o desactiva el altavoz, dependiendo de la presencia o ausencia de se\u00f1al en su entrada.<br \/>\nLos nuevos amplificadores clase D no solo a\u00f1aden gran potencia a este compacto dise\u00f1o, sino que tambi\u00e9n son muy eficientes desde el punto de vista energ\u00e9tico.<\/p>\n<ul>\n<li>Excepcional calidad de sonido en un formato extremadamente compacto, gracias al uso de eficientes amplificadores clase D y transductores exclusivos de Genelec.<\/li>\n<li>La directividad controlada permite su instalaci\u00f3n en recintos de ac\u00fastica complicada.<\/li>\n<li>Facilidad de conexi\u00f3n con entrada de l\u00ednea balanceada a trav\u00e9s de conector Phoenix de 3 puntas.<\/li>\n<li>Alta fiabilidad, tanto mec\u00e1nica como s\u00f3nicamente<\/li>\n<li>Circuiter\u00eda Intelligent Signal Sensing (ISS)<\/li>\n<li>Construido con aluminio reciclado<\/li>\n<li>Disponible en negro y blanco<\/li>\n<li>Transductores: 1&#215;3&#8243;, 1x\u00be\u00bb<\/li>\n<li>Potencia amp.: Graves 25W Agudos 25W<\/li>\n<li>Conexiones: Conector 3 pins tipo Phoenix<\/li>\n<\/ul>\n","protected":false},"excerpt":{"rendered":"<h3>Recinto 2 v\u00edas biamplificado, 3&#8243;, para instalaci\u00f3n<\/h3>\n<ul class=\"summary\">\n<li>Circuiter\u00eda Intelligent Signal Sensing (ISS)<\/li>\n<li>Directividad controlada<\/li>\n<li>Excepcional calidad de sonido en un formato compacto<\/li>\n<li>Transductores: 1&#215;3&#8243; y 1x\u00be\u00bb<\/li>\n<li>Potencia amp.: Graves 25W Agudos 25W<\/li>\n<li>Disponible en negro y blanco<\/li>\n<\/ul>\n","protected":false},"featured_media":11029,"template":"","meta":{"_acf_changed":false},"product_brand":[],"product_cat":[1397,1395,1398],"product_tag":[],"class_list":{"0":"post-13981","1":"product","2":"type-product","3":"status-publish","4":"has-post-thumbnail","6":"product_cat-recintos-autoamplificados-para-instalacion","7":"product_cat-por-series-genelec","8":"product_cat-serie-4000","9":"product_series-serie-4000","11":"first","12":"instock","13":"shipping-taxable","14":"product-type-simple"},"acf":[],"yoast_head":"<!-- This site is optimized with the Yoast SEO plugin v27.1.1 - https:\/\/yoast.com\/product\/yoast-seo-wordpress\/ -->\n<title>4010A - Audio-Technica Iberia<\/title>\n<meta name=\"robots\" content=\"index, follow, max-snippet:-1, max-image-preview:large, max-video-preview:-1\" \/>\n<link rel=\"canonical\" href=\"https:\/\/distribution.audio-technica.eu\/es-es\/productos\/4010a\/\" \/>\n<meta property=\"og:locale\" content=\"es_ES\" \/>\n<meta property=\"og:type\" content=\"article\" \/>\n<meta property=\"og:title\" content=\"4010A - Audio-Technica Iberia\" \/>\n<meta property=\"og:description\" content=\"Recinto 2 v\u00edas biamplificado, 3&quot;, para instalaci\u00f3n  Circuiter\u00eda Intelligent Signal Sensing (ISS)  Directividad controlada  Excepcional calidad de sonido en un formato compacto  Transductores: 1x3&quot; y 1x\u00be&quot;  Potencia amp.: Graves 25W Agudos 25W  Disponible en negro y blanco\" \/>\n<meta property=\"og:url\" content=\"https:\/\/distribution.audio-technica.eu\/es-es\/productos\/4010a\/\" \/>\n<meta property=\"og:site_name\" content=\"Audio-Technica Iberia\" \/>\n<meta property=\"article:modified_time\" content=\"2023-07-13T11:33:09+00:00\" \/>\n<meta property=\"og:image\" content=\"https:\/\/distribution.audio-technica.eu\/app\/uploads\/sites\/2\/Genelec-4010A-W-1.jpg\" \/>\n\t<meta property=\"og:image:width\" content=\"1000\" \/>\n\t<meta property=\"og:image:height\" content=\"1000\" \/>\n\t<meta property=\"og:image:type\" content=\"image\/jpeg\" \/>\n<meta name=\"twitter:card\" content=\"summary_large_image\" \/>\n<meta name=\"twitter:label1\" content=\"Tiempo de lectura\" \/>\n\t<meta name=\"twitter:data1\" content=\"1 minuto\" \/>\n<script type=\"application\/ld+json\" class=\"yoast-schema-graph\">{\"@context\":\"https:\/\/schema.org\",\"@graph\":[{\"@type\":\"WebPage\",\"@id\":\"https:\/\/distribution.audio-technica.eu\/es-es\/productos\/4010a\/\",\"url\":\"https:\/\/distribution.audio-technica.eu\/es-es\/productos\/4010a\/\",\"name\":\"4010A - Audio-Technica Iberia\",\"isPartOf\":{\"@id\":\"https:\/\/distribution.audio-technica.eu\/es-es\/#website\"},\"primaryImageOfPage\":{\"@id\":\"https:\/\/distribution.audio-technica.eu\/es-es\/productos\/4010a\/#primaryimage\"},\"image\":{\"@id\":\"https:\/\/distribution.audio-technica.eu\/es-es\/productos\/4010a\/#primaryimage\"},\"thumbnailUrl\":\"\/app\/uploads\/sites\/2\/Genelec-4010A-W-1.jpg\",\"datePublished\":\"2018-07-12T12:30:22+00:00\",\"dateModified\":\"2023-07-13T11:33:09+00:00\",\"breadcrumb\":{\"@id\":\"https:\/\/distribution.audio-technica.eu\/es-es\/productos\/4010a\/#breadcrumb\"},\"inLanguage\":\"es\",\"potentialAction\":[{\"@type\":\"ReadAction\",\"target\":[\"https:\/\/distribution.audio-technica.eu\/es-es\/productos\/4010a\/\"]}]},{\"@type\":\"ImageObject\",\"inLanguage\":\"es\",\"@id\":\"https:\/\/distribution.audio-technica.eu\/es-es\/productos\/4010a\/#primaryimage\",\"url\":\"\/app\/uploads\/sites\/2\/Genelec-4010A-W-1.jpg\",\"contentUrl\":\"\/app\/uploads\/sites\/2\/Genelec-4010A-W-1.jpg\",\"width\":1000,\"height\":1000},{\"@type\":\"BreadcrumbList\",\"@id\":\"https:\/\/distribution.audio-technica.eu\/es-es\/productos\/4010a\/#breadcrumb\",\"itemListElement\":[{\"@type\":\"ListItem\",\"position\":1,\"name\":\"Products\",\"item\":\"https:\/\/distribution.audio-technica.eu\/es-es\/\"},{\"@type\":\"ListItem\",\"position\":2,\"name\":\"Productos\",\"item\":\"https:\/\/distribution.audio-technica.eu\/es-es\/productos\/\"},{\"@type\":\"ListItem\",\"position\":3,\"name\":\"4010A\"}]},{\"@type\":\"WebSite\",\"@id\":\"https:\/\/distribution.audio-technica.eu\/es-es\/#website\",\"url\":\"https:\/\/distribution.audio-technica.eu\/es-es\/\",\"name\":\"Audio-Technica Iberia\",\"description\":\"Distribuci\u00f3n\",\"potentialAction\":[{\"@type\":\"SearchAction\",\"target\":{\"@type\":\"EntryPoint\",\"urlTemplate\":\"https:\/\/distribution.audio-technica.eu\/es-es\/?s={search_term_string}\"},\"query-input\":{\"@type\":\"PropertyValueSpecification\",\"valueRequired\":true,\"valueName\":\"search_term_string\"}}],\"inLanguage\":\"es\"}]}<\/script>\n<!-- \/ Yoast SEO plugin. -->","yoast_head_json":{"title":"4010A - Audio-Technica Iberia","robots":{"index":"index","follow":"follow","max-snippet":"max-snippet:-1","max-image-preview":"max-image-preview:large","max-video-preview":"max-video-preview:-1"},"canonical":"https:\/\/distribution.audio-technica.eu\/es-es\/productos\/4010a\/","og_locale":"es_ES","og_type":"article","og_title":"4010A - Audio-Technica Iberia","og_description":"Recinto 2 v\u00edas biamplificado, 3\", para instalaci\u00f3n  Circuiter\u00eda Intelligent Signal Sensing (ISS)  Directividad controlada  Excepcional calidad de sonido en un formato compacto  Transductores: 1x3\" y 1x\u00be\"  Potencia amp.: Graves 25W Agudos 25W  Disponible en negro y blanco","og_url":"https:\/\/distribution.audio-technica.eu\/es-es\/productos\/4010a\/","og_site_name":"Audio-Technica Iberia","article_modified_time":"2023-07-13T11:33:09+00:00","og_image":[{"width":1000,"height":1000,"url":"https:\/\/distribution.audio-technica.eu\/app\/uploads\/sites\/2\/Genelec-4010A-W-1.jpg","type":"image\/jpeg"}],"twitter_card":"summary_large_image","twitter_misc":{"Tiempo de lectura":"1 minuto"},"schema":{"@context":"https:\/\/schema.org","@graph":[{"@type":"WebPage","@id":"https:\/\/distribution.audio-technica.eu\/es-es\/productos\/4010a\/","url":"https:\/\/distribution.audio-technica.eu\/es-es\/productos\/4010a\/","name":"4010A - Audio-Technica Iberia","isPartOf":{"@id":"https:\/\/distribution.audio-technica.eu\/es-es\/#website"},"primaryImageOfPage":{"@id":"https:\/\/distribution.audio-technica.eu\/es-es\/productos\/4010a\/#primaryimage"},"image":{"@id":"https:\/\/distribution.audio-technica.eu\/es-es\/productos\/4010a\/#primaryimage"},"thumbnailUrl":"\/app\/uploads\/sites\/2\/Genelec-4010A-W-1.jpg","datePublished":"2018-07-12T12:30:22+00:00","dateModified":"2023-07-13T11:33:09+00:00","breadcrumb":{"@id":"https:\/\/distribution.audio-technica.eu\/es-es\/productos\/4010a\/#breadcrumb"},"inLanguage":"es","potentialAction":[{"@type":"ReadAction","target":["https:\/\/distribution.audio-technica.eu\/es-es\/productos\/4010a\/"]}]},{"@type":"ImageObject","inLanguage":"es","@id":"https:\/\/distribution.audio-technica.eu\/es-es\/productos\/4010a\/#primaryimage","url":"\/app\/uploads\/sites\/2\/Genelec-4010A-W-1.jpg","contentUrl":"\/app\/uploads\/sites\/2\/Genelec-4010A-W-1.jpg","width":1000,"height":1000},{"@type":"BreadcrumbList","@id":"https:\/\/distribution.audio-technica.eu\/es-es\/productos\/4010a\/#breadcrumb","itemListElement":[{"@type":"ListItem","position":1,"name":"Products","item":"https:\/\/distribution.audio-technica.eu\/es-es\/"},{"@type":"ListItem","position":2,"name":"Productos","item":"https:\/\/distribution.audio-technica.eu\/es-es\/productos\/"},{"@type":"ListItem","position":3,"name":"4010A"}]},{"@type":"WebSite","@id":"https:\/\/distribution.audio-technica.eu\/es-es\/#website","url":"https:\/\/distribution.audio-technica.eu\/es-es\/","name":"Audio-Technica Iberia","description":"Distribuci\u00f3n","potentialAction":[{"@type":"SearchAction","target":{"@type":"EntryPoint","urlTemplate":"https:\/\/distribution.audio-technica.eu\/es-es\/?s={search_term_string}"},"query-input":{"@type":"PropertyValueSpecification","valueRequired":true,"valueName":"search_term_string"}}],"inLanguage":"es"}]}},"_links":{"self":[{"href":"https:\/\/distribution.audio-technica.eu\/es-es\/wp-json\/wp\/v2\/product\/13981","targetHints":{"allow":["GET"]}}],"collection":[{"href":"https:\/\/distribution.audio-technica.eu\/es-es\/wp-json\/wp\/v2\/product"}],"about":[{"href":"https:\/\/distribution.audio-technica.eu\/es-es\/wp-json\/wp\/v2\/types\/product"}],"wp:featuredmedia":[{"embeddable":true,"href":"https:\/\/distribution.audio-technica.eu\/es-es\/wp-json\/wp\/v2\/media\/11029"}],"wp:attachment":[{"href":"https:\/\/distribution.audio-technica.eu\/es-es\/wp-json\/wp\/v2\/media?parent=13981"}],"wp:term":[{"taxonomy":"product_brand","embeddable":true,"href":"https:\/\/distribution.audio-technica.eu\/es-es\/wp-json\/wp\/v2\/product_brand?post=13981"},{"taxonomy":"product_cat","embeddable":true,"href":"https:\/\/distribution.audio-technica.eu\/es-es\/wp-json\/wp\/v2\/product_cat?post=13981"},{"taxonomy":"product_tag","embeddable":true,"href":"https:\/\/distribution.audio-technica.eu\/es-es\/wp-json\/wp\/v2\/product_tag?post=13981"}],"curies":[{"name":"wp","href":"https:\/\/api.w.org\/{rel}","templated":true}]}}